{"id":1041,"date":"2022-02-01T13:12:20","date_gmt":"2022-02-01T04:12:20","guid":{"rendered":"urn:uuid:aa93f34d-7365-44b6-9c0a-d821bcc2df06"},"modified":"2025-02-14T03:40:11","modified_gmt":"2025-02-14T08:40:11","slug":"applications","status":"publish","type":"page","link":"https:\/\/kawasakirobotics.com\/br\/applications\/","title":{"rendered":"Aplica\u00e7\u00f5es"},"content":{"rendered":"\n<p>A diversificada linha de produtos da Kawasaki oferece robots para qualquer aplica\u00e7\u00e3o, e os nossos clientes p\u00f5em esta afirma\u00e7\u00e3o \u00e0 prova. Os nossos robots suportam aplica\u00e7\u00f5es que variam em complexidade em todo o mundo, desde simples aplica\u00e7\u00f5es de paletiza\u00e7\u00e3o de caixas a sistemas multi-robot para pe\u00e7as aeroespaciais especializadas. Saiba como a automa\u00e7\u00e3o aumenta a produtividade, melhora a qualidade das pe\u00e7as e proporciona um ambiente de trabalho mais seguro para as aplica\u00e7\u00f5es abaixo.<\/p>\n\n\n\n<div aria-hidden=\"true\" class=\"wp-block-fsb-flexible-spacer fsb-flexible-spacer\"><div class=\"fsb-flexible-spacer__device fsb-flexible-spacer__device--lg\" style=\"height:60px\"><\/div><div class=\"fsb-flexible-spacer__device fsb-flexible-spacer__device--md\" style=\"height:40px\"><\/div><div class=\"fsb-flexible-spacer__device fsb-flexible-spacer__device--sm\" style=\"height:18px\"><\/div><\/div>\n\n\n\n<div class=\"wp-block-group krobot-pattern-section-heading is-layout-flow wp-block-group-is-layout-flow\">\n<h2 class=\"has-text-align-center krobot-pattern-section-heading__title wp-block-heading\">Como \u00e9 que os rob\u00f4s beneficiam a sua aplica\u00e7\u00e3o? <\/h2>\n<\/div>\n\n\n\n<div class=\"wp-block-group alignwide is-layout-flow wp-block-group-is-layout-flow\"><div class=\"wp-block-columns krobot-pattern-3cols krobot-pattern-plaincards alignwide is-mobile-column\">\n\t\t\t<div class=\"wp-block-column krobot-pattern-3cols__item\">\n\t\t\t\t\t\t\t<figure class=\"wp-block-image krobot-pattern-plaincards__figure\">\n\t\t\t\t\t<img decoding=\"async\" loading=\"eager\" src=\"https:\/\/kawasakirobotics.com\/tachyon\/2022\/02\/applications_material-removal.jpg.png?w=900\" alt=\"Remo\u00e7\u00e3o de material\" data-recalc-dims=\"1\">\n\t\t\t\t<\/figure>\n\t\t\t\t\t\t<h3 class=\"krobot-pattern-plaincards__title has-text-align-center\">Remo\u00e7\u00e3o de material<\/h3>\n\t\t\t\t\t\t<div class=\"wp-block-buttons is-content-justification-center is-layout-flex krobot-pattern-plaincards__more\">\n\t\t\t\t<div class=\"wp-block-button is-style-outline\">\n\t\t\t\t\t<a class=\"wp-block-button__link\" href=\"https:\/\/kawasakirobotics.com\/br\/applications\/remocao-de-material\/\">\n\t\t\t\t\t\tMAIS\t\t\t\t\t<\/a>\n\t\t\t\t<\/div>\n\t\t\t<\/div>\n\t\t<\/div>\n\t\t\t\t<div class=\"wp-block-column krobot-pattern-3cols__item\">\n\t\t\t\t\t\t\t<figure class=\"wp-block-image krobot-pattern-plaincards__figure\">\n\t\t\t\t\t<img decoding=\"async\" loading=\"eager\" src=\"https:\/\/kawasakirobotics.com\/tachyon\/2022\/02\/applications_assembly.jpg.png?w=900\" alt=\"Montagem\" data-recalc-dims=\"1\">\n\t\t\t\t<\/figure>\n\t\t\t\t\t\t<h3 class=\"krobot-pattern-plaincards__title has-text-align-center\">Montagem<\/h3>\n\t\t\t\t\t\t<div class=\"wp-block-buttons is-content-justification-center is-layout-flex krobot-pattern-plaincards__more\">\n\t\t\t\t<div class=\"wp-block-button is-style-outline\">\n\t\t\t\t\t<a class=\"wp-block-button__link\" href=\"https:\/\/kawasakirobotics.com\/br\/applications\/assembly\/\">\n\t\t\t\t\t\tMAIS\t\t\t\t\t<\/a>\n\t\t\t\t<\/div>\n\t\t\t<\/div>\n\t\t<\/div>\n\t\t\t\t<div class=\"wp-block-column krobot-pattern-3cols__item\">\n\t\t\t\t\t\t\t<figure class=\"wp-block-image krobot-pattern-plaincards__figure\">\n\t\t\t\t\t<img decoding=\"async\" loading=\"eager\" src=\"https:\/\/kawasakirobotics.com\/tachyon\/2022\/02\/applications_material-handling.jpg.png?w=900\" alt=\"Manuseamento de materiais\" data-recalc-dims=\"1\">\n\t\t\t\t<\/figure>\n\t\t\t\t\t\t<h3 class=\"krobot-pattern-plaincards__title has-text-align-center\">Manuseamento de materiais<\/h3>\n\t\t\t\t\t\t<div class=\"wp-block-buttons is-content-justification-center is-layout-flex krobot-pattern-plaincards__more\">\n\t\t\t\t<div class=\"wp-block-button is-style-outline\">\n\t\t\t\t\t<a class=\"wp-block-button__link\" href=\"https:\/\/kawasakirobotics.com\/br\/applications\/material-handling\/\">\n\t\t\t\t\t\tMAIS\t\t\t\t\t<\/a>\n\t\t\t\t<\/div>\n\t\t\t<\/div>\n\t\t<\/div>\n\t\t\t\t<div class=\"wp-block-column krobot-pattern-3cols__item\">\n\t\t\t\t\t\t\t<figure class=\"wp-block-image krobot-pattern-plaincards__figure\">\n\t\t\t\t\t<img decoding=\"async\" loading=\"eager\" src=\"https:\/\/kawasakirobotics.com\/tachyon\/2022\/02\/applications_machine-tending.jpg.png?w=900\" alt=\"Manuten\u00e7\u00e3o de m\u00e1quinas\" data-recalc-dims=\"1\">\n\t\t\t\t<\/figure>\n\t\t\t\t\t\t<h3 class=\"krobot-pattern-plaincards__title has-text-align-center\">Manuten\u00e7\u00e3o de m\u00e1quinas<\/h3>\n\t\t\t\t\t\t<div class=\"wp-block-buttons is-content-justification-center is-layout-flex krobot-pattern-plaincards__more\">\n\t\t\t\t<div class=\"wp-block-button is-style-outline\">\n\t\t\t\t\t<a class=\"wp-block-button__link\" href=\"https:\/\/kawasakirobotics.com\/br\/applications\/machine-tending\/\">\n\t\t\t\t\t\tMAIS\t\t\t\t\t<\/a>\n\t\t\t\t<\/div>\n\t\t\t<\/div>\n\t\t<\/div>\n\t\t\t\t<div class=\"wp-block-column krobot-pattern-3cols__item\">\n\t\t\t\t\t\t\t<figure class=\"wp-block-image krobot-pattern-plaincards__figure\">\n\t\t\t\t\t<img decoding=\"async\" loading=\"eager\" src=\"https:\/\/kawasakirobotics.com\/tachyon\/2022\/02\/applications_palletizing.jpg.png?w=900\" alt=\"Paletiza\u00e7\u00e3o\" data-recalc-dims=\"1\">\n\t\t\t\t<\/figure>\n\t\t\t\t\t\t<h3 class=\"krobot-pattern-plaincards__title has-text-align-center\">Paletiza\u00e7\u00e3o<\/h3>\n\t\t\t\t\t\t<div class=\"wp-block-buttons is-content-justification-center is-layout-flex krobot-pattern-plaincards__more\">\n\t\t\t\t<div class=\"wp-block-button is-style-outline\">\n\t\t\t\t\t<a class=\"wp-block-button__link\" href=\"https:\/\/kawasakirobotics.com\/br\/applications\/palletizing\/\">\n\t\t\t\t\t\tMAIS\t\t\t\t\t<\/a>\n\t\t\t\t<\/div>\n\t\t\t<\/div>\n\t\t<\/div>\n\t\t\t\t<div class=\"wp-block-column krobot-pattern-3cols__item\">\n\t\t\t\t\t\t\t<figure class=\"wp-block-image krobot-pattern-plaincards__figure\">\n\t\t\t\t\t<img decoding=\"async\" loading=\"eager\" src=\"https:\/\/kawasakirobotics.com\/tachyon\/2022\/02\/applications_pick-and-place.jpg.png?w=900\" alt=\"Escolher &amp; Colocar\" data-recalc-dims=\"1\">\n\t\t\t\t<\/figure>\n\t\t\t\t\t\t<h3 class=\"krobot-pattern-plaincards__title has-text-align-center\">Escolher &amp; Colocar<\/h3>\n\t\t\t\t\t\t<div class=\"wp-block-buttons is-content-justification-center is-layout-flex krobot-pattern-plaincards__more\">\n\t\t\t\t<div class=\"wp-block-button is-style-outline\">\n\t\t\t\t\t<a class=\"wp-block-button__link\" href=\"https:\/\/kawasakirobotics.com\/br\/applications\/pick-and-place\/\">\n\t\t\t\t\t\tMAIS\t\t\t\t\t<\/a>\n\t\t\t\t<\/div>\n\t\t\t<\/div>\n\t\t<\/div>\n\t\t\t\t<div class=\"wp-block-column krobot-pattern-3cols__item\">\n\t\t\t\t\t\t\t<figure class=\"wp-block-image krobot-pattern-plaincards__figure\">\n\t\t\t\t\t<img decoding=\"async\" loading=\"eager\" src=\"https:\/\/kawasakirobotics.com\/tachyon\/2022\/02\/applications_painting.jpg.png?w=900\" alt=\"Pintura\" data-recalc-dims=\"1\">\n\t\t\t\t<\/figure>\n\t\t\t\t\t\t<h3 class=\"krobot-pattern-plaincards__title has-text-align-center\">Pintura<\/h3>\n\t\t\t\t\t\t<div class=\"wp-block-buttons is-content-justification-center is-layout-flex krobot-pattern-plaincards__more\">\n\t\t\t\t<div class=\"wp-block-button is-style-outline\">\n\t\t\t\t\t<a class=\"wp-block-button__link\" href=\"https:\/\/kawasakirobotics.com\/br\/applications\/painting\/\">\n\t\t\t\t\t\tMAIS\t\t\t\t\t<\/a>\n\t\t\t\t<\/div>\n\t\t\t<\/div>\n\t\t<\/div>\n\t\t\t\t<div class=\"wp-block-column krobot-pattern-3cols__item\">\n\t\t\t\t\t\t\t<figure class=\"wp-block-image krobot-pattern-plaincards__figure\">\n\t\t\t\t\t<img decoding=\"async\" loading=\"eager\" src=\"https:\/\/kawasakirobotics.com\/tachyon\/2022\/02\/applications_sealing-and-dispensing.jpg.png?w=900\" alt=\"Selagem \/ Distribui\u00e7\u00e3o\" data-recalc-dims=\"1\">\n\t\t\t\t<\/figure>\n\t\t\t\t\t\t<h3 class=\"krobot-pattern-plaincards__title has-text-align-center\">Selagem \/ Distribui\u00e7\u00e3o<\/h3>\n\t\t\t\t\t\t<div class=\"wp-block-buttons is-content-justification-center is-layout-flex krobot-pattern-plaincards__more\">\n\t\t\t\t<div class=\"wp-block-button is-style-outline\">\n\t\t\t\t\t<a class=\"wp-block-button__link\" href=\"https:\/\/kawasakirobotics.com\/br\/applications\/sealing-and-dispensing\/\">\n\t\t\t\t\t\tMAIS\t\t\t\t\t<\/a>\n\t\t\t\t<\/div>\n\t\t\t<\/div>\n\t\t<\/div>\n\t\t\t\t<div class=\"wp-block-column krobot-pattern-3cols__item\">\n\t\t\t\t\t\t\t<figure class=\"wp-block-image krobot-pattern-plaincards__figure\">\n\t\t\t\t\t<img decoding=\"async\" loading=\"eager\" src=\"https:\/\/kawasakirobotics.com\/tachyon\/2022\/02\/applications_material-removal.jpg.png?w=900\" alt=\"Remo\u00e7\u00e3o de material\" data-recalc-dims=\"1\">\n\t\t\t\t<\/figure>\n\t\t\t\t\t\t<h3 class=\"krobot-pattern-plaincards__title has-text-align-center\">Remo\u00e7\u00e3o de material<\/h3>\n\t\t\t\t\t\t<div class=\"wp-block-buttons is-content-justification-center is-layout-flex krobot-pattern-plaincards__more\">\n\t\t\t\t<div class=\"wp-block-button is-style-outline\">\n\t\t\t\t\t<a class=\"wp-block-button__link\" href=\"https:\/\/kawasakirobotics.com\/br\/applications\/material-removal\/\">\n\t\t\t\t\t\tMAIS\t\t\t\t\t<\/a>\n\t\t\t\t<\/div>\n\t\t\t<\/div>\n\t\t<\/div>\n\t\t\t\t<div class=\"wp-block-column krobot-pattern-3cols__item\">\n\t\t\t\t\t\t\t<figure class=\"wp-block-image krobot-pattern-plaincards__figure\">\n\t\t\t\t\t<img decoding=\"async\" loading=\"eager\" src=\"https:\/\/kawasakirobotics.com\/tachyon\/2022\/02\/applications_arc-welding.jpg.png?w=900\" alt=\"Soldadura por arco\" data-recalc-dims=\"1\">\n\t\t\t\t<\/figure>\n\t\t\t\t\t\t<h3 class=\"krobot-pattern-plaincards__title has-text-align-center\">Soldadura por arco<\/h3>\n\t\t\t\t\t\t<div class=\"wp-block-buttons is-content-justification-center is-layout-flex krobot-pattern-plaincards__more\">\n\t\t\t\t<div class=\"wp-block-button is-style-outline\">\n\t\t\t\t\t<a class=\"wp-block-button__link\" href=\"https:\/\/kawasakirobotics.com\/br\/applications\/arc-welding\/\">\n\t\t\t\t\t\tMAIS\t\t\t\t\t<\/a>\n\t\t\t\t<\/div>\n\t\t\t<\/div>\n\t\t<\/div>\n\t\t\t\t<div class=\"wp-block-column krobot-pattern-3cols__item\">\n\t\t\t\t\t\t\t<figure class=\"wp-block-image krobot-pattern-plaincards__figure\">\n\t\t\t\t\t<img decoding=\"async\" loading=\"eager\" src=\"https:\/\/kawasakirobotics.com\/tachyon\/2022\/02\/applications_friction-spot-joining.jpg.png?w=900\" alt=\"Soldadura por pontos\" data-recalc-dims=\"1\">\n\t\t\t\t<\/figure>\n\t\t\t\t\t\t<h3 class=\"krobot-pattern-plaincards__title has-text-align-center\">Soldadura por pontos<\/h3>\n\t\t\t\t\t\t<div class=\"wp-block-buttons is-content-justification-center is-layout-flex krobot-pattern-plaincards__more\">\n\t\t\t\t<div class=\"wp-block-button is-style-outline\">\n\t\t\t\t\t<a class=\"wp-block-button__link\" href=\"https:\/\/kawasakirobotics.com\/br\/applications\/friction-spot-joining\/\">\n\t\t\t\t\t\tMAIS\t\t\t\t\t<\/a>\n\t\t\t\t<\/div>\n\t\t\t<\/div>\n\t\t<\/div>\n\t\t\t\t<div class=\"wp-block-column krobot-pattern-3cols__item\">\n\t\t\t\t\t\t\t<figure class=\"wp-block-image krobot-pattern-plaincards__figure\">\n\t\t\t\t\t<img decoding=\"async\" loading=\"eager\" src=\"https:\/\/kawasakirobotics.com\/tachyon\/2022\/02\/applications_silicon-wafer-handling.jpg.png?w=900\" alt=\"Manuseamento de pastilhas de sil\u00edcio\" data-recalc-dims=\"1\">\n\t\t\t\t<\/figure>\n\t\t\t\t\t\t<h3 class=\"krobot-pattern-plaincards__title has-text-align-center\">Manuseamento de pastilhas de sil\u00edcio<\/h3>\n\t\t\t\t\t\t<div class=\"wp-block-buttons is-content-justification-center is-layout-flex krobot-pattern-plaincards__more\">\n\t\t\t\t<div class=\"wp-block-button is-style-outline\">\n\t\t\t\t\t<a class=\"wp-block-button__link\" href=\"https:\/\/kawasakirobotics.com\/br\/applications\/silicon-wafer-handling\/\">\n\t\t\t\t\t\tMAIS\t\t\t\t\t<\/a>\n\t\t\t\t<\/div>\n\t\t\t<\/div>\n\t\t<\/div>\n\t\t<\/div>\n<\/div>\n","protected":false},"excerpt":{"rendered":"<p>A diversificada linha de produtos da Kawasaki&amp;#8217 oferece robots para qualquer aplica\u00e7\u00e3o, e os nossos clientes p\u00f5em essa afirma\u00e7\u00e3o \u00e0 prova. Os nossos robots suportam aplica\u00e7\u00f5es que variam em complexidade em todo o mundo, desde simples aplica\u00e7\u00f5es de paletiza\u00e7\u00e3o de caixas a sistemas multi-robot para pe\u00e7as aeroespaciais especializadas. Saiba como a automa\u00e7\u00e3o aumenta a produtividade, melhora a qualidade das pe\u00e7as e proporciona um ambiente de trabalho mais seguro para as aplica\u00e7\u00f5es abaixo. Como \u00e9 que os rob\u00f4s beneficiam a sua aplica\u00e7\u00e3o?<\/p>\n","protected":false},"author":14,"featured_media":8482,"parent":0,"menu_order":15,"comment_status":"closed","ping_status":"closed","template":"page-templates\/custom-title-with-background.php","meta":{"ep_exclude_from_search":false,"footnotes":""},"class_list":["post-1041","page","type-page","status-publish","has-post-thumbnail","hentry"],"yoast_head":"<!-- This site is optimized with the Yoast SEO plugin v25.9 - https:\/\/yoast.com\/wordpress\/plugins\/seo\/ -->\n<title>Aplica\u00e7\u00f5es | Industrial Robots by Kawasaki Robotics<\/title>\n<meta name=\"description\" content=\"Explore os robots vers\u00e1teis da Kawasaki para diversas aplica\u00e7\u00f5es globais, desde a paletiza\u00e7\u00e3o \u00e0 ind\u00fastria aeroespacial, melhorando a produtividade e a seguran\u00e7a.\" \/>\n<meta name=\"robots\" content=\"index, follow, max-snippet:-1, max-image-preview:large, max-video-preview:-1\" \/>\n<link rel=\"canonical\" href=\"https:\/\/kawasakirobotics.com\/br\/applications\/\" \/>\n<meta property=\"og:locale\" content=\"pt_BR\" \/>\n<meta property=\"og:type\" content=\"article\" \/>\n<meta property=\"og:title\" content=\"Aplica\u00e7\u00f5es | Industrial Robots by Kawasaki Robotics\" \/>\n<meta property=\"og:description\" content=\"Explore os robots vers\u00e1teis da Kawasaki para diversas aplica\u00e7\u00f5es globais, desde a paletiza\u00e7\u00e3o \u00e0 ind\u00fastria aeroespacial, melhorando a produtividade e a seguran\u00e7a.\" \/>\n<meta property=\"og:url\" content=\"https:\/\/kawasakirobotics.com\/br\/applications\/\" \/>\n<meta property=\"og:site_name\" content=\"Kawasaki Robotics\" \/>\n<meta property=\"article:publisher\" content=\"https:\/\/www.facebook.com\/Kawasaki-Robotics-264043869602\" \/>\n<meta property=\"article:modified_time\" content=\"2025-02-14T08:40:11+00:00\" \/>\n<meta property=\"og:image\" content=\"https:\/\/kawasakirobotics.com\/content\/themes\/krobot-theme\/src\/images\/default\/ogp.jpg\" \/>\n\t<meta property=\"og:image:width\" content=\"1200\" \/>\n\t<meta property=\"og:image:height\" content=\"630\" \/>\n\t<meta property=\"og:image:type\" content=\"image\/jpeg\" \/>\n<meta name=\"twitter:card\" content=\"summary_large_image\" \/>\n<meta name=\"twitter:site\" content=\"@kawasakirobot\" \/>\n<script type=\"application\/ld+json\" class=\"yoast-schema-graph\">{\"@context\":\"https:\/\/schema.org\",\"@graph\":[{\"@type\":\"WebPage\",\"@id\":\"https:\/\/kawasakirobotics.com\/br\/applications\/\",\"url\":\"https:\/\/kawasakirobotics.com\/br\/applications\/\",\"name\":\"Aplica\u00e7\u00f5es | Industrial Robots by Kawasaki Robotics\",\"isPartOf\":{\"@id\":\"https:\/\/kawasakirobotics.com\/br\/#website\"},\"primaryImageOfPage\":{\"@id\":\"https:\/\/kawasakirobotics.com\/br\/applications\/#primaryimage\"},\"image\":{\"@id\":\"https:\/\/kawasakirobotics.com\/br\/applications\/#primaryimage\"},\"thumbnailUrl\":\"https:\/\/kawasakirobotics.com\/tachyon\/sites\/39\/2025\/01\/title-background-b1830324.webp\",\"datePublished\":\"2022-02-01T04:12:20+00:00\",\"dateModified\":\"2025-02-14T08:40:11+00:00\",\"description\":\"Explore os robots vers\u00e1teis da Kawasaki para diversas aplica\u00e7\u00f5es globais, desde a paletiza\u00e7\u00e3o \u00e0 ind\u00fastria aeroespacial, melhorando a produtividade e a seguran\u00e7a.\",\"breadcrumb\":{\"@id\":\"https:\/\/kawasakirobotics.com\/br\/applications\/#breadcrumb\"},\"inLanguage\":\"pt-BR\",\"potentialAction\":[{\"@type\":\"ReadAction\",\"target\":[\"https:\/\/kawasakirobotics.com\/br\/applications\/\"]}]},{\"@type\":\"ImageObject\",\"inLanguage\":\"pt-BR\",\"@id\":\"https:\/\/kawasakirobotics.com\/br\/applications\/#primaryimage\",\"url\":\"https:\/\/kawasakirobotics.com\/tachyon\/sites\/39\/2025\/01\/title-background-b1830324.webp\",\"contentUrl\":\"https:\/\/kawasakirobotics.com\/tachyon\/sites\/39\/2025\/01\/title-background-b1830324.webp\",\"width\":2160,\"height\":360,\"caption\":\"Aplica\u00e7\u00f5es\"},{\"@type\":\"BreadcrumbList\",\"@id\":\"https:\/\/kawasakirobotics.com\/br\/applications\/#breadcrumb\",\"itemListElement\":[{\"@type\":\"ListItem\",\"position\":1,\"name\":\"In\u00edcio\",\"item\":\"https:\/\/kawasakirobotics.com\/br\/\"},{\"@type\":\"ListItem\",\"position\":2,\"name\":\"Aplica\u00e7\u00f5es\"}]},{\"@type\":\"WebSite\",\"@id\":\"https:\/\/kawasakirobotics.com\/br\/#website\",\"url\":\"https:\/\/kawasakirobotics.com\/br\/\",\"name\":\"Kawasaki Robotics\",\"description\":\"\",\"publisher\":{\"@id\":\"https:\/\/kawasakirobotics.com\/br\/#organization\"},\"potentialAction\":[{\"@type\":\"SearchAction\",\"target\":{\"@type\":\"EntryPoint\",\"urlTemplate\":\"https:\/\/kawasakirobotics.com\/br\/?s={search_term_string}\"},\"query-input\":{\"@type\":\"PropertyValueSpecification\",\"valueRequired\":true,\"valueName\":\"search_term_string\"}}],\"inLanguage\":\"pt-BR\"},{\"@type\":\"Organization\",\"@id\":\"https:\/\/kawasakirobotics.com\/br\/#organization\",\"name\":\"\u5ddd\u5d0e\u91cd\u5de5\u696d\u30ed\u30dc\u30c3\u30c8\u30c7\u30a3\u30d3\u30b8\u30e7\u30f3\",\"url\":\"https:\/\/kawasakirobotics.com\/br\/\",\"logo\":{\"@type\":\"ImageObject\",\"inLanguage\":\"pt-BR\",\"@id\":\"https:\/\/kawasakirobotics.com\/br\/#\/schema\/logo\/image\/\",\"url\":\"\",\"contentUrl\":\"\",\"caption\":\"\u5ddd\u5d0e\u91cd\u5de5\u696d\u30ed\u30dc\u30c3\u30c8\u30c7\u30a3\u30d3\u30b8\u30e7\u30f3\"},\"image\":{\"@id\":\"https:\/\/kawasakirobotics.com\/br\/#\/schema\/logo\/image\/\"},\"sameAs\":[\"https:\/\/www.facebook.com\/Kawasaki-Robotics-264043869602\",\"https:\/\/x.com\/kawasakirobot\",\"https:\/\/www.youtube.com\/user\/KawasakiRobots?sub_confirmation=1\",\"https:\/\/www.linkedin.com\/company\/kawasaki-robotics\"]}]}<\/script>\n<!-- \/ Yoast SEO plugin. -->","yoast_head_json":{"title":"Aplica\u00e7\u00f5es | Industrial Robots by Kawasaki Robotics","description":"Explore os robots vers\u00e1teis da Kawasaki para diversas aplica\u00e7\u00f5es globais, desde a paletiza\u00e7\u00e3o \u00e0 ind\u00fastria aeroespacial, melhorando a produtividade e a seguran\u00e7a.","robots":{"index":"index","follow":"follow","max-snippet":"max-snippet:-1","max-image-preview":"max-image-preview:large","max-video-preview":"max-video-preview:-1"},"canonical":"https:\/\/kawasakirobotics.com\/br\/applications\/","og_locale":"pt_BR","og_type":"article","og_title":"Aplica\u00e7\u00f5es | Industrial Robots by Kawasaki Robotics","og_description":"Explore os robots vers\u00e1teis da Kawasaki para diversas aplica\u00e7\u00f5es globais, desde a paletiza\u00e7\u00e3o \u00e0 ind\u00fastria aeroespacial, melhorando a produtividade e a seguran\u00e7a.","og_url":"https:\/\/kawasakirobotics.com\/br\/applications\/","og_site_name":"Kawasaki Robotics","article_publisher":"https:\/\/www.facebook.com\/Kawasaki-Robotics-264043869602","article_modified_time":"2025-02-14T08:40:11+00:00","og_image":[{"url":"https:\/\/kawasakirobotics.com\/content\/themes\/krobot-theme\/src\/images\/default\/ogp.jpg","width":"1200","height":"630","type":"image\/jpeg"}],"twitter_card":"summary_large_image","twitter_site":"@kawasakirobot","schema":{"@context":"https:\/\/schema.org","@graph":[{"@type":"WebPage","@id":"https:\/\/kawasakirobotics.com\/br\/applications\/","url":"https:\/\/kawasakirobotics.com\/br\/applications\/","name":"Aplica\u00e7\u00f5es | Industrial Robots by Kawasaki Robotics","isPartOf":{"@id":"https:\/\/kawasakirobotics.com\/br\/#website"},"primaryImageOfPage":{"@id":"https:\/\/kawasakirobotics.com\/br\/applications\/#primaryimage"},"image":{"@id":"https:\/\/kawasakirobotics.com\/br\/applications\/#primaryimage"},"thumbnailUrl":"https:\/\/kawasakirobotics.com\/tachyon\/sites\/39\/2025\/01\/title-background-b1830324.webp","datePublished":"2022-02-01T04:12:20+00:00","dateModified":"2025-02-14T08:40:11+00:00","description":"Explore os robots vers\u00e1teis da Kawasaki para diversas aplica\u00e7\u00f5es globais, desde a paletiza\u00e7\u00e3o \u00e0 ind\u00fastria aeroespacial, melhorando a produtividade e a seguran\u00e7a.","breadcrumb":{"@id":"https:\/\/kawasakirobotics.com\/br\/applications\/#breadcrumb"},"inLanguage":"pt-BR","potentialAction":[{"@type":"ReadAction","target":["https:\/\/kawasakirobotics.com\/br\/applications\/"]}]},{"@type":"ImageObject","inLanguage":"pt-BR","@id":"https:\/\/kawasakirobotics.com\/br\/applications\/#primaryimage","url":"https:\/\/kawasakirobotics.com\/tachyon\/sites\/39\/2025\/01\/title-background-b1830324.webp","contentUrl":"https:\/\/kawasakirobotics.com\/tachyon\/sites\/39\/2025\/01\/title-background-b1830324.webp","width":2160,"height":360,"caption":"Aplica\u00e7\u00f5es"},{"@type":"BreadcrumbList","@id":"https:\/\/kawasakirobotics.com\/br\/applications\/#breadcrumb","itemListElement":[{"@type":"ListItem","position":1,"name":"In\u00edcio","item":"https:\/\/kawasakirobotics.com\/br\/"},{"@type":"ListItem","position":2,"name":"Aplica\u00e7\u00f5es"}]},{"@type":"WebSite","@id":"https:\/\/kawasakirobotics.com\/br\/#website","url":"https:\/\/kawasakirobotics.com\/br\/","name":"Kawasaki Robotics","description":"","publisher":{"@id":"https:\/\/kawasakirobotics.com\/br\/#organization"},"potentialAction":[{"@type":"SearchAction","target":{"@type":"EntryPoint","urlTemplate":"https:\/\/kawasakirobotics.com\/br\/?s={search_term_string}"},"query-input":{"@type":"PropertyValueSpecification","valueRequired":true,"valueName":"search_term_string"}}],"inLanguage":"pt-BR"},{"@type":"Organization","@id":"https:\/\/kawasakirobotics.com\/br\/#organization","name":"\u5ddd\u5d0e\u91cd\u5de5\u696d\u30ed\u30dc\u30c3\u30c8\u30c7\u30a3\u30d3\u30b8\u30e7\u30f3","url":"https:\/\/kawasakirobotics.com\/br\/","logo":{"@type":"ImageObject","inLanguage":"pt-BR","@id":"https:\/\/kawasakirobotics.com\/br\/#\/schema\/logo\/image\/","url":"","contentUrl":"","caption":"\u5ddd\u5d0e\u91cd\u5de5\u696d\u30ed\u30dc\u30c3\u30c8\u30c7\u30a3\u30d3\u30b8\u30e7\u30f3"},"image":{"@id":"https:\/\/kawasakirobotics.com\/br\/#\/schema\/logo\/image\/"},"sameAs":["https:\/\/www.facebook.com\/Kawasaki-Robotics-264043869602","https:\/\/x.com\/kawasakirobot","https:\/\/www.youtube.com\/user\/KawasakiRobots?sub_confirmation=1","https:\/\/www.linkedin.com\/company\/kawasaki-robotics"]}]}},"_links":{"self":[{"href":"https:\/\/kawasakirobotics.com\/br\/wp-json\/wp\/v2\/pages\/1041","targetHints":{"allow":["GET"]}}],"collection":[{"href":"https:\/\/kawasakirobotics.com\/br\/wp-json\/wp\/v2\/pages"}],"about":[{"href":"https:\/\/kawasakirobotics.com\/br\/wp-json\/wp\/v2\/types\/page"}],"author":[{"embeddable":true,"href":"https:\/\/kawasakirobotics.com\/br\/wp-json\/wp\/v2\/users\/14"}],"replies":[{"embeddable":true,"href":"https:\/\/kawasakirobotics.com\/br\/wp-json\/wp\/v2\/comments?post=1041"}],"version-history":[{"count":5,"href":"https:\/\/kawasakirobotics.com\/br\/wp-json\/wp\/v2\/pages\/1041\/revisions"}],"predecessor-version":[{"id":9158,"href":"https:\/\/kawasakirobotics.com\/br\/wp-json\/wp\/v2\/pages\/1041\/revisions\/9158"}],"wp:featuredmedia":[{"embeddable":true,"href":"https:\/\/kawasakirobotics.com\/br\/wp-json\/wp\/v2\/media\/8482"}],"wp:attachment":[{"href":"https:\/\/kawasakirobotics.com\/br\/wp-json\/wp\/v2\/media?parent=1041"}],"curies":[{"name":"wp","href":"https:\/\/api.w.org\/{rel}","templated":true}]}}