{"id":24,"date":"2022-01-19T17:35:47","date_gmt":"2022-01-19T22:35:47","guid":{"rendered":"urn:uuid:3ce984ae-9a35-42a3-a76c-04107b6b322a"},"modified":"2025-02-14T03:27:03","modified_gmt":"2025-02-14T08:27:03","slug":"featured-video","status":"publish","type":"page","link":"https:\/\/kawasakirobotics.com\/br\/featured-video\/","title":{"rendered":"V\u00eddeo em destaque"},"content":{"rendered":"\n<div class=\"wp-block-columns is-layout-flex wp-container-core-columns-is-layout-28f84493 wp-block-columns-is-layout-flex\">\n<div class=\"wp-block-column is-layout-flow wp-block-column-is-layout-flow\" style=\"flex-basis:33.33%\"><figure class=\"wp-block-image krobot-video-list__figure\">\n\t<a class=\"js-modal-btn\" data-video-id=\"a5b3pq9C228\">\n\t\t<div class=\"krobot-video-list__thumbnail\">\n\t\t\t<img decoding=\"async\" src=\"https:\/\/img.youtube.com\/vi\/a5b3pq9C228\/hqdefault.jpg\" alt=\"\" \/>\n\t\t<\/div>\n\t<\/a>\n<\/figure>\n<\/div>\n\n\n\n<div class=\"wp-block-column is-layout-flow wp-block-column-is-layout-flow\" style=\"flex-basis:66.66%\">\n<p><strong>N\u00e3o somos robots<\/strong><\/p>\n\n\n\n<p>Fal\u00e1mos com a nossa equipa, integradores e clientes. Todos eles disseram a mesma coisa. Existem v\u00e1rias op\u00e7\u00f5es de rob\u00f3tica que valem a pena, mas s\u00f3 h\u00e1 uma empresa que o trata como um ser humano, que se preocupa com o seu neg\u00f3cio e que atende o telefone quando lhe telefona. N\u00e3o se enganem. A Kawasaki \u00e9 rob\u00f3tica. Mas, ao mesmo tempo, n\u00e3o somos robots.<\/p>\n<\/div>\n<\/div>\n\n\n\n<hr class=\"wp-block-separator is-style-wide\" \/>\n\n\n\n<div class=\"wp-block-columns wp-embed-aspect-16-9 wp-has-aspect-ratio is-layout-flex wp-container-core-columns-is-layout-28f84493 wp-block-columns-is-layout-flex\">\n<div class=\"wp-block-column is-layout-flow wp-block-column-is-layout-flow\" style=\"flex-basis:33.33%\"><figure class=\"wp-block-image krobot-video-list__figure\">\n\t<a class=\"js-modal-btn\" data-video-id=\"c_kTwiUsyp4\">\n\t\t<div class=\"krobot-video-list__thumbnail\">\n\t\t\t<img decoding=\"async\" src=\"https:\/\/img.youtube.com\/vi\/c_kTwiUsyp4\/hqdefault.jpg\" alt=\"\" \/>\n\t\t<\/div>\n\t<\/a>\n<\/figure>\n<\/div>\n\n\n\n<div class=\"wp-block-column is-layout-flow wp-block-column-is-layout-flow\" style=\"flex-basis:66.66%\">\n<p><strong>A Kawasaki conhece o fabrico<\/strong><\/p>\n\n\n\n<p>A Kawasaki Robotics assinalou 50 anos desde a sua funda\u00e7\u00e3o. Juntamente com os seus clientes, a Kawasaki tem vindo a desenvolver tecnologias e a ganhar experi\u00eancia ao longo do caminho. Aproveitando este conhecimento, a Kawasaki retribui \u00e0 sociedade e aspira a tornar-se um fabricante de rob\u00f4s totalmente integrado que ir\u00e1 projetar um novo e brilhante futuro, prometendo um mundo onde humanos e rob\u00f4s possam coexistir lado a lado.<\/p>\n<\/div>\n<\/div>\n\n\n\n<hr class=\"wp-block-separator wp-embed-aspect-16-9 wp-has-aspect-ratio is-style-wide\" \/>\n\n\n\n<div class=\"wp-block-columns wp-embed-aspect-16-9 wp-has-aspect-ratio is-layout-flex wp-container-core-columns-is-layout-28f84493 wp-block-columns-is-layout-flex\">\n<div class=\"wp-block-column is-layout-flow wp-block-column-is-layout-flow\" style=\"flex-basis:33.33%\"><figure class=\"wp-block-image krobot-video-list__figure\">\n\t<a class=\"js-modal-btn\" data-video-id=\"j3S-laEgPfc\">\n\t\t<div class=\"krobot-video-list__thumbnail\">\n\t\t\t<img decoding=\"async\" src=\"https:\/\/img.youtube.com\/vi\/j3S-laEgPfc\/hqdefault.jpg\" alt=\"\" \/>\n\t\t<\/div>\n\t<\/a>\n<\/figure>\n<\/div>\n\n\n\n<div class=\"wp-block-column is-layout-flow wp-block-column-is-layout-flow\" style=\"flex-basis:66.66%\">\n<p><strong>50 anos de hist\u00f3ria do neg\u00f3cio de rob\u00f3tica da Kawasaki Heavy Industries<\/strong><\/p>\n\n\n\n<p>A Kawasaki Robotics assinalou 50 anos desde a sua cria\u00e7\u00e3o. Juntamente com os seus clientes, a Kawasaki tem vindo a desenvolver tecnologias e a ganhar experi\u00eancia ao longo do caminho. Aproveitando este conhecimento, a Kawasaki ir\u00e1 retribuir \u00e0 sociedade e aspirar a tornar-se um fabricante de rob\u00f4s totalmente integrado que ir\u00e1 projetar um novo e brilhante futuro, prometendo um mundo onde humanos e rob\u00f4s possam coexistir lado a lado.<\/p>\n<\/div>\n<\/div>\n\n\n\n<hr class=\"wp-block-separator wp-embed-aspect-16-9 wp-has-aspect-ratio is-style-wide\" \/>\n\n\n\n<div class=\"wp-block-columns wp-embed-aspect-16-9 wp-has-aspect-ratio is-layout-flex wp-container-core-columns-is-layout-28f84493 wp-block-columns-is-layout-flex\">\n<div class=\"wp-block-column is-layout-flow wp-block-column-is-layout-flow\" style=\"flex-basis:33.33%\"><figure class=\"wp-block-image krobot-video-list__figure\">\n\t<a class=\"js-modal-btn\" data-video-id=\"U-_kVDkyg4Y\">\n\t\t<div class=\"krobot-video-list__thumbnail\">\n\t\t\t<img decoding=\"async\" src=\"https:\/\/img.youtube.com\/vi\/U-_kVDkyg4Y\/hqdefault.jpg\" alt=\"\" \/>\n\t\t<\/div>\n\t<\/a>\n<\/figure>\n<\/div>\n\n\n\n<div class=\"wp-block-column is-layout-flow wp-block-column-is-layout-flow\" style=\"flex-basis:66.66%\">\n<p><strong>Rob\u00f4 Kawasaki com uma tonelada de carga \u00fatil instalado na central el\u00e9ctrica da Siemens<\/strong><\/p>\n\n\n\n<p>O robot Kawasaki MG10HL, instalado na central el\u00e9ctrica Siemens Lausward em Dusseldorf, tem uma capacidade de carga \u00fatil de at\u00e9 1.000 kg e um alcance de 4 metros. O potente rob\u00f4 Kawasaki de carga \u00fatil extra grande foi instalado para efetuar a perigosa tarefa de manuten\u00e7\u00e3o de rotina de substitui\u00e7\u00e3o de queimadores e transi\u00e7\u00f5es em enormes turbinas a g\u00e1s. (V\u00eddeo fornecido pela Siemens)<\/p>\n<\/div>\n<\/div>\n\n\n\n<hr class=\"wp-block-separator wp-embed-aspect-16-9 wp-has-aspect-ratio is-style-wide\" \/>\n\n\n\n<div class=\"wp-block-columns wp-embed-aspect-16-9 wp-has-aspect-ratio is-layout-flex wp-container-core-columns-is-layout-28f84493 wp-block-columns-is-layout-flex\">\n<div class=\"wp-block-column is-layout-flow wp-block-column-is-layout-flow\" style=\"flex-basis:33.33%\"><figure class=\"wp-block-image krobot-video-list__figure\">\n\t<a class=\"js-modal-btn\" data-video-id=\"mOvKevdj3U0\">\n\t\t<div class=\"krobot-video-list__thumbnail\">\n\t\t\t<img decoding=\"async\" src=\"https:\/\/img.youtube.com\/vi\/mOvKevdj3U0\/hqdefault.jpg\" alt=\"\" \/>\n\t\t<\/div>\n\t<\/a>\n<\/figure>\n<\/div>\n\n\n\n<div class=\"wp-block-column is-layout-flow wp-block-column-is-layout-flow\" style=\"flex-basis:66.66%\">\n<p><strong>Exposi\u00e7\u00e3o da Kawasaki no iREX2017<\/strong><\/p>\n\n\n\n<p>A Kawasaki teve a sua maior exibi\u00e7\u00e3o na Exposi\u00e7\u00e3o Internacional de Rob\u00f4s 2017 (iREX2017), realizada em T\u00f3quio de 29 de novembro a 2 de dezembro. Veja este v\u00eddeo para ver os muitos novos produtos e tecnologias que apresent\u00e1mos. &#8220;De fabricante de rob\u00f4s industriais a fabricante de rob\u00f4s totalmente integrados&#8221; \u00e9 a nossa mensagem ao celebrarmos o nosso 50\u00ba anivers\u00e1rio na rob\u00f3tica este ano.<\/p>\n<\/div>\n<\/div>\n\n\n\n<hr class=\"wp-block-separator wp-embed-aspect-16-9 wp-has-aspect-ratio is-style-wide\" \/>\n\n\n\n<div class=\"wp-block-columns wp-embed-aspect-16-9 wp-has-aspect-ratio is-layout-flex wp-container-core-columns-is-layout-28f84493 wp-block-columns-is-layout-flex\">\n<div class=\"wp-block-column is-layout-flow wp-block-column-is-layout-flow\" style=\"flex-basis:33.33%\"><figure class=\"wp-block-image krobot-video-list__figure\">\n\t<a class=\"js-modal-btn\" data-video-id=\"WKw8McOFvTw\">\n\t\t<div class=\"krobot-video-list__thumbnail\">\n\t\t\t<img decoding=\"async\" src=\"https:\/\/img.youtube.com\/vi\/WKw8McOFvTw\/hqdefault.jpg\" alt=\"\" \/>\n\t\t<\/div>\n\t<\/a>\n<\/figure>\n<\/div>\n\n\n\n<div class=\"wp-block-column is-layout-flow wp-block-column-is-layout-flow\" style=\"flex-basis:66.66%\">\n<p><strong>Rob\u00f4s Kawasaki realizam espet\u00e1culo de laser na Catedral de Col\u00f3nia, Alemanha<\/strong><\/p>\n\n\n\n<p>Pela primeira vez, os rob\u00f4s actuam numa igreja! Num esfor\u00e7o para atrair os jovens a visitarem a hist\u00f3rica Catedral de Col\u00f3nia e reflectirem sobre a sua mensagem durante a maior feira de jogos de computador do mundo, a GAMESCON, realizada em Col\u00f3nia, Alemanha, em agosto de 2016, a igreja contactou a Ruhr-University Bochum para criar um grupo de trabalho para ajudar. O resultado foi a cria\u00e7\u00e3o de um evento \u00fanico, o espet\u00e1culo de luz e m\u00fasica SilentMOD, com tr\u00eas rob\u00f4s Kawasaki RS005L. A Kawasaki Robotics GmbH teve a honra de ter a oportunidade de apoiar um projeto t\u00e3o belo e criativo.<\/p>\n<\/div>\n<\/div>\n\n\n\n<hr class=\"wp-block-separator wp-embed-aspect-16-9 wp-has-aspect-ratio is-style-wide\" \/>\n\n\n\n<div class=\"wp-block-columns wp-embed-aspect-16-9 wp-has-aspect-ratio is-layout-flex wp-container-core-columns-is-layout-28f84493 wp-block-columns-is-layout-flex\">\n<div class=\"wp-block-column is-layout-flow wp-block-column-is-layout-flow\" style=\"flex-basis:33.33%\"><figure class=\"wp-block-image krobot-video-list__figure\">\n\t<a class=\"js-modal-btn\" data-video-id=\"wXhcEV4lHl8\">\n\t\t<div class=\"krobot-video-list__thumbnail\">\n\t\t\t<img decoding=\"async\" src=\"https:\/\/img.youtube.com\/vi\/wXhcEV4lHl8\/hqdefault.jpg\" alt=\"\" \/>\n\t\t<\/div>\n\t<\/a>\n<\/figure>\n<\/div>\n\n\n\n<div class=\"wp-block-column is-layout-flow wp-block-column-is-layout-flow\" style=\"flex-basis:66.66%\">\n<p><strong>Rob\u00f3tica Kawasaki<\/strong><br><strong>com NUMBERS No:Z<\/strong><\/p>\n\n\n\n<p>O que acontece quando a imagina\u00e7\u00e3o humana encontra a tecnologia Kawasaki? Uma coreografia perfeitamente concebida que capta a ess\u00eancia do movimento harmonizado entre humanos e robots, realizada pelo duo de dan\u00e7a de anima\u00e7\u00e3o de renome mundial NUMBERS No:Z e os robots Kawasaki.<\/p>\n\n\n\n<p><a href=\"https:\/\/global.kawasaki.com\/en\/stories\/robotics_challengeK\/?youtube&amp;_ga=2.32267638.913963457.1645687404-1173242345.1634688932\" target=\"_blank\" rel=\"noreferrer noopener\">Para mais informa\u00e7\u00f5es sobre o v\u00eddeo<\/a><\/p>\n<\/div>\n<\/div>\n\n\n\n<hr class=\"wp-block-separator wp-embed-aspect-16-9 wp-has-aspect-ratio is-style-wide\" \/>\n\n\n\n<div class=\"wp-block-columns wp-embed-aspect-16-9 wp-has-aspect-ratio is-layout-flex wp-container-core-columns-is-layout-28f84493 wp-block-columns-is-layout-flex\">\n<div class=\"wp-block-column is-layout-flow wp-block-column-is-layout-flow\" style=\"flex-basis:33.33%\"><figure class=\"wp-block-image krobot-video-list__figure\">\n\t<a class=\"js-modal-btn\" data-video-id=\"3s715RRwQsM\">\n\t\t<div class=\"krobot-video-list__thumbnail\">\n\t\t\t<img decoding=\"async\" src=\"https:\/\/img.youtube.com\/vi\/3s715RRwQsM\/hqdefault.jpg\" alt=\"\" \/>\n\t\t<\/div>\n\t<\/a>\n<\/figure>\n<\/div>\n\n\n\n<div class=\"wp-block-column is-layout-flow wp-block-column-is-layout-flow\" style=\"flex-basis:66.66%\">\n<p><strong>Kawasaki: Kawasaki Robotics, Akashi \/ Nishi-Kobe Works<\/strong><\/p>\n\n\n\n<p>Com mais de 139.000 rob\u00f4s instalados em todo o mundo, a Kawasaki Robotics \u00e9 um fornecedor l\u00edder de rob\u00f4s industriais e sistemas de automa\u00e7\u00e3o rob\u00f3tica com uma vasta carteira de produtos, capaz de servir uma vasta gama de aplica\u00e7\u00f5es em diversas ind\u00fastrias. Incorpor\u00e1mos mais de 45 anos de experi\u00eancia como l\u00edder da ind\u00fastria de rob\u00f4s no desenvolvimento dos controladores tecnicamente mais avan\u00e7ados e dos rob\u00f4s de maior qualidade. Apoiamos as necessidades dos nossos clientes desde a compra inicial, implementa\u00e7\u00e3o e forma\u00e7\u00e3o at\u00e9 \u00e0 assist\u00eancia t\u00e9cnica e manuten\u00e7\u00e3o. Com as nossas solu\u00e7\u00f5es de automa\u00e7\u00e3o rent\u00e1veis e fi\u00e1veis, esfor\u00e7amo-nos por maximizar a produtividade, a seguran\u00e7a, a flexibilidade e a qualidade dos produtos dos nossos clientes.<br>A Kawasaki Robotics \u00e9 o seu parceiro de automa\u00e7\u00e3o flex\u00edvel.<\/p>\n<\/div>\n<\/div>\n\n\n\n<hr class=\"wp-block-separator wp-embed-aspect-16-9 wp-has-aspect-ratio is-style-wide\" \/>\n\n\n\n<div class=\"wp-block-columns wp-embed-aspect-16-9 wp-has-aspect-ratio is-layout-flex wp-container-core-columns-is-layout-28f84493 wp-block-columns-is-layout-flex\">\n<div class=\"wp-block-column is-layout-flow wp-block-column-is-layout-flow\" style=\"flex-basis:33.33%\"><figure class=\"wp-block-image krobot-video-list__figure\">\n\t<a class=\"js-modal-btn\" data-video-id=\"c_kTwiUsyp4\">\n\t\t<div class=\"krobot-video-list__thumbnail\">\n\t\t\t<img decoding=\"async\" src=\"https:\/\/img.youtube.com\/vi\/c_kTwiUsyp4\/hqdefault.jpg\" alt=\"\" \/>\n\t\t<\/div>\n\t<\/a>\n<\/figure>\n<\/div>\n\n\n\n<div class=\"wp-block-column is-layout-flow wp-block-column-is-layout-flow\" style=\"flex-basis:66.66%\">\n<p><strong>Soldadura de estrutura Ninja H2R<\/strong><\/p>\n\n\n\n<p>Temos mais de 45 anos de experi\u00eancia no desenvolvimento de robots que melhoram a produtividade e a qualidade do fabrico, tanto para os nossos clientes como para n\u00f3s pr\u00f3prios &#8211; veja os robots Kawasaki a soldar o quadro da nova moto Kawasaki Ninja H2R.<\/p>\n<\/div>\n<\/div>\n\n\n\n<hr class=\"wp-block-separator wp-embed-aspect-16-9 wp-has-aspect-ratio is-style-wide\" \/>\n","protected":false},"excerpt":{"rendered":"<p>N\u00e3o somos rob\u00f4s Fal\u00e1mos com a nossa equipa, integradores e clientes. Todos eles disseram a mesma coisa. Existem v\u00e1rias op\u00e7\u00f5es de rob\u00f3tica que valem a pena, mas s\u00f3 h\u00e1 uma empresa que o trata como um ser humano, que se preocupa com o seu neg\u00f3cio e que atende o telefone quando lhe telefona. N\u00e3o se enganem. A Kawasaki \u00e9 rob\u00f3tica. Mas, ao mesmo tempo, n\u00e3o somos robots. A Kawasaki conhece o fabrico A Kawasaki Robotics assinalou 50 anos desde a sua funda\u00e7\u00e3o. Juntamente com os seus clientes, a Kawasaki tem vindo a desenvolver tecnologias e a ganhar experi\u00eancia ao longo do caminho. Aproveitando este conhecimento, a Kawasaki ir\u00e1 retribuir a [&hellip;]<\/p>\n","protected":false},"author":9,"featured_media":8456,"parent":0,"menu_order":6,"comment_status":"closed","ping_status":"closed","template":"page-templates\/custom-title-with-background.php","meta":{"ep_exclude_from_search":false,"footnotes":""},"class_list":["post-24","page","type-page","status-publish","has-post-thumbnail","hentry"],"yoast_head":"<!-- This site is optimized with the Yoast SEO plugin v25.9 - https:\/\/yoast.com\/wordpress\/plugins\/seo\/ -->\n<title>V\u00eddeo em destaque | Industrial Robots by Kawasaki Robotics<\/title>\n<meta name=\"description\" content=\"Explore os v\u00eddeos imperd\u00edveis que mostram os rob\u00f4s Kawasaki e as suas capacidades. Descubra como est\u00e3o a transformar as ind\u00fastrias.\" \/>\n<meta name=\"robots\" content=\"index, follow, max-snippet:-1, max-image-preview:large, max-video-preview:-1\" \/>\n<link rel=\"canonical\" href=\"https:\/\/kawasakirobotics.com\/br\/featured-video\/\" \/>\n<meta property=\"og:locale\" content=\"pt_BR\" \/>\n<meta property=\"og:type\" content=\"article\" \/>\n<meta property=\"og:title\" content=\"V\u00eddeo em destaque | Industrial Robots by Kawasaki Robotics\" \/>\n<meta property=\"og:description\" content=\"Explore os v\u00eddeos imperd\u00edveis que mostram os rob\u00f4s Kawasaki e as suas capacidades. Descubra como est\u00e3o a transformar as ind\u00fastrias.\" \/>\n<meta property=\"og:url\" content=\"https:\/\/kawasakirobotics.com\/br\/featured-video\/\" \/>\n<meta property=\"og:site_name\" content=\"Kawasaki Robotics\" \/>\n<meta property=\"article:publisher\" content=\"https:\/\/www.facebook.com\/Kawasaki-Robotics-264043869602\" \/>\n<meta property=\"article:modified_time\" content=\"2025-02-14T08:27:03+00:00\" \/>\n<meta property=\"og:image\" content=\"https:\/\/kawasakirobotics.com\/content\/themes\/krobot-theme\/src\/images\/default\/ogp.jpg\" \/>\n\t<meta property=\"og:image:width\" content=\"1200\" \/>\n\t<meta property=\"og:image:height\" content=\"630\" \/>\n\t<meta property=\"og:image:type\" content=\"image\/jpeg\" \/>\n<meta name=\"twitter:card\" content=\"summary_large_image\" \/>\n<meta name=\"twitter:site\" content=\"@kawasakirobot\" \/>\n<script type=\"application\/ld+json\" class=\"yoast-schema-graph\">{\"@context\":\"https:\/\/schema.org\",\"@graph\":[{\"@type\":\"WebPage\",\"@id\":\"https:\/\/kawasakirobotics.com\/br\/featured-video\/\",\"url\":\"https:\/\/kawasakirobotics.com\/br\/featured-video\/\",\"name\":\"V\u00eddeo em destaque | Industrial Robots by Kawasaki Robotics\",\"isPartOf\":{\"@id\":\"https:\/\/kawasakirobotics.com\/br\/#website\"},\"primaryImageOfPage\":{\"@id\":\"https:\/\/kawasakirobotics.com\/br\/featured-video\/#primaryimage\"},\"image\":{\"@id\":\"https:\/\/kawasakirobotics.com\/br\/featured-video\/#primaryimage\"},\"thumbnailUrl\":\"https:\/\/kawasakirobotics.com\/tachyon\/sites\/39\/2025\/01\/title-background-a1760478.jpg?fit=2160%2c360\",\"datePublished\":\"2022-01-19T22:35:47+00:00\",\"dateModified\":\"2025-02-14T08:27:03+00:00\",\"description\":\"Explore os v\u00eddeos imperd\u00edveis que mostram os rob\u00f4s Kawasaki e as suas capacidades. Descubra como est\u00e3o a transformar as ind\u00fastrias.\",\"breadcrumb\":{\"@id\":\"https:\/\/kawasakirobotics.com\/br\/featured-video\/#breadcrumb\"},\"inLanguage\":\"pt-BR\",\"potentialAction\":[{\"@type\":\"ReadAction\",\"target\":[\"https:\/\/kawasakirobotics.com\/br\/featured-video\/\"]}]},{\"@type\":\"ImageObject\",\"inLanguage\":\"pt-BR\",\"@id\":\"https:\/\/kawasakirobotics.com\/br\/featured-video\/#primaryimage\",\"url\":\"https:\/\/kawasakirobotics.com\/tachyon\/sites\/39\/2025\/01\/title-background-a1760478.jpg?fit=2160%2c360\",\"contentUrl\":\"https:\/\/kawasakirobotics.com\/tachyon\/sites\/39\/2025\/01\/title-background-a1760478.jpg?fit=2160%2c360\",\"caption\":\"V\u00eddeo em destaque\"},{\"@type\":\"BreadcrumbList\",\"@id\":\"https:\/\/kawasakirobotics.com\/br\/featured-video\/#breadcrumb\",\"itemListElement\":[{\"@type\":\"ListItem\",\"position\":1,\"name\":\"In\u00edcio\",\"item\":\"https:\/\/kawasakirobotics.com\/br\/\"},{\"@type\":\"ListItem\",\"position\":2,\"name\":\"V\u00eddeo em destaque\"}]},{\"@type\":\"WebSite\",\"@id\":\"https:\/\/kawasakirobotics.com\/br\/#website\",\"url\":\"https:\/\/kawasakirobotics.com\/br\/\",\"name\":\"Kawasaki Robotics\",\"description\":\"\",\"publisher\":{\"@id\":\"https:\/\/kawasakirobotics.com\/br\/#organization\"},\"potentialAction\":[{\"@type\":\"SearchAction\",\"target\":{\"@type\":\"EntryPoint\",\"urlTemplate\":\"https:\/\/kawasakirobotics.com\/br\/?s={search_term_string}\"},\"query-input\":{\"@type\":\"PropertyValueSpecification\",\"valueRequired\":true,\"valueName\":\"search_term_string\"}}],\"inLanguage\":\"pt-BR\"},{\"@type\":\"Organization\",\"@id\":\"https:\/\/kawasakirobotics.com\/br\/#organization\",\"name\":\"\u5ddd\u5d0e\u91cd\u5de5\u696d\u30ed\u30dc\u30c3\u30c8\u30c7\u30a3\u30d3\u30b8\u30e7\u30f3\",\"url\":\"https:\/\/kawasakirobotics.com\/br\/\",\"logo\":{\"@type\":\"ImageObject\",\"inLanguage\":\"pt-BR\",\"@id\":\"https:\/\/kawasakirobotics.com\/br\/#\/schema\/logo\/image\/\",\"url\":\"\",\"contentUrl\":\"\",\"caption\":\"\u5ddd\u5d0e\u91cd\u5de5\u696d\u30ed\u30dc\u30c3\u30c8\u30c7\u30a3\u30d3\u30b8\u30e7\u30f3\"},\"image\":{\"@id\":\"https:\/\/kawasakirobotics.com\/br\/#\/schema\/logo\/image\/\"},\"sameAs\":[\"https:\/\/www.facebook.com\/Kawasaki-Robotics-264043869602\",\"https:\/\/x.com\/kawasakirobot\",\"https:\/\/www.youtube.com\/user\/KawasakiRobots?sub_confirmation=1\",\"https:\/\/www.linkedin.com\/company\/kawasaki-robotics\"]}]}<\/script>\n<!-- \/ Yoast SEO plugin. -->","yoast_head_json":{"title":"V\u00eddeo em destaque | Industrial Robots by Kawasaki Robotics","description":"Explore os v\u00eddeos imperd\u00edveis que mostram os rob\u00f4s Kawasaki e as suas capacidades. Descubra como est\u00e3o a transformar as ind\u00fastrias.","robots":{"index":"index","follow":"follow","max-snippet":"max-snippet:-1","max-image-preview":"max-image-preview:large","max-video-preview":"max-video-preview:-1"},"canonical":"https:\/\/kawasakirobotics.com\/br\/featured-video\/","og_locale":"pt_BR","og_type":"article","og_title":"V\u00eddeo em destaque | Industrial Robots by Kawasaki Robotics","og_description":"Explore os v\u00eddeos imperd\u00edveis que mostram os rob\u00f4s Kawasaki e as suas capacidades. Descubra como est\u00e3o a transformar as ind\u00fastrias.","og_url":"https:\/\/kawasakirobotics.com\/br\/featured-video\/","og_site_name":"Kawasaki Robotics","article_publisher":"https:\/\/www.facebook.com\/Kawasaki-Robotics-264043869602","article_modified_time":"2025-02-14T08:27:03+00:00","og_image":[{"url":"https:\/\/kawasakirobotics.com\/content\/themes\/krobot-theme\/src\/images\/default\/ogp.jpg","width":"1200","height":"630","type":"image\/jpeg"}],"twitter_card":"summary_large_image","twitter_site":"@kawasakirobot","schema":{"@context":"https:\/\/schema.org","@graph":[{"@type":"WebPage","@id":"https:\/\/kawasakirobotics.com\/br\/featured-video\/","url":"https:\/\/kawasakirobotics.com\/br\/featured-video\/","name":"V\u00eddeo em destaque | Industrial Robots by Kawasaki Robotics","isPartOf":{"@id":"https:\/\/kawasakirobotics.com\/br\/#website"},"primaryImageOfPage":{"@id":"https:\/\/kawasakirobotics.com\/br\/featured-video\/#primaryimage"},"image":{"@id":"https:\/\/kawasakirobotics.com\/br\/featured-video\/#primaryimage"},"thumbnailUrl":"https:\/\/kawasakirobotics.com\/tachyon\/sites\/39\/2025\/01\/title-background-a1760478.jpg?fit=2160%2c360","datePublished":"2022-01-19T22:35:47+00:00","dateModified":"2025-02-14T08:27:03+00:00","description":"Explore os v\u00eddeos imperd\u00edveis que mostram os rob\u00f4s Kawasaki e as suas capacidades. Descubra como est\u00e3o a transformar as ind\u00fastrias.","breadcrumb":{"@id":"https:\/\/kawasakirobotics.com\/br\/featured-video\/#breadcrumb"},"inLanguage":"pt-BR","potentialAction":[{"@type":"ReadAction","target":["https:\/\/kawasakirobotics.com\/br\/featured-video\/"]}]},{"@type":"ImageObject","inLanguage":"pt-BR","@id":"https:\/\/kawasakirobotics.com\/br\/featured-video\/#primaryimage","url":"https:\/\/kawasakirobotics.com\/tachyon\/sites\/39\/2025\/01\/title-background-a1760478.jpg?fit=2160%2c360","contentUrl":"https:\/\/kawasakirobotics.com\/tachyon\/sites\/39\/2025\/01\/title-background-a1760478.jpg?fit=2160%2c360","caption":"V\u00eddeo em destaque"},{"@type":"BreadcrumbList","@id":"https:\/\/kawasakirobotics.com\/br\/featured-video\/#breadcrumb","itemListElement":[{"@type":"ListItem","position":1,"name":"In\u00edcio","item":"https:\/\/kawasakirobotics.com\/br\/"},{"@type":"ListItem","position":2,"name":"V\u00eddeo em destaque"}]},{"@type":"WebSite","@id":"https:\/\/kawasakirobotics.com\/br\/#website","url":"https:\/\/kawasakirobotics.com\/br\/","name":"Kawasaki Robotics","description":"","publisher":{"@id":"https:\/\/kawasakirobotics.com\/br\/#organization"},"potentialAction":[{"@type":"SearchAction","target":{"@type":"EntryPoint","urlTemplate":"https:\/\/kawasakirobotics.com\/br\/?s={search_term_string}"},"query-input":{"@type":"PropertyValueSpecification","valueRequired":true,"valueName":"search_term_string"}}],"inLanguage":"pt-BR"},{"@type":"Organization","@id":"https:\/\/kawasakirobotics.com\/br\/#organization","name":"\u5ddd\u5d0e\u91cd\u5de5\u696d\u30ed\u30dc\u30c3\u30c8\u30c7\u30a3\u30d3\u30b8\u30e7\u30f3","url":"https:\/\/kawasakirobotics.com\/br\/","logo":{"@type":"ImageObject","inLanguage":"pt-BR","@id":"https:\/\/kawasakirobotics.com\/br\/#\/schema\/logo\/image\/","url":"","contentUrl":"","caption":"\u5ddd\u5d0e\u91cd\u5de5\u696d\u30ed\u30dc\u30c3\u30c8\u30c7\u30a3\u30d3\u30b8\u30e7\u30f3"},"image":{"@id":"https:\/\/kawasakirobotics.com\/br\/#\/schema\/logo\/image\/"},"sameAs":["https:\/\/www.facebook.com\/Kawasaki-Robotics-264043869602","https:\/\/x.com\/kawasakirobot","https:\/\/www.youtube.com\/user\/KawasakiRobots?sub_confirmation=1","https:\/\/www.linkedin.com\/company\/kawasaki-robotics"]}]}},"_links":{"self":[{"href":"https:\/\/kawasakirobotics.com\/br\/wp-json\/wp\/v2\/pages\/24","targetHints":{"allow":["GET"]}}],"collection":[{"href":"https:\/\/kawasakirobotics.com\/br\/wp-json\/wp\/v2\/pages"}],"about":[{"href":"https:\/\/kawasakirobotics.com\/br\/wp-json\/wp\/v2\/types\/page"}],"author":[{"embeddable":true,"href":"https:\/\/kawasakirobotics.com\/br\/wp-json\/wp\/v2\/users\/9"}],"replies":[{"embeddable":true,"href":"https:\/\/kawasakirobotics.com\/br\/wp-json\/wp\/v2\/comments?post=24"}],"version-history":[{"count":7,"href":"https:\/\/kawasakirobotics.com\/br\/wp-json\/wp\/v2\/pages\/24\/revisions"}],"predecessor-version":[{"id":8455,"href":"https:\/\/kawasakirobotics.com\/br\/wp-json\/wp\/v2\/pages\/24\/revisions\/8455"}],"wp:featuredmedia":[{"embeddable":true,"href":"https:\/\/kawasakirobotics.com\/br\/wp-json\/wp\/v2\/media\/8456"}],"wp:attachment":[{"href":"https:\/\/kawasakirobotics.com\/br\/wp-json\/wp\/v2\/media?parent=24"}],"curies":[{"name":"wp","href":"https:\/\/api.w.org\/{rel}","templated":true}]}}