{"id":2552,"date":"2022-01-19T17:10:19","date_gmt":"2022-01-19T22:10:19","guid":{"rendered":"urn:uuid:c8ee125c-0d45-49a2-9209-db27df02f0fa"},"modified":"2025-04-11T00:09:49","modified_gmt":"2025-04-11T03:09:49","slug":"frontpage","status":"publish","type":"page","link":"https:\/\/kawasakirobotics.com\/br\/","title":{"rendered":"[em curso]P\u00e1gina inicial"},"content":{"rendered":"\n<div class=\"wp-block-cover alignfull is-light krobot-pattern-lead-cover\" style=\"min-height:460px;aspect-ratio:unset;\"><span aria-hidden=\"true\" class=\"wp-block-cover__background has-light-gray-background-color has-background-dim-0 has-background-dim\"><\/span><img loading=\"lazy\" decoding=\"async\" width=\"2160\" height=\"360\" class=\"wp-block-cover__image-background wp-image-982\" alt=\"\" src=\"https:\/\/kawasakirobotics.com\/tachyon\/sites\/2\/2022\/01\/title-background-A1760316.jpg\" style=\"object-position:28% 100%\" data-object-fit=\"cover\" data-object-position=\"28% 100%\" \/><div class=\"wp-block-cover__inner-container is-layout-flow wp-block-cover-is-layout-flow\">\n<div class=\"wp-block-columns alignwide is-layout-flex wp-container-core-columns-is-layout-28f84493 wp-block-columns-is-layout-flex\">\n<div class=\"wp-block-column is-layout-flow wp-block-column-is-layout-flow\">\n<div class=\"wp-block-group has-black-color has-white-background-color has-text-color has-background is-layout-flow wp-block-group-is-layout-flow\">\n<h2 class=\"wp-block-heading\">Porqu\u00ea a Kawasaki Robotics?<\/h2>\n\n\n\n<p>Com uma abordagem baseada em servi\u00e7os, uma linguagem de programa\u00e7\u00e3o flex\u00edvel e aberta e uma mentalidade de fabricante em primeiro lugar, saiba o que faz da Kawasaki Robotics um tipo diferente de empresa de robots.<\/p>\n<\/div>\n\n\n\n<p class=\"krobot-pattern-lead-cover__link\"><strong><a href=\"https:\/\/kawasakirobotics.com\/br\/why-kawasaki-robotics\/\">SAIBA MAIS<\/a><\/strong><\/p>\n<\/div>\n\n\n\n<div class=\"wp-block-column is-layout-flow wp-block-column-is-layout-flow\"><\/div>\n<\/div>\n<\/div><\/div>\n\n\n\n<div class=\"wp-block-cover alignfull is-light krobot-pattern-lead-cover\" style=\"min-height:460px;aspect-ratio:unset;\"><span aria-hidden=\"true\" class=\"wp-block-cover__background has-light-gray-background-color has-background-dim-0 has-background-dim\"><\/span><img loading=\"lazy\" decoding=\"async\" width=\"2560\" height=\"853\" class=\"wp-block-cover__image-background wp-image-4447\" alt=\"\" src=\"https:\/\/kawasakirobotics.com\/tachyon\/2022\/02\/top_faq_1-2-scaled.jpg\" style=\"object-position:100% 76%\" data-object-fit=\"cover\" data-object-position=\"100% 76%\" srcset=\"https:\/\/kawasakirobotics.com\/tachyon\/sites\/39\/2022\/02\/top_faq_1-2-scaled.jpg?resize=2560%2C853&amp;zoom=1 2560w, https:\/\/kawasakirobotics.com\/tachyon\/sites\/39\/2022\/02\/top_faq_1-2-scaled.jpg?resize=2560%2C853&amp;zoom=0.5 1280w, https:\/\/kawasakirobotics.com\/tachyon\/sites\/39\/2022\/02\/top_faq_1-2-scaled.jpg?resize=2560%2C853&amp;zoom=0.25 640w\" sizes=\"auto, (max-width: 2560px) 100vw, 2560px\" \/><div class=\"wp-block-cover__inner-container is-layout-flow wp-block-cover-is-layout-flow\">\n<div class=\"wp-block-columns alignwide is-layout-flex wp-container-core-columns-is-layout-28f84493 wp-block-columns-is-layout-flex\">\n<div class=\"wp-block-column is-layout-flow wp-block-column-is-layout-flow\"><\/div>\n\n\n\n<div class=\"wp-block-column is-layout-flow wp-block-column-is-layout-flow\">\n<div class=\"wp-block-group has-black-color has-white-background-color has-text-color has-background is-layout-flow wp-block-group-is-layout-flow\">\n<h2 class=\"wp-block-heading\">FAQs sobre automa\u00e7\u00e3o de rob\u00f4s<\/h2>\n\n\n\n<p>Navegue por estas perguntas frequentes sobre automa\u00e7\u00e3o de rob\u00f4s e encontre respostas diretamente de nossos especialistas. A nossa equipa est\u00e1 empenhada no sucesso da sua automatiza\u00e7\u00e3o ao longo de todo o processo.<\/p>\n<\/div>\n\n\n\n<p class=\"krobot-pattern-lead-cover__link\"><strong><a href=\"https:\/\/kawasakirobotics.com\/br\/robot-automation-faqs\/\">SAIBA MAIS<\/a><\/strong><\/p>\n<\/div>\n<\/div>\n<\/div><\/div>\n\n\n\n<div class=\"wp-block-columns alignfull krobot-pattern-nogap-cols is-layout-flex wp-container-core-columns-is-layout-28f84493 wp-block-columns-is-layout-flex\">\n<div class=\"wp-block-column krobot-pattern-nogap-cols is-layout-flow wp-block-column-is-layout-flow\">\n<div class=\"wp-block-cover\"><span aria-hidden=\"true\" class=\"wp-block-cover__background has-black-background-color has-background-dim-70 has-background-dim\"><\/span><img loading=\"lazy\" decoding=\"async\" width=\"960\" height=\"540\" class=\"wp-block-cover__image-background wp-image-5696\" alt=\"\" src=\"https:\/\/kawasakirobotics.com\/tachyon\/2022\/03\/quality_003_960x540.jpg\" data-object-fit=\"cover\" srcset=\"https:\/\/kawasakirobotics.com\/tachyon\/sites\/39\/2022\/03\/quality_003_960x540.jpg?resize=960%2C540&amp;crop_strategy=smart&amp;zoom=1 960w, https:\/\/kawasakirobotics.com\/tachyon\/sites\/39\/2022\/03\/quality_003_960x540.jpg?resize=960%2C540&amp;crop_strategy=smart&amp;zoom=0.5 480w, https:\/\/kawasakirobotics.com\/tachyon\/sites\/39\/2022\/03\/quality_003_960x540.jpg?resize=960%2C540&amp;crop_strategy=smart&amp;zoom=0.25 240w\" sizes=\"auto, (max-width: 960px) 100vw, 960px\" \/><div class=\"wp-block-cover__inner-container is-layout-flow wp-block-cover-is-layout-flow\">\n<p class=\"has-text-align-center has-large-font-size\"><strong>PRODUTOS<\/strong><\/p>\n\n\n\n<div class=\"wp-block-buttons is-vertical is-content-justification-center is-layout-flex wp-container-core-buttons-is-layout-734eb2c2 wp-block-buttons-is-layout-flex\">\n<div class=\"wp-block-button is-style-outline is-style-outline--1\"><a class=\"wp-block-button__link wp-element-button\" href=\"https:\/\/kawasakirobotics.com\/br\/products\/\">MAIS<\/a><\/div>\n<\/div>\n<\/div><\/div>\n<\/div>\n\n\n\n<div class=\"wp-block-column krobot-pattern-nogap-cols is-layout-flow wp-block-column-is-layout-flow\">\n<div class=\"wp-block-cover\"><span aria-hidden=\"true\" class=\"wp-block-cover__background has-black-background-color has-background-dim-70 has-background-dim\"><\/span><img loading=\"lazy\" decoding=\"async\" width=\"1223\" height=\"634\" class=\"wp-block-cover__image-background wp-image-5733\" alt=\"\" src=\"https:\/\/kawasakirobotics.com\/tachyon\/2022\/03\/image-1.png\" style=\"object-position:33% 100%\" data-object-fit=\"cover\" data-object-position=\"33% 100%\" srcset=\"https:\/\/kawasakirobotics.com\/tachyon\/sites\/39\/2022\/03\/image-1.png?resize=1223%2C634&amp;crop_strategy=smart&amp;quality=90&amp;zoom=1 1223w, https:\/\/kawasakirobotics.com\/tachyon\/sites\/39\/2022\/03\/image-1.png?resize=1223%2C634&amp;crop_strategy=smart&amp;quality=90&amp;zoom=0.5 612w, https:\/\/kawasakirobotics.com\/tachyon\/sites\/39\/2022\/03\/image-1.png?resize=1223%2C634&amp;crop_strategy=smart&amp;quality=90&amp;zoom=0.25 306w\" sizes=\"auto, (max-width: 1223px) 100vw, 1223px\" \/><div class=\"wp-block-cover__inner-container is-layout-flow wp-block-cover-is-layout-flow\">\n<p class=\"has-text-align-center has-large-font-size\"><strong>ESTUDOS DE CASO<\/strong><\/p>\n\n\n\n<div class=\"wp-block-buttons is-vertical is-content-justification-center is-layout-flex wp-container-core-buttons-is-layout-734eb2c2 wp-block-buttons-is-layout-flex\">\n<div class=\"wp-block-button is-style-outline is-style-outline--2\"><a class=\"wp-block-button__link wp-element-button\" href=\"https:\/\/kawasakirobotics.com\/br\/case-studies\/\">MAIS<\/a><\/div>\n<\/div>\n\n\n\n<p><\/p>\n<\/div><\/div>\n<\/div>\n\n\n\n<div class=\"wp-block-column krobot-pattern-nogap-cols is-layout-flow wp-block-column-is-layout-flow\">\n<div class=\"wp-block-cover\"><span aria-hidden=\"true\" class=\"wp-block-cover__background has-black-background-color has-background-dim-70 has-background-dim\"><\/span><img loading=\"lazy\" decoding=\"async\" width=\"2560\" height=\"1707\" class=\"wp-block-cover__image-background wp-image-5738\" alt=\"\" src=\"https:\/\/kawasakirobotics.com\/tachyon\/2022\/03\/IMG_7993_low-01-scaled.jpg\" data-object-fit=\"cover\" srcset=\"https:\/\/kawasakirobotics.com\/tachyon\/sites\/39\/2022\/03\/IMG_7993_low-01-scaled.jpg?resize=2560%2C1707&amp;zoom=1 2560w, https:\/\/kawasakirobotics.com\/tachyon\/sites\/39\/2022\/03\/IMG_7993_low-01-scaled.jpg?resize=2560%2C1707&amp;zoom=0.5 1280w, https:\/\/kawasakirobotics.com\/tachyon\/sites\/39\/2022\/03\/IMG_7993_low-01-scaled.jpg?resize=2560%2C1707&amp;zoom=0.25 640w\" sizes=\"auto, (max-width: 2560px) 100vw, 2560px\" \/><div class=\"wp-block-cover__inner-container is-layout-flow wp-block-cover-is-layout-flow\">\n<p class=\"has-text-align-center has-large-font-size\"><strong>EVENTOS<\/strong><\/p>\n\n\n\n<div class=\"wp-block-buttons is-vertical is-content-justification-center is-layout-flex wp-container-core-buttons-is-layout-734eb2c2 wp-block-buttons-is-layout-flex\">\n<div class=\"wp-block-button is-style-outline is-style-outline--3\"><a class=\"wp-block-button__link wp-element-button\" href=\"https:\/\/kawasakirobotics.com\/br\/event\/\">MAIS<\/a><\/div>\n<\/div>\n\n\n\n<p><\/p>\n<\/div><\/div>\n<\/div>\n<\/div>\n\n\n\n<div aria-hidden=\"true\" class=\"wp-block-fsb-flexible-spacer fsb-flexible-spacer\"><div class=\"fsb-flexible-spacer__device fsb-flexible-spacer__device--lg\" style=\"height:4px\"><\/div><div class=\"fsb-flexible-spacer__device fsb-flexible-spacer__device--md\" style=\"height:4px\"><\/div><div class=\"fsb-flexible-spacer__device fsb-flexible-spacer__device--sm\" style=\"height:4px\"><\/div><\/div>\n\n\n\n<div class=\"wp-block-columns alignfull krobot-pattern-nogap-cols no-margin is-layout-flex wp-container-core-columns-is-layout-28f84493 wp-block-columns-is-layout-flex\">\n<div class=\"wp-block-column krobot-pattern-nogap-cols is-layout-flow wp-block-column-is-layout-flow\">\n<div class=\"wp-block-cover\"><span aria-hidden=\"true\" class=\"wp-block-cover__background has-black-background-color has-background-dim-70 has-background-dim\"><\/span><img loading=\"lazy\" decoding=\"async\" width=\"478\" height=\"253\" class=\"wp-block-cover__image-background wp-image-5739\" alt=\"\" src=\"https:\/\/kawasakirobotics.com\/tachyon\/2022\/03\/news-pic.png\" data-object-fit=\"cover\" srcset=\"https:\/\/kawasakirobotics.com\/tachyon\/sites\/39\/2022\/03\/news-pic.png?resize=478%2C253&amp;zoom=1 478w, https:\/\/kawasakirobotics.com\/tachyon\/sites\/39\/2022\/03\/news-pic.png?resize=478%2C253&amp;zoom=0.5 239w, https:\/\/kawasakirobotics.com\/tachyon\/sites\/39\/2022\/03\/news-pic.png?resize=478%2C253&amp;zoom=0.25 120w\" sizes=\"auto, (max-width: 478px) 100vw, 478px\" \/><div class=\"wp-block-cover__inner-container is-layout-flow wp-block-cover-is-layout-flow\">\n<p class=\"has-text-align-center has-large-font-size\"><strong>NOT\u00cdCIAS<\/strong><\/p>\n\n\n\n<div class=\"wp-block-buttons is-vertical is-content-justification-center is-layout-flex wp-container-core-buttons-is-layout-734eb2c2 wp-block-buttons-is-layout-flex\">\n<div class=\"wp-block-button is-style-outline is-style-outline--4\"><a class=\"wp-block-button__link wp-element-button\" href=\"https:\/\/kawasakirobotics.com\/br\/news\/\">MAIS<\/a><\/div>\n<\/div>\n<\/div><\/div>\n<\/div>\n\n\n\n<div class=\"wp-block-column krobot-pattern-nogap-cols is-layout-flow wp-block-column-is-layout-flow\">\n<div class=\"wp-block-cover\"><span aria-hidden=\"true\" class=\"wp-block-cover__background has-black-background-color has-background-dim-70 has-background-dim\"><\/span><img loading=\"lazy\" decoding=\"async\" width=\"960\" height=\"540\" class=\"wp-block-cover__image-background wp-image-5742\" alt=\"\" src=\"https:\/\/kawasakirobotics.com\/tachyon\/2022\/03\/cust-experience_02_960x540-1.jpg\" style=\"object-position:44% 66%\" data-object-fit=\"cover\" data-object-position=\"44% 66%\" srcset=\"https:\/\/kawasakirobotics.com\/tachyon\/sites\/39\/2022\/03\/cust-experience_02_960x540-1.jpg?resize=960%2C540&amp;crop_strategy=smart&amp;zoom=1 960w, https:\/\/kawasakirobotics.com\/tachyon\/sites\/39\/2022\/03\/cust-experience_02_960x540-1.jpg?resize=960%2C540&amp;crop_strategy=smart&amp;zoom=0.5 480w, https:\/\/kawasakirobotics.com\/tachyon\/sites\/39\/2022\/03\/cust-experience_02_960x540-1.jpg?resize=960%2C540&amp;crop_strategy=smart&amp;zoom=0.25 240w\" sizes=\"auto, (max-width: 960px) 100vw, 960px\" \/><div class=\"wp-block-cover__inner-container is-layout-flow wp-block-cover-is-layout-flow\">\n<p class=\"has-text-align-center has-large-font-size\"><strong>EXPERI\u00caNCIA DO CLIENTE<\/strong><\/p>\n\n\n\n<div class=\"wp-block-buttons is-vertical is-content-justification-center is-layout-flex wp-container-core-buttons-is-layout-734eb2c2 wp-block-buttons-is-layout-flex\">\n<div class=\"wp-block-button is-style-outline is-style-outline--5\"><a class=\"wp-block-button__link wp-element-button\" href=\"https:\/\/kawasakirobotics.com\/br\/customer-experience\/\">MAIS<\/a><\/div>\n<\/div>\n\n\n\n<p><\/p>\n<\/div><\/div>\n<\/div>\n\n\n\n<div class=\"wp-block-column krobot-pattern-nogap-cols is-layout-flow wp-block-column-is-layout-flow\">\n<div class=\"wp-block-cover\"><span aria-hidden=\"true\" class=\"wp-block-cover__background has-black-background-color has-background-dim-70 has-background-dim\"><\/span><img loading=\"lazy\" decoding=\"async\" width=\"2560\" height=\"1125\" class=\"wp-block-cover__image-background wp-image-5737\" alt=\"\" src=\"https:\/\/kawasakirobotics.com\/tachyon\/2022\/03\/AdobeStock_356666339-scaled.jpeg\" data-object-fit=\"cover\" srcset=\"https:\/\/kawasakirobotics.com\/tachyon\/sites\/39\/2022\/03\/AdobeStock_356666339-scaled.jpeg?resize=2560%2C1125&amp;zoom=1 2560w, https:\/\/kawasakirobotics.com\/tachyon\/sites\/39\/2022\/03\/AdobeStock_356666339-scaled.jpeg?resize=2560%2C1125&amp;zoom=0.5 1280w, https:\/\/kawasakirobotics.com\/tachyon\/sites\/39\/2022\/03\/AdobeStock_356666339-scaled.jpeg?resize=2560%2C1125&amp;zoom=0.25 640w\" sizes=\"auto, (max-width: 2560px) 100vw, 2560px\" \/><div class=\"wp-block-cover__inner-container is-layout-flow wp-block-cover-is-layout-flow\">\n<p class=\"has-text-align-center has-large-font-size\"><strong>BLOG<\/strong><\/p>\n\n\n\n<div class=\"wp-block-buttons is-vertical is-content-justification-center is-layout-flex wp-container-core-buttons-is-layout-734eb2c2 wp-block-buttons-is-layout-flex\">\n<div class=\"wp-block-button is-style-outline is-style-outline--6\"><a class=\"wp-block-button__link wp-element-button\" href=\"https:\/\/kawasakirobotics.com\/br\/blog\/\">MAIS<\/a><\/div>\n<\/div>\n<\/div><\/div>\n<\/div>\n<\/div>\n\n\n\n<div class=\"wp-block-cover alignfull is-light krobot-pattern-mono-center\"><span aria-hidden=\"true\" class=\"wp-block-cover__background has-white-background-color has-background-dim\"><\/span><img loading=\"lazy\" decoding=\"async\" width=\"960\" height=\"540\" class=\"wp-block-cover__image-background wp-image-1913\" alt=\"\" src=\"https:\/\/kawasakirobotics.com\/tachyon\/sites\/5\/2022\/02\/partner_03.jpg\" style=\"object-position:48% 82%\" data-object-fit=\"cover\" data-object-position=\"48% 82%\" srcset=\"https:\/\/kawasakirobotics.com\/tachyon\/sites\/39\/2022\/02\/partner_03.jpg?resize=960%2C540&amp;crop_strategy=smart&amp;zoom=1 960w, https:\/\/kawasakirobotics.com\/tachyon\/sites\/39\/2022\/02\/partner_03.jpg?resize=960%2C540&amp;crop_strategy=smart&amp;zoom=0.5 480w, https:\/\/kawasakirobotics.com\/tachyon\/sites\/39\/2022\/02\/partner_03.jpg?resize=960%2C540&amp;crop_strategy=smart&amp;zoom=0.25 240w\" sizes=\"auto, (max-width: 960px) 100vw, 960px\" \/><div class=\"wp-block-cover__inner-container is-layout-flow wp-block-cover-is-layout-flow\">\n<div class=\"wp-block-group has-red-background-color has-background is-layout-flow wp-block-group-is-layout-flow\">\n<p class=\"has-text-align-center has-large-font-size\">Quer come\u00e7ar ou tem d\u00favidas?<br>A nossa equipa est\u00e1 a um clique de dist\u00e2ncia.<\/p>\n\n\n\n<p class=\"has-text-align-center krobot-pattern-mono-center__link has-white-color has-text-color has-extra-large-font-size\"><strong><a href=\"https:\/\/kawasaki-corporate.spiral-site.com\/ind_robot_en?_gl=1*plny79*_ga*NTMwMjUzNTUwLjE2NDA2NDQ5Mzg.*_ga_GRRCX7N19P*MTY0NTU3OTMyMC4xNzguMS4xNjQ1NTc5MzYzLjA.&amp;_ifbs-ind_robot_en=s1_Step1\" target=\"_blank\" rel=\"noreferrer noopener\">ENTRE EM CONTATO<\/a><\/strong><\/p>\n<\/div>\n\n\n\n<p><\/p>\n<\/div><\/div>\n\n\n\n<p><\/p>\n","protected":false},"excerpt":{"rendered":"","protected":false},"author":13,"featured_media":0,"parent":0,"menu_order":1,"comment_status":"closed","ping_status":"closed","template":"page-templates\/custom-no-default-header.php","meta":{"ep_exclude_from_search":false,"footnotes":""},"class_list":["post-2552","page","type-page","status-publish","hentry"],"yoast_head":"<!-- This site is optimized with the Yoast SEO plugin v25.9 - https:\/\/yoast.com\/wordpress\/plugins\/seo\/ -->\n<title>Kawasaki Robotics - Rob\u00f3tica Industrial | HOME<\/title>\n<meta name=\"description\" content=\"A Kawasaki Robotics oferece uma abordagem baseada em servi\u00e7os, uma linguagem de programa\u00e7\u00e3o aberta e uma mentalidade que coloca o fabricante em primeiro lugar.\" \/>\n<meta name=\"robots\" content=\"index, follow, max-snippet:-1, max-image-preview:large, max-video-preview:-1\" \/>\n<link rel=\"canonical\" href=\"https:\/\/kawasakirobotics.com\/br\/\" \/>\n<meta property=\"og:locale\" content=\"pt_BR\" \/>\n<meta property=\"og:type\" content=\"article\" \/>\n<meta property=\"og:title\" content=\"Kawasaki Robotics - Rob\u00f3tica Industrial | HOME\" \/>\n<meta property=\"og:description\" content=\"A Kawasaki Robotics oferece uma abordagem baseada em servi\u00e7os, uma linguagem de programa\u00e7\u00e3o aberta e uma mentalidade que coloca o fabricante em primeiro lugar.\" \/>\n<meta property=\"og:url\" content=\"https:\/\/kawasakirobotics.com\/br\/\" \/>\n<meta property=\"og:site_name\" content=\"Kawasaki Robotics\" \/>\n<meta property=\"article:publisher\" content=\"https:\/\/www.facebook.com\/Kawasaki-Robotics-264043869602\" \/>\n<meta property=\"article:modified_time\" content=\"2025-04-11T03:09:49+00:00\" \/>\n<meta property=\"og:image\" content=\"https:\/\/kawasakirobotics.com\/content\/themes\/krobot-theme\/src\/images\/default\/ogp.jpg\" \/>\n\t<meta property=\"og:image:width\" content=\"1200\" \/>\n\t<meta property=\"og:image:height\" content=\"630\" \/>\n\t<meta property=\"og:image:type\" content=\"image\/jpeg\" \/>\n<meta name=\"twitter:card\" content=\"summary_large_image\" \/>\n<meta name=\"twitter:site\" content=\"@kawasakirobot\" \/>\n<script type=\"application\/ld+json\" class=\"yoast-schema-graph\">{\"@context\":\"https:\/\/schema.org\",\"@graph\":[{\"@type\":\"WebPage\",\"@id\":\"https:\/\/kawasakirobotics.com\/br\/\",\"url\":\"https:\/\/kawasakirobotics.com\/br\/\",\"name\":\"Kawasaki Robotics - Rob\u00f3tica Industrial | HOME\",\"isPartOf\":{\"@id\":\"https:\/\/kawasakirobotics.com\/br\/#website\"},\"primaryImageOfPage\":{\"@id\":\"https:\/\/kawasakirobotics.com\/br\/#primaryimage\"},\"image\":{\"@id\":\"https:\/\/kawasakirobotics.com\/br\/#primaryimage\"},\"thumbnailUrl\":\"https:\/\/kawasakirobotics.com\/tachyon\/sites\/2\/2022\/01\/title-background-A1760316.jpg\",\"datePublished\":\"2022-01-19T22:10:19+00:00\",\"dateModified\":\"2025-04-11T03:09:49+00:00\",\"description\":\"A Kawasaki Robotics oferece uma abordagem baseada em servi\u00e7os, uma linguagem de programa\u00e7\u00e3o aberta e uma mentalidade que coloca o fabricante em primeiro lugar.\",\"inLanguage\":\"pt-BR\",\"potentialAction\":[{\"@type\":\"ReadAction\",\"target\":[\"https:\/\/kawasakirobotics.com\/br\/\"]}]},{\"@type\":\"ImageObject\",\"inLanguage\":\"pt-BR\",\"@id\":\"https:\/\/kawasakirobotics.com\/br\/#primaryimage\",\"url\":\"https:\/\/kawasakirobotics.com\/tachyon\/sites\/2\/2022\/01\/title-background-A1760316.jpg\",\"contentUrl\":\"https:\/\/kawasakirobotics.com\/tachyon\/sites\/2\/2022\/01\/title-background-A1760316.jpg\"},{\"@type\":\"WebSite\",\"@id\":\"https:\/\/kawasakirobotics.com\/br\/#website\",\"url\":\"https:\/\/kawasakirobotics.com\/br\/\",\"name\":\"Kawasaki Robotics\",\"description\":\"\",\"publisher\":{\"@id\":\"https:\/\/kawasakirobotics.com\/br\/#organization\"},\"potentialAction\":[{\"@type\":\"SearchAction\",\"target\":{\"@type\":\"EntryPoint\",\"urlTemplate\":\"https:\/\/kawasakirobotics.com\/br\/?s={search_term_string}\"},\"query-input\":{\"@type\":\"PropertyValueSpecification\",\"valueRequired\":true,\"valueName\":\"search_term_string\"}}],\"inLanguage\":\"pt-BR\"},{\"@type\":\"Organization\",\"@id\":\"https:\/\/kawasakirobotics.com\/br\/#organization\",\"name\":\"\u5ddd\u5d0e\u91cd\u5de5\u696d\u30ed\u30dc\u30c3\u30c8\u30c7\u30a3\u30d3\u30b8\u30e7\u30f3\",\"url\":\"https:\/\/kawasakirobotics.com\/br\/\",\"logo\":{\"@type\":\"ImageObject\",\"inLanguage\":\"pt-BR\",\"@id\":\"https:\/\/kawasakirobotics.com\/br\/#\/schema\/logo\/image\/\",\"url\":\"\",\"contentUrl\":\"\",\"caption\":\"\u5ddd\u5d0e\u91cd\u5de5\u696d\u30ed\u30dc\u30c3\u30c8\u30c7\u30a3\u30d3\u30b8\u30e7\u30f3\"},\"image\":{\"@id\":\"https:\/\/kawasakirobotics.com\/br\/#\/schema\/logo\/image\/\"},\"sameAs\":[\"https:\/\/www.facebook.com\/Kawasaki-Robotics-264043869602\",\"https:\/\/x.com\/kawasakirobot\",\"https:\/\/www.youtube.com\/user\/KawasakiRobots?sub_confirmation=1\",\"https:\/\/www.linkedin.com\/company\/kawasaki-robotics\"]}]}<\/script>\n<!-- \/ Yoast SEO plugin. -->","yoast_head_json":{"title":"Kawasaki Robotics - Rob\u00f3tica Industrial | HOME","description":"A Kawasaki Robotics oferece uma abordagem baseada em servi\u00e7os, uma linguagem de programa\u00e7\u00e3o aberta e uma mentalidade que coloca o fabricante em primeiro lugar.","robots":{"index":"index","follow":"follow","max-snippet":"max-snippet:-1","max-image-preview":"max-image-preview:large","max-video-preview":"max-video-preview:-1"},"canonical":"https:\/\/kawasakirobotics.com\/br\/","og_locale":"pt_BR","og_type":"article","og_title":"Kawasaki Robotics - Rob\u00f3tica Industrial | HOME","og_description":"A Kawasaki Robotics oferece uma abordagem baseada em servi\u00e7os, uma linguagem de programa\u00e7\u00e3o aberta e uma mentalidade que coloca o fabricante em primeiro lugar.","og_url":"https:\/\/kawasakirobotics.com\/br\/","og_site_name":"Kawasaki Robotics","article_publisher":"https:\/\/www.facebook.com\/Kawasaki-Robotics-264043869602","article_modified_time":"2025-04-11T03:09:49+00:00","og_image":[{"url":"https:\/\/kawasakirobotics.com\/content\/themes\/krobot-theme\/src\/images\/default\/ogp.jpg","width":"1200","height":"630","type":"image\/jpeg"}],"twitter_card":"summary_large_image","twitter_site":"@kawasakirobot","schema":{"@context":"https:\/\/schema.org","@graph":[{"@type":"WebPage","@id":"https:\/\/kawasakirobotics.com\/br\/","url":"https:\/\/kawasakirobotics.com\/br\/","name":"Kawasaki Robotics - Rob\u00f3tica Industrial | HOME","isPartOf":{"@id":"https:\/\/kawasakirobotics.com\/br\/#website"},"primaryImageOfPage":{"@id":"https:\/\/kawasakirobotics.com\/br\/#primaryimage"},"image":{"@id":"https:\/\/kawasakirobotics.com\/br\/#primaryimage"},"thumbnailUrl":"https:\/\/kawasakirobotics.com\/tachyon\/sites\/2\/2022\/01\/title-background-A1760316.jpg","datePublished":"2022-01-19T22:10:19+00:00","dateModified":"2025-04-11T03:09:49+00:00","description":"A Kawasaki Robotics oferece uma abordagem baseada em servi\u00e7os, uma linguagem de programa\u00e7\u00e3o aberta e uma mentalidade que coloca o fabricante em primeiro lugar.","inLanguage":"pt-BR","potentialAction":[{"@type":"ReadAction","target":["https:\/\/kawasakirobotics.com\/br\/"]}]},{"@type":"ImageObject","inLanguage":"pt-BR","@id":"https:\/\/kawasakirobotics.com\/br\/#primaryimage","url":"https:\/\/kawasakirobotics.com\/tachyon\/sites\/2\/2022\/01\/title-background-A1760316.jpg","contentUrl":"https:\/\/kawasakirobotics.com\/tachyon\/sites\/2\/2022\/01\/title-background-A1760316.jpg"},{"@type":"WebSite","@id":"https:\/\/kawasakirobotics.com\/br\/#website","url":"https:\/\/kawasakirobotics.com\/br\/","name":"Kawasaki Robotics","description":"","publisher":{"@id":"https:\/\/kawasakirobotics.com\/br\/#organization"},"potentialAction":[{"@type":"SearchAction","target":{"@type":"EntryPoint","urlTemplate":"https:\/\/kawasakirobotics.com\/br\/?s={search_term_string}"},"query-input":{"@type":"PropertyValueSpecification","valueRequired":true,"valueName":"search_term_string"}}],"inLanguage":"pt-BR"},{"@type":"Organization","@id":"https:\/\/kawasakirobotics.com\/br\/#organization","name":"\u5ddd\u5d0e\u91cd\u5de5\u696d\u30ed\u30dc\u30c3\u30c8\u30c7\u30a3\u30d3\u30b8\u30e7\u30f3","url":"https:\/\/kawasakirobotics.com\/br\/","logo":{"@type":"ImageObject","inLanguage":"pt-BR","@id":"https:\/\/kawasakirobotics.com\/br\/#\/schema\/logo\/image\/","url":"","contentUrl":"","caption":"\u5ddd\u5d0e\u91cd\u5de5\u696d\u30ed\u30dc\u30c3\u30c8\u30c7\u30a3\u30d3\u30b8\u30e7\u30f3"},"image":{"@id":"https:\/\/kawasakirobotics.com\/br\/#\/schema\/logo\/image\/"},"sameAs":["https:\/\/www.facebook.com\/Kawasaki-Robotics-264043869602","https:\/\/x.com\/kawasakirobot","https:\/\/www.youtube.com\/user\/KawasakiRobots?sub_confirmation=1","https:\/\/www.linkedin.com\/company\/kawasaki-robotics"]}]}},"_links":{"self":[{"href":"https:\/\/kawasakirobotics.com\/br\/wp-json\/wp\/v2\/pages\/2552","targetHints":{"allow":["GET"]}}],"collection":[{"href":"https:\/\/kawasakirobotics.com\/br\/wp-json\/wp\/v2\/pages"}],"about":[{"href":"https:\/\/kawasakirobotics.com\/br\/wp-json\/wp\/v2\/types\/page"}],"author":[{"embeddable":true,"href":"https:\/\/kawasakirobotics.com\/br\/wp-json\/wp\/v2\/users\/13"}],"replies":[{"embeddable":true,"href":"https:\/\/kawasakirobotics.com\/br\/wp-json\/wp\/v2\/comments?post=2552"}],"version-history":[{"count":41,"href":"https:\/\/kawasakirobotics.com\/br\/wp-json\/wp\/v2\/pages\/2552\/revisions"}],"predecessor-version":[{"id":9146,"href":"https:\/\/kawasakirobotics.com\/br\/wp-json\/wp\/v2\/pages\/2552\/revisions\/9146"}],"wp:attachment":[{"href":"https:\/\/kawasakirobotics.com\/br\/wp-json\/wp\/v2\/media?parent=2552"}],"curies":[{"name":"wp","href":"https:\/\/api.w.org\/{rel}","templated":true}]}}