{"id":32,"date":"2022-01-21T03:03:25","date_gmt":"2022-01-21T08:03:25","guid":{"rendered":"urn:uuid:6c9a7d8c-2c0e-4e9f-9238-fd516e67478b"},"modified":"2025-04-11T04:52:06","modified_gmt":"2025-04-11T07:52:06","slug":"products","status":"publish","type":"page","link":"https:\/\/kawasakirobotics.com\/br\/products\/","title":{"rendered":"Pesquisa de produtos"},"content":{"rendered":"\n<h1 class=\"wp-block-heading alignwide\">Pesquisa por categoria<\/h1>\n\n\n\n<div class=\"wp-block-columns alignwide krobot-pattern-3cols krobot-pattern-plaincards is-layout-flex wp-container-core-columns-is-layout-28f84493 wp-block-columns-is-layout-flex\">\n<div class=\"wp-block-column krobot-pattern-3cols__item is-layout-flow wp-block-column-is-layout-flow\">\n<figure class=\"wp-block-image size-large krobot-pattern-plaincards__figure\"><img loading=\"lazy\" decoding=\"async\" width=\"960\" height=\"540\" src=\"https:\/\/kawasakirobotics.com\/tachyon\/2022\/03\/quality_003_960x540.jpg?fit=900%2C540\" alt=\"Product Search02\" class=\"wp-image-5696\" srcset=\"https:\/\/kawasakirobotics.com\/tachyon\/sites\/39\/2022\/03\/quality_003_960x540.jpg?resize=960%2C540&amp;crop_strategy=smart&amp;zoom=1 960w, https:\/\/kawasakirobotics.com\/tachyon\/sites\/39\/2022\/03\/quality_003_960x540.jpg?resize=960%2C540&amp;crop_strategy=smart&amp;zoom=0.5 480w, https:\/\/kawasakirobotics.com\/tachyon\/sites\/39\/2022\/03\/quality_003_960x540.jpg?resize=960%2C540&amp;crop_strategy=smart&amp;zoom=0.25 240w\" sizes=\"auto, (max-width: 960px) 100vw, 960px\" \/><\/figure>\n\n\n\n<h3 class=\"wp-block-heading has-text-align-center krobot-pattern-plaincards__title\">Robots<\/h3>\n\n\n\n<p class=\"krobot-pattern-plaincards__description\">Rob\u00f4s de elevado desempenho com cargas \u00fateis que variam entre 3-1.500 kg.<\/p>\n\n\n\n<div class=\"wp-block-buttons krobot-pattern-plaincards__more is-horizontal is-content-justification-center is-layout-flex wp-container-core-buttons-is-layout-03627597 wp-block-buttons-is-layout-flex\">\n<div class=\"wp-block-button is-style-outline is-style-outline--1\"><a class=\"wp-block-button__link wp-element-button\" href=\"https:\/\/kawasakirobotics.com\/br\/products-robots\/\">Ver mais<\/a><\/div>\n<\/div>\n<\/div>\n\n\n\n<div class=\"wp-block-column krobot-pattern-3cols__item is-layout-flow wp-block-column-is-layout-flow\">\n<figure class=\"wp-block-image size-large krobot-pattern-plaincards__figure\"><img loading=\"lazy\" decoding=\"async\" width=\"601\" height=\"332\" src=\"https:\/\/kawasakirobotics.com\/tachyon\/2022\/03\/controller-image_for-upload.png\" alt=\"Product Search01\" class=\"wp-image-5750\" srcset=\"https:\/\/kawasakirobotics.com\/tachyon\/sites\/39\/2022\/03\/controller-image_for-upload.png?resize=601%2C332&amp;zoom=1 601w, https:\/\/kawasakirobotics.com\/tachyon\/sites\/39\/2022\/03\/controller-image_for-upload.png?resize=601%2C332&amp;zoom=0.5 301w, https:\/\/kawasakirobotics.com\/tachyon\/sites\/39\/2022\/03\/controller-image_for-upload.png?resize=601%2C332&amp;zoom=0.25 150w\" sizes=\"auto, (max-width: 601px) 100vw, 601px\" \/><\/figure>\n\n\n\n<h3 class=\"wp-block-heading has-text-align-center krobot-pattern-plaincards__title\">Controladores<\/h3>\n\n\n\n<p class=\"krobot-pattern-plaincards__description\">Controladores de rob\u00f4s de \u00faltima gera\u00e7\u00e3o para qualquer projeto.<\/p>\n\n\n\n<div class=\"wp-block-buttons krobot-pattern-plaincards__more is-horizontal is-content-justification-center is-layout-flex wp-container-core-buttons-is-layout-03627597 wp-block-buttons-is-layout-flex\">\n<div class=\"wp-block-button is-style-outline is-style-outline--2\"><a class=\"wp-block-button__link wp-element-button\" href=\"https:\/\/kawasakirobotics.com\/br\/products-controllers\/\">Ver mais<\/a><\/div>\n<\/div>\n<\/div>\n\n\n\n<div class=\"wp-block-column krobot-pattern-3cols__item is-layout-flow wp-block-column-is-layout-flow\">\n<figure class=\"wp-block-image size-large krobot-pattern-plaincards__figure\"><img loading=\"lazy\" decoding=\"async\" width=\"960\" height=\"540\" src=\"https:\/\/kawasakirobotics.com\/tachyon\/sites\/5\/2022\/02\/products_3.jpg?fit=900%2C540&#038;resize=900%2C506&#038;crop_strategy=smart\" alt=\"products 3\" class=\"wp-image-1478\" srcset=\"https:\/\/kawasakirobotics.com\/tachyon\/sites\/2\/2022\/02\/products_3.jpg?resize=960%2C540&amp;crop_strategy=smart&amp;zoom=1 960w, https:\/\/kawasakirobotics.com\/tachyon\/sites\/2\/2022\/02\/products_3.jpg?resize=960%2C540&amp;crop_strategy=smart&amp;zoom=0.5 480w, https:\/\/kawasakirobotics.com\/tachyon\/sites\/2\/2022\/02\/products_3.jpg?resize=960%2C540&amp;crop_strategy=smart&amp;zoom=0.25 240w\" sizes=\"auto, (max-width: 960px) 100vw, 960px\" data-recalc-dims=\"1\" \/><\/figure>\n\n\n\n<h3 class=\"wp-block-heading has-text-align-center krobot-pattern-plaincards__title\">Outros produtos<\/h3>\n\n\n\n<p class=\"krobot-pattern-plaincards__description\">Simula\u00e7\u00e3o, programa\u00e7\u00e3o offline, seguran\u00e7a, sistemas de vis\u00e3o e muito mais.<\/p>\n\n\n\n<div class=\"wp-block-buttons krobot-pattern-plaincards__more is-horizontal is-content-justification-center is-layout-flex wp-container-core-buttons-is-layout-03627597 wp-block-buttons-is-layout-flex\">\n<div class=\"wp-block-button is-style-outline is-style-outline--3\"><a class=\"wp-block-button__link wp-element-button\" href=\"https:\/\/kawasakirobotics.com\/br\/products-others\/\">Ver mais<\/a><\/div>\n<\/div>\n<\/div>\n<\/div>\n\n\n\n<div class=\"wp-block-columns alignwide krobot-patten-bg-link is-layout-flex wp-container-core-columns-is-layout-28f84493 wp-block-columns-is-layout-flex\">\n<div class=\"wp-block-column krobot-patten-bg-link__image is-layout-flow wp-block-column-is-layout-flow\">\n<figure class=\"wp-block-image size-full\"><a href=\"https:\/\/kawasakirobotics.com\/br\/industries\/\"><img loading=\"lazy\" decoding=\"async\" width=\"960\" height=\"654\" src=\"https:\/\/kawasakirobotics.com\/tachyon\/sites\/3\/2022\/01\/A1760316.jpg\" alt=\"Why Kawasaki Robotics?\" class=\"wp-image-274\" \/><\/a><\/figure>\n<\/div>\n\n\n\n<div class=\"wp-block-column krobot-patten-bg-link__content is-layout-flow wp-block-column-is-layout-flow\">\n<div class=\"wp-block-cover is-light krobot-patten-bg-link__cover\"><span aria-hidden=\"true\" class=\"wp-block-cover__background has-white-background-color has-background-dim-70 has-background-dim\"><\/span><img loading=\"lazy\" decoding=\"async\" width=\"960\" height=\"654\" class=\"wp-block-cover__image-background wp-image-274\" alt=\"\" src=\"https:\/\/kawasakirobotics.com\/tachyon\/sites\/3\/2022\/01\/A1760316.jpg\" style=\"object-position:77% 45%\" data-object-fit=\"cover\" data-object-position=\"77% 45%\" \/><div class=\"wp-block-cover__inner-container is-layout-flow wp-block-cover-is-layout-flow\">\n<h1 class=\"wp-block-heading krobot-patten-bg-link__title\">Procurar por sector<\/h1>\n\n\n\n<p>Saiba como os rob\u00f4s Kawasaki simplificam as opera\u00e7\u00f5es para a eletr\u00f3nica; alimenta\u00e7\u00e3o e bebidas; log\u00edstica; aeroespacial; navios; material circulante; maquinaria; fabrico de metal; fundi\u00e7\u00e3o; produtos qu\u00edmicos; m\u00e9dicos e farmac\u00eauticos; semicondutores; e ind\u00fastrias autom\u00f3veis<\/p>\n\n\n\n<div class=\"wp-block-buttons krobot-patten-bg-link__link is-layout-flex wp-block-buttons-is-layout-flex\">\n<div class=\"wp-block-button\"><a class=\"wp-block-button__link wp-element-button\" href=\"https:\/\/kawasakirobotics.com\/br\/industries\/\">Ver mais<\/a><\/div>\n<\/div>\n<\/div><\/div>\n<\/div>\n<\/div>\n\n\n\n<div class=\"wp-block-columns alignwide krobot-patten-bg-link is-layout-flex wp-container-core-columns-is-layout-28f84493 wp-block-columns-is-layout-flex\">\n<div class=\"wp-block-column krobot-patten-bg-link__image is-layout-flow wp-block-column-is-layout-flow\">\n<figure class=\"wp-block-image size-large\"><a href=\"https:\/\/kawasakirobotics.com\/br\/applications\/\"><img loading=\"lazy\" decoding=\"async\" width=\"1800\" height=\"1200\" src=\"https:\/\/kawasakirobotics.com\/tachyon\/2022\/03\/paint-line_05_1800x1200.jpg?fit=900%2C900\" alt=\"Robot Automation FAQs03\" class=\"wp-image-5499\" srcset=\"https:\/\/kawasakirobotics.com\/tachyon\/sites\/39\/2022\/03\/paint-line_05_1800x1200.jpg?resize=1800%2C1200&amp;zoom=1 1800w, https:\/\/kawasakirobotics.com\/tachyon\/sites\/39\/2022\/03\/paint-line_05_1800x1200.jpg?resize=1800%2C1200&amp;zoom=0.5 900w, https:\/\/kawasakirobotics.com\/tachyon\/sites\/39\/2022\/03\/paint-line_05_1800x1200.jpg?resize=1800%2C1200&amp;zoom=0.25 450w\" sizes=\"auto, (max-width: 1800px) 100vw, 1800px\" \/><\/a><\/figure>\n<\/div>\n\n\n\n<div class=\"wp-block-column krobot-patten-bg-link__content is-layout-flow wp-block-column-is-layout-flow\">\n<div class=\"wp-block-cover is-light krobot-patten-bg-link__cover\"><span aria-hidden=\"true\" class=\"wp-block-cover__background has-white-background-color has-background-dim-70 has-background-dim\"><\/span><img loading=\"lazy\" decoding=\"async\" width=\"1800\" height=\"1200\" class=\"wp-block-cover__image-background wp-image-5499\" alt=\"\" src=\"https:\/\/kawasakirobotics.com\/tachyon\/2022\/03\/paint-line_05_1800x1200.jpg\" data-object-fit=\"cover\" srcset=\"https:\/\/kawasakirobotics.com\/tachyon\/sites\/39\/2022\/03\/paint-line_05_1800x1200.jpg?resize=1800%2C1200&amp;zoom=1 1800w, https:\/\/kawasakirobotics.com\/tachyon\/sites\/39\/2022\/03\/paint-line_05_1800x1200.jpg?resize=1800%2C1200&amp;zoom=0.5 900w, https:\/\/kawasakirobotics.com\/tachyon\/sites\/39\/2022\/03\/paint-line_05_1800x1200.jpg?resize=1800%2C1200&amp;zoom=0.25 450w\" sizes=\"auto, (max-width: 1800px) 100vw, 1800px\" \/><div class=\"wp-block-cover__inner-container is-layout-flow wp-block-cover-is-layout-flow\">\n<h1 class=\"wp-block-heading krobot-patten-bg-link__title\">Procurar por aplica\u00e7\u00e3o<\/h1>\n\n\n\n<p>Saiba como os rob\u00f4s da Kawasaki simplificam as opera\u00e7\u00f5es de montagem, manuseamento de materiais, manuten\u00e7\u00e3o de m\u00e1quinas, paletiza\u00e7\u00e3o, recolha; pintura, selagem, polimento, rebarba\u00e7\u00e3o, soldadura por arco e por pontos e tarefas de transfer\u00eancia de bolachas<\/p>\n\n\n\n<div class=\"wp-block-buttons krobot-patten-bg-link__link is-layout-flex wp-block-buttons-is-layout-flex\">\n<div class=\"wp-block-button\"><a class=\"wp-block-button__link wp-element-button\" href=\"https:\/\/kawasakirobotics.com\/br\/applications\/\">Ver mais<\/a><\/div>\n<\/div>\n<\/div><\/div>\n<\/div>\n<\/div>\n\n\n\n\n\n<p class=\"has-text-align-center\">Clique <a href=\"https:\/\/kawasakirobotics.com\/br\/products\/retired-models\/\">aqui<\/a> para obter uma lista de modelos descontinuados.<\/p>\n\n\n\n<div class=\"wp-block-group alignfull site-cta is-layout-flow wp-block-group-is-layout-flow\">\n<div class=\"wp-block-group site-cta__inside is-layout-flow wp-block-group-is-layout-flow\">\n<p class=\"site-cta__text\"><strong><a href=\"https:\/\/kawasaki-corporate.spiral-site.com\/ind_robot_en?_gl=1*a0dmly*_ga*NTMwMjUzNTUwLjE2NDA2NDQ5Mzg.*_ga_GRRCX7N19P*MTY0NjYxNjIyNC4yMzUuMS4xNjQ2NjE4NjkwLjA.&amp;_ifbs-ind_robot_en=s1_Step1\" target=\"_blank\" rel=\"noreferrer noopener\">Pronto para dar o pr\u00f3ximo passo rumo \u00e0 automa\u00e7\u00e3o?<\/a><\/strong><\/p>\n<\/div>\n<\/div>\n","protected":false},"excerpt":{"rendered":"<p>Pesquisa por categoria Rob\u00f4s Rob\u00f4s de elevado desempenho com cargas \u00fateis que variam entre 3-1.500 kg. Controladores Controladores de rob\u00f4s topo de gama para qualquer projeto. Outros produtos Simula\u00e7\u00e3o, programa\u00e7\u00e3o offline, seguran\u00e7a, sistemas de vis\u00e3o e muito mais. Clique aqui para obter uma lista de modelos descontinuados.<\/p>\n","protected":false},"author":1,"featured_media":8472,"parent":0,"menu_order":13,"comment_status":"closed","ping_status":"closed","template":"page-products.php","meta":{"ep_exclude_from_search":false,"footnotes":""},"class_list":["post-32","page","type-page","status-publish","has-post-thumbnail","hentry"],"yoast_head":"<!-- This site is optimized with the Yoast SEO plugin v25.9 - https:\/\/yoast.com\/wordpress\/plugins\/seo\/ -->\n<title>Pesquisa de produtos | Industrial Robots by Kawasaki Robotics<\/title>\n<meta name=\"description\" content=\"Explore a nossa p\u00e1gina de pesquisa para encontrar o rob\u00f4 Kawasaki perfeito, optimizado para v\u00e1rias ind\u00fastrias e tarefas. Encontre aqui a solu\u00e7\u00e3o ideal.\" \/>\n<meta name=\"robots\" content=\"index, follow, max-snippet:-1, max-image-preview:large, max-video-preview:-1\" \/>\n<link rel=\"canonical\" href=\"https:\/\/kawasakirobotics.com\/br\/products\/\" \/>\n<meta property=\"og:locale\" content=\"pt_BR\" \/>\n<meta property=\"og:type\" content=\"article\" \/>\n<meta property=\"og:title\" content=\"Pesquisa de produtos | Industrial Robots by Kawasaki Robotics\" \/>\n<meta property=\"og:description\" content=\"Explore a nossa p\u00e1gina de pesquisa para encontrar o rob\u00f4 Kawasaki perfeito, optimizado para v\u00e1rias ind\u00fastrias e tarefas. Encontre aqui a solu\u00e7\u00e3o ideal.\" \/>\n<meta property=\"og:url\" content=\"https:\/\/kawasakirobotics.com\/br\/products\/\" \/>\n<meta property=\"og:site_name\" content=\"Kawasaki Robotics\" \/>\n<meta property=\"article:publisher\" content=\"https:\/\/www.facebook.com\/Kawasaki-Robotics-264043869602\" \/>\n<meta property=\"article:modified_time\" content=\"2025-04-11T07:52:06+00:00\" \/>\n<meta property=\"og:image\" content=\"https:\/\/kawasakirobotics.com\/content\/themes\/krobot-theme\/src\/images\/default\/ogp.jpg\" \/>\n\t<meta property=\"og:image:width\" content=\"1200\" \/>\n\t<meta property=\"og:image:height\" content=\"630\" \/>\n\t<meta property=\"og:image:type\" content=\"image\/jpeg\" \/>\n<meta name=\"twitter:card\" content=\"summary_large_image\" \/>\n<meta name=\"twitter:site\" content=\"@kawasakirobot\" \/>\n<script type=\"application\/ld+json\" class=\"yoast-schema-graph\">{\"@context\":\"https:\/\/schema.org\",\"@graph\":[{\"@type\":\"WebPage\",\"@id\":\"https:\/\/kawasakirobotics.com\/br\/products\/\",\"url\":\"https:\/\/kawasakirobotics.com\/br\/products\/\",\"name\":\"Pesquisa de produtos | Industrial Robots by Kawasaki Robotics\",\"isPartOf\":{\"@id\":\"https:\/\/kawasakirobotics.com\/br\/#website\"},\"primaryImageOfPage\":{\"@id\":\"https:\/\/kawasakirobotics.com\/br\/products\/#primaryimage\"},\"image\":{\"@id\":\"https:\/\/kawasakirobotics.com\/br\/products\/#primaryimage\"},\"thumbnailUrl\":\"https:\/\/kawasakirobotics.com\/tachyon\/sites\/39\/2025\/01\/title-background-b1830324.jpg?fit=2160%2c360\",\"datePublished\":\"2022-01-21T08:03:25+00:00\",\"dateModified\":\"2025-04-11T07:52:06+00:00\",\"description\":\"Explore a nossa p\u00e1gina de pesquisa para encontrar o rob\u00f4 Kawasaki perfeito, optimizado para v\u00e1rias ind\u00fastrias e tarefas. Encontre aqui a solu\u00e7\u00e3o ideal.\",\"breadcrumb\":{\"@id\":\"https:\/\/kawasakirobotics.com\/br\/products\/#breadcrumb\"},\"inLanguage\":\"pt-BR\",\"potentialAction\":[{\"@type\":\"ReadAction\",\"target\":[\"https:\/\/kawasakirobotics.com\/br\/products\/\"]}]},{\"@type\":\"ImageObject\",\"inLanguage\":\"pt-BR\",\"@id\":\"https:\/\/kawasakirobotics.com\/br\/products\/#primaryimage\",\"url\":\"https:\/\/kawasakirobotics.com\/tachyon\/sites\/39\/2025\/01\/title-background-b1830324.jpg?fit=2160%2c360\",\"contentUrl\":\"https:\/\/kawasakirobotics.com\/tachyon\/sites\/39\/2025\/01\/title-background-b1830324.jpg?fit=2160%2c360\",\"caption\":\"Exonera\u00e7\u00e3o de responsabilidade pelos dados CAD\"},{\"@type\":\"BreadcrumbList\",\"@id\":\"https:\/\/kawasakirobotics.com\/br\/products\/#breadcrumb\",\"itemListElement\":[{\"@type\":\"ListItem\",\"position\":1,\"name\":\"In\u00edcio\",\"item\":\"https:\/\/kawasakirobotics.com\/br\/\"},{\"@type\":\"ListItem\",\"position\":2,\"name\":\"Pesquisa de produtos\"}]},{\"@type\":\"WebSite\",\"@id\":\"https:\/\/kawasakirobotics.com\/br\/#website\",\"url\":\"https:\/\/kawasakirobotics.com\/br\/\",\"name\":\"Kawasaki Robotics\",\"description\":\"\",\"publisher\":{\"@id\":\"https:\/\/kawasakirobotics.com\/br\/#organization\"},\"potentialAction\":[{\"@type\":\"SearchAction\",\"target\":{\"@type\":\"EntryPoint\",\"urlTemplate\":\"https:\/\/kawasakirobotics.com\/br\/?s={search_term_string}\"},\"query-input\":{\"@type\":\"PropertyValueSpecification\",\"valueRequired\":true,\"valueName\":\"search_term_string\"}}],\"inLanguage\":\"pt-BR\"},{\"@type\":\"Organization\",\"@id\":\"https:\/\/kawasakirobotics.com\/br\/#organization\",\"name\":\"\u5ddd\u5d0e\u91cd\u5de5\u696d\u30ed\u30dc\u30c3\u30c8\u30c7\u30a3\u30d3\u30b8\u30e7\u30f3\",\"url\":\"https:\/\/kawasakirobotics.com\/br\/\",\"logo\":{\"@type\":\"ImageObject\",\"inLanguage\":\"pt-BR\",\"@id\":\"https:\/\/kawasakirobotics.com\/br\/#\/schema\/logo\/image\/\",\"url\":\"\",\"contentUrl\":\"\",\"caption\":\"\u5ddd\u5d0e\u91cd\u5de5\u696d\u30ed\u30dc\u30c3\u30c8\u30c7\u30a3\u30d3\u30b8\u30e7\u30f3\"},\"image\":{\"@id\":\"https:\/\/kawasakirobotics.com\/br\/#\/schema\/logo\/image\/\"},\"sameAs\":[\"https:\/\/www.facebook.com\/Kawasaki-Robotics-264043869602\",\"https:\/\/x.com\/kawasakirobot\",\"https:\/\/www.youtube.com\/user\/KawasakiRobots?sub_confirmation=1\",\"https:\/\/www.linkedin.com\/company\/kawasaki-robotics\"]}]}<\/script>\n<!-- \/ Yoast SEO plugin. -->","yoast_head_json":{"title":"Pesquisa de produtos | Industrial Robots by Kawasaki Robotics","description":"Explore a nossa p\u00e1gina de pesquisa para encontrar o rob\u00f4 Kawasaki perfeito, optimizado para v\u00e1rias ind\u00fastrias e tarefas. Encontre aqui a solu\u00e7\u00e3o ideal.","robots":{"index":"index","follow":"follow","max-snippet":"max-snippet:-1","max-image-preview":"max-image-preview:large","max-video-preview":"max-video-preview:-1"},"canonical":"https:\/\/kawasakirobotics.com\/br\/products\/","og_locale":"pt_BR","og_type":"article","og_title":"Pesquisa de produtos | Industrial Robots by Kawasaki Robotics","og_description":"Explore a nossa p\u00e1gina de pesquisa para encontrar o rob\u00f4 Kawasaki perfeito, optimizado para v\u00e1rias ind\u00fastrias e tarefas. Encontre aqui a solu\u00e7\u00e3o ideal.","og_url":"https:\/\/kawasakirobotics.com\/br\/products\/","og_site_name":"Kawasaki Robotics","article_publisher":"https:\/\/www.facebook.com\/Kawasaki-Robotics-264043869602","article_modified_time":"2025-04-11T07:52:06+00:00","og_image":[{"url":"https:\/\/kawasakirobotics.com\/content\/themes\/krobot-theme\/src\/images\/default\/ogp.jpg","width":"1200","height":"630","type":"image\/jpeg"}],"twitter_card":"summary_large_image","twitter_site":"@kawasakirobot","schema":{"@context":"https:\/\/schema.org","@graph":[{"@type":"WebPage","@id":"https:\/\/kawasakirobotics.com\/br\/products\/","url":"https:\/\/kawasakirobotics.com\/br\/products\/","name":"Pesquisa de produtos | Industrial Robots by Kawasaki Robotics","isPartOf":{"@id":"https:\/\/kawasakirobotics.com\/br\/#website"},"primaryImageOfPage":{"@id":"https:\/\/kawasakirobotics.com\/br\/products\/#primaryimage"},"image":{"@id":"https:\/\/kawasakirobotics.com\/br\/products\/#primaryimage"},"thumbnailUrl":"https:\/\/kawasakirobotics.com\/tachyon\/sites\/39\/2025\/01\/title-background-b1830324.jpg?fit=2160%2c360","datePublished":"2022-01-21T08:03:25+00:00","dateModified":"2025-04-11T07:52:06+00:00","description":"Explore a nossa p\u00e1gina de pesquisa para encontrar o rob\u00f4 Kawasaki perfeito, optimizado para v\u00e1rias ind\u00fastrias e tarefas. Encontre aqui a solu\u00e7\u00e3o ideal.","breadcrumb":{"@id":"https:\/\/kawasakirobotics.com\/br\/products\/#breadcrumb"},"inLanguage":"pt-BR","potentialAction":[{"@type":"ReadAction","target":["https:\/\/kawasakirobotics.com\/br\/products\/"]}]},{"@type":"ImageObject","inLanguage":"pt-BR","@id":"https:\/\/kawasakirobotics.com\/br\/products\/#primaryimage","url":"https:\/\/kawasakirobotics.com\/tachyon\/sites\/39\/2025\/01\/title-background-b1830324.jpg?fit=2160%2c360","contentUrl":"https:\/\/kawasakirobotics.com\/tachyon\/sites\/39\/2025\/01\/title-background-b1830324.jpg?fit=2160%2c360","caption":"Exonera\u00e7\u00e3o de responsabilidade pelos dados CAD"},{"@type":"BreadcrumbList","@id":"https:\/\/kawasakirobotics.com\/br\/products\/#breadcrumb","itemListElement":[{"@type":"ListItem","position":1,"name":"In\u00edcio","item":"https:\/\/kawasakirobotics.com\/br\/"},{"@type":"ListItem","position":2,"name":"Pesquisa de produtos"}]},{"@type":"WebSite","@id":"https:\/\/kawasakirobotics.com\/br\/#website","url":"https:\/\/kawasakirobotics.com\/br\/","name":"Kawasaki Robotics","description":"","publisher":{"@id":"https:\/\/kawasakirobotics.com\/br\/#organization"},"potentialAction":[{"@type":"SearchAction","target":{"@type":"EntryPoint","urlTemplate":"https:\/\/kawasakirobotics.com\/br\/?s={search_term_string}"},"query-input":{"@type":"PropertyValueSpecification","valueRequired":true,"valueName":"search_term_string"}}],"inLanguage":"pt-BR"},{"@type":"Organization","@id":"https:\/\/kawasakirobotics.com\/br\/#organization","name":"\u5ddd\u5d0e\u91cd\u5de5\u696d\u30ed\u30dc\u30c3\u30c8\u30c7\u30a3\u30d3\u30b8\u30e7\u30f3","url":"https:\/\/kawasakirobotics.com\/br\/","logo":{"@type":"ImageObject","inLanguage":"pt-BR","@id":"https:\/\/kawasakirobotics.com\/br\/#\/schema\/logo\/image\/","url":"","contentUrl":"","caption":"\u5ddd\u5d0e\u91cd\u5de5\u696d\u30ed\u30dc\u30c3\u30c8\u30c7\u30a3\u30d3\u30b8\u30e7\u30f3"},"image":{"@id":"https:\/\/kawasakirobotics.com\/br\/#\/schema\/logo\/image\/"},"sameAs":["https:\/\/www.facebook.com\/Kawasaki-Robotics-264043869602","https:\/\/x.com\/kawasakirobot","https:\/\/www.youtube.com\/user\/KawasakiRobots?sub_confirmation=1","https:\/\/www.linkedin.com\/company\/kawasaki-robotics"]}]}},"_links":{"self":[{"href":"https:\/\/kawasakirobotics.com\/br\/wp-json\/wp\/v2\/pages\/32","targetHints":{"allow":["GET"]}}],"collection":[{"href":"https:\/\/kawasakirobotics.com\/br\/wp-json\/wp\/v2\/pages"}],"about":[{"href":"https:\/\/kawasakirobotics.com\/br\/wp-json\/wp\/v2\/types\/page"}],"author":[{"embeddable":true,"href":"https:\/\/kawasakirobotics.com\/br\/wp-json\/wp\/v2\/users\/1"}],"replies":[{"embeddable":true,"href":"https:\/\/kawasakirobotics.com\/br\/wp-json\/wp\/v2\/comments?post=32"}],"version-history":[{"count":32,"href":"https:\/\/kawasakirobotics.com\/br\/wp-json\/wp\/v2\/pages\/32\/revisions"}],"predecessor-version":[{"id":9056,"href":"https:\/\/kawasakirobotics.com\/br\/wp-json\/wp\/v2\/pages\/32\/revisions\/9056"}],"wp:featuredmedia":[{"embeddable":true,"href":"https:\/\/kawasakirobotics.com\/br\/wp-json\/wp\/v2\/media\/8472"}],"wp:attachment":[{"href":"https:\/\/kawasakirobotics.com\/br\/wp-json\/wp\/v2\/media?parent=32"}],"curies":[{"name":"wp","href":"https:\/\/api.w.org\/{rel}","templated":true}]}}