{"id":3292,"date":"2022-02-10T13:57:42","date_gmt":"2022-02-10T04:57:42","guid":{"rendered":"urn:uuid:c463f840-c247-4de3-9449-39a629349b17"},"modified":"2025-01-27T09:00:02","modified_gmt":"2025-01-27T14:00:02","slug":"politica-de-cookies","status":"publish","type":"page","link":"https:\/\/kawasakirobotics.com\/br\/politica-de-cookies\/","title":{"rendered":"Pol\u00edtica de cookies"},"content":{"rendered":"\n<p class=\"has-red-color has-text-color\"><span class=\"has-inline-color has-black-color\">\u00daltima atualiza\u00e7\u00e3o: 02\/28\/2022<\/span><\/p>\n\n\n\n<h2 class=\"wp-block-heading\">1. A nossa pol\u00edtica de cookies<\/h2>\n\n\n\n<h4 class=\"wp-block-heading\">(1) Regras gerais<\/h4>\n\n\n\n<p>A Kawasaki Heavy Industries, Ltd., as suas empresas afiliadas ou os seus agentes (&#8220;KHI&#8221;) podem utilizar cookies nos sites (&#8220;Site&#8221;), que s\u00e3o estabelecidos e operados pela KHI, para fornecer informa\u00e7\u00f5es mais relevantes aos nossos clientes (&#8220;utilizador&#8221;) e para medir e analisar o Site.<\/p>\n\n\n\n<p>A presente Pol\u00edtica de Cookies aplica-se a todos os utilizadores do S\u00edtio. Os cookies podem ser desactivados nas defini\u00e7\u00f5es do seu browser; no entanto, se o fizer, poder\u00e1 n\u00e3o conseguir utilizar alguns dos conte\u00fados.<\/p>\n\n\n\n<p>Esta Pol\u00edtica de Cookies descreve os tipos de cookies utilizados no S\u00edtio e como alterar as defini\u00e7\u00f5es do seu browser.<\/p>\n\n\n\n<h4 class=\"wp-block-heading\">(2) Sobre a nossa Pol\u00edtica de Privacidade<\/h4>\n\n\n\n<p>Em liga\u00e7\u00e3o com a presente Pol\u00edtica de Cookies, a KHI estabeleceu uma pol\u00edtica separada relativa ao tratamento de informa\u00e7\u00f5es pessoais. Para mais informa\u00e7\u00f5es, consulte a nossa <a href=\"https:\/\/www.khi.co.jp\/privacy_policy\/\">Pol\u00edtica de Privacidade<\/a> no S\u00edtio.<\/p>\n\n\n\n<h2 class=\"wp-block-heading\">2. O que \u00e9 um cookie?<\/h2>\n\n\n\n<p>Um cookie refere-se a uma tecnologia que coloca um pequeno ficheiro de dados (informa\u00e7\u00e3o) no seu computador ou noutros dispositivos atrav\u00e9s do seu navegador de Internet quando acede a um s\u00edtio Web. Os cookies permitem que os s\u00edtios Web o identifiquem quando regressa aos mesmos s\u00edtios Web.<\/p>\n\n\n\n<h2 class=\"wp-block-heading\">3. Cookies utilizados no s\u00edtio<\/h2>\n\n\n\n<h4 class=\"wp-block-heading\">(1) Cookies pr\u00f3prios e de terceiros<\/h4>\n\n\n\n<p>Todos os cookies pertencem a um dom\u00ednio pr\u00e9-especificado. Enquanto os cookies originais s\u00e3o cookies emitidos pelo dom\u00ednio do s\u00edtio, os cookies de terceiros s\u00e3o emitidos por dom\u00ednios de terceiros que n\u00e3o o do s\u00edtio.<\/p>\n\n\n\n<h4 class=\"wp-block-heading\">(2) Cookies de sess\u00e3o e cookies persistentes<\/h4>\n\n\n\n<p>Os cookies podem ser cookies de sess\u00e3o ou cookies persistentes, consoante a sua dura\u00e7\u00e3o. Os cookies de sess\u00e3o s\u00e3o cookies tempor\u00e1rios que s\u00e3o armazenados no seu dispositivo apenas enquanto est\u00e1 a navegar num s\u00edtio Web. Por outro lado, os cookies persistentes permanecem armazenados no seu dispositivo at\u00e9 atingirem uma data de expira\u00e7\u00e3o definida ou at\u00e9 os apagar do seu browser.<\/p>\n\n\n\n<h2 class=\"wp-block-heading\">4. Porque \u00e9 que a KHI utiliza cookies<\/h2>\n\n\n\n<p>O S\u00edtio utiliza os seguintes tipos de cookies:<\/p>\n\n\n\n<h4 class=\"wp-block-heading\">(1) Cookies essenciais<\/h4>\n\n\n\n<p>Os cookies essenciais s\u00e3o necess\u00e1rios para navegar no S\u00edtio e utilizar as funcionalidades oferecidas no S\u00edtio. Estes cookies tamb\u00e9m s\u00e3o utilizados para registar as actividades de um utilizador numa \u00fanica sess\u00e3o de navega\u00e7\u00e3o.<\/p>\n\n\n\n<h4 class=\"wp-block-heading\">(2) Cookies anal\u00edticos<\/h4>\n\n\n\n<p>Os cookies anal\u00edticos s\u00e3o utilizados pela KHI ou por prestadores de servi\u00e7os terceiros para recolher informa\u00e7\u00f5es sobre a utiliza\u00e7\u00e3o do S\u00edtio, como a an\u00e1lise da Web. Estes cookies ajudam-nos a compreender as p\u00e1ginas que o utilizador visita, a dura\u00e7\u00e3o da visita, a apresenta\u00e7\u00e3o ou n\u00e3o de mensagens de erro e a forma como o utilizador acede ao S\u00edtio para melhorar o desempenho do S\u00edtio.<br>A KHI utiliza o Google Analytics, um servi\u00e7o de an\u00e1lise da Web oferecido pela Google Inc., em algumas p\u00e1ginas do S\u00edtio para compreender a utiliza\u00e7\u00e3o do S\u00edtio e proporcionar-lhe um melhor s\u00edtio Web. Os dados obtidos pelo Analytics ser\u00e3o utilizados apenas para fins de funcionamento do s\u00edtio, como a melhoria do mesmo. Para mais informa\u00e7\u00f5es sobre o Google Analytics, visite o s\u00edtio <a href=\"https:\/\/marketingplatform.google.com\/about\/analytics\/\" target=\"_blank\" rel=\"noreferrer noopener\">Web oficial<\/a>.<\/p>\n\n\n\n<h4 class=\"wp-block-heading\">(3) Cookies funcionais<\/h4>\n\n\n\n<p>Os cookies funcionais s\u00e3o utilizados para armazenar as defini\u00e7\u00f5es do utilizador no site, a fim de lhe fornecer um conte\u00fado mais optimizado. Estes cookies permitem-nos recolher informa\u00e7\u00f5es sobre o comportamento do utilizador no s\u00edtio (por exemplo, informa\u00e7\u00f5es sobre a conta, prefer\u00eancias lingu\u00edsticas, regi\u00f5es de acesso) e fornecer servi\u00e7os adaptados \u00e0s suas prefer\u00eancias.<\/p>\n\n\n\n<h4 class=\"wp-block-heading\">(4) Cookies de publicidade<\/h4>\n\n\n\n<p>Os cookies de publicidade s\u00e3o utilizados para armazenar o seu hist\u00f3rico de navega\u00e7\u00e3o no s\u00edtio para recordar os seus interesses e comportamentos no s\u00edtio. Estes cookies armazenam as suas informa\u00e7\u00f5es de acesso e informa\u00e7\u00f5es de atributos no momento do in\u00edcio de sess\u00e3o para fornecer informa\u00e7\u00f5es adaptadas \u00e0s suas prefer\u00eancias em termos de personaliza\u00e7\u00e3o de conte\u00fados e an\u00fancios.<\/p>\n\n\n\n<h2 class=\"wp-block-heading\">5. As suas defini\u00e7\u00f5es de cookies<\/h2>\n\n\n\n<h4 class=\"wp-block-heading\">(1) Sele\u00e7\u00e3o no menu Defini\u00e7\u00f5es avan\u00e7adas de cookies<\/h4>\n\n\n\n<p>O S\u00edtio disponibiliza uma fun\u00e7\u00e3o que lhe permite definir se autoriza ou desactiva os seus cookies com base nas suas prefer\u00eancias. Para mais informa\u00e7\u00f5es, consulte <button class=\"optanon-show-settings\" style=\"all:unset;cursor:pointer;text-decoration:underline;text-underline-offset:0;text-decoration-thickness:1px;\">Defini\u00e7\u00f5es avan\u00e7adas de cookies<\/button><\/li> no S\u00edtio.<\/p>\n\n\n\n<h4 class=\"wp-block-heading\">(2) Defini\u00e7\u00e3o de cookies no seu browser<\/h4>\n\n\n\n<p>O seu browser permite-lhe definir prefer\u00eancias de cookies, tais como permitir ou desativar cookies. Tamb\u00e9m pode apagar os cookies no seu dispositivo a partir do seu browser. Consulte a p\u00e1gina de ajuda do browser que est\u00e1 a utilizar para obter as instru\u00e7\u00f5es de configura\u00e7\u00e3o. No entanto, tenha em aten\u00e7\u00e3o que a desativa\u00e7\u00e3o dos cookies pode interferir com a visualiza\u00e7\u00e3o e o funcionamento do S\u00edtio.<\/p>\n\n\n\n<h2 class=\"wp-block-heading\">6. Altera\u00e7\u00f5es a esta Pol\u00edtica de Cookies<\/h2>\n\n\n\n<p>O conte\u00fado da presente Pol\u00edtica de Cookies est\u00e1 sujeito a altera\u00e7\u00f5es em qualquer altura. Se forem efectuadas quaisquer altera\u00e7\u00f5es, a Pol\u00edtica de Cookies mais recente ser\u00e1 publicada no S\u00edtio.<\/p>\n\n\n\n<h2 class=\"wp-block-heading\">7. Quest\u00f5es sobre esta Pol\u00edtica de Cookies<\/h2>\n\n\n\n<p>Se tiver alguma d\u00favida sobre esta Pol\u00edtica de Cookies, contacte-nos atrav\u00e9s da p\u00e1gina <a href=\"https:\/\/kawasaki-corporate.spiral-site.com\/cookiepolicy_EN\" target=\"_blank\" rel=\"noreferrer noopener\">de Contacto<\/a> no S\u00edtio.<\/p>\n","protected":false},"excerpt":{"rendered":"<p>\u00daltima atualiza\u00e7\u00e3o: 02\/28\/2022 1. A nossa Pol\u00edtica de Cookies (1) Regras gerais A Kawasaki Heavy Industries, Ltd., as suas empresas afiliadas ou os seus agentes (&#8220;KHI&#8221;) podem utilizar cookies nos sites (&#8220;Site&#8221;), que s\u00e3o estabelecidos e operados pela KHI, para fornecer informa\u00e7\u00f5es mais relevantes aos nossos clientes (&#8220;voc\u00ea&#8221;) e para medir e analisar o Site. A presente Pol\u00edtica de Cookies aplica-se a todos os utilizadores do S\u00edtio. Os cookies podem ser desactivados nas defini\u00e7\u00f5es do seu browser; no entanto, se o fizer, poder\u00e1 n\u00e3o conseguir utilizar alguns dos conte\u00fados. Esta Pol\u00edtica de Cookies descreve os tipos de cookies utilizados no S\u00edtio e como alterar [&hellip;]<\/p>\n","protected":false},"author":9,"featured_media":0,"parent":0,"menu_order":10,"comment_status":"closed","ping_status":"closed","template":"","meta":{"ep_exclude_from_search":false,"footnotes":""},"class_list":["post-3292","page","type-page","status-publish","hentry"],"yoast_head":"<!-- This site is optimized with the Yoast SEO plugin v25.9 - https:\/\/yoast.com\/wordpress\/plugins\/seo\/ -->\n<title>Pol\u00edtica de cookies | Industrial Robots by Kawasaki Robotics<\/title>\n<meta name=\"description\" content=\"Kawasaki Heavy Industries | Pol\u00edtica de cookies\" \/>\n<meta name=\"robots\" content=\"index, follow, max-snippet:-1, max-image-preview:large, max-video-preview:-1\" \/>\n<link rel=\"canonical\" href=\"https:\/\/kawasakirobotics.com\/br\/politica-de-cookies\/\" \/>\n<meta property=\"og:locale\" content=\"pt_BR\" \/>\n<meta property=\"og:type\" content=\"article\" \/>\n<meta property=\"og:title\" content=\"Pol\u00edtica de cookies | Industrial Robots by Kawasaki Robotics\" \/>\n<meta property=\"og:description\" content=\"Kawasaki Heavy Industries | Pol\u00edtica de cookies\" \/>\n<meta property=\"og:url\" content=\"https:\/\/kawasakirobotics.com\/br\/politica-de-cookies\/\" \/>\n<meta property=\"og:site_name\" content=\"Kawasaki Robotics\" \/>\n<meta property=\"article:publisher\" content=\"https:\/\/www.facebook.com\/Kawasaki-Robotics-264043869602\" \/>\n<meta property=\"article:modified_time\" content=\"2025-01-27T14:00:02+00:00\" \/>\n<meta property=\"og:image\" content=\"https:\/\/kawasakirobotics.com\/content\/themes\/krobot-theme\/src\/images\/default\/ogp.jpg\" \/>\n\t<meta property=\"og:image:width\" content=\"1200\" \/>\n\t<meta property=\"og:image:height\" content=\"630\" \/>\n\t<meta property=\"og:image:type\" content=\"image\/jpeg\" \/>\n<meta name=\"twitter:card\" content=\"summary_large_image\" \/>\n<meta name=\"twitter:site\" content=\"@kawasakirobot\" \/>\n<script type=\"application\/ld+json\" class=\"yoast-schema-graph\">{\"@context\":\"https:\/\/schema.org\",\"@graph\":[{\"@type\":\"WebPage\",\"@id\":\"https:\/\/kawasakirobotics.com\/br\/politica-de-cookies\/\",\"url\":\"https:\/\/kawasakirobotics.com\/br\/politica-de-cookies\/\",\"name\":\"Pol\u00edtica de cookies | Industrial Robots by Kawasaki Robotics\",\"isPartOf\":{\"@id\":\"https:\/\/kawasakirobotics.com\/br\/#website\"},\"datePublished\":\"2022-02-10T04:57:42+00:00\",\"dateModified\":\"2025-01-27T14:00:02+00:00\",\"description\":\"Kawasaki Heavy Industries | Pol\u00edtica de cookies\",\"breadcrumb\":{\"@id\":\"https:\/\/kawasakirobotics.com\/br\/politica-de-cookies\/#breadcrumb\"},\"inLanguage\":\"pt-BR\",\"potentialAction\":[{\"@type\":\"ReadAction\",\"target\":[\"https:\/\/kawasakirobotics.com\/br\/politica-de-cookies\/\"]}]},{\"@type\":\"BreadcrumbList\",\"@id\":\"https:\/\/kawasakirobotics.com\/br\/politica-de-cookies\/#breadcrumb\",\"itemListElement\":[{\"@type\":\"ListItem\",\"position\":1,\"name\":\"In\u00edcio\",\"item\":\"https:\/\/kawasakirobotics.com\/br\/\"},{\"@type\":\"ListItem\",\"position\":2,\"name\":\"Pol\u00edtica de cookies\"}]},{\"@type\":\"WebSite\",\"@id\":\"https:\/\/kawasakirobotics.com\/br\/#website\",\"url\":\"https:\/\/kawasakirobotics.com\/br\/\",\"name\":\"Kawasaki Robotics\",\"description\":\"\",\"publisher\":{\"@id\":\"https:\/\/kawasakirobotics.com\/br\/#organization\"},\"potentialAction\":[{\"@type\":\"SearchAction\",\"target\":{\"@type\":\"EntryPoint\",\"urlTemplate\":\"https:\/\/kawasakirobotics.com\/br\/?s={search_term_string}\"},\"query-input\":{\"@type\":\"PropertyValueSpecification\",\"valueRequired\":true,\"valueName\":\"search_term_string\"}}],\"inLanguage\":\"pt-BR\"},{\"@type\":\"Organization\",\"@id\":\"https:\/\/kawasakirobotics.com\/br\/#organization\",\"name\":\"\u5ddd\u5d0e\u91cd\u5de5\u696d\u30ed\u30dc\u30c3\u30c8\u30c7\u30a3\u30d3\u30b8\u30e7\u30f3\",\"url\":\"https:\/\/kawasakirobotics.com\/br\/\",\"logo\":{\"@type\":\"ImageObject\",\"inLanguage\":\"pt-BR\",\"@id\":\"https:\/\/kawasakirobotics.com\/br\/#\/schema\/logo\/image\/\",\"url\":\"\",\"contentUrl\":\"\",\"caption\":\"\u5ddd\u5d0e\u91cd\u5de5\u696d\u30ed\u30dc\u30c3\u30c8\u30c7\u30a3\u30d3\u30b8\u30e7\u30f3\"},\"image\":{\"@id\":\"https:\/\/kawasakirobotics.com\/br\/#\/schema\/logo\/image\/\"},\"sameAs\":[\"https:\/\/www.facebook.com\/Kawasaki-Robotics-264043869602\",\"https:\/\/x.com\/kawasakirobot\",\"https:\/\/www.youtube.com\/user\/KawasakiRobots?sub_confirmation=1\",\"https:\/\/www.linkedin.com\/company\/kawasaki-robotics\"]}]}<\/script>\n<!-- \/ Yoast SEO plugin. -->","yoast_head_json":{"title":"Pol\u00edtica de cookies | Industrial Robots by Kawasaki Robotics","description":"Kawasaki Heavy Industries | Pol\u00edtica de cookies","robots":{"index":"index","follow":"follow","max-snippet":"max-snippet:-1","max-image-preview":"max-image-preview:large","max-video-preview":"max-video-preview:-1"},"canonical":"https:\/\/kawasakirobotics.com\/br\/politica-de-cookies\/","og_locale":"pt_BR","og_type":"article","og_title":"Pol\u00edtica de cookies | Industrial Robots by Kawasaki Robotics","og_description":"Kawasaki Heavy Industries | Pol\u00edtica de cookies","og_url":"https:\/\/kawasakirobotics.com\/br\/politica-de-cookies\/","og_site_name":"Kawasaki Robotics","article_publisher":"https:\/\/www.facebook.com\/Kawasaki-Robotics-264043869602","article_modified_time":"2025-01-27T14:00:02+00:00","og_image":[{"url":"https:\/\/kawasakirobotics.com\/content\/themes\/krobot-theme\/src\/images\/default\/ogp.jpg","width":"1200","height":"630","type":"image\/jpeg"}],"twitter_card":"summary_large_image","twitter_site":"@kawasakirobot","schema":{"@context":"https:\/\/schema.org","@graph":[{"@type":"WebPage","@id":"https:\/\/kawasakirobotics.com\/br\/politica-de-cookies\/","url":"https:\/\/kawasakirobotics.com\/br\/politica-de-cookies\/","name":"Pol\u00edtica de cookies | Industrial Robots by Kawasaki Robotics","isPartOf":{"@id":"https:\/\/kawasakirobotics.com\/br\/#website"},"datePublished":"2022-02-10T04:57:42+00:00","dateModified":"2025-01-27T14:00:02+00:00","description":"Kawasaki Heavy Industries | Pol\u00edtica de cookies","breadcrumb":{"@id":"https:\/\/kawasakirobotics.com\/br\/politica-de-cookies\/#breadcrumb"},"inLanguage":"pt-BR","potentialAction":[{"@type":"ReadAction","target":["https:\/\/kawasakirobotics.com\/br\/politica-de-cookies\/"]}]},{"@type":"BreadcrumbList","@id":"https:\/\/kawasakirobotics.com\/br\/politica-de-cookies\/#breadcrumb","itemListElement":[{"@type":"ListItem","position":1,"name":"In\u00edcio","item":"https:\/\/kawasakirobotics.com\/br\/"},{"@type":"ListItem","position":2,"name":"Pol\u00edtica de cookies"}]},{"@type":"WebSite","@id":"https:\/\/kawasakirobotics.com\/br\/#website","url":"https:\/\/kawasakirobotics.com\/br\/","name":"Kawasaki Robotics","description":"","publisher":{"@id":"https:\/\/kawasakirobotics.com\/br\/#organization"},"potentialAction":[{"@type":"SearchAction","target":{"@type":"EntryPoint","urlTemplate":"https:\/\/kawasakirobotics.com\/br\/?s={search_term_string}"},"query-input":{"@type":"PropertyValueSpecification","valueRequired":true,"valueName":"search_term_string"}}],"inLanguage":"pt-BR"},{"@type":"Organization","@id":"https:\/\/kawasakirobotics.com\/br\/#organization","name":"\u5ddd\u5d0e\u91cd\u5de5\u696d\u30ed\u30dc\u30c3\u30c8\u30c7\u30a3\u30d3\u30b8\u30e7\u30f3","url":"https:\/\/kawasakirobotics.com\/br\/","logo":{"@type":"ImageObject","inLanguage":"pt-BR","@id":"https:\/\/kawasakirobotics.com\/br\/#\/schema\/logo\/image\/","url":"","contentUrl":"","caption":"\u5ddd\u5d0e\u91cd\u5de5\u696d\u30ed\u30dc\u30c3\u30c8\u30c7\u30a3\u30d3\u30b8\u30e7\u30f3"},"image":{"@id":"https:\/\/kawasakirobotics.com\/br\/#\/schema\/logo\/image\/"},"sameAs":["https:\/\/www.facebook.com\/Kawasaki-Robotics-264043869602","https:\/\/x.com\/kawasakirobot","https:\/\/www.youtube.com\/user\/KawasakiRobots?sub_confirmation=1","https:\/\/www.linkedin.com\/company\/kawasaki-robotics"]}]}},"_links":{"self":[{"href":"https:\/\/kawasakirobotics.com\/br\/wp-json\/wp\/v2\/pages\/3292","targetHints":{"allow":["GET"]}}],"collection":[{"href":"https:\/\/kawasakirobotics.com\/br\/wp-json\/wp\/v2\/pages"}],"about":[{"href":"https:\/\/kawasakirobotics.com\/br\/wp-json\/wp\/v2\/types\/page"}],"author":[{"embeddable":true,"href":"https:\/\/kawasakirobotics.com\/br\/wp-json\/wp\/v2\/users\/9"}],"replies":[{"embeddable":true,"href":"https:\/\/kawasakirobotics.com\/br\/wp-json\/wp\/v2\/comments?post=3292"}],"version-history":[{"count":7,"href":"https:\/\/kawasakirobotics.com\/br\/wp-json\/wp\/v2\/pages\/3292\/revisions"}],"predecessor-version":[{"id":8441,"href":"https:\/\/kawasakirobotics.com\/br\/wp-json\/wp\/v2\/pages\/3292\/revisions\/8441"}],"wp:attachment":[{"href":"https:\/\/kawasakirobotics.com\/br\/wp-json\/wp\/v2\/media?parent=3292"}],"curies":[{"name":"wp","href":"https:\/\/api.w.org\/{rel}","templated":true}]}}