{"id":3349,"date":"2022-01-19T17:41:06","date_gmt":"2022-01-19T08:41:06","guid":{"rendered":"urn:uuid:43314d1a-87fe-4771-b177-82409d5bb71a"},"modified":"2025-06-21T03:17:58","modified_gmt":"2025-06-21T06:17:58","slug":"locais","status":"publish","type":"page","link":"https:\/\/kawasakirobotics.com\/br\/company\/locais\/","title":{"rendered":"Localiza\u00e7\u00f5es"},"content":{"rendered":"<div class=\"taro-iframe-block-wrapper taro-iframe-responsive\"><div class=\"taro-iframe-responsive-spacer\" style=\"padding-top: 75.000000%\"><\/div> <iframe src=\"https:\/\/www.google.com\/maps\/d\/embed?mid=1nrO67MZNs-ELF22T0jnidAbYPfv-_N7b&amp;ehbc=2E312F&amp;hl=en\" width=\"640\" height=\"480\" loading=\"lazy\"><\/iframe><\/div>\n\n\n<h3 class=\"wp-block-heading\">\u2776 Kawasaki Robotics (USA), Inc.<\/h3>\n\n\n\n<figure class=\"wp-block-flexible-table-block-table\"><table class=\"has-fixed-layout\"><tbody><tr><td style=\"width:25%\">Endere\u00e7o<\/td><td>28140 Lakeview Drive, Wixom, Michigan 48393 ,EUA<\/td><\/tr><tr><td style=\"width:25%\">Respons\u00e1vel por<\/td><td>Estados Unidos, Canad\u00e1, M\u00e9xico, Am\u00e9rica Central e do Sul<\/td><\/tr><tr><td style=\"width:25%\">TEL<\/td><td>+1-248-446-4100<\/td><\/tr><tr><td style=\"width:25%\">FAX<\/td><td>+1-248-446-4200<\/td><\/tr><tr><td style=\"width:25%\">URL<\/td><td><a href=\"https:\/\/kawasakirobotics.com\" target=\"_blank\" rel=\"noreferrer noopener\">https:\/\/kawasakirobotics.com<\/a><\/td><\/tr><\/tbody><\/table><\/figure>\n\n\n\n<h3 class=\"wp-block-heading\">\u2777 Kawasaki Robotics(USA),Inc<br>San Jose Sales &amp; Service Office<br>Inclui a Divis\u00e3o de Semicondutores<\/h3>\n\n\n\n<figure class=\"wp-block-flexible-table-block-table\"><table class=\"has-fixed-layout\"><tbody><tr><td style=\"width:25%\">Endere\u00e7o<\/td><td>145 Rio Robles, Suite 100, San Jose, CA 95134<\/td><\/tr><tr><td style=\"width:25%\">Respons\u00e1vel por<\/td><td>Estados Unidos, Canad\u00e1, M\u00e9xico, Am\u00e9rica Central e do Sul<\/td><\/tr><tr><td style=\"width:25%\">TEL<\/td><td>+1-408-432-0990<\/td><\/tr><tr><td style=\"width:25%\">FAX<\/td><td>+1-408-432-0996<\/td><\/tr><tr><td style=\"width:25%\">URL<\/td><td><a href=\"https:\/\/kawasakirobotics.com\" target=\"_blank\" rel=\"noreferrer noopener\">https:\/\/kawasakirobotics.com<\/a><\/td><\/tr><\/tbody><\/table><\/figure>\n\n\n\n<h3 class=\"wp-block-heading\">\u2778 Kawasaki Robotics(USA),Inc<br>Louisville Sales &amp; Service Office<\/h3>\n\n\n\n<figure class=\"wp-block-flexible-table-block-table\"><table class=\"has-fixed-layout\"><tbody><tr><td style=\"width:25%\">Endere\u00e7o<\/td><td>3326 Gilmore Industrial Blvd., Louisville, KY 40213<\/td><\/tr><tr><td style=\"width:25%\">Respons\u00e1vel por<\/td><td>Estados Unidos, Canad\u00e1, M\u00e9xico, Am\u00e9rica Central e Am\u00e9rica do Sul<\/td><\/tr><tr><td style=\"width:25%\">TEL<\/td><td>+1-502-893-3889<\/td><\/tr><tr><td style=\"width:25%\">URL<\/td><td><a href=\"https:\/\/kawasakirobotics.com\" target=\"_blank\" rel=\"noreferrer noopener\">https:\/\/kawasakirobotics.com<\/a><\/td><\/tr><\/tbody><\/table><\/figure>\n\n\n\n<h3 class=\"wp-block-heading\">\u2779 Kawasaki Robotics(USA),Inc<br>Huntsville Service Office<\/h3>\n\n\n\n<figure class=\"wp-block-flexible-table-block-table\"><table class=\"has-fixed-layout\"><tbody><tr><td style=\"width:25%\">Endere\u00e7o<\/td><td>436 Nick Fitcheard Road, Unit C, Huntsville, AL 35806<\/td><\/tr><tr><td style=\"width:25%\">Respons\u00e1vel por<\/td><td>Estados Unidos, Canad\u00e1, M\u00e9xico, Am\u00e9rica Central e Am\u00e9rica do Sul<\/td><\/tr><tr><td style=\"width:25%\">TEL<\/td><td>+1-248-446-4271<\/td><\/tr><tr><td style=\"width:25%\">URL<\/td><td><a href=\"https:\/\/kawasakirobotics.com\" target=\"_blank\" rel=\"noreferrer noopener\">https:\/\/kawasakirobotics.com<\/a><\/td><\/tr><\/tbody><\/table><\/figure>\n\n\n\n<h3 class=\"wp-block-heading\">\u277a Kawasaki Robotics(USA),Inc<br>Canada Service Office<\/h3>\n\n\n\n<figure class=\"wp-block-flexible-table-block-table\"><table class=\"has-fixed-layout\"><tbody><tr><td style=\"width:25%\">Endere\u00e7o<\/td><td>405 Maple Grove Road, Unit 10, Cambridge, Ont\u00e1rio<\/td><\/tr><tr><td style=\"width:25%\">Respons\u00e1vel por<\/td><td>Estados Unidos, Canad\u00e1, M\u00e9xico, Am\u00e9rica Central e Am\u00e9rica do Sul<\/td><\/tr><tr><td style=\"width:25%\">TEL<\/td><td>+1-905-304-7784<\/td><\/tr><tr><td style=\"width:25%\">URL<\/td><td><a href=\"https:\/\/kawasakirobotics.com\" target=\"_blank\" rel=\"noreferrer noopener\">https:\/\/kawasakirobotics.com<\/a><\/td><\/tr><\/tbody><\/table><\/figure>\n\n\n\n<h3 class=\"wp-block-heading\">\u277b Kawasaki Robotics(USA),Inc<br>Escrit\u00f3rio de Vendas e Servi\u00e7os do M\u00e9xico<\/h3>\n\n\n\n<figure class=\"wp-block-flexible-table-block-table\"><table class=\"has-fixed-layout\"><tbody><tr><td style=\"width:25%\">Endere\u00e7o<\/td><td>Av. Fray Luis de Leon. Fray Luis de Leon. Ext. 7092 int. 56 y 57, Colinas del<br>Cimatario, 76090 Santiago de Queretaro, Qro., M\u00e9xico<\/td><\/tr><tr><td style=\"width:25%\">Respons\u00e1vel por<\/td><td>Estados Unidos, Canad\u00e1, M\u00e9xico, Am\u00e9rica Central e Am\u00e9rica do Sul<\/td><\/tr><tr><td style=\"width:25%\">TEL<\/td><td>+52-442-2911204<\/td><\/tr><tr><td style=\"width:25%\">URL<\/td><td><a href=\"https:\/\/kawasakirobotics.com\" target=\"_blank\" rel=\"noreferrer noopener\">https:\/\/kawasakirobotics.com<\/a><\/td><\/tr><\/tbody><\/table><\/figure>\n\n\n\n<div style=\"height:50px\" aria-hidden=\"true\" class=\"wp-block-spacer\"><\/div>\n\n\n<div class=\"taro-iframe-block-wrapper taro-iframe-responsive\"><div class=\"taro-iframe-responsive-spacer\" style=\"padding-top: 75.000000%\"><\/div> <iframe src=\"https:\/\/www.google.com\/maps\/d\/embed?mid=1tGPIqk2QngnNXJ9g78SkrOa527HzxiIz&amp;z=4&amp;ehbc=2E312F&amp;hl=en\" width=\"640\" height=\"480\" loading=\"lazy\"><\/iframe><\/div>\n\n\n<h3 class=\"wp-block-heading\">\u2776 Kawasaki Motores do Brasil &#8211; Filial Rob\u00f3tica<\/h3>\n\n\n\n<figure class=\"wp-block-flexible-table-block-table\"><table class=\"has-fixed-layout\"><tbody><tr><td style=\"width:25%\">Endere\u00e7o<\/td><td>Al Santos, 771, Jardim Paulista, S\u00e3o Paulo &#8211; S\u00e3o Paulo, 01419-001, Brasil<\/td><\/tr><tr><td style=\"width:25%\">Respons\u00e1vel por<\/td><td>Estados Unidos, Canad\u00e1, M\u00e9xico, Am\u00e9rica Central e Am\u00e9rica do Sul<\/td><\/tr><tr><td style=\"width:25%\">TEL<\/td><td>+55-11-2322-2305<\/td><\/tr><tr><td style=\"width:25%\">URL<\/td><td><a href=\"https:\/\/kawasakirobotics.com\" target=\"_blank\" rel=\"noreferrer noopener\">https:\/\/kawasakirobotics.com<\/a><\/td><\/tr><\/tbody><\/table><\/figure>\n\n\n\n<div style=\"height:100px\" aria-hidden=\"true\" class=\"wp-block-spacer\"><\/div>\n\n\n\n<h2 class=\"wp-block-heading alignfull has-text-align-center\">Sobre a divis\u00e3o<\/h2>\n\n\n\n<div class=\"wp-block-columns alignwide krobot-pattern-3cols krobot-pattern-plaincards is-layout-flex wp-container-core-columns-is-layout-28f84493 wp-block-columns-is-layout-flex\">\n<div class=\"wp-block-column krobot-pattern-3cols__item is-layout-flow wp-block-column-is-layout-flow\">\n<figure class=\"wp-block-image size-large krobot-pattern-plaincards__figure\"><img loading=\"lazy\" decoding=\"async\" width=\"950\" height=\"679\" src=\"https:\/\/kawasakirobotics.com\/tachyon\/2022\/02\/company_1.jpg?fit=900%2C679&#038;resize=900%2C643&#038;crop_strategy=smart\" alt=\"Foto a\u00e9rea da f\u00e1brica\" class=\"wp-image-1559\" srcset=\"https:\/\/kawasakirobotics.com\/tachyon\/sites\/2\/2022\/02\/company_1.jpg?fit=950%2C679&amp;zoom=1 950w, https:\/\/kawasakirobotics.com\/tachyon\/sites\/2\/2022\/02\/company_1.jpg?fit=950%2C679&amp;zoom=0.5 475w, https:\/\/kawasakirobotics.com\/tachyon\/sites\/2\/2022\/02\/company_1.jpg?fit=950%2C679&amp;zoom=0.25 238w\" sizes=\"auto, (max-width: 950px) 100vw, 950px\" data-recalc-dims=\"1\" \/><\/figure>\n\n\n\n<h3 class=\"wp-block-heading has-text-align-center krobot-pattern-plaincards__title\">Sobre a Divis\u00e3o de Rob\u00f4s<\/h3>\n\n\n\n<div class=\"wp-block-buttons krobot-pattern-plaincards__more is-horizontal is-content-justification-center is-layout-flex wp-container-core-buttons-is-layout-03627597 wp-block-buttons-is-layout-flex\">\n<div class=\"wp-block-button is-style-outline is-style-outline--1\"><a class=\"wp-block-button__link wp-element-button\" href=\"https:\/\/kawasakirobotics.com\/br\/company\/divisao-de-robotica\/\">MAIS<\/a><\/div>\n<\/div>\n<\/div>\n\n\n\n<div class=\"wp-block-column krobot-pattern-3cols__item is-layout-flow wp-block-column-is-layout-flow\">\n<figure class=\"wp-block-image size-large krobot-pattern-plaincards__figure\"><img loading=\"lazy\" decoding=\"async\" width=\"950\" height=\"679\" src=\"https:\/\/kawasakirobotics.com\/tachyon\/2022\/02\/company_4.jpg?fit=900%2C679&#038;resize=900%2C643&#038;crop_strategy=smart\" alt=\"Kawasaki UNIMATE\" class=\"wp-image-1563\" srcset=\"https:\/\/kawasakirobotics.com\/tachyon\/sites\/2\/2022\/02\/company_4.jpg?fit=950%2C679&amp;zoom=1 950w, https:\/\/kawasakirobotics.com\/tachyon\/sites\/2\/2022\/02\/company_4.jpg?fit=950%2C679&amp;zoom=0.5 475w, https:\/\/kawasakirobotics.com\/tachyon\/sites\/2\/2022\/02\/company_4.jpg?fit=950%2C679&amp;zoom=0.25 238w\" sizes=\"auto, (max-width: 950px) 100vw, 950px\" data-recalc-dims=\"1\" \/><\/figure>\n\n\n\n<h3 class=\"wp-block-heading has-text-align-center krobot-pattern-plaincards__title\">Historial<\/h3>\n\n\n\n<div class=\"wp-block-buttons krobot-pattern-plaincards__more is-horizontal is-content-justification-center is-layout-flex wp-container-core-buttons-is-layout-03627597 wp-block-buttons-is-layout-flex\">\n<div class=\"wp-block-button is-style-outline is-style-outline--2\"><a class=\"wp-block-button__link wp-element-button\" href=\"https:\/\/kawasakirobotics.com\/br\/company\/history\/\">MAIS<\/a><\/div>\n<\/div>\n<\/div>\n\n\n\n<div class=\"wp-block-column krobot-pattern-3cols__item is-layout-flow wp-block-column-is-layout-flow\">\n<figure class=\"wp-block-image size-large krobot-pattern-plaincards__figure\"><img loading=\"lazy\" decoding=\"async\" width=\"1755\" height=\"1241\" src=\"https:\/\/kawasakirobotics.com\/tachyon\/2022\/02\/company_6.jpg?fit=900%2C900&#038;resize=900%2C636&#038;crop_strategy=smart\" alt=\"Solu\u00e7\u00f5es Confi\u00e1veis da Kawasaki Robotics para o futuro\" class=\"wp-image-3180\" srcset=\"https:\/\/kawasakirobotics.com\/tachyon\/sites\/2\/2022\/02\/company_6.jpg?fit=1755%2C1241&amp;zoom=1 1755w, https:\/\/kawasakirobotics.com\/tachyon\/sites\/2\/2022\/02\/company_6.jpg?fit=1755%2C1241&amp;zoom=0.5 878w, https:\/\/kawasakirobotics.com\/tachyon\/sites\/2\/2022\/02\/company_6.jpg?fit=1755%2C1241&amp;zoom=0.25 439w\" sizes=\"auto, (max-width: 1755px) 100vw, 1755px\" data-recalc-dims=\"1\" \/><\/figure>\n\n\n\n<h3 class=\"wp-block-heading has-text-align-center krobot-pattern-plaincards__title\">Kawasaki Heavy Industries ltd.<\/h3>\n\n\n\n<div class=\"wp-block-buttons krobot-pattern-plaincards__more is-horizontal is-content-justification-center is-layout-flex wp-container-core-buttons-is-layout-03627597 wp-block-buttons-is-layout-flex\">\n<div class=\"wp-block-button is-style-outline is-style-outline--3\"><a class=\"wp-block-button__link wp-element-button\" href=\"https:\/\/kawasakirobotics.com\/br\/company\/sobre-nos\/\">MAIS<\/a><\/div>\n<\/div>\n<\/div>\n<\/div>\n\n\n\n<div style=\"height:3px\" aria-hidden=\"true\" class=\"wp-block-spacer\"><\/div>\n\n\n\n<div class=\"wp-block-columns alignwide krobot-pattern-3cols krobot-pattern-plaincards is-layout-flex wp-container-core-columns-is-layout-28f84493 wp-block-columns-is-layout-flex\">\n<div class=\"wp-block-column krobot-pattern-3cols__item is-layout-flow wp-block-column-is-layout-flow\">\n<figure class=\"wp-block-image size-large krobot-pattern-plaincards__figure\"><img loading=\"lazy\" decoding=\"async\" width=\"950\" height=\"679\" src=\"https:\/\/kawasakirobotics.com\/tachyon\/2022\/02\/company_7.jpg?fit=900%2C679&#038;resize=900%2C643&#038;crop_strategy=smart\" alt=\"ISO9001\u3000ISO14001\" class=\"wp-image-1565\" srcset=\"https:\/\/kawasakirobotics.com\/tachyon\/sites\/2\/2022\/02\/company_7.jpg?fit=950%2C679&amp;zoom=1 950w, https:\/\/kawasakirobotics.com\/tachyon\/sites\/2\/2022\/02\/company_7.jpg?fit=950%2C679&amp;zoom=0.5 475w, https:\/\/kawasakirobotics.com\/tachyon\/sites\/2\/2022\/02\/company_7.jpg?fit=950%2C679&amp;zoom=0.25 238w\" sizes=\"auto, (max-width: 950px) 100vw, 950px\" data-recalc-dims=\"1\" \/><\/figure>\n\n\n\n<h3 class=\"wp-block-heading has-text-align-center krobot-pattern-plaincards__title\">Registos ISO<\/h3>\n\n\n\n<div class=\"wp-block-buttons krobot-pattern-plaincards__more is-horizontal is-content-justification-center is-layout-flex wp-container-core-buttons-is-layout-03627597 wp-block-buttons-is-layout-flex\">\n<div class=\"wp-block-button is-style-outline is-style-outline--4\"><a class=\"wp-block-button__link wp-element-button\" href=\"https:\/\/kawasakirobotics.com\/br\/company\/iso\/\">MAIS<\/a><\/div>\n<\/div>\n<\/div>\n\n\n\n<div class=\"wp-block-column krobot-pattern-3cols__item is-layout-flow wp-block-column-is-layout-flow\">\n<figure class=\"wp-block-image size-large krobot-pattern-plaincards__figure\"><img loading=\"lazy\" decoding=\"async\" width=\"950\" height=\"679\" src=\"https:\/\/kawasakirobotics.com\/tachyon\/2022\/02\/company_8.jpg?fit=900%2C679&#038;resize=900%2C643&#038;crop_strategy=smart\" alt=\"Maravilha\" class=\"wp-image-1566\" srcset=\"https:\/\/kawasakirobotics.com\/tachyon\/sites\/2\/2022\/02\/company_8.jpg?fit=950%2C679&amp;zoom=1 950w, https:\/\/kawasakirobotics.com\/tachyon\/sites\/2\/2022\/02\/company_8.jpg?fit=950%2C679&amp;zoom=0.5 475w, https:\/\/kawasakirobotics.com\/tachyon\/sites\/2\/2022\/02\/company_8.jpg?fit=950%2C679&amp;zoom=0.25 238w\" sizes=\"auto, (max-width: 950px) 100vw, 950px\" data-recalc-dims=\"1\" \/><\/figure>\n\n\n\n<h3 class=\"wp-block-heading has-text-align-center krobot-pattern-plaincards__title\">Carreiras<\/h3>\n\n\n\n<div class=\"wp-block-buttons krobot-pattern-plaincards__more is-horizontal is-content-justification-center is-layout-flex wp-container-core-buttons-is-layout-03627597 wp-block-buttons-is-layout-flex\">\n<div class=\"wp-block-button is-style-outline is-style-outline--5\"><a class=\"wp-block-button__link wp-element-button\" href=\"https:\/\/kawasakirobotics.com\/br\/company\/carreiras\/\">MAIS<\/a><\/div>\n<\/div>\n<\/div>\n<\/div>\n\n\n\n<p><\/p>\n","protected":false},"excerpt":{"rendered":"<p>\u2776 Kawasaki Robotics (USA), Inc. \u2777 Kawasaki Robotics(USA),IncSan Jose Sales &amp;; Service OfficeInclui a Divis\u00e3o de Semicondutores \u2778 Kawasaki Robotics(USA),IncLouisville Sales &amp;; Escrit\u00f3rio de Servi\u00e7os \u2779 Kawasaki Robotics(USA),IncHuntsville Escrit\u00f3rio de Servi\u00e7os \u277a Kawasaki Robotics(USA),IncEscrit\u00f3rio de Servi\u00e7os do Canad\u00e1 \u277b Kawasaki Robotics(USA),IncM\u00e9xico Vendas &amp; amp; Escrit\u00f3rio de Servi\u00e7os \u2776 Kawasaki Motores do Brasil &#8211; Filial Rob\u00f3tica Sobre Sobre a Divis\u00e3o de Rob\u00f4s Hist\u00f3ria Kawasaki Heavy Industries ltd. Registos ISO Carreiras<\/p>\n","protected":false},"author":9,"featured_media":0,"parent":30,"menu_order":2,"comment_status":"closed","ping_status":"closed","template":"","meta":{"ep_exclude_from_search":false,"footnotes":""},"class_list":["post-3349","page","type-page","status-publish","hentry"],"yoast_head":"<!-- This site is optimized with the Yoast SEO plugin v25.9 - https:\/\/yoast.com\/wordpress\/plugins\/seo\/ -->\n<title>Localiza\u00e7\u00f5es | Rob\u00f4s Industriais da Kawasaki Robotics<\/title>\n<meta name=\"description\" content=\"Descubra as localiza\u00e7\u00f5es da Kawasaki Heavy Industries na Am\u00e9rica, ligando-o aos nossos servi\u00e7os de engenharia de classe mundial e solu\u00e7\u00f5es inovadoras.\" \/>\n<meta name=\"robots\" content=\"index, follow, max-snippet:-1, max-image-preview:large, max-video-preview:-1\" \/>\n<link rel=\"canonical\" href=\"https:\/\/kawasakirobotics.com\/br\/company\/locais\/\" \/>\n<meta property=\"og:locale\" content=\"pt_BR\" \/>\n<meta property=\"og:type\" content=\"article\" \/>\n<meta property=\"og:title\" content=\"Localiza\u00e7\u00f5es | Rob\u00f4s Industriais da Kawasaki Robotics\" \/>\n<meta property=\"og:description\" content=\"Descubra as localiza\u00e7\u00f5es da Kawasaki Heavy Industries na Am\u00e9rica, ligando-o aos nossos servi\u00e7os de engenharia de classe mundial e solu\u00e7\u00f5es inovadoras.\" \/>\n<meta property=\"og:url\" content=\"https:\/\/kawasakirobotics.com\/br\/company\/locais\/\" \/>\n<meta property=\"og:site_name\" content=\"Kawasaki Robotics\" \/>\n<meta property=\"article:publisher\" content=\"https:\/\/www.facebook.com\/Kawasaki-Robotics-264043869602\" \/>\n<meta property=\"article:modified_time\" content=\"2025-06-21T06:17:58+00:00\" \/>\n<meta property=\"og:image\" content=\"https:\/\/kawasakirobotics.com\/content\/themes\/krobot-theme\/src\/images\/default\/ogp.jpg\" \/>\n\t<meta property=\"og:image:width\" content=\"1200\" \/>\n\t<meta property=\"og:image:height\" content=\"630\" \/>\n\t<meta property=\"og:image:type\" content=\"image\/jpeg\" \/>\n<meta name=\"twitter:card\" content=\"summary_large_image\" \/>\n<meta name=\"twitter:site\" content=\"@kawasakirobot\" \/>\n<script type=\"application\/ld+json\" class=\"yoast-schema-graph\">{\"@context\":\"https:\/\/schema.org\",\"@graph\":[{\"@type\":\"WebPage\",\"@id\":\"https:\/\/kawasakirobotics.com\/br\/company\/locais\/\",\"url\":\"https:\/\/kawasakirobotics.com\/br\/company\/locais\/\",\"name\":\"Localiza\u00e7\u00f5es | Rob\u00f4s Industriais da Kawasaki Robotics\",\"isPartOf\":{\"@id\":\"https:\/\/kawasakirobotics.com\/br\/#website\"},\"primaryImageOfPage\":{\"@id\":\"https:\/\/kawasakirobotics.com\/br\/company\/locais\/#primaryimage\"},\"image\":{\"@id\":\"https:\/\/kawasakirobotics.com\/br\/company\/locais\/#primaryimage\"},\"thumbnailUrl\":\"https:\/\/kawasakirobotics.com\/uploads\/2022\/02\/company_1.jpg?fit=900%2C679\",\"datePublished\":\"2022-01-19T08:41:06+00:00\",\"dateModified\":\"2025-06-21T06:17:58+00:00\",\"description\":\"Descubra as localiza\u00e7\u00f5es da Kawasaki Heavy Industries na Am\u00e9rica, ligando-o aos nossos servi\u00e7os de engenharia de classe mundial e solu\u00e7\u00f5es inovadoras.\",\"breadcrumb\":{\"@id\":\"https:\/\/kawasakirobotics.com\/br\/company\/locais\/#breadcrumb\"},\"inLanguage\":\"pt-BR\",\"potentialAction\":[{\"@type\":\"ReadAction\",\"target\":[\"https:\/\/kawasakirobotics.com\/br\/company\/locais\/\"]}]},{\"@type\":\"ImageObject\",\"inLanguage\":\"pt-BR\",\"@id\":\"https:\/\/kawasakirobotics.com\/br\/company\/locais\/#primaryimage\",\"url\":\"https:\/\/kawasakirobotics.com\/uploads\/2022\/02\/company_1.jpg?fit=900%2C679\",\"contentUrl\":\"https:\/\/kawasakirobotics.com\/uploads\/2022\/02\/company_1.jpg?fit=900%2C679\"},{\"@type\":\"BreadcrumbList\",\"@id\":\"https:\/\/kawasakirobotics.com\/br\/company\/locais\/#breadcrumb\",\"itemListElement\":[{\"@type\":\"ListItem\",\"position\":1,\"name\":\"In\u00edcio\",\"item\":\"https:\/\/kawasakirobotics.com\/br\/\"},{\"@type\":\"ListItem\",\"position\":2,\"name\":\"Sobre\",\"item\":\"https:\/\/kawasakirobotics.com\/br\/company\/\"},{\"@type\":\"ListItem\",\"position\":3,\"name\":\"Localiza\u00e7\u00f5es\"}]},{\"@type\":\"WebSite\",\"@id\":\"https:\/\/kawasakirobotics.com\/br\/#website\",\"url\":\"https:\/\/kawasakirobotics.com\/br\/\",\"name\":\"Kawasaki Robotics\",\"description\":\"\",\"publisher\":{\"@id\":\"https:\/\/kawasakirobotics.com\/br\/#organization\"},\"potentialAction\":[{\"@type\":\"SearchAction\",\"target\":{\"@type\":\"EntryPoint\",\"urlTemplate\":\"https:\/\/kawasakirobotics.com\/br\/?s={search_term_string}\"},\"query-input\":{\"@type\":\"PropertyValueSpecification\",\"valueRequired\":true,\"valueName\":\"search_term_string\"}}],\"inLanguage\":\"pt-BR\"},{\"@type\":\"Organization\",\"@id\":\"https:\/\/kawasakirobotics.com\/br\/#organization\",\"name\":\"\u5ddd\u5d0e\u91cd\u5de5\u696d\u30ed\u30dc\u30c3\u30c8\u30c7\u30a3\u30d3\u30b8\u30e7\u30f3\",\"url\":\"https:\/\/kawasakirobotics.com\/br\/\",\"logo\":{\"@type\":\"ImageObject\",\"inLanguage\":\"pt-BR\",\"@id\":\"https:\/\/kawasakirobotics.com\/br\/#\/schema\/logo\/image\/\",\"url\":\"\",\"contentUrl\":\"\",\"caption\":\"\u5ddd\u5d0e\u91cd\u5de5\u696d\u30ed\u30dc\u30c3\u30c8\u30c7\u30a3\u30d3\u30b8\u30e7\u30f3\"},\"image\":{\"@id\":\"https:\/\/kawasakirobotics.com\/br\/#\/schema\/logo\/image\/\"},\"sameAs\":[\"https:\/\/www.facebook.com\/Kawasaki-Robotics-264043869602\",\"https:\/\/x.com\/kawasakirobot\",\"https:\/\/www.youtube.com\/user\/KawasakiRobots?sub_confirmation=1\",\"https:\/\/www.linkedin.com\/company\/kawasaki-robotics\"]}]}<\/script>\n<!-- \/ Yoast SEO plugin. -->","yoast_head_json":{"title":"Localiza\u00e7\u00f5es | Rob\u00f4s Industriais da Kawasaki Robotics","description":"Descubra as localiza\u00e7\u00f5es da Kawasaki Heavy Industries na Am\u00e9rica, ligando-o aos nossos servi\u00e7os de engenharia de classe mundial e solu\u00e7\u00f5es inovadoras.","robots":{"index":"index","follow":"follow","max-snippet":"max-snippet:-1","max-image-preview":"max-image-preview:large","max-video-preview":"max-video-preview:-1"},"canonical":"https:\/\/kawasakirobotics.com\/br\/company\/locais\/","og_locale":"pt_BR","og_type":"article","og_title":"Localiza\u00e7\u00f5es | Rob\u00f4s Industriais da Kawasaki Robotics","og_description":"Descubra as localiza\u00e7\u00f5es da Kawasaki Heavy Industries na Am\u00e9rica, ligando-o aos nossos servi\u00e7os de engenharia de classe mundial e solu\u00e7\u00f5es inovadoras.","og_url":"https:\/\/kawasakirobotics.com\/br\/company\/locais\/","og_site_name":"Kawasaki Robotics","article_publisher":"https:\/\/www.facebook.com\/Kawasaki-Robotics-264043869602","article_modified_time":"2025-06-21T06:17:58+00:00","og_image":[{"url":"https:\/\/kawasakirobotics.com\/content\/themes\/krobot-theme\/src\/images\/default\/ogp.jpg","width":"1200","height":"630","type":"image\/jpeg"}],"twitter_card":"summary_large_image","twitter_site":"@kawasakirobot","schema":{"@context":"https:\/\/schema.org","@graph":[{"@type":"WebPage","@id":"https:\/\/kawasakirobotics.com\/br\/company\/locais\/","url":"https:\/\/kawasakirobotics.com\/br\/company\/locais\/","name":"Localiza\u00e7\u00f5es | Rob\u00f4s Industriais da Kawasaki Robotics","isPartOf":{"@id":"https:\/\/kawasakirobotics.com\/br\/#website"},"primaryImageOfPage":{"@id":"https:\/\/kawasakirobotics.com\/br\/company\/locais\/#primaryimage"},"image":{"@id":"https:\/\/kawasakirobotics.com\/br\/company\/locais\/#primaryimage"},"thumbnailUrl":"https:\/\/kawasakirobotics.com\/uploads\/2022\/02\/company_1.jpg?fit=900%2C679","datePublished":"2022-01-19T08:41:06+00:00","dateModified":"2025-06-21T06:17:58+00:00","description":"Descubra as localiza\u00e7\u00f5es da Kawasaki Heavy Industries na Am\u00e9rica, ligando-o aos nossos servi\u00e7os de engenharia de classe mundial e solu\u00e7\u00f5es inovadoras.","breadcrumb":{"@id":"https:\/\/kawasakirobotics.com\/br\/company\/locais\/#breadcrumb"},"inLanguage":"pt-BR","potentialAction":[{"@type":"ReadAction","target":["https:\/\/kawasakirobotics.com\/br\/company\/locais\/"]}]},{"@type":"ImageObject","inLanguage":"pt-BR","@id":"https:\/\/kawasakirobotics.com\/br\/company\/locais\/#primaryimage","url":"https:\/\/kawasakirobotics.com\/uploads\/2022\/02\/company_1.jpg?fit=900%2C679","contentUrl":"https:\/\/kawasakirobotics.com\/uploads\/2022\/02\/company_1.jpg?fit=900%2C679"},{"@type":"BreadcrumbList","@id":"https:\/\/kawasakirobotics.com\/br\/company\/locais\/#breadcrumb","itemListElement":[{"@type":"ListItem","position":1,"name":"In\u00edcio","item":"https:\/\/kawasakirobotics.com\/br\/"},{"@type":"ListItem","position":2,"name":"Sobre","item":"https:\/\/kawasakirobotics.com\/br\/company\/"},{"@type":"ListItem","position":3,"name":"Localiza\u00e7\u00f5es"}]},{"@type":"WebSite","@id":"https:\/\/kawasakirobotics.com\/br\/#website","url":"https:\/\/kawasakirobotics.com\/br\/","name":"Kawasaki Robotics","description":"","publisher":{"@id":"https:\/\/kawasakirobotics.com\/br\/#organization"},"potentialAction":[{"@type":"SearchAction","target":{"@type":"EntryPoint","urlTemplate":"https:\/\/kawasakirobotics.com\/br\/?s={search_term_string}"},"query-input":{"@type":"PropertyValueSpecification","valueRequired":true,"valueName":"search_term_string"}}],"inLanguage":"pt-BR"},{"@type":"Organization","@id":"https:\/\/kawasakirobotics.com\/br\/#organization","name":"\u5ddd\u5d0e\u91cd\u5de5\u696d\u30ed\u30dc\u30c3\u30c8\u30c7\u30a3\u30d3\u30b8\u30e7\u30f3","url":"https:\/\/kawasakirobotics.com\/br\/","logo":{"@type":"ImageObject","inLanguage":"pt-BR","@id":"https:\/\/kawasakirobotics.com\/br\/#\/schema\/logo\/image\/","url":"","contentUrl":"","caption":"\u5ddd\u5d0e\u91cd\u5de5\u696d\u30ed\u30dc\u30c3\u30c8\u30c7\u30a3\u30d3\u30b8\u30e7\u30f3"},"image":{"@id":"https:\/\/kawasakirobotics.com\/br\/#\/schema\/logo\/image\/"},"sameAs":["https:\/\/www.facebook.com\/Kawasaki-Robotics-264043869602","https:\/\/x.com\/kawasakirobot","https:\/\/www.youtube.com\/user\/KawasakiRobots?sub_confirmation=1","https:\/\/www.linkedin.com\/company\/kawasaki-robotics"]}]}},"_links":{"self":[{"href":"https:\/\/kawasakirobotics.com\/br\/wp-json\/wp\/v2\/pages\/3349","targetHints":{"allow":["GET"]}}],"collection":[{"href":"https:\/\/kawasakirobotics.com\/br\/wp-json\/wp\/v2\/pages"}],"about":[{"href":"https:\/\/kawasakirobotics.com\/br\/wp-json\/wp\/v2\/types\/page"}],"author":[{"embeddable":true,"href":"https:\/\/kawasakirobotics.com\/br\/wp-json\/wp\/v2\/users\/9"}],"replies":[{"embeddable":true,"href":"https:\/\/kawasakirobotics.com\/br\/wp-json\/wp\/v2\/comments?post=3349"}],"version-history":[{"count":36,"href":"https:\/\/kawasakirobotics.com\/br\/wp-json\/wp\/v2\/pages\/3349\/revisions"}],"predecessor-version":[{"id":9117,"href":"https:\/\/kawasakirobotics.com\/br\/wp-json\/wp\/v2\/pages\/3349\/revisions\/9117"}],"up":[{"embeddable":true,"href":"https:\/\/kawasakirobotics.com\/br\/wp-json\/wp\/v2\/pages\/30"}],"wp:attachment":[{"href":"https:\/\/kawasakirobotics.com\/br\/wp-json\/wp\/v2\/media?parent=3349"}],"curies":[{"name":"wp","href":"https:\/\/api.w.org\/{rel}","templated":true}]}}