{"id":3351,"date":"2022-01-19T17:46:05","date_gmt":"2022-01-19T08:46:05","guid":{"rendered":"urn:uuid:ea6275e6-44c9-4e65-a6ce-c1182e562a6d"},"modified":"2026-04-07T04:53:37","modified_gmt":"2026-04-07T07:53:37","slug":"iso","status":"publish","type":"page","link":"https:\/\/kawasakirobotics.com\/br\/company\/iso\/","title":{"rendered":"Registos ISO"},"content":{"rendered":"\n<h2 class=\"wp-block-heading\">Declara\u00e7\u00e3o de Pol\u00edtica Ambiental e de Qualidade<\/h2>\n\n\n\n<p>A Kawasaki Robotics (USA), Inc. fornece rob\u00f4s industriais e sistemas rob\u00f3ticos automatizados altamente fi\u00e1veis e duradouros aos nossos clientes, com um excelente servi\u00e7o ao cliente prestado por funcion\u00e1rios experientes. Temos uma Pol\u00edtica de Qualidade e Ambiental para criar um ambiente de trabalho produtivo e desafiador, fornecendo a todos os funcion\u00e1rios a forma\u00e7\u00e3o e as ferramentas para realizar o seu trabalho com seguran\u00e7a e com o mais alto padr\u00e3o.<\/p>\n\n\n\n<p>Os nossos objectivos estrat\u00e9gicos s\u00e3o<\/p>\n\n\n\n<ol class=\"wp-block-list\">\n<li>Desenvolver objectivos de qualidade e ambientais com medidas<\/li>\n\n\n\n<li>Forneceremos produtos e servi\u00e7os que satisfa\u00e7am ou excedam os requisitos e as expectativas dos nossos clientes<\/li>\n\n\n\n<li>Esfor\u00e7amo-nos por fornecer produtos e servi\u00e7os amigos do ambiente e contribuir para o desenvolvimento de uma sociedade sustent\u00e1vel<\/li>\n\n\n\n<li>Trabalhamos ativamente na poupan\u00e7a de energia, na minimiza\u00e7\u00e3o dos res\u00edduos, na reciclagem e na preven\u00e7\u00e3o da polui\u00e7\u00e3o, a fim de valorizar os recursos limitados da natureza e reduzir os encargos para o ambiente global<\/li>\n\n\n\n<li>Comprometemo-nos a melhorar continuamente os nossos servi\u00e7os e produtos com vista \u00e0 excel\u00eancia<\/li>\n\n\n\n<li>Rever e melhorar continuamente a efic\u00e1cia dos nossos sistemas de gest\u00e3o da qualidade e do ambiente<\/li>\n\n\n\n<li>Garantir a conformidade com as leis, regras e regulamentos aplic\u00e1veis<\/li>\n\n\n\n<li>Assegurar a conformidade com os requisitos das normas ISO 9001:2015 e ISO14001:2015  <\/li>\n\n\n\n<li>A gest\u00e3o de topo manter\u00e1 o compromisso e a lideran\u00e7a do sistema de qualidade. Assumir a responsabilidade pela efic\u00e1cia, estabelecendo a pol\u00edtica e os objectivos coerentes com a dire\u00e7\u00e3o estrat\u00e9gica e o contexto da organiza\u00e7\u00e3o<\/li>\n<\/ol>\n\n\n\n<p>FCD-0496; Rev-6<\/p>\n\n\n\n<div class=\"wp-block-buttons is-layout-flex wp-block-buttons-is-layout-flex\">\n<div class=\"wp-block-button\"><a class=\"wp-block-button__link wp-element-button\" href=\"https:\/\/kawasakirobotics.com\/uploads\/sites\/2\/2024\/11\/ISO-9001-CERT-9378-2004-AQ-HOU-ANAB-7-en-US-20231206-20231206183635.pdf\" target=\"_blank\" rel=\"noreferrer noopener\">Descarregar a certifica\u00e7\u00e3o ISO 9001 atual<\/a><\/div>\n\n\n\n<div class=\"wp-block-button\"><a class=\"wp-block-button__link wp-element-button\" href=\"https:\/\/kawasakirobotics.com\/uploads\/sites\/2\/2024\/11\/ISO-14001-CERT-10883-2006-AE-HOU-ANAB-7-en-US-20231206-20231206183538.pdf\" target=\"_blank\" rel=\"noreferrer noopener\">Descarregar a certifica\u00e7\u00e3o ISO 14001 atual<\/a><\/div>\n<\/div>\n\n\n\n<h2 class=\"wp-block-heading alignfull has-text-align-center\">Acerca de<\/h2>\n\n\n\n<div class=\"wp-block-columns alignwide krobot-pattern-3cols krobot-pattern-plaincards is-layout-flex wp-container-core-columns-is-layout-28f84493 wp-block-columns-is-layout-flex\">\n<div class=\"wp-block-column krobot-pattern-3cols__item is-layout-flow wp-block-column-is-layout-flow\">\n<figure class=\"wp-block-image size-large krobot-pattern-plaincards__figure\"><img loading=\"lazy\" decoding=\"async\" width=\"950\" height=\"679\" src=\"https:\/\/kawasakirobotics.com\/tachyon\/2022\/02\/company_1.jpg?fit=900%2C679&#038;resize=900%2C643&#038;crop_strategy=smart\" alt=\"Sobre a Divis\u00e3o de Rob\u00f4s\" class=\"wp-image-1559\" srcset=\"https:\/\/kawasakirobotics.com\/tachyon\/sites\/2\/2022\/02\/company_1.jpg?fit=950%2C679&amp;zoom=1 950w, https:\/\/kawasakirobotics.com\/tachyon\/sites\/2\/2022\/02\/company_1.jpg?fit=950%2C679&amp;zoom=0.5 475w, https:\/\/kawasakirobotics.com\/tachyon\/sites\/2\/2022\/02\/company_1.jpg?fit=950%2C679&amp;zoom=0.25 238w\" sizes=\"auto, (max-width: 950px) 100vw, 950px\" data-recalc-dims=\"1\" \/><\/figure>\n\n\n\n<h3 class=\"wp-block-heading has-text-align-center krobot-pattern-plaincards__title\">Sobre a Divis\u00e3o de Rob\u00f3tica<\/h3>\n\n\n\n<div class=\"wp-block-buttons krobot-pattern-plaincards__more is-horizontal is-content-justification-center is-layout-flex wp-container-core-buttons-is-layout-03627597 wp-block-buttons-is-layout-flex\">\n<div class=\"wp-block-button is-style-outline is-style-outline--1\"><a class=\"wp-block-button__link wp-element-button\" href=\"https:\/\/kawasakirobotics.com\/br\/company\/divisao-de-robotica\/\">MAIS<\/a><\/div>\n<\/div>\n<\/div>\n\n\n\n<div class=\"wp-block-column krobot-pattern-3cols__item is-layout-flow wp-block-column-is-layout-flow\">\n<figure class=\"wp-block-image size-large krobot-pattern-plaincards__figure\"><img loading=\"lazy\" decoding=\"async\" width=\"950\" height=\"679\" src=\"https:\/\/kawasakirobotics.com\/tachyon\/2022\/02\/company_2.jpg?fit=900%2C679&#038;resize=900%2C643&#038;crop_strategy=smart\" alt=\"Localiza\u00e7\u00f5es da Kawasaki\" class=\"wp-image-1560\" srcset=\"https:\/\/kawasakirobotics.com\/tachyon\/sites\/2\/2022\/02\/company_2.jpg?fit=950%2C679&amp;zoom=1 950w, https:\/\/kawasakirobotics.com\/tachyon\/sites\/2\/2022\/02\/company_2.jpg?fit=950%2C679&amp;zoom=0.5 475w, https:\/\/kawasakirobotics.com\/tachyon\/sites\/2\/2022\/02\/company_2.jpg?fit=950%2C679&amp;zoom=0.25 238w\" sizes=\"auto, (max-width: 950px) 100vw, 950px\" data-recalc-dims=\"1\" \/><\/figure>\n\n\n\n<h3 class=\"wp-block-heading has-text-align-center krobot-pattern-plaincards__title\">Localiza\u00e7\u00f5es<\/h3>\n\n\n\n<div class=\"wp-block-buttons krobot-pattern-plaincards__more is-horizontal is-content-justification-center is-layout-flex wp-container-core-buttons-is-layout-03627597 wp-block-buttons-is-layout-flex\">\n<div class=\"wp-block-button is-style-outline is-style-outline--2\"><a class=\"wp-block-button__link wp-element-button\" href=\"https:\/\/kawasakirobotics.com\/br\/company\/locais\/\">MAIS<\/a><\/div>\n<\/div>\n<\/div>\n\n\n\n<div class=\"wp-block-column krobot-pattern-3cols__item is-layout-flow wp-block-column-is-layout-flow\">\n<figure class=\"wp-block-image size-large krobot-pattern-plaincards__figure\"><img loading=\"lazy\" decoding=\"async\" width=\"950\" height=\"679\" src=\"https:\/\/kawasakirobotics.com\/tachyon\/2022\/02\/company_4.jpg?fit=900%2C679&#038;resize=900%2C643&#038;crop_strategy=smart\" alt=\"Hist\u00f3ria\" class=\"wp-image-1563\" srcset=\"https:\/\/kawasakirobotics.com\/tachyon\/sites\/2\/2022\/02\/company_4.jpg?fit=950%2C679&amp;zoom=1 950w, https:\/\/kawasakirobotics.com\/tachyon\/sites\/2\/2022\/02\/company_4.jpg?fit=950%2C679&amp;zoom=0.5 475w, https:\/\/kawasakirobotics.com\/tachyon\/sites\/2\/2022\/02\/company_4.jpg?fit=950%2C679&amp;zoom=0.25 238w\" sizes=\"auto, (max-width: 950px) 100vw, 950px\" data-recalc-dims=\"1\" \/><\/figure>\n\n\n\n<h3 class=\"wp-block-heading has-text-align-center krobot-pattern-plaincards__title\">Historial<\/h3>\n\n\n\n<div class=\"wp-block-buttons krobot-pattern-plaincards__more is-horizontal is-content-justification-center is-layout-flex wp-container-core-buttons-is-layout-03627597 wp-block-buttons-is-layout-flex\">\n<div class=\"wp-block-button is-style-outline is-style-outline--3\"><a class=\"wp-block-button__link wp-element-button\" href=\"https:\/\/kawasakirobotics.com\/br\/company\/history\/\">MAIS<\/a><\/div>\n<\/div>\n<\/div>\n<\/div>\n\n\n\n<div style=\"height:3px\" aria-hidden=\"true\" class=\"wp-block-spacer\"><\/div>\n\n\n\n<div class=\"wp-block-columns alignwide krobot-pattern-3cols krobot-pattern-plaincards is-layout-flex wp-container-core-columns-is-layout-28f84493 wp-block-columns-is-layout-flex\">\n<div class=\"wp-block-column krobot-pattern-3cols__item is-layout-flow wp-block-column-is-layout-flow\">\n<figure class=\"wp-block-image size-large krobot-pattern-plaincards__figure\"><img loading=\"lazy\" decoding=\"async\" width=\"1755\" height=\"1241\" src=\"https:\/\/kawasakirobotics.com\/tachyon\/2022\/02\/company_6.jpg?fit=900%2C900&#038;resize=900%2C636&#038;crop_strategy=smart\" alt=\"Kawasaki Heavy Industries\" class=\"wp-image-3180\" srcset=\"https:\/\/kawasakirobotics.com\/tachyon\/sites\/2\/2022\/02\/company_6.jpg?fit=1755%2C1241&amp;zoom=1 1755w, https:\/\/kawasakirobotics.com\/tachyon\/sites\/2\/2022\/02\/company_6.jpg?fit=1755%2C1241&amp;zoom=0.5 878w, https:\/\/kawasakirobotics.com\/tachyon\/sites\/2\/2022\/02\/company_6.jpg?fit=1755%2C1241&amp;zoom=0.25 439w\" sizes=\"auto, (max-width: 1755px) 100vw, 1755px\" data-recalc-dims=\"1\" \/><\/figure>\n\n\n\n<h3 class=\"wp-block-heading has-text-align-center krobot-pattern-plaincards__title\">Kawasaki Heavy Industries ltd.<\/h3>\n\n\n\n<div class=\"wp-block-buttons krobot-pattern-plaincards__more is-horizontal is-content-justification-center is-layout-flex wp-container-core-buttons-is-layout-03627597 wp-block-buttons-is-layout-flex\">\n<div class=\"wp-block-button is-style-outline is-style-outline--4\"><a class=\"wp-block-button__link wp-element-button\" href=\"https:\/\/kawasakirobotics.com\/br\/company\/sobre-nos\/\">MAIS<\/a><\/div>\n<\/div>\n<\/div>\n\n\n\n<div class=\"wp-block-column krobot-pattern-3cols__item is-layout-flow wp-block-column-is-layout-flow\">\n<figure class=\"wp-block-image size-large krobot-pattern-plaincards__figure\"><img loading=\"lazy\" decoding=\"async\" width=\"950\" height=\"679\" src=\"https:\/\/kawasakirobotics.com\/tachyon\/2022\/02\/company_8.jpg?fit=900%2C679&#038;resize=900%2C643&#038;crop_strategy=smart\" alt=\"Carreiras na Kawasaki Robotics\" class=\"wp-image-1566\" srcset=\"https:\/\/kawasakirobotics.com\/tachyon\/sites\/2\/2022\/02\/company_8.jpg?fit=950%2C679&amp;zoom=1 950w, https:\/\/kawasakirobotics.com\/tachyon\/sites\/2\/2022\/02\/company_8.jpg?fit=950%2C679&amp;zoom=0.5 475w, https:\/\/kawasakirobotics.com\/tachyon\/sites\/2\/2022\/02\/company_8.jpg?fit=950%2C679&amp;zoom=0.25 238w\" sizes=\"auto, (max-width: 950px) 100vw, 950px\" data-recalc-dims=\"1\" \/><\/figure>\n\n\n\n<h3 class=\"wp-block-heading has-text-align-center krobot-pattern-plaincards__title\">Carreiras<\/h3>\n\n\n\n<div class=\"wp-block-buttons krobot-pattern-plaincards__more is-horizontal is-content-justification-center is-layout-flex wp-container-core-buttons-is-layout-03627597 wp-block-buttons-is-layout-flex\">\n<div class=\"wp-block-button is-style-outline is-style-outline--5\"><a class=\"wp-block-button__link wp-element-button\" href=\"https:\/\/kawasakirobotics.com\/br\/company\/carreiras\/\">MAIS<\/a><\/div>\n<\/div>\n<\/div>\n<\/div>\n","protected":false},"excerpt":{"rendered":"<p>Declara\u00e7\u00e3o de Pol\u00edtica de Qualidade e Ambiental A Kawasaki Robotics (USA), Inc. fornece rob\u00f4s industriais e sistemas rob\u00f3ticos automatizados altamente fi\u00e1veis e duradouros aos nossos clientes, com um excelente servi\u00e7o ao cliente prestado por funcion\u00e1rios experientes. Temos uma Pol\u00edtica de Qualidade e Ambiental para criar um ambiente de trabalho produtivo e desafiador, fornecendo a todos os funcion\u00e1rios a forma\u00e7\u00e3o e as ferramentas necess\u00e1rias para realizar o seu trabalho com seguran\u00e7a e ao mais alto n\u00edvel. Os nossos objectivos estrat\u00e9gicos s\u00e3o : FCD-0496; Rev-6 Acerca da Divis\u00e3o de Robots Localiza\u00e7\u00f5es Hist\u00f3ria Kawasaki Heavy Industries ltd. Carreiras<\/p>\n","protected":false},"author":13,"featured_media":0,"parent":30,"menu_order":6,"comment_status":"closed","ping_status":"closed","template":"","meta":{"ep_exclude_from_search":false,"footnotes":""},"class_list":["post-3351","page","type-page","status-publish","hentry"],"yoast_head":"<!-- This site is optimized with the Yoast SEO plugin v25.9 - https:\/\/yoast.com\/wordpress\/plugins\/seo\/ -->\n<title>Registos ISO | Rob\u00f4s Industriais da Kawasaki Robotics<\/title>\n<meta name=\"description\" content=\"Explore o compromisso de qualidade da Divis\u00e3o de Rob\u00f3tica com as nossas certifica\u00e7\u00f5es ISO, garantindo a conformidade e a satisfa\u00e7\u00e3o do cliente.\" \/>\n<meta name=\"robots\" content=\"index, follow, max-snippet:-1, max-image-preview:large, max-video-preview:-1\" \/>\n<link rel=\"canonical\" href=\"https:\/\/kawasakirobotics.com\/br\/company\/iso\/\" \/>\n<meta property=\"og:locale\" content=\"pt_BR\" \/>\n<meta property=\"og:type\" content=\"article\" \/>\n<meta property=\"og:title\" content=\"Registos ISO | Rob\u00f4s Industriais da Kawasaki Robotics\" \/>\n<meta property=\"og:description\" content=\"Explore o compromisso de qualidade da Divis\u00e3o de Rob\u00f3tica com as nossas certifica\u00e7\u00f5es ISO, garantindo a conformidade e a satisfa\u00e7\u00e3o do cliente.\" \/>\n<meta property=\"og:url\" content=\"https:\/\/kawasakirobotics.com\/br\/company\/iso\/\" \/>\n<meta property=\"og:site_name\" content=\"Kawasaki Robotics\" \/>\n<meta property=\"article:publisher\" content=\"https:\/\/www.facebook.com\/Kawasaki-Robotics-264043869602\" \/>\n<meta property=\"article:modified_time\" content=\"2026-04-07T07:53:37+00:00\" \/>\n<meta property=\"og:image\" content=\"https:\/\/kawasakirobotics.com\/content\/themes\/krobot-theme\/src\/images\/default\/ogp.jpg\" \/>\n\t<meta property=\"og:image:width\" content=\"1200\" \/>\n\t<meta property=\"og:image:height\" content=\"630\" \/>\n\t<meta property=\"og:image:type\" content=\"image\/jpeg\" \/>\n<meta name=\"twitter:card\" content=\"summary_large_image\" \/>\n<meta name=\"twitter:site\" content=\"@kawasakirobot\" \/>\n<script type=\"application\/ld+json\" class=\"yoast-schema-graph\">{\"@context\":\"https:\/\/schema.org\",\"@graph\":[{\"@type\":\"WebPage\",\"@id\":\"https:\/\/kawasakirobotics.com\/br\/company\/iso\/\",\"url\":\"https:\/\/kawasakirobotics.com\/br\/company\/iso\/\",\"name\":\"Registos ISO | Rob\u00f4s Industriais da Kawasaki Robotics\",\"isPartOf\":{\"@id\":\"https:\/\/kawasakirobotics.com\/br\/#website\"},\"primaryImageOfPage\":{\"@id\":\"https:\/\/kawasakirobotics.com\/br\/company\/iso\/#primaryimage\"},\"image\":{\"@id\":\"https:\/\/kawasakirobotics.com\/br\/company\/iso\/#primaryimage\"},\"thumbnailUrl\":\"https:\/\/kawasakirobotics.com\/uploads\/2022\/02\/company_1.jpg?fit=900%2C679\",\"datePublished\":\"2022-01-19T08:46:05+00:00\",\"dateModified\":\"2026-04-07T07:53:37+00:00\",\"description\":\"Explore o compromisso de qualidade da Divis\u00e3o de Rob\u00f3tica com as nossas certifica\u00e7\u00f5es ISO, garantindo a conformidade e a satisfa\u00e7\u00e3o do cliente.\",\"breadcrumb\":{\"@id\":\"https:\/\/kawasakirobotics.com\/br\/company\/iso\/#breadcrumb\"},\"inLanguage\":\"pt-BR\",\"potentialAction\":[{\"@type\":\"ReadAction\",\"target\":[\"https:\/\/kawasakirobotics.com\/br\/company\/iso\/\"]}]},{\"@type\":\"ImageObject\",\"inLanguage\":\"pt-BR\",\"@id\":\"https:\/\/kawasakirobotics.com\/br\/company\/iso\/#primaryimage\",\"url\":\"https:\/\/kawasakirobotics.com\/uploads\/2022\/02\/company_1.jpg?fit=900%2C679\",\"contentUrl\":\"https:\/\/kawasakirobotics.com\/uploads\/2022\/02\/company_1.jpg?fit=900%2C679\"},{\"@type\":\"BreadcrumbList\",\"@id\":\"https:\/\/kawasakirobotics.com\/br\/company\/iso\/#breadcrumb\",\"itemListElement\":[{\"@type\":\"ListItem\",\"position\":1,\"name\":\"In\u00edcio\",\"item\":\"https:\/\/kawasakirobotics.com\/br\/\"},{\"@type\":\"ListItem\",\"position\":2,\"name\":\"Sobre\",\"item\":\"https:\/\/kawasakirobotics.com\/br\/company\/\"},{\"@type\":\"ListItem\",\"position\":3,\"name\":\"Registos ISO\"}]},{\"@type\":\"WebSite\",\"@id\":\"https:\/\/kawasakirobotics.com\/br\/#website\",\"url\":\"https:\/\/kawasakirobotics.com\/br\/\",\"name\":\"Kawasaki Robotics\",\"description\":\"\",\"publisher\":{\"@id\":\"https:\/\/kawasakirobotics.com\/br\/#organization\"},\"potentialAction\":[{\"@type\":\"SearchAction\",\"target\":{\"@type\":\"EntryPoint\",\"urlTemplate\":\"https:\/\/kawasakirobotics.com\/br\/?s={search_term_string}\"},\"query-input\":{\"@type\":\"PropertyValueSpecification\",\"valueRequired\":true,\"valueName\":\"search_term_string\"}}],\"inLanguage\":\"pt-BR\"},{\"@type\":\"Organization\",\"@id\":\"https:\/\/kawasakirobotics.com\/br\/#organization\",\"name\":\"\u5ddd\u5d0e\u91cd\u5de5\u696d\u30ed\u30dc\u30c3\u30c8\u30c7\u30a3\u30d3\u30b8\u30e7\u30f3\",\"url\":\"https:\/\/kawasakirobotics.com\/br\/\",\"logo\":{\"@type\":\"ImageObject\",\"inLanguage\":\"pt-BR\",\"@id\":\"https:\/\/kawasakirobotics.com\/br\/#\/schema\/logo\/image\/\",\"url\":\"\",\"contentUrl\":\"\",\"caption\":\"\u5ddd\u5d0e\u91cd\u5de5\u696d\u30ed\u30dc\u30c3\u30c8\u30c7\u30a3\u30d3\u30b8\u30e7\u30f3\"},\"image\":{\"@id\":\"https:\/\/kawasakirobotics.com\/br\/#\/schema\/logo\/image\/\"},\"sameAs\":[\"https:\/\/www.facebook.com\/Kawasaki-Robotics-264043869602\",\"https:\/\/x.com\/kawasakirobot\",\"https:\/\/www.youtube.com\/user\/KawasakiRobots?sub_confirmation=1\",\"https:\/\/www.linkedin.com\/company\/kawasaki-robotics\"]}]}<\/script>\n<!-- \/ Yoast SEO plugin. -->","yoast_head_json":{"title":"Registos ISO | Rob\u00f4s Industriais da Kawasaki Robotics","description":"Explore o compromisso de qualidade da Divis\u00e3o de Rob\u00f3tica com as nossas certifica\u00e7\u00f5es ISO, garantindo a conformidade e a satisfa\u00e7\u00e3o do cliente.","robots":{"index":"index","follow":"follow","max-snippet":"max-snippet:-1","max-image-preview":"max-image-preview:large","max-video-preview":"max-video-preview:-1"},"canonical":"https:\/\/kawasakirobotics.com\/br\/company\/iso\/","og_locale":"pt_BR","og_type":"article","og_title":"Registos ISO | Rob\u00f4s Industriais da Kawasaki Robotics","og_description":"Explore o compromisso de qualidade da Divis\u00e3o de Rob\u00f3tica com as nossas certifica\u00e7\u00f5es ISO, garantindo a conformidade e a satisfa\u00e7\u00e3o do cliente.","og_url":"https:\/\/kawasakirobotics.com\/br\/company\/iso\/","og_site_name":"Kawasaki Robotics","article_publisher":"https:\/\/www.facebook.com\/Kawasaki-Robotics-264043869602","article_modified_time":"2026-04-07T07:53:37+00:00","og_image":[{"url":"https:\/\/kawasakirobotics.com\/content\/themes\/krobot-theme\/src\/images\/default\/ogp.jpg","width":"1200","height":"630","type":"image\/jpeg"}],"twitter_card":"summary_large_image","twitter_site":"@kawasakirobot","schema":{"@context":"https:\/\/schema.org","@graph":[{"@type":"WebPage","@id":"https:\/\/kawasakirobotics.com\/br\/company\/iso\/","url":"https:\/\/kawasakirobotics.com\/br\/company\/iso\/","name":"Registos ISO | Rob\u00f4s Industriais da Kawasaki Robotics","isPartOf":{"@id":"https:\/\/kawasakirobotics.com\/br\/#website"},"primaryImageOfPage":{"@id":"https:\/\/kawasakirobotics.com\/br\/company\/iso\/#primaryimage"},"image":{"@id":"https:\/\/kawasakirobotics.com\/br\/company\/iso\/#primaryimage"},"thumbnailUrl":"https:\/\/kawasakirobotics.com\/uploads\/2022\/02\/company_1.jpg?fit=900%2C679","datePublished":"2022-01-19T08:46:05+00:00","dateModified":"2026-04-07T07:53:37+00:00","description":"Explore o compromisso de qualidade da Divis\u00e3o de Rob\u00f3tica com as nossas certifica\u00e7\u00f5es ISO, garantindo a conformidade e a satisfa\u00e7\u00e3o do cliente.","breadcrumb":{"@id":"https:\/\/kawasakirobotics.com\/br\/company\/iso\/#breadcrumb"},"inLanguage":"pt-BR","potentialAction":[{"@type":"ReadAction","target":["https:\/\/kawasakirobotics.com\/br\/company\/iso\/"]}]},{"@type":"ImageObject","inLanguage":"pt-BR","@id":"https:\/\/kawasakirobotics.com\/br\/company\/iso\/#primaryimage","url":"https:\/\/kawasakirobotics.com\/uploads\/2022\/02\/company_1.jpg?fit=900%2C679","contentUrl":"https:\/\/kawasakirobotics.com\/uploads\/2022\/02\/company_1.jpg?fit=900%2C679"},{"@type":"BreadcrumbList","@id":"https:\/\/kawasakirobotics.com\/br\/company\/iso\/#breadcrumb","itemListElement":[{"@type":"ListItem","position":1,"name":"In\u00edcio","item":"https:\/\/kawasakirobotics.com\/br\/"},{"@type":"ListItem","position":2,"name":"Sobre","item":"https:\/\/kawasakirobotics.com\/br\/company\/"},{"@type":"ListItem","position":3,"name":"Registos ISO"}]},{"@type":"WebSite","@id":"https:\/\/kawasakirobotics.com\/br\/#website","url":"https:\/\/kawasakirobotics.com\/br\/","name":"Kawasaki Robotics","description":"","publisher":{"@id":"https:\/\/kawasakirobotics.com\/br\/#organization"},"potentialAction":[{"@type":"SearchAction","target":{"@type":"EntryPoint","urlTemplate":"https:\/\/kawasakirobotics.com\/br\/?s={search_term_string}"},"query-input":{"@type":"PropertyValueSpecification","valueRequired":true,"valueName":"search_term_string"}}],"inLanguage":"pt-BR"},{"@type":"Organization","@id":"https:\/\/kawasakirobotics.com\/br\/#organization","name":"\u5ddd\u5d0e\u91cd\u5de5\u696d\u30ed\u30dc\u30c3\u30c8\u30c7\u30a3\u30d3\u30b8\u30e7\u30f3","url":"https:\/\/kawasakirobotics.com\/br\/","logo":{"@type":"ImageObject","inLanguage":"pt-BR","@id":"https:\/\/kawasakirobotics.com\/br\/#\/schema\/logo\/image\/","url":"","contentUrl":"","caption":"\u5ddd\u5d0e\u91cd\u5de5\u696d\u30ed\u30dc\u30c3\u30c8\u30c7\u30a3\u30d3\u30b8\u30e7\u30f3"},"image":{"@id":"https:\/\/kawasakirobotics.com\/br\/#\/schema\/logo\/image\/"},"sameAs":["https:\/\/www.facebook.com\/Kawasaki-Robotics-264043869602","https:\/\/x.com\/kawasakirobot","https:\/\/www.youtube.com\/user\/KawasakiRobots?sub_confirmation=1","https:\/\/www.linkedin.com\/company\/kawasaki-robotics"]}]}},"_links":{"self":[{"href":"https:\/\/kawasakirobotics.com\/br\/wp-json\/wp\/v2\/pages\/3351","targetHints":{"allow":["GET"]}}],"collection":[{"href":"https:\/\/kawasakirobotics.com\/br\/wp-json\/wp\/v2\/pages"}],"about":[{"href":"https:\/\/kawasakirobotics.com\/br\/wp-json\/wp\/v2\/types\/page"}],"author":[{"embeddable":true,"href":"https:\/\/kawasakirobotics.com\/br\/wp-json\/wp\/v2\/users\/13"}],"replies":[{"embeddable":true,"href":"https:\/\/kawasakirobotics.com\/br\/wp-json\/wp\/v2\/comments?post=3351"}],"version-history":[{"count":15,"href":"https:\/\/kawasakirobotics.com\/br\/wp-json\/wp\/v2\/pages\/3351\/revisions"}],"predecessor-version":[{"id":9090,"href":"https:\/\/kawasakirobotics.com\/br\/wp-json\/wp\/v2\/pages\/3351\/revisions\/9090"}],"up":[{"embeddable":true,"href":"https:\/\/kawasakirobotics.com\/br\/wp-json\/wp\/v2\/pages\/30"}],"wp:attachment":[{"href":"https:\/\/kawasakirobotics.com\/br\/wp-json\/wp\/v2\/media?parent=3351"}],"curies":[{"name":"wp","href":"https:\/\/api.w.org\/{rel}","templated":true}]}}