{"id":4219,"date":"2022-02-22T16:11:46","date_gmt":"2022-02-22T21:11:46","guid":{"rendered":"urn:uuid:24616561-e024-464d-8e3d-59e391a2e5d8"},"modified":"2025-02-18T05:33:14","modified_gmt":"2025-02-18T08:33:14","slug":"why-kawasaki-robotics","status":"publish","type":"page","link":"https:\/\/kawasakirobotics.com\/br\/why-kawasaki-robotics\/","title":{"rendered":"Porqu\u00ea a Kawasaki Robotics"},"content":{"rendered":"\n<p>Com uma abordagem baseada em servi\u00e7os, uma linguagem de programa\u00e7\u00e3o flex\u00edvel e aberta e uma mentalidade que coloca o fabricante em primeiro lugar, somos um tipo diferente de empresa de rob\u00f4s:<\/p>\n\n\n\n<h2 class=\"wp-block-heading\">A nossa <strong>ACESSIBILIDADE.<\/strong><\/h2>\n\n\n\n<figure class=\"wp-block-image size-full\"><img loading=\"lazy\" decoding=\"async\" width=\"900\" height=\"506\" src=\"https:\/\/kawasakirobotics.com\/tachyon\/2025\/01\/OurAccessibility-SplashImage.png\" alt=\"\" class=\"wp-image-8233\" srcset=\"https:\/\/kawasakirobotics.com\/tachyon\/sites\/39\/2025\/01\/OurAccessibility-SplashImage.png?resize=900%2C506&amp;crop_strategy=smart&amp;zoom=1 900w, https:\/\/kawasakirobotics.com\/tachyon\/sites\/39\/2025\/01\/OurAccessibility-SplashImage.png?resize=900%2C506&amp;crop_strategy=smart&amp;zoom=0.5 450w, https:\/\/kawasakirobotics.com\/tachyon\/sites\/39\/2025\/01\/OurAccessibility-SplashImage.png?resize=900%2C506&amp;crop_strategy=smart&amp;zoom=0.25 225w\" sizes=\"auto, (max-width: 900px) 100vw, 900px\" \/><\/figure>\n\n\n\n<p>Valorizamos a transpar\u00eancia em todos os n\u00edveis da nossa organiza\u00e7\u00e3o. Quando trabalha com a Kawasaki Robotics, n\u00e3o encontrar\u00e1 custos ocultos de software, manuais, forma\u00e7\u00e3o, chamadas de servi\u00e7o remoto, etc. Al\u00e9m disso, a nossa plataforma de programa\u00e7\u00e3o aberta oferece v\u00e1rios tipos de linguagens de programa\u00e7\u00e3o para todos os n\u00edveis de compet\u00eancias, dando aos utilizadores a capacidade de escalar desde opera\u00e7\u00f5es b\u00e1sicas a integra\u00e7\u00f5es de IA. Isto, combinado com os nossos recursos e ferramentas online exclusivos, coloca os nossos clientes e parceiros no lugar do condutor. Estamos empenhados em ser o seu parceiro de automa\u00e7\u00e3o acess\u00edvel.<\/p>\n\n\n\n<div class=\"wp-block-buttons is-horizontal is-content-justification-center is-layout-flex wp-container-core-buttons-is-layout-03627597 wp-block-buttons-is-layout-flex\">\n<div class=\"wp-block-button\"><a class=\"wp-block-button__link wp-element-button\" href=\"https:\/\/kawasakirobotics.com\/br\/customer-experience\/exculsive-resources\/\">SAIBA MAIS<\/a><\/div>\n<\/div>\n\n\n\n<div class=\"wp-block-columns is-layout-flex wp-container-core-columns-is-layout-28f84493 wp-block-columns-is-layout-flex\">\n<div class=\"wp-block-column is-layout-flow wp-block-column-is-layout-flow\" style=\"flex-basis:100%\">\n<div class=\"wp-block-columns is-layout-flex wp-container-core-columns-is-layout-28f84493 wp-block-columns-is-layout-flex\">\n<div class=\"wp-block-column is-layout-flow wp-block-column-is-layout-flow\">\n<h2 class=\"wp-block-heading\">A nossa <strong>QUALIDADE.<\/strong><\/h2>\n\n\n\n<figure class=\"wp-block-image size-large\"><img loading=\"lazy\" decoding=\"async\" width=\"2001\" height=\"1126\" src=\"https:\/\/kawasakirobotics.com\/tachyon\/2022\/03\/quality_001_960x540_blurredjpg-01.jpg?fit=900%2C900\" alt=\"Kawasaki robotics - BX series\" class=\"wp-image-5445\" srcset=\"https:\/\/kawasakirobotics.com\/tachyon\/sites\/39\/2022\/03\/quality_001_960x540_blurredjpg-01.jpg?resize=2001%2C1126&amp;crop_strategy=smart&amp;zoom=1 2001w, https:\/\/kawasakirobotics.com\/tachyon\/sites\/39\/2022\/03\/quality_001_960x540_blurredjpg-01.jpg?resize=2001%2C1126&amp;crop_strategy=smart&amp;zoom=0.5 1001w, https:\/\/kawasakirobotics.com\/tachyon\/sites\/39\/2022\/03\/quality_001_960x540_blurredjpg-01.jpg?resize=2001%2C1126&amp;crop_strategy=smart&amp;zoom=0.25 500w\" sizes=\"auto, (max-width: 2001px) 100vw, 2001px\" \/><\/figure>\n\n\n\n<p>O nome Kawasaki \u00e9 sin\u00f3nimo de precis\u00e3o e fiabilidade porque est\u00e1 no nosso ADN. Desde o in\u00edcio da Kawasaki, a qualidade tem estado no centro de todos os produtos constru\u00eddos &#8211; desde motociclos a avi\u00f5es. Come\u00e7\u00e1mos a fabricar bra\u00e7os de rob\u00f4 em 1969. Como pioneiros desta ind\u00fastria, continu\u00e1mos a desenvolver rob\u00f3tica de \u00faltima gera\u00e7\u00e3o desde ent\u00e3o. Isto inclui bra\u00e7os robotizados com um design patenteado de revestimento interno, o que os torna f\u00e1ceis de instalar, manter e minimiza o desgaste ao longo do tempo. Com cargas \u00fateis de rob\u00f4s que variam entre 3 kg e 1.500 kg, ir\u00e1 sem d\u00favida experimentar o nosso compromisso com a qualidade.<\/p>\n\n\n\n<div class=\"wp-block-buttons is-horizontal is-content-justification-center is-layout-flex wp-container-core-buttons-is-layout-03627597 wp-block-buttons-is-layout-flex\">\n<div class=\"wp-block-button\"><a class=\"wp-block-button__link wp-element-button\" href=\"https:\/\/kawasakirobotics.com\/br\/products\/\">SAIBA MAIS<\/a><\/div>\n<\/div>\n<\/div>\n<\/div>\n<\/div>\n<\/div>\n\n\n\n<h2 class=\"wp-block-heading\">A nossa <strong>INGENUIDADE HUMANA.<\/strong><\/h2>\n\n\n\n<figure class=\"wp-block-image size-large\"><img loading=\"lazy\" decoding=\"async\" width=\"960\" height=\"540\" src=\"https:\/\/kawasakirobotics.com\/tachyon\/2022\/03\/ingenuity_03_960x540.jpg?fit=900%2C540\" alt=\"Kawasaki Robotics employee answers phone\" class=\"wp-image-5443\" srcset=\"https:\/\/kawasakirobotics.com\/tachyon\/sites\/39\/2022\/03\/ingenuity_03_960x540.jpg?resize=960%2C540&amp;crop_strategy=smart&amp;zoom=1 960w, https:\/\/kawasakirobotics.com\/tachyon\/sites\/39\/2022\/03\/ingenuity_03_960x540.jpg?resize=960%2C540&amp;crop_strategy=smart&amp;zoom=0.5 480w, https:\/\/kawasakirobotics.com\/tachyon\/sites\/39\/2022\/03\/ingenuity_03_960x540.jpg?resize=960%2C540&amp;crop_strategy=smart&amp;zoom=0.25 240w\" sizes=\"auto, (max-width: 960px) 100vw, 960px\" \/><\/figure>\n\n\n\n<p>Automatizar um processo \u00e9 muito mais do que simplesmente comprar um rob\u00f4, e \u00e9 por isso que somos o seu parceiro ao longo do caminho. N\u00e3o agimos apenas como se nos preocup\u00e1ssemos; preocupamo-nos mesmo. \u00c9 por isso que atendemos o telefone quando nos telefona e tratamo-lo da mesma forma, quer se trate de uma grande empresa ou de uma pequena ou m\u00e9dia empresa. Falamos abertamente e nunca induzimos em erro, tratando sempre os nossos clientes e parceiros como gostar\u00edamos de ser tratados. Este \u00e9 o nosso compromisso de utilizar o engenho humano para desenvolver uma rob\u00f3tica que fa\u00e7a a diferen\u00e7a.<\/p>\n\n\n\n<div class=\"wp-block-buttons is-horizontal is-content-justification-center is-layout-flex wp-container-core-buttons-is-layout-03627597 wp-block-buttons-is-layout-flex\">\n<div class=\"wp-block-button\"><a class=\"wp-block-button__link wp-element-button\" href=\"https:\/\/kawasakirobotics.com\/br\/company\/\">SAIBA MAIS<\/a><\/div>\n<\/div>\n\n\n\n<h2 class=\"wp-block-heading\">A nossa <strong>EXPERI\u00caNCIA DO CLIENTE.<\/strong><\/h2>\n\n\n\n<figure class=\"wp-block-image size-full\"><img loading=\"lazy\" decoding=\"async\" width=\"900\" height=\"506\" src=\"https:\/\/kawasakirobotics.com\/tachyon\/2025\/01\/CustomerExperience-SplashImage.png\" alt=\"\" class=\"wp-image-8234\" srcset=\"https:\/\/kawasakirobotics.com\/tachyon\/sites\/39\/2025\/01\/CustomerExperience-SplashImage.png?resize=900%2C506&amp;crop_strategy=smart&amp;zoom=1 900w, https:\/\/kawasakirobotics.com\/tachyon\/sites\/39\/2025\/01\/CustomerExperience-SplashImage.png?resize=900%2C506&amp;crop_strategy=smart&amp;zoom=0.5 450w, https:\/\/kawasakirobotics.com\/tachyon\/sites\/39\/2025\/01\/CustomerExperience-SplashImage.png?resize=900%2C506&amp;crop_strategy=smart&amp;zoom=0.25 225w\" sizes=\"auto, (max-width: 900px) 100vw, 900px\" \/><\/figure>\n\n\n\n<p>Valorizamos verdadeiramente a experi\u00eancia dos nossos clientes, por isso a equipa da Kawasaki Robotics est\u00e1 sempre dispon\u00edvel. O foco principal das nossas equipas globais de servi\u00e7o e suporte \u00e9 encontrar a solu\u00e7\u00e3o certa para si. Trabalhamos consigo para tentar resolver problemas remotamente &#8211; um servi\u00e7o gratuito para todos os clientes e parceiros. Este \u00e9 o nosso compromisso para fazer de si uma hist\u00f3ria de sucesso na automa\u00e7\u00e3o.<\/p>\n\n\n\n<div class=\"wp-block-buttons is-horizontal is-content-justification-center is-layout-flex wp-container-core-buttons-is-layout-03627597 wp-block-buttons-is-layout-flex\">\n<div class=\"wp-block-button\"><a class=\"wp-block-button__link wp-element-button\" href=\"https:\/\/kawasakirobotics.com\/br\/customer-experience\/\">SAIBA MAIS<\/a><\/div>\n<\/div>\n\n\n\n<div class=\"wp-block-group alignfull site-cta is-layout-flow wp-block-group-is-layout-flow\">\n<div class=\"wp-block-group site-cta__inside is-layout-flow wp-block-group-is-layout-flow\">\n<p class=\"site-cta__text\"><strong><a href=\"https:\/\/kawasaki-corporate.spiral-site.com\/ind_robot_en?_gl=1*a0dmly*_ga*NTMwMjUzNTUwLjE2NDA2NDQ5Mzg.*_ga_GRRCX7N19P*MTY0NjYxNjIyNC4yMzUuMS4xNjQ2NjE4NjkwLjA.&amp;_ifbs-ind_robot_en=s1_Step1\" target=\"_blank\" rel=\"noreferrer noopener\">Pronto para dar o pr\u00f3ximo passo rumo \u00e0 automa\u00e7\u00e3o?<\/a><\/strong><\/p>\n<\/div>\n<\/div>\n","protected":false},"excerpt":{"rendered":"<p>Com uma abordagem baseada em servi\u00e7os, uma linguagem de programa\u00e7\u00e3o flex\u00edvel e aberta e uma mentalidade que coloca o fabricante em primeiro lugar, somos um tipo diferente de empresa de robots. Valorizamos a transpar\u00eancia em todos os n\u00edveis da nossa organiza\u00e7\u00e3o. Quando trabalha com a Kawasaki Robotics, n\u00e3o encontrar\u00e1 custos ocultos de software, manuais, forma\u00e7\u00e3o, chamadas de servi\u00e7o remoto, etc. Al\u00e9m disso, a nossa plataforma de programa\u00e7\u00e3o aberta oferece v\u00e1rios tipos de linguagens de programa\u00e7\u00e3o para todos os n\u00edveis de compet\u00eancias, dando aos utilizadores a capacidade de escalar desde opera\u00e7\u00f5es b\u00e1sicas at\u00e9 integra\u00e7\u00f5es de IA. Isto, combinado com os nossos recursos e ferramentas online exclusivos, coloca os nossos clientes e [&hellip;]<\/p>\n","protected":false},"author":9,"featured_media":0,"parent":0,"menu_order":3,"comment_status":"closed","ping_status":"closed","template":"","meta":{"ep_exclude_from_search":false,"footnotes":""},"class_list":["post-4219","page","type-page","status-publish","hentry"],"yoast_head":"<!-- This site is optimized with the Yoast SEO plugin v25.9 - https:\/\/yoast.com\/wordpress\/plugins\/seo\/ -->\n<title>Porqu\u00ea a Kawasaki Robotics | Industrial Robots by Kawasaki Robotics<\/title>\n<meta name=\"description\" content=\"Com uma abordagem baseada em servi\u00e7os, uma linguagem de programa\u00e7\u00e3o aberta e uma mentalidade que coloca o fabricante em primeiro lugar, somos um tipo diferente de empresa de robots.\" \/>\n<meta name=\"robots\" content=\"index, follow, max-snippet:-1, max-image-preview:large, max-video-preview:-1\" \/>\n<link rel=\"canonical\" href=\"https:\/\/kawasakirobotics.com\/br\/why-kawasaki-robotics\/\" \/>\n<meta property=\"og:locale\" content=\"pt_BR\" \/>\n<meta property=\"og:type\" content=\"article\" \/>\n<meta property=\"og:title\" content=\"Porqu\u00ea a Kawasaki Robotics | Industrial Robots by Kawasaki Robotics\" \/>\n<meta property=\"og:description\" content=\"Com uma abordagem baseada em servi\u00e7os, uma linguagem de programa\u00e7\u00e3o aberta e uma mentalidade que coloca o fabricante em primeiro lugar, somos um tipo diferente de empresa de robots.\" \/>\n<meta property=\"og:url\" content=\"https:\/\/kawasakirobotics.com\/br\/why-kawasaki-robotics\/\" \/>\n<meta property=\"og:site_name\" content=\"Kawasaki Robotics\" \/>\n<meta property=\"article:publisher\" content=\"https:\/\/www.facebook.com\/Kawasaki-Robotics-264043869602\" \/>\n<meta property=\"article:modified_time\" content=\"2025-02-18T08:33:14+00:00\" \/>\n<meta property=\"og:image\" content=\"https:\/\/kawasakirobotics.com\/content\/themes\/krobot-theme\/src\/images\/default\/ogp.jpg\" \/>\n\t<meta property=\"og:image:width\" content=\"1200\" \/>\n\t<meta property=\"og:image:height\" content=\"630\" \/>\n\t<meta property=\"og:image:type\" content=\"image\/jpeg\" \/>\n<meta name=\"twitter:card\" content=\"summary_large_image\" \/>\n<meta name=\"twitter:site\" content=\"@kawasakirobot\" \/>\n<script type=\"application\/ld+json\" class=\"yoast-schema-graph\">{\"@context\":\"https:\/\/schema.org\",\"@graph\":[{\"@type\":\"WebPage\",\"@id\":\"https:\/\/kawasakirobotics.com\/br\/why-kawasaki-robotics\/\",\"url\":\"https:\/\/kawasakirobotics.com\/br\/why-kawasaki-robotics\/\",\"name\":\"Porqu\u00ea a Kawasaki Robotics | Industrial Robots by Kawasaki Robotics\",\"isPartOf\":{\"@id\":\"https:\/\/kawasakirobotics.com\/br\/#website\"},\"primaryImageOfPage\":{\"@id\":\"https:\/\/kawasakirobotics.com\/br\/why-kawasaki-robotics\/#primaryimage\"},\"image\":{\"@id\":\"https:\/\/kawasakirobotics.com\/br\/why-kawasaki-robotics\/#primaryimage\"},\"thumbnailUrl\":\"https:\/\/kawasakirobotics.com\/tachyon\/2025\/01\/OurAccessibility-SplashImage.png\",\"datePublished\":\"2022-02-22T21:11:46+00:00\",\"dateModified\":\"2025-02-18T08:33:14+00:00\",\"description\":\"Com uma abordagem baseada em servi\u00e7os, uma linguagem de programa\u00e7\u00e3o aberta e uma mentalidade que coloca o fabricante em primeiro lugar, somos um tipo diferente de empresa de robots.\",\"breadcrumb\":{\"@id\":\"https:\/\/kawasakirobotics.com\/br\/why-kawasaki-robotics\/#breadcrumb\"},\"inLanguage\":\"pt-BR\",\"potentialAction\":[{\"@type\":\"ReadAction\",\"target\":[\"https:\/\/kawasakirobotics.com\/br\/why-kawasaki-robotics\/\"]}]},{\"@type\":\"ImageObject\",\"inLanguage\":\"pt-BR\",\"@id\":\"https:\/\/kawasakirobotics.com\/br\/why-kawasaki-robotics\/#primaryimage\",\"url\":\"https:\/\/kawasakirobotics.com\/tachyon\/2025\/01\/OurAccessibility-SplashImage.png\",\"contentUrl\":\"https:\/\/kawasakirobotics.com\/tachyon\/2025\/01\/OurAccessibility-SplashImage.png\"},{\"@type\":\"BreadcrumbList\",\"@id\":\"https:\/\/kawasakirobotics.com\/br\/why-kawasaki-robotics\/#breadcrumb\",\"itemListElement\":[{\"@type\":\"ListItem\",\"position\":1,\"name\":\"In\u00edcio\",\"item\":\"https:\/\/kawasakirobotics.com\/br\/\"},{\"@type\":\"ListItem\",\"position\":2,\"name\":\"Porqu\u00ea a Kawasaki Robotics\"}]},{\"@type\":\"WebSite\",\"@id\":\"https:\/\/kawasakirobotics.com\/br\/#website\",\"url\":\"https:\/\/kawasakirobotics.com\/br\/\",\"name\":\"Kawasaki Robotics\",\"description\":\"\",\"publisher\":{\"@id\":\"https:\/\/kawasakirobotics.com\/br\/#organization\"},\"potentialAction\":[{\"@type\":\"SearchAction\",\"target\":{\"@type\":\"EntryPoint\",\"urlTemplate\":\"https:\/\/kawasakirobotics.com\/br\/?s={search_term_string}\"},\"query-input\":{\"@type\":\"PropertyValueSpecification\",\"valueRequired\":true,\"valueName\":\"search_term_string\"}}],\"inLanguage\":\"pt-BR\"},{\"@type\":\"Organization\",\"@id\":\"https:\/\/kawasakirobotics.com\/br\/#organization\",\"name\":\"\u5ddd\u5d0e\u91cd\u5de5\u696d\u30ed\u30dc\u30c3\u30c8\u30c7\u30a3\u30d3\u30b8\u30e7\u30f3\",\"url\":\"https:\/\/kawasakirobotics.com\/br\/\",\"logo\":{\"@type\":\"ImageObject\",\"inLanguage\":\"pt-BR\",\"@id\":\"https:\/\/kawasakirobotics.com\/br\/#\/schema\/logo\/image\/\",\"url\":\"\",\"contentUrl\":\"\",\"caption\":\"\u5ddd\u5d0e\u91cd\u5de5\u696d\u30ed\u30dc\u30c3\u30c8\u30c7\u30a3\u30d3\u30b8\u30e7\u30f3\"},\"image\":{\"@id\":\"https:\/\/kawasakirobotics.com\/br\/#\/schema\/logo\/image\/\"},\"sameAs\":[\"https:\/\/www.facebook.com\/Kawasaki-Robotics-264043869602\",\"https:\/\/x.com\/kawasakirobot\",\"https:\/\/www.youtube.com\/user\/KawasakiRobots?sub_confirmation=1\",\"https:\/\/www.linkedin.com\/company\/kawasaki-robotics\"]}]}<\/script>\n<!-- \/ Yoast SEO plugin. -->","yoast_head_json":{"title":"Porqu\u00ea a Kawasaki Robotics | Industrial Robots by Kawasaki Robotics","description":"Com uma abordagem baseada em servi\u00e7os, uma linguagem de programa\u00e7\u00e3o aberta e uma mentalidade que coloca o fabricante em primeiro lugar, somos um tipo diferente de empresa de robots.","robots":{"index":"index","follow":"follow","max-snippet":"max-snippet:-1","max-image-preview":"max-image-preview:large","max-video-preview":"max-video-preview:-1"},"canonical":"https:\/\/kawasakirobotics.com\/br\/why-kawasaki-robotics\/","og_locale":"pt_BR","og_type":"article","og_title":"Porqu\u00ea a Kawasaki Robotics | Industrial Robots by Kawasaki Robotics","og_description":"Com uma abordagem baseada em servi\u00e7os, uma linguagem de programa\u00e7\u00e3o aberta e uma mentalidade que coloca o fabricante em primeiro lugar, somos um tipo diferente de empresa de robots.","og_url":"https:\/\/kawasakirobotics.com\/br\/why-kawasaki-robotics\/","og_site_name":"Kawasaki Robotics","article_publisher":"https:\/\/www.facebook.com\/Kawasaki-Robotics-264043869602","article_modified_time":"2025-02-18T08:33:14+00:00","og_image":[{"url":"https:\/\/kawasakirobotics.com\/content\/themes\/krobot-theme\/src\/images\/default\/ogp.jpg","width":"1200","height":"630","type":"image\/jpeg"}],"twitter_card":"summary_large_image","twitter_site":"@kawasakirobot","schema":{"@context":"https:\/\/schema.org","@graph":[{"@type":"WebPage","@id":"https:\/\/kawasakirobotics.com\/br\/why-kawasaki-robotics\/","url":"https:\/\/kawasakirobotics.com\/br\/why-kawasaki-robotics\/","name":"Porqu\u00ea a Kawasaki Robotics | Industrial Robots by Kawasaki Robotics","isPartOf":{"@id":"https:\/\/kawasakirobotics.com\/br\/#website"},"primaryImageOfPage":{"@id":"https:\/\/kawasakirobotics.com\/br\/why-kawasaki-robotics\/#primaryimage"},"image":{"@id":"https:\/\/kawasakirobotics.com\/br\/why-kawasaki-robotics\/#primaryimage"},"thumbnailUrl":"https:\/\/kawasakirobotics.com\/tachyon\/2025\/01\/OurAccessibility-SplashImage.png","datePublished":"2022-02-22T21:11:46+00:00","dateModified":"2025-02-18T08:33:14+00:00","description":"Com uma abordagem baseada em servi\u00e7os, uma linguagem de programa\u00e7\u00e3o aberta e uma mentalidade que coloca o fabricante em primeiro lugar, somos um tipo diferente de empresa de robots.","breadcrumb":{"@id":"https:\/\/kawasakirobotics.com\/br\/why-kawasaki-robotics\/#breadcrumb"},"inLanguage":"pt-BR","potentialAction":[{"@type":"ReadAction","target":["https:\/\/kawasakirobotics.com\/br\/why-kawasaki-robotics\/"]}]},{"@type":"ImageObject","inLanguage":"pt-BR","@id":"https:\/\/kawasakirobotics.com\/br\/why-kawasaki-robotics\/#primaryimage","url":"https:\/\/kawasakirobotics.com\/tachyon\/2025\/01\/OurAccessibility-SplashImage.png","contentUrl":"https:\/\/kawasakirobotics.com\/tachyon\/2025\/01\/OurAccessibility-SplashImage.png"},{"@type":"BreadcrumbList","@id":"https:\/\/kawasakirobotics.com\/br\/why-kawasaki-robotics\/#breadcrumb","itemListElement":[{"@type":"ListItem","position":1,"name":"In\u00edcio","item":"https:\/\/kawasakirobotics.com\/br\/"},{"@type":"ListItem","position":2,"name":"Porqu\u00ea a Kawasaki Robotics"}]},{"@type":"WebSite","@id":"https:\/\/kawasakirobotics.com\/br\/#website","url":"https:\/\/kawasakirobotics.com\/br\/","name":"Kawasaki Robotics","description":"","publisher":{"@id":"https:\/\/kawasakirobotics.com\/br\/#organization"},"potentialAction":[{"@type":"SearchAction","target":{"@type":"EntryPoint","urlTemplate":"https:\/\/kawasakirobotics.com\/br\/?s={search_term_string}"},"query-input":{"@type":"PropertyValueSpecification","valueRequired":true,"valueName":"search_term_string"}}],"inLanguage":"pt-BR"},{"@type":"Organization","@id":"https:\/\/kawasakirobotics.com\/br\/#organization","name":"\u5ddd\u5d0e\u91cd\u5de5\u696d\u30ed\u30dc\u30c3\u30c8\u30c7\u30a3\u30d3\u30b8\u30e7\u30f3","url":"https:\/\/kawasakirobotics.com\/br\/","logo":{"@type":"ImageObject","inLanguage":"pt-BR","@id":"https:\/\/kawasakirobotics.com\/br\/#\/schema\/logo\/image\/","url":"","contentUrl":"","caption":"\u5ddd\u5d0e\u91cd\u5de5\u696d\u30ed\u30dc\u30c3\u30c8\u30c7\u30a3\u30d3\u30b8\u30e7\u30f3"},"image":{"@id":"https:\/\/kawasakirobotics.com\/br\/#\/schema\/logo\/image\/"},"sameAs":["https:\/\/www.facebook.com\/Kawasaki-Robotics-264043869602","https:\/\/x.com\/kawasakirobot","https:\/\/www.youtube.com\/user\/KawasakiRobots?sub_confirmation=1","https:\/\/www.linkedin.com\/company\/kawasaki-robotics"]}]}},"_links":{"self":[{"href":"https:\/\/kawasakirobotics.com\/br\/wp-json\/wp\/v2\/pages\/4219","targetHints":{"allow":["GET"]}}],"collection":[{"href":"https:\/\/kawasakirobotics.com\/br\/wp-json\/wp\/v2\/pages"}],"about":[{"href":"https:\/\/kawasakirobotics.com\/br\/wp-json\/wp\/v2\/types\/page"}],"author":[{"embeddable":true,"href":"https:\/\/kawasakirobotics.com\/br\/wp-json\/wp\/v2\/users\/9"}],"replies":[{"embeddable":true,"href":"https:\/\/kawasakirobotics.com\/br\/wp-json\/wp\/v2\/comments?post=4219"}],"version-history":[{"count":21,"href":"https:\/\/kawasakirobotics.com\/br\/wp-json\/wp\/v2\/pages\/4219\/revisions"}],"predecessor-version":[{"id":8954,"href":"https:\/\/kawasakirobotics.com\/br\/wp-json\/wp\/v2\/pages\/4219\/revisions\/8954"}],"wp:attachment":[{"href":"https:\/\/kawasakirobotics.com\/br\/wp-json\/wp\/v2\/media?parent=4219"}],"curies":[{"name":"wp","href":"https:\/\/api.w.org\/{rel}","templated":true}]}}