{"id":4221,"date":"2022-02-22T16:14:50","date_gmt":"2022-02-22T21:14:50","guid":{"rendered":"urn:uuid:d62df180-1d39-47d2-9c0c-9226ac66c38e"},"modified":"2025-02-19T01:48:28","modified_gmt":"2025-02-19T04:48:28","slug":"robot-automation-faqs","status":"publish","type":"page","link":"https:\/\/kawasakirobotics.com\/br\/robot-automation-faqs\/","title":{"rendered":"FAQs sobre automatiza\u00e7\u00e3o de rob\u00f4s"},"content":{"rendered":"\n<figure class=\"wp-block-gallery has-nested-images columns-default is-cropped wp-block-gallery-1 is-layout-flex wp-block-gallery-is-layout-flex\">\n<figure class=\"wp-block-image size-large\"><img loading=\"lazy\" width=\"900\" height=\"600\" decoding=\"async\" data-id=\"5497\" src=\"https:\/\/kawasakirobotics.com\/tachyon\/sites\/39\/2022\/03\/quality_005_1800x1200-2.jpg?fit=900%2C900\" alt=\"Robot Automation FAQs05\" class=\"wp-image-5497\" srcset=\"https:\/\/kawasakirobotics.com\/tachyon\/sites\/39\/2022\/03\/quality_005_1800x1200-2.jpg?fit=900%2C600&amp;zoom=2 1800w, https:\/\/kawasakirobotics.com\/tachyon\/sites\/39\/2022\/03\/quality_005_1800x1200-2.jpg?fit=900%2C600&amp;zoom=1.5 1350w, https:\/\/kawasakirobotics.com\/tachyon\/sites\/39\/2022\/03\/quality_005_1800x1200-2.jpg?fit=900%2C600&amp;zoom=1 900w, https:\/\/kawasakirobotics.com\/tachyon\/sites\/39\/2022\/03\/quality_005_1800x1200-2.jpg?fit=900%2C600&amp;zoom=0.5 450w, https:\/\/kawasakirobotics.com\/tachyon\/sites\/39\/2022\/03\/quality_005_1800x1200-2.jpg?fit=900%2C600&amp;zoom=0.25 225w\" sizes=\"auto, (max-width: 900px) 100vw, 900px\" \/><\/figure>\n\n\n\n<figure class=\"wp-block-image size-large\"><img loading=\"lazy\" width=\"900\" height=\"600\" decoding=\"async\" data-id=\"5499\" src=\"https:\/\/kawasakirobotics.com\/tachyon\/sites\/39\/2022\/03\/paint-line_05_1800x1200.jpg?fit=900%2C900\" alt=\"Robot Automation FAQs03\" class=\"wp-image-5499\" srcset=\"https:\/\/kawasakirobotics.com\/tachyon\/sites\/39\/2022\/03\/paint-line_05_1800x1200.jpg?fit=900%2C600&amp;zoom=2 1800w, https:\/\/kawasakirobotics.com\/tachyon\/sites\/39\/2022\/03\/paint-line_05_1800x1200.jpg?fit=900%2C600&amp;zoom=1.5 1350w, https:\/\/kawasakirobotics.com\/tachyon\/sites\/39\/2022\/03\/paint-line_05_1800x1200.jpg?fit=900%2C600&amp;zoom=1 900w, https:\/\/kawasakirobotics.com\/tachyon\/sites\/39\/2022\/03\/paint-line_05_1800x1200.jpg?fit=900%2C600&amp;zoom=0.5 450w, https:\/\/kawasakirobotics.com\/tachyon\/sites\/39\/2022\/03\/paint-line_05_1800x1200.jpg?fit=900%2C600&amp;zoom=0.25 225w\" sizes=\"auto, (max-width: 900px) 100vw, 900px\" \/><\/figure>\n\n\n\n<figure class=\"wp-block-image size-large\"><img loading=\"lazy\" width=\"900\" height=\"506\" decoding=\"async\" data-id=\"5685\" src=\"https:\/\/kawasakirobotics.com\/tachyon\/sites\/39\/2022\/03\/quality_002_960x540.jpg?fit=900%2C540\" alt=\"Robot Automation FAQs04\" class=\"wp-image-5685\" srcset=\"https:\/\/kawasakirobotics.com\/tachyon\/sites\/39\/2022\/03\/quality_002_960x540.jpg?fit=900%2C506&amp;zoom=1 900w, https:\/\/kawasakirobotics.com\/tachyon\/sites\/39\/2022\/03\/quality_002_960x540.jpg?fit=900%2C506&amp;zoom=0.5 450w, https:\/\/kawasakirobotics.com\/tachyon\/sites\/39\/2022\/03\/quality_002_960x540.jpg?fit=900%2C506&amp;zoom=0.25 225w\" sizes=\"auto, (max-width: 900px) 100vw, 900px\" \/><\/figure>\n<\/figure>\n\n\n\n<h2 class=\"wp-block-heading\"><strong>Rob\u00f4s, rob\u00f3tica e automa\u00e7\u00e3o &#8211; qual \u00e9 a diferen\u00e7a?<\/strong><\/h2>\n\n\n\n<p>Rob\u00f4s, rob\u00f3tica e automa\u00e7\u00e3o s\u00e3o utilizados quase indistintamente, mas t\u00eam significados diferentes. Os rob\u00f4s s\u00e3o os bra\u00e7os rob\u00f3ticos que se v\u00eaem numa f\u00e1brica e a rob\u00f3tica \u00e9 a tecnologia que envolve a conce\u00e7\u00e3o, o design, a constru\u00e7\u00e3o e o funcionamento dos rob\u00f4s na produ\u00e7\u00e3o. A automatiza\u00e7\u00e3o \u00e9 definida como uma tecnologia que utiliza sistemas mec\u00e2nicos, electr\u00f3nicos e inform\u00e1ticos no funcionamento e controlo da produ\u00e7\u00e3o. Um sistema de rob\u00f4 automatizado utiliza muitos componentes para realizar uma tarefa de forma aut\u00f3noma.<\/p>\n\n\n\n<h2 class=\"wp-block-heading\"><strong>Quais s\u00e3o os principais tipos de aplica\u00e7\u00f5es dos robots?<\/strong><\/h2>\n\n\n\n<ul class=\"wp-block-list\">\n<li>Os processos<strong>de manuseamento de materiais <\/strong>envolvem a movimenta\u00e7\u00e3o de um item de um local para outro, tal como o nome sugere.<\/li>\n\n\n\n<li>As tarefas<strong>de montagem<\/strong> requerem que um rob\u00f4 junte algo. Isto pode significar a montagem de v\u00e1rias pe\u00e7as, como uma caixa de velocidades ou uma placa de circuito impresso.<\/li>\n\n\n\n<li>As aplica\u00e7\u00f5es<strong>de processamento<\/strong> incluem tarefas como pintura, soldadura por arco, soldadura por pontos, polimento e retifica\u00e7\u00e3o.<\/li>\n<\/ul>\n\n\n\n<h2 class=\"wp-block-heading\"><strong>Como \u00e9 que escolho o bra\u00e7o rob\u00f3tico certo para a minha aplica\u00e7\u00e3o?<\/strong><\/h2>\n\n\n\n<p>Tenha em conta os seguintes itens:<\/p>\n\n\n\n<ul class=\"wp-block-list\">\n<li>A<strong>carga \u00fatil<\/strong> \u00e9 a quantidade de peso que um bra\u00e7o de rob\u00f4 pode levantar. N\u00e3o se esque\u00e7a de incluir o peso da garra e do suporte, se necess\u00e1rio, no c\u00e1lculo da carga \u00fatil.<\/li>\n\n\n\n<li><strong>O alcance<\/strong> \u00e9 a dist\u00e2ncia que o bra\u00e7o do rob\u00f4 pode alcan\u00e7ar vertical e horizontalmente, o que ajuda a definir o espa\u00e7o de trabalho do rob\u00f4 e a conce\u00e7\u00e3o da aplica\u00e7\u00e3o.<\/li>\n\n\n\n<li><strong>O tipo<\/strong> \u00e9 definido pelas juntas mec\u00e2nicas, rotativas e\/ou lineares, que conferem movimento ao bra\u00e7o do rob\u00f4. Os rob\u00f4s s\u00e3o fornecidos com um a sete eixos: Rob\u00f4s cartesianos, SCARA, Delta, colaborativos e articulados.<\/li>\n<\/ul>\n\n\n\n<h2 class=\"wp-block-heading\"><strong>Que componentes fazem parte de uma c\u00e9lula rob\u00f3tica automatizada?<\/strong><\/h2>\n\n\n\n<p>Um rob\u00f4 precisa de equipamento adicional para estar operacional e realizar tarefas. Eis alguns exemplos:<\/p>\n\n\n\n<ul class=\"wp-block-list\">\n<li><strong>Os efectores de extremidade<\/strong> s\u00e3o tamb\u00e9m conhecidos como pin\u00e7as ou ferramentas de extremidade do bra\u00e7o. \u00c9 montado na extremidade do bra\u00e7o do rob\u00f4 e \u00e9 central para a aplica\u00e7\u00e3o.<\/li>\n\n\n\n<li><strong>Os controlos da c\u00e9lula <\/strong>incluem um controlador que executa todas as opera\u00e7\u00f5es da c\u00e9lula. Uma consola de aprendizagem permite ao utilizador programar e operar o rob\u00f4.<\/li>\n\n\n\n<li><strong>O equipamento perif\u00e9rico<\/strong> engloba uma vasta gama de itens, tais como transportadores de entrada\/sa\u00edda, posicionadores de pe\u00e7as, dispositivos de fixa\u00e7\u00e3o, sistemas de vis\u00e3o e muito mais.<\/li>\n\n\n\n<li><strong>Os sensores<\/strong> transmitem ao robot informa\u00e7\u00f5es sobre a presen\u00e7a\/aus\u00eancia de pe\u00e7as. Por exemplo: Quando uma pe\u00e7a atinge uma determinada posi\u00e7\u00e3o num transportador, o sensor detecta a pe\u00e7a para que o rob\u00f4 possa executar um movimento de recolha.<\/li>\n\n\n\n<li><strong>A seguran\u00e7a<\/strong> \u00e9 a parte mais importante de qualquer c\u00e9lula rob\u00f3tica automatizada. Os m\u00e9todos de seguran\u00e7a protegem o pessoal dos perigos associados \u00e0 c\u00e9lula robotizada em funcionamento. Existe uma vasta gama de op\u00e7\u00f5es de equipamento de seguran\u00e7a, desde veda\u00e7\u00f5es de seguran\u00e7a completas a sensores que n\u00e3o necessitam de hardware.<\/li>\n<\/ul>\n\n\n\n<h2 class=\"wp-block-heading\"><strong>Como \u00e9 que os rob\u00f4s s\u00e3o programados?<\/strong><\/h2>\n\n\n\n<p>Cada fabricante de rob\u00f4s utiliza a sua pr\u00f3pria linguagem de programa\u00e7\u00e3o, mas a nossa \u00e9 a melhor amiga do engenheiro. A plataforma de programa\u00e7\u00e3o da Kawasaki Robotics \u00e9 composta por tr\u00eas linguagens de programa\u00e7\u00e3o poderosas, intuitivas e flex\u00edveis para as aplica\u00e7\u00f5es mais b\u00e1sicas e complexas &#8211; n\u00e3o limitamos o seu potencial.<\/p>\n\n\n\n<ul class=\"wp-block-list\">\n<li><strong>A linguagem Kawasaki Block-Step<\/strong> \u00e9 a nossa linguagem de programa\u00e7\u00e3o mais simples e pode ser utilizada para a maioria das aplica\u00e7\u00f5es. Destina-se ao operador quotidiano e pode ser utilizada para retocar pontos, se necess\u00e1rio.<\/li>\n\n\n\n<li>A<strong>Linguagem AS da Kawasaki<\/strong> \u00e9 a nossa linguagem de programa\u00e7\u00e3o mais complexa, que permite aos utilizadores escreverem percursos de movimento simples ou complexos e l\u00f3gica de controlo. A estrutura aberta da linguagem AS permite aos utilizadores programar at\u00e9 as aplica\u00e7\u00f5es mais avan\u00e7adas.<\/li>\n\n\n\n<li><strong>KRNX<\/strong> \u00e9 para os nossos programadores mais avan\u00e7ados. Utiliza uma API que permite que programas de movimento gerados externamente controlem o robot.<\/li>\n<\/ul>\n\n\n\n<h2 class=\"wp-block-heading\"><strong>Que tipos de aplica\u00e7\u00f5es s\u00e3o ideais para a automatiza\u00e7\u00e3o?<\/strong><\/h2>\n\n\n\n<p>Os bra\u00e7os rob\u00f3ticos industriais s\u00e3o ideais para tarefas que n\u00e3o s\u00e3o ideais para os humanos. Eis uma lista de crit\u00e9rios:<\/p>\n\n\n\n<ul class=\"wp-block-list\">\n<li><strong>Mon\u00f3tonas:<\/strong> Tarefas tediosas e repetitivas<\/li>\n\n\n\n<li><strong>Sujas:<\/strong> Aplica\u00e7\u00f5es em ambientes com muito p\u00f3, tinta ou detritos em excesso<\/li>\n\n\n\n<li><strong>Perigosas:<\/strong> Processos perigosos que colocam os trabalhadores em risco de ferimentos<\/li>\n\n\n\n<li><strong>Alta precis\u00e3o:<\/strong> Para produtos que requerem um acabamento impec\u00e1vel ou medi\u00e7\u00f5es altamente exactas<\/li>\n<\/ul>\n\n\n\n<h2 class=\"wp-block-heading\"><strong>Quais s\u00e3o as vantagens da automa\u00e7\u00e3o rob\u00f3tica?<\/strong><\/h2>\n\n\n\n<p>Para a aplica\u00e7\u00e3o certa, os sistemas rob\u00f3ticos proporcionam uma grande variedade de vantagens para o utilizador final. Um rob\u00f4 pode funcionar ininterruptamente a uma velocidade definida sem supervis\u00e3o, o que lhe d\u00e1 a oportunidade de aumentar os volumes de produ\u00e7\u00e3o.<\/p>\n\n\n\n<p>Outra vantagem da automatiza\u00e7\u00e3o rob\u00f3tica \u00e9 a consist\u00eancia. Os rob\u00f4s funcionam com elevada repetibilidade e precis\u00e3o, o que se reflecte na melhoria da qualidade das pe\u00e7as. Al\u00e9m disso, ao permitir que os rob\u00f4s executem tarefas n\u00e3o relacionadas com o ser humano, os empregadores podem requalificar a sua for\u00e7a de trabalho para um trabalho mais gratificante num ambiente mais seguro.<\/p>\n\n\n\n<h2 class=\"wp-block-heading\"><strong>Que medidas posso tomar para garantir que o meu sistema de robots automatizados \u00e9 bem sucedido?<\/strong><\/h2>\n\n\n\n<p>Ao fazer a transi\u00e7\u00e3o de um processo manual para um processo automatizado, poder\u00e1 ter de efetuar algumas altera\u00e7\u00f5es ao design da pe\u00e7a, \u00e0s ferramentas e aos acess\u00f3rios para garantir que s\u00e3o adequados para a automatiza\u00e7\u00e3o. Este investimento ser\u00e1 justificado pelas poupan\u00e7as de custos que ver\u00e1 quando a sua c\u00e9lula estiver a funcionar.<\/p>\n\n\n\n<p>\u00c9 importante selecionar um integrador de sistemas que forne\u00e7a o sistema de rob\u00f4s desde o in\u00edcio. \u00c9 aconselh\u00e1vel estabelecer uma parceria com especialistas experientes que tenham conhecimentos especializados na conce\u00e7\u00e3o, desenho, constru\u00e7\u00e3o e coloca\u00e7\u00e3o em funcionamento do sistema de rob\u00f4s. Mas n\u00e3o se esque\u00e7a de que \u00e9 o especialista no fabrico do seu produto &#8211; \u00e9 a combina\u00e7\u00e3o dos seus conhecimentos e da experi\u00eancia deles que resulta em aplica\u00e7\u00f5es bem sucedidas.<\/p>\n\n\n\n<div style=\"height:102px\" aria-hidden=\"true\" class=\"wp-block-spacer\"><\/div>\n\n\n\n<div class=\"wp-block-cover alignfull is-light full_cover_block no-margin\"><span aria-hidden=\"true\" class=\"wp-block-cover__background has-white-background-color has-background-dim-90 has-background-dim\"><\/span><img loading=\"lazy\" decoding=\"async\" width=\"2560\" height=\"1714\" class=\"wp-block-cover__image-background wp-image-4492\" alt=\"\" src=\"https:\/\/kawasakirobotics.com\/tachyon\/2022\/02\/A1760478-1-scaled.jpg\" data-object-fit=\"cover\" srcset=\"https:\/\/kawasakirobotics.com\/tachyon\/sites\/39\/2022\/02\/A1760478-1-scaled.jpg?resize=2560%2C1714&amp;zoom=1 2560w, https:\/\/kawasakirobotics.com\/tachyon\/sites\/39\/2022\/02\/A1760478-1-scaled.jpg?resize=2560%2C1714&amp;zoom=0.5 1280w, https:\/\/kawasakirobotics.com\/tachyon\/sites\/39\/2022\/02\/A1760478-1-scaled.jpg?resize=2560%2C1714&amp;zoom=0.25 640w\" sizes=\"auto, (max-width: 2560px) 100vw, 2560px\" \/><div class=\"wp-block-cover__inner-container is-layout-flow wp-block-cover-is-layout-flow\">\n<h1 class=\"wp-block-heading has-text-align-center\">Ainda tem d\u00favidas?<\/h1>\n\n\n\n<p>Temos todo o gosto em conversar.<\/p>\n\n\n\n<div class=\"wp-block-buttons is-vertical is-content-justification-center is-layout-flex wp-container-core-buttons-is-layout-734eb2c2 wp-block-buttons-is-layout-flex\">\n<div class=\"wp-block-button is-style-outline is-style-outline--2\"><a class=\"wp-block-button__link wp-element-button\" href=\"https:\/\/kawasakirobotics.com\/br\/inquiry\/\">CONTACTE-NOS<\/a><\/div>\n<\/div>\n<\/div><\/div>\n","protected":false},"excerpt":{"rendered":"<p>Rob\u00f4s, rob\u00f3tica e automa\u00e7\u00e3o &#8211; qual \u00e9 a diferen\u00e7a? Rob\u00f4s, rob\u00f3tica e automa\u00e7\u00e3o s\u00e3o utilizados quase indistintamente, mas t\u00eam significados diferentes. Os rob\u00f4s s\u00e3o os bra\u00e7os rob\u00f3ticos que se v\u00eaem numa f\u00e1brica e a rob\u00f3tica \u00e9 a tecnologia que envolve a conce\u00e7\u00e3o, o design, a constru\u00e7\u00e3o e o funcionamento dos rob\u00f4s na produ\u00e7\u00e3o. A automatiza\u00e7\u00e3o \u00e9 definida como uma tecnologia que utiliza sistemas mec\u00e2nicos, electr\u00f3nicos e inform\u00e1ticos no funcionamento e controlo da produ\u00e7\u00e3o. Um sistema automatizado de rob\u00f4s utiliza muitos componentes para realizar uma tarefa de forma aut\u00f3noma. Quais s\u00e3o os principais tipos de aplica\u00e7\u00f5es de rob\u00f4s? Os processos de manuseamento de materiais envolvem a movimenta\u00e7\u00e3o de um item de um local para outro, apenas [&hellip;]<\/p>\n","protected":false},"author":9,"featured_media":0,"parent":0,"menu_order":4,"comment_status":"closed","ping_status":"closed","template":"","meta":{"ep_exclude_from_search":false,"footnotes":""},"class_list":["post-4221","page","type-page","status-publish","hentry"],"yoast_head":"<!-- This site is optimized with the Yoast SEO plugin v25.9 - https:\/\/yoast.com\/wordpress\/plugins\/seo\/ -->\n<title>FAQs sobre automatiza\u00e7\u00e3o de rob\u00f4s | Industrial Robots by Kawasaki Robotics<\/title>\n<meta name=\"description\" content=\"Come\u00e7ar a trabalhar com rob\u00f3tica? Consulte as perguntas mais frequentes sobre automa\u00e7\u00e3o de rob\u00f4s e encontre respostas diretas dos nossos especialistas.\" \/>\n<meta name=\"robots\" content=\"index, follow, max-snippet:-1, max-image-preview:large, max-video-preview:-1\" \/>\n<link rel=\"canonical\" href=\"https:\/\/kawasakirobotics.com\/br\/robot-automation-faqs\/\" \/>\n<meta property=\"og:locale\" content=\"pt_BR\" \/>\n<meta property=\"og:type\" content=\"article\" \/>\n<meta property=\"og:title\" content=\"FAQs sobre automatiza\u00e7\u00e3o de rob\u00f4s | Industrial Robots by Kawasaki Robotics\" \/>\n<meta property=\"og:description\" content=\"Come\u00e7ar a trabalhar com rob\u00f3tica? Consulte as perguntas mais frequentes sobre automa\u00e7\u00e3o de rob\u00f4s e encontre respostas diretas dos nossos especialistas.\" \/>\n<meta property=\"og:url\" content=\"https:\/\/kawasakirobotics.com\/br\/robot-automation-faqs\/\" \/>\n<meta property=\"og:site_name\" content=\"Kawasaki Robotics\" \/>\n<meta property=\"article:publisher\" content=\"https:\/\/www.facebook.com\/Kawasaki-Robotics-264043869602\" \/>\n<meta property=\"article:modified_time\" content=\"2025-02-19T04:48:28+00:00\" \/>\n<meta property=\"og:image\" content=\"https:\/\/kawasakirobotics.com\/content\/themes\/krobot-theme\/src\/images\/default\/ogp.jpg\" \/>\n\t<meta property=\"og:image:width\" content=\"1200\" \/>\n\t<meta property=\"og:image:height\" content=\"630\" \/>\n\t<meta property=\"og:image:type\" content=\"image\/jpeg\" \/>\n<meta name=\"twitter:card\" content=\"summary_large_image\" \/>\n<meta name=\"twitter:site\" content=\"@kawasakirobot\" \/>\n<script type=\"application\/ld+json\" class=\"yoast-schema-graph\">{\"@context\":\"https:\/\/schema.org\",\"@graph\":[{\"@type\":\"WebPage\",\"@id\":\"https:\/\/kawasakirobotics.com\/br\/robot-automation-faqs\/\",\"url\":\"https:\/\/kawasakirobotics.com\/br\/robot-automation-faqs\/\",\"name\":\"FAQs sobre automatiza\u00e7\u00e3o de rob\u00f4s | Industrial Robots by Kawasaki Robotics\",\"isPartOf\":{\"@id\":\"https:\/\/kawasakirobotics.com\/br\/#website\"},\"primaryImageOfPage\":{\"@id\":\"https:\/\/kawasakirobotics.com\/br\/robot-automation-faqs\/#primaryimage\"},\"image\":{\"@id\":\"https:\/\/kawasakirobotics.com\/br\/robot-automation-faqs\/#primaryimage\"},\"thumbnailUrl\":\"https:\/\/kawasakirobotics.com\/tachyon\/sites\/39\/2022\/03\/quality_005_1800x1200-2.jpg?fit=900%2C900\",\"datePublished\":\"2022-02-22T21:14:50+00:00\",\"dateModified\":\"2025-02-19T04:48:28+00:00\",\"description\":\"Come\u00e7ar a trabalhar com rob\u00f3tica? Consulte as perguntas mais frequentes sobre automa\u00e7\u00e3o de rob\u00f4s e encontre respostas diretas dos nossos especialistas.\",\"breadcrumb\":{\"@id\":\"https:\/\/kawasakirobotics.com\/br\/robot-automation-faqs\/#breadcrumb\"},\"inLanguage\":\"pt-BR\",\"potentialAction\":[{\"@type\":\"ReadAction\",\"target\":[\"https:\/\/kawasakirobotics.com\/br\/robot-automation-faqs\/\"]}]},{\"@type\":\"ImageObject\",\"inLanguage\":\"pt-BR\",\"@id\":\"https:\/\/kawasakirobotics.com\/br\/robot-automation-faqs\/#primaryimage\",\"url\":\"https:\/\/kawasakirobotics.com\/tachyon\/sites\/39\/2022\/03\/quality_005_1800x1200-2.jpg?fit=900%2C900\",\"contentUrl\":\"https:\/\/kawasakirobotics.com\/tachyon\/sites\/39\/2022\/03\/quality_005_1800x1200-2.jpg?fit=900%2C900\"},{\"@type\":\"BreadcrumbList\",\"@id\":\"https:\/\/kawasakirobotics.com\/br\/robot-automation-faqs\/#breadcrumb\",\"itemListElement\":[{\"@type\":\"ListItem\",\"position\":1,\"name\":\"In\u00edcio\",\"item\":\"https:\/\/kawasakirobotics.com\/br\/\"},{\"@type\":\"ListItem\",\"position\":2,\"name\":\"FAQs sobre automatiza\u00e7\u00e3o de rob\u00f4s\"}]},{\"@type\":\"WebSite\",\"@id\":\"https:\/\/kawasakirobotics.com\/br\/#website\",\"url\":\"https:\/\/kawasakirobotics.com\/br\/\",\"name\":\"Kawasaki Robotics\",\"description\":\"\",\"publisher\":{\"@id\":\"https:\/\/kawasakirobotics.com\/br\/#organization\"},\"potentialAction\":[{\"@type\":\"SearchAction\",\"target\":{\"@type\":\"EntryPoint\",\"urlTemplate\":\"https:\/\/kawasakirobotics.com\/br\/?s={search_term_string}\"},\"query-input\":{\"@type\":\"PropertyValueSpecification\",\"valueRequired\":true,\"valueName\":\"search_term_string\"}}],\"inLanguage\":\"pt-BR\"},{\"@type\":\"Organization\",\"@id\":\"https:\/\/kawasakirobotics.com\/br\/#organization\",\"name\":\"\u5ddd\u5d0e\u91cd\u5de5\u696d\u30ed\u30dc\u30c3\u30c8\u30c7\u30a3\u30d3\u30b8\u30e7\u30f3\",\"url\":\"https:\/\/kawasakirobotics.com\/br\/\",\"logo\":{\"@type\":\"ImageObject\",\"inLanguage\":\"pt-BR\",\"@id\":\"https:\/\/kawasakirobotics.com\/br\/#\/schema\/logo\/image\/\",\"url\":\"\",\"contentUrl\":\"\",\"caption\":\"\u5ddd\u5d0e\u91cd\u5de5\u696d\u30ed\u30dc\u30c3\u30c8\u30c7\u30a3\u30d3\u30b8\u30e7\u30f3\"},\"image\":{\"@id\":\"https:\/\/kawasakirobotics.com\/br\/#\/schema\/logo\/image\/\"},\"sameAs\":[\"https:\/\/www.facebook.com\/Kawasaki-Robotics-264043869602\",\"https:\/\/x.com\/kawasakirobot\",\"https:\/\/www.youtube.com\/user\/KawasakiRobots?sub_confirmation=1\",\"https:\/\/www.linkedin.com\/company\/kawasaki-robotics\"]}]}<\/script>\n<!-- \/ Yoast SEO plugin. -->","yoast_head_json":{"title":"FAQs sobre automatiza\u00e7\u00e3o de rob\u00f4s | Industrial Robots by Kawasaki Robotics","description":"Come\u00e7ar a trabalhar com rob\u00f3tica? Consulte as perguntas mais frequentes sobre automa\u00e7\u00e3o de rob\u00f4s e encontre respostas diretas dos nossos especialistas.","robots":{"index":"index","follow":"follow","max-snippet":"max-snippet:-1","max-image-preview":"max-image-preview:large","max-video-preview":"max-video-preview:-1"},"canonical":"https:\/\/kawasakirobotics.com\/br\/robot-automation-faqs\/","og_locale":"pt_BR","og_type":"article","og_title":"FAQs sobre automatiza\u00e7\u00e3o de rob\u00f4s | Industrial Robots by Kawasaki Robotics","og_description":"Come\u00e7ar a trabalhar com rob\u00f3tica? Consulte as perguntas mais frequentes sobre automa\u00e7\u00e3o de rob\u00f4s e encontre respostas diretas dos nossos especialistas.","og_url":"https:\/\/kawasakirobotics.com\/br\/robot-automation-faqs\/","og_site_name":"Kawasaki Robotics","article_publisher":"https:\/\/www.facebook.com\/Kawasaki-Robotics-264043869602","article_modified_time":"2025-02-19T04:48:28+00:00","og_image":[{"url":"https:\/\/kawasakirobotics.com\/content\/themes\/krobot-theme\/src\/images\/default\/ogp.jpg","width":"1200","height":"630","type":"image\/jpeg"}],"twitter_card":"summary_large_image","twitter_site":"@kawasakirobot","schema":{"@context":"https:\/\/schema.org","@graph":[{"@type":"WebPage","@id":"https:\/\/kawasakirobotics.com\/br\/robot-automation-faqs\/","url":"https:\/\/kawasakirobotics.com\/br\/robot-automation-faqs\/","name":"FAQs sobre automatiza\u00e7\u00e3o de rob\u00f4s | Industrial Robots by Kawasaki Robotics","isPartOf":{"@id":"https:\/\/kawasakirobotics.com\/br\/#website"},"primaryImageOfPage":{"@id":"https:\/\/kawasakirobotics.com\/br\/robot-automation-faqs\/#primaryimage"},"image":{"@id":"https:\/\/kawasakirobotics.com\/br\/robot-automation-faqs\/#primaryimage"},"thumbnailUrl":"https:\/\/kawasakirobotics.com\/tachyon\/sites\/39\/2022\/03\/quality_005_1800x1200-2.jpg?fit=900%2C900","datePublished":"2022-02-22T21:14:50+00:00","dateModified":"2025-02-19T04:48:28+00:00","description":"Come\u00e7ar a trabalhar com rob\u00f3tica? Consulte as perguntas mais frequentes sobre automa\u00e7\u00e3o de rob\u00f4s e encontre respostas diretas dos nossos especialistas.","breadcrumb":{"@id":"https:\/\/kawasakirobotics.com\/br\/robot-automation-faqs\/#breadcrumb"},"inLanguage":"pt-BR","potentialAction":[{"@type":"ReadAction","target":["https:\/\/kawasakirobotics.com\/br\/robot-automation-faqs\/"]}]},{"@type":"ImageObject","inLanguage":"pt-BR","@id":"https:\/\/kawasakirobotics.com\/br\/robot-automation-faqs\/#primaryimage","url":"https:\/\/kawasakirobotics.com\/tachyon\/sites\/39\/2022\/03\/quality_005_1800x1200-2.jpg?fit=900%2C900","contentUrl":"https:\/\/kawasakirobotics.com\/tachyon\/sites\/39\/2022\/03\/quality_005_1800x1200-2.jpg?fit=900%2C900"},{"@type":"BreadcrumbList","@id":"https:\/\/kawasakirobotics.com\/br\/robot-automation-faqs\/#breadcrumb","itemListElement":[{"@type":"ListItem","position":1,"name":"In\u00edcio","item":"https:\/\/kawasakirobotics.com\/br\/"},{"@type":"ListItem","position":2,"name":"FAQs sobre automatiza\u00e7\u00e3o de rob\u00f4s"}]},{"@type":"WebSite","@id":"https:\/\/kawasakirobotics.com\/br\/#website","url":"https:\/\/kawasakirobotics.com\/br\/","name":"Kawasaki Robotics","description":"","publisher":{"@id":"https:\/\/kawasakirobotics.com\/br\/#organization"},"potentialAction":[{"@type":"SearchAction","target":{"@type":"EntryPoint","urlTemplate":"https:\/\/kawasakirobotics.com\/br\/?s={search_term_string}"},"query-input":{"@type":"PropertyValueSpecification","valueRequired":true,"valueName":"search_term_string"}}],"inLanguage":"pt-BR"},{"@type":"Organization","@id":"https:\/\/kawasakirobotics.com\/br\/#organization","name":"\u5ddd\u5d0e\u91cd\u5de5\u696d\u30ed\u30dc\u30c3\u30c8\u30c7\u30a3\u30d3\u30b8\u30e7\u30f3","url":"https:\/\/kawasakirobotics.com\/br\/","logo":{"@type":"ImageObject","inLanguage":"pt-BR","@id":"https:\/\/kawasakirobotics.com\/br\/#\/schema\/logo\/image\/","url":"","contentUrl":"","caption":"\u5ddd\u5d0e\u91cd\u5de5\u696d\u30ed\u30dc\u30c3\u30c8\u30c7\u30a3\u30d3\u30b8\u30e7\u30f3"},"image":{"@id":"https:\/\/kawasakirobotics.com\/br\/#\/schema\/logo\/image\/"},"sameAs":["https:\/\/www.facebook.com\/Kawasaki-Robotics-264043869602","https:\/\/x.com\/kawasakirobot","https:\/\/www.youtube.com\/user\/KawasakiRobots?sub_confirmation=1","https:\/\/www.linkedin.com\/company\/kawasaki-robotics"]}]}},"_links":{"self":[{"href":"https:\/\/kawasakirobotics.com\/br\/wp-json\/wp\/v2\/pages\/4221","targetHints":{"allow":["GET"]}}],"collection":[{"href":"https:\/\/kawasakirobotics.com\/br\/wp-json\/wp\/v2\/pages"}],"about":[{"href":"https:\/\/kawasakirobotics.com\/br\/wp-json\/wp\/v2\/types\/page"}],"author":[{"embeddable":true,"href":"https:\/\/kawasakirobotics.com\/br\/wp-json\/wp\/v2\/users\/9"}],"replies":[{"embeddable":true,"href":"https:\/\/kawasakirobotics.com\/br\/wp-json\/wp\/v2\/comments?post=4221"}],"version-history":[{"count":12,"href":"https:\/\/kawasakirobotics.com\/br\/wp-json\/wp\/v2\/pages\/4221\/revisions"}],"predecessor-version":[{"id":8955,"href":"https:\/\/kawasakirobotics.com\/br\/wp-json\/wp\/v2\/pages\/4221\/revisions\/8955"}],"wp:attachment":[{"href":"https:\/\/kawasakirobotics.com\/br\/wp-json\/wp\/v2\/media?parent=4221"}],"curies":[{"name":"wp","href":"https:\/\/api.w.org\/{rel}","templated":true}]}}