{"id":4223,"date":"2022-02-22T16:16:23","date_gmt":"2022-02-22T21:16:23","guid":{"rendered":"urn:uuid:9d1d5c7c-7431-4aa6-9580-5356740fa18f"},"modified":"2025-02-19T01:56:30","modified_gmt":"2025-02-19T04:56:30","slug":"getting-started","status":"publish","type":"page","link":"https:\/\/kawasakirobotics.com\/br\/getting-started\/","title":{"rendered":"Come\u00e7ar a trabalhar"},"content":{"rendered":"\n<figure class=\"wp-block-gallery has-nested-images columns-default is-cropped wp-block-gallery-1 is-layout-flex wp-block-gallery-is-layout-flex\">\n<figure class=\"wp-block-image size-large\"><img loading=\"lazy\" width=\"900\" height=\"600\" decoding=\"async\" data-id=\"5502\" src=\"https:\/\/kawasakirobotics.com\/tachyon\/sites\/39\/2022\/03\/accessibility_002_1800x1200.jpg?fit=900%2C900\" alt=\"Getting Started02\" class=\"wp-image-5502\" srcset=\"https:\/\/kawasakirobotics.com\/tachyon\/sites\/39\/2022\/03\/accessibility_002_1800x1200.jpg?fit=900%2C600&amp;zoom=2 1800w, https:\/\/kawasakirobotics.com\/tachyon\/sites\/39\/2022\/03\/accessibility_002_1800x1200.jpg?fit=900%2C600&amp;zoom=1.5 1350w, https:\/\/kawasakirobotics.com\/tachyon\/sites\/39\/2022\/03\/accessibility_002_1800x1200.jpg?fit=900%2C600&amp;zoom=1 900w, https:\/\/kawasakirobotics.com\/tachyon\/sites\/39\/2022\/03\/accessibility_002_1800x1200.jpg?fit=900%2C600&amp;zoom=0.5 450w, https:\/\/kawasakirobotics.com\/tachyon\/sites\/39\/2022\/03\/accessibility_002_1800x1200.jpg?fit=900%2C600&amp;zoom=0.25 225w\" sizes=\"auto, (max-width: 900px) 100vw, 900px\" \/><\/figure>\n\n\n\n<figure class=\"wp-block-image size-large\"><img loading=\"lazy\" width=\"900\" height=\"600\" decoding=\"async\" data-id=\"5506\" src=\"https:\/\/kawasakirobotics.com\/tachyon\/sites\/39\/2022\/03\/people_04_1800x1200-1.jpg?fit=900%2C900\" alt=\"Getting Started04\" class=\"wp-image-5506\" srcset=\"https:\/\/kawasakirobotics.com\/tachyon\/sites\/39\/2022\/03\/people_04_1800x1200-1.jpg?fit=900%2C600&amp;zoom=2 1800w, https:\/\/kawasakirobotics.com\/tachyon\/sites\/39\/2022\/03\/people_04_1800x1200-1.jpg?fit=900%2C600&amp;zoom=1.5 1350w, https:\/\/kawasakirobotics.com\/tachyon\/sites\/39\/2022\/03\/people_04_1800x1200-1.jpg?fit=900%2C600&amp;zoom=1 900w, https:\/\/kawasakirobotics.com\/tachyon\/sites\/39\/2022\/03\/people_04_1800x1200-1.jpg?fit=900%2C600&amp;zoom=0.5 450w, https:\/\/kawasakirobotics.com\/tachyon\/sites\/39\/2022\/03\/people_04_1800x1200-1.jpg?fit=900%2C600&amp;zoom=0.25 225w\" sizes=\"auto, (max-width: 900px) 100vw, 900px\" \/><\/figure>\n\n\n\n<figure class=\"wp-block-image size-large\"><img loading=\"lazy\" width=\"900\" height=\"600\" decoding=\"async\" data-id=\"5505\" src=\"https:\/\/kawasakirobotics.com\/tachyon\/sites\/39\/2022\/03\/exclusive-resources_008_1800x1200.jpg?fit=900%2C900\" alt=\"Getting Started03\" class=\"wp-image-5505\" srcset=\"https:\/\/kawasakirobotics.com\/tachyon\/sites\/39\/2022\/03\/exclusive-resources_008_1800x1200.jpg?fit=900%2C600&amp;zoom=2 1800w, https:\/\/kawasakirobotics.com\/tachyon\/sites\/39\/2022\/03\/exclusive-resources_008_1800x1200.jpg?fit=900%2C600&amp;zoom=1.5 1350w, https:\/\/kawasakirobotics.com\/tachyon\/sites\/39\/2022\/03\/exclusive-resources_008_1800x1200.jpg?fit=900%2C600&amp;zoom=1 900w, https:\/\/kawasakirobotics.com\/tachyon\/sites\/39\/2022\/03\/exclusive-resources_008_1800x1200.jpg?fit=900%2C600&amp;zoom=0.5 450w, https:\/\/kawasakirobotics.com\/tachyon\/sites\/39\/2022\/03\/exclusive-resources_008_1800x1200.jpg?fit=900%2C600&amp;zoom=0.25 225w\" sizes=\"auto, (max-width: 900px) 100vw, 900px\" \/><\/figure>\n<\/figure>\n\n\n\n<p>Depois de ter decidido optar pela automatiza\u00e7\u00e3o, eis alguns passos para o ajudar a come\u00e7ar: <\/p>\n\n\n\n<h2 class=\"wp-block-heading\"><strong>Passo 1: Definir os seus objectivos<\/strong><\/h2>\n\n\n\n<p>Ao mergulhar num projeto de automatiza\u00e7\u00e3o, \u00e9 importante come\u00e7ar pelo b\u00e1sico. Fa\u00e7a a si mesmo estas perguntas:<\/p>\n\n\n\n<ul class=\"wp-block-list\">\n<li><strong>Porque \u00e9 que pretende automatizar? <\/strong>\u00c9 para acelerar a produ\u00e7\u00e3o ou melhorar a qualidade do produto? Talvez queira tornar as suas instala\u00e7\u00f5es mais seguras, automatizando um processo perigoso. Independentemente disso, \u00e9 importante descobrir o seu &#8220;porqu\u00ea&#8221; e definir um objetivo mensur\u00e1vel para o sucesso, tal como melhorar o tempo de ciclo em X.<\/li>\n\n\n\n<li><strong>Qual \u00e9 o seu or\u00e7amento? <\/strong>Os projectos de automatiza\u00e7\u00e3o podem variar em termos de custo, dependendo da complexidade da aplica\u00e7\u00e3o. Tamb\u00e9m \u00e9 importante pensar no custo total de propriedade, que inclui software, pe\u00e7as sobresselentes, manuten\u00e7\u00e3o preventiva, etc.<\/li>\n\n\n\n<li><strong>Qu\u00e3o realista \u00e9 o meu calend\u00e1rio? <\/strong>\u00c9 preciso tempo para conceber um sistema rob\u00f3tico adaptado \u00e0s suas necessidades espec\u00edficas. Todo o processo pode demorar entre 20 a 40 semanas (ou mais), dependendo da dimens\u00e3o e do \u00e2mbito do seu projeto.<\/li>\n<\/ul>\n\n\n\n<h5 class=\"wp-block-heading\"><strong>Dica:<\/strong> N\u00e3o h\u00e1 problema em escolher a fruta mais f\u00e1cil para um primeiro projeto de automatiza\u00e7\u00e3o. Manter as coisas simples garantir\u00e1 um ROI f\u00e1cil de provar, uma instala\u00e7\u00e3o f\u00e1cil e criar\u00e1 confian\u00e7a na automa\u00e7\u00e3o entre a sua equipa.<\/h5>\n\n\n\n<h2 class=\"wp-block-heading\"><strong>Passo 2: Encontrar um parceiro<\/strong><\/h2>\n\n\n\n<p>A seguir, vai precisar de um <strong>integrador de sistemas <\/strong>que saiba traduzir os seus objectivos numa c\u00e9lula robotizada que funcione para a sua empresa. Procure um integrador que tenha muita experi\u00eancia com o seu tipo de aplica\u00e7\u00e3o espec\u00edfico.<\/p>\n\n\n\n<h5 class=\"wp-block-heading\">Sugest\u00e3o: A Kawasaki facilita a procura de um integrador especializado no seu tipo de aplica\u00e7\u00e3o. <a href=\"https:\/\/kawasakirobotics.com\/br\/partner\/\">Visite a nossa p\u00e1gina de parceiros para encontrar o seu parceiro ideal!<\/a><\/h5>\n\n\n\n<h2 class=\"wp-block-heading\"><strong>Passo 3: Comunicar claramente<\/strong><\/h2>\n\n\n\n<p>O processo de conce\u00e7\u00e3o da sua c\u00e9lula automatizada exigir\u00e1 um fluxo consistente de comunica\u00e7\u00e3o entre si e o seu parceiro integrador. Aqui est\u00e3o algumas maneiras de garantir que nada seja esquecido:<\/p>\n\n\n\n<p><strong>Nomear um gestor de projeto da sua equipa.<\/strong> Como o seu integrador de sistemas ter\u00e1 um gestor de projeto que servir\u00e1 de liga\u00e7\u00e3o. Isto facilitar\u00e1 o fluxo de comunica\u00e7\u00e3o e manter\u00e1 o projeto no bom caminho.<\/p>\n\n\n\n<p><strong>N\u00e3o se esque\u00e7a que tamb\u00e9m \u00e9 um especialista! <\/strong>Enquanto o seu integrador \u00e9 um especialista em tudo o que diz respeito \u00e0 automa\u00e7\u00e3o, voc\u00ea \u00e9 um especialista no seu produto e processo de fabrico. \u00c9 a combina\u00e7\u00e3o dos seus conhecimentos e da experi\u00eancia do integrador que resulta em aplica\u00e7\u00f5es bem sucedidas.<\/p>\n\n\n\n<h5 class=\"wp-block-heading\">Dica: Organize reuni\u00f5es semanais entre os gestores de projeto nomeados para discutir o progresso, as altera\u00e7\u00f5es ou quaisquer problemas que surjam.<\/h5>\n\n\n\n<h2 class=\"wp-block-heading\"><strong>Passo 4: Fa\u00e7a com que a sua equipa participe<\/strong><\/h2>\n\n\n\n<p>Na realidade, a rob\u00f3tica e a automa\u00e7\u00e3o tornam o local de trabalho mais seguro e permitem que os funcion\u00e1rios assumam fun\u00e7\u00f5es melhores e mais humanas. Para garantir que o seu sistema funciona sem problemas, deve ter na sua equipa pessoas que possam operar o rob\u00f4 e resolver problemas quando necess\u00e1rio.<\/p>\n\n\n\n<h5 class=\"wp-block-heading\">Dica: Na Kawasaki, oferecemos forma\u00e7\u00e3o virtual e presencial para os nossos clientes de todos os n\u00edveis de compet\u00eancias. <a href=\"https:\/\/kawasakirobotics.com\/br\/customer-experience\/training\/\">Visite a nossa p\u00e1gina de forma\u00e7\u00e3o para obter mais informa\u00e7\u00f5es.<\/a> <\/h5>\n\n\n\n<h5 class=\"wp-block-heading\">Se a sua equipa precisar de apoio adicional depois de o sistema ter sido instalado, a nossa equipa de assist\u00eancia est\u00e1 apenas a um telefonema de dist\u00e2ncia. <a href=\"https:\/\/kawasakirobotics.com\/br\/customer-experience\/service-support\/\">Visite nossa p\u00e1gina de servi\u00e7o e suporte para saber mais.<\/a><\/h5>\n\n\n\n<div class=\"wp-block-buttons is-horizontal is-content-justification-center is-layout-flex wp-container-core-buttons-is-layout-03627597 wp-block-buttons-is-layout-flex\">\n<div class=\"wp-block-button\"><a class=\"wp-block-button__link wp-element-button\" href=\"https:\/\/kawasakirobotics.com\/br\/partner\/\">ENCONTRAR UM PARCEIRO<\/a><\/div>\n<\/div>\n\n\n\n<div class=\"wp-block-group alignfull site-cta is-layout-flow wp-block-group-is-layout-flow\">\n<div class=\"wp-block-group site-cta__inside is-layout-flow wp-block-group-is-layout-flow\">\n<p class=\"site-cta__text\"><strong><a href=\"https:\/\/kawasaki-corporate.spiral-site.com\/ind_robot_en?_gl=1*a0dmly*_ga*NTMwMjUzNTUwLjE2NDA2NDQ5Mzg.*_ga_GRRCX7N19P*MTY0NjYxNjIyNC4yMzUuMS4xNjQ2NjE4NjkwLjA.&amp;_ifbs-ind_robot_en=s1_Step1\" target=\"_blank\" rel=\"noreferrer noopener\">Pronto para dar o pr\u00f3ximo passo rumo \u00e0 automa\u00e7\u00e3o?<\/a><\/strong><\/p>\n<\/div>\n<\/div>\n","protected":false},"excerpt":{"rendered":"<p>Depois de ter decidido prosseguir com a automatiza\u00e7\u00e3o, eis alguns passos para o ajudar a come\u00e7ar:  Passo 1: Defina os seus objectivos Ao mergulhar num projeto de automatiza\u00e7\u00e3o, \u00e9 importante come\u00e7ar pelo b\u00e1sico. Fa\u00e7a a si mesmo estas perguntas: Porque \u00e9 que pretende automatizar? \u00c9 para acelerar a produ\u00e7\u00e3o ou melhorar a qualidade do produto? Talvez queira tornar as suas instala\u00e7\u00f5es mais seguras, automatizando um processo perigoso. Independentemente disso, \u00e9 importante descobrir o seu &#8220;porqu\u00ea&#8221; e definir um objetivo mensur\u00e1vel para o sucesso, tal como melhorar o tempo de ciclo em X. Qual \u00e9 o seu or\u00e7amento? Os projectos de automatiza\u00e7\u00e3o podem variar em termos de custo [&hellip;]<\/p>\n","protected":false},"author":9,"featured_media":0,"parent":0,"menu_order":5,"comment_status":"closed","ping_status":"closed","template":"","meta":{"ep_exclude_from_search":false,"footnotes":""},"class_list":["post-4223","page","type-page","status-publish","hentry"],"yoast_head":"<!-- This site is optimized with the Yoast SEO plugin v25.9 - https:\/\/yoast.com\/wordpress\/plugins\/seo\/ -->\n<title>Come\u00e7ar a trabalhar | Industrial Robots by Kawasaki Robotics<\/title>\n<meta name=\"description\" content=\"Ind\u00fastrias Pesadas Kawasaki | Come\u00e7ar a trabalhar | Uma vez que tenha decidido optar pela automatiza\u00e7\u00e3o, eis alguns passos para o ajudar a come\u00e7ar.\" \/>\n<meta name=\"robots\" content=\"index, follow, max-snippet:-1, max-image-preview:large, max-video-preview:-1\" \/>\n<link rel=\"canonical\" href=\"https:\/\/kawasakirobotics.com\/br\/getting-started\/\" \/>\n<meta property=\"og:locale\" content=\"pt_BR\" \/>\n<meta property=\"og:type\" content=\"article\" \/>\n<meta property=\"og:title\" content=\"Come\u00e7ar a trabalhar | Industrial Robots by Kawasaki Robotics\" \/>\n<meta property=\"og:description\" content=\"Ind\u00fastrias Pesadas Kawasaki | Come\u00e7ar a trabalhar | Uma vez que tenha decidido optar pela automatiza\u00e7\u00e3o, eis alguns passos para o ajudar a come\u00e7ar.\" \/>\n<meta property=\"og:url\" content=\"https:\/\/kawasakirobotics.com\/br\/getting-started\/\" \/>\n<meta property=\"og:site_name\" content=\"Kawasaki Robotics\" \/>\n<meta property=\"article:publisher\" content=\"https:\/\/www.facebook.com\/Kawasaki-Robotics-264043869602\" \/>\n<meta property=\"article:modified_time\" content=\"2025-02-19T04:56:30+00:00\" \/>\n<meta property=\"og:image\" content=\"https:\/\/kawasakirobotics.com\/content\/themes\/krobot-theme\/src\/images\/default\/ogp.jpg\" \/>\n\t<meta property=\"og:image:width\" content=\"1200\" \/>\n\t<meta property=\"og:image:height\" content=\"630\" \/>\n\t<meta property=\"og:image:type\" content=\"image\/jpeg\" \/>\n<meta name=\"twitter:card\" content=\"summary_large_image\" \/>\n<meta name=\"twitter:site\" content=\"@kawasakirobot\" \/>\n<script type=\"application\/ld+json\" class=\"yoast-schema-graph\">{\"@context\":\"https:\/\/schema.org\",\"@graph\":[{\"@type\":\"WebPage\",\"@id\":\"https:\/\/kawasakirobotics.com\/br\/getting-started\/\",\"url\":\"https:\/\/kawasakirobotics.com\/br\/getting-started\/\",\"name\":\"Come\u00e7ar a trabalhar | Industrial Robots by Kawasaki Robotics\",\"isPartOf\":{\"@id\":\"https:\/\/kawasakirobotics.com\/br\/#website\"},\"primaryImageOfPage\":{\"@id\":\"https:\/\/kawasakirobotics.com\/br\/getting-started\/#primaryimage\"},\"image\":{\"@id\":\"https:\/\/kawasakirobotics.com\/br\/getting-started\/#primaryimage\"},\"thumbnailUrl\":\"https:\/\/kawasakirobotics.com\/tachyon\/sites\/39\/2022\/03\/accessibility_002_1800x1200.jpg?fit=900%2C900\",\"datePublished\":\"2022-02-22T21:16:23+00:00\",\"dateModified\":\"2025-02-19T04:56:30+00:00\",\"description\":\"Ind\u00fastrias Pesadas Kawasaki | Come\u00e7ar a trabalhar | Uma vez que tenha decidido optar pela automatiza\u00e7\u00e3o, eis alguns passos para o ajudar a come\u00e7ar.\",\"breadcrumb\":{\"@id\":\"https:\/\/kawasakirobotics.com\/br\/getting-started\/#breadcrumb\"},\"inLanguage\":\"pt-BR\",\"potentialAction\":[{\"@type\":\"ReadAction\",\"target\":[\"https:\/\/kawasakirobotics.com\/br\/getting-started\/\"]}]},{\"@type\":\"ImageObject\",\"inLanguage\":\"pt-BR\",\"@id\":\"https:\/\/kawasakirobotics.com\/br\/getting-started\/#primaryimage\",\"url\":\"https:\/\/kawasakirobotics.com\/tachyon\/sites\/39\/2022\/03\/accessibility_002_1800x1200.jpg?fit=900%2C900\",\"contentUrl\":\"https:\/\/kawasakirobotics.com\/tachyon\/sites\/39\/2022\/03\/accessibility_002_1800x1200.jpg?fit=900%2C900\"},{\"@type\":\"BreadcrumbList\",\"@id\":\"https:\/\/kawasakirobotics.com\/br\/getting-started\/#breadcrumb\",\"itemListElement\":[{\"@type\":\"ListItem\",\"position\":1,\"name\":\"In\u00edcio\",\"item\":\"https:\/\/kawasakirobotics.com\/br\/\"},{\"@type\":\"ListItem\",\"position\":2,\"name\":\"Come\u00e7ar a trabalhar\"}]},{\"@type\":\"WebSite\",\"@id\":\"https:\/\/kawasakirobotics.com\/br\/#website\",\"url\":\"https:\/\/kawasakirobotics.com\/br\/\",\"name\":\"Kawasaki Robotics\",\"description\":\"\",\"publisher\":{\"@id\":\"https:\/\/kawasakirobotics.com\/br\/#organization\"},\"potentialAction\":[{\"@type\":\"SearchAction\",\"target\":{\"@type\":\"EntryPoint\",\"urlTemplate\":\"https:\/\/kawasakirobotics.com\/br\/?s={search_term_string}\"},\"query-input\":{\"@type\":\"PropertyValueSpecification\",\"valueRequired\":true,\"valueName\":\"search_term_string\"}}],\"inLanguage\":\"pt-BR\"},{\"@type\":\"Organization\",\"@id\":\"https:\/\/kawasakirobotics.com\/br\/#organization\",\"name\":\"\u5ddd\u5d0e\u91cd\u5de5\u696d\u30ed\u30dc\u30c3\u30c8\u30c7\u30a3\u30d3\u30b8\u30e7\u30f3\",\"url\":\"https:\/\/kawasakirobotics.com\/br\/\",\"logo\":{\"@type\":\"ImageObject\",\"inLanguage\":\"pt-BR\",\"@id\":\"https:\/\/kawasakirobotics.com\/br\/#\/schema\/logo\/image\/\",\"url\":\"\",\"contentUrl\":\"\",\"caption\":\"\u5ddd\u5d0e\u91cd\u5de5\u696d\u30ed\u30dc\u30c3\u30c8\u30c7\u30a3\u30d3\u30b8\u30e7\u30f3\"},\"image\":{\"@id\":\"https:\/\/kawasakirobotics.com\/br\/#\/schema\/logo\/image\/\"},\"sameAs\":[\"https:\/\/www.facebook.com\/Kawasaki-Robotics-264043869602\",\"https:\/\/x.com\/kawasakirobot\",\"https:\/\/www.youtube.com\/user\/KawasakiRobots?sub_confirmation=1\",\"https:\/\/www.linkedin.com\/company\/kawasaki-robotics\"]}]}<\/script>\n<!-- \/ Yoast SEO plugin. -->","yoast_head_json":{"title":"Come\u00e7ar a trabalhar | Industrial Robots by Kawasaki Robotics","description":"Ind\u00fastrias Pesadas Kawasaki | Come\u00e7ar a trabalhar | Uma vez que tenha decidido optar pela automatiza\u00e7\u00e3o, eis alguns passos para o ajudar a come\u00e7ar.","robots":{"index":"index","follow":"follow","max-snippet":"max-snippet:-1","max-image-preview":"max-image-preview:large","max-video-preview":"max-video-preview:-1"},"canonical":"https:\/\/kawasakirobotics.com\/br\/getting-started\/","og_locale":"pt_BR","og_type":"article","og_title":"Come\u00e7ar a trabalhar | Industrial Robots by Kawasaki Robotics","og_description":"Ind\u00fastrias Pesadas Kawasaki | Come\u00e7ar a trabalhar | Uma vez que tenha decidido optar pela automatiza\u00e7\u00e3o, eis alguns passos para o ajudar a come\u00e7ar.","og_url":"https:\/\/kawasakirobotics.com\/br\/getting-started\/","og_site_name":"Kawasaki Robotics","article_publisher":"https:\/\/www.facebook.com\/Kawasaki-Robotics-264043869602","article_modified_time":"2025-02-19T04:56:30+00:00","og_image":[{"url":"https:\/\/kawasakirobotics.com\/content\/themes\/krobot-theme\/src\/images\/default\/ogp.jpg","width":"1200","height":"630","type":"image\/jpeg"}],"twitter_card":"summary_large_image","twitter_site":"@kawasakirobot","schema":{"@context":"https:\/\/schema.org","@graph":[{"@type":"WebPage","@id":"https:\/\/kawasakirobotics.com\/br\/getting-started\/","url":"https:\/\/kawasakirobotics.com\/br\/getting-started\/","name":"Come\u00e7ar a trabalhar | Industrial Robots by Kawasaki Robotics","isPartOf":{"@id":"https:\/\/kawasakirobotics.com\/br\/#website"},"primaryImageOfPage":{"@id":"https:\/\/kawasakirobotics.com\/br\/getting-started\/#primaryimage"},"image":{"@id":"https:\/\/kawasakirobotics.com\/br\/getting-started\/#primaryimage"},"thumbnailUrl":"https:\/\/kawasakirobotics.com\/tachyon\/sites\/39\/2022\/03\/accessibility_002_1800x1200.jpg?fit=900%2C900","datePublished":"2022-02-22T21:16:23+00:00","dateModified":"2025-02-19T04:56:30+00:00","description":"Ind\u00fastrias Pesadas Kawasaki | Come\u00e7ar a trabalhar | Uma vez que tenha decidido optar pela automatiza\u00e7\u00e3o, eis alguns passos para o ajudar a come\u00e7ar.","breadcrumb":{"@id":"https:\/\/kawasakirobotics.com\/br\/getting-started\/#breadcrumb"},"inLanguage":"pt-BR","potentialAction":[{"@type":"ReadAction","target":["https:\/\/kawasakirobotics.com\/br\/getting-started\/"]}]},{"@type":"ImageObject","inLanguage":"pt-BR","@id":"https:\/\/kawasakirobotics.com\/br\/getting-started\/#primaryimage","url":"https:\/\/kawasakirobotics.com\/tachyon\/sites\/39\/2022\/03\/accessibility_002_1800x1200.jpg?fit=900%2C900","contentUrl":"https:\/\/kawasakirobotics.com\/tachyon\/sites\/39\/2022\/03\/accessibility_002_1800x1200.jpg?fit=900%2C900"},{"@type":"BreadcrumbList","@id":"https:\/\/kawasakirobotics.com\/br\/getting-started\/#breadcrumb","itemListElement":[{"@type":"ListItem","position":1,"name":"In\u00edcio","item":"https:\/\/kawasakirobotics.com\/br\/"},{"@type":"ListItem","position":2,"name":"Come\u00e7ar a trabalhar"}]},{"@type":"WebSite","@id":"https:\/\/kawasakirobotics.com\/br\/#website","url":"https:\/\/kawasakirobotics.com\/br\/","name":"Kawasaki Robotics","description":"","publisher":{"@id":"https:\/\/kawasakirobotics.com\/br\/#organization"},"potentialAction":[{"@type":"SearchAction","target":{"@type":"EntryPoint","urlTemplate":"https:\/\/kawasakirobotics.com\/br\/?s={search_term_string}"},"query-input":{"@type":"PropertyValueSpecification","valueRequired":true,"valueName":"search_term_string"}}],"inLanguage":"pt-BR"},{"@type":"Organization","@id":"https:\/\/kawasakirobotics.com\/br\/#organization","name":"\u5ddd\u5d0e\u91cd\u5de5\u696d\u30ed\u30dc\u30c3\u30c8\u30c7\u30a3\u30d3\u30b8\u30e7\u30f3","url":"https:\/\/kawasakirobotics.com\/br\/","logo":{"@type":"ImageObject","inLanguage":"pt-BR","@id":"https:\/\/kawasakirobotics.com\/br\/#\/schema\/logo\/image\/","url":"","contentUrl":"","caption":"\u5ddd\u5d0e\u91cd\u5de5\u696d\u30ed\u30dc\u30c3\u30c8\u30c7\u30a3\u30d3\u30b8\u30e7\u30f3"},"image":{"@id":"https:\/\/kawasakirobotics.com\/br\/#\/schema\/logo\/image\/"},"sameAs":["https:\/\/www.facebook.com\/Kawasaki-Robotics-264043869602","https:\/\/x.com\/kawasakirobot","https:\/\/www.youtube.com\/user\/KawasakiRobots?sub_confirmation=1","https:\/\/www.linkedin.com\/company\/kawasaki-robotics"]}]}},"_links":{"self":[{"href":"https:\/\/kawasakirobotics.com\/br\/wp-json\/wp\/v2\/pages\/4223","targetHints":{"allow":["GET"]}}],"collection":[{"href":"https:\/\/kawasakirobotics.com\/br\/wp-json\/wp\/v2\/pages"}],"about":[{"href":"https:\/\/kawasakirobotics.com\/br\/wp-json\/wp\/v2\/types\/page"}],"author":[{"embeddable":true,"href":"https:\/\/kawasakirobotics.com\/br\/wp-json\/wp\/v2\/users\/9"}],"replies":[{"embeddable":true,"href":"https:\/\/kawasakirobotics.com\/br\/wp-json\/wp\/v2\/comments?post=4223"}],"version-history":[{"count":16,"href":"https:\/\/kawasakirobotics.com\/br\/wp-json\/wp\/v2\/pages\/4223\/revisions"}],"predecessor-version":[{"id":8957,"href":"https:\/\/kawasakirobotics.com\/br\/wp-json\/wp\/v2\/pages\/4223\/revisions\/8957"}],"wp:attachment":[{"href":"https:\/\/kawasakirobotics.com\/br\/wp-json\/wp\/v2\/media?parent=4223"}],"curies":[{"name":"wp","href":"https:\/\/api.w.org\/{rel}","templated":true}]}}