{"id":4233,"date":"2022-02-22T16:28:32","date_gmt":"2022-02-22T21:28:32","guid":{"rendered":"urn:uuid:eadc9b02-385a-444d-9721-da2de2f9b100"},"modified":"2025-05-23T04:52:39","modified_gmt":"2025-05-23T07:52:39","slug":"service-support","status":"publish","type":"page","link":"https:\/\/kawasakirobotics.com\/br\/customer-experience\/service-support\/","title":{"rendered":"Servi\u00e7o &amp; Suporte"},"content":{"rendered":"\n<div class=\"wp-block-columns is-layout-flex wp-container-core-columns-is-layout-28f84493 wp-block-columns-is-layout-flex\">\n<div class=\"wp-block-column is-layout-flow wp-block-column-is-layout-flow\" style=\"flex-basis:66.66%\">\n<p>A manuten\u00e7\u00e3o e a conserva\u00e7\u00e3o de rotina s\u00e3o cruciais para prolongar a vida \u00fatil do seu robot. As nossas equipas de Servi\u00e7o e Suporte fornecem an\u00e1lises r\u00e1pidas e completas para minimizar o tempo de inatividade e otimizar a disponibilidade do sistema. Quer necessite de servi\u00e7o no terreno, renova\u00e7\u00e3o, repara\u00e7\u00e3o ou pe\u00e7as sobresselentes, os nossos t\u00e9cnicos experientes est\u00e3o aqui para ajudar a proteger e preservar o seu investimento em automa\u00e7\u00e3o.<\/p>\n\n\n\n<div class=\"wp-block-buttons is-layout-flex wp-block-buttons-is-layout-flex\">\n<div class=\"wp-block-button\"><a class=\"wp-block-button__link wp-element-button\" href=\"https:\/\/kawasaki-corporate.spiral-site.com\/ind_robot_en?_ifbs-ind_robot_en=s1_Step1&amp;_gl=1*1qsbswc*_ga*MTY5ODA4MTAzOC4xNjU1NzI5MjIz*_ga_GRRCX7N19P*MTY1NTc0NjI1Ny4yLjEuMTY1NTc0ODg2Ni4w&amp;_ga=2.60416109.196139840.1655729297-1698081038.1655729223\">Contactar o Servi\u00e7o<\/a><\/div>\n<\/div>\n\n\n\n<figure class=\"wp-block-image size-large\"><img loading=\"lazy\" decoding=\"async\" width=\"1800\" height=\"1200\" src=\"https:\/\/kawasakirobotics.com\/tachyon\/2022\/03\/customer-service_001_1800x1200.jpg?fit=900%2C900\" alt=\"Servi\u00e7o &amp; Suporte\" class=\"wp-image-5414\" srcset=\"https:\/\/kawasakirobotics.com\/tachyon\/sites\/39\/2022\/03\/customer-service_001_1800x1200.jpg?resize=1800%2C1200&amp;zoom=1 1800w, https:\/\/kawasakirobotics.com\/tachyon\/sites\/39\/2022\/03\/customer-service_001_1800x1200.jpg?resize=1800%2C1200&amp;zoom=0.5 900w, https:\/\/kawasakirobotics.com\/tachyon\/sites\/39\/2022\/03\/customer-service_001_1800x1200.jpg?resize=1800%2C1200&amp;zoom=0.25 450w\" sizes=\"auto, (max-width: 1800px) 100vw, 1800px\" \/><\/figure>\n<\/div>\n\n\n\n<div class=\"wp-block-column is-layout-flow wp-block-column-is-layout-flow\" style=\"flex-basis:33.33%\">\n<h5 class=\"wp-block-heading has-red-color has-text-color\"><strong>LINHA DIRECTA DE APOIO 24 HORAS\uff1a<\/strong>(248) 446-4271<\/h5>\n\n\n\n<div class=\"wp-block-buttons is-layout-flex wp-block-buttons-is-layout-flex\">\n<div class=\"wp-block-button\"><a class=\"wp-block-button__link wp-element-button\" href=\"https:\/\/kawasakirobotics.com\/uploads\/2022\/03\/Kawasaki_Customer_Support_2020.pdf\" target=\"_blank\" rel=\"noreferrer noopener\">Descarregar a brochura de apoio ao cliente<\/a><\/div>\n<\/div>\n\n\n\n<p class=\"has-white-color has-white-background-color has-text-color has-background has-extra-large-font-size\"><\/p>\n<\/div>\n<\/div>\n\n\n\n<div class=\"wp-block-columns is-layout-flex wp-container-core-columns-is-layout-28f84493 wp-block-columns-is-layout-flex\">\n<div class=\"wp-block-column is-layout-flow wp-block-column-is-layout-flow\">\n<h1 class=\"wp-block-heading\">SERVI\u00c7O DE CAMPO<\/h1>\n\n\n\n<p>A confian\u00e7a dos nossos clientes \u00e9 o nosso maior valor. \u00c9 por isso que a equipa de Servi\u00e7o de Campo da Kawasaki \u00e9 transparente sobre o que se passa com o seu rob\u00f4 e trabalha consigo para encontrar a solu\u00e7\u00e3o mais simples. Tentamos resolver o problema remotamente &#8211; um servi\u00e7o gratuito para todos os clientes. Se o problema tiver de ser resolvido pessoalmente, um membro da equipa de assist\u00eancia t\u00e9cnica altamente qualificado e experiente deslocar-se-\u00e1 \u00e0s suas instala\u00e7\u00f5es.<\/p>\n<\/div>\n\n\n\n<div class=\"wp-block-column is-layout-flow wp-block-column-is-layout-flow\">\n<h1 class=\"wp-block-heading\">MANUTEN\u00c7\u00c3O PREDITIVA<\/h1>\n\n\n\n<p>A manuten\u00e7\u00e3o \u00e9 uma parte inevit\u00e1vel da propriedade de um rob\u00f4, mas a manuten\u00e7\u00e3o inesperada n\u00e3o o deve ser. \u00c9 por isso que desenvolvemos o nosso software de previs\u00e3o de falhas, o TREND Manager, que ajuda as empresas a evitar tempos de inatividade inesperados. O TREND Manager analisa autom\u00e1tica e continuamente os dados de estado do seu rob\u00f4 para detetar sinais de desgaste, prever avarias iminentes e a necessidade de inspe\u00e7\u00e3o.<\/p>\n<\/div>\n<\/div>\n\n\n\n<div class=\"wp-block-columns is-layout-flex wp-container-core-columns-is-layout-e79a657b wp-block-columns-is-layout-flex\" style=\"padding-top:0\">\n<div class=\"wp-block-column is-layout-flow wp-block-column-is-layout-flow\" style=\"padding-bottom:0\">\n<h1 class=\"wp-block-heading\">REPARA\u00c7\u00d5ES E RENOVA\u00c7\u00c3O<\/h1>\n\n\n\n<p>As repara\u00e7\u00f5es e a renova\u00e7\u00e3o s\u00e3o formas econ\u00f3micas de prolongar a vida \u00fatil do seu rob\u00f4. A nossa equipa \u00e9 transparente quanto \u00e0s repara\u00e7\u00f5es necess\u00e1rias e esfor\u00e7a-se por encontrar a solu\u00e7\u00e3o mais simples.  Os nossos t\u00e9cnicos podem efetuar avalia\u00e7\u00f5es no local e recomendar se \u00e9 necess\u00e1ria uma renova\u00e7\u00e3o. Todas as pe\u00e7as reparadas recebem as mais recentes actualiza\u00e7\u00f5es de melhoria de componentes e s\u00e3o submetidas a testes de funcionalidade sob carga.<\/p>\n<\/div>\n\n\n\n<div class=\"wp-block-column is-layout-flow wp-block-column-is-layout-flow\">\n<h1 class=\"wp-block-heading\">PE\u00c7AS DE SUBSTITUI\u00c7\u00c3O<\/h1>\n\n\n\n<p>A experiente equipa de pe\u00e7as sobressalentes da Kawasaki est\u00e1 aqui para garantir que tem os componentes necess\u00e1rios para manter os seus rob\u00f4s a funcionar sem problemas. Utilizando os seus vastos conhecimentos, aconselham-no sobre as pe\u00e7as a encomendar com base no seu rob\u00f4 e aplica\u00e7\u00e3o. Tamb\u00e9m podem fornecer programas de pe\u00e7as sobresselentes personalizados para as suas instala\u00e7\u00f5es e ajudar na gest\u00e3o do invent\u00e1rio.<\/p>\n<\/div>\n<\/div>\n\n\n\n<div class=\"wp-block-columns is-layout-flex wp-container-core-columns-is-layout-28f84493 wp-block-columns-is-layout-flex\">\n<div class=\"wp-block-column is-layout-flow wp-block-column-is-layout-flow\" style=\"padding-top:0;padding-bottom:0\">\n<figure class=\"wp-block-image size-full\"><img loading=\"lazy\" decoding=\"async\" width=\"434\" height=\"434\" src=\"https:\/\/kawasakirobotics.com\/tachyon\/2024\/05\/Semiconductor-Repair.png?resize=434%2C434&#038;crop_strategy=smart\" alt=\"\" class=\"wp-image-7632\" srcset=\"https:\/\/kawasakirobotics.com\/tachyon\/sites\/39\/2024\/05\/Semiconductor-Repair.png?resize=434%2C434&amp;crop_strategy=smart&amp;zoom=1 434w, https:\/\/kawasakirobotics.com\/tachyon\/sites\/39\/2024\/05\/Semiconductor-Repair.png?resize=434%2C434&amp;crop_strategy=smart&amp;zoom=0.5 217w, https:\/\/kawasakirobotics.com\/tachyon\/sites\/39\/2024\/05\/Semiconductor-Repair.png?resize=434%2C434&amp;crop_strategy=smart&amp;zoom=0.25 109w\" sizes=\"auto, (max-width: 434px) 100vw, 434px\" data-recalc-dims=\"1\" \/><\/figure>\n<\/div>\n\n\n\n<div class=\"wp-block-column is-layout-flow wp-block-column-is-layout-flow\">\n<h1 class=\"wp-block-heading\">SEMICONDUTORES: SERVI\u00c7O E RENOVA\u00c7\u00c3O<\/h1>\n\n\n\n<p>Proteja o seu investimento no rob\u00f4 de manipula\u00e7\u00e3o de wafer com a equipa de assist\u00eancia experiente e de confian\u00e7a da Kawasaki Robotics. As repara\u00e7\u00f5es e renova\u00e7\u00f5es s\u00e3o uma forma econ\u00f3mica de prolongar a vida \u00fatil do seu rob\u00f4. Com a nossa equipa de assist\u00eancia, tem a garantia de trabalhar com profissionais com as qualifica\u00e7\u00f5es certas para assegurar que o trabalho de repara\u00e7\u00e3o \u00e9 realizado com precis\u00e3o e de acordo com as normas da ind\u00fastria. A nossa equipa experiente pode ajud\u00e1-lo remotamente ou efetuar uma avalia\u00e7\u00e3o completa do servi\u00e7o no local. Quer necessite de assist\u00eancia remota, de repara\u00e7\u00f5es no local ou de renovar o rob\u00f4, a nossa equipa est\u00e1 dispon\u00edvel para o ajudar a evitar per\u00edodos de inatividade e a proteger o seu investimento.<\/p>\n<\/div>\n<\/div>\n\n\n\n<div class=\"wp-block-cover is-light\" style=\"min-height:321px;aspect-ratio:unset;\"><span aria-hidden=\"true\" class=\"wp-block-cover__background has-background-dim\"><\/span><img loading=\"lazy\" decoding=\"async\" width=\"960\" height=\"540\" class=\"wp-block-cover__image-background wp-image-6662\" alt=\"\" src=\"https:\/\/kawasakirobotics.com\/tachyon\/2022\/06\/accessibility_003_960x540.jpg\" data-object-fit=\"cover\" srcset=\"https:\/\/kawasakirobotics.com\/tachyon\/sites\/39\/2022\/06\/accessibility_003_960x540.jpg?resize=960%2C540&amp;crop_strategy=smart&amp;zoom=1 960w, https:\/\/kawasakirobotics.com\/tachyon\/sites\/39\/2022\/06\/accessibility_003_960x540.jpg?resize=960%2C540&amp;crop_strategy=smart&amp;zoom=0.5 480w, https:\/\/kawasakirobotics.com\/tachyon\/sites\/39\/2022\/06\/accessibility_003_960x540.jpg?resize=960%2C540&amp;crop_strategy=smart&amp;zoom=0.25 240w\" sizes=\"auto, (max-width: 960px) 100vw, 960px\" \/><div class=\"wp-block-cover__inner-container is-layout-flow wp-block-cover-is-layout-flow\">\n<p class=\"has-text-align-center has-white-color has-red-background-color has-text-color has-background has-large-font-size\"><a href=\"https:\/\/kawasaki-corporate.spiral-site.com\/ind_robot_en?_ifbs-ind_robot_en=s1_Step1&amp;_gl=1*1qsbswc*_ga*MTY5ODA4MTAzOC4xNjU1NzI5MjIz*_ga_GRRCX7N19P*MTY1NTc0NjI1Ny4yLjEuMTY1NTc0ODg2Ni4w&amp;_ga=2.60416109.196139840.1655729297-1698081038.1655729223\">Entre em contacto com as nossas equipas de servi\u00e7o e assist\u00eancia <\/a><\/p>\n<\/div><\/div>\n","protected":false},"excerpt":{"rendered":"<p>A manuten\u00e7\u00e3o e a conserva\u00e7\u00e3o de rotina s\u00e3o cruciais para prolongar a vida \u00fatil do seu robot. As nossas equipas de Servi\u00e7o e Suporte fornecem an\u00e1lises r\u00e1pidas e completas para minimizar o tempo de inatividade e otimizar a disponibilidade do sistema. Quer necessite de servi\u00e7o no terreno, renova\u00e7\u00e3o, repara\u00e7\u00e3o ou pe\u00e7as sobresselentes, os nossos t\u00e9cnicos experientes est\u00e3o aqui para ajudar a proteger e preservar o seu investimento em automa\u00e7\u00e3o. SERVI\u00c7O DE ASSIST\u00caNCIA 24 HORAS\uff1a(248) 446-4271 SERVI\u00c7O DE CAMPO A confian\u00e7a dos nossos clientes \u00e9 o nosso maior valor. \u00c9 por isso que a equipa de Servi\u00e7o de Campo da Kawasaki \u00e9 transparente sobre o que est\u00e1 a acontecer com o seu rob\u00f4 e trabalha consigo para encontrar a solu\u00e7\u00e3o mais simples. Tentamos resolver o problema remotamente &#8211; um [&hellip;]<\/p>\n","protected":false},"author":9,"featured_media":0,"parent":4231,"menu_order":0,"comment_status":"closed","ping_status":"closed","template":"","meta":{"ep_exclude_from_search":false,"footnotes":""},"class_list":["post-4233","page","type-page","status-publish","hentry"],"yoast_head":"<!-- This site is optimized with the Yoast SEO plugin v25.9 - https:\/\/yoast.com\/wordpress\/plugins\/seo\/ -->\n<title>Servi\u00e7o &amp; Suporte | Industrial Robots by Kawasaki Robotics<\/title>\n<meta name=\"description\" content=\"Maximize a vida \u00fatil do seu robot com uma manuten\u00e7\u00e3o de rotina. As nossas equipas de servi\u00e7o e assist\u00eancia fornecem an\u00e1lises r\u00e1pidas e completas para otimizar a disponibilidade do sistema.\" \/>\n<meta name=\"robots\" content=\"index, follow, max-snippet:-1, max-image-preview:large, max-video-preview:-1\" \/>\n<link rel=\"canonical\" href=\"https:\/\/kawasakirobotics.com\/br\/customer-experience\/service-support\/\" \/>\n<meta property=\"og:locale\" content=\"pt_BR\" \/>\n<meta property=\"og:type\" content=\"article\" \/>\n<meta property=\"og:title\" content=\"Servi\u00e7o &amp; Suporte | Industrial Robots by Kawasaki Robotics\" \/>\n<meta property=\"og:description\" content=\"Maximize a vida \u00fatil do seu robot com uma manuten\u00e7\u00e3o de rotina. As nossas equipas de servi\u00e7o e assist\u00eancia fornecem an\u00e1lises r\u00e1pidas e completas para otimizar a disponibilidade do sistema.\" \/>\n<meta property=\"og:url\" content=\"https:\/\/kawasakirobotics.com\/br\/customer-experience\/service-support\/\" \/>\n<meta property=\"og:site_name\" content=\"Kawasaki Robotics\" \/>\n<meta property=\"article:publisher\" content=\"https:\/\/www.facebook.com\/Kawasaki-Robotics-264043869602\" \/>\n<meta property=\"article:modified_time\" content=\"2025-05-23T07:52:39+00:00\" \/>\n<meta property=\"og:image\" content=\"https:\/\/kawasakirobotics.com\/content\/themes\/krobot-theme\/src\/images\/default\/ogp.jpg\" \/>\n\t<meta property=\"og:image:width\" content=\"1200\" \/>\n\t<meta property=\"og:image:height\" content=\"630\" \/>\n\t<meta property=\"og:image:type\" content=\"image\/jpeg\" \/>\n<meta name=\"twitter:card\" content=\"summary_large_image\" \/>\n<meta name=\"twitter:site\" content=\"@kawasakirobot\" \/>\n<script type=\"application\/ld+json\" class=\"yoast-schema-graph\">{\"@context\":\"https:\/\/schema.org\",\"@graph\":[{\"@type\":\"WebPage\",\"@id\":\"https:\/\/kawasakirobotics.com\/br\/customer-experience\/service-support\/\",\"url\":\"https:\/\/kawasakirobotics.com\/br\/customer-experience\/service-support\/\",\"name\":\"Servi\u00e7o &amp; Suporte | Industrial Robots by Kawasaki Robotics\",\"isPartOf\":{\"@id\":\"https:\/\/kawasakirobotics.com\/br\/#website\"},\"primaryImageOfPage\":{\"@id\":\"https:\/\/kawasakirobotics.com\/br\/customer-experience\/service-support\/#primaryimage\"},\"image\":{\"@id\":\"https:\/\/kawasakirobotics.com\/br\/customer-experience\/service-support\/#primaryimage\"},\"thumbnailUrl\":\"https:\/\/kawasakirobotics.com\/tachyon\/2022\/03\/customer-service_001_1800x1200.jpg?fit=900%2C900\",\"datePublished\":\"2022-02-22T21:28:32+00:00\",\"dateModified\":\"2025-05-23T07:52:39+00:00\",\"description\":\"Maximize a vida \u00fatil do seu robot com uma manuten\u00e7\u00e3o de rotina. As nossas equipas de servi\u00e7o e assist\u00eancia fornecem an\u00e1lises r\u00e1pidas e completas para otimizar a disponibilidade do sistema.\",\"breadcrumb\":{\"@id\":\"https:\/\/kawasakirobotics.com\/br\/customer-experience\/service-support\/#breadcrumb\"},\"inLanguage\":\"pt-BR\",\"potentialAction\":[{\"@type\":\"ReadAction\",\"target\":[\"https:\/\/kawasakirobotics.com\/br\/customer-experience\/service-support\/\"]}]},{\"@type\":\"ImageObject\",\"inLanguage\":\"pt-BR\",\"@id\":\"https:\/\/kawasakirobotics.com\/br\/customer-experience\/service-support\/#primaryimage\",\"url\":\"https:\/\/kawasakirobotics.com\/tachyon\/2022\/03\/customer-service_001_1800x1200.jpg?fit=900%2C900\",\"contentUrl\":\"https:\/\/kawasakirobotics.com\/tachyon\/2022\/03\/customer-service_001_1800x1200.jpg?fit=900%2C900\"},{\"@type\":\"BreadcrumbList\",\"@id\":\"https:\/\/kawasakirobotics.com\/br\/customer-experience\/service-support\/#breadcrumb\",\"itemListElement\":[{\"@type\":\"ListItem\",\"position\":1,\"name\":\"In\u00edcio\",\"item\":\"https:\/\/kawasakirobotics.com\/br\/\"},{\"@type\":\"ListItem\",\"position\":2,\"name\":\"Experi\u00eancia de servi\u00e7o ao cliente\",\"item\":\"https:\/\/kawasakirobotics.com\/br\/customer-experience\/\"},{\"@type\":\"ListItem\",\"position\":3,\"name\":\"Servi\u00e7o &amp; Suporte\"}]},{\"@type\":\"WebSite\",\"@id\":\"https:\/\/kawasakirobotics.com\/br\/#website\",\"url\":\"https:\/\/kawasakirobotics.com\/br\/\",\"name\":\"Kawasaki Robotics\",\"description\":\"\",\"publisher\":{\"@id\":\"https:\/\/kawasakirobotics.com\/br\/#organization\"},\"potentialAction\":[{\"@type\":\"SearchAction\",\"target\":{\"@type\":\"EntryPoint\",\"urlTemplate\":\"https:\/\/kawasakirobotics.com\/br\/?s={search_term_string}\"},\"query-input\":{\"@type\":\"PropertyValueSpecification\",\"valueRequired\":true,\"valueName\":\"search_term_string\"}}],\"inLanguage\":\"pt-BR\"},{\"@type\":\"Organization\",\"@id\":\"https:\/\/kawasakirobotics.com\/br\/#organization\",\"name\":\"\u5ddd\u5d0e\u91cd\u5de5\u696d\u30ed\u30dc\u30c3\u30c8\u30c7\u30a3\u30d3\u30b8\u30e7\u30f3\",\"url\":\"https:\/\/kawasakirobotics.com\/br\/\",\"logo\":{\"@type\":\"ImageObject\",\"inLanguage\":\"pt-BR\",\"@id\":\"https:\/\/kawasakirobotics.com\/br\/#\/schema\/logo\/image\/\",\"url\":\"\",\"contentUrl\":\"\",\"caption\":\"\u5ddd\u5d0e\u91cd\u5de5\u696d\u30ed\u30dc\u30c3\u30c8\u30c7\u30a3\u30d3\u30b8\u30e7\u30f3\"},\"image\":{\"@id\":\"https:\/\/kawasakirobotics.com\/br\/#\/schema\/logo\/image\/\"},\"sameAs\":[\"https:\/\/www.facebook.com\/Kawasaki-Robotics-264043869602\",\"https:\/\/x.com\/kawasakirobot\",\"https:\/\/www.youtube.com\/user\/KawasakiRobots?sub_confirmation=1\",\"https:\/\/www.linkedin.com\/company\/kawasaki-robotics\"]}]}<\/script>\n<!-- \/ Yoast SEO plugin. -->","yoast_head_json":{"title":"Servi\u00e7o &amp; Suporte | Industrial Robots by Kawasaki Robotics","description":"Maximize a vida \u00fatil do seu robot com uma manuten\u00e7\u00e3o de rotina. As nossas equipas de servi\u00e7o e assist\u00eancia fornecem an\u00e1lises r\u00e1pidas e completas para otimizar a disponibilidade do sistema.","robots":{"index":"index","follow":"follow","max-snippet":"max-snippet:-1","max-image-preview":"max-image-preview:large","max-video-preview":"max-video-preview:-1"},"canonical":"https:\/\/kawasakirobotics.com\/br\/customer-experience\/service-support\/","og_locale":"pt_BR","og_type":"article","og_title":"Servi\u00e7o &amp; Suporte | Industrial Robots by Kawasaki Robotics","og_description":"Maximize a vida \u00fatil do seu robot com uma manuten\u00e7\u00e3o de rotina. As nossas equipas de servi\u00e7o e assist\u00eancia fornecem an\u00e1lises r\u00e1pidas e completas para otimizar a disponibilidade do sistema.","og_url":"https:\/\/kawasakirobotics.com\/br\/customer-experience\/service-support\/","og_site_name":"Kawasaki Robotics","article_publisher":"https:\/\/www.facebook.com\/Kawasaki-Robotics-264043869602","article_modified_time":"2025-05-23T07:52:39+00:00","og_image":[{"url":"https:\/\/kawasakirobotics.com\/content\/themes\/krobot-theme\/src\/images\/default\/ogp.jpg","width":"1200","height":"630","type":"image\/jpeg"}],"twitter_card":"summary_large_image","twitter_site":"@kawasakirobot","schema":{"@context":"https:\/\/schema.org","@graph":[{"@type":"WebPage","@id":"https:\/\/kawasakirobotics.com\/br\/customer-experience\/service-support\/","url":"https:\/\/kawasakirobotics.com\/br\/customer-experience\/service-support\/","name":"Servi\u00e7o &amp; Suporte | Industrial Robots by Kawasaki Robotics","isPartOf":{"@id":"https:\/\/kawasakirobotics.com\/br\/#website"},"primaryImageOfPage":{"@id":"https:\/\/kawasakirobotics.com\/br\/customer-experience\/service-support\/#primaryimage"},"image":{"@id":"https:\/\/kawasakirobotics.com\/br\/customer-experience\/service-support\/#primaryimage"},"thumbnailUrl":"https:\/\/kawasakirobotics.com\/tachyon\/2022\/03\/customer-service_001_1800x1200.jpg?fit=900%2C900","datePublished":"2022-02-22T21:28:32+00:00","dateModified":"2025-05-23T07:52:39+00:00","description":"Maximize a vida \u00fatil do seu robot com uma manuten\u00e7\u00e3o de rotina. As nossas equipas de servi\u00e7o e assist\u00eancia fornecem an\u00e1lises r\u00e1pidas e completas para otimizar a disponibilidade do sistema.","breadcrumb":{"@id":"https:\/\/kawasakirobotics.com\/br\/customer-experience\/service-support\/#breadcrumb"},"inLanguage":"pt-BR","potentialAction":[{"@type":"ReadAction","target":["https:\/\/kawasakirobotics.com\/br\/customer-experience\/service-support\/"]}]},{"@type":"ImageObject","inLanguage":"pt-BR","@id":"https:\/\/kawasakirobotics.com\/br\/customer-experience\/service-support\/#primaryimage","url":"https:\/\/kawasakirobotics.com\/tachyon\/2022\/03\/customer-service_001_1800x1200.jpg?fit=900%2C900","contentUrl":"https:\/\/kawasakirobotics.com\/tachyon\/2022\/03\/customer-service_001_1800x1200.jpg?fit=900%2C900"},{"@type":"BreadcrumbList","@id":"https:\/\/kawasakirobotics.com\/br\/customer-experience\/service-support\/#breadcrumb","itemListElement":[{"@type":"ListItem","position":1,"name":"In\u00edcio","item":"https:\/\/kawasakirobotics.com\/br\/"},{"@type":"ListItem","position":2,"name":"Experi\u00eancia de servi\u00e7o ao cliente","item":"https:\/\/kawasakirobotics.com\/br\/customer-experience\/"},{"@type":"ListItem","position":3,"name":"Servi\u00e7o &amp; Suporte"}]},{"@type":"WebSite","@id":"https:\/\/kawasakirobotics.com\/br\/#website","url":"https:\/\/kawasakirobotics.com\/br\/","name":"Kawasaki Robotics","description":"","publisher":{"@id":"https:\/\/kawasakirobotics.com\/br\/#organization"},"potentialAction":[{"@type":"SearchAction","target":{"@type":"EntryPoint","urlTemplate":"https:\/\/kawasakirobotics.com\/br\/?s={search_term_string}"},"query-input":{"@type":"PropertyValueSpecification","valueRequired":true,"valueName":"search_term_string"}}],"inLanguage":"pt-BR"},{"@type":"Organization","@id":"https:\/\/kawasakirobotics.com\/br\/#organization","name":"\u5ddd\u5d0e\u91cd\u5de5\u696d\u30ed\u30dc\u30c3\u30c8\u30c7\u30a3\u30d3\u30b8\u30e7\u30f3","url":"https:\/\/kawasakirobotics.com\/br\/","logo":{"@type":"ImageObject","inLanguage":"pt-BR","@id":"https:\/\/kawasakirobotics.com\/br\/#\/schema\/logo\/image\/","url":"","contentUrl":"","caption":"\u5ddd\u5d0e\u91cd\u5de5\u696d\u30ed\u30dc\u30c3\u30c8\u30c7\u30a3\u30d3\u30b8\u30e7\u30f3"},"image":{"@id":"https:\/\/kawasakirobotics.com\/br\/#\/schema\/logo\/image\/"},"sameAs":["https:\/\/www.facebook.com\/Kawasaki-Robotics-264043869602","https:\/\/x.com\/kawasakirobot","https:\/\/www.youtube.com\/user\/KawasakiRobots?sub_confirmation=1","https:\/\/www.linkedin.com\/company\/kawasaki-robotics"]}]}},"_links":{"self":[{"href":"https:\/\/kawasakirobotics.com\/br\/wp-json\/wp\/v2\/pages\/4233","targetHints":{"allow":["GET"]}}],"collection":[{"href":"https:\/\/kawasakirobotics.com\/br\/wp-json\/wp\/v2\/pages"}],"about":[{"href":"https:\/\/kawasakirobotics.com\/br\/wp-json\/wp\/v2\/types\/page"}],"author":[{"embeddable":true,"href":"https:\/\/kawasakirobotics.com\/br\/wp-json\/wp\/v2\/users\/9"}],"replies":[{"embeddable":true,"href":"https:\/\/kawasakirobotics.com\/br\/wp-json\/wp\/v2\/comments?post=4233"}],"version-history":[{"count":20,"href":"https:\/\/kawasakirobotics.com\/br\/wp-json\/wp\/v2\/pages\/4233\/revisions"}],"predecessor-version":[{"id":9083,"href":"https:\/\/kawasakirobotics.com\/br\/wp-json\/wp\/v2\/pages\/4233\/revisions\/9083"}],"up":[{"embeddable":true,"href":"https:\/\/kawasakirobotics.com\/br\/wp-json\/wp\/v2\/pages\/4231"}],"wp:attachment":[{"href":"https:\/\/kawasakirobotics.com\/br\/wp-json\/wp\/v2\/media?parent=4233"}],"curies":[{"name":"wp","href":"https:\/\/api.w.org\/{rel}","templated":true}]}}