{"id":4235,"date":"2022-02-22T16:33:41","date_gmt":"2022-02-22T21:33:41","guid":{"rendered":"urn:uuid:43433009-92fc-4e31-b44d-d7beae32de3c"},"modified":"2025-02-14T03:27:44","modified_gmt":"2025-02-14T08:27:44","slug":"training","status":"publish","type":"page","link":"https:\/\/kawasakirobotics.com\/br\/customer-experience\/training\/","title":{"rendered":"Forma\u00e7\u00e3o"},"content":{"rendered":"\n<div class=\"wp-block-columns is-layout-flex wp-container-core-columns-is-layout-28f84493 wp-block-columns-is-layout-flex\">\n<div class=\"wp-block-column is-layout-flow wp-block-column-is-layout-flow\" style=\"flex-basis:66.66%\">\n<p>O objetivo da nossa equipa de forma\u00e7\u00e3o \u00e9 simples: que cada aluno saia das nossas instala\u00e7\u00f5es como um utilizador bem sucedido e capacitado dos rob\u00f4s Kawasaki. Damos as boas-vindas aos alunos de todos os n\u00edveis de compet\u00eancias para frequentarem os nossos cursos &#8211; quer seja a primeira vez que operam um rob\u00f4 ou estejam a tentar desenvolver compet\u00eancias pr\u00e9-existentes.<\/p>\n\n\n\n<p>Equipados com anos de experi\u00eancia no terreno, os membros da nossa equipa de forma\u00e7\u00e3o s\u00e3o especialistas numa vasta gama de sistemas e aplica\u00e7\u00f5es rob\u00f3ticas. Para satisfazer as necessidades espec\u00edficas dos nossos alunos, os cursos s\u00e3o adaptados aos n\u00edveis de compet\u00eancias individuais e oferecemos diferentes percursos para clientes e integradores.<\/p>\n\n\n\n<p><strong>Est\u00e3o dispon\u00edveis cursos de forma\u00e7\u00e3o presenciais e virtuais, que variam consoante a localiza\u00e7\u00e3o. <\/strong>Consulte o cat\u00e1logo de cursos atual abaixo para encontrar a op\u00e7\u00e3o certa para si. Tem d\u00favidas sobre os cursos? Temos todo o gosto em ajudar.<\/p>\n<\/div>\n\n\n\n<div class=\"wp-block-column is-layout-flow wp-block-column-is-layout-flow\" style=\"flex-basis:33.33%\">\n<h2 class=\"wp-block-heading\">CURSOS DE FORMA\u00c7\u00c3O: <\/h2>\n\n\n\n<p>Opera\u00e7\u00f5es do rob\u00f4<br>Programa\u00e7\u00e3o b\u00e1sica<br>Programa\u00e7\u00e3o avan\u00e7ada<br>Manuten\u00e7\u00e3o el\u00e9ctrica e resolu\u00e7\u00e3o de problemas<br>Manuten\u00e7\u00e3o preventiva<br>Simula\u00e7\u00e3o K-ROSET<br>Sistema de seguran\u00e7a Cubic-S<br>Integrador cross-over<br>Integra\u00e7\u00e3o avan\u00e7ada<\/p>\n<\/div>\n<\/div>\n\n\n\n<div class=\"wp-block-buttons is-layout-flex wp-block-buttons-is-layout-flex\">\n<div class=\"wp-block-button\"><a class=\"wp-block-button__link wp-element-button\" href=\"https:\/\/kawasakirobotics.com\/uploads\/sites\/2\/2024\/07\/Kawasaki-Training-Course-Catalog-R1.pdf\" target=\"_blank\" rel=\"noreferrer noopener\">CAT\u00c1LOGO DE CURSOS<\/a><\/div>\n\n\n\n<div class=\"wp-block-button\"><a class=\"wp-block-button__link wp-element-button\" href=\"https:\/\/kawasakirobotics.com\/uploads\/sites\/2\/2024\/12\/Training-Course-Schedule_2025-Web.pdf\" target=\"_blank\" rel=\"noreferrer noopener\">CALEND\u00c1RIO DE CURSOS<\/a><\/div>\n\n\n\n<div class=\"wp-block-button\"><a class=\"wp-block-button__link wp-element-button\" href=\"https:\/\/kawasakirobotics.com\/uploads\/2022\/03\/KRI-Facility-and-Directions.pdf\" target=\"_blank\" rel=\"noreferrer noopener\">INFORMA\u00c7\u00d5ES PARA NOVOS ALUNOS<\/a><\/div>\n\n\n\n<div class=\"wp-block-button\"><a class=\"wp-block-button__link wp-element-button\" href=\"https:\/\/kawasaki-corporate.spiral-site.com\/ind_robot_en?_ifbs-ind_robot_en=s1_Step1&amp;_gl=1*1g0id9n*_ga*MTc3MTA2NDk5Ny4xNjg2NjgzNTky*_ga_00HCX9GZSC*MTY4NjgyNTUxMi40LjEuMTY4NjgyNTU0MS4wLjAuMA..*_ga_V527D6771E*MTY4NjgyNTUxMy40LjEuMTY4NjgyNTU0MS4wLjAuMA..\" target=\"_blank\" rel=\"noreferrer noopener\">CONTACTO FORMA\u00c7\u00c3O<\/a><\/div>\n<\/div>\n\n\n\n<figure class=\"wp-block-image aligncenter size-large\"><img loading=\"lazy\" decoding=\"async\" width=\"2160\" height=\"360\" src=\"https:\/\/kawasakirobotics.com\/tachyon\/2022\/03\/training_001_2160x360.jpg?fit=900%2C360\" alt=\"TRAINING COURSES01\" class=\"wp-image-5428\" srcset=\"https:\/\/kawasakirobotics.com\/tachyon\/sites\/39\/2022\/03\/training_001_2160x360.jpg?resize=2160%2C360&amp;zoom=1 2160w, https:\/\/kawasakirobotics.com\/tachyon\/sites\/39\/2022\/03\/training_001_2160x360.jpg?resize=2160%2C360&amp;zoom=0.5 1080w, https:\/\/kawasakirobotics.com\/tachyon\/sites\/39\/2022\/03\/training_001_2160x360.jpg?resize=2160%2C360&amp;zoom=0.25 540w\" sizes=\"auto, (max-width: 2160px) 100vw, 2160px\" \/><\/figure>\n\n\n\n<blockquote class=\"wp-block-quote is-layout-flow wp-block-quote-is-layout-flow\">\n<p><strong>&#8220;N\u00e3o est\u00e1vamos a conseguir o que quer\u00edamos com as aulas que est\u00e1vamos a ter noutras empresas de rob\u00f4s&#8230; Mas (na Kawasaki) fomos muito al\u00e9m do que normalmente ver\u00edamos numa aula. E essa adaptabilidade aos alunos \u00e9 algo que n\u00e3o se v\u00ea.&#8221;<\/strong><\/p>\n<cite>&#8211; Jerry Bransom, Propriet\u00e1rio, Bransom Tech Services<\/cite><\/blockquote>\n","protected":false},"excerpt":{"rendered":"<p>O objetivo da nossa equipa de forma\u00e7\u00e3o \u00e9 simples: que cada aluno saia das nossas instala\u00e7\u00f5es como um utilizador bem sucedido e capacitado dos rob\u00f4s Kawasaki. Damos as boas-vindas aos alunos de todos os n\u00edveis de compet\u00eancias para frequentarem os nossos cursos &#8211; quer seja a primeira vez que operam um rob\u00f4 ou estejam a tentar desenvolver compet\u00eancias pr\u00e9-existentes. Equipados com anos de experi\u00eancia no terreno, os membros da nossa equipa de forma\u00e7\u00e3o s\u00e3o especialistas numa vasta gama de sistemas e aplica\u00e7\u00f5es rob\u00f3ticas. Para satisfazer as necessidades espec\u00edficas dos nossos alunos, os cursos s\u00e3o adaptados aos n\u00edveis de compet\u00eancias individuais e oferecemos diferentes percursos para clientes e integradores. Est\u00e3o dispon\u00edveis cursos de forma\u00e7\u00e3o presenciais e virtuais [&hellip;]<\/p>\n","protected":false},"author":9,"featured_media":0,"parent":4231,"menu_order":0,"comment_status":"closed","ping_status":"closed","template":"page-templates\/custom-title-with-background.php","meta":{"ep_exclude_from_search":false,"footnotes":""},"class_list":["post-4235","page","type-page","status-publish","hentry"],"yoast_head":"<!-- This site is optimized with the Yoast SEO plugin v25.9 - https:\/\/yoast.com\/wordpress\/plugins\/seo\/ -->\n<title>Forma\u00e7\u00e3o | Industrial Robots by Kawasaki Robotics<\/title>\n<meta name=\"description\" content=\"Melhore as suas compet\u00eancias em rob\u00f3tica com a equipa de forma\u00e7\u00e3o da Kawasaki. Os nossos cursos, adaptados a qualquer n\u00edvel de compet\u00eancias, oferecem forma\u00e7\u00e3o presencial e virtual.\" \/>\n<meta name=\"robots\" content=\"index, follow, max-snippet:-1, max-image-preview:large, max-video-preview:-1\" \/>\n<link rel=\"canonical\" href=\"https:\/\/kawasakirobotics.com\/br\/customer-experience\/training\/\" \/>\n<meta property=\"og:locale\" content=\"pt_BR\" \/>\n<meta property=\"og:type\" content=\"article\" \/>\n<meta property=\"og:title\" content=\"Forma\u00e7\u00e3o | Industrial Robots by Kawasaki Robotics\" \/>\n<meta property=\"og:description\" content=\"Melhore as suas compet\u00eancias em rob\u00f3tica com a equipa de forma\u00e7\u00e3o da Kawasaki. Os nossos cursos, adaptados a qualquer n\u00edvel de compet\u00eancias, oferecem forma\u00e7\u00e3o presencial e virtual.\" \/>\n<meta property=\"og:url\" content=\"https:\/\/kawasakirobotics.com\/br\/customer-experience\/training\/\" \/>\n<meta property=\"og:site_name\" content=\"Kawasaki Robotics\" \/>\n<meta property=\"article:publisher\" content=\"https:\/\/www.facebook.com\/Kawasaki-Robotics-264043869602\" \/>\n<meta property=\"article:modified_time\" content=\"2025-02-14T08:27:44+00:00\" \/>\n<meta property=\"og:image\" content=\"https:\/\/kawasakirobotics.com\/content\/themes\/krobot-theme\/src\/images\/default\/ogp.jpg\" \/>\n\t<meta property=\"og:image:width\" content=\"1200\" \/>\n\t<meta property=\"og:image:height\" content=\"630\" \/>\n\t<meta property=\"og:image:type\" content=\"image\/jpeg\" \/>\n<meta name=\"twitter:card\" content=\"summary_large_image\" \/>\n<meta name=\"twitter:site\" content=\"@kawasakirobot\" \/>\n<script type=\"application\/ld+json\" class=\"yoast-schema-graph\">{\"@context\":\"https:\/\/schema.org\",\"@graph\":[{\"@type\":\"WebPage\",\"@id\":\"https:\/\/kawasakirobotics.com\/br\/customer-experience\/training\/\",\"url\":\"https:\/\/kawasakirobotics.com\/br\/customer-experience\/training\/\",\"name\":\"Forma\u00e7\u00e3o | Industrial Robots by Kawasaki Robotics\",\"isPartOf\":{\"@id\":\"https:\/\/kawasakirobotics.com\/br\/#website\"},\"primaryImageOfPage\":{\"@id\":\"https:\/\/kawasakirobotics.com\/br\/customer-experience\/training\/#primaryimage\"},\"image\":{\"@id\":\"https:\/\/kawasakirobotics.com\/br\/customer-experience\/training\/#primaryimage\"},\"thumbnailUrl\":\"https:\/\/kawasakirobotics.com\/tachyon\/2022\/03\/training_001_2160x360.jpg?fit=900%2C360\",\"datePublished\":\"2022-02-22T21:33:41+00:00\",\"dateModified\":\"2025-02-14T08:27:44+00:00\",\"description\":\"Melhore as suas compet\u00eancias em rob\u00f3tica com a equipa de forma\u00e7\u00e3o da Kawasaki. Os nossos cursos, adaptados a qualquer n\u00edvel de compet\u00eancias, oferecem forma\u00e7\u00e3o presencial e virtual.\",\"breadcrumb\":{\"@id\":\"https:\/\/kawasakirobotics.com\/br\/customer-experience\/training\/#breadcrumb\"},\"inLanguage\":\"pt-BR\",\"potentialAction\":[{\"@type\":\"ReadAction\",\"target\":[\"https:\/\/kawasakirobotics.com\/br\/customer-experience\/training\/\"]}]},{\"@type\":\"ImageObject\",\"inLanguage\":\"pt-BR\",\"@id\":\"https:\/\/kawasakirobotics.com\/br\/customer-experience\/training\/#primaryimage\",\"url\":\"https:\/\/kawasakirobotics.com\/tachyon\/2022\/03\/training_001_2160x360.jpg?fit=900%2C360\",\"contentUrl\":\"https:\/\/kawasakirobotics.com\/tachyon\/2022\/03\/training_001_2160x360.jpg?fit=900%2C360\"},{\"@type\":\"BreadcrumbList\",\"@id\":\"https:\/\/kawasakirobotics.com\/br\/customer-experience\/training\/#breadcrumb\",\"itemListElement\":[{\"@type\":\"ListItem\",\"position\":1,\"name\":\"In\u00edcio\",\"item\":\"https:\/\/kawasakirobotics.com\/br\/\"},{\"@type\":\"ListItem\",\"position\":2,\"name\":\"Experi\u00eancia de servi\u00e7o ao cliente\",\"item\":\"https:\/\/kawasakirobotics.com\/br\/customer-experience\/\"},{\"@type\":\"ListItem\",\"position\":3,\"name\":\"Forma\u00e7\u00e3o\"}]},{\"@type\":\"WebSite\",\"@id\":\"https:\/\/kawasakirobotics.com\/br\/#website\",\"url\":\"https:\/\/kawasakirobotics.com\/br\/\",\"name\":\"Kawasaki Robotics\",\"description\":\"\",\"publisher\":{\"@id\":\"https:\/\/kawasakirobotics.com\/br\/#organization\"},\"potentialAction\":[{\"@type\":\"SearchAction\",\"target\":{\"@type\":\"EntryPoint\",\"urlTemplate\":\"https:\/\/kawasakirobotics.com\/br\/?s={search_term_string}\"},\"query-input\":{\"@type\":\"PropertyValueSpecification\",\"valueRequired\":true,\"valueName\":\"search_term_string\"}}],\"inLanguage\":\"pt-BR\"},{\"@type\":\"Organization\",\"@id\":\"https:\/\/kawasakirobotics.com\/br\/#organization\",\"name\":\"\u5ddd\u5d0e\u91cd\u5de5\u696d\u30ed\u30dc\u30c3\u30c8\u30c7\u30a3\u30d3\u30b8\u30e7\u30f3\",\"url\":\"https:\/\/kawasakirobotics.com\/br\/\",\"logo\":{\"@type\":\"ImageObject\",\"inLanguage\":\"pt-BR\",\"@id\":\"https:\/\/kawasakirobotics.com\/br\/#\/schema\/logo\/image\/\",\"url\":\"\",\"contentUrl\":\"\",\"caption\":\"\u5ddd\u5d0e\u91cd\u5de5\u696d\u30ed\u30dc\u30c3\u30c8\u30c7\u30a3\u30d3\u30b8\u30e7\u30f3\"},\"image\":{\"@id\":\"https:\/\/kawasakirobotics.com\/br\/#\/schema\/logo\/image\/\"},\"sameAs\":[\"https:\/\/www.facebook.com\/Kawasaki-Robotics-264043869602\",\"https:\/\/x.com\/kawasakirobot\",\"https:\/\/www.youtube.com\/user\/KawasakiRobots?sub_confirmation=1\",\"https:\/\/www.linkedin.com\/company\/kawasaki-robotics\"]}]}<\/script>\n<!-- \/ Yoast SEO plugin. -->","yoast_head_json":{"title":"Forma\u00e7\u00e3o | Industrial Robots by Kawasaki Robotics","description":"Melhore as suas compet\u00eancias em rob\u00f3tica com a equipa de forma\u00e7\u00e3o da Kawasaki. Os nossos cursos, adaptados a qualquer n\u00edvel de compet\u00eancias, oferecem forma\u00e7\u00e3o presencial e virtual.","robots":{"index":"index","follow":"follow","max-snippet":"max-snippet:-1","max-image-preview":"max-image-preview:large","max-video-preview":"max-video-preview:-1"},"canonical":"https:\/\/kawasakirobotics.com\/br\/customer-experience\/training\/","og_locale":"pt_BR","og_type":"article","og_title":"Forma\u00e7\u00e3o | Industrial Robots by Kawasaki Robotics","og_description":"Melhore as suas compet\u00eancias em rob\u00f3tica com a equipa de forma\u00e7\u00e3o da Kawasaki. Os nossos cursos, adaptados a qualquer n\u00edvel de compet\u00eancias, oferecem forma\u00e7\u00e3o presencial e virtual.","og_url":"https:\/\/kawasakirobotics.com\/br\/customer-experience\/training\/","og_site_name":"Kawasaki Robotics","article_publisher":"https:\/\/www.facebook.com\/Kawasaki-Robotics-264043869602","article_modified_time":"2025-02-14T08:27:44+00:00","og_image":[{"url":"https:\/\/kawasakirobotics.com\/content\/themes\/krobot-theme\/src\/images\/default\/ogp.jpg","width":"1200","height":"630","type":"image\/jpeg"}],"twitter_card":"summary_large_image","twitter_site":"@kawasakirobot","schema":{"@context":"https:\/\/schema.org","@graph":[{"@type":"WebPage","@id":"https:\/\/kawasakirobotics.com\/br\/customer-experience\/training\/","url":"https:\/\/kawasakirobotics.com\/br\/customer-experience\/training\/","name":"Forma\u00e7\u00e3o | Industrial Robots by Kawasaki Robotics","isPartOf":{"@id":"https:\/\/kawasakirobotics.com\/br\/#website"},"primaryImageOfPage":{"@id":"https:\/\/kawasakirobotics.com\/br\/customer-experience\/training\/#primaryimage"},"image":{"@id":"https:\/\/kawasakirobotics.com\/br\/customer-experience\/training\/#primaryimage"},"thumbnailUrl":"https:\/\/kawasakirobotics.com\/tachyon\/2022\/03\/training_001_2160x360.jpg?fit=900%2C360","datePublished":"2022-02-22T21:33:41+00:00","dateModified":"2025-02-14T08:27:44+00:00","description":"Melhore as suas compet\u00eancias em rob\u00f3tica com a equipa de forma\u00e7\u00e3o da Kawasaki. Os nossos cursos, adaptados a qualquer n\u00edvel de compet\u00eancias, oferecem forma\u00e7\u00e3o presencial e virtual.","breadcrumb":{"@id":"https:\/\/kawasakirobotics.com\/br\/customer-experience\/training\/#breadcrumb"},"inLanguage":"pt-BR","potentialAction":[{"@type":"ReadAction","target":["https:\/\/kawasakirobotics.com\/br\/customer-experience\/training\/"]}]},{"@type":"ImageObject","inLanguage":"pt-BR","@id":"https:\/\/kawasakirobotics.com\/br\/customer-experience\/training\/#primaryimage","url":"https:\/\/kawasakirobotics.com\/tachyon\/2022\/03\/training_001_2160x360.jpg?fit=900%2C360","contentUrl":"https:\/\/kawasakirobotics.com\/tachyon\/2022\/03\/training_001_2160x360.jpg?fit=900%2C360"},{"@type":"BreadcrumbList","@id":"https:\/\/kawasakirobotics.com\/br\/customer-experience\/training\/#breadcrumb","itemListElement":[{"@type":"ListItem","position":1,"name":"In\u00edcio","item":"https:\/\/kawasakirobotics.com\/br\/"},{"@type":"ListItem","position":2,"name":"Experi\u00eancia de servi\u00e7o ao cliente","item":"https:\/\/kawasakirobotics.com\/br\/customer-experience\/"},{"@type":"ListItem","position":3,"name":"Forma\u00e7\u00e3o"}]},{"@type":"WebSite","@id":"https:\/\/kawasakirobotics.com\/br\/#website","url":"https:\/\/kawasakirobotics.com\/br\/","name":"Kawasaki Robotics","description":"","publisher":{"@id":"https:\/\/kawasakirobotics.com\/br\/#organization"},"potentialAction":[{"@type":"SearchAction","target":{"@type":"EntryPoint","urlTemplate":"https:\/\/kawasakirobotics.com\/br\/?s={search_term_string}"},"query-input":{"@type":"PropertyValueSpecification","valueRequired":true,"valueName":"search_term_string"}}],"inLanguage":"pt-BR"},{"@type":"Organization","@id":"https:\/\/kawasakirobotics.com\/br\/#organization","name":"\u5ddd\u5d0e\u91cd\u5de5\u696d\u30ed\u30dc\u30c3\u30c8\u30c7\u30a3\u30d3\u30b8\u30e7\u30f3","url":"https:\/\/kawasakirobotics.com\/br\/","logo":{"@type":"ImageObject","inLanguage":"pt-BR","@id":"https:\/\/kawasakirobotics.com\/br\/#\/schema\/logo\/image\/","url":"","contentUrl":"","caption":"\u5ddd\u5d0e\u91cd\u5de5\u696d\u30ed\u30dc\u30c3\u30c8\u30c7\u30a3\u30d3\u30b8\u30e7\u30f3"},"image":{"@id":"https:\/\/kawasakirobotics.com\/br\/#\/schema\/logo\/image\/"},"sameAs":["https:\/\/www.facebook.com\/Kawasaki-Robotics-264043869602","https:\/\/x.com\/kawasakirobot","https:\/\/www.youtube.com\/user\/KawasakiRobots?sub_confirmation=1","https:\/\/www.linkedin.com\/company\/kawasaki-robotics"]}]}},"_links":{"self":[{"href":"https:\/\/kawasakirobotics.com\/br\/wp-json\/wp\/v2\/pages\/4235","targetHints":{"allow":["GET"]}}],"collection":[{"href":"https:\/\/kawasakirobotics.com\/br\/wp-json\/wp\/v2\/pages"}],"about":[{"href":"https:\/\/kawasakirobotics.com\/br\/wp-json\/wp\/v2\/types\/page"}],"author":[{"embeddable":true,"href":"https:\/\/kawasakirobotics.com\/br\/wp-json\/wp\/v2\/users\/9"}],"replies":[{"embeddable":true,"href":"https:\/\/kawasakirobotics.com\/br\/wp-json\/wp\/v2\/comments?post=4235"}],"version-history":[{"count":31,"href":"https:\/\/kawasakirobotics.com\/br\/wp-json\/wp\/v2\/pages\/4235\/revisions"}],"predecessor-version":[{"id":8461,"href":"https:\/\/kawasakirobotics.com\/br\/wp-json\/wp\/v2\/pages\/4235\/revisions\/8461"}],"up":[{"embeddable":true,"href":"https:\/\/kawasakirobotics.com\/br\/wp-json\/wp\/v2\/pages\/4231"}],"wp:attachment":[{"href":"https:\/\/kawasakirobotics.com\/br\/wp-json\/wp\/v2\/media?parent=4235"}],"curies":[{"name":"wp","href":"https:\/\/api.w.org\/{rel}","templated":true}]}}