{"id":4237,"date":"2022-02-22T16:36:37","date_gmt":"2022-02-22T21:36:37","guid":{"rendered":"urn:uuid:86783228-cb2f-4afc-b2ec-5aee0aa852f4"},"modified":"2025-02-14T03:28:08","modified_gmt":"2025-02-14T08:28:08","slug":"exculsive-resources","status":"publish","type":"page","link":"https:\/\/kawasakirobotics.com\/br\/customer-experience\/exculsive-resources\/","title":{"rendered":"Recursos exclusivos"},"content":{"rendered":"\n<div class=\"wp-block-columns is-layout-flex wp-container-core-columns-is-layout-28f84493 wp-block-columns-is-layout-flex\">\n<div class=\"wp-block-column is-layout-flow wp-block-column-is-layout-flow\" style=\"flex-basis:66.66%\">\n<p>Quando est\u00e1 a trabalhar num projeto de automa\u00e7\u00e3o, a \u00faltima coisa que quer fazer \u00e9 esperar que algu\u00e9m lhe d\u00ea as informa\u00e7\u00f5es de que necessita para avan\u00e7ar. \u00c9 por isso que disponibilizamos gratuitamente informa\u00e7\u00f5es sobre produtos, tutoriais, webinars e recursos aos nossos parceiros e clientes online.<\/p>\n\n\n\n<p>Tenha em aten\u00e7\u00e3o que os recursos listados abaixo est\u00e3o dispon\u00edveis exclusivamente para clientes e parceiros da Kawasaki, contacte-nos para saber mais.<\/p>\n\n\n\n<p><\/p>\n<\/div>\n\n\n\n<div class=\"wp-block-column is-vertically-aligned-center has-mid-gray-background-color has-background is-layout-flow wp-block-column-is-layout-flow\" style=\"flex-basis:33.33%\">\n<p class=\"has-text-align-center has-red-color has-text-color\"><strong><a href=\"https:\/\/kawasaki-corporate.spiral-site.com\/ind_robot_en?_gl=1*wb4r2a*_gcl_au*NzU4MzE1Mjg2LjE3MjU0NDg4Nzc.*_ga*MzI0NzY1MjI0LjE3MjU0NDg4Nzc.*_ga_V527D6771E*MTcyNTQ0ODg3Ny4xLjAuMTcyNTQ0ODg3Ny4wLjAuMA..*_ga_00HCX9GZSC*MTcyNTQ0ODg3Ny4xLjAuMTcyNTQ0ODg3Ny4wLjAuMA..&amp;_ifbs-ind_robot_en=s1_Step1\">Contacte-nos<\/a><\/strong> para saber mais sobre os nossos recursos exclusivos.<\/p>\n<\/div>\n<\/div>\n\n\n\n<div class=\"wp-block-media-text is-stacked-on-mobile\"><figure class=\"wp-block-media-text__media\"><img loading=\"lazy\" decoding=\"async\" width=\"620\" height=\"280\" src=\"https:\/\/kawasakirobotics.com\/tachyon\/2022\/03\/kedu-pic.png\" alt=\"One resource for Kawasaki customers - K-EDU\" class=\"wp-image-5406 size-full\" srcset=\"https:\/\/kawasakirobotics.com\/tachyon\/sites\/39\/2022\/03\/kedu-pic.png?resize=620%2C280&amp;zoom=1 620w, https:\/\/kawasakirobotics.com\/tachyon\/sites\/39\/2022\/03\/kedu-pic.png?resize=620%2C280&amp;zoom=0.5 310w, https:\/\/kawasakirobotics.com\/tachyon\/sites\/39\/2022\/03\/kedu-pic.png?resize=620%2C280&amp;zoom=0.25 155w\" sizes=\"auto, (max-width: 620px) 100vw, 620px\" \/><\/figure><div class=\"wp-block-media-text__content\">\n<h2 class=\"wp-block-heading\">PORTAL DE APRENDIZAGEM ONLINE K-EDU<\/h2>\n\n\n\n<p>O K-EDU \u00e9 um site educacional que oferece in\u00fameros tutoriais e webinars. O conte\u00fado de v\u00eddeo foi concebido para novos utilizadores e utilizadores mais avan\u00e7ados, abrangendo t\u00f3picos como o software Kawasaki, programa\u00e7\u00e3o e muito mais.<\/p>\n<\/div><\/div>\n\n\n\n<div class=\"wp-block-media-text alignwide has-media-on-the-right is-stacked-on-mobile\"><div class=\"wp-block-media-text__content\">\n<h2 class=\"wp-block-heading\">CENTRO DE DOWNLOAD DE RECURSOS<\/h2>\n\n\n\n<p>Os utilizadores podem facilmente fazer o download de materiais valiosos como manuais, dados 3D, software e muito mais com o Centro de Downloads. Como mantemos este site continuamente, os utilizadores t\u00eam sempre as informa\u00e7\u00f5es mais recentes.<\/p>\n<\/div><figure class=\"wp-block-media-text__media\"><img loading=\"lazy\" decoding=\"async\" width=\"776\" height=\"377\" src=\"https:\/\/kawasakirobotics.com\/tachyon\/2022\/03\/download-center-pic.png\" alt=\"One resource for Kawasaki customers - the Download Center\" class=\"wp-image-5404 size-full\" srcset=\"https:\/\/kawasakirobotics.com\/tachyon\/sites\/39\/2022\/03\/download-center-pic.png?resize=776%2C377&amp;zoom=1 776w, https:\/\/kawasakirobotics.com\/tachyon\/sites\/39\/2022\/03\/download-center-pic.png?resize=776%2C377&amp;zoom=0.5 388w, https:\/\/kawasakirobotics.com\/tachyon\/sites\/39\/2022\/03\/download-center-pic.png?resize=776%2C377&amp;zoom=0.25 194w\" sizes=\"auto, (max-width: 776px) 100vw, 776px\" \/><\/figure><\/div>\n\n\n\n<div class=\"wp-block-media-text is-stacked-on-mobile\"><figure class=\"wp-block-media-text__media\"><img loading=\"lazy\" decoding=\"async\" width=\"624\" height=\"269\" src=\"https:\/\/kawasakirobotics.com\/tachyon\/2022\/03\/community-site-pic.png\" alt=\"One resource for Kawasaki customers - the Community Site\" class=\"wp-image-5407 size-full\" srcset=\"https:\/\/kawasakirobotics.com\/tachyon\/sites\/39\/2022\/03\/community-site-pic.png?resize=624%2C269&amp;zoom=1 624w, https:\/\/kawasakirobotics.com\/tachyon\/sites\/39\/2022\/03\/community-site-pic.png?resize=624%2C269&amp;zoom=0.5 312w, https:\/\/kawasakirobotics.com\/tachyon\/sites\/39\/2022\/03\/community-site-pic.png?resize=624%2C269&amp;zoom=0.25 156w\" sizes=\"auto, (max-width: 624px) 100vw, 624px\" \/><\/figure><div class=\"wp-block-media-text__content\">\n<h2 class=\"wp-block-heading\">O S\u00cdTIO DA COMUNIDADE<\/h2>\n\n\n\n<p>O site da comunidade permite que os utilizadores recolham informa\u00e7\u00f5es de outros clientes e parceiros da Kawasaki. Pesquise, publique e partilhe facilmente informa\u00e7\u00f5es sobre o seu projeto atual, ou publique perguntas e obtenha respostas de utilizadores de todo o mundo.<\/p>\n<\/div><\/div>\n","protected":false},"excerpt":{"rendered":"<p>Quando est\u00e1 a trabalhar num projeto de automa\u00e7\u00e3o, a \u00faltima coisa que quer fazer \u00e9 esperar que algu\u00e9m lhe d\u00ea as informa\u00e7\u00f5es de que necessita para avan\u00e7ar. \u00c9 por isso que disponibilizamos gratuitamente informa\u00e7\u00f5es sobre produtos, tutoriais, webinars e recursos aos nossos parceiros e clientes online. Tenha em aten\u00e7\u00e3o que os recursos listados abaixo est\u00e3o dispon\u00edveis exclusivamente para clientes e parceiros da Kawasaki, contacte-nos para saber mais. Contacte-nos para saber mais sobre os nossos recursos exclusivos. PORTAL DE APRENDIZAGEM ONLINE K-EDU O K-EDU \u00e9 um site educacional que oferece v\u00e1rios tutoriais e webinars. O conte\u00fado de v\u00eddeo foi concebido [&hellip;]<\/p>\n","protected":false},"author":9,"featured_media":0,"parent":4231,"menu_order":10,"comment_status":"closed","ping_status":"closed","template":"page-templates\/custom-title-with-background.php","meta":{"ep_exclude_from_search":false,"footnotes":""},"class_list":["post-4237","page","type-page","status-publish","hentry"],"yoast_head":"<!-- This site is optimized with the Yoast SEO plugin v25.9 - https:\/\/yoast.com\/wordpress\/plugins\/seo\/ -->\n<title>Recursos exclusivos | Industrial Robots by Kawasaki Robotics<\/title>\n<meta name=\"description\" content=\"A Kawasaki Robotics oferece recursos exclusivos a parceiros e clientes para que tenham acesso \u00e0 informa\u00e7\u00e3o de que necessitam, quando necessitam.\" \/>\n<meta name=\"robots\" content=\"index, follow, max-snippet:-1, max-image-preview:large, max-video-preview:-1\" \/>\n<link rel=\"canonical\" href=\"https:\/\/kawasakirobotics.com\/br\/customer-experience\/exculsive-resources\/\" \/>\n<meta property=\"og:locale\" content=\"pt_BR\" \/>\n<meta property=\"og:type\" content=\"article\" \/>\n<meta property=\"og:title\" content=\"Recursos exclusivos | Industrial Robots by Kawasaki Robotics\" \/>\n<meta property=\"og:description\" content=\"A Kawasaki Robotics oferece recursos exclusivos a parceiros e clientes para que tenham acesso \u00e0 informa\u00e7\u00e3o de que necessitam, quando necessitam.\" \/>\n<meta property=\"og:url\" content=\"https:\/\/kawasakirobotics.com\/br\/customer-experience\/exculsive-resources\/\" \/>\n<meta property=\"og:site_name\" content=\"Kawasaki Robotics\" \/>\n<meta property=\"article:publisher\" content=\"https:\/\/www.facebook.com\/Kawasaki-Robotics-264043869602\" \/>\n<meta property=\"article:modified_time\" content=\"2025-02-14T08:28:08+00:00\" \/>\n<meta property=\"og:image\" content=\"https:\/\/kawasakirobotics.com\/content\/themes\/krobot-theme\/src\/images\/default\/ogp.jpg\" \/>\n\t<meta property=\"og:image:width\" content=\"1200\" \/>\n\t<meta property=\"og:image:height\" content=\"630\" \/>\n\t<meta property=\"og:image:type\" content=\"image\/jpeg\" \/>\n<meta name=\"twitter:card\" content=\"summary_large_image\" \/>\n<meta name=\"twitter:site\" content=\"@kawasakirobot\" \/>\n<script type=\"application\/ld+json\" class=\"yoast-schema-graph\">{\"@context\":\"https:\/\/schema.org\",\"@graph\":[{\"@type\":\"WebPage\",\"@id\":\"https:\/\/kawasakirobotics.com\/br\/customer-experience\/exculsive-resources\/\",\"url\":\"https:\/\/kawasakirobotics.com\/br\/customer-experience\/exculsive-resources\/\",\"name\":\"Recursos exclusivos | Industrial Robots by Kawasaki Robotics\",\"isPartOf\":{\"@id\":\"https:\/\/kawasakirobotics.com\/br\/#website\"},\"primaryImageOfPage\":{\"@id\":\"https:\/\/kawasakirobotics.com\/br\/customer-experience\/exculsive-resources\/#primaryimage\"},\"image\":{\"@id\":\"https:\/\/kawasakirobotics.com\/br\/customer-experience\/exculsive-resources\/#primaryimage\"},\"thumbnailUrl\":\"https:\/\/kawasakirobotics.com\/tachyon\/2022\/03\/kedu-pic.png\",\"datePublished\":\"2022-02-22T21:36:37+00:00\",\"dateModified\":\"2025-02-14T08:28:08+00:00\",\"description\":\"A Kawasaki Robotics oferece recursos exclusivos a parceiros e clientes para que tenham acesso \u00e0 informa\u00e7\u00e3o de que necessitam, quando necessitam.\",\"breadcrumb\":{\"@id\":\"https:\/\/kawasakirobotics.com\/br\/customer-experience\/exculsive-resources\/#breadcrumb\"},\"inLanguage\":\"pt-BR\",\"potentialAction\":[{\"@type\":\"ReadAction\",\"target\":[\"https:\/\/kawasakirobotics.com\/br\/customer-experience\/exculsive-resources\/\"]}]},{\"@type\":\"ImageObject\",\"inLanguage\":\"pt-BR\",\"@id\":\"https:\/\/kawasakirobotics.com\/br\/customer-experience\/exculsive-resources\/#primaryimage\",\"url\":\"https:\/\/kawasakirobotics.com\/tachyon\/2022\/03\/kedu-pic.png\",\"contentUrl\":\"https:\/\/kawasakirobotics.com\/tachyon\/2022\/03\/kedu-pic.png\"},{\"@type\":\"BreadcrumbList\",\"@id\":\"https:\/\/kawasakirobotics.com\/br\/customer-experience\/exculsive-resources\/#breadcrumb\",\"itemListElement\":[{\"@type\":\"ListItem\",\"position\":1,\"name\":\"In\u00edcio\",\"item\":\"https:\/\/kawasakirobotics.com\/br\/\"},{\"@type\":\"ListItem\",\"position\":2,\"name\":\"Experi\u00eancia de servi\u00e7o ao cliente\",\"item\":\"https:\/\/kawasakirobotics.com\/br\/customer-experience\/\"},{\"@type\":\"ListItem\",\"position\":3,\"name\":\"Recursos exclusivos\"}]},{\"@type\":\"WebSite\",\"@id\":\"https:\/\/kawasakirobotics.com\/br\/#website\",\"url\":\"https:\/\/kawasakirobotics.com\/br\/\",\"name\":\"Kawasaki Robotics\",\"description\":\"\",\"publisher\":{\"@id\":\"https:\/\/kawasakirobotics.com\/br\/#organization\"},\"potentialAction\":[{\"@type\":\"SearchAction\",\"target\":{\"@type\":\"EntryPoint\",\"urlTemplate\":\"https:\/\/kawasakirobotics.com\/br\/?s={search_term_string}\"},\"query-input\":{\"@type\":\"PropertyValueSpecification\",\"valueRequired\":true,\"valueName\":\"search_term_string\"}}],\"inLanguage\":\"pt-BR\"},{\"@type\":\"Organization\",\"@id\":\"https:\/\/kawasakirobotics.com\/br\/#organization\",\"name\":\"\u5ddd\u5d0e\u91cd\u5de5\u696d\u30ed\u30dc\u30c3\u30c8\u30c7\u30a3\u30d3\u30b8\u30e7\u30f3\",\"url\":\"https:\/\/kawasakirobotics.com\/br\/\",\"logo\":{\"@type\":\"ImageObject\",\"inLanguage\":\"pt-BR\",\"@id\":\"https:\/\/kawasakirobotics.com\/br\/#\/schema\/logo\/image\/\",\"url\":\"\",\"contentUrl\":\"\",\"caption\":\"\u5ddd\u5d0e\u91cd\u5de5\u696d\u30ed\u30dc\u30c3\u30c8\u30c7\u30a3\u30d3\u30b8\u30e7\u30f3\"},\"image\":{\"@id\":\"https:\/\/kawasakirobotics.com\/br\/#\/schema\/logo\/image\/\"},\"sameAs\":[\"https:\/\/www.facebook.com\/Kawasaki-Robotics-264043869602\",\"https:\/\/x.com\/kawasakirobot\",\"https:\/\/www.youtube.com\/user\/KawasakiRobots?sub_confirmation=1\",\"https:\/\/www.linkedin.com\/company\/kawasaki-robotics\"]}]}<\/script>\n<!-- \/ Yoast SEO plugin. -->","yoast_head_json":{"title":"Recursos exclusivos | Industrial Robots by Kawasaki Robotics","description":"A Kawasaki Robotics oferece recursos exclusivos a parceiros e clientes para que tenham acesso \u00e0 informa\u00e7\u00e3o de que necessitam, quando necessitam.","robots":{"index":"index","follow":"follow","max-snippet":"max-snippet:-1","max-image-preview":"max-image-preview:large","max-video-preview":"max-video-preview:-1"},"canonical":"https:\/\/kawasakirobotics.com\/br\/customer-experience\/exculsive-resources\/","og_locale":"pt_BR","og_type":"article","og_title":"Recursos exclusivos | Industrial Robots by Kawasaki Robotics","og_description":"A Kawasaki Robotics oferece recursos exclusivos a parceiros e clientes para que tenham acesso \u00e0 informa\u00e7\u00e3o de que necessitam, quando necessitam.","og_url":"https:\/\/kawasakirobotics.com\/br\/customer-experience\/exculsive-resources\/","og_site_name":"Kawasaki Robotics","article_publisher":"https:\/\/www.facebook.com\/Kawasaki-Robotics-264043869602","article_modified_time":"2025-02-14T08:28:08+00:00","og_image":[{"url":"https:\/\/kawasakirobotics.com\/content\/themes\/krobot-theme\/src\/images\/default\/ogp.jpg","width":"1200","height":"630","type":"image\/jpeg"}],"twitter_card":"summary_large_image","twitter_site":"@kawasakirobot","schema":{"@context":"https:\/\/schema.org","@graph":[{"@type":"WebPage","@id":"https:\/\/kawasakirobotics.com\/br\/customer-experience\/exculsive-resources\/","url":"https:\/\/kawasakirobotics.com\/br\/customer-experience\/exculsive-resources\/","name":"Recursos exclusivos | Industrial Robots by Kawasaki Robotics","isPartOf":{"@id":"https:\/\/kawasakirobotics.com\/br\/#website"},"primaryImageOfPage":{"@id":"https:\/\/kawasakirobotics.com\/br\/customer-experience\/exculsive-resources\/#primaryimage"},"image":{"@id":"https:\/\/kawasakirobotics.com\/br\/customer-experience\/exculsive-resources\/#primaryimage"},"thumbnailUrl":"https:\/\/kawasakirobotics.com\/tachyon\/2022\/03\/kedu-pic.png","datePublished":"2022-02-22T21:36:37+00:00","dateModified":"2025-02-14T08:28:08+00:00","description":"A Kawasaki Robotics oferece recursos exclusivos a parceiros e clientes para que tenham acesso \u00e0 informa\u00e7\u00e3o de que necessitam, quando necessitam.","breadcrumb":{"@id":"https:\/\/kawasakirobotics.com\/br\/customer-experience\/exculsive-resources\/#breadcrumb"},"inLanguage":"pt-BR","potentialAction":[{"@type":"ReadAction","target":["https:\/\/kawasakirobotics.com\/br\/customer-experience\/exculsive-resources\/"]}]},{"@type":"ImageObject","inLanguage":"pt-BR","@id":"https:\/\/kawasakirobotics.com\/br\/customer-experience\/exculsive-resources\/#primaryimage","url":"https:\/\/kawasakirobotics.com\/tachyon\/2022\/03\/kedu-pic.png","contentUrl":"https:\/\/kawasakirobotics.com\/tachyon\/2022\/03\/kedu-pic.png"},{"@type":"BreadcrumbList","@id":"https:\/\/kawasakirobotics.com\/br\/customer-experience\/exculsive-resources\/#breadcrumb","itemListElement":[{"@type":"ListItem","position":1,"name":"In\u00edcio","item":"https:\/\/kawasakirobotics.com\/br\/"},{"@type":"ListItem","position":2,"name":"Experi\u00eancia de servi\u00e7o ao cliente","item":"https:\/\/kawasakirobotics.com\/br\/customer-experience\/"},{"@type":"ListItem","position":3,"name":"Recursos exclusivos"}]},{"@type":"WebSite","@id":"https:\/\/kawasakirobotics.com\/br\/#website","url":"https:\/\/kawasakirobotics.com\/br\/","name":"Kawasaki Robotics","description":"","publisher":{"@id":"https:\/\/kawasakirobotics.com\/br\/#organization"},"potentialAction":[{"@type":"SearchAction","target":{"@type":"EntryPoint","urlTemplate":"https:\/\/kawasakirobotics.com\/br\/?s={search_term_string}"},"query-input":{"@type":"PropertyValueSpecification","valueRequired":true,"valueName":"search_term_string"}}],"inLanguage":"pt-BR"},{"@type":"Organization","@id":"https:\/\/kawasakirobotics.com\/br\/#organization","name":"\u5ddd\u5d0e\u91cd\u5de5\u696d\u30ed\u30dc\u30c3\u30c8\u30c7\u30a3\u30d3\u30b8\u30e7\u30f3","url":"https:\/\/kawasakirobotics.com\/br\/","logo":{"@type":"ImageObject","inLanguage":"pt-BR","@id":"https:\/\/kawasakirobotics.com\/br\/#\/schema\/logo\/image\/","url":"","contentUrl":"","caption":"\u5ddd\u5d0e\u91cd\u5de5\u696d\u30ed\u30dc\u30c3\u30c8\u30c7\u30a3\u30d3\u30b8\u30e7\u30f3"},"image":{"@id":"https:\/\/kawasakirobotics.com\/br\/#\/schema\/logo\/image\/"},"sameAs":["https:\/\/www.facebook.com\/Kawasaki-Robotics-264043869602","https:\/\/x.com\/kawasakirobot","https:\/\/www.youtube.com\/user\/KawasakiRobots?sub_confirmation=1","https:\/\/www.linkedin.com\/company\/kawasaki-robotics"]}]}},"_links":{"self":[{"href":"https:\/\/kawasakirobotics.com\/br\/wp-json\/wp\/v2\/pages\/4237","targetHints":{"allow":["GET"]}}],"collection":[{"href":"https:\/\/kawasakirobotics.com\/br\/wp-json\/wp\/v2\/pages"}],"about":[{"href":"https:\/\/kawasakirobotics.com\/br\/wp-json\/wp\/v2\/types\/page"}],"author":[{"embeddable":true,"href":"https:\/\/kawasakirobotics.com\/br\/wp-json\/wp\/v2\/users\/9"}],"replies":[{"embeddable":true,"href":"https:\/\/kawasakirobotics.com\/br\/wp-json\/wp\/v2\/comments?post=4237"}],"version-history":[{"count":19,"href":"https:\/\/kawasakirobotics.com\/br\/wp-json\/wp\/v2\/pages\/4237\/revisions"}],"predecessor-version":[{"id":8462,"href":"https:\/\/kawasakirobotics.com\/br\/wp-json\/wp\/v2\/pages\/4237\/revisions\/8462"}],"up":[{"embeddable":true,"href":"https:\/\/kawasakirobotics.com\/br\/wp-json\/wp\/v2\/pages\/4231"}],"wp:attachment":[{"href":"https:\/\/kawasakirobotics.com\/br\/wp-json\/wp\/v2\/media?parent=4237"}],"curies":[{"name":"wp","href":"https:\/\/api.w.org\/{rel}","templated":true}]}}