{"id":4362,"date":"2022-02-24T06:39:25","date_gmt":"2022-02-24T11:39:25","guid":{"rendered":"urn:uuid:1330e660-758b-43ff-8c57-57cc567394b7"},"modified":"2026-04-07T04:53:39","modified_gmt":"2026-04-07T07:53:39","slug":"carreiras","status":"publish","type":"page","link":"https:\/\/kawasakirobotics.com\/br\/company\/carreiras\/","title":{"rendered":"Carreiras na Kawasaki Robotics"},"content":{"rendered":"\n<figure class=\"wp-block-gallery has-nested-images columns-default is-cropped wp-block-gallery-1 is-layout-flex wp-block-gallery-is-layout-flex\">\n<figure class=\"wp-block-image size-large\"><img loading=\"lazy\" decoding=\"async\" width=\"960\" height=\"540\" data-id=\"5474\" src=\"https:\/\/kawasakirobotics.com\/tachyon\/2022\/03\/ingenuity_06_960x540-2.jpg?fit=900%2C540\" alt=\"Kawasaki Robotics Careers08\" class=\"wp-image-5474\" srcset=\"https:\/\/kawasakirobotics.com\/tachyon\/sites\/39\/2022\/03\/ingenuity_06_960x540-2.jpg?resize=960%2C540&amp;crop_strategy=smart&amp;zoom=1 960w, https:\/\/kawasakirobotics.com\/tachyon\/sites\/39\/2022\/03\/ingenuity_06_960x540-2.jpg?resize=960%2C540&amp;crop_strategy=smart&amp;zoom=0.5 480w, https:\/\/kawasakirobotics.com\/tachyon\/sites\/39\/2022\/03\/ingenuity_06_960x540-2.jpg?resize=960%2C540&amp;crop_strategy=smart&amp;zoom=0.25 240w\" sizes=\"auto, (max-width: 960px) 100vw, 960px\" \/><\/figure>\n\n\n\n<figure class=\"wp-block-image size-large\"><img loading=\"lazy\" decoding=\"async\" width=\"960\" height=\"540\" data-id=\"5475\" src=\"https:\/\/kawasakirobotics.com\/tachyon\/2022\/03\/accessibility_004_960x540-3.jpg?fit=900%2C540\" alt=\"Kawasaki Robotics Careers03\" class=\"wp-image-5475\" srcset=\"https:\/\/kawasakirobotics.com\/tachyon\/sites\/39\/2022\/03\/accessibility_004_960x540-3.jpg?resize=960%2C540&amp;crop_strategy=smart&amp;zoom=1 960w, https:\/\/kawasakirobotics.com\/tachyon\/sites\/39\/2022\/03\/accessibility_004_960x540-3.jpg?resize=960%2C540&amp;crop_strategy=smart&amp;zoom=0.5 480w, https:\/\/kawasakirobotics.com\/tachyon\/sites\/39\/2022\/03\/accessibility_004_960x540-3.jpg?resize=960%2C540&amp;crop_strategy=smart&amp;zoom=0.25 240w\" sizes=\"auto, (max-width: 960px) 100vw, 960px\" \/><\/figure>\n\n\n\n<figure class=\"wp-block-image size-large\"><img loading=\"lazy\" decoding=\"async\" width=\"960\" height=\"540\" data-id=\"5477\" src=\"https:\/\/kawasakirobotics.com\/tachyon\/2022\/03\/accessibility_005_960x540.jpg?fit=900%2C540\" alt=\"Kawasaki Robotics Careers04\" class=\"wp-image-5477\" srcset=\"https:\/\/kawasakirobotics.com\/tachyon\/sites\/39\/2022\/03\/accessibility_005_960x540.jpg?resize=960%2C540&amp;crop_strategy=smart&amp;zoom=1 960w, https:\/\/kawasakirobotics.com\/tachyon\/sites\/39\/2022\/03\/accessibility_005_960x540.jpg?resize=960%2C540&amp;crop_strategy=smart&amp;zoom=0.5 480w, https:\/\/kawasakirobotics.com\/tachyon\/sites\/39\/2022\/03\/accessibility_005_960x540.jpg?resize=960%2C540&amp;crop_strategy=smart&amp;zoom=0.25 240w\" sizes=\"auto, (max-width: 960px) 100vw, 960px\" \/><\/figure>\n<\/figure>\n\n\n\n<p>Embora sejamos uma empresa de robots, na Kawasaki damos igual valor ao lado humano do nosso neg\u00f3cio. O nosso engenho humano \u00e9 o nosso maior trunfo &#8211; a nossa equipa \u00e9 o que nos distingue e torna poss\u00edvel o desenvolvimento de rob\u00f3tica diferenciadora.<\/p>\n\n\n\n<p>N\u00e3o agimos apenas como se nos preocup\u00e1ssemos; preocupamo-nos mesmo. Dedicamo-nos a proporcionar a melhor experi\u00eancia ao cliente na ind\u00fastria, e isso s\u00f3 \u00e9 poss\u00edvel se tivermos pessoas extraordin\u00e1rias do nosso lado. Falamos claramente e nunca enganamos, tratando os nossos clientes, parceiros e uns aos outros da forma como esperamos ser tratados.<\/p>\n\n\n\n<p>Os nossos valores fundamentais s\u00e3o a integridade, o cora\u00e7\u00e3o, a motiva\u00e7\u00e3o, o servi\u00e7o e a qualidade. Se estas palavras se identificam consigo, ent\u00e3o gostar\u00edamos que se juntasse \u00e0 nossa equipa. <a href=\"https:\/\/workforcenow.adp.com\/mascsr\/default\/mdf\/recruitment\/recruitment.html?cid=f31e80b7-a166-4f1d-947b-e1fbe422313d\">Clique aqui para ver as nossas vagas actuais e detalhes sobre benef\u00edcios.<\/a><\/p>\n\n\n\n<h2 class=\"wp-block-heading\">AN\u00daNCIOS DE EMPREGO<\/h2>\n\n\n\n<h3 class=\"wp-block-heading\">Chefe t\u00e9cnico, Engenharia avan\u00e7ada<\/h3>\n\n\n\n<h4 class=\"wp-block-heading\">S\u00e3o Jos\u00e9, CA<\/h4>\n\n\n\n<p><strong>Faixa salarial: $175.000 &#8211; $180.000 por ano<\/strong><\/p>\n\n\n\n<p><strong>Qualifica\u00e7\u00f5es m\u00ednimas:                   <\/strong><\/p>\n\n\n\n<p><strong>Forma\u00e7\u00e3o acad\u00e9mica<\/strong><\/p>\n\n\n\n<ul class=\"wp-block-list\">\n<li>Bacharelato (ou equivalente estrangeiro) em Engenharia Mec\u00e2nica, Engenharia El\u00e9ctrica ou Engenharia Mecatr\u00f3nica<\/li>\n<\/ul>\n\n\n\n<p><strong>Experi\u00eancia<\/strong><\/p>\n\n\n\n<ul class=\"wp-block-list\">\n<li>5 anos de experi\u00eancia no cargo oferecido ou num cargo relacionado com rob\u00f3tica ou engenharia de automa\u00e7\u00e3o na ind\u00fastria de semicondutores<\/li>\n\n\n\n<li>Conhecimento pr\u00e1tico de sistemas de automa\u00e7\u00e3o, incluindo a teoria de funcionamento, os principais componentes e os principais modos de falha.<\/li>\n\n\n\n<li>Deve ter experi\u00eancia pr\u00e1tica na conce\u00e7\u00e3o, c\u00e1lculo e ensaio de componentes de automa\u00e7\u00e3o rob\u00f3tica de semicondutores (bra\u00e7os, dispositivos de controlo de extremidades, pr\u00e9-alinhadores ou sistemas de acionamento). A experi\u00eancia pode ser adquirida em simult\u00e2neo.<\/li>\n<\/ul>\n\n\n\n<p><strong>Fun\u00e7\u00f5es<\/strong><\/p>\n\n\n\n<p>Na qualidade de membro da equipa de engenharia de rob\u00f3tica de semicondutores, ir\u00e1 liderar o grupo de engenheiros que realizam actividades de desenvolvimento, ensaio e manuten\u00e7\u00e3o de produtos rob\u00f3ticos para a ind\u00fastria de semicondutores.<\/p>\n\n\n\n<ul class=\"wp-block-list\">\n<li>Atribuir aos engenheiros de aplica\u00e7\u00e3o, de acordo com a sua carga de trabalho, a execu\u00e7\u00e3o de solu\u00e7\u00f5es de automatiza\u00e7\u00e3o de acordo com os pedidos dos clientes.<\/li>\n\n\n\n<li>Analisar solu\u00e7\u00f5es e fornecer orienta\u00e7\u00e3o t\u00e9cnica.<\/li>\n\n\n\n<li>Comunicar com os clientes sobre o calend\u00e1rio, o progresso e os problemas do projeto.<\/li>\n\n\n\n<li>Liderar a equipa interna de conce\u00e7\u00e3o e fabrico de aplica\u00e7\u00f5es.<\/li>\n\n\n\n<li>Controlar o calend\u00e1rio do projeto de aplica\u00e7\u00e3o.<\/li>\n\n\n\n<li>Identificar problemas e apresentar solu\u00e7\u00f5es.<\/li>\n\n\n\n<li>Atualizar\/criar procedimentos\/processos de trabalho para melhorar a efici\u00eancia.<\/li>\n\n\n\n<li>Coordenar com a sede no Jap\u00e3o a aprova\u00e7\u00e3o do projeto, o progresso e a assist\u00eancia t\u00e9cnica para o fabrico em grande escala.<\/li>\n\n\n\n<li>Executar outras tarefas\/deveres conforme necess\u00e1rio\/atribu\u00eddo.<\/li>\n<\/ul>\n\n\n\n<p>Em vez de um diploma de bacharelato e 5 anos de experi\u00eancia, o empregador aceitar\u00e1 qualquer combina\u00e7\u00e3o adequada de educa\u00e7\u00e3o, forma\u00e7\u00e3o ou experi\u00eancia.<\/p>\n\n\n\n<h2 class=\"wp-block-heading alignfull has-text-align-center\">Sobre a<\/h2>\n\n\n\n<div class=\"wp-block-columns alignwide krobot-pattern-3cols krobot-pattern-plaincards is-layout-flex wp-container-core-columns-is-layout-28f84493 wp-block-columns-is-layout-flex\">\n<div class=\"wp-block-column krobot-pattern-3cols__item is-layout-flow wp-block-column-is-layout-flow\">\n<figure class=\"wp-block-image size-large krobot-pattern-plaincards__figure\"><img loading=\"lazy\" decoding=\"async\" width=\"950\" height=\"679\" src=\"https:\/\/kawasakirobotics.com\/tachyon\/2022\/02\/company_1.jpg?fit=900%2C679&#038;resize=900%2C643&#038;crop_strategy=smart\" alt=\"Foto a\u00e9rea da f\u00e1brica\" class=\"wp-image-1559\" srcset=\"https:\/\/kawasakirobotics.com\/tachyon\/sites\/2\/2022\/02\/company_1.jpg?fit=950%2C679&amp;zoom=1 950w, https:\/\/kawasakirobotics.com\/tachyon\/sites\/2\/2022\/02\/company_1.jpg?fit=950%2C679&amp;zoom=0.5 475w, https:\/\/kawasakirobotics.com\/tachyon\/sites\/2\/2022\/02\/company_1.jpg?fit=950%2C679&amp;zoom=0.25 238w\" sizes=\"auto, (max-width: 950px) 100vw, 950px\" data-recalc-dims=\"1\" \/><\/figure>\n\n\n\n<h3 class=\"wp-block-heading has-text-align-center krobot-pattern-plaincards__title\">Sobre a Divis\u00e3o de Rob\u00f4s<\/h3>\n\n\n\n<div class=\"wp-block-buttons krobot-pattern-plaincards__more is-horizontal is-content-justification-center is-layout-flex wp-container-core-buttons-is-layout-03627597 wp-block-buttons-is-layout-flex\">\n<div class=\"wp-block-button is-style-outline is-style-outline--2\"><a class=\"wp-block-button__link wp-element-button\" href=\"https:\/\/kawasakirobotics.com\/br\/company\/divisao-de-robotica\/\">MAIS<\/a><\/div>\n<\/div>\n<\/div>\n\n\n\n<div class=\"wp-block-column krobot-pattern-3cols__item is-layout-flow wp-block-column-is-layout-flow\">\n<figure class=\"wp-block-image size-large krobot-pattern-plaincards__figure\"><img loading=\"lazy\" decoding=\"async\" width=\"950\" height=\"679\" src=\"https:\/\/kawasakirobotics.com\/tachyon\/2022\/02\/company_2.jpg?fit=900%2C679&#038;resize=900%2C643&#038;crop_strategy=smart\" alt=\"Global\" class=\"wp-image-1560\" srcset=\"https:\/\/kawasakirobotics.com\/tachyon\/sites\/2\/2022\/02\/company_2.jpg?fit=950%2C679&amp;zoom=1 950w, https:\/\/kawasakirobotics.com\/tachyon\/sites\/2\/2022\/02\/company_2.jpg?fit=950%2C679&amp;zoom=0.5 475w, https:\/\/kawasakirobotics.com\/tachyon\/sites\/2\/2022\/02\/company_2.jpg?fit=950%2C679&amp;zoom=0.25 238w\" sizes=\"auto, (max-width: 950px) 100vw, 950px\" data-recalc-dims=\"1\" \/><\/figure>\n\n\n\n<h3 class=\"wp-block-heading has-text-align-center krobot-pattern-plaincards__title\">Localiza\u00e7\u00f5es<\/h3>\n\n\n\n<div class=\"wp-block-buttons krobot-pattern-plaincards__more is-horizontal is-content-justification-center is-layout-flex wp-container-core-buttons-is-layout-03627597 wp-block-buttons-is-layout-flex\">\n<div class=\"wp-block-button is-style-outline is-style-outline--3\"><a class=\"wp-block-button__link wp-element-button\" href=\"https:\/\/kawasakirobotics.com\/br\/company\/locais\/\">MAIS<\/a><\/div>\n<\/div>\n<\/div>\n\n\n\n<div class=\"wp-block-column krobot-pattern-3cols__item is-layout-flow wp-block-column-is-layout-flow\">\n<figure class=\"wp-block-image size-large krobot-pattern-plaincards__figure\"><img loading=\"lazy\" decoding=\"async\" width=\"950\" height=\"679\" src=\"https:\/\/kawasakirobotics.com\/tachyon\/2022\/02\/company_4.jpg?fit=900%2C679&#038;resize=900%2C643&#038;crop_strategy=smart\" alt=\"Kawasaki UNIMATE\" class=\"wp-image-1563\" srcset=\"https:\/\/kawasakirobotics.com\/tachyon\/sites\/2\/2022\/02\/company_4.jpg?fit=950%2C679&amp;zoom=1 950w, https:\/\/kawasakirobotics.com\/tachyon\/sites\/2\/2022\/02\/company_4.jpg?fit=950%2C679&amp;zoom=0.5 475w, https:\/\/kawasakirobotics.com\/tachyon\/sites\/2\/2022\/02\/company_4.jpg?fit=950%2C679&amp;zoom=0.25 238w\" sizes=\"auto, (max-width: 950px) 100vw, 950px\" data-recalc-dims=\"1\" \/><\/figure>\n\n\n\n<h3 class=\"wp-block-heading has-text-align-center krobot-pattern-plaincards__title\">Historial<\/h3>\n\n\n\n<div class=\"wp-block-buttons krobot-pattern-plaincards__more is-horizontal is-content-justification-center is-layout-flex wp-container-core-buttons-is-layout-03627597 wp-block-buttons-is-layout-flex\">\n<div class=\"wp-block-button is-style-outline is-style-outline--4\"><a class=\"wp-block-button__link wp-element-button\" href=\"https:\/\/kawasakirobotics.com\/br\/company\/history\/\">MAIS<\/a><\/div>\n<\/div>\n<\/div>\n<\/div>\n\n\n\n<div class=\"wp-block-columns alignwide krobot-pattern-3cols krobot-pattern-plaincards is-layout-flex wp-container-core-columns-is-layout-28f84493 wp-block-columns-is-layout-flex\">\n<div class=\"wp-block-column krobot-pattern-3cols__item is-layout-flow wp-block-column-is-layout-flow\">\n<figure class=\"wp-block-image size-large krobot-pattern-plaincards__figure\"><img loading=\"lazy\" decoding=\"async\" width=\"1755\" height=\"1241\" src=\"https:\/\/kawasakirobotics.com\/tachyon\/2022\/02\/company_6.jpg?fit=900%2C900&#038;resize=900%2C636&#038;crop_strategy=smart\" alt=\"Solu\u00e7\u00f5es Confi\u00e1veis da Kawasaki Robotics para o futuro\" class=\"wp-image-3180\" srcset=\"https:\/\/kawasakirobotics.com\/tachyon\/sites\/2\/2022\/02\/company_6.jpg?fit=1755%2C1241&amp;zoom=1 1755w, https:\/\/kawasakirobotics.com\/tachyon\/sites\/2\/2022\/02\/company_6.jpg?fit=1755%2C1241&amp;zoom=0.5 878w, https:\/\/kawasakirobotics.com\/tachyon\/sites\/2\/2022\/02\/company_6.jpg?fit=1755%2C1241&amp;zoom=0.25 439w\" sizes=\"auto, (max-width: 1755px) 100vw, 1755px\" data-recalc-dims=\"1\" \/><\/figure>\n\n\n\n<h3 class=\"wp-block-heading has-text-align-center krobot-pattern-plaincards__title\">Kawasaki Heavy Industries ltd.<\/h3>\n\n\n\n<div class=\"wp-block-buttons krobot-pattern-plaincards__more is-horizontal is-content-justification-center is-layout-flex wp-container-core-buttons-is-layout-03627597 wp-block-buttons-is-layout-flex\">\n<div class=\"wp-block-button is-style-outline is-style-outline--5\"><a class=\"wp-block-button__link wp-element-button\" href=\"https:\/\/kawasakirobotics.com\/br\/company\/sobre-nos\/\">MAIS<\/a><\/div>\n<\/div>\n<\/div>\n\n\n\n<div class=\"wp-block-column krobot-pattern-3cols__item is-layout-flow wp-block-column-is-layout-flow\">\n<figure class=\"wp-block-image size-large krobot-pattern-plaincards__figure\"><img loading=\"lazy\" width=\"900\" height=\"630\" decoding=\"async\" src=\"https:\/\/kawasakirobotics.com\/tachyon\/sites\/39\/2026\/04\/ISO-1.webp\" alt=\"ISO image\" class=\"wp-image-9163\" srcset=\"https:\/\/kawasakirobotics.com\/tachyon\/sites\/39\/2026\/04\/ISO-1.webp?resize=900%2C630&amp;zoom=1 900w, https:\/\/kawasakirobotics.com\/tachyon\/sites\/39\/2026\/04\/ISO-1.webp?resize=900%2C630&amp;zoom=0.5 450w, https:\/\/kawasakirobotics.com\/tachyon\/sites\/39\/2026\/04\/ISO-1.webp?resize=900%2C630&amp;zoom=0.25 225w\" sizes=\"auto, (max-width: 900px) 100vw, 900px\" \/><\/figure>\n\n\n\n<h3 class=\"wp-block-heading has-text-align-center krobot-pattern-plaincards__title\">Registos ISO<\/h3>\n\n\n\n<div class=\"wp-block-buttons krobot-pattern-plaincards__more is-horizontal is-content-justification-center is-layout-flex wp-container-core-buttons-is-layout-03627597 wp-block-buttons-is-layout-flex\">\n<div class=\"wp-block-button is-style-outline is-style-outline--6\"><a class=\"wp-block-button__link wp-element-button\" href=\"https:\/\/kawasakirobotics.com\/br\/company\/iso\/\">MAIS<\/a><\/div>\n<\/div>\n<\/div>\n<\/div>\n","protected":false},"excerpt":{"rendered":"<p>Embora sejamos uma empresa de robots, na Kawasaki damos igual valor ao lado humano do nosso neg\u00f3cio. O nosso engenho humano \u00e9 o nosso maior trunfo &#8211; a nossa equipa \u00e9 o que nos distingue e torna poss\u00edvel o desenvolvimento de rob\u00f3tica diferenciadora. N\u00e3o agimos apenas como se nos preocup\u00e1ssemos; preocupamo-nos mesmo. Dedicamo-nos a proporcionar a melhor experi\u00eancia ao cliente na ind\u00fastria, e isso s\u00f3 \u00e9 poss\u00edvel se tivermos pessoas extraordin\u00e1rias do nosso lado. Falamos claramente e nunca enganamos, tratando os nossos clientes, parceiros e uns aos outros da forma como esperamos ser tratados. [&hellip;]<\/p>\n","protected":false},"author":9,"featured_media":0,"parent":30,"menu_order":7,"comment_status":"closed","ping_status":"closed","template":"","meta":{"ep_exclude_from_search":false,"footnotes":""},"class_list":["post-4362","page","type-page","status-publish","hentry"],"yoast_head":"<!-- This site is optimized with the Yoast SEO plugin v25.9 - https:\/\/yoast.com\/wordpress\/plugins\/seo\/ -->\n<title>Carreiras na Kawasaki Robotics | Industrial Robots by Kawasaki Robotics<\/title>\n<meta name=\"description\" content=\"Oportunidades de carreira na Kawasaki, onde o engenho humano \u00e9 t\u00e3o valorizado como os nossos robots. Fa\u00e7a parte de uma equipa orientada pela integridade e qualidade.\" \/>\n<meta name=\"robots\" content=\"index, follow, max-snippet:-1, max-image-preview:large, max-video-preview:-1\" \/>\n<link rel=\"canonical\" href=\"https:\/\/kawasakirobotics.com\/br\/company\/carreiras\/\" \/>\n<meta property=\"og:locale\" content=\"pt_BR\" \/>\n<meta property=\"og:type\" content=\"article\" \/>\n<meta property=\"og:title\" content=\"Carreiras na Kawasaki Robotics | Industrial Robots by Kawasaki Robotics\" \/>\n<meta property=\"og:description\" content=\"Oportunidades de carreira na Kawasaki, onde o engenho humano \u00e9 t\u00e3o valorizado como os nossos robots. Fa\u00e7a parte de uma equipa orientada pela integridade e qualidade.\" \/>\n<meta property=\"og:url\" content=\"https:\/\/kawasakirobotics.com\/br\/company\/carreiras\/\" \/>\n<meta property=\"og:site_name\" content=\"Kawasaki Robotics\" \/>\n<meta property=\"article:publisher\" content=\"https:\/\/www.facebook.com\/Kawasaki-Robotics-264043869602\" \/>\n<meta property=\"article:modified_time\" content=\"2026-04-07T07:53:39+00:00\" \/>\n<meta property=\"og:image\" content=\"https:\/\/kawasakirobotics.com\/content\/themes\/krobot-theme\/src\/images\/default\/ogp.jpg\" \/>\n\t<meta property=\"og:image:width\" content=\"1200\" \/>\n\t<meta property=\"og:image:height\" content=\"630\" \/>\n\t<meta property=\"og:image:type\" content=\"image\/jpeg\" \/>\n<meta name=\"twitter:card\" content=\"summary_large_image\" \/>\n<meta name=\"twitter:site\" content=\"@kawasakirobot\" \/>\n<script type=\"application\/ld+json\" class=\"yoast-schema-graph\">{\"@context\":\"https:\/\/schema.org\",\"@graph\":[{\"@type\":\"WebPage\",\"@id\":\"https:\/\/kawasakirobotics.com\/br\/company\/carreiras\/\",\"url\":\"https:\/\/kawasakirobotics.com\/br\/company\/carreiras\/\",\"name\":\"Carreiras na Kawasaki Robotics | Industrial Robots by Kawasaki Robotics\",\"isPartOf\":{\"@id\":\"https:\/\/kawasakirobotics.com\/br\/#website\"},\"primaryImageOfPage\":{\"@id\":\"https:\/\/kawasakirobotics.com\/br\/company\/carreiras\/#primaryimage\"},\"image\":{\"@id\":\"https:\/\/kawasakirobotics.com\/br\/company\/carreiras\/#primaryimage\"},\"thumbnailUrl\":\"https:\/\/kawasakirobotics.com\/tachyon\/2022\/03\/ingenuity_06_960x540-2.jpg?fit=900%2C540\",\"datePublished\":\"2022-02-24T11:39:25+00:00\",\"dateModified\":\"2026-04-07T07:53:39+00:00\",\"description\":\"Oportunidades de carreira na Kawasaki, onde o engenho humano \u00e9 t\u00e3o valorizado como os nossos robots. Fa\u00e7a parte de uma equipa orientada pela integridade e qualidade.\",\"breadcrumb\":{\"@id\":\"https:\/\/kawasakirobotics.com\/br\/company\/carreiras\/#breadcrumb\"},\"inLanguage\":\"pt-BR\",\"potentialAction\":[{\"@type\":\"ReadAction\",\"target\":[\"https:\/\/kawasakirobotics.com\/br\/company\/carreiras\/\"]}]},{\"@type\":\"ImageObject\",\"inLanguage\":\"pt-BR\",\"@id\":\"https:\/\/kawasakirobotics.com\/br\/company\/carreiras\/#primaryimage\",\"url\":\"https:\/\/kawasakirobotics.com\/tachyon\/2022\/03\/ingenuity_06_960x540-2.jpg?fit=900%2C540\",\"contentUrl\":\"https:\/\/kawasakirobotics.com\/tachyon\/2022\/03\/ingenuity_06_960x540-2.jpg?fit=900%2C540\"},{\"@type\":\"BreadcrumbList\",\"@id\":\"https:\/\/kawasakirobotics.com\/br\/company\/carreiras\/#breadcrumb\",\"itemListElement\":[{\"@type\":\"ListItem\",\"position\":1,\"name\":\"In\u00edcio\",\"item\":\"https:\/\/kawasakirobotics.com\/br\/\"},{\"@type\":\"ListItem\",\"position\":2,\"name\":\"Sobre\",\"item\":\"https:\/\/kawasakirobotics.com\/br\/company\/\"},{\"@type\":\"ListItem\",\"position\":3,\"name\":\"Carreiras na Kawasaki Robotics\"}]},{\"@type\":\"WebSite\",\"@id\":\"https:\/\/kawasakirobotics.com\/br\/#website\",\"url\":\"https:\/\/kawasakirobotics.com\/br\/\",\"name\":\"Kawasaki Robotics\",\"description\":\"\",\"publisher\":{\"@id\":\"https:\/\/kawasakirobotics.com\/br\/#organization\"},\"potentialAction\":[{\"@type\":\"SearchAction\",\"target\":{\"@type\":\"EntryPoint\",\"urlTemplate\":\"https:\/\/kawasakirobotics.com\/br\/?s={search_term_string}\"},\"query-input\":{\"@type\":\"PropertyValueSpecification\",\"valueRequired\":true,\"valueName\":\"search_term_string\"}}],\"inLanguage\":\"pt-BR\"},{\"@type\":\"Organization\",\"@id\":\"https:\/\/kawasakirobotics.com\/br\/#organization\",\"name\":\"\u5ddd\u5d0e\u91cd\u5de5\u696d\u30ed\u30dc\u30c3\u30c8\u30c7\u30a3\u30d3\u30b8\u30e7\u30f3\",\"url\":\"https:\/\/kawasakirobotics.com\/br\/\",\"logo\":{\"@type\":\"ImageObject\",\"inLanguage\":\"pt-BR\",\"@id\":\"https:\/\/kawasakirobotics.com\/br\/#\/schema\/logo\/image\/\",\"url\":\"\",\"contentUrl\":\"\",\"caption\":\"\u5ddd\u5d0e\u91cd\u5de5\u696d\u30ed\u30dc\u30c3\u30c8\u30c7\u30a3\u30d3\u30b8\u30e7\u30f3\"},\"image\":{\"@id\":\"https:\/\/kawasakirobotics.com\/br\/#\/schema\/logo\/image\/\"},\"sameAs\":[\"https:\/\/www.facebook.com\/Kawasaki-Robotics-264043869602\",\"https:\/\/x.com\/kawasakirobot\",\"https:\/\/www.youtube.com\/user\/KawasakiRobots?sub_confirmation=1\",\"https:\/\/www.linkedin.com\/company\/kawasaki-robotics\"]}]}<\/script>\n<!-- \/ Yoast SEO plugin. -->","yoast_head_json":{"title":"Carreiras na Kawasaki Robotics | Industrial Robots by Kawasaki Robotics","description":"Oportunidades de carreira na Kawasaki, onde o engenho humano \u00e9 t\u00e3o valorizado como os nossos robots. Fa\u00e7a parte de uma equipa orientada pela integridade e qualidade.","robots":{"index":"index","follow":"follow","max-snippet":"max-snippet:-1","max-image-preview":"max-image-preview:large","max-video-preview":"max-video-preview:-1"},"canonical":"https:\/\/kawasakirobotics.com\/br\/company\/carreiras\/","og_locale":"pt_BR","og_type":"article","og_title":"Carreiras na Kawasaki Robotics | Industrial Robots by Kawasaki Robotics","og_description":"Oportunidades de carreira na Kawasaki, onde o engenho humano \u00e9 t\u00e3o valorizado como os nossos robots. Fa\u00e7a parte de uma equipa orientada pela integridade e qualidade.","og_url":"https:\/\/kawasakirobotics.com\/br\/company\/carreiras\/","og_site_name":"Kawasaki Robotics","article_publisher":"https:\/\/www.facebook.com\/Kawasaki-Robotics-264043869602","article_modified_time":"2026-04-07T07:53:39+00:00","og_image":[{"url":"https:\/\/kawasakirobotics.com\/content\/themes\/krobot-theme\/src\/images\/default\/ogp.jpg","width":"1200","height":"630","type":"image\/jpeg"}],"twitter_card":"summary_large_image","twitter_site":"@kawasakirobot","schema":{"@context":"https:\/\/schema.org","@graph":[{"@type":"WebPage","@id":"https:\/\/kawasakirobotics.com\/br\/company\/carreiras\/","url":"https:\/\/kawasakirobotics.com\/br\/company\/carreiras\/","name":"Carreiras na Kawasaki Robotics | Industrial Robots by Kawasaki Robotics","isPartOf":{"@id":"https:\/\/kawasakirobotics.com\/br\/#website"},"primaryImageOfPage":{"@id":"https:\/\/kawasakirobotics.com\/br\/company\/carreiras\/#primaryimage"},"image":{"@id":"https:\/\/kawasakirobotics.com\/br\/company\/carreiras\/#primaryimage"},"thumbnailUrl":"https:\/\/kawasakirobotics.com\/tachyon\/2022\/03\/ingenuity_06_960x540-2.jpg?fit=900%2C540","datePublished":"2022-02-24T11:39:25+00:00","dateModified":"2026-04-07T07:53:39+00:00","description":"Oportunidades de carreira na Kawasaki, onde o engenho humano \u00e9 t\u00e3o valorizado como os nossos robots. Fa\u00e7a parte de uma equipa orientada pela integridade e qualidade.","breadcrumb":{"@id":"https:\/\/kawasakirobotics.com\/br\/company\/carreiras\/#breadcrumb"},"inLanguage":"pt-BR","potentialAction":[{"@type":"ReadAction","target":["https:\/\/kawasakirobotics.com\/br\/company\/carreiras\/"]}]},{"@type":"ImageObject","inLanguage":"pt-BR","@id":"https:\/\/kawasakirobotics.com\/br\/company\/carreiras\/#primaryimage","url":"https:\/\/kawasakirobotics.com\/tachyon\/2022\/03\/ingenuity_06_960x540-2.jpg?fit=900%2C540","contentUrl":"https:\/\/kawasakirobotics.com\/tachyon\/2022\/03\/ingenuity_06_960x540-2.jpg?fit=900%2C540"},{"@type":"BreadcrumbList","@id":"https:\/\/kawasakirobotics.com\/br\/company\/carreiras\/#breadcrumb","itemListElement":[{"@type":"ListItem","position":1,"name":"In\u00edcio","item":"https:\/\/kawasakirobotics.com\/br\/"},{"@type":"ListItem","position":2,"name":"Sobre","item":"https:\/\/kawasakirobotics.com\/br\/company\/"},{"@type":"ListItem","position":3,"name":"Carreiras na Kawasaki Robotics"}]},{"@type":"WebSite","@id":"https:\/\/kawasakirobotics.com\/br\/#website","url":"https:\/\/kawasakirobotics.com\/br\/","name":"Kawasaki Robotics","description":"","publisher":{"@id":"https:\/\/kawasakirobotics.com\/br\/#organization"},"potentialAction":[{"@type":"SearchAction","target":{"@type":"EntryPoint","urlTemplate":"https:\/\/kawasakirobotics.com\/br\/?s={search_term_string}"},"query-input":{"@type":"PropertyValueSpecification","valueRequired":true,"valueName":"search_term_string"}}],"inLanguage":"pt-BR"},{"@type":"Organization","@id":"https:\/\/kawasakirobotics.com\/br\/#organization","name":"\u5ddd\u5d0e\u91cd\u5de5\u696d\u30ed\u30dc\u30c3\u30c8\u30c7\u30a3\u30d3\u30b8\u30e7\u30f3","url":"https:\/\/kawasakirobotics.com\/br\/","logo":{"@type":"ImageObject","inLanguage":"pt-BR","@id":"https:\/\/kawasakirobotics.com\/br\/#\/schema\/logo\/image\/","url":"","contentUrl":"","caption":"\u5ddd\u5d0e\u91cd\u5de5\u696d\u30ed\u30dc\u30c3\u30c8\u30c7\u30a3\u30d3\u30b8\u30e7\u30f3"},"image":{"@id":"https:\/\/kawasakirobotics.com\/br\/#\/schema\/logo\/image\/"},"sameAs":["https:\/\/www.facebook.com\/Kawasaki-Robotics-264043869602","https:\/\/x.com\/kawasakirobot","https:\/\/www.youtube.com\/user\/KawasakiRobots?sub_confirmation=1","https:\/\/www.linkedin.com\/company\/kawasaki-robotics"]}]}},"_links":{"self":[{"href":"https:\/\/kawasakirobotics.com\/br\/wp-json\/wp\/v2\/pages\/4362","targetHints":{"allow":["GET"]}}],"collection":[{"href":"https:\/\/kawasakirobotics.com\/br\/wp-json\/wp\/v2\/pages"}],"about":[{"href":"https:\/\/kawasakirobotics.com\/br\/wp-json\/wp\/v2\/types\/page"}],"author":[{"embeddable":true,"href":"https:\/\/kawasakirobotics.com\/br\/wp-json\/wp\/v2\/users\/9"}],"replies":[{"embeddable":true,"href":"https:\/\/kawasakirobotics.com\/br\/wp-json\/wp\/v2\/comments?post=4362"}],"version-history":[{"count":30,"href":"https:\/\/kawasakirobotics.com\/br\/wp-json\/wp\/v2\/pages\/4362\/revisions"}],"predecessor-version":[{"id":9174,"href":"https:\/\/kawasakirobotics.com\/br\/wp-json\/wp\/v2\/pages\/4362\/revisions\/9174"}],"up":[{"embeddable":true,"href":"https:\/\/kawasakirobotics.com\/br\/wp-json\/wp\/v2\/pages\/30"}],"wp:attachment":[{"href":"https:\/\/kawasakirobotics.com\/br\/wp-json\/wp\/v2\/media?parent=4362"}],"curies":[{"name":"wp","href":"https:\/\/api.w.org\/{rel}","templated":true}]}}