{"id":46,"date":"2022-01-19T17:51:05","date_gmt":"2022-01-19T08:51:05","guid":{"rendered":"urn:uuid:a1e684ea-0342-4e49-aac2-5eacae26a342"},"modified":"2025-02-20T04:37:57","modified_gmt":"2025-02-20T07:37:57","slug":"sitemap","status":"publish","type":"page","link":"https:\/\/kawasakirobotics.com\/br\/sitemap\/","title":{"rendered":"Mapa do s\u00edtio"},"content":{"rendered":"\n<div class=\"wp-block-columns alignwide is-layout-flex wp-container-core-columns-is-layout-28f84493 wp-block-columns-is-layout-flex\">\n<div class=\"wp-block-column is-layout-flow wp-block-column-is-layout-flow\">\n<h4 class=\"wp-block-heading\">Produtos<\/h4>\n\n\n\n<ul class=\"wp-block-list\" id=\"menu-header-hamburger-menu-product\">\n<li><a href=\"https:\/\/kawasakirobotics.com\/br\/products\/\">Pesquisa de produtos<\/a><\/li>\n\n\n\n<li><a href=\"https:\/\/kawasakirobotics.com\/br\/products-robots\/\">Rob\u00f4s<\/a><\/li>\n\n\n\n<li><a href=\"https:\/\/kawasakirobotics.com\/br\/products-controllers\/\">Controladores<\/a><\/li>\n\n\n\n<li><a href=\"https:\/\/kawasakirobotics.com\/products-others\/\">Outros produto<\/a><a href=\"https:\/\/kawasakirobotics.com\/br\/products-others\/\">s<\/a><\/li>\n\n\n\n<li><a href=\"https:\/\/kawasakirobotics.com\/products\/k-addon\/\"><\/a><a href=\"https:\/\/kawasakirobotics.com\/br\/products\/k-addon\/\">Produtos Kawasaki Robot K-AddOn<\/a><\/li>\n<\/ul>\n<\/div>\n\n\n\n<div class=\"wp-block-column is-layout-flow wp-block-column-is-layout-flow\">\n<h4 class=\"wp-block-heading\">Centro de Rob\u00f4s<\/h4>\n\n\n\n<ul class=\"wp-block-list\" id=\"menu-header-hamburger-menu-robot-hub\">\n<li><a href=\"https:\/\/kawasakirobotics.com\/why-kawasaki-robotics\/\"><\/a><a href=\"https:\/\/kawasakirobotics.com\/br\/why-kawasaki-robotics\/\">Porqu\u00ea a Kawasaki Robotics<\/a><\/li>\n\n\n\n<li><a href=\"https:\/\/kawasakirobotics.com\/br\/robot-automation-faqs\/\">FAQs sobre automa\u00e7\u00e3o de rob\u00f4s<\/a><\/li>\n\n\n\n<li><a href=\"https:\/\/kawasakirobotics.com\/br\/getting-started\/\">Como come\u00e7ar<\/a><\/li>\n\n\n\n<li><a href=\"https:\/\/kawasakirobotics.com\/br\/case-studies\/\">Estudos de caso<\/a><\/li>\n\n\n\n<li><a href=\"https:\/\/kawasakirobotics.com\/br\/blog\/\">Blogue<\/a><\/li>\n\n\n\n<li><a href=\"https:\/\/kawasakirobotics.com\/br\/news\/\">Not\u00edcias<\/a><\/li>\n\n\n\n<li><a href=\"https:\/\/kawasakirobotics.com\/br\/event\/\">Eventos e Webiner<\/a><\/li>\n<\/ul>\n<\/div>\n\n\n\n<div class=\"wp-block-column is-layout-flow wp-block-column-is-layout-flow\">\n<h4 class=\"wp-block-heading\">Parceiros<\/h4>\n\n\n\n<ul class=\"wp-block-list\">\n<li><a href=\"https:\/\/kawasakirobotics.com\/br\/partner\/\">Parceiros<\/a><\/li>\n\n\n\n<li><a href=\"https:\/\/kawasakirobotics.com\/br\/k-addon-partners\/\">Parceiros K-AddOn<\/a><\/li>\n<\/ul>\n<\/div>\n<\/div>\n\n\n\n<div class=\"wp-block-columns alignwide is-layout-flex wp-container-core-columns-is-layout-28f84493 wp-block-columns-is-layout-flex\">\n<div class=\"wp-block-column is-layout-flow wp-block-column-is-layout-flow\">\n<h4 class=\"wp-block-heading\">Experi\u00eancia do cliente<\/h4>\n\n\n\n<ul class=\"wp-block-list\" id=\"menu-header-hamburger-menu-customer-experience\">\n<li><a href=\"https:\/\/kawasakirobotics.com\/br\/customer-experience\/\">Experi\u00eancia do cliente<\/a><\/li>\n\n\n\n<li><a href=\"https:\/\/kawasakirobotics.com\/br\/customer-experience\/service-support\/\">Servi\u00e7o e suporte<\/a><\/li>\n\n\n\n<li><a href=\"https:\/\/kawasakirobotics.com\/customer-experience\/robot-refurbishment-services\/\">FORMA<\/a><a href=\"https:\/\/kawasakirobotics.com\/br\/customer-experience\/training\/\">\u00c7\u00c3O<\/a><\/li>\n\n\n\n<li><a href=\"https:\/\/kawasakirobotics.com\/br\/customer-experience\/exculsive-resources\/\">Recursos exclusivos<\/a><\/li>\n<\/ul>\n<\/div>\n\n\n\n<div class=\"wp-block-column is-layout-flow wp-block-column-is-layout-flow\">\n<h4 class=\"wp-block-heading\">Sobre a empresa<\/h4>\n\n\n\n<ul class=\"wp-block-list\" id=\"menu-header-hamburger-menu-about\">\n<li><a href=\"https:\/\/kawasakirobotics.com\/br\/company\/\">Sobre a Kawasaki<\/a><\/li>\n\n\n\n<li><a href=\"https:\/\/kawasakirobotics.com\/br\/company\/divisao-de-robotica\/\">Rob\u00f3tica Kawasaki<\/a><\/li>\n\n\n\n<li><a href=\"https:\/\/kawasakirobotics.com\/br\/company\/history\/\">Hist\u00f3ria da Rob\u00f3tica<\/a><\/li>\n\n\n\n<li><a href=\"https:\/\/kawasakirobotics.com\/br\/company\/locais\/\">Localiza\u00e7\u00f5es<\/a><\/li>\n\n\n\n<li><a href=\"https:\/\/kawasakirobotics.com\/br\/company\/sobre-nos\/\">Kawasaki Heavy Industries ltd.<\/a><\/li>\n\n\n\n<li><a href=\"https:\/\/kawasakirobotics.com\/br\/company\/iso\/\">Registos ISO<\/a><\/li>\n\n\n\n<li><a href=\"https:\/\/kawasakirobotics.com\/br\/company\/carreiras\/\">Carreiras na Kawasaki Robotics<\/a><\/li>\n<\/ul>\n<\/div>\n\n\n\n<div class=\"wp-block-column is-layout-flow wp-block-column-is-layout-flow\">\n<h4 class=\"wp-block-heading\">Contacte-nos<\/h4>\n\n\n\n<ul class=\"wp-block-list\" id=\"menu-header-hamburger-menu-contact\">\n<li><a href=\"https:\/\/kawasakirobotics.com\/br\/inquiry\/\">Contacte-nos<\/a><\/li>\n\n\n\n<li><a href=\"https:\/\/kawasaki-corporate.spiral-site.com\/ind_robot_en?_gl=1*plny79*_ga*NTMwMjUzNTUwLjE2NDA2NDQ5Mzg.*_ga_GRRCX7N19P*MTY0NTU3OTMyMC4xNzguMS4xNjQ1NTc5MzYzLjA.&amp;_ifbs-ind_robot_en=s1_Step1\" target=\"_blank\" rel=\"noreferrer noopener\">Consultas sobre a utiliza\u00e7\u00e3o de rob\u00f3tica<\/a><\/li>\n\n\n\n<li><a href=\"https:\/\/kawasaki-corporate.spiral-site.com\/K_AddOn_asia?_gl=1*t15rvc*_ga*NTMwMjUzNTUwLjE2NDA2NDQ5Mzg.*_ga_GRRCX7N19P*MTY0NTU3OTMyMC4xNzguMS4xNjQ1NTgwMTI3LjA.&amp;_ifbs-K_AddOn_EN=s1_Step1\" target=\"_blank\" rel=\"noreferrer noopener\">Quest\u00f5es sobre produtos K-AddOn<\/a><\/li>\n<\/ul>\n<\/div>\n<\/div>\n\n\n\n<p><\/p>\n","protected":false},"excerpt":{"rendered":"<p>Produtos Pesquisa de produtos Rob\u00f4s Controladores Outros produtos Rob\u00f4 Kawasaki Produtos K-AddOn Robot Hub Porqu\u00ea a Kawasaki Robotics Robot Automation Perguntas frequentes Introdu\u00e7\u00e3o a estudos de caso Blog Not\u00edcias Eventos &amp; Webiner Parceiros Parceiros K-AddOn Parceiros Experi\u00eancia do cliente Experi\u00eancia do cliente Servi\u00e7o &amp; Suporte FORMA\u00c7\u00c3O Recursos exclusivos Sobre a Kawasaki Robotics Robotics Hist\u00f3ria Localiza\u00e7\u00f5es Kawasaki Heavy Industries ltd. Registos ISO Kawasaki Robotics Carreiras Contacte-nos Contacte-nos Consultas sobre a implementa\u00e7\u00e3o de rob\u00f3tica Consultas sobre produtos K-AddOn<\/p>\n","protected":false},"author":3,"featured_media":0,"parent":0,"menu_order":11,"comment_status":"closed","ping_status":"closed","template":"","meta":{"ep_exclude_from_search":false,"footnotes":""},"class_list":["post-46","page","type-page","status-publish","hentry"],"yoast_head":"<!-- This site is optimized with the Yoast SEO plugin v25.9 - https:\/\/yoast.com\/wordpress\/plugins\/seo\/ -->\n<title>Mapa do s\u00edtio | Industrial Robots by Kawasaki Robotics<\/title>\n<meta name=\"description\" content=\"Navegue no mapa do site da Kawasaki para encontrar p\u00e1ginas, recursos e informa\u00e7\u00f5es importantes, tornando a sua experi\u00eancia de navega\u00e7\u00e3o simples e eficiente.\" \/>\n<meta name=\"robots\" content=\"index, follow, max-snippet:-1, max-image-preview:large, max-video-preview:-1\" \/>\n<link rel=\"canonical\" href=\"https:\/\/kawasakirobotics.com\/br\/sitemap\/\" \/>\n<meta property=\"og:locale\" content=\"pt_BR\" \/>\n<meta property=\"og:type\" content=\"article\" \/>\n<meta property=\"og:title\" content=\"Mapa do s\u00edtio | Industrial Robots by Kawasaki Robotics\" \/>\n<meta property=\"og:description\" content=\"Navegue no mapa do site da Kawasaki para encontrar p\u00e1ginas, recursos e informa\u00e7\u00f5es importantes, tornando a sua experi\u00eancia de navega\u00e7\u00e3o simples e eficiente.\" \/>\n<meta property=\"og:url\" content=\"https:\/\/kawasakirobotics.com\/br\/sitemap\/\" \/>\n<meta property=\"og:site_name\" content=\"Kawasaki Robotics\" \/>\n<meta property=\"article:publisher\" content=\"https:\/\/www.facebook.com\/Kawasaki-Robotics-264043869602\" \/>\n<meta property=\"article:modified_time\" content=\"2025-02-20T07:37:57+00:00\" \/>\n<meta property=\"og:image\" content=\"https:\/\/kawasakirobotics.com\/content\/themes\/krobot-theme\/src\/images\/default\/ogp.jpg\" \/>\n\t<meta property=\"og:image:width\" content=\"1200\" \/>\n\t<meta property=\"og:image:height\" content=\"630\" \/>\n\t<meta property=\"og:image:type\" content=\"image\/jpeg\" \/>\n<meta name=\"twitter:card\" content=\"summary_large_image\" \/>\n<meta name=\"twitter:site\" content=\"@kawasakirobot\" \/>\n<script type=\"application\/ld+json\" class=\"yoast-schema-graph\">{\"@context\":\"https:\/\/schema.org\",\"@graph\":[{\"@type\":\"WebPage\",\"@id\":\"https:\/\/kawasakirobotics.com\/br\/sitemap\/\",\"url\":\"https:\/\/kawasakirobotics.com\/br\/sitemap\/\",\"name\":\"Mapa do s\u00edtio | Industrial Robots by Kawasaki Robotics\",\"isPartOf\":{\"@id\":\"https:\/\/kawasakirobotics.com\/br\/#website\"},\"datePublished\":\"2022-01-19T08:51:05+00:00\",\"dateModified\":\"2025-02-20T07:37:57+00:00\",\"description\":\"Navegue no mapa do site da Kawasaki para encontrar p\u00e1ginas, recursos e informa\u00e7\u00f5es importantes, tornando a sua experi\u00eancia de navega\u00e7\u00e3o simples e eficiente.\",\"breadcrumb\":{\"@id\":\"https:\/\/kawasakirobotics.com\/br\/sitemap\/#breadcrumb\"},\"inLanguage\":\"pt-BR\",\"potentialAction\":[{\"@type\":\"ReadAction\",\"target\":[\"https:\/\/kawasakirobotics.com\/br\/sitemap\/\"]}]},{\"@type\":\"BreadcrumbList\",\"@id\":\"https:\/\/kawasakirobotics.com\/br\/sitemap\/#breadcrumb\",\"itemListElement\":[{\"@type\":\"ListItem\",\"position\":1,\"name\":\"In\u00edcio\",\"item\":\"https:\/\/kawasakirobotics.com\/br\/\"},{\"@type\":\"ListItem\",\"position\":2,\"name\":\"Mapa do s\u00edtio\"}]},{\"@type\":\"WebSite\",\"@id\":\"https:\/\/kawasakirobotics.com\/br\/#website\",\"url\":\"https:\/\/kawasakirobotics.com\/br\/\",\"name\":\"Kawasaki Robotics\",\"description\":\"\",\"publisher\":{\"@id\":\"https:\/\/kawasakirobotics.com\/br\/#organization\"},\"potentialAction\":[{\"@type\":\"SearchAction\",\"target\":{\"@type\":\"EntryPoint\",\"urlTemplate\":\"https:\/\/kawasakirobotics.com\/br\/?s={search_term_string}\"},\"query-input\":{\"@type\":\"PropertyValueSpecification\",\"valueRequired\":true,\"valueName\":\"search_term_string\"}}],\"inLanguage\":\"pt-BR\"},{\"@type\":\"Organization\",\"@id\":\"https:\/\/kawasakirobotics.com\/br\/#organization\",\"name\":\"\u5ddd\u5d0e\u91cd\u5de5\u696d\u30ed\u30dc\u30c3\u30c8\u30c7\u30a3\u30d3\u30b8\u30e7\u30f3\",\"url\":\"https:\/\/kawasakirobotics.com\/br\/\",\"logo\":{\"@type\":\"ImageObject\",\"inLanguage\":\"pt-BR\",\"@id\":\"https:\/\/kawasakirobotics.com\/br\/#\/schema\/logo\/image\/\",\"url\":\"\",\"contentUrl\":\"\",\"caption\":\"\u5ddd\u5d0e\u91cd\u5de5\u696d\u30ed\u30dc\u30c3\u30c8\u30c7\u30a3\u30d3\u30b8\u30e7\u30f3\"},\"image\":{\"@id\":\"https:\/\/kawasakirobotics.com\/br\/#\/schema\/logo\/image\/\"},\"sameAs\":[\"https:\/\/www.facebook.com\/Kawasaki-Robotics-264043869602\",\"https:\/\/x.com\/kawasakirobot\",\"https:\/\/www.youtube.com\/user\/KawasakiRobots?sub_confirmation=1\",\"https:\/\/www.linkedin.com\/company\/kawasaki-robotics\"]}]}<\/script>\n<!-- \/ Yoast SEO plugin. -->","yoast_head_json":{"title":"Mapa do s\u00edtio | Industrial Robots by Kawasaki Robotics","description":"Navegue no mapa do site da Kawasaki para encontrar p\u00e1ginas, recursos e informa\u00e7\u00f5es importantes, tornando a sua experi\u00eancia de navega\u00e7\u00e3o simples e eficiente.","robots":{"index":"index","follow":"follow","max-snippet":"max-snippet:-1","max-image-preview":"max-image-preview:large","max-video-preview":"max-video-preview:-1"},"canonical":"https:\/\/kawasakirobotics.com\/br\/sitemap\/","og_locale":"pt_BR","og_type":"article","og_title":"Mapa do s\u00edtio | Industrial Robots by Kawasaki Robotics","og_description":"Navegue no mapa do site da Kawasaki para encontrar p\u00e1ginas, recursos e informa\u00e7\u00f5es importantes, tornando a sua experi\u00eancia de navega\u00e7\u00e3o simples e eficiente.","og_url":"https:\/\/kawasakirobotics.com\/br\/sitemap\/","og_site_name":"Kawasaki Robotics","article_publisher":"https:\/\/www.facebook.com\/Kawasaki-Robotics-264043869602","article_modified_time":"2025-02-20T07:37:57+00:00","og_image":[{"url":"https:\/\/kawasakirobotics.com\/content\/themes\/krobot-theme\/src\/images\/default\/ogp.jpg","width":"1200","height":"630","type":"image\/jpeg"}],"twitter_card":"summary_large_image","twitter_site":"@kawasakirobot","schema":{"@context":"https:\/\/schema.org","@graph":[{"@type":"WebPage","@id":"https:\/\/kawasakirobotics.com\/br\/sitemap\/","url":"https:\/\/kawasakirobotics.com\/br\/sitemap\/","name":"Mapa do s\u00edtio | Industrial Robots by Kawasaki Robotics","isPartOf":{"@id":"https:\/\/kawasakirobotics.com\/br\/#website"},"datePublished":"2022-01-19T08:51:05+00:00","dateModified":"2025-02-20T07:37:57+00:00","description":"Navegue no mapa do site da Kawasaki para encontrar p\u00e1ginas, recursos e informa\u00e7\u00f5es importantes, tornando a sua experi\u00eancia de navega\u00e7\u00e3o simples e eficiente.","breadcrumb":{"@id":"https:\/\/kawasakirobotics.com\/br\/sitemap\/#breadcrumb"},"inLanguage":"pt-BR","potentialAction":[{"@type":"ReadAction","target":["https:\/\/kawasakirobotics.com\/br\/sitemap\/"]}]},{"@type":"BreadcrumbList","@id":"https:\/\/kawasakirobotics.com\/br\/sitemap\/#breadcrumb","itemListElement":[{"@type":"ListItem","position":1,"name":"In\u00edcio","item":"https:\/\/kawasakirobotics.com\/br\/"},{"@type":"ListItem","position":2,"name":"Mapa do s\u00edtio"}]},{"@type":"WebSite","@id":"https:\/\/kawasakirobotics.com\/br\/#website","url":"https:\/\/kawasakirobotics.com\/br\/","name":"Kawasaki Robotics","description":"","publisher":{"@id":"https:\/\/kawasakirobotics.com\/br\/#organization"},"potentialAction":[{"@type":"SearchAction","target":{"@type":"EntryPoint","urlTemplate":"https:\/\/kawasakirobotics.com\/br\/?s={search_term_string}"},"query-input":{"@type":"PropertyValueSpecification","valueRequired":true,"valueName":"search_term_string"}}],"inLanguage":"pt-BR"},{"@type":"Organization","@id":"https:\/\/kawasakirobotics.com\/br\/#organization","name":"\u5ddd\u5d0e\u91cd\u5de5\u696d\u30ed\u30dc\u30c3\u30c8\u30c7\u30a3\u30d3\u30b8\u30e7\u30f3","url":"https:\/\/kawasakirobotics.com\/br\/","logo":{"@type":"ImageObject","inLanguage":"pt-BR","@id":"https:\/\/kawasakirobotics.com\/br\/#\/schema\/logo\/image\/","url":"","contentUrl":"","caption":"\u5ddd\u5d0e\u91cd\u5de5\u696d\u30ed\u30dc\u30c3\u30c8\u30c7\u30a3\u30d3\u30b8\u30e7\u30f3"},"image":{"@id":"https:\/\/kawasakirobotics.com\/br\/#\/schema\/logo\/image\/"},"sameAs":["https:\/\/www.facebook.com\/Kawasaki-Robotics-264043869602","https:\/\/x.com\/kawasakirobot","https:\/\/www.youtube.com\/user\/KawasakiRobots?sub_confirmation=1","https:\/\/www.linkedin.com\/company\/kawasaki-robotics"]}]}},"_links":{"self":[{"href":"https:\/\/kawasakirobotics.com\/br\/wp-json\/wp\/v2\/pages\/46","targetHints":{"allow":["GET"]}}],"collection":[{"href":"https:\/\/kawasakirobotics.com\/br\/wp-json\/wp\/v2\/pages"}],"about":[{"href":"https:\/\/kawasakirobotics.com\/br\/wp-json\/wp\/v2\/types\/page"}],"author":[{"embeddable":true,"href":"https:\/\/kawasakirobotics.com\/br\/wp-json\/wp\/v2\/users\/3"}],"replies":[{"embeddable":true,"href":"https:\/\/kawasakirobotics.com\/br\/wp-json\/wp\/v2\/comments?post=46"}],"version-history":[{"count":9,"href":"https:\/\/kawasakirobotics.com\/br\/wp-json\/wp\/v2\/pages\/46\/revisions"}],"predecessor-version":[{"id":9007,"href":"https:\/\/kawasakirobotics.com\/br\/wp-json\/wp\/v2\/pages\/46\/revisions\/9007"}],"wp:attachment":[{"href":"https:\/\/kawasakirobotics.com\/br\/wp-json\/wp\/v2\/media?parent=46"}],"curies":[{"name":"wp","href":"https:\/\/api.w.org\/{rel}","templated":true}]}}