{"id":52,"date":"2022-01-19T17:55:28","date_gmt":"2022-01-19T08:55:28","guid":{"rendered":"urn:uuid:fd19f245-d6ee-4174-90d2-c5d578caf63a"},"modified":"2025-06-27T00:18:42","modified_gmt":"2025-06-27T03:18:42","slug":"k-addon","status":"publish","type":"page","link":"https:\/\/kawasakirobotics.com\/br\/products\/k-addon\/","title":{"rendered":"Produtos Kawasaki Robot K-AddOn"},"content":{"rendered":"\n<div class=\"wp-block-group krobot-pattern-section-heading is-layout-flow wp-block-group-is-layout-flow\">\n<h2 class=\"wp-block-heading has-text-align-center krobot-pattern-section-heading__title\">O que \u00e9 o K-AddOn?<\/h2>\n<\/div>\n\n\n\n<div class=\"wp-block-columns are-vertically-aligned-top is-layout-flex wp-container-core-columns-is-layout-28f84493 wp-block-columns-is-layout-flex\">\n<div class=\"wp-block-column is-vertically-aligned-top is-layout-flow wp-block-column-is-layout-flow\" style=\"flex-basis:250px\">\n<h3 class=\"wp-block-heading\">Refor\u00e7o da promo\u00e7\u00e3o comercial<\/h3>\n<\/div>\n\n\n\n<div class=\"wp-block-column is-vertically-aligned-top is-layout-flow wp-block-column-is-layout-flow\">\n<ul class=\"wp-block-list\">\n<li>Apresenta\u00e7\u00e3o de equipamentos e robots em ambos os sites<\/li>\n\n\n\n<li>Apresenta\u00e7\u00e3o de exemplos de aplica\u00e7\u00f5es em combina\u00e7\u00e3o com os robots Kawasaki<\/li>\n\n\n\n<li>Implementa\u00e7\u00e3o de apresenta\u00e7\u00f5es externas<\/li>\n<\/ul>\n<\/div>\n<\/div>\n\n\n\n<div class=\"wp-block-columns are-vertically-aligned-top is-layout-flex wp-container-core-columns-is-layout-28f84493 wp-block-columns-is-layout-flex\">\n<div class=\"wp-block-column is-vertically-aligned-top is-layout-flow wp-block-column-is-layout-flow\" style=\"flex-basis:250px\">\n<h3 class=\"wp-block-heading\">Canal de vendas alargado<\/h3>\n<\/div>\n\n\n\n<div class=\"wp-block-column is-vertically-aligned-top is-layout-flow wp-block-column-is-layout-flow\">\n<ul class=\"wp-block-list\">\n<li>Partilha de contactos de vendas<\/li>\n\n\n\n<li>Coopera\u00e7\u00e3o m\u00fatua em actividades de vendas Permite expandir as fun\u00e7\u00f5es dos rob\u00f4s Kawasaki.<\/li>\n<\/ul>\n<\/div>\n<\/div>\n\n\n\n<div class=\"wp-block-columns are-vertically-aligned-top is-layout-flex wp-container-core-columns-is-layout-28f84493 wp-block-columns-is-layout-flex\">\n<div class=\"wp-block-column is-vertically-aligned-top is-layout-flow wp-block-column-is-layout-flow\" style=\"flex-basis:250px\">\n<h3 class=\"wp-block-heading\">Apoio ao desenvolvimento de produtos<\/h3>\n<\/div>\n\n\n\n<div class=\"wp-block-column is-vertically-aligned-top is-layout-flow wp-block-column-is-layout-flow\">\n<ul class=\"wp-block-list\">\n<li>Divulga\u00e7\u00e3o de informa\u00e7\u00f5es sobre o I\/F do rob\u00f4<\/li>\n\n\n\n<li>Resposta a pedidos de informa\u00e7\u00e3o<\/li>\n<\/ul>\n<\/div>\n<\/div>\n\n\n\n<p>*A Kawasaki responder\u00e1 e apoiar\u00e1 os fabricantes de equipamentos.<br>N\u00e3o h\u00e1 restri\u00e7\u00f5es quanto \u00e0 venda e distribui\u00e7\u00e3o de produtos.<\/p>\n\n\n\n<div class=\"wp-block-group krobot-pattern-section-heading is-layout-flow wp-block-group-is-layout-flow\">\n<h2 class=\"wp-block-heading has-text-align-center krobot-pattern-section-heading__title\">Produtos recentemente registados<\/h2>\n<\/div>\n\n\n\n<div class=\"wp-block-columns alignwide krobot-pattern-products krobot-pattern-products--3cols is-layout-flex wp-container-core-columns-is-layout-28f84493 wp-block-columns-is-layout-flex\">\n<div class=\"wp-block-column krobot-pattern-products__item is-layout-flow wp-block-column-is-layout-flow\">\n<div class=\"wp-block-media-text is-stacked-on-mobile krobot-pattern-products__img-title\"><figure class=\"wp-block-media-text__media\"><img loading=\"lazy\" decoding=\"async\" width=\"960\" height=\"540\" src=\"https:\/\/kawasakirobotics.com\/tachyon\/sites\/3\/2022\/02\/FA-21KA-036_withrobot_pic1.jpg?fit=900%2C900\" alt=\"C\u00e2mara de varrimento linear S\u00e9rie de varrimento linear\" class=\"wp-image-3461 size-full\" \/><\/figure><div class=\"wp-block-media-text__content\">\n<p class=\"has-large-font-size\"><strong>C\u00e2mara de varrimento de linha<\/strong> <strong>S\u00e9rie Line Scan<\/strong><\/p>\n<\/div><\/div>\n\n\n\n<ul class=\"krobot-pattern-products__info wp-block-list\">\n<li><strong>Nome da empresaKEYENCE<\/strong>CORPORATION<\/li>\n\n\n\n<li><strong>Perfil do produtoEnquanto<\/strong>os sistemas convencionais de processamento de imagem t\u00eam dificuldade em detetar defeitos min\u00fasculos, o XG-X oferece capacidades de dete\u00e7\u00e3o significativamente melhoradas. A combina\u00e7\u00e3o de c\u00e2maras dedicadas, ilumina\u00e7\u00e3o dedicada e um algoritmo recentemente desenvolvido permitem a inspe\u00e7\u00e3o autom\u00e1tica de defeitos m\u00ednimos. Estas inspec\u00e7\u00f5es autom\u00e1ticas ajudam a melhorar a produtividade, melhorando drasticamente os tempos de ciclo atrav\u00e9s do processamento a alta velocidade<\/li>\n<\/ul>\n\n\n\n<div class=\"wp-block-buttons krobot-pattern-products__link is-horizontal is-content-justification-center is-layout-flex wp-container-core-buttons-is-layout-03627597 wp-block-buttons-is-layout-flex\">\n<div class=\"wp-block-button is-style-outline is-style-outline--1\"><a class=\"wp-block-button__link wp-element-button\" href=\"https:\/\/kawasakirobotics.com\/br\/products-kaddon\/line-scan-camera_line-scan-series\/\">MAIS<\/a><\/div>\n<\/div>\n<\/div>\n\n\n\n<div class=\"wp-block-column krobot-pattern-products__item is-layout-flow wp-block-column-is-layout-flow\">\n<div class=\"wp-block-media-text is-stacked-on-mobile krobot-pattern-products__img-title\"><figure class=\"wp-block-media-text__media\"><img loading=\"lazy\" decoding=\"async\" width=\"2560\" height=\"1707\" src=\"https:\/\/kawasakirobotics.com\/tachyon\/2022\/03\/FA-21KA-009_withrobot_pic1-1-scaled.jpg?fit=900%2C900\" alt=\"Pin\u00e7a pneum\u00e1tica ARM-Kseries\" class=\"wp-image-5008 size-full\" srcset=\"https:\/\/kawasakirobotics.com\/tachyon\/sites\/39\/2022\/03\/FA-21KA-009_withrobot_pic1-1-scaled.jpg?resize=2560%2C1707&amp;zoom=1 2560w, https:\/\/kawasakirobotics.com\/tachyon\/sites\/39\/2022\/03\/FA-21KA-009_withrobot_pic1-1-scaled.jpg?resize=2560%2C1707&amp;zoom=0.5 1280w, https:\/\/kawasakirobotics.com\/tachyon\/sites\/39\/2022\/03\/FA-21KA-009_withrobot_pic1-1-scaled.jpg?resize=2560%2C1707&amp;zoom=0.25 640w\" sizes=\"auto, (max-width: 2560px) 100vw, 2560px\" \/><\/figure><div class=\"wp-block-media-text__content\">\n<h4 class=\"wp-block-heading krobot-pattern-products__title\">Pin\u00e7a de ar ARM-Kseries<\/h4>\n<\/div><\/div>\n\n\n\n<ul class=\"krobot-pattern-products__info wp-block-list\">\n<li><strong>Nome da empresaNew-Era<\/strong>Co., Ltd.<\/li>\n\n\n\n<li><strong>Perfil do produtoCompat\u00edvel<\/strong>com o rob\u00f4 SCARA de bra\u00e7o duplo &#8220;duAro 1,2&#8221; da s\u00e9rie R de rob\u00f3tica. Sistema pneum\u00e1tico. Inclui acess\u00f3rio de montagem, sensor de abertura\/fecho, v\u00e1lvula de controlo de velocidade de abertura\/fecho e materiais necess\u00e1rios para a instala\u00e7\u00e3o. Em conformidade com a norma ISO9409-1-31.5-4-M5 Adoptando rolamentos de alta precis\u00e3o e alta rigidez, pode ser utilizado para aplica\u00e7\u00f5es de ponto de aperto longo.<\/li>\n<\/ul>\n\n\n\n<div class=\"wp-block-buttons krobot-pattern-products__link is-horizontal is-content-justification-center is-layout-flex wp-container-core-buttons-is-layout-03627597 wp-block-buttons-is-layout-flex\">\n<div class=\"wp-block-button is-style-outline is-style-outline--2\"><a class=\"wp-block-button__link wp-element-button\" href=\"https:\/\/kawasakirobotics.com\/br\/products-kaddon\/airgripper_arm-kseries\/\">MAIS<\/a><\/div>\n<\/div>\n<\/div>\n\n\n\n<div class=\"wp-block-column krobot-pattern-products__item is-layout-flow wp-block-column-is-layout-flow\">\n<div class=\"wp-block-media-text is-stacked-on-mobile krobot-pattern-products__img-title\"><figure class=\"wp-block-media-text__media\"><img decoding=\"async\" src=\"https:\/\/kawasakirobotics.com\/tachyon\/sites\/3\/2022\/02\/FA-21KA-020_withrobot_pic1.png?fit=900%2C900\" alt=\"Trocador de m\u00e3os manual rob\u00f3tico\" class=\"wp-image-3439 size-full\" \/><\/figure><div class=\"wp-block-media-text__content\">\n<h4 class=\"wp-block-heading krobot-pattern-products__title\">Trocador de m\u00e3o manual rob\u00f3tico<\/h4>\n<\/div><\/div>\n\n\n\n<ul class=\"krobot-pattern-products__info wp-block-list\">\n<li><strong>Nome da empresaKOSMEK<\/strong>LTD.<\/li>\n\n\n\n<li><strong><strong style=\"font-size: 0.875rem\">Perfil do produtoTrocador manual<\/strong><\/strong>de ferramentas rob\u00f3ticas para trocar as m\u00e3os e as ferramentas da extremidade do rob\u00f4.<\/li>\n<\/ul>\n\n\n\n<div class=\"wp-block-buttons krobot-pattern-products__link is-horizontal is-content-justification-center is-layout-flex wp-container-core-buttons-is-layout-03627597 wp-block-buttons-is-layout-flex\">\n<div class=\"wp-block-button is-style-outline is-style-outline--3\"><a class=\"wp-block-button__link wp-element-button\" href=\"https:\/\/kawasakirobotics.com\/br\/products-kaddon\/manual-robotic-hand-changer\/\">MAIS<\/a><\/div>\n<\/div>\n<\/div>\n<\/div>\n\n\n\n<div class=\"wp-block-buttons is-horizontal is-content-justification-center is-layout-flex wp-container-core-buttons-is-layout-03627597 wp-block-buttons-is-layout-flex\">\n<div class=\"wp-block-button has-custom-width wp-block-button__width-50\"><a class=\"wp-block-button__link wp-element-button\" href=\"https:\/\/kawasakirobotics.com\/br\/products-kaddon\/\">Procurar todos os produtos K-AddOn<\/a><\/div>\n<\/div>\n\n\n\n<div class=\"wp-block-buttons is-horizontal is-content-justification-center is-layout-flex wp-container-core-buttons-is-layout-03627597 wp-block-buttons-is-layout-flex\">\n<div class=\"wp-block-button has-custom-width wp-block-button__width-50\"><a class=\"wp-block-button__link wp-element-button\" href=\"https:\/\/kawasaki-corporate.spiral-site.com\/K_AddOn_asia?_gl=1*t15rvc*_ga*NTMwMjUzNTUwLjE2NDA2NDQ5Mzg.*_ga_GRRCX7N19P*MTY0NTU3OTMyMC4xNzguMS4xNjQ1NTgwMTI3LjA.&amp;_ifbs-K_AddOn_EN=s1_Step1\" target=\"_blank\" rel=\"noreferrer noopener\">Contactar a K-AddOn<\/a><\/div>\n<\/div>\n\n\n\n<div style=\"height:30px\" aria-hidden=\"true\" class=\"wp-block-spacer\"><\/div>\n\n\n\n<div class=\"wp-block-group krobot-pattern-section-heading is-layout-flow wp-block-group-is-layout-flow\">\n<h2 class=\"wp-block-heading has-text-align-center krobot-pattern-section-heading__title\">Tornar-se um parceiro K-AddOn da Kawasaki Robotics<\/h2>\n<\/div>\n\n\n\n<p class=\"has-text-align-left\">Os produtos da sua empresa que s\u00e3o compat\u00edveis com os rob\u00f4s Kawasaki ser\u00e3o registados e apresentados no nosso site como produtos K-AddOn. Fornecemos aos nossos parceiros apoio para a expans\u00e3o do canal de vendas dos seus produtos e apoio ao desenvolvimento de produtos para add-ons de robots.<\/p>\n\n\n\n<div class=\"wp-block-group has-light-gray-background-color has-background is-layout-flow wp-block-group-is-layout-flow\">\n<p class=\"has-text-align-left\">Para se candidatar a parceiro K-AddOn, forne\u00e7a as seguintes informa\u00e7\u00f5es no formul\u00e1rio de contacto.<\/p>\n\n\n\n<ul class=\"wp-block-list\">\n<li>Nomes de produtos e aplica\u00e7\u00f5es que pretende adicionar ao K-AddOn <\/li>\n\n\n\n<li>Modelo(s) de rob\u00f4 Kawasaki compat\u00edvel(eis) <\/li>\n\n\n\n<li>Pedidos sobre a parceria de vendas <\/li>\n\n\n\n<li>Quaisquer outros pedidos ou quest\u00f5es<\/li>\n<\/ul>\n<\/div>\n\n\n\n<div class=\"wp-block-buttons is-horizontal is-content-justification-center is-layout-flex wp-container-core-buttons-is-layout-03627597 wp-block-buttons-is-layout-flex\">\n<div class=\"wp-block-button has-custom-width wp-block-button__width-50\"><a class=\"wp-block-button__link wp-element-button\" href=\"https:\/\/kawasakirobotics.com\/br\/k-addon-join\/\">Tornar-se um parceiro K-AddOn<\/a><\/div>\n<\/div>\n\n\n\n<div class=\"wp-block-buttons is-horizontal is-content-justification-center is-layout-flex wp-container-core-buttons-is-layout-03627597 wp-block-buttons-is-layout-flex\">\n<div class=\"wp-block-button has-custom-width wp-block-button__width-50\"><a class=\"wp-block-button__link wp-element-button\" href=\"https:\/\/kawasaki-corporate.spiral-site.com\/K_AddOn_asia\" target=\"_blank\" rel=\"noreferrer noopener\">Candidatar-se a um parceiro K-AddOn<\/a><\/div>\n<\/div>\n\n\n\n<p><\/p>\n","protected":false},"excerpt":{"rendered":"<p>O que \u00e9 o K-AddOn? Refor\u00e7o da promo\u00e7\u00e3o de vendas Introdu\u00e7\u00e3o de equipamentos e rob\u00f4s em ambos os sites Apresenta\u00e7\u00e3o de exemplos de aplica\u00e7\u00e3o em combina\u00e7\u00e3o com os rob\u00f4s Kawasaki Implementa\u00e7\u00e3o de apresenta\u00e7\u00f5es externas Canal de vendas alargado Partilha de contactos de vendas Coopera\u00e7\u00e3o m\u00fatua em actividades de vendas Permite expandir as fun\u00e7\u00f5es dos rob\u00f4s Kawasaki. Apoio ao desenvolvimento de produtos Divulga\u00e7\u00e3o de informa\u00e7\u00f5es sobre o I\/F do rob\u00f4 Resposta a pedidos de informa\u00e7\u00e3o *A Kawasaki responder\u00e1 e apoiar\u00e1 os fabricantes de equipamentos, n\u00e3o havendo restri\u00e7\u00f5es \u00e0 venda e distribui\u00e7\u00e3o de produtos. Produtos recentemente registados C\u00e2mara de varrimento linear S\u00e9rie de varrimento linear Nome da empresaKEYENCE CORPORATION Perfil do produtoEnquanto os sistemas convencionais de processamento de imagem t\u00eam dificuldade em lidar com defeitos min\u00fasculos, o XG-X oferece [&hellip;]<\/p>\n","protected":false},"author":20,"featured_media":930,"parent":32,"menu_order":1,"comment_status":"closed","ping_status":"closed","template":"page-templates\/custom-title-with-background.php","meta":{"ep_exclude_from_search":false,"footnotes":""},"class_list":["post-52","page","type-page","status-publish","has-post-thumbnail","hentry"],"yoast_head":"<!-- This site is optimized with the Yoast SEO plugin v25.9 - https:\/\/yoast.com\/wordpress\/plugins\/seo\/ -->\n<title>Produtos Kawasaki Robot K-AddOn | Industrial Robots by Kawasaki Robotics<\/title>\n<meta name=\"description\" content=\"K-AddOn \u00e9 uma plataforma para integradores e utilizadores, que oferece ferramentas avaliadas para uma integra\u00e7\u00e3o perfeita do Rob\u00f4 Kawasaki. Junte-se ao programa hoje.\" \/>\n<meta name=\"robots\" content=\"index, follow, max-snippet:-1, max-image-preview:large, max-video-preview:-1\" \/>\n<link rel=\"canonical\" href=\"https:\/\/kawasakirobotics.com\/br\/products\/k-addon\/\" \/>\n<meta property=\"og:locale\" content=\"pt_BR\" \/>\n<meta property=\"og:type\" content=\"article\" \/>\n<meta property=\"og:title\" content=\"Produtos Kawasaki Robot K-AddOn | Industrial Robots by Kawasaki Robotics\" \/>\n<meta property=\"og:description\" content=\"K-AddOn \u00e9 uma plataforma para integradores e utilizadores, que oferece ferramentas avaliadas para uma integra\u00e7\u00e3o perfeita do Rob\u00f4 Kawasaki. Junte-se ao programa hoje.\" \/>\n<meta property=\"og:url\" content=\"https:\/\/kawasakirobotics.com\/br\/products\/k-addon\/\" \/>\n<meta property=\"og:site_name\" content=\"Kawasaki Robotics\" \/>\n<meta property=\"article:publisher\" content=\"https:\/\/www.facebook.com\/Kawasaki-Robotics-264043869602\" \/>\n<meta property=\"article:modified_time\" content=\"2025-06-27T03:18:42+00:00\" \/>\n<meta property=\"og:image\" content=\"https:\/\/kawasakirobotics.com\/content\/themes\/krobot-theme\/src\/images\/default\/ogp.jpg\" \/>\n\t<meta property=\"og:image:width\" content=\"1200\" \/>\n\t<meta property=\"og:image:height\" content=\"630\" \/>\n\t<meta property=\"og:image:type\" content=\"image\/jpeg\" \/>\n<meta name=\"twitter:card\" content=\"summary_large_image\" \/>\n<meta name=\"twitter:site\" content=\"@kawasakirobot\" \/>\n<script type=\"application\/ld+json\" class=\"yoast-schema-graph\">{\"@context\":\"https:\/\/schema.org\",\"@graph\":[{\"@type\":\"WebPage\",\"@id\":\"https:\/\/kawasakirobotics.com\/br\/products\/k-addon\/\",\"url\":\"https:\/\/kawasakirobotics.com\/br\/products\/k-addon\/\",\"name\":\"Produtos Kawasaki Robot K-AddOn | Industrial Robots by Kawasaki Robotics\",\"isPartOf\":{\"@id\":\"https:\/\/kawasakirobotics.com\/br\/#website\"},\"primaryImageOfPage\":{\"@id\":\"https:\/\/kawasakirobotics.com\/br\/products\/k-addon\/#primaryimage\"},\"image\":{\"@id\":\"https:\/\/kawasakirobotics.com\/br\/products\/k-addon\/#primaryimage\"},\"thumbnailUrl\":\"https:\/\/kawasakirobotics.com\/tachyon\/sites\/2\/2022\/01\/title-background-A1750927-2_ed.jpg?fit=2160%2C360\",\"datePublished\":\"2022-01-19T08:55:28+00:00\",\"dateModified\":\"2025-06-27T03:18:42+00:00\",\"description\":\"K-AddOn \u00e9 uma plataforma para integradores e utilizadores, que oferece ferramentas avaliadas para uma integra\u00e7\u00e3o perfeita do Rob\u00f4 Kawasaki. Junte-se ao programa hoje.\",\"breadcrumb\":{\"@id\":\"https:\/\/kawasakirobotics.com\/br\/products\/k-addon\/#breadcrumb\"},\"inLanguage\":\"pt-BR\",\"potentialAction\":[{\"@type\":\"ReadAction\",\"target\":[\"https:\/\/kawasakirobotics.com\/br\/products\/k-addon\/\"]}]},{\"@type\":\"ImageObject\",\"inLanguage\":\"pt-BR\",\"@id\":\"https:\/\/kawasakirobotics.com\/br\/products\/k-addon\/#primaryimage\",\"url\":\"https:\/\/kawasakirobotics.com\/tachyon\/sites\/2\/2022\/01\/title-background-A1750927-2_ed.jpg?fit=2160%2C360\",\"contentUrl\":\"https:\/\/kawasakirobotics.com\/tachyon\/sites\/2\/2022\/01\/title-background-A1750927-2_ed.jpg?fit=2160%2C360\",\"width\":2160,\"height\":360,\"caption\":\"Kawasaki Robot K-AddOn Products\"},{\"@type\":\"BreadcrumbList\",\"@id\":\"https:\/\/kawasakirobotics.com\/br\/products\/k-addon\/#breadcrumb\",\"itemListElement\":[{\"@type\":\"ListItem\",\"position\":1,\"name\":\"In\u00edcio\",\"item\":\"https:\/\/kawasakirobotics.com\/br\/\"},{\"@type\":\"ListItem\",\"position\":2,\"name\":\"Pesquisa de produtos\",\"item\":\"https:\/\/kawasakirobotics.com\/br\/products\/\"},{\"@type\":\"ListItem\",\"position\":3,\"name\":\"Produtos Kawasaki Robot K-AddOn\"}]},{\"@type\":\"WebSite\",\"@id\":\"https:\/\/kawasakirobotics.com\/br\/#website\",\"url\":\"https:\/\/kawasakirobotics.com\/br\/\",\"name\":\"Kawasaki Robotics\",\"description\":\"\",\"publisher\":{\"@id\":\"https:\/\/kawasakirobotics.com\/br\/#organization\"},\"potentialAction\":[{\"@type\":\"SearchAction\",\"target\":{\"@type\":\"EntryPoint\",\"urlTemplate\":\"https:\/\/kawasakirobotics.com\/br\/?s={search_term_string}\"},\"query-input\":{\"@type\":\"PropertyValueSpecification\",\"valueRequired\":true,\"valueName\":\"search_term_string\"}}],\"inLanguage\":\"pt-BR\"},{\"@type\":\"Organization\",\"@id\":\"https:\/\/kawasakirobotics.com\/br\/#organization\",\"name\":\"\u5ddd\u5d0e\u91cd\u5de5\u696d\u30ed\u30dc\u30c3\u30c8\u30c7\u30a3\u30d3\u30b8\u30e7\u30f3\",\"url\":\"https:\/\/kawasakirobotics.com\/br\/\",\"logo\":{\"@type\":\"ImageObject\",\"inLanguage\":\"pt-BR\",\"@id\":\"https:\/\/kawasakirobotics.com\/br\/#\/schema\/logo\/image\/\",\"url\":\"\",\"contentUrl\":\"\",\"caption\":\"\u5ddd\u5d0e\u91cd\u5de5\u696d\u30ed\u30dc\u30c3\u30c8\u30c7\u30a3\u30d3\u30b8\u30e7\u30f3\"},\"image\":{\"@id\":\"https:\/\/kawasakirobotics.com\/br\/#\/schema\/logo\/image\/\"},\"sameAs\":[\"https:\/\/www.facebook.com\/Kawasaki-Robotics-264043869602\",\"https:\/\/x.com\/kawasakirobot\",\"https:\/\/www.youtube.com\/user\/KawasakiRobots?sub_confirmation=1\",\"https:\/\/www.linkedin.com\/company\/kawasaki-robotics\"]}]}<\/script>\n<!-- \/ Yoast SEO plugin. -->","yoast_head_json":{"title":"Produtos Kawasaki Robot K-AddOn | Industrial Robots by Kawasaki Robotics","description":"K-AddOn \u00e9 uma plataforma para integradores e utilizadores, que oferece ferramentas avaliadas para uma integra\u00e7\u00e3o perfeita do Rob\u00f4 Kawasaki. Junte-se ao programa hoje.","robots":{"index":"index","follow":"follow","max-snippet":"max-snippet:-1","max-image-preview":"max-image-preview:large","max-video-preview":"max-video-preview:-1"},"canonical":"https:\/\/kawasakirobotics.com\/br\/products\/k-addon\/","og_locale":"pt_BR","og_type":"article","og_title":"Produtos Kawasaki Robot K-AddOn | Industrial Robots by Kawasaki Robotics","og_description":"K-AddOn \u00e9 uma plataforma para integradores e utilizadores, que oferece ferramentas avaliadas para uma integra\u00e7\u00e3o perfeita do Rob\u00f4 Kawasaki. Junte-se ao programa hoje.","og_url":"https:\/\/kawasakirobotics.com\/br\/products\/k-addon\/","og_site_name":"Kawasaki Robotics","article_publisher":"https:\/\/www.facebook.com\/Kawasaki-Robotics-264043869602","article_modified_time":"2025-06-27T03:18:42+00:00","og_image":[{"url":"https:\/\/kawasakirobotics.com\/content\/themes\/krobot-theme\/src\/images\/default\/ogp.jpg","width":"1200","height":"630","type":"image\/jpeg"}],"twitter_card":"summary_large_image","twitter_site":"@kawasakirobot","schema":{"@context":"https:\/\/schema.org","@graph":[{"@type":"WebPage","@id":"https:\/\/kawasakirobotics.com\/br\/products\/k-addon\/","url":"https:\/\/kawasakirobotics.com\/br\/products\/k-addon\/","name":"Produtos Kawasaki Robot K-AddOn | Industrial Robots by Kawasaki Robotics","isPartOf":{"@id":"https:\/\/kawasakirobotics.com\/br\/#website"},"primaryImageOfPage":{"@id":"https:\/\/kawasakirobotics.com\/br\/products\/k-addon\/#primaryimage"},"image":{"@id":"https:\/\/kawasakirobotics.com\/br\/products\/k-addon\/#primaryimage"},"thumbnailUrl":"https:\/\/kawasakirobotics.com\/tachyon\/sites\/2\/2022\/01\/title-background-A1750927-2_ed.jpg?fit=2160%2C360","datePublished":"2022-01-19T08:55:28+00:00","dateModified":"2025-06-27T03:18:42+00:00","description":"K-AddOn \u00e9 uma plataforma para integradores e utilizadores, que oferece ferramentas avaliadas para uma integra\u00e7\u00e3o perfeita do Rob\u00f4 Kawasaki. Junte-se ao programa hoje.","breadcrumb":{"@id":"https:\/\/kawasakirobotics.com\/br\/products\/k-addon\/#breadcrumb"},"inLanguage":"pt-BR","potentialAction":[{"@type":"ReadAction","target":["https:\/\/kawasakirobotics.com\/br\/products\/k-addon\/"]}]},{"@type":"ImageObject","inLanguage":"pt-BR","@id":"https:\/\/kawasakirobotics.com\/br\/products\/k-addon\/#primaryimage","url":"https:\/\/kawasakirobotics.com\/tachyon\/sites\/2\/2022\/01\/title-background-A1750927-2_ed.jpg?fit=2160%2C360","contentUrl":"https:\/\/kawasakirobotics.com\/tachyon\/sites\/2\/2022\/01\/title-background-A1750927-2_ed.jpg?fit=2160%2C360","width":2160,"height":360,"caption":"Kawasaki Robot K-AddOn Products"},{"@type":"BreadcrumbList","@id":"https:\/\/kawasakirobotics.com\/br\/products\/k-addon\/#breadcrumb","itemListElement":[{"@type":"ListItem","position":1,"name":"In\u00edcio","item":"https:\/\/kawasakirobotics.com\/br\/"},{"@type":"ListItem","position":2,"name":"Pesquisa de produtos","item":"https:\/\/kawasakirobotics.com\/br\/products\/"},{"@type":"ListItem","position":3,"name":"Produtos Kawasaki Robot K-AddOn"}]},{"@type":"WebSite","@id":"https:\/\/kawasakirobotics.com\/br\/#website","url":"https:\/\/kawasakirobotics.com\/br\/","name":"Kawasaki Robotics","description":"","publisher":{"@id":"https:\/\/kawasakirobotics.com\/br\/#organization"},"potentialAction":[{"@type":"SearchAction","target":{"@type":"EntryPoint","urlTemplate":"https:\/\/kawasakirobotics.com\/br\/?s={search_term_string}"},"query-input":{"@type":"PropertyValueSpecification","valueRequired":true,"valueName":"search_term_string"}}],"inLanguage":"pt-BR"},{"@type":"Organization","@id":"https:\/\/kawasakirobotics.com\/br\/#organization","name":"\u5ddd\u5d0e\u91cd\u5de5\u696d\u30ed\u30dc\u30c3\u30c8\u30c7\u30a3\u30d3\u30b8\u30e7\u30f3","url":"https:\/\/kawasakirobotics.com\/br\/","logo":{"@type":"ImageObject","inLanguage":"pt-BR","@id":"https:\/\/kawasakirobotics.com\/br\/#\/schema\/logo\/image\/","url":"","contentUrl":"","caption":"\u5ddd\u5d0e\u91cd\u5de5\u696d\u30ed\u30dc\u30c3\u30c8\u30c7\u30a3\u30d3\u30b8\u30e7\u30f3"},"image":{"@id":"https:\/\/kawasakirobotics.com\/br\/#\/schema\/logo\/image\/"},"sameAs":["https:\/\/www.facebook.com\/Kawasaki-Robotics-264043869602","https:\/\/x.com\/kawasakirobot","https:\/\/www.youtube.com\/user\/KawasakiRobots?sub_confirmation=1","https:\/\/www.linkedin.com\/company\/kawasaki-robotics"]}]}},"_links":{"self":[{"href":"https:\/\/kawasakirobotics.com\/br\/wp-json\/wp\/v2\/pages\/52","targetHints":{"allow":["GET"]}}],"collection":[{"href":"https:\/\/kawasakirobotics.com\/br\/wp-json\/wp\/v2\/pages"}],"about":[{"href":"https:\/\/kawasakirobotics.com\/br\/wp-json\/wp\/v2\/types\/page"}],"author":[{"embeddable":true,"href":"https:\/\/kawasakirobotics.com\/br\/wp-json\/wp\/v2\/users\/20"}],"replies":[{"embeddable":true,"href":"https:\/\/kawasakirobotics.com\/br\/wp-json\/wp\/v2\/comments?post=52"}],"version-history":[{"count":19,"href":"https:\/\/kawasakirobotics.com\/br\/wp-json\/wp\/v2\/pages\/52\/revisions"}],"predecessor-version":[{"id":9060,"href":"https:\/\/kawasakirobotics.com\/br\/wp-json\/wp\/v2\/pages\/52\/revisions\/9060"}],"up":[{"embeddable":true,"href":"https:\/\/kawasakirobotics.com\/br\/wp-json\/wp\/v2\/pages\/32"}],"wp:featuredmedia":[{"embeddable":true,"href":"https:\/\/kawasakirobotics.com\/br\/wp-json\/wp\/v2\/media\/930"}],"wp:attachment":[{"href":"https:\/\/kawasakirobotics.com\/br\/wp-json\/wp\/v2\/media?parent=52"}],"curies":[{"name":"wp","href":"https:\/\/api.w.org\/{rel}","templated":true}]}}