{"id":54,"date":"2022-01-19T17:55:56","date_gmt":"2022-01-19T22:55:56","guid":{"rendered":"urn:uuid:8f4034a0-45c0-4d83-94d6-fbc8f463c5ae"},"modified":"2025-02-14T03:39:44","modified_gmt":"2025-02-14T08:39:44","slug":"retired-models","status":"publish","type":"page","link":"https:\/\/kawasakirobotics.com\/br\/products\/retired-models\/","title":{"rendered":"Modelos reformados"},"content":{"rendered":"\n<p>A Kawasaki est\u00e1 entre os l\u00edderes mundiais em instala\u00e7\u00f5es de robots. A maioria dos nossos produtos reformados ainda est\u00e3o a ser produzidos em f\u00e1bricas em todo o mundo. Se necessitar de pe\u00e7as ou assist\u00eancia para qualquer um dos nossos produtos, contacte o nosso Departamento de Servi\u00e7o ao Cliente.<\/p>\n\n\n\n<p><a href=\"https:\/\/kawasakirobotics.com\/uploads\/sites\/2\/2023\/08\/202308product-discontinuation-list.pdf\" target=\"_blank\" rel=\"noreferrer noopener\">Lista de modelos de robots\/controladores descontinuados e ano de descontinua\u00e7\u00e3o<\/a><\/p>\n\n\n\n<h2 class=\"wp-block-heading\"><strong><strong>MOTIVO DA DESCONTINUA\u00c7\u00c3O<\/strong><\/strong><\/h2>\n\n\n\n<p>Lan\u00e7amento de modelos sucessores.<\/p>\n\n\n\n<h4 class=\"wp-block-heading\"><strong>PE\u00c7AS DE SUBSTITUI\u00c7\u00c3O<\/strong><\/h4>\n\n\n\n<ul class=\"wp-block-list\"><li>As pe\u00e7as de substitui\u00e7\u00e3o para os modelos afectados ser\u00e3o fornecidas at\u00e9 10 anos ap\u00f3s a data de descontinua\u00e7\u00e3o.<\/li><li>A Kawasaki far\u00e1 todos os esfor\u00e7os para obter pe\u00e7as e materiais em resposta aos pedidos dos clientes. No entanto, devido a circunst\u00e2ncias externas, tais como altera\u00e7\u00f5es no mercado de materiais (ou seja, descontinua\u00e7\u00e3o por parte dos fabricantes de materiais), a Kawasaki poder\u00e1 n\u00e3o conseguir fornecer pe\u00e7as para os modelos afectados.<\/li><li>Dependendo do per\u00edodo decorrido ap\u00f3s a descontinua\u00e7\u00e3o do produto, os prazos de entrega podem aumentar.<\/li><\/ul>\n\n\n\n<p><\/p>\n","protected":false},"excerpt":{"rendered":"<p>A Kawasaki est\u00e1 entre os l\u00edderes mundiais em instala\u00e7\u00f5es de robots. A maioria dos nossos produtos reformados ainda est\u00e3o a ser produzidos em f\u00e1bricas em todo o mundo. Se necessitar de pe\u00e7as ou de assist\u00eancia para qualquer um dos nossos produtos, contacte o nosso Departamento de Apoio ao Cliente. Lista de modelos de robots \/ controladores descontinuados e ano de descontinua\u00e7\u00e3o MOTIVO DA DESCONTINUA\u00c7\u00c3O Lan\u00e7amento de modelos sucessores. PE\u00c7AS DE SUBSTITUI\u00c7\u00c3O As pe\u00e7as de substitui\u00e7\u00e3o para os modelos afectados ser\u00e3o fornecidas at\u00e9 10 anos ap\u00f3s a data de descontinua\u00e7\u00e3o. A Kawasaki envidar\u00e1 todos os esfor\u00e7os para obter pe\u00e7as e materiais em resposta aos pedidos dos clientes&#8217;. No entanto, devido a circunst\u00e2ncias externas, tais como [&hellip;]<\/p>\n","protected":false},"author":9,"featured_media":8476,"parent":32,"menu_order":3,"comment_status":"closed","ping_status":"closed","template":"page-templates\/custom-title-with-background.php","meta":{"ep_exclude_from_search":false,"footnotes":""},"class_list":["post-54","page","type-page","status-publish","has-post-thumbnail","hentry"],"yoast_head":"<!-- This site is optimized with the Yoast SEO plugin v25.9 - https:\/\/yoast.com\/wordpress\/plugins\/seo\/ -->\n<title>Modelos reformados | Industrial Robots by Kawasaki Robotics<\/title>\n<meta name=\"description\" content=\"Descubra os modelos de robots retirados da Kawasaki e a disponibilidade das suas pe\u00e7as. Oferecemos suporte at\u00e9 10 anos ap\u00f3s a descontinua\u00e7\u00e3o.\" \/>\n<meta name=\"robots\" content=\"index, follow, max-snippet:-1, max-image-preview:large, max-video-preview:-1\" \/>\n<link rel=\"canonical\" href=\"https:\/\/kawasakirobotics.com\/br\/products\/retired-models\/\" \/>\n<meta property=\"og:locale\" content=\"pt_BR\" \/>\n<meta property=\"og:type\" content=\"article\" \/>\n<meta property=\"og:title\" content=\"Modelos reformados | Industrial Robots by Kawasaki Robotics\" \/>\n<meta property=\"og:description\" content=\"Descubra os modelos de robots retirados da Kawasaki e a disponibilidade das suas pe\u00e7as. Oferecemos suporte at\u00e9 10 anos ap\u00f3s a descontinua\u00e7\u00e3o.\" \/>\n<meta property=\"og:url\" content=\"https:\/\/kawasakirobotics.com\/br\/products\/retired-models\/\" \/>\n<meta property=\"og:site_name\" content=\"Kawasaki Robotics\" \/>\n<meta property=\"article:publisher\" content=\"https:\/\/www.facebook.com\/Kawasaki-Robotics-264043869602\" \/>\n<meta property=\"article:modified_time\" content=\"2025-02-14T08:39:44+00:00\" \/>\n<meta property=\"og:image\" content=\"https:\/\/kawasakirobotics.com\/content\/themes\/krobot-theme\/src\/images\/default\/ogp.jpg\" \/>\n\t<meta property=\"og:image:width\" content=\"1200\" \/>\n\t<meta property=\"og:image:height\" content=\"630\" \/>\n\t<meta property=\"og:image:type\" content=\"image\/jpeg\" \/>\n<meta name=\"twitter:card\" content=\"summary_large_image\" \/>\n<meta name=\"twitter:site\" content=\"@kawasakirobot\" \/>\n<script type=\"application\/ld+json\" class=\"yoast-schema-graph\">{\"@context\":\"https:\/\/schema.org\",\"@graph\":[{\"@type\":\"WebPage\",\"@id\":\"https:\/\/kawasakirobotics.com\/br\/products\/retired-models\/\",\"url\":\"https:\/\/kawasakirobotics.com\/br\/products\/retired-models\/\",\"name\":\"Modelos reformados | Industrial Robots by Kawasaki Robotics\",\"isPartOf\":{\"@id\":\"https:\/\/kawasakirobotics.com\/br\/#website\"},\"primaryImageOfPage\":{\"@id\":\"https:\/\/kawasakirobotics.com\/br\/products\/retired-models\/#primaryimage\"},\"image\":{\"@id\":\"https:\/\/kawasakirobotics.com\/br\/products\/retired-models\/#primaryimage\"},\"thumbnailUrl\":\"https:\/\/kawasakirobotics.com\/tachyon\/sites\/39\/2025\/01\/title-background-b1830324.jpg?fit=2160%2c360\",\"datePublished\":\"2022-01-19T22:55:56+00:00\",\"dateModified\":\"2025-02-14T08:39:44+00:00\",\"description\":\"Descubra os modelos de robots retirados da Kawasaki e a disponibilidade das suas pe\u00e7as. Oferecemos suporte at\u00e9 10 anos ap\u00f3s a descontinua\u00e7\u00e3o.\",\"breadcrumb\":{\"@id\":\"https:\/\/kawasakirobotics.com\/br\/products\/retired-models\/#breadcrumb\"},\"inLanguage\":\"pt-BR\",\"potentialAction\":[{\"@type\":\"ReadAction\",\"target\":[\"https:\/\/kawasakirobotics.com\/br\/products\/retired-models\/\"]}]},{\"@type\":\"ImageObject\",\"inLanguage\":\"pt-BR\",\"@id\":\"https:\/\/kawasakirobotics.com\/br\/products\/retired-models\/#primaryimage\",\"url\":\"https:\/\/kawasakirobotics.com\/tachyon\/sites\/39\/2025\/01\/title-background-b1830324.jpg?fit=2160%2c360\",\"contentUrl\":\"https:\/\/kawasakirobotics.com\/tachyon\/sites\/39\/2025\/01\/title-background-b1830324.jpg?fit=2160%2c360\",\"caption\":\"Exonera\u00e7\u00e3o de responsabilidade pelos dados CAD\"},{\"@type\":\"BreadcrumbList\",\"@id\":\"https:\/\/kawasakirobotics.com\/br\/products\/retired-models\/#breadcrumb\",\"itemListElement\":[{\"@type\":\"ListItem\",\"position\":1,\"name\":\"In\u00edcio\",\"item\":\"https:\/\/kawasakirobotics.com\/br\/\"},{\"@type\":\"ListItem\",\"position\":2,\"name\":\"Pesquisa de produtos\",\"item\":\"https:\/\/kawasakirobotics.com\/br\/products\/\"},{\"@type\":\"ListItem\",\"position\":3,\"name\":\"Modelos reformados\"}]},{\"@type\":\"WebSite\",\"@id\":\"https:\/\/kawasakirobotics.com\/br\/#website\",\"url\":\"https:\/\/kawasakirobotics.com\/br\/\",\"name\":\"Kawasaki Robotics\",\"description\":\"\",\"publisher\":{\"@id\":\"https:\/\/kawasakirobotics.com\/br\/#organization\"},\"potentialAction\":[{\"@type\":\"SearchAction\",\"target\":{\"@type\":\"EntryPoint\",\"urlTemplate\":\"https:\/\/kawasakirobotics.com\/br\/?s={search_term_string}\"},\"query-input\":{\"@type\":\"PropertyValueSpecification\",\"valueRequired\":true,\"valueName\":\"search_term_string\"}}],\"inLanguage\":\"pt-BR\"},{\"@type\":\"Organization\",\"@id\":\"https:\/\/kawasakirobotics.com\/br\/#organization\",\"name\":\"\u5ddd\u5d0e\u91cd\u5de5\u696d\u30ed\u30dc\u30c3\u30c8\u30c7\u30a3\u30d3\u30b8\u30e7\u30f3\",\"url\":\"https:\/\/kawasakirobotics.com\/br\/\",\"logo\":{\"@type\":\"ImageObject\",\"inLanguage\":\"pt-BR\",\"@id\":\"https:\/\/kawasakirobotics.com\/br\/#\/schema\/logo\/image\/\",\"url\":\"\",\"contentUrl\":\"\",\"caption\":\"\u5ddd\u5d0e\u91cd\u5de5\u696d\u30ed\u30dc\u30c3\u30c8\u30c7\u30a3\u30d3\u30b8\u30e7\u30f3\"},\"image\":{\"@id\":\"https:\/\/kawasakirobotics.com\/br\/#\/schema\/logo\/image\/\"},\"sameAs\":[\"https:\/\/www.facebook.com\/Kawasaki-Robotics-264043869602\",\"https:\/\/x.com\/kawasakirobot\",\"https:\/\/www.youtube.com\/user\/KawasakiRobots?sub_confirmation=1\",\"https:\/\/www.linkedin.com\/company\/kawasaki-robotics\"]}]}<\/script>\n<!-- \/ Yoast SEO plugin. -->","yoast_head_json":{"title":"Modelos reformados | Industrial Robots by Kawasaki Robotics","description":"Descubra os modelos de robots retirados da Kawasaki e a disponibilidade das suas pe\u00e7as. Oferecemos suporte at\u00e9 10 anos ap\u00f3s a descontinua\u00e7\u00e3o.","robots":{"index":"index","follow":"follow","max-snippet":"max-snippet:-1","max-image-preview":"max-image-preview:large","max-video-preview":"max-video-preview:-1"},"canonical":"https:\/\/kawasakirobotics.com\/br\/products\/retired-models\/","og_locale":"pt_BR","og_type":"article","og_title":"Modelos reformados | Industrial Robots by Kawasaki Robotics","og_description":"Descubra os modelos de robots retirados da Kawasaki e a disponibilidade das suas pe\u00e7as. Oferecemos suporte at\u00e9 10 anos ap\u00f3s a descontinua\u00e7\u00e3o.","og_url":"https:\/\/kawasakirobotics.com\/br\/products\/retired-models\/","og_site_name":"Kawasaki Robotics","article_publisher":"https:\/\/www.facebook.com\/Kawasaki-Robotics-264043869602","article_modified_time":"2025-02-14T08:39:44+00:00","og_image":[{"url":"https:\/\/kawasakirobotics.com\/content\/themes\/krobot-theme\/src\/images\/default\/ogp.jpg","width":"1200","height":"630","type":"image\/jpeg"}],"twitter_card":"summary_large_image","twitter_site":"@kawasakirobot","schema":{"@context":"https:\/\/schema.org","@graph":[{"@type":"WebPage","@id":"https:\/\/kawasakirobotics.com\/br\/products\/retired-models\/","url":"https:\/\/kawasakirobotics.com\/br\/products\/retired-models\/","name":"Modelos reformados | Industrial Robots by Kawasaki Robotics","isPartOf":{"@id":"https:\/\/kawasakirobotics.com\/br\/#website"},"primaryImageOfPage":{"@id":"https:\/\/kawasakirobotics.com\/br\/products\/retired-models\/#primaryimage"},"image":{"@id":"https:\/\/kawasakirobotics.com\/br\/products\/retired-models\/#primaryimage"},"thumbnailUrl":"https:\/\/kawasakirobotics.com\/tachyon\/sites\/39\/2025\/01\/title-background-b1830324.jpg?fit=2160%2c360","datePublished":"2022-01-19T22:55:56+00:00","dateModified":"2025-02-14T08:39:44+00:00","description":"Descubra os modelos de robots retirados da Kawasaki e a disponibilidade das suas pe\u00e7as. Oferecemos suporte at\u00e9 10 anos ap\u00f3s a descontinua\u00e7\u00e3o.","breadcrumb":{"@id":"https:\/\/kawasakirobotics.com\/br\/products\/retired-models\/#breadcrumb"},"inLanguage":"pt-BR","potentialAction":[{"@type":"ReadAction","target":["https:\/\/kawasakirobotics.com\/br\/products\/retired-models\/"]}]},{"@type":"ImageObject","inLanguage":"pt-BR","@id":"https:\/\/kawasakirobotics.com\/br\/products\/retired-models\/#primaryimage","url":"https:\/\/kawasakirobotics.com\/tachyon\/sites\/39\/2025\/01\/title-background-b1830324.jpg?fit=2160%2c360","contentUrl":"https:\/\/kawasakirobotics.com\/tachyon\/sites\/39\/2025\/01\/title-background-b1830324.jpg?fit=2160%2c360","caption":"Exonera\u00e7\u00e3o de responsabilidade pelos dados CAD"},{"@type":"BreadcrumbList","@id":"https:\/\/kawasakirobotics.com\/br\/products\/retired-models\/#breadcrumb","itemListElement":[{"@type":"ListItem","position":1,"name":"In\u00edcio","item":"https:\/\/kawasakirobotics.com\/br\/"},{"@type":"ListItem","position":2,"name":"Pesquisa de produtos","item":"https:\/\/kawasakirobotics.com\/br\/products\/"},{"@type":"ListItem","position":3,"name":"Modelos reformados"}]},{"@type":"WebSite","@id":"https:\/\/kawasakirobotics.com\/br\/#website","url":"https:\/\/kawasakirobotics.com\/br\/","name":"Kawasaki Robotics","description":"","publisher":{"@id":"https:\/\/kawasakirobotics.com\/br\/#organization"},"potentialAction":[{"@type":"SearchAction","target":{"@type":"EntryPoint","urlTemplate":"https:\/\/kawasakirobotics.com\/br\/?s={search_term_string}"},"query-input":{"@type":"PropertyValueSpecification","valueRequired":true,"valueName":"search_term_string"}}],"inLanguage":"pt-BR"},{"@type":"Organization","@id":"https:\/\/kawasakirobotics.com\/br\/#organization","name":"\u5ddd\u5d0e\u91cd\u5de5\u696d\u30ed\u30dc\u30c3\u30c8\u30c7\u30a3\u30d3\u30b8\u30e7\u30f3","url":"https:\/\/kawasakirobotics.com\/br\/","logo":{"@type":"ImageObject","inLanguage":"pt-BR","@id":"https:\/\/kawasakirobotics.com\/br\/#\/schema\/logo\/image\/","url":"","contentUrl":"","caption":"\u5ddd\u5d0e\u91cd\u5de5\u696d\u30ed\u30dc\u30c3\u30c8\u30c7\u30a3\u30d3\u30b8\u30e7\u30f3"},"image":{"@id":"https:\/\/kawasakirobotics.com\/br\/#\/schema\/logo\/image\/"},"sameAs":["https:\/\/www.facebook.com\/Kawasaki-Robotics-264043869602","https:\/\/x.com\/kawasakirobot","https:\/\/www.youtube.com\/user\/KawasakiRobots?sub_confirmation=1","https:\/\/www.linkedin.com\/company\/kawasaki-robotics"]}]}},"_links":{"self":[{"href":"https:\/\/kawasakirobotics.com\/br\/wp-json\/wp\/v2\/pages\/54","targetHints":{"allow":["GET"]}}],"collection":[{"href":"https:\/\/kawasakirobotics.com\/br\/wp-json\/wp\/v2\/pages"}],"about":[{"href":"https:\/\/kawasakirobotics.com\/br\/wp-json\/wp\/v2\/types\/page"}],"author":[{"embeddable":true,"href":"https:\/\/kawasakirobotics.com\/br\/wp-json\/wp\/v2\/users\/9"}],"replies":[{"embeddable":true,"href":"https:\/\/kawasakirobotics.com\/br\/wp-json\/wp\/v2\/comments?post=54"}],"version-history":[{"count":4,"href":"https:\/\/kawasakirobotics.com\/br\/wp-json\/wp\/v2\/pages\/54\/revisions"}],"predecessor-version":[{"id":8475,"href":"https:\/\/kawasakirobotics.com\/br\/wp-json\/wp\/v2\/pages\/54\/revisions\/8475"}],"up":[{"embeddable":true,"href":"https:\/\/kawasakirobotics.com\/br\/wp-json\/wp\/v2\/pages\/32"}],"wp:featuredmedia":[{"embeddable":true,"href":"https:\/\/kawasakirobotics.com\/br\/wp-json\/wp\/v2\/media\/8476"}],"wp:attachment":[{"href":"https:\/\/kawasakirobotics.com\/br\/wp-json\/wp\/v2\/media?parent=54"}],"curies":[{"name":"wp","href":"https:\/\/api.w.org\/{rel}","templated":true}]}}