{"id":56,"date":"2022-01-19T17:56:24","date_gmt":"2022-01-19T22:56:24","guid":{"rendered":"urn:uuid:f979949d-bcb6-4ad2-81d2-99435ce77cf1"},"modified":"2025-01-27T09:15:56","modified_gmt":"2025-01-27T14:15:56","slug":"cad-disclaimer","status":"publish","type":"page","link":"https:\/\/kawasakirobotics.com\/br\/products\/cad-disclaimer\/","title":{"rendered":"Exonera\u00e7\u00e3o de responsabilidade pelos dados CAD"},"content":{"rendered":"\n<p>Antes de utilizar os dados CAD deste s\u00edtio Web, \u00e9 favor ler o seguinte.<\/p>\n\n\n\n<h2 class=\"wp-block-heading\"><strong>1. Objetivo da utiliza\u00e7\u00e3o dos dados<\/strong><\/h2>\n\n\n\n<p>Os dados CAD deste s\u00edtio Web destinam-se a ser utilizados apenas para verificar a interfer\u00eancia e a forma do robot, etc., na conce\u00e7\u00e3o do layout.<\/p>\n\n\n\n<h2 class=\"wp-block-heading\"><strong>2. Carater\u00edsticas dos dados<\/strong><\/h2>\n\n\n\n<p>Tenha em aten\u00e7\u00e3o que os dados de forma, tais como toler\u00e2ncia, rugosidade da superf\u00edcie e orif\u00edcios nos dados CAD podem ser diferentes dos dados do produto real. Al\u00e9m disso, alguns produtos n\u00e3o t\u00eam dados de forma, a fim de reduzir o tamanho do ficheiro de dados CAD e facilitar a partilha de dados.<\/p>\n\n\n\n<h2 class=\"wp-block-heading\"><strong>3. Isen\u00e7\u00e3o de responsabilidade<\/strong><\/h2>\n\n\n\n<p>Embora a Kawasaki crie meticulosamente os dados CAD, a exatid\u00e3o dos dados CAD n\u00e3o pode ser garantida devido \u00e0s carater\u00edsticas dos dados acima mencionadas. Al\u00e9m disso, os dados CAD deste site est\u00e3o sujeitos a altera\u00e7\u00f5es, adi\u00e7\u00f5es e\/ou elimina\u00e7\u00f5es sem aviso pr\u00e9vio. A Kawasaki n\u00e3o se responsabiliza por quaisquer danos sofridos devido \u00e0 utiliza\u00e7\u00e3o, altera\u00e7\u00e3o e elimina\u00e7\u00e3o dos dados CAD por qualquer motivo.<\/p>\n\n\n\n<h2 class=\"wp-block-heading\"><strong>4. Atribui\u00e7\u00e3o de direitos de propriedade intelectual<\/strong><\/h2>\n\n\n\n<p>A Kawasaki det\u00e9m todos os direitos, incluindo os direitos de propriedade intelectual, sobre os dados CAD. O utilizador n\u00e3o pode copiar, reproduzir, distribuir, transmitir, modificar e\/ou vender os dados CAD para outros fins que n\u00e3o os acima mencionados, sem o consentimento pr\u00e9vio por escrito da Kawasaki. Se a utiliza\u00e7\u00e3o dos dados CAD violar a finalidade de utiliza\u00e7\u00e3o e os regulamentos acima mencionados, a Kawasaki pode proibir a utiliza\u00e7\u00e3o dos dados CAD e tomar medidas legais contra o utilizador.<\/p>\n","protected":false},"excerpt":{"rendered":"<p>Antes de utilizar os dados CAD deste s\u00edtio Web, \u00e9 favor ler o seguinte. 1. Objetivo da utiliza\u00e7\u00e3o dos dados Os dados CAD deste s\u00edtio Web devem ser utilizados apenas para verificar a interfer\u00eancia e a forma do rob\u00f4, etc., na conce\u00e7\u00e3o do layout. 2. Carater\u00edsticas dos dados Tenha em aten\u00e7\u00e3o que os dados de forma, como a toler\u00e2ncia, a rugosidade da superf\u00edcie e os orif\u00edcios nos dados CAD podem ser diferentes dos do produto real. Al\u00e9m disso, alguns produtos n\u00e3o t\u00eam dados de forma, a fim de reduzir o tamanho do ficheiro de dados CAD e facilitar a partilha de dados. 3. Isen\u00e7\u00e3o de responsabilidade Embora a Kawasaki crie meticulosamente os ficheiros CAD [&hellip;]<\/p>\n","protected":false},"author":9,"featured_media":8478,"parent":32,"menu_order":4,"comment_status":"closed","ping_status":"closed","template":"page-templates\/custom-title-with-background.php","meta":{"ep_exclude_from_search":false,"footnotes":""},"class_list":["post-56","page","type-page","status-publish","has-post-thumbnail","hentry"],"yoast_head":"<!-- This site is optimized with the Yoast SEO plugin v25.9 - https:\/\/yoast.com\/wordpress\/plugins\/seo\/ -->\n<title>Exonera\u00e7\u00e3o de responsabilidade pelos dados CAD | Industrial Robots by Kawasaki Robotics<\/title>\n<meta name=\"description\" content=\"Kawasaki Heavy Industries | Exonera\u00e7\u00e3o de responsabilidade pelos dados CAD\" \/>\n<meta name=\"robots\" content=\"index, follow, max-snippet:-1, max-image-preview:large, max-video-preview:-1\" \/>\n<link rel=\"canonical\" href=\"https:\/\/kawasakirobotics.com\/br\/products\/cad-disclaimer\/\" \/>\n<meta property=\"og:locale\" content=\"pt_BR\" \/>\n<meta property=\"og:type\" content=\"article\" \/>\n<meta property=\"og:title\" content=\"Exonera\u00e7\u00e3o de responsabilidade pelos dados CAD | Industrial Robots by Kawasaki Robotics\" \/>\n<meta property=\"og:description\" content=\"Kawasaki Heavy Industries | Exonera\u00e7\u00e3o de responsabilidade pelos dados CAD\" \/>\n<meta property=\"og:url\" content=\"https:\/\/kawasakirobotics.com\/br\/products\/cad-disclaimer\/\" \/>\n<meta property=\"og:site_name\" content=\"Kawasaki Robotics\" \/>\n<meta property=\"article:publisher\" content=\"https:\/\/www.facebook.com\/Kawasaki-Robotics-264043869602\" \/>\n<meta property=\"article:modified_time\" content=\"2025-01-27T14:15:56+00:00\" \/>\n<meta property=\"og:image\" content=\"https:\/\/kawasakirobotics.com\/content\/themes\/krobot-theme\/src\/images\/default\/ogp.jpg\" \/>\n\t<meta property=\"og:image:width\" content=\"1200\" \/>\n\t<meta property=\"og:image:height\" content=\"630\" \/>\n\t<meta property=\"og:image:type\" content=\"image\/jpeg\" \/>\n<meta name=\"twitter:card\" content=\"summary_large_image\" \/>\n<meta name=\"twitter:site\" content=\"@kawasakirobot\" \/>\n<script type=\"application\/ld+json\" class=\"yoast-schema-graph\">{\"@context\":\"https:\/\/schema.org\",\"@graph\":[{\"@type\":\"WebPage\",\"@id\":\"https:\/\/kawasakirobotics.com\/br\/products\/cad-disclaimer\/\",\"url\":\"https:\/\/kawasakirobotics.com\/br\/products\/cad-disclaimer\/\",\"name\":\"Exonera\u00e7\u00e3o de responsabilidade pelos dados CAD | Industrial Robots by Kawasaki Robotics\",\"isPartOf\":{\"@id\":\"https:\/\/kawasakirobotics.com\/br\/#website\"},\"primaryImageOfPage\":{\"@id\":\"https:\/\/kawasakirobotics.com\/br\/products\/cad-disclaimer\/#primaryimage\"},\"image\":{\"@id\":\"https:\/\/kawasakirobotics.com\/br\/products\/cad-disclaimer\/#primaryimage\"},\"thumbnailUrl\":\"https:\/\/kawasakirobotics.com\/tachyon\/sites\/39\/2025\/01\/title-background-b1830324.jpg?fit=2160%2c360\",\"datePublished\":\"2022-01-19T22:56:24+00:00\",\"dateModified\":\"2025-01-27T14:15:56+00:00\",\"description\":\"Kawasaki Heavy Industries | Exonera\u00e7\u00e3o de responsabilidade pelos dados CAD\",\"breadcrumb\":{\"@id\":\"https:\/\/kawasakirobotics.com\/br\/products\/cad-disclaimer\/#breadcrumb\"},\"inLanguage\":\"pt-BR\",\"potentialAction\":[{\"@type\":\"ReadAction\",\"target\":[\"https:\/\/kawasakirobotics.com\/br\/products\/cad-disclaimer\/\"]}]},{\"@type\":\"ImageObject\",\"inLanguage\":\"pt-BR\",\"@id\":\"https:\/\/kawasakirobotics.com\/br\/products\/cad-disclaimer\/#primaryimage\",\"url\":\"https:\/\/kawasakirobotics.com\/tachyon\/sites\/39\/2025\/01\/title-background-b1830324.jpg?fit=2160%2c360\",\"contentUrl\":\"https:\/\/kawasakirobotics.com\/tachyon\/sites\/39\/2025\/01\/title-background-b1830324.jpg?fit=2160%2c360\",\"caption\":\"Exonera\u00e7\u00e3o de responsabilidade pelos dados CAD\"},{\"@type\":\"BreadcrumbList\",\"@id\":\"https:\/\/kawasakirobotics.com\/br\/products\/cad-disclaimer\/#breadcrumb\",\"itemListElement\":[{\"@type\":\"ListItem\",\"position\":1,\"name\":\"In\u00edcio\",\"item\":\"https:\/\/kawasakirobotics.com\/br\/\"},{\"@type\":\"ListItem\",\"position\":2,\"name\":\"Pesquisa de produtos\",\"item\":\"https:\/\/kawasakirobotics.com\/br\/products\/\"},{\"@type\":\"ListItem\",\"position\":3,\"name\":\"Exonera\u00e7\u00e3o de responsabilidade pelos dados CAD\"}]},{\"@type\":\"WebSite\",\"@id\":\"https:\/\/kawasakirobotics.com\/br\/#website\",\"url\":\"https:\/\/kawasakirobotics.com\/br\/\",\"name\":\"Kawasaki Robotics\",\"description\":\"\",\"publisher\":{\"@id\":\"https:\/\/kawasakirobotics.com\/br\/#organization\"},\"potentialAction\":[{\"@type\":\"SearchAction\",\"target\":{\"@type\":\"EntryPoint\",\"urlTemplate\":\"https:\/\/kawasakirobotics.com\/br\/?s={search_term_string}\"},\"query-input\":{\"@type\":\"PropertyValueSpecification\",\"valueRequired\":true,\"valueName\":\"search_term_string\"}}],\"inLanguage\":\"pt-BR\"},{\"@type\":\"Organization\",\"@id\":\"https:\/\/kawasakirobotics.com\/br\/#organization\",\"name\":\"\u5ddd\u5d0e\u91cd\u5de5\u696d\u30ed\u30dc\u30c3\u30c8\u30c7\u30a3\u30d3\u30b8\u30e7\u30f3\",\"url\":\"https:\/\/kawasakirobotics.com\/br\/\",\"logo\":{\"@type\":\"ImageObject\",\"inLanguage\":\"pt-BR\",\"@id\":\"https:\/\/kawasakirobotics.com\/br\/#\/schema\/logo\/image\/\",\"url\":\"\",\"contentUrl\":\"\",\"caption\":\"\u5ddd\u5d0e\u91cd\u5de5\u696d\u30ed\u30dc\u30c3\u30c8\u30c7\u30a3\u30d3\u30b8\u30e7\u30f3\"},\"image\":{\"@id\":\"https:\/\/kawasakirobotics.com\/br\/#\/schema\/logo\/image\/\"},\"sameAs\":[\"https:\/\/www.facebook.com\/Kawasaki-Robotics-264043869602\",\"https:\/\/x.com\/kawasakirobot\",\"https:\/\/www.youtube.com\/user\/KawasakiRobots?sub_confirmation=1\",\"https:\/\/www.linkedin.com\/company\/kawasaki-robotics\"]}]}<\/script>\n<!-- \/ Yoast SEO plugin. -->","yoast_head_json":{"title":"Exonera\u00e7\u00e3o de responsabilidade pelos dados CAD | Industrial Robots by Kawasaki Robotics","description":"Kawasaki Heavy Industries | Exonera\u00e7\u00e3o de responsabilidade pelos dados CAD","robots":{"index":"index","follow":"follow","max-snippet":"max-snippet:-1","max-image-preview":"max-image-preview:large","max-video-preview":"max-video-preview:-1"},"canonical":"https:\/\/kawasakirobotics.com\/br\/products\/cad-disclaimer\/","og_locale":"pt_BR","og_type":"article","og_title":"Exonera\u00e7\u00e3o de responsabilidade pelos dados CAD | Industrial Robots by Kawasaki Robotics","og_description":"Kawasaki Heavy Industries | Exonera\u00e7\u00e3o de responsabilidade pelos dados CAD","og_url":"https:\/\/kawasakirobotics.com\/br\/products\/cad-disclaimer\/","og_site_name":"Kawasaki Robotics","article_publisher":"https:\/\/www.facebook.com\/Kawasaki-Robotics-264043869602","article_modified_time":"2025-01-27T14:15:56+00:00","og_image":[{"url":"https:\/\/kawasakirobotics.com\/content\/themes\/krobot-theme\/src\/images\/default\/ogp.jpg","width":"1200","height":"630","type":"image\/jpeg"}],"twitter_card":"summary_large_image","twitter_site":"@kawasakirobot","schema":{"@context":"https:\/\/schema.org","@graph":[{"@type":"WebPage","@id":"https:\/\/kawasakirobotics.com\/br\/products\/cad-disclaimer\/","url":"https:\/\/kawasakirobotics.com\/br\/products\/cad-disclaimer\/","name":"Exonera\u00e7\u00e3o de responsabilidade pelos dados CAD | Industrial Robots by Kawasaki Robotics","isPartOf":{"@id":"https:\/\/kawasakirobotics.com\/br\/#website"},"primaryImageOfPage":{"@id":"https:\/\/kawasakirobotics.com\/br\/products\/cad-disclaimer\/#primaryimage"},"image":{"@id":"https:\/\/kawasakirobotics.com\/br\/products\/cad-disclaimer\/#primaryimage"},"thumbnailUrl":"https:\/\/kawasakirobotics.com\/tachyon\/sites\/39\/2025\/01\/title-background-b1830324.jpg?fit=2160%2c360","datePublished":"2022-01-19T22:56:24+00:00","dateModified":"2025-01-27T14:15:56+00:00","description":"Kawasaki Heavy Industries | Exonera\u00e7\u00e3o de responsabilidade pelos dados CAD","breadcrumb":{"@id":"https:\/\/kawasakirobotics.com\/br\/products\/cad-disclaimer\/#breadcrumb"},"inLanguage":"pt-BR","potentialAction":[{"@type":"ReadAction","target":["https:\/\/kawasakirobotics.com\/br\/products\/cad-disclaimer\/"]}]},{"@type":"ImageObject","inLanguage":"pt-BR","@id":"https:\/\/kawasakirobotics.com\/br\/products\/cad-disclaimer\/#primaryimage","url":"https:\/\/kawasakirobotics.com\/tachyon\/sites\/39\/2025\/01\/title-background-b1830324.jpg?fit=2160%2c360","contentUrl":"https:\/\/kawasakirobotics.com\/tachyon\/sites\/39\/2025\/01\/title-background-b1830324.jpg?fit=2160%2c360","caption":"Exonera\u00e7\u00e3o de responsabilidade pelos dados CAD"},{"@type":"BreadcrumbList","@id":"https:\/\/kawasakirobotics.com\/br\/products\/cad-disclaimer\/#breadcrumb","itemListElement":[{"@type":"ListItem","position":1,"name":"In\u00edcio","item":"https:\/\/kawasakirobotics.com\/br\/"},{"@type":"ListItem","position":2,"name":"Pesquisa de produtos","item":"https:\/\/kawasakirobotics.com\/br\/products\/"},{"@type":"ListItem","position":3,"name":"Exonera\u00e7\u00e3o de responsabilidade pelos dados CAD"}]},{"@type":"WebSite","@id":"https:\/\/kawasakirobotics.com\/br\/#website","url":"https:\/\/kawasakirobotics.com\/br\/","name":"Kawasaki Robotics","description":"","publisher":{"@id":"https:\/\/kawasakirobotics.com\/br\/#organization"},"potentialAction":[{"@type":"SearchAction","target":{"@type":"EntryPoint","urlTemplate":"https:\/\/kawasakirobotics.com\/br\/?s={search_term_string}"},"query-input":{"@type":"PropertyValueSpecification","valueRequired":true,"valueName":"search_term_string"}}],"inLanguage":"pt-BR"},{"@type":"Organization","@id":"https:\/\/kawasakirobotics.com\/br\/#organization","name":"\u5ddd\u5d0e\u91cd\u5de5\u696d\u30ed\u30dc\u30c3\u30c8\u30c7\u30a3\u30d3\u30b8\u30e7\u30f3","url":"https:\/\/kawasakirobotics.com\/br\/","logo":{"@type":"ImageObject","inLanguage":"pt-BR","@id":"https:\/\/kawasakirobotics.com\/br\/#\/schema\/logo\/image\/","url":"","contentUrl":"","caption":"\u5ddd\u5d0e\u91cd\u5de5\u696d\u30ed\u30dc\u30c3\u30c8\u30c7\u30a3\u30d3\u30b8\u30e7\u30f3"},"image":{"@id":"https:\/\/kawasakirobotics.com\/br\/#\/schema\/logo\/image\/"},"sameAs":["https:\/\/www.facebook.com\/Kawasaki-Robotics-264043869602","https:\/\/x.com\/kawasakirobot","https:\/\/www.youtube.com\/user\/KawasakiRobots?sub_confirmation=1","https:\/\/www.linkedin.com\/company\/kawasaki-robotics"]}]}},"_links":{"self":[{"href":"https:\/\/kawasakirobotics.com\/br\/wp-json\/wp\/v2\/pages\/56","targetHints":{"allow":["GET"]}}],"collection":[{"href":"https:\/\/kawasakirobotics.com\/br\/wp-json\/wp\/v2\/pages"}],"about":[{"href":"https:\/\/kawasakirobotics.com\/br\/wp-json\/wp\/v2\/types\/page"}],"author":[{"embeddable":true,"href":"https:\/\/kawasakirobotics.com\/br\/wp-json\/wp\/v2\/users\/9"}],"replies":[{"embeddable":true,"href":"https:\/\/kawasakirobotics.com\/br\/wp-json\/wp\/v2\/comments?post=56"}],"version-history":[{"count":3,"href":"https:\/\/kawasakirobotics.com\/br\/wp-json\/wp\/v2\/pages\/56\/revisions"}],"predecessor-version":[{"id":8477,"href":"https:\/\/kawasakirobotics.com\/br\/wp-json\/wp\/v2\/pages\/56\/revisions\/8477"}],"up":[{"embeddable":true,"href":"https:\/\/kawasakirobotics.com\/br\/wp-json\/wp\/v2\/pages\/32"}],"wp:featuredmedia":[{"embeddable":true,"href":"https:\/\/kawasakirobotics.com\/br\/wp-json\/wp\/v2\/media\/8478"}],"wp:attachment":[{"href":"https:\/\/kawasakirobotics.com\/br\/wp-json\/wp\/v2\/media?parent=56"}],"curies":[{"name":"wp","href":"https:\/\/api.w.org\/{rel}","templated":true}]}}