{"id":60,"date":"2022-01-19T18:01:43","date_gmt":"2022-01-19T23:01:43","guid":{"rendered":"urn:uuid:4feb4f2a-923d-48d5-bbec-b84fb7a55ca7"},"modified":"2025-03-03T06:20:34","modified_gmt":"2025-03-03T09:20:34","slug":"partner","status":"publish","type":"page","link":"https:\/\/kawasakirobotics.com\/br\/partner\/","title":{"rendered":"Parceiros"},"content":{"rendered":"\n<p>Ao escolher trabalhar com um parceiro da Kawasaki Robotics, est\u00e1 a escolher trabalhar com um especialista em automa\u00e7\u00e3o que traduzir\u00e1 as suas necessidades numa solu\u00e7\u00e3o que excede as expectativas. Os Integradores Preferenciais da Kawasaki t\u00eam o nosso selo de aprova\u00e7\u00e3o e confiamos neles para projetar e construir sistemas rob\u00f3ticos de \u00faltima gera\u00e7\u00e3o para os clientes da Kawasaki Robotics em todo o mundo.<\/p>\n\n\n\n<div style=\"height:30px\" aria-hidden=\"true\" class=\"wp-block-spacer\"><\/div>\n\n\n","protected":false},"excerpt":{"rendered":"<p>Ao escolher trabalhar com um parceiro da Kawasaki Robotics, est\u00e1 a escolher trabalhar com um especialista em automa\u00e7\u00e3o que traduzir\u00e1 as suas necessidades numa solu\u00e7\u00e3o que excede as expectativas. Os Integradores Preferenciais da Kawasaki t\u00eam o nosso selo de aprova\u00e7\u00e3o e confiamos neles para projetar e construir sistemas rob\u00f3ticos de \u00faltima gera\u00e7\u00e3o para os clientes da Kawasaki Robotics em todo o mundo.<\/p>\n","protected":false},"author":9,"featured_media":931,"parent":0,"menu_order":16,"comment_status":"closed","ping_status":"closed","template":"page-templates\/custom-partner-index.php","meta":{"ep_exclude_from_search":false,"footnotes":""},"class_list":["post-60","page","type-page","status-publish","has-post-thumbnail","hentry"],"yoast_head":"<!-- This site is optimized with the Yoast SEO plugin v25.9 - https:\/\/yoast.com\/wordpress\/plugins\/seo\/ -->\n<title>Parceiros | Industrial Robots by Kawasaki Robotics<\/title>\n<meta name=\"description\" content=\"Explore os nossos Integradores Preferenciais (SIer) que oferecem suporte para a implementa\u00e7\u00e3o do Rob\u00f4 Kawasaki e a plataforma K-AddOn para integra\u00e7\u00e3o de equipamentos.\" \/>\n<meta name=\"robots\" content=\"index, follow, max-snippet:-1, max-image-preview:large, max-video-preview:-1\" \/>\n<link rel=\"canonical\" href=\"https:\/\/kawasakirobotics.com\/br\/partner\/\" \/>\n<meta property=\"og:locale\" content=\"pt_BR\" \/>\n<meta property=\"og:type\" content=\"article\" \/>\n<meta property=\"og:title\" content=\"Parceiros | Industrial Robots by Kawasaki Robotics\" \/>\n<meta property=\"og:description\" content=\"Explore os nossos Integradores Preferenciais (SIer) que oferecem suporte para a implementa\u00e7\u00e3o do Rob\u00f4 Kawasaki e a plataforma K-AddOn para integra\u00e7\u00e3o de equipamentos.\" \/>\n<meta property=\"og:url\" content=\"https:\/\/kawasakirobotics.com\/br\/partner\/\" \/>\n<meta property=\"og:site_name\" content=\"Kawasaki Robotics\" \/>\n<meta property=\"article:publisher\" content=\"https:\/\/www.facebook.com\/Kawasaki-Robotics-264043869602\" \/>\n<meta property=\"article:modified_time\" content=\"2025-03-03T09:20:34+00:00\" \/>\n<meta property=\"og:image\" content=\"https:\/\/kawasakirobotics.com\/content\/themes\/krobot-theme\/src\/images\/default\/ogp.jpg\" \/>\n\t<meta property=\"og:image:width\" content=\"1200\" \/>\n\t<meta property=\"og:image:height\" content=\"630\" \/>\n\t<meta property=\"og:image:type\" content=\"image\/jpeg\" \/>\n<meta name=\"twitter:card\" content=\"summary_large_image\" \/>\n<meta name=\"twitter:site\" content=\"@kawasakirobot\" \/>\n<script type=\"application\/ld+json\" class=\"yoast-schema-graph\">{\"@context\":\"https:\/\/schema.org\",\"@graph\":[{\"@type\":\"WebPage\",\"@id\":\"https:\/\/kawasakirobotics.com\/br\/partner\/\",\"url\":\"https:\/\/kawasakirobotics.com\/br\/partner\/\",\"name\":\"Parceiros | Industrial Robots by Kawasaki Robotics\",\"isPartOf\":{\"@id\":\"https:\/\/kawasakirobotics.com\/br\/#website\"},\"primaryImageOfPage\":{\"@id\":\"https:\/\/kawasakirobotics.com\/br\/partner\/#primaryimage\"},\"image\":{\"@id\":\"https:\/\/kawasakirobotics.com\/br\/partner\/#primaryimage\"},\"thumbnailUrl\":\"https:\/\/kawasakirobotics.com\/tachyon\/sites\/2\/2022\/01\/title-background-A1760261.jpg?fit=2160%2C360\",\"datePublished\":\"2022-01-19T23:01:43+00:00\",\"dateModified\":\"2025-03-03T09:20:34+00:00\",\"description\":\"Explore os nossos Integradores Preferenciais (SIer) que oferecem suporte para a implementa\u00e7\u00e3o do Rob\u00f4 Kawasaki e a plataforma K-AddOn para integra\u00e7\u00e3o de equipamentos.\",\"breadcrumb\":{\"@id\":\"https:\/\/kawasakirobotics.com\/br\/partner\/#breadcrumb\"},\"inLanguage\":\"pt-BR\",\"potentialAction\":[{\"@type\":\"ReadAction\",\"target\":[\"https:\/\/kawasakirobotics.com\/br\/partner\/\"]}]},{\"@type\":\"ImageObject\",\"inLanguage\":\"pt-BR\",\"@id\":\"https:\/\/kawasakirobotics.com\/br\/partner\/#primaryimage\",\"url\":\"https:\/\/kawasakirobotics.com\/tachyon\/sites\/2\/2022\/01\/title-background-A1760261.jpg?fit=2160%2C360\",\"contentUrl\":\"https:\/\/kawasakirobotics.com\/tachyon\/sites\/2\/2022\/01\/title-background-A1760261.jpg?fit=2160%2C360\",\"width\":2160,\"height\":360,\"caption\":\"Partners13\"},{\"@type\":\"BreadcrumbList\",\"@id\":\"https:\/\/kawasakirobotics.com\/br\/partner\/#breadcrumb\",\"itemListElement\":[{\"@type\":\"ListItem\",\"position\":1,\"name\":\"In\u00edcio\",\"item\":\"https:\/\/kawasakirobotics.com\/br\/\"},{\"@type\":\"ListItem\",\"position\":2,\"name\":\"Parceiros\"}]},{\"@type\":\"WebSite\",\"@id\":\"https:\/\/kawasakirobotics.com\/br\/#website\",\"url\":\"https:\/\/kawasakirobotics.com\/br\/\",\"name\":\"Kawasaki Robotics\",\"description\":\"\",\"publisher\":{\"@id\":\"https:\/\/kawasakirobotics.com\/br\/#organization\"},\"potentialAction\":[{\"@type\":\"SearchAction\",\"target\":{\"@type\":\"EntryPoint\",\"urlTemplate\":\"https:\/\/kawasakirobotics.com\/br\/?s={search_term_string}\"},\"query-input\":{\"@type\":\"PropertyValueSpecification\",\"valueRequired\":true,\"valueName\":\"search_term_string\"}}],\"inLanguage\":\"pt-BR\"},{\"@type\":\"Organization\",\"@id\":\"https:\/\/kawasakirobotics.com\/br\/#organization\",\"name\":\"\u5ddd\u5d0e\u91cd\u5de5\u696d\u30ed\u30dc\u30c3\u30c8\u30c7\u30a3\u30d3\u30b8\u30e7\u30f3\",\"url\":\"https:\/\/kawasakirobotics.com\/br\/\",\"logo\":{\"@type\":\"ImageObject\",\"inLanguage\":\"pt-BR\",\"@id\":\"https:\/\/kawasakirobotics.com\/br\/#\/schema\/logo\/image\/\",\"url\":\"\",\"contentUrl\":\"\",\"caption\":\"\u5ddd\u5d0e\u91cd\u5de5\u696d\u30ed\u30dc\u30c3\u30c8\u30c7\u30a3\u30d3\u30b8\u30e7\u30f3\"},\"image\":{\"@id\":\"https:\/\/kawasakirobotics.com\/br\/#\/schema\/logo\/image\/\"},\"sameAs\":[\"https:\/\/www.facebook.com\/Kawasaki-Robotics-264043869602\",\"https:\/\/x.com\/kawasakirobot\",\"https:\/\/www.youtube.com\/user\/KawasakiRobots?sub_confirmation=1\",\"https:\/\/www.linkedin.com\/company\/kawasaki-robotics\"]}]}<\/script>\n<!-- \/ Yoast SEO plugin. -->","yoast_head_json":{"title":"Parceiros | Industrial Robots by Kawasaki Robotics","description":"Explore os nossos Integradores Preferenciais (SIer) que oferecem suporte para a implementa\u00e7\u00e3o do Rob\u00f4 Kawasaki e a plataforma K-AddOn para integra\u00e7\u00e3o de equipamentos.","robots":{"index":"index","follow":"follow","max-snippet":"max-snippet:-1","max-image-preview":"max-image-preview:large","max-video-preview":"max-video-preview:-1"},"canonical":"https:\/\/kawasakirobotics.com\/br\/partner\/","og_locale":"pt_BR","og_type":"article","og_title":"Parceiros | Industrial Robots by Kawasaki Robotics","og_description":"Explore os nossos Integradores Preferenciais (SIer) que oferecem suporte para a implementa\u00e7\u00e3o do Rob\u00f4 Kawasaki e a plataforma K-AddOn para integra\u00e7\u00e3o de equipamentos.","og_url":"https:\/\/kawasakirobotics.com\/br\/partner\/","og_site_name":"Kawasaki Robotics","article_publisher":"https:\/\/www.facebook.com\/Kawasaki-Robotics-264043869602","article_modified_time":"2025-03-03T09:20:34+00:00","og_image":[{"url":"https:\/\/kawasakirobotics.com\/content\/themes\/krobot-theme\/src\/images\/default\/ogp.jpg","width":"1200","height":"630","type":"image\/jpeg"}],"twitter_card":"summary_large_image","twitter_site":"@kawasakirobot","schema":{"@context":"https:\/\/schema.org","@graph":[{"@type":"WebPage","@id":"https:\/\/kawasakirobotics.com\/br\/partner\/","url":"https:\/\/kawasakirobotics.com\/br\/partner\/","name":"Parceiros | Industrial Robots by Kawasaki Robotics","isPartOf":{"@id":"https:\/\/kawasakirobotics.com\/br\/#website"},"primaryImageOfPage":{"@id":"https:\/\/kawasakirobotics.com\/br\/partner\/#primaryimage"},"image":{"@id":"https:\/\/kawasakirobotics.com\/br\/partner\/#primaryimage"},"thumbnailUrl":"https:\/\/kawasakirobotics.com\/tachyon\/sites\/2\/2022\/01\/title-background-A1760261.jpg?fit=2160%2C360","datePublished":"2022-01-19T23:01:43+00:00","dateModified":"2025-03-03T09:20:34+00:00","description":"Explore os nossos Integradores Preferenciais (SIer) que oferecem suporte para a implementa\u00e7\u00e3o do Rob\u00f4 Kawasaki e a plataforma K-AddOn para integra\u00e7\u00e3o de equipamentos.","breadcrumb":{"@id":"https:\/\/kawasakirobotics.com\/br\/partner\/#breadcrumb"},"inLanguage":"pt-BR","potentialAction":[{"@type":"ReadAction","target":["https:\/\/kawasakirobotics.com\/br\/partner\/"]}]},{"@type":"ImageObject","inLanguage":"pt-BR","@id":"https:\/\/kawasakirobotics.com\/br\/partner\/#primaryimage","url":"https:\/\/kawasakirobotics.com\/tachyon\/sites\/2\/2022\/01\/title-background-A1760261.jpg?fit=2160%2C360","contentUrl":"https:\/\/kawasakirobotics.com\/tachyon\/sites\/2\/2022\/01\/title-background-A1760261.jpg?fit=2160%2C360","width":2160,"height":360,"caption":"Partners13"},{"@type":"BreadcrumbList","@id":"https:\/\/kawasakirobotics.com\/br\/partner\/#breadcrumb","itemListElement":[{"@type":"ListItem","position":1,"name":"In\u00edcio","item":"https:\/\/kawasakirobotics.com\/br\/"},{"@type":"ListItem","position":2,"name":"Parceiros"}]},{"@type":"WebSite","@id":"https:\/\/kawasakirobotics.com\/br\/#website","url":"https:\/\/kawasakirobotics.com\/br\/","name":"Kawasaki Robotics","description":"","publisher":{"@id":"https:\/\/kawasakirobotics.com\/br\/#organization"},"potentialAction":[{"@type":"SearchAction","target":{"@type":"EntryPoint","urlTemplate":"https:\/\/kawasakirobotics.com\/br\/?s={search_term_string}"},"query-input":{"@type":"PropertyValueSpecification","valueRequired":true,"valueName":"search_term_string"}}],"inLanguage":"pt-BR"},{"@type":"Organization","@id":"https:\/\/kawasakirobotics.com\/br\/#organization","name":"\u5ddd\u5d0e\u91cd\u5de5\u696d\u30ed\u30dc\u30c3\u30c8\u30c7\u30a3\u30d3\u30b8\u30e7\u30f3","url":"https:\/\/kawasakirobotics.com\/br\/","logo":{"@type":"ImageObject","inLanguage":"pt-BR","@id":"https:\/\/kawasakirobotics.com\/br\/#\/schema\/logo\/image\/","url":"","contentUrl":"","caption":"\u5ddd\u5d0e\u91cd\u5de5\u696d\u30ed\u30dc\u30c3\u30c8\u30c7\u30a3\u30d3\u30b8\u30e7\u30f3"},"image":{"@id":"https:\/\/kawasakirobotics.com\/br\/#\/schema\/logo\/image\/"},"sameAs":["https:\/\/www.facebook.com\/Kawasaki-Robotics-264043869602","https:\/\/x.com\/kawasakirobot","https:\/\/www.youtube.com\/user\/KawasakiRobots?sub_confirmation=1","https:\/\/www.linkedin.com\/company\/kawasaki-robotics"]}]}},"_links":{"self":[{"href":"https:\/\/kawasakirobotics.com\/br\/wp-json\/wp\/v2\/pages\/60","targetHints":{"allow":["GET"]}}],"collection":[{"href":"https:\/\/kawasakirobotics.com\/br\/wp-json\/wp\/v2\/pages"}],"about":[{"href":"https:\/\/kawasakirobotics.com\/br\/wp-json\/wp\/v2\/types\/page"}],"author":[{"embeddable":true,"href":"https:\/\/kawasakirobotics.com\/br\/wp-json\/wp\/v2\/users\/9"}],"replies":[{"embeddable":true,"href":"https:\/\/kawasakirobotics.com\/br\/wp-json\/wp\/v2\/comments?post=60"}],"version-history":[{"count":8,"href":"https:\/\/kawasakirobotics.com\/br\/wp-json\/wp\/v2\/pages\/60\/revisions"}],"predecessor-version":[{"id":8483,"href":"https:\/\/kawasakirobotics.com\/br\/wp-json\/wp\/v2\/pages\/60\/revisions\/8483"}],"wp:featuredmedia":[{"embeddable":true,"href":"https:\/\/kawasakirobotics.com\/br\/wp-json\/wp\/v2\/media\/931"}],"wp:attachment":[{"href":"https:\/\/kawasakirobotics.com\/br\/wp-json\/wp\/v2\/media?parent=60"}],"curies":[{"name":"wp","href":"https:\/\/api.w.org\/{rel}","templated":true}]}}