{"id":66,"date":"2022-01-19T18:03:38","date_gmt":"2022-01-19T23:03:38","guid":{"rendered":"urn:uuid:b3ba1a24-3436-4a59-ba2e-102be34c8555"},"modified":"2025-03-03T06:19:18","modified_gmt":"2025-03-03T09:19:18","slug":"k-addon-join","status":"publish","type":"page","link":"https:\/\/kawasakirobotics.com\/br\/k-addon-join\/","title":{"rendered":"Junte-se \u00e0 K-AddOn"},"content":{"rendered":"\n<h2 class=\"wp-block-heading\">O que \u00e9 o K-AddOn?<\/h2>\n\n\n\n<p class=\"has-text-align-left\">O K-AddOn serve como uma plataforma para os fabricantes de equipamentos perif\u00e9ricos expandirem o seu canal de vendas, aumentarem a visibilidade do produto e desenvolverem produtos com a Kawasaki Robotics, disponibilizando solu\u00e7\u00f5es validadas de equipamentos perif\u00e9ricos a integradores rob\u00f3ticos e utilizadores finais atrav\u00e9s do clique de um bot\u00e3o.<\/p>\n\n\n\n<figure class=\"wp-block-image aligncenter size-large\"><img loading=\"lazy\" decoding=\"async\" width=\"800\" height=\"470\" src=\"https:\/\/kawasakirobotics.com\/tachyon\/2022\/03\/K-AddOn_merit_en.png\" alt=\"K-AddOn Join11\" class=\"wp-image-4829\" srcset=\"https:\/\/kawasakirobotics.com\/tachyon\/sites\/39\/2022\/03\/K-AddOn_merit_en.png?resize=800%2C470&amp;zoom=1 800w, https:\/\/kawasakirobotics.com\/tachyon\/sites\/39\/2022\/03\/K-AddOn_merit_en.png?resize=800%2C470&amp;zoom=0.5 400w, https:\/\/kawasakirobotics.com\/tachyon\/sites\/39\/2022\/03\/K-AddOn_merit_en.png?resize=800%2C470&amp;zoom=0.25 200w\" sizes=\"auto, (max-width: 800px) 100vw, 800px\" \/><\/figure>\n\n\n\n<h2 class=\"wp-block-heading\">Vantagens de se tornar um parceiro K-AddOn da Kawasaki Robotics<\/h2>\n\n\n\n<div class=\"wp-block-columns are-vertically-aligned-top is-layout-flex wp-container-core-columns-is-layout-28f84493 wp-block-columns-is-layout-flex\">\n<div class=\"wp-block-column is-vertically-aligned-top is-layout-flow wp-block-column-is-layout-flow\">\n<h3 class=\"wp-block-heading\">Aumentar a visibilidade da empresa e do produto<\/h3>\n<\/div>\n\n\n\n<div class=\"wp-block-column is-vertically-aligned-top is-layout-flow wp-block-column-is-layout-flow\">\n<ul class=\"wp-block-list\">\n<li>Apresentar solu\u00e7\u00f5es conjuntas de produtos \/ aplica\u00e7\u00f5es<\/li>\n\n\n\n<li>Promover a certifica\u00e7\u00e3o, solu\u00e7\u00f5es e parceria K-AddOn<\/li>\n<\/ul>\n<\/div>\n<\/div>\n\n\n\n<div class=\"wp-block-columns are-vertically-aligned-top is-layout-flex wp-container-core-columns-is-layout-28f84493 wp-block-columns-is-layout-flex\">\n<div class=\"wp-block-column is-vertically-aligned-top is-layout-flow wp-block-column-is-layout-flow\">\n<h3 class=\"wp-block-heading\">Expandir os seus canais de vendas<\/h3>\n<\/div>\n\n\n\n<div class=\"wp-block-column is-vertically-aligned-top is-layout-flow wp-block-column-is-layout-flow\">\n<ul class=\"wp-block-list\">\n<li>Gera\u00e7\u00e3o de contactos<\/li>\n\n\n\n<li>Alinhar as actividades de vendas<\/li>\n<\/ul>\n<\/div>\n<\/div>\n\n\n\n<div class=\"wp-block-columns are-vertically-aligned-top is-layout-flex wp-container-core-columns-is-layout-28f84493 wp-block-columns-is-layout-flex\">\n<div class=\"wp-block-column is-vertically-aligned-top is-layout-flow wp-block-column-is-layout-flow\">\n<h3 class=\"wp-block-heading\">Receber apoio ao desenvolvimento de produtos<\/h3>\n<\/div>\n\n\n\n<div class=\"wp-block-column is-vertically-aligned-top is-layout-flow wp-block-column-is-layout-flow\">\n<ul class=\"wp-block-list\">\n<li>Divulgar informa\u00e7\u00f5es sobre a interface rob\u00f3tica<\/li>\n\n\n\n<li>Responder a pedidos de informa\u00e7\u00e3o<\/li>\n<\/ul>\n<\/div>\n<\/div>\n\n\n\n<p>* Prestamos apoio personalizado nas \u00e1reas acima indicadas de acordo com as necessidades de cada fabricante de equipamentos.<br>N\u00e3o existem restri\u00e7\u00f5es para a venda e distribui\u00e7\u00e3o de produtos.<\/p>\n\n\n\n<div style=\"height:50px\" aria-hidden=\"true\" class=\"wp-block-spacer\"><\/div>\n\n\n\n<h2 class=\"wp-block-heading\">Passos para ser registado como um produto K-AddOn<\/h2>\n\n\n\n<h5 class=\"wp-block-heading\"> Passo 1\uff1a<\/h5>\n\n\n\n<p>Reveja as informa\u00e7\u00f5es de interface divulgadas dos rob\u00f4s Kawasaki para compatibilidade de equipamentos.<\/p>\n\n\n\n<h5 class=\"wp-block-heading\">Passo 2\uff1a<\/h5>\n\n\n\n<p>Inscreva-se clicando no bot\u00e3o &#8220;Join K-AddOn&#8221; abaixo, ap\u00f3s o qual um representante da Kawasaki entrar\u00e1 em contato.<\/p>\n\n\n\n<h5 class=\"wp-block-heading\">Passo3\uff1a<\/h5>\n\n\n\n<p>Informa\u00e7\u00f5es detalhadas sobre o registro e o programa K-AddOn ser\u00e3o fornecidas durante uma reuni\u00e3o na web.<\/p>\n\n\n\n<h5 class=\"wp-block-heading\">Passo4\uff1a<\/h5>\n\n\n\n<p>Avalie a conetividade e compatibilidade do seu produto com base nos detalhes da interface fornecidos pela Kawasaki.<\/p>\n\n\n\n<h5 class=\"wp-block-heading\">Passo5\uff1a<\/h5>\n\n\n\n<p>Ap\u00f3s &lt;Step4&gt;, ambos os lados verificar\u00e3o a compatibilidade, seguida de testes de conex\u00e3o no fabricante do produto\/equipamento.<\/p>\n\n\n\n<h5 class=\"wp-block-heading\">Passo6\uff1a<\/h5>\n\n\n\n<p>A Kawasaki realiza uma avalia\u00e7\u00e3o para certifica\u00e7\u00e3o de compatibilidade.<\/p>\n\n\n\n<h5 class=\"wp-block-heading\">Passo 7\uff1a<\/h5>\n\n\n\n<p>Tornar-se um parceiro certificado K-AddON<\/p>\n\n\n\n<h5 class=\"wp-block-heading\">Passo8\uff1a<\/h5>\n\n\n\n<p>O seu produto \u00e9 listado no nosso website.<\/p>\n\n\n\n<div style=\"height:50px\" aria-hidden=\"true\" class=\"wp-block-spacer\"><\/div>\n\n\n\n<h2 class=\"wp-block-heading\">Informa\u00e7\u00f5es sobre a interface do rob\u00f4 Kawasaki<\/h2>\n\n\n\n<p>Fornecemos detalhes sobre as interfaces dos rob\u00f4s Kawasaki.<br>Por favor, clique no link abaixo para encontrar as informa\u00e7\u00f5es que voc\u00ea precisa.<\/p>\n\n\n\n<div class=\"wp-block-columns is-layout-flex wp-container-core-columns-is-layout-28f84493 wp-block-columns-is-layout-flex\">\n<div class=\"wp-block-column is-vertically-aligned-bottom is-layout-flow wp-block-column-is-layout-flow\">\n<figure class=\"wp-block-image size-full\"><a href=\"https:\/\/kawasakirobotics.com\/br\/robots-category\/small-medium-payloads\/\" target=\"_blank\" rel=\"noopener\"><img loading=\"lazy\" decoding=\"async\" width=\"200\" height=\"120\" src=\"https:\/\/kawasakirobotics.com\/tachyon\/sites\/3\/2022\/02\/k-addon_2.png\" alt=\"K-AddOn Join03\" class=\"wp-image-1825\" \/><\/a><figcaption class=\"wp-element-caption\">S\u00e9rie RS<\/figcaption><\/figure>\n\n\n\n<figure class=\"wp-block-image size-large\"><a href=\"https:\/\/kawasakirobotics.com\/robots-category\/small-medium-payloads\/\" target=\"_blank\" rel=\"noopener\"><img decoding=\"async\" src=\"https:\/\/kawasakirobotics.com\/tachyon\/sites\/4\/2022\/02\/K-AddOn_IFbanner_en.png\" alt=\"\" class=\"wp-image-3406\" \/><\/a><\/figure>\n<\/div>\n\n\n\n<div class=\"wp-block-column is-vertically-aligned-bottom is-layout-flow wp-block-column-is-layout-flow\">\n<figure class=\"wp-block-image size-full\"><a href=\"https:\/\/kawasakirobotics.com\/br\/controllers-category\/e-controllers\/\" target=\"_blank\" rel=\"noopener\"><img loading=\"lazy\" decoding=\"async\" width=\"200\" height=\"104\" src=\"https:\/\/kawasakirobotics.com\/tachyon\/sites\/3\/2022\/02\/k-addon_3.png\" alt=\"K-AddOn Join04\" class=\"wp-image-1826\" \/><\/a><figcaption class=\"wp-element-caption\">Controladores E<\/figcaption><\/figure>\n\n\n\n<figure class=\"wp-block-image size-large\"><a href=\"https:\/\/kawasakirobotics.com\/controllers-category\/e-controllers\/\" target=\"_blank\" rel=\"noopener\"><img decoding=\"async\" src=\"https:\/\/kawasakirobotics.com\/tachyon\/sites\/4\/2022\/02\/K-AddOn_IFbanner_en.png\" alt=\"\" class=\"wp-image-3406\" \/><\/a><\/figure>\n<\/div>\n\n\n\n<div class=\"wp-block-column is-vertically-aligned-bottom is-layout-flow wp-block-column-is-layout-flow\">\n<figure class=\"wp-block-image size-full\"><a href=\"https:\/\/kawasakirobotics.com\/br\/products-controllers\/f60\/\" target=\"_blank\" rel=\"noopener\"><img loading=\"lazy\" decoding=\"async\" width=\"200\" height=\"104\" src=\"https:\/\/kawasakirobotics.com\/tachyon\/sites\/3\/2022\/02\/k-addon_4.png\" alt=\"K-AddOn Join05\" class=\"wp-image-1827\" \/><\/a><figcaption class=\"wp-element-caption\">Controlador F60<\/figcaption><\/figure>\n\n\n\n<figure class=\"wp-block-image size-large\"><a href=\"https:\/\/kawasakirobotics.com\/products-controllers\/f60\/\" target=\"_blank\" rel=\"noopener\"><img decoding=\"async\" src=\"https:\/\/kawasakirobotics.com\/tachyon\/sites\/4\/2022\/02\/K-AddOn_IFbanner_en.png\" alt=\"\" class=\"wp-image-3406\" \/><\/a><\/figure>\n<\/div>\n\n\n\n<div class=\"wp-block-column is-vertically-aligned-bottom is-layout-flow wp-block-column-is-layout-flow\">\n<figure class=\"wp-block-image size-full\"><a href=\"https:\/\/kawasakirobotics.com\/br\/robots-category\/dual-arm-scara\/\" target=\"_blank\" rel=\"noopener\"><img loading=\"lazy\" decoding=\"async\" width=\"200\" height=\"124\" src=\"https:\/\/kawasakirobotics.com\/tachyon\/sites\/3\/2022\/02\/k-addon_5.png\" alt=\"K-AddOn Join06\" class=\"wp-image-1828\" \/><\/a><figcaption class=\"wp-element-caption\">duAro1\/2<br>(controlador F61)<\/figcaption><\/figure>\n\n\n\n<figure class=\"wp-block-image size-large\"><a href=\"https:\/\/kawasakirobotics.com\/robots-category\/dual-arm-scara\/\" target=\"_blank\" rel=\"noopener\"><img decoding=\"async\" src=\"https:\/\/kawasakirobotics.com\/tachyon\/sites\/4\/2022\/02\/K-AddOn_IFbanner_en.png\" alt=\"\" class=\"wp-image-3406\" \/><\/a><\/figure>\n<\/div>\n<\/div>\n\n\n\n<div style=\"height:50px\" aria-hidden=\"true\" class=\"wp-block-spacer\"><\/div>\n\n\n\n<div class=\"wp-block-group alignwide krobot-pattern-partner-link is-layout-flow wp-block-group-is-layout-flow\">\n<div class=\"wp-block-columns krobot-pattern-partner-link__inner is-layout-flex wp-container-core-columns-is-layout-28f84493 wp-block-columns-is-layout-flex\">\n<div class=\"wp-block-column is-layout-flow wp-block-column-is-layout-flow\">\n<h1 class=\"wp-block-heading\">Junte-se \u00e0 rede de parceiros K-AddOn<\/h1>\n\n\n\n<p>Inicie hoje o processo de candidatura e torne-se um parceiro K-AddOn<\/p>\n<\/div>\n\n\n\n<div class=\"wp-block-column is-layout-flow wp-block-column-is-layout-flow\">\n<div class=\"wp-block-buttons krobot-pattern-partner-link__link is-layout-flex wp-block-buttons-is-layout-flex\">\n<div class=\"wp-block-button\"><a class=\"wp-block-button__link wp-element-button\" href=\"https:\/\/kawasaki-corporate.spiral-site.com\/K_AddOn_asia\">Junte-se \u00e0 K-AddOn<\/a><\/div>\n<\/div>\n<\/div>\n<\/div>\n<\/div>\n","protected":false},"excerpt":{"rendered":"<p>O que \u00e9 o K-AddOn? O K-AddOn serve como uma plataforma para os fabricantes de equipamentos perif\u00e9ricos expandirem o seu canal de vendas, aumentarem a visibilidade do produto e desenvolverem produtos com a Kawasaki Robotics, disponibilizando solu\u00e7\u00f5es validadas de equipamentos perif\u00e9ricos a integradores rob\u00f3ticos e utilizadores finais atrav\u00e9s do clique de um bot\u00e3o. Vantagens de se tornar um Parceiro Kawasaki Robotics K-AddOn Aumentar a visibilidade da empresa e do produto Apresentar solu\u00e7\u00f5es conjuntas de produtos\/aplica\u00e7\u00f5es Promover a certifica\u00e7\u00e3o, solu\u00e7\u00f5es e parceria K-AddOn Expandir os seus canais de vendas Gera\u00e7\u00e3o de leads Alinhar as actividades de vendas Receber apoio ao desenvolvimento de produtos Divulgar informa\u00e7\u00f5es sobre interfaces rob\u00f3ticas Responder a inqu\u00e9ritos * Prestamos apoio personalizado nas \u00e1reas acima indicadas de acordo com cada equipamento [&hellip;]<\/p>\n","protected":false},"author":9,"featured_media":982,"parent":0,"menu_order":26,"comment_status":"closed","ping_status":"closed","template":"page-templates\/custom-title-with-background.php","meta":{"ep_exclude_from_search":false,"footnotes":""},"class_list":["post-66","page","type-page","status-publish","has-post-thumbnail","hentry"],"yoast_head":"<!-- This site is optimized with the Yoast SEO plugin v25.9 - https:\/\/yoast.com\/wordpress\/plugins\/seo\/ -->\n<title>Junte-se \u00e0 K-AddOn | Industrial Robots by Kawasaki Robotics<\/title>\n<meta name=\"description\" content=\"Aumente a visibilidade do produto com o K-AddOn! Torne-se um parceiro e ofere\u00e7a solu\u00e7\u00f5es de equipamento f\u00e1ceis de utilizar a integradores rob\u00f3ticos e utilizadores finais.\" \/>\n<meta name=\"robots\" content=\"index, follow, max-snippet:-1, max-image-preview:large, max-video-preview:-1\" \/>\n<link rel=\"canonical\" href=\"https:\/\/kawasakirobotics.com\/br\/k-addon-join\/\" \/>\n<meta property=\"og:locale\" content=\"pt_BR\" \/>\n<meta property=\"og:type\" content=\"article\" \/>\n<meta property=\"og:title\" content=\"Junte-se \u00e0 K-AddOn | Industrial Robots by Kawasaki Robotics\" \/>\n<meta property=\"og:description\" content=\"Aumente a visibilidade do produto com o K-AddOn! Torne-se um parceiro e ofere\u00e7a solu\u00e7\u00f5es de equipamento f\u00e1ceis de utilizar a integradores rob\u00f3ticos e utilizadores finais.\" \/>\n<meta property=\"og:url\" content=\"https:\/\/kawasakirobotics.com\/br\/k-addon-join\/\" \/>\n<meta property=\"og:site_name\" content=\"Kawasaki Robotics\" \/>\n<meta property=\"article:publisher\" content=\"https:\/\/www.facebook.com\/Kawasaki-Robotics-264043869602\" \/>\n<meta property=\"article:modified_time\" content=\"2025-03-03T09:19:18+00:00\" \/>\n<meta property=\"og:image\" content=\"https:\/\/kawasakirobotics.com\/content\/themes\/krobot-theme\/src\/images\/default\/ogp.jpg\" \/>\n\t<meta property=\"og:image:width\" content=\"1200\" \/>\n\t<meta property=\"og:image:height\" content=\"630\" \/>\n\t<meta property=\"og:image:type\" content=\"image\/jpeg\" \/>\n<meta name=\"twitter:card\" content=\"summary_large_image\" \/>\n<meta name=\"twitter:site\" content=\"@kawasakirobot\" \/>\n<script type=\"application\/ld+json\" class=\"yoast-schema-graph\">{\"@context\":\"https:\/\/schema.org\",\"@graph\":[{\"@type\":\"WebPage\",\"@id\":\"https:\/\/kawasakirobotics.com\/br\/k-addon-join\/\",\"url\":\"https:\/\/kawasakirobotics.com\/br\/k-addon-join\/\",\"name\":\"Junte-se \u00e0 K-AddOn | Industrial Robots by Kawasaki Robotics\",\"isPartOf\":{\"@id\":\"https:\/\/kawasakirobotics.com\/br\/#website\"},\"primaryImageOfPage\":{\"@id\":\"https:\/\/kawasakirobotics.com\/br\/k-addon-join\/#primaryimage\"},\"image\":{\"@id\":\"https:\/\/kawasakirobotics.com\/br\/k-addon-join\/#primaryimage\"},\"thumbnailUrl\":\"https:\/\/kawasakirobotics.com\/tachyon\/sites\/2\/2022\/01\/title-background-A1760316.jpg?fit=2160%2C360\",\"datePublished\":\"2022-01-19T23:03:38+00:00\",\"dateModified\":\"2025-03-03T09:19:18+00:00\",\"description\":\"Aumente a visibilidade do produto com o K-AddOn! Torne-se um parceiro e ofere\u00e7a solu\u00e7\u00f5es de equipamento f\u00e1ceis de utilizar a integradores rob\u00f3ticos e utilizadores finais.\",\"breadcrumb\":{\"@id\":\"https:\/\/kawasakirobotics.com\/br\/k-addon-join\/#breadcrumb\"},\"inLanguage\":\"pt-BR\",\"potentialAction\":[{\"@type\":\"ReadAction\",\"target\":[\"https:\/\/kawasakirobotics.com\/br\/k-addon-join\/\"]}]},{\"@type\":\"ImageObject\",\"inLanguage\":\"pt-BR\",\"@id\":\"https:\/\/kawasakirobotics.com\/br\/k-addon-join\/#primaryimage\",\"url\":\"https:\/\/kawasakirobotics.com\/tachyon\/sites\/2\/2022\/01\/title-background-A1760316.jpg?fit=2160%2C360\",\"contentUrl\":\"https:\/\/kawasakirobotics.com\/tachyon\/sites\/2\/2022\/01\/title-background-A1760316.jpg?fit=2160%2C360\",\"width\":2160,\"height\":360,\"caption\":\"K-AddOn Join12\"},{\"@type\":\"BreadcrumbList\",\"@id\":\"https:\/\/kawasakirobotics.com\/br\/k-addon-join\/#breadcrumb\",\"itemListElement\":[{\"@type\":\"ListItem\",\"position\":1,\"name\":\"In\u00edcio\",\"item\":\"https:\/\/kawasakirobotics.com\/br\/\"},{\"@type\":\"ListItem\",\"position\":2,\"name\":\"Junte-se \u00e0 K-AddOn\"}]},{\"@type\":\"WebSite\",\"@id\":\"https:\/\/kawasakirobotics.com\/br\/#website\",\"url\":\"https:\/\/kawasakirobotics.com\/br\/\",\"name\":\"Kawasaki Robotics\",\"description\":\"\",\"publisher\":{\"@id\":\"https:\/\/kawasakirobotics.com\/br\/#organization\"},\"potentialAction\":[{\"@type\":\"SearchAction\",\"target\":{\"@type\":\"EntryPoint\",\"urlTemplate\":\"https:\/\/kawasakirobotics.com\/br\/?s={search_term_string}\"},\"query-input\":{\"@type\":\"PropertyValueSpecification\",\"valueRequired\":true,\"valueName\":\"search_term_string\"}}],\"inLanguage\":\"pt-BR\"},{\"@type\":\"Organization\",\"@id\":\"https:\/\/kawasakirobotics.com\/br\/#organization\",\"name\":\"\u5ddd\u5d0e\u91cd\u5de5\u696d\u30ed\u30dc\u30c3\u30c8\u30c7\u30a3\u30d3\u30b8\u30e7\u30f3\",\"url\":\"https:\/\/kawasakirobotics.com\/br\/\",\"logo\":{\"@type\":\"ImageObject\",\"inLanguage\":\"pt-BR\",\"@id\":\"https:\/\/kawasakirobotics.com\/br\/#\/schema\/logo\/image\/\",\"url\":\"\",\"contentUrl\":\"\",\"caption\":\"\u5ddd\u5d0e\u91cd\u5de5\u696d\u30ed\u30dc\u30c3\u30c8\u30c7\u30a3\u30d3\u30b8\u30e7\u30f3\"},\"image\":{\"@id\":\"https:\/\/kawasakirobotics.com\/br\/#\/schema\/logo\/image\/\"},\"sameAs\":[\"https:\/\/www.facebook.com\/Kawasaki-Robotics-264043869602\",\"https:\/\/x.com\/kawasakirobot\",\"https:\/\/www.youtube.com\/user\/KawasakiRobots?sub_confirmation=1\",\"https:\/\/www.linkedin.com\/company\/kawasaki-robotics\"]}]}<\/script>\n<!-- \/ Yoast SEO plugin. -->","yoast_head_json":{"title":"Junte-se \u00e0 K-AddOn | Industrial Robots by Kawasaki Robotics","description":"Aumente a visibilidade do produto com o K-AddOn! Torne-se um parceiro e ofere\u00e7a solu\u00e7\u00f5es de equipamento f\u00e1ceis de utilizar a integradores rob\u00f3ticos e utilizadores finais.","robots":{"index":"index","follow":"follow","max-snippet":"max-snippet:-1","max-image-preview":"max-image-preview:large","max-video-preview":"max-video-preview:-1"},"canonical":"https:\/\/kawasakirobotics.com\/br\/k-addon-join\/","og_locale":"pt_BR","og_type":"article","og_title":"Junte-se \u00e0 K-AddOn | Industrial Robots by Kawasaki Robotics","og_description":"Aumente a visibilidade do produto com o K-AddOn! Torne-se um parceiro e ofere\u00e7a solu\u00e7\u00f5es de equipamento f\u00e1ceis de utilizar a integradores rob\u00f3ticos e utilizadores finais.","og_url":"https:\/\/kawasakirobotics.com\/br\/k-addon-join\/","og_site_name":"Kawasaki Robotics","article_publisher":"https:\/\/www.facebook.com\/Kawasaki-Robotics-264043869602","article_modified_time":"2025-03-03T09:19:18+00:00","og_image":[{"url":"https:\/\/kawasakirobotics.com\/content\/themes\/krobot-theme\/src\/images\/default\/ogp.jpg","width":"1200","height":"630","type":"image\/jpeg"}],"twitter_card":"summary_large_image","twitter_site":"@kawasakirobot","schema":{"@context":"https:\/\/schema.org","@graph":[{"@type":"WebPage","@id":"https:\/\/kawasakirobotics.com\/br\/k-addon-join\/","url":"https:\/\/kawasakirobotics.com\/br\/k-addon-join\/","name":"Junte-se \u00e0 K-AddOn | Industrial Robots by Kawasaki Robotics","isPartOf":{"@id":"https:\/\/kawasakirobotics.com\/br\/#website"},"primaryImageOfPage":{"@id":"https:\/\/kawasakirobotics.com\/br\/k-addon-join\/#primaryimage"},"image":{"@id":"https:\/\/kawasakirobotics.com\/br\/k-addon-join\/#primaryimage"},"thumbnailUrl":"https:\/\/kawasakirobotics.com\/tachyon\/sites\/2\/2022\/01\/title-background-A1760316.jpg?fit=2160%2C360","datePublished":"2022-01-19T23:03:38+00:00","dateModified":"2025-03-03T09:19:18+00:00","description":"Aumente a visibilidade do produto com o K-AddOn! Torne-se um parceiro e ofere\u00e7a solu\u00e7\u00f5es de equipamento f\u00e1ceis de utilizar a integradores rob\u00f3ticos e utilizadores finais.","breadcrumb":{"@id":"https:\/\/kawasakirobotics.com\/br\/k-addon-join\/#breadcrumb"},"inLanguage":"pt-BR","potentialAction":[{"@type":"ReadAction","target":["https:\/\/kawasakirobotics.com\/br\/k-addon-join\/"]}]},{"@type":"ImageObject","inLanguage":"pt-BR","@id":"https:\/\/kawasakirobotics.com\/br\/k-addon-join\/#primaryimage","url":"https:\/\/kawasakirobotics.com\/tachyon\/sites\/2\/2022\/01\/title-background-A1760316.jpg?fit=2160%2C360","contentUrl":"https:\/\/kawasakirobotics.com\/tachyon\/sites\/2\/2022\/01\/title-background-A1760316.jpg?fit=2160%2C360","width":2160,"height":360,"caption":"K-AddOn Join12"},{"@type":"BreadcrumbList","@id":"https:\/\/kawasakirobotics.com\/br\/k-addon-join\/#breadcrumb","itemListElement":[{"@type":"ListItem","position":1,"name":"In\u00edcio","item":"https:\/\/kawasakirobotics.com\/br\/"},{"@type":"ListItem","position":2,"name":"Junte-se \u00e0 K-AddOn"}]},{"@type":"WebSite","@id":"https:\/\/kawasakirobotics.com\/br\/#website","url":"https:\/\/kawasakirobotics.com\/br\/","name":"Kawasaki Robotics","description":"","publisher":{"@id":"https:\/\/kawasakirobotics.com\/br\/#organization"},"potentialAction":[{"@type":"SearchAction","target":{"@type":"EntryPoint","urlTemplate":"https:\/\/kawasakirobotics.com\/br\/?s={search_term_string}"},"query-input":{"@type":"PropertyValueSpecification","valueRequired":true,"valueName":"search_term_string"}}],"inLanguage":"pt-BR"},{"@type":"Organization","@id":"https:\/\/kawasakirobotics.com\/br\/#organization","name":"\u5ddd\u5d0e\u91cd\u5de5\u696d\u30ed\u30dc\u30c3\u30c8\u30c7\u30a3\u30d3\u30b8\u30e7\u30f3","url":"https:\/\/kawasakirobotics.com\/br\/","logo":{"@type":"ImageObject","inLanguage":"pt-BR","@id":"https:\/\/kawasakirobotics.com\/br\/#\/schema\/logo\/image\/","url":"","contentUrl":"","caption":"\u5ddd\u5d0e\u91cd\u5de5\u696d\u30ed\u30dc\u30c3\u30c8\u30c7\u30a3\u30d3\u30b8\u30e7\u30f3"},"image":{"@id":"https:\/\/kawasakirobotics.com\/br\/#\/schema\/logo\/image\/"},"sameAs":["https:\/\/www.facebook.com\/Kawasaki-Robotics-264043869602","https:\/\/x.com\/kawasakirobot","https:\/\/www.youtube.com\/user\/KawasakiRobots?sub_confirmation=1","https:\/\/www.linkedin.com\/company\/kawasaki-robotics"]}]}},"_links":{"self":[{"href":"https:\/\/kawasakirobotics.com\/br\/wp-json\/wp\/v2\/pages\/66","targetHints":{"allow":["GET"]}}],"collection":[{"href":"https:\/\/kawasakirobotics.com\/br\/wp-json\/wp\/v2\/pages"}],"about":[{"href":"https:\/\/kawasakirobotics.com\/br\/wp-json\/wp\/v2\/types\/page"}],"author":[{"embeddable":true,"href":"https:\/\/kawasakirobotics.com\/br\/wp-json\/wp\/v2\/users\/9"}],"replies":[{"embeddable":true,"href":"https:\/\/kawasakirobotics.com\/br\/wp-json\/wp\/v2\/comments?post=66"}],"version-history":[{"count":16,"href":"https:\/\/kawasakirobotics.com\/br\/wp-json\/wp\/v2\/pages\/66\/revisions"}],"predecessor-version":[{"id":9143,"href":"https:\/\/kawasakirobotics.com\/br\/wp-json\/wp\/v2\/pages\/66\/revisions\/9143"}],"wp:featuredmedia":[{"embeddable":true,"href":"https:\/\/kawasakirobotics.com\/br\/wp-json\/wp\/v2\/media\/982"}],"wp:attachment":[{"href":"https:\/\/kawasakirobotics.com\/br\/wp-json\/wp\/v2\/media?parent=66"}],"curies":[{"name":"wp","href":"https:\/\/api.w.org\/{rel}","templated":true}]}}