{"id":853,"date":"2022-01-28T13:11:18","date_gmt":"2022-01-28T04:11:18","guid":{"rendered":"urn:uuid:95172a48-1c69-4782-95f4-554b3c6deed2"},"modified":"2025-02-14T03:42:10","modified_gmt":"2025-02-14T08:42:10","slug":"products-robots","status":"publish","type":"page","link":"https:\/\/kawasakirobotics.com\/br\/products-robots\/","title":{"rendered":"Rob\u00f4s"},"content":{"rendered":"\n<p>Temos a solu\u00e7\u00e3o rob\u00f3tica que tem procurado.<strong> <\/strong>Com cargas \u00fateis de rob\u00f4s que variam entre 3 e 1500 kg, o compromisso da Kawasaki com a automa\u00e7\u00e3o de qualidade \u00e9 evidente em cada bra\u00e7o rob\u00f3tico que oferecemos. Os nossos rob\u00f4s e controladores s\u00e3o concebidos com mais de 50 anos de experi\u00eancia em rob\u00f3tica, utilizando tecnologia de ponta para melhorar a produtividade e a qualidade.<\/p>\n\n\n\n<div class=\"wp-block-buttons is-layout-flex wp-block-buttons-is-layout-flex\">\n<div class=\"wp-block-button\"><a class=\"wp-block-button__link wp-element-button\" href=\"https:\/\/kawasakirobotics.com\/uploads\/sites\/2\/2023\/05\/kawasaki_lineup_overview_2023_us_en.pdf\" target=\"_blank\" rel=\"noreferrer noopener\">Descarregar a brochura de vis\u00e3o geral da linha de produtos<\/a><\/div>\n<\/div>\n\n\n\n<div class=\"wp-block-columns alignwide krobot-pattern-robot-categories\">\n\t<div class=\"wp-block-column krobot-pattern-robot-categories__item\">\n\t<figure class=\"wp-block-image krobot-pattern-robot-categories__figure\">\n\t\t\t\t\t<img decoding=\"async\" src=\"https:\/\/kawasakirobotics.com\/tachyon\/2022\/03\/r-series.png\" alt=\"General Purpose Robots (3-80 kg payload)\" \/>\n\t\t\t<\/figure>\n\t<div class=\"wp-block-group krobot-pattern-robot-categories__summary\">\n\t\t<h2 class=\"krobot-pattern-robot-categories__category-name\">General Purpose Robots (3-80 kg payload)<\/h2>\n\t\t<div class=\"wp-block-group krobot-pattern-robot-categories__description\">\n\t\t\t<p>\n\t\t\t\tOur general-purpose R series robots set the benchmark for small-to-medium duty industrial robots.\t\t\t<\/p>\n\t\t<\/div>\n\t<\/div>\n\t<div class=\"wp-block-buttons is-content-justification-center is-layout-flex krobot-pattern-robot-categories__more\">\n\t\t<div class=\"wp-block-button is-style-outline\">\n\t\t\t<a class=\"wp-block-button__link\" href=\"https:\/\/kawasakirobotics.com\/br\/robots-category\/small-medium-payloads\/\">\n\t\t\t\tMAIS\t\t\t<\/a>\n\t\t<\/div>\n\t<\/div>\n<\/div>\n<div class=\"wp-block-column krobot-pattern-robot-categories__item\">\n\t<figure class=\"wp-block-image krobot-pattern-robot-categories__figure\">\n\t\t\t\t\t<img decoding=\"async\" src=\"https:\/\/kawasakirobotics.com\/tachyon\/2022\/03\/lg-payload.png\" alt=\"General Purpose Robots (100-300 kg payload)\" \/>\n\t\t\t<\/figure>\n\t<div class=\"wp-block-group krobot-pattern-robot-categories__summary\">\n\t\t<h2 class=\"krobot-pattern-robot-categories__category-name\">General Purpose Robots (100-300 kg payload)<\/h2>\n\t\t<div class=\"wp-block-group krobot-pattern-robot-categories__description\">\n\t\t\t<p>\n\t\t\t\tFlexible, heavy duty, general-purpose robots with large payload capacities.\t\t\t<\/p>\n\t\t<\/div>\n\t<\/div>\n\t<div class=\"wp-block-buttons is-content-justification-center is-layout-flex krobot-pattern-robot-categories__more\">\n\t\t<div class=\"wp-block-button is-style-outline\">\n\t\t\t<a class=\"wp-block-button__link\" href=\"https:\/\/kawasakirobotics.com\/br\/robots-category\/large-payloads\/\">\n\t\t\t\tMAIS\t\t\t<\/a>\n\t\t<\/div>\n\t<\/div>\n<\/div>\n<div class=\"wp-block-column krobot-pattern-robot-categories__item\">\n\t<figure class=\"wp-block-image krobot-pattern-robot-categories__figure\">\n\t\t\t\t\t<img decoding=\"async\" src=\"https:\/\/kawasakirobotics.com\/tachyon\/2022\/03\/xl-payload.png\" alt=\"General Purpose Robots (350-1500 kg payload)\" \/>\n\t\t\t<\/figure>\n\t<div class=\"wp-block-group krobot-pattern-robot-categories__summary\">\n\t\t<h2 class=\"krobot-pattern-robot-categories__category-name\">General Purpose Robots (350-1500 kg payload)<\/h2>\n\t\t<div class=\"wp-block-group krobot-pattern-robot-categories__description\">\n\t\t\t<p>\n\t\t\t\tOur innovative design gives these models the power to lift heavy loads with ease and accuracy.\t\t\t<\/p>\n\t\t<\/div>\n\t<\/div>\n\t<div class=\"wp-block-buttons is-content-justification-center is-layout-flex krobot-pattern-robot-categories__more\">\n\t\t<div class=\"wp-block-button is-style-outline\">\n\t\t\t<a class=\"wp-block-button__link\" href=\"https:\/\/kawasakirobotics.com\/br\/robots-category\/extra-large-payloads\/\">\n\t\t\t\tMAIS\t\t\t<\/a>\n\t\t<\/div>\n\t<\/div>\n<\/div>\n<div class=\"wp-block-column krobot-pattern-robot-categories__item\">\n\t<figure class=\"wp-block-image krobot-pattern-robot-categories__figure\">\n\t\t\t\t\t<img decoding=\"async\" src=\"https:\/\/kawasakirobotics.com\/tachyon\/2024\/08\/lineup-web-scaled-1.webp\" alt=\"Collaborative Robots\" \/>\n\t\t\t<\/figure>\n\t<div class=\"wp-block-group krobot-pattern-robot-categories__summary\">\n\t\t<h2 class=\"krobot-pattern-robot-categories__category-name\">Collaborative Robots<\/h2>\n\t\t<div class=\"wp-block-group krobot-pattern-robot-categories__description\">\n\t\t\t<p>\n\t\t\t\tCL Series Collaborative Robots\t\t\t<\/p>\n\t\t<\/div>\n\t<\/div>\n\t<div class=\"wp-block-buttons is-content-justification-center is-layout-flex krobot-pattern-robot-categories__more\">\n\t\t<div class=\"wp-block-button is-style-outline\">\n\t\t\t<a class=\"wp-block-button__link\" href=\"https:\/\/kawasakirobotics.com\/br\/robots-category\/cobots\/\">\n\t\t\t\tMAIS\t\t\t<\/a>\n\t\t<\/div>\n\t<\/div>\n<\/div>\n<div class=\"wp-block-column krobot-pattern-robot-categories__item\">\n\t<figure class=\"wp-block-image krobot-pattern-robot-categories__figure\">\n\t\t\t\t\t<img decoding=\"async\" src=\"https:\/\/kawasakirobotics.com\/tachyon\/2022\/03\/cp-series.png\" alt=\"Palletizing Robots\" \/>\n\t\t\t<\/figure>\n\t<div class=\"wp-block-group krobot-pattern-robot-categories__summary\">\n\t\t<h2 class=\"krobot-pattern-robot-categories__category-name\">Palletizing Robots<\/h2>\n\t\t<div class=\"wp-block-group krobot-pattern-robot-categories__description\">\n\t\t\t<p>\n\t\t\t\tHigh-speed palletizers for end-of-line applications. Payload capacities ranging from 80 to 700 kg.\t\t\t<\/p>\n\t\t<\/div>\n\t<\/div>\n\t<div class=\"wp-block-buttons is-content-justification-center is-layout-flex krobot-pattern-robot-categories__more\">\n\t\t<div class=\"wp-block-button is-style-outline\">\n\t\t\t<a class=\"wp-block-button__link\" href=\"https:\/\/kawasakirobotics.com\/br\/robots-category\/palletizing\/\">\n\t\t\t\tMAIS\t\t\t<\/a>\n\t\t<\/div>\n\t<\/div>\n<\/div>\n<div class=\"wp-block-column krobot-pattern-robot-categories__item\">\n\t<figure class=\"wp-block-image krobot-pattern-robot-categories__figure\">\n\t\t\t\t\t<img decoding=\"async\" src=\"https:\/\/kawasakirobotics.com\/tachyon\/2025\/01\/Astorino-InUse-OP2.png\" alt=\"Educational Robots\" \/>\n\t\t\t<\/figure>\n\t<div class=\"wp-block-group krobot-pattern-robot-categories__summary\">\n\t\t<h2 class=\"krobot-pattern-robot-categories__category-name\">Educational Robots<\/h2>\n\t\t<div class=\"wp-block-group krobot-pattern-robot-categories__description\">\n\t\t\t<p>\n\t\t\t\tEmbrace the future of industrial robotics education with the Astorino. A unique and remarkably affordable educational robot for North American industrial\/technical education providers.\t\t\t<\/p>\n\t\t<\/div>\n\t<\/div>\n\t<div class=\"wp-block-buttons is-content-justification-center is-layout-flex krobot-pattern-robot-categories__more\">\n\t\t<div class=\"wp-block-button is-style-outline\">\n\t\t\t<a class=\"wp-block-button__link\" href=\"https:\/\/kawasakirobotics.com\/br\/robots-category\/education\/\">\n\t\t\t\tMAIS\t\t\t<\/a>\n\t\t<\/div>\n\t<\/div>\n<\/div>\n<div class=\"wp-block-column krobot-pattern-robot-categories__item\">\n\t<figure class=\"wp-block-image krobot-pattern-robot-categories__figure\">\n\t\t\t\t\t<img decoding=\"async\" src=\"https:\/\/kawasakirobotics.com\/tachyon\/2022\/03\/yf.png\" alt=\"Pick &amp; Place Robots\" \/>\n\t\t\t<\/figure>\n\t<div class=\"wp-block-group krobot-pattern-robot-categories__summary\">\n\t\t<h2 class=\"krobot-pattern-robot-categories__category-name\">Pick &amp; Place Robots<\/h2>\n\t\t<div class=\"wp-block-group krobot-pattern-robot-categories__description\">\n\t\t\t<p>\n\t\t\t\tFlexible food-grade robots that pick and sort small parts and products at ultra high speeds.\t\t\t<\/p>\n\t\t<\/div>\n\t<\/div>\n\t<div class=\"wp-block-buttons is-content-justification-center is-layout-flex krobot-pattern-robot-categories__more\">\n\t\t<div class=\"wp-block-button is-style-outline\">\n\t\t\t<a class=\"wp-block-button__link\" href=\"https:\/\/kawasakirobotics.com\/br\/robots-category\/pick-and-place\/\">\n\t\t\t\tMAIS\t\t\t<\/a>\n\t\t<\/div>\n\t<\/div>\n<\/div>\n<div class=\"wp-block-column krobot-pattern-robot-categories__item\">\n\t<figure class=\"wp-block-image krobot-pattern-robot-categories__figure\">\n\t\t\t\t\t<img decoding=\"async\" src=\"https:\/\/kawasakirobotics.com\/tachyon\/sites\/39\/2022\/02\/MC004N_GA20250124r.png\" alt=\"Medical &amp; Pharmaceutical Robots\" \/>\n\t\t\t<\/figure>\n\t<div class=\"wp-block-group krobot-pattern-robot-categories__summary\">\n\t\t<h2 class=\"krobot-pattern-robot-categories__category-name\">Medical &amp; Pharmaceutical Robots<\/h2>\n\t\t<div class=\"wp-block-group krobot-pattern-robot-categories__description\">\n\t\t\t<p>\n\t\t\t\tRobots that streamline operations in pharmaceutical and drug discovery environments.\t\t\t<\/p>\n\t\t<\/div>\n\t<\/div>\n\t<div class=\"wp-block-buttons is-content-justification-center is-layout-flex krobot-pattern-robot-categories__more\">\n\t\t<div class=\"wp-block-button is-style-outline\">\n\t\t\t<a class=\"wp-block-button__link\" href=\"https:\/\/kawasakirobotics.com\/br\/robots-category\/medical\/\">\n\t\t\t\tMAIS\t\t\t<\/a>\n\t\t<\/div>\n\t<\/div>\n<\/div>\n<div class=\"wp-block-column krobot-pattern-robot-categories__item\">\n\t<figure class=\"wp-block-image krobot-pattern-robot-categories__figure\">\n\t\t\t\t\t<img decoding=\"async\" src=\"https:\/\/kawasakirobotics.com\/tachyon\/2022\/03\/arc-welding.png\" alt=\"Arc Welding Robots\" \/>\n\t\t\t<\/figure>\n\t<div class=\"wp-block-group krobot-pattern-robot-categories__summary\">\n\t\t<h2 class=\"krobot-pattern-robot-categories__category-name\">Arc Welding Robots<\/h2>\n\t\t<div class=\"wp-block-group krobot-pattern-robot-categories__description\">\n\t\t\t<p>\n\t\t\t\tRobots that use state-of-the-art technology to match the quality of an expert welder.\t\t\t<\/p>\n\t\t<\/div>\n\t<\/div>\n\t<div class=\"wp-block-buttons is-content-justification-center is-layout-flex krobot-pattern-robot-categories__more\">\n\t\t<div class=\"wp-block-button is-style-outline\">\n\t\t\t<a class=\"wp-block-button__link\" href=\"https:\/\/kawasakirobotics.com\/br\/robots-category\/arc-welding\/\">\n\t\t\t\tMAIS\t\t\t<\/a>\n\t\t<\/div>\n\t<\/div>\n<\/div>\n<div class=\"wp-block-column krobot-pattern-robot-categories__item\">\n\t<figure class=\"wp-block-image krobot-pattern-robot-categories__figure\">\n\t\t\t\t\t<img decoding=\"async\" src=\"https:\/\/kawasakirobotics.com\/tachyon\/2022\/03\/paint-pic.png\" alt=\"Explosion-Proof Paint Robots\" \/>\n\t\t\t<\/figure>\n\t<div class=\"wp-block-group krobot-pattern-robot-categories__summary\">\n\t\t<h2 class=\"krobot-pattern-robot-categories__category-name\">Explosion-Proof Paint Robots<\/h2>\n\t\t<div class=\"wp-block-group krobot-pattern-robot-categories__description\">\n\t\t\t<p>\n\t\t\t\tRobots that combine high performance with easy integration to paint workpieces ranging from small parts to large vehicle bodies.\t\t\t<\/p>\n\t\t<\/div>\n\t<\/div>\n\t<div class=\"wp-block-buttons is-content-justification-center is-layout-flex krobot-pattern-robot-categories__more\">\n\t\t<div class=\"wp-block-button is-style-outline\">\n\t\t\t<a class=\"wp-block-button__link\" href=\"https:\/\/kawasakirobotics.com\/br\/robots-category\/painting\/\">\n\t\t\t\tMAIS\t\t\t<\/a>\n\t\t<\/div>\n\t<\/div>\n<\/div>\n<div class=\"wp-block-column krobot-pattern-robot-categories__item\">\n\t<figure class=\"wp-block-image krobot-pattern-robot-categories__figure\">\n\t\t\t\t\t<img decoding=\"async\" src=\"https:\/\/kawasakirobotics.com\/tachyon\/2022\/03\/semiconductor-robots-01.jpg\" alt=\"Wafer Transfer Robots\" \/>\n\t\t\t<\/figure>\n\t<div class=\"wp-block-group krobot-pattern-robot-categories__summary\">\n\t\t<h2 class=\"krobot-pattern-robot-categories__category-name\">Wafer Transfer Robots<\/h2>\n\t\t<div class=\"wp-block-group krobot-pattern-robot-categories__description\">\n\t\t\t<p>\n\t\t\t\tRobots that transfer wafers in the critical process of semiconductor manufacturing equipment.\t\t\t<\/p>\n\t\t<\/div>\n\t<\/div>\n\t<div class=\"wp-block-buttons is-content-justification-center is-layout-flex krobot-pattern-robot-categories__more\">\n\t\t<div class=\"wp-block-button is-style-outline\">\n\t\t\t<a class=\"wp-block-button__link\" href=\"https:\/\/kawasakirobotics.com\/br\/robots-category\/wafer\/\">\n\t\t\t\tMAIS\t\t\t<\/a>\n\t\t<\/div>\n\t<\/div>\n<\/div>\n<div class=\"wp-block-column krobot-pattern-robot-categories__item\">\n\t<figure class=\"wp-block-image krobot-pattern-robot-categories__figure\">\n\t\t\t\t\t<img decoding=\"async\" src=\"https:\/\/kawasakirobotics.com\/tachyon\/2022\/03\/BU015X-01.jpg\" alt=\"Sealing Robots\" \/>\n\t\t\t<\/figure>\n\t<div class=\"wp-block-group krobot-pattern-robot-categories__summary\">\n\t\t<h2 class=\"krobot-pattern-robot-categories__category-name\">Sealing Robots<\/h2>\n\t\t<div class=\"wp-block-group krobot-pattern-robot-categories__description\">\n\t\t\t<p>\n\t\t\t\tCompact robots with a long reach, uniquely designed for applying sealant and adhesive.\t\t\t<\/p>\n\t\t<\/div>\n\t<\/div>\n\t<div class=\"wp-block-buttons is-content-justification-center is-layout-flex krobot-pattern-robot-categories__more\">\n\t\t<div class=\"wp-block-button is-style-outline\">\n\t\t\t<a class=\"wp-block-button__link\" href=\"https:\/\/kawasakirobotics.com\/br\/robots-category\/sealing\/\">\n\t\t\t\tMAIS\t\t\t<\/a>\n\t\t<\/div>\n\t<\/div>\n<\/div>\n<div class=\"wp-block-column krobot-pattern-robot-categories__item\">\n\t<figure class=\"wp-block-image krobot-pattern-robot-categories__figure\">\n\t\t\t\t\t<img decoding=\"async\" src=\"https:\/\/kawasakirobotics.com\/tachyon\/2022\/03\/duAro-1.png\" alt=\"Dual Arm Collaborative Robots\" \/>\n\t\t\t<\/figure>\n\t<div class=\"wp-block-group krobot-pattern-robot-categories__summary\">\n\t\t<h2 class=\"krobot-pattern-robot-categories__category-name\">Dual Arm Collaborative Robots<\/h2>\n\t\t<div class=\"wp-block-group krobot-pattern-robot-categories__description\">\n\t\t\t<p>\n\t\t\t\tKawasaki\u2019s unique dual-arm SCARA cobot can collaborate with and work safely alongside humans.\t\t\t<\/p>\n\t\t<\/div>\n\t<\/div>\n\t<div class=\"wp-block-buttons is-content-justification-center is-layout-flex krobot-pattern-robot-categories__more\">\n\t\t<div class=\"wp-block-button is-style-outline\">\n\t\t\t<a class=\"wp-block-button__link\" href=\"https:\/\/kawasakirobotics.com\/br\/robots-category\/dual-arm-scara\/\">\n\t\t\t\tMAIS\t\t\t<\/a>\n\t\t<\/div>\n\t<\/div>\n<\/div>\n<\/div>\n","protected":false},"excerpt":{"rendered":"<p>Temos a solu\u00e7\u00e3o rob\u00f3tica que tem estado \u00e0 procura. Com cargas \u00fateis de rob\u00f4s que variam entre 3 e 1500 kg, o compromisso da Kawasaki com a automa\u00e7\u00e3o de qualidade \u00e9 evidente em cada bra\u00e7o rob\u00f3tico que oferecemos. Os nossos rob\u00f4s e controladores s\u00e3o concebidos com mais de 50 anos de experi\u00eancia em rob\u00f3tica, utilizando tecnologia de ponta para melhorar a produtividade e a qualidade.<\/p>\n","protected":false},"author":14,"featured_media":0,"parent":0,"menu_order":17,"comment_status":"closed","ping_status":"closed","template":"","meta":{"ep_exclude_from_search":false,"footnotes":""},"class_list":["post-853","page","type-page","status-publish","hentry"],"yoast_head":"<!-- This site is optimized with the Yoast SEO plugin v25.9 - https:\/\/yoast.com\/wordpress\/plugins\/seo\/ -->\n<title>Rob\u00f4s | Industrial Robots by Kawasaki Robotics<\/title>\n<meta name=\"description\" content=\"Descubra as nossas solu\u00e7\u00f5es rob\u00f3ticas de qualidade, com cargas \u00fateis de 3 a 1500 kg, reflectindo os mais de 50 anos de experi\u00eancia em rob\u00f3tica da Kawasaki.\" \/>\n<meta name=\"robots\" content=\"index, follow, max-snippet:-1, max-image-preview:large, max-video-preview:-1\" \/>\n<link rel=\"canonical\" href=\"https:\/\/kawasakirobotics.com\/br\/products-robots\/\" \/>\n<meta property=\"og:locale\" content=\"pt_BR\" \/>\n<meta property=\"og:type\" content=\"article\" \/>\n<meta property=\"og:title\" content=\"Rob\u00f4s | Industrial Robots by Kawasaki Robotics\" \/>\n<meta property=\"og:description\" content=\"Descubra as nossas solu\u00e7\u00f5es rob\u00f3ticas de qualidade, com cargas \u00fateis de 3 a 1500 kg, reflectindo os mais de 50 anos de experi\u00eancia em rob\u00f3tica da Kawasaki.\" \/>\n<meta property=\"og:url\" content=\"https:\/\/kawasakirobotics.com\/br\/products-robots\/\" \/>\n<meta property=\"og:site_name\" content=\"Kawasaki Robotics\" \/>\n<meta property=\"article:publisher\" content=\"https:\/\/www.facebook.com\/Kawasaki-Robotics-264043869602\" \/>\n<meta property=\"article:modified_time\" content=\"2025-02-14T08:42:10+00:00\" \/>\n<meta property=\"og:image\" content=\"https:\/\/kawasakirobotics.com\/content\/themes\/krobot-theme\/src\/images\/default\/ogp.jpg\" \/>\n\t<meta property=\"og:image:width\" content=\"1200\" \/>\n\t<meta property=\"og:image:height\" content=\"630\" \/>\n\t<meta property=\"og:image:type\" content=\"image\/jpeg\" \/>\n<meta name=\"twitter:card\" content=\"summary_large_image\" \/>\n<meta name=\"twitter:site\" content=\"@kawasakirobot\" \/>\n<script type=\"application\/ld+json\" class=\"yoast-schema-graph\">{\"@context\":\"https:\/\/schema.org\",\"@graph\":[{\"@type\":\"WebPage\",\"@id\":\"https:\/\/kawasakirobotics.com\/br\/products-robots\/\",\"url\":\"https:\/\/kawasakirobotics.com\/br\/products-robots\/\",\"name\":\"Rob\u00f4s | Industrial Robots by Kawasaki Robotics\",\"isPartOf\":{\"@id\":\"https:\/\/kawasakirobotics.com\/br\/#website\"},\"datePublished\":\"2022-01-28T04:11:18+00:00\",\"dateModified\":\"2025-02-14T08:42:10+00:00\",\"description\":\"Descubra as nossas solu\u00e7\u00f5es rob\u00f3ticas de qualidade, com cargas \u00fateis de 3 a 1500 kg, reflectindo os mais de 50 anos de experi\u00eancia em rob\u00f3tica da Kawasaki.\",\"breadcrumb\":{\"@id\":\"https:\/\/kawasakirobotics.com\/br\/products-robots\/#breadcrumb\"},\"inLanguage\":\"pt-BR\",\"potentialAction\":[{\"@type\":\"ReadAction\",\"target\":[\"https:\/\/kawasakirobotics.com\/br\/products-robots\/\"]}]},{\"@type\":\"BreadcrumbList\",\"@id\":\"https:\/\/kawasakirobotics.com\/br\/products-robots\/#breadcrumb\",\"itemListElement\":[{\"@type\":\"ListItem\",\"position\":1,\"name\":\"In\u00edcio\",\"item\":\"https:\/\/kawasakirobotics.com\/br\/\"},{\"@type\":\"ListItem\",\"position\":2,\"name\":\"Rob\u00f4s\"}]},{\"@type\":\"WebSite\",\"@id\":\"https:\/\/kawasakirobotics.com\/br\/#website\",\"url\":\"https:\/\/kawasakirobotics.com\/br\/\",\"name\":\"Kawasaki Robotics\",\"description\":\"\",\"publisher\":{\"@id\":\"https:\/\/kawasakirobotics.com\/br\/#organization\"},\"potentialAction\":[{\"@type\":\"SearchAction\",\"target\":{\"@type\":\"EntryPoint\",\"urlTemplate\":\"https:\/\/kawasakirobotics.com\/br\/?s={search_term_string}\"},\"query-input\":{\"@type\":\"PropertyValueSpecification\",\"valueRequired\":true,\"valueName\":\"search_term_string\"}}],\"inLanguage\":\"pt-BR\"},{\"@type\":\"Organization\",\"@id\":\"https:\/\/kawasakirobotics.com\/br\/#organization\",\"name\":\"\u5ddd\u5d0e\u91cd\u5de5\u696d\u30ed\u30dc\u30c3\u30c8\u30c7\u30a3\u30d3\u30b8\u30e7\u30f3\",\"url\":\"https:\/\/kawasakirobotics.com\/br\/\",\"logo\":{\"@type\":\"ImageObject\",\"inLanguage\":\"pt-BR\",\"@id\":\"https:\/\/kawasakirobotics.com\/br\/#\/schema\/logo\/image\/\",\"url\":\"\",\"contentUrl\":\"\",\"caption\":\"\u5ddd\u5d0e\u91cd\u5de5\u696d\u30ed\u30dc\u30c3\u30c8\u30c7\u30a3\u30d3\u30b8\u30e7\u30f3\"},\"image\":{\"@id\":\"https:\/\/kawasakirobotics.com\/br\/#\/schema\/logo\/image\/\"},\"sameAs\":[\"https:\/\/www.facebook.com\/Kawasaki-Robotics-264043869602\",\"https:\/\/x.com\/kawasakirobot\",\"https:\/\/www.youtube.com\/user\/KawasakiRobots?sub_confirmation=1\",\"https:\/\/www.linkedin.com\/company\/kawasaki-robotics\"]}]}<\/script>\n<!-- \/ Yoast SEO plugin. -->","yoast_head_json":{"title":"Rob\u00f4s | Industrial Robots by Kawasaki Robotics","description":"Descubra as nossas solu\u00e7\u00f5es rob\u00f3ticas de qualidade, com cargas \u00fateis de 3 a 1500 kg, reflectindo os mais de 50 anos de experi\u00eancia em rob\u00f3tica da Kawasaki.","robots":{"index":"index","follow":"follow","max-snippet":"max-snippet:-1","max-image-preview":"max-image-preview:large","max-video-preview":"max-video-preview:-1"},"canonical":"https:\/\/kawasakirobotics.com\/br\/products-robots\/","og_locale":"pt_BR","og_type":"article","og_title":"Rob\u00f4s | Industrial Robots by Kawasaki Robotics","og_description":"Descubra as nossas solu\u00e7\u00f5es rob\u00f3ticas de qualidade, com cargas \u00fateis de 3 a 1500 kg, reflectindo os mais de 50 anos de experi\u00eancia em rob\u00f3tica da Kawasaki.","og_url":"https:\/\/kawasakirobotics.com\/br\/products-robots\/","og_site_name":"Kawasaki Robotics","article_publisher":"https:\/\/www.facebook.com\/Kawasaki-Robotics-264043869602","article_modified_time":"2025-02-14T08:42:10+00:00","og_image":[{"url":"https:\/\/kawasakirobotics.com\/content\/themes\/krobot-theme\/src\/images\/default\/ogp.jpg","width":"1200","height":"630","type":"image\/jpeg"}],"twitter_card":"summary_large_image","twitter_site":"@kawasakirobot","schema":{"@context":"https:\/\/schema.org","@graph":[{"@type":"WebPage","@id":"https:\/\/kawasakirobotics.com\/br\/products-robots\/","url":"https:\/\/kawasakirobotics.com\/br\/products-robots\/","name":"Rob\u00f4s | Industrial Robots by Kawasaki Robotics","isPartOf":{"@id":"https:\/\/kawasakirobotics.com\/br\/#website"},"datePublished":"2022-01-28T04:11:18+00:00","dateModified":"2025-02-14T08:42:10+00:00","description":"Descubra as nossas solu\u00e7\u00f5es rob\u00f3ticas de qualidade, com cargas \u00fateis de 3 a 1500 kg, reflectindo os mais de 50 anos de experi\u00eancia em rob\u00f3tica da Kawasaki.","breadcrumb":{"@id":"https:\/\/kawasakirobotics.com\/br\/products-robots\/#breadcrumb"},"inLanguage":"pt-BR","potentialAction":[{"@type":"ReadAction","target":["https:\/\/kawasakirobotics.com\/br\/products-robots\/"]}]},{"@type":"BreadcrumbList","@id":"https:\/\/kawasakirobotics.com\/br\/products-robots\/#breadcrumb","itemListElement":[{"@type":"ListItem","position":1,"name":"In\u00edcio","item":"https:\/\/kawasakirobotics.com\/br\/"},{"@type":"ListItem","position":2,"name":"Rob\u00f4s"}]},{"@type":"WebSite","@id":"https:\/\/kawasakirobotics.com\/br\/#website","url":"https:\/\/kawasakirobotics.com\/br\/","name":"Kawasaki Robotics","description":"","publisher":{"@id":"https:\/\/kawasakirobotics.com\/br\/#organization"},"potentialAction":[{"@type":"SearchAction","target":{"@type":"EntryPoint","urlTemplate":"https:\/\/kawasakirobotics.com\/br\/?s={search_term_string}"},"query-input":{"@type":"PropertyValueSpecification","valueRequired":true,"valueName":"search_term_string"}}],"inLanguage":"pt-BR"},{"@type":"Organization","@id":"https:\/\/kawasakirobotics.com\/br\/#organization","name":"\u5ddd\u5d0e\u91cd\u5de5\u696d\u30ed\u30dc\u30c3\u30c8\u30c7\u30a3\u30d3\u30b8\u30e7\u30f3","url":"https:\/\/kawasakirobotics.com\/br\/","logo":{"@type":"ImageObject","inLanguage":"pt-BR","@id":"https:\/\/kawasakirobotics.com\/br\/#\/schema\/logo\/image\/","url":"","contentUrl":"","caption":"\u5ddd\u5d0e\u91cd\u5de5\u696d\u30ed\u30dc\u30c3\u30c8\u30c7\u30a3\u30d3\u30b8\u30e7\u30f3"},"image":{"@id":"https:\/\/kawasakirobotics.com\/br\/#\/schema\/logo\/image\/"},"sameAs":["https:\/\/www.facebook.com\/Kawasaki-Robotics-264043869602","https:\/\/x.com\/kawasakirobot","https:\/\/www.youtube.com\/user\/KawasakiRobots?sub_confirmation=1","https:\/\/www.linkedin.com\/company\/kawasaki-robotics"]}]}},"_links":{"self":[{"href":"https:\/\/kawasakirobotics.com\/br\/wp-json\/wp\/v2\/pages\/853","targetHints":{"allow":["GET"]}}],"collection":[{"href":"https:\/\/kawasakirobotics.com\/br\/wp-json\/wp\/v2\/pages"}],"about":[{"href":"https:\/\/kawasakirobotics.com\/br\/wp-json\/wp\/v2\/types\/page"}],"author":[{"embeddable":true,"href":"https:\/\/kawasakirobotics.com\/br\/wp-json\/wp\/v2\/users\/14"}],"replies":[{"embeddable":true,"href":"https:\/\/kawasakirobotics.com\/br\/wp-json\/wp\/v2\/comments?post=853"}],"version-history":[{"count":15,"href":"https:\/\/kawasakirobotics.com\/br\/wp-json\/wp\/v2\/pages\/853\/revisions"}],"predecessor-version":[{"id":8445,"href":"https:\/\/kawasakirobotics.com\/br\/wp-json\/wp\/v2\/pages\/853\/revisions\/8445"}],"wp:attachment":[{"href":"https:\/\/kawasakirobotics.com\/br\/wp-json\/wp\/v2\/media?parent=853"}],"curies":[{"name":"wp","href":"https:\/\/api.w.org\/{rel}","templated":true}]}}