{"id":883,"date":"2022-01-28T16:00:58","date_gmt":"2022-01-28T07:00:58","guid":{"rendered":"urn:uuid:33e2cdc8-58cb-498a-83c0-4a500603136a"},"modified":"2025-02-14T03:42:27","modified_gmt":"2025-02-14T08:42:27","slug":"products-others","status":"publish","type":"page","link":"https:\/\/kawasakirobotics.com\/br\/products-others\/","title":{"rendered":"Outros produtos"},"content":{"rendered":"\n<p>Uma automatiza\u00e7\u00e3o bem sucedida consiste em muito mais do que hardware. O nosso software e outros produtos s\u00e3o o toque final, transformando sistemas em solu\u00e7\u00f5es. Dispomos de ferramentas para todas as fases do processo, desde a programa\u00e7\u00e3o e simula\u00e7\u00e3o offline at\u00e9 \u00e0 manuten\u00e7\u00e3o cont\u00ednua.<\/p>\n\n\n\n<p>A Kawasaki Robotics oferece software e ferramentas para todas as fases do processo de automatiza\u00e7\u00e3o, desde a programa\u00e7\u00e3o offline at\u00e9 \u00e0 manuten\u00e7\u00e3o cont\u00ednua, fornecendo solu\u00e7\u00f5es que v\u00e3o para al\u00e9m do hardware. Tire partido da sua poderosa linguagem de programa\u00e7\u00e3o AS com software especializado e aumente a seguran\u00e7a com a sua solu\u00e7\u00e3o de hardware e software com classifica\u00e7\u00e3o de seguran\u00e7a. Al\u00e9m disso, integre o seu sistema de vis\u00e3o 2D de alta precis\u00e3o e o equipamento perif\u00e9rico espec\u00edfico da aplica\u00e7\u00e3o diretamente no seu sistema de rob\u00f4 Kawasaki.<\/p>\n\n\n\n<div class=\"wp-block-columns alignwide krobot-pattern-robot-categories\">\n\t<div class=\"wp-block-column krobot-pattern-robot-categories__item\">\n\t<figure class=\"wp-block-image krobot-pattern-robot-categories__figure\">\n\t\t\t\t\t<img decoding=\"async\" src=\"https:\/\/kawasakirobotics.com\/tachyon\/2022\/02\/safety.png\" alt=\"Cubic-S Robot Safety System\" \/>\n\t\t\t<\/figure>\n\t<div class=\"wp-block-group krobot-pattern-robot-categories__summary\">\n\t\t<h2 class=\"krobot-pattern-robot-categories__category-name\">Cubic-S Robot Safety System<\/h2>\n\t\t<div class=\"wp-block-group krobot-pattern-robot-categories__description\">\n\t\t\t<p>\n\t\t\t\tKawasaki&#8217;s safety-rated hardware and software solution for advanced and flexible safety monitoring.\t\t\t<\/p>\n\t\t<\/div>\n\t<\/div>\n\t<div class=\"wp-block-buttons is-content-justification-center is-layout-flex krobot-pattern-robot-categories__more\">\n\t\t<div class=\"wp-block-button is-style-outline\">\n\t\t\t<a class=\"wp-block-button__link\" href=\"https:\/\/kawasakirobotics.com\/br\/others-category\/safety\/\">\n\t\t\t\tMAIS\t\t\t<\/a>\n\t\t<\/div>\n\t<\/div>\n<\/div>\n<div class=\"wp-block-column krobot-pattern-robot-categories__item\">\n\t<figure class=\"wp-block-image krobot-pattern-robot-categories__figure\">\n\t\t\t\t\t<img decoding=\"async\" src=\"https:\/\/kawasakirobotics.com\/tachyon\/2022\/02\/programming-tool.png\" alt=\"Software Tools\" \/>\n\t\t\t<\/figure>\n\t<div class=\"wp-block-group krobot-pattern-robot-categories__summary\">\n\t\t<h2 class=\"krobot-pattern-robot-categories__category-name\">Software Tools<\/h2>\n\t\t<div class=\"wp-block-group krobot-pattern-robot-categories__description\">\n\t\t\t<p>\n\t\t\t\tSoftware that helps users leverage Kawasaki&#8217;s powerful AS programming language throughout the automation process.\t\t\t<\/p>\n\t\t<\/div>\n\t<\/div>\n\t<div class=\"wp-block-buttons is-content-justification-center is-layout-flex krobot-pattern-robot-categories__more\">\n\t\t<div class=\"wp-block-button is-style-outline\">\n\t\t\t<a class=\"wp-block-button__link\" href=\"https:\/\/kawasakirobotics.com\/br\/others-category\/software\/\">\n\t\t\t\tMAIS\t\t\t<\/a>\n\t\t<\/div>\n\t<\/div>\n<\/div>\n<div class=\"wp-block-column krobot-pattern-robot-categories__item\">\n\t<figure class=\"wp-block-image krobot-pattern-robot-categories__figure\">\n\t\t\t\t\t<img decoding=\"async\" src=\"https:\/\/kawasakirobotics.com\/tachyon\/2022\/02\/vision-option.png\" alt=\"Vision System\" \/>\n\t\t\t<\/figure>\n\t<div class=\"wp-block-group krobot-pattern-robot-categories__summary\">\n\t\t<h2 class=\"krobot-pattern-robot-categories__category-name\">Vision System<\/h2>\n\t\t<div class=\"wp-block-group krobot-pattern-robot-categories__description\">\n\t\t\t<p>\n\t\t\t\tHigh precision 2D vision system developed by Kawasaki Robotics.\t\t\t<\/p>\n\t\t<\/div>\n\t<\/div>\n\t<div class=\"wp-block-buttons is-content-justification-center is-layout-flex krobot-pattern-robot-categories__more\">\n\t\t<div class=\"wp-block-button is-style-outline\">\n\t\t\t<a class=\"wp-block-button__link\" href=\"https:\/\/kawasakirobotics.com\/br\/others-category\/vision-option\/\">\n\t\t\t\tMAIS\t\t\t<\/a>\n\t\t<\/div>\n\t<\/div>\n<\/div>\n<div class=\"wp-block-column krobot-pattern-robot-categories__item\">\n\t<figure class=\"wp-block-image krobot-pattern-robot-categories__figure\">\n\t\t\t\t\t<img decoding=\"async\" src=\"https:\/\/kawasakirobotics.com\/tachyon\/2024\/08\/K-Positioner_for_Kawasaki_welding_robots_PST125_KR.webp\" alt=\"Single Axis Positioners\" \/>\n\t\t\t<\/figure>\n\t<div class=\"wp-block-group krobot-pattern-robot-categories__summary\">\n\t\t<h2 class=\"krobot-pattern-robot-categories__category-name\">Single Axis Positioners<\/h2>\n\t\t<div class=\"wp-block-group krobot-pattern-robot-categories__description\">\n\t\t\t<p>\n\t\t\t\t<strong>High-end single axis positioners for your individual applications<\/strong>\t\t\t<\/p>\n\t\t<\/div>\n\t<\/div>\n\t<div class=\"wp-block-buttons is-content-justification-center is-layout-flex krobot-pattern-robot-categories__more\">\n\t\t<div class=\"wp-block-button is-style-outline\">\n\t\t\t<a class=\"wp-block-button__link\" href=\"https:\/\/kawasakirobotics.com\/br\/others-category\/singleaxispositioners\/\">\n\t\t\t\tMAIS\t\t\t<\/a>\n\t\t<\/div>\n\t<\/div>\n<\/div>\n<div class=\"wp-block-column krobot-pattern-robot-categories__item\">\n\t<figure class=\"wp-block-image krobot-pattern-robot-categories__figure\">\n\t\t\t\t\t<img decoding=\"async\" src=\"https:\/\/kawasakirobotics.com\/tachyon\/2024\/08\/K-Positioner_for_Kawasaki_welding_robots_PST250-L2_KR.webp\" alt=\"Double Axis Positioners\" \/>\n\t\t\t<\/figure>\n\t<div class=\"wp-block-group krobot-pattern-robot-categories__summary\">\n\t\t<h2 class=\"krobot-pattern-robot-categories__category-name\">Double Axis Positioners<\/h2>\n\t\t<div class=\"wp-block-group krobot-pattern-robot-categories__description\">\n\t\t\t<p>\n\t\t\t\t<strong>High-end double axis positioners for your individual applications<\/strong>\t\t\t<\/p>\n\t\t<\/div>\n\t<\/div>\n\t<div class=\"wp-block-buttons is-content-justification-center is-layout-flex krobot-pattern-robot-categories__more\">\n\t\t<div class=\"wp-block-button is-style-outline\">\n\t\t\t<a class=\"wp-block-button__link\" href=\"https:\/\/kawasakirobotics.com\/br\/others-category\/doubleaxispositioners\/\">\n\t\t\t\tMAIS\t\t\t<\/a>\n\t\t<\/div>\n\t<\/div>\n<\/div>\n<div class=\"wp-block-column krobot-pattern-robot-categories__item\">\n\t<figure class=\"wp-block-image krobot-pattern-robot-categories__figure\">\n\t\t\t\t\t<img decoding=\"async\" src=\"https:\/\/kawasakirobotics.com\/tachyon\/2024\/08\/K-Positioner_for_Kawasaki_welding_robots_PST500E-M3-H2V1-scaled.webp\" alt=\"Multipositioners\" \/>\n\t\t\t<\/figure>\n\t<div class=\"wp-block-group krobot-pattern-robot-categories__summary\">\n\t\t<h2 class=\"krobot-pattern-robot-categories__category-name\">Multipositioners<\/h2>\n\t\t<div class=\"wp-block-group krobot-pattern-robot-categories__description\">\n\t\t\t<p>\n\t\t\t\t<strong>High-end multipositioners for your individual applications<\/strong>\t\t\t<\/p>\n\t\t<\/div>\n\t<\/div>\n\t<div class=\"wp-block-buttons is-content-justification-center is-layout-flex krobot-pattern-robot-categories__more\">\n\t\t<div class=\"wp-block-button is-style-outline\">\n\t\t\t<a class=\"wp-block-button__link\" href=\"https:\/\/kawasakirobotics.com\/br\/others-category\/multipositioners\/\">\n\t\t\t\tMAIS\t\t\t<\/a>\n\t\t<\/div>\n\t<\/div>\n<\/div>\n<div class=\"wp-block-column krobot-pattern-robot-categories__item\">\n\t<figure class=\"wp-block-image krobot-pattern-robot-categories__figure\">\n\t\t\t\t\t<img decoding=\"async\" src=\"https:\/\/kawasakirobotics.com\/tachyon\/2024\/08\/1315-large_default-1.webp\" alt=\"Linear Tracks\" \/>\n\t\t\t<\/figure>\n\t<div class=\"wp-block-group krobot-pattern-robot-categories__summary\">\n\t\t<h2 class=\"krobot-pattern-robot-categories__category-name\">Linear Tracks<\/h2>\n\t\t<div class=\"wp-block-group krobot-pattern-robot-categories__description\">\n\t\t\t<p>\n\t\t\t\t<strong>K-Track Linear Axes from Kawasaki Robotics: As flexible, robust and precise as our robots<\/strong>\t\t\t<\/p>\n\t\t<\/div>\n\t<\/div>\n\t<div class=\"wp-block-buttons is-content-justification-center is-layout-flex krobot-pattern-robot-categories__more\">\n\t\t<div class=\"wp-block-button is-style-outline\">\n\t\t\t<a class=\"wp-block-button__link\" href=\"https:\/\/kawasakirobotics.com\/br\/others-category\/ktracks\/\">\n\t\t\t\tMAIS\t\t\t<\/a>\n\t\t<\/div>\n\t<\/div>\n<\/div>\n<\/div>\n","protected":false},"excerpt":{"rendered":"<p>Uma automatiza\u00e7\u00e3o bem sucedida consiste em muito mais do que hardware. O nosso software e outros produtos s\u00e3o o toque final, transformando sistemas em solu\u00e7\u00f5es. Dispomos de ferramentas para todas as fases do processo, desde a programa\u00e7\u00e3o e simula\u00e7\u00e3o offline at\u00e9 \u00e0 manuten\u00e7\u00e3o cont\u00ednua. A Kawasaki Robotics oferece software e ferramentas para todas as fases do processo de automatiza\u00e7\u00e3o, desde a programa\u00e7\u00e3o offline at\u00e9 \u00e0 manuten\u00e7\u00e3o cont\u00ednua, fornecendo solu\u00e7\u00f5es que v\u00e3o para al\u00e9m do hardware. Tire partido da sua poderosa linguagem de programa\u00e7\u00e3o AS com software especializado e aumente a seguran\u00e7a com a sua solu\u00e7\u00e3o de hardware e software com classifica\u00e7\u00e3o de seguran\u00e7a. Al\u00e9m disso, integre o seu sistema de vis\u00e3o 2D de alta precis\u00e3o e o equipamento perif\u00e9rico espec\u00edfico da aplica\u00e7\u00e3o diretamente no seu sistema de rob\u00f4 Kawasaki.<\/p>\n","protected":false},"author":14,"featured_media":0,"parent":0,"menu_order":19,"comment_status":"closed","ping_status":"closed","template":"","meta":{"ep_exclude_from_search":false,"footnotes":""},"class_list":["post-883","page","type-page","status-publish","hentry"],"yoast_head":"<!-- This site is optimized with the Yoast SEO plugin v25.9 - https:\/\/yoast.com\/wordpress\/plugins\/seo\/ -->\n<title>Outros produtos | Industrial Robots by Kawasaki Robotics<\/title>\n<meta name=\"description\" content=\"Descubra as solu\u00e7\u00f5es de automa\u00e7\u00e3o da Kawasaki com software especializado, vis\u00e3o 2D, hardware de seguran\u00e7a e equipamento para o seu sistema de robots.\" \/>\n<meta name=\"robots\" content=\"index, follow, max-snippet:-1, max-image-preview:large, max-video-preview:-1\" \/>\n<link rel=\"canonical\" href=\"https:\/\/kawasakirobotics.com\/br\/products-others\/\" \/>\n<meta property=\"og:locale\" content=\"pt_BR\" \/>\n<meta property=\"og:type\" content=\"article\" \/>\n<meta property=\"og:title\" content=\"Outros produtos | Industrial Robots by Kawasaki Robotics\" \/>\n<meta property=\"og:description\" content=\"Descubra as solu\u00e7\u00f5es de automa\u00e7\u00e3o da Kawasaki com software especializado, vis\u00e3o 2D, hardware de seguran\u00e7a e equipamento para o seu sistema de robots.\" \/>\n<meta property=\"og:url\" content=\"https:\/\/kawasakirobotics.com\/br\/products-others\/\" \/>\n<meta property=\"og:site_name\" content=\"Kawasaki Robotics\" \/>\n<meta property=\"article:publisher\" content=\"https:\/\/www.facebook.com\/Kawasaki-Robotics-264043869602\" \/>\n<meta property=\"article:modified_time\" content=\"2025-02-14T08:42:27+00:00\" \/>\n<meta property=\"og:image\" content=\"https:\/\/kawasakirobotics.com\/content\/themes\/krobot-theme\/src\/images\/default\/ogp.jpg\" \/>\n\t<meta property=\"og:image:width\" content=\"1200\" \/>\n\t<meta property=\"og:image:height\" content=\"630\" \/>\n\t<meta property=\"og:image:type\" content=\"image\/jpeg\" \/>\n<meta name=\"twitter:card\" content=\"summary_large_image\" \/>\n<meta name=\"twitter:site\" content=\"@kawasakirobot\" \/>\n<script type=\"application\/ld+json\" class=\"yoast-schema-graph\">{\"@context\":\"https:\/\/schema.org\",\"@graph\":[{\"@type\":\"WebPage\",\"@id\":\"https:\/\/kawasakirobotics.com\/br\/products-others\/\",\"url\":\"https:\/\/kawasakirobotics.com\/br\/products-others\/\",\"name\":\"Outros produtos | Industrial Robots by Kawasaki Robotics\",\"isPartOf\":{\"@id\":\"https:\/\/kawasakirobotics.com\/br\/#website\"},\"datePublished\":\"2022-01-28T07:00:58+00:00\",\"dateModified\":\"2025-02-14T08:42:27+00:00\",\"description\":\"Descubra as solu\u00e7\u00f5es de automa\u00e7\u00e3o da Kawasaki com software especializado, vis\u00e3o 2D, hardware de seguran\u00e7a e equipamento para o seu sistema de robots.\",\"breadcrumb\":{\"@id\":\"https:\/\/kawasakirobotics.com\/br\/products-others\/#breadcrumb\"},\"inLanguage\":\"pt-BR\",\"potentialAction\":[{\"@type\":\"ReadAction\",\"target\":[\"https:\/\/kawasakirobotics.com\/br\/products-others\/\"]}]},{\"@type\":\"BreadcrumbList\",\"@id\":\"https:\/\/kawasakirobotics.com\/br\/products-others\/#breadcrumb\",\"itemListElement\":[{\"@type\":\"ListItem\",\"position\":1,\"name\":\"In\u00edcio\",\"item\":\"https:\/\/kawasakirobotics.com\/br\/\"},{\"@type\":\"ListItem\",\"position\":2,\"name\":\"Outros produtos\"}]},{\"@type\":\"WebSite\",\"@id\":\"https:\/\/kawasakirobotics.com\/br\/#website\",\"url\":\"https:\/\/kawasakirobotics.com\/br\/\",\"name\":\"Kawasaki Robotics\",\"description\":\"\",\"publisher\":{\"@id\":\"https:\/\/kawasakirobotics.com\/br\/#organization\"},\"potentialAction\":[{\"@type\":\"SearchAction\",\"target\":{\"@type\":\"EntryPoint\",\"urlTemplate\":\"https:\/\/kawasakirobotics.com\/br\/?s={search_term_string}\"},\"query-input\":{\"@type\":\"PropertyValueSpecification\",\"valueRequired\":true,\"valueName\":\"search_term_string\"}}],\"inLanguage\":\"pt-BR\"},{\"@type\":\"Organization\",\"@id\":\"https:\/\/kawasakirobotics.com\/br\/#organization\",\"name\":\"\u5ddd\u5d0e\u91cd\u5de5\u696d\u30ed\u30dc\u30c3\u30c8\u30c7\u30a3\u30d3\u30b8\u30e7\u30f3\",\"url\":\"https:\/\/kawasakirobotics.com\/br\/\",\"logo\":{\"@type\":\"ImageObject\",\"inLanguage\":\"pt-BR\",\"@id\":\"https:\/\/kawasakirobotics.com\/br\/#\/schema\/logo\/image\/\",\"url\":\"\",\"contentUrl\":\"\",\"caption\":\"\u5ddd\u5d0e\u91cd\u5de5\u696d\u30ed\u30dc\u30c3\u30c8\u30c7\u30a3\u30d3\u30b8\u30e7\u30f3\"},\"image\":{\"@id\":\"https:\/\/kawasakirobotics.com\/br\/#\/schema\/logo\/image\/\"},\"sameAs\":[\"https:\/\/www.facebook.com\/Kawasaki-Robotics-264043869602\",\"https:\/\/x.com\/kawasakirobot\",\"https:\/\/www.youtube.com\/user\/KawasakiRobots?sub_confirmation=1\",\"https:\/\/www.linkedin.com\/company\/kawasaki-robotics\"]}]}<\/script>\n<!-- \/ Yoast SEO plugin. -->","yoast_head_json":{"title":"Outros produtos | Industrial Robots by Kawasaki Robotics","description":"Descubra as solu\u00e7\u00f5es de automa\u00e7\u00e3o da Kawasaki com software especializado, vis\u00e3o 2D, hardware de seguran\u00e7a e equipamento para o seu sistema de robots.","robots":{"index":"index","follow":"follow","max-snippet":"max-snippet:-1","max-image-preview":"max-image-preview:large","max-video-preview":"max-video-preview:-1"},"canonical":"https:\/\/kawasakirobotics.com\/br\/products-others\/","og_locale":"pt_BR","og_type":"article","og_title":"Outros produtos | Industrial Robots by Kawasaki Robotics","og_description":"Descubra as solu\u00e7\u00f5es de automa\u00e7\u00e3o da Kawasaki com software especializado, vis\u00e3o 2D, hardware de seguran\u00e7a e equipamento para o seu sistema de robots.","og_url":"https:\/\/kawasakirobotics.com\/br\/products-others\/","og_site_name":"Kawasaki Robotics","article_publisher":"https:\/\/www.facebook.com\/Kawasaki-Robotics-264043869602","article_modified_time":"2025-02-14T08:42:27+00:00","og_image":[{"url":"https:\/\/kawasakirobotics.com\/content\/themes\/krobot-theme\/src\/images\/default\/ogp.jpg","width":"1200","height":"630","type":"image\/jpeg"}],"twitter_card":"summary_large_image","twitter_site":"@kawasakirobot","schema":{"@context":"https:\/\/schema.org","@graph":[{"@type":"WebPage","@id":"https:\/\/kawasakirobotics.com\/br\/products-others\/","url":"https:\/\/kawasakirobotics.com\/br\/products-others\/","name":"Outros produtos | Industrial Robots by Kawasaki Robotics","isPartOf":{"@id":"https:\/\/kawasakirobotics.com\/br\/#website"},"datePublished":"2022-01-28T07:00:58+00:00","dateModified":"2025-02-14T08:42:27+00:00","description":"Descubra as solu\u00e7\u00f5es de automa\u00e7\u00e3o da Kawasaki com software especializado, vis\u00e3o 2D, hardware de seguran\u00e7a e equipamento para o seu sistema de robots.","breadcrumb":{"@id":"https:\/\/kawasakirobotics.com\/br\/products-others\/#breadcrumb"},"inLanguage":"pt-BR","potentialAction":[{"@type":"ReadAction","target":["https:\/\/kawasakirobotics.com\/br\/products-others\/"]}]},{"@type":"BreadcrumbList","@id":"https:\/\/kawasakirobotics.com\/br\/products-others\/#breadcrumb","itemListElement":[{"@type":"ListItem","position":1,"name":"In\u00edcio","item":"https:\/\/kawasakirobotics.com\/br\/"},{"@type":"ListItem","position":2,"name":"Outros produtos"}]},{"@type":"WebSite","@id":"https:\/\/kawasakirobotics.com\/br\/#website","url":"https:\/\/kawasakirobotics.com\/br\/","name":"Kawasaki Robotics","description":"","publisher":{"@id":"https:\/\/kawasakirobotics.com\/br\/#organization"},"potentialAction":[{"@type":"SearchAction","target":{"@type":"EntryPoint","urlTemplate":"https:\/\/kawasakirobotics.com\/br\/?s={search_term_string}"},"query-input":{"@type":"PropertyValueSpecification","valueRequired":true,"valueName":"search_term_string"}}],"inLanguage":"pt-BR"},{"@type":"Organization","@id":"https:\/\/kawasakirobotics.com\/br\/#organization","name":"\u5ddd\u5d0e\u91cd\u5de5\u696d\u30ed\u30dc\u30c3\u30c8\u30c7\u30a3\u30d3\u30b8\u30e7\u30f3","url":"https:\/\/kawasakirobotics.com\/br\/","logo":{"@type":"ImageObject","inLanguage":"pt-BR","@id":"https:\/\/kawasakirobotics.com\/br\/#\/schema\/logo\/image\/","url":"","contentUrl":"","caption":"\u5ddd\u5d0e\u91cd\u5de5\u696d\u30ed\u30dc\u30c3\u30c8\u30c7\u30a3\u30d3\u30b8\u30e7\u30f3"},"image":{"@id":"https:\/\/kawasakirobotics.com\/br\/#\/schema\/logo\/image\/"},"sameAs":["https:\/\/www.facebook.com\/Kawasaki-Robotics-264043869602","https:\/\/x.com\/kawasakirobot","https:\/\/www.youtube.com\/user\/KawasakiRobots?sub_confirmation=1","https:\/\/www.linkedin.com\/company\/kawasaki-robotics"]}]}},"_links":{"self":[{"href":"https:\/\/kawasakirobotics.com\/br\/wp-json\/wp\/v2\/pages\/883","targetHints":{"allow":["GET"]}}],"collection":[{"href":"https:\/\/kawasakirobotics.com\/br\/wp-json\/wp\/v2\/pages"}],"about":[{"href":"https:\/\/kawasakirobotics.com\/br\/wp-json\/wp\/v2\/types\/page"}],"author":[{"embeddable":true,"href":"https:\/\/kawasakirobotics.com\/br\/wp-json\/wp\/v2\/users\/14"}],"replies":[{"embeddable":true,"href":"https:\/\/kawasakirobotics.com\/br\/wp-json\/wp\/v2\/comments?post=883"}],"version-history":[{"count":5,"href":"https:\/\/kawasakirobotics.com\/br\/wp-json\/wp\/v2\/pages\/883\/revisions"}],"predecessor-version":[{"id":8486,"href":"https:\/\/kawasakirobotics.com\/br\/wp-json\/wp\/v2\/pages\/883\/revisions\/8486"}],"wp:attachment":[{"href":"https:\/\/kawasakirobotics.com\/br\/wp-json\/wp\/v2\/media?parent=883"}],"curies":[{"name":"wp","href":"https:\/\/api.w.org\/{rel}","templated":true}]}}