{"id":24,"date":"2022-01-19T17:35:47","date_gmt":"2022-01-19T08:35:47","guid":{"rendered":"urn:uuid:3ce984ae-9a35-42a3-a76c-04107b6b322a"},"modified":"2022-03-23T10:20:27","modified_gmt":"2022-03-23T09:20:27","slug":"featured-video","status":"publish","type":"page","link":"https:\/\/kawasakirobotics.com\/de\/featured-video\/","title":{"rendered":"Videos"},"content":{"rendered":"\n<div class=\"wp-block-columns is-layout-flex wp-container-core-columns-is-layout-28f84493 wp-block-columns-is-layout-flex\">\n<div class=\"wp-block-column is-layout-flow wp-block-column-is-layout-flow\" style=\"flex-basis:33.33%\"><figure class=\"wp-block-image krobot-video-list__figure\">\n\t<a class=\"js-modal-btn\" data-video-id=\"j3S-laEgPfc\">\n\t\t<div class=\"krobot-video-list__thumbnail\">\n\t\t\t<img decoding=\"async\" src=\"https:\/\/img.youtube.com\/vi\/j3S-laEgPfc\/hqdefault.jpg\" alt=\"\" \/>\n\t\t<\/div>\n\t<\/a>\n<\/figure>\n<\/div>\n\n\n\n<div class=\"wp-block-column is-layout-flow wp-block-column-is-layout-flow\" style=\"flex-basis:66.66%\">\n<p><strong>Die 50-j\u00e4hrige Geschichte des Robotergesch\u00e4fts von Kawasaki Heavy Industries<\/strong><\/p>\n\n\n\n<p>Kawasaki Robotics feiert sein 50-j\u00e4hriges Bestehen. Gemeinsam mit seinen Kunden hat Kawasaki Technologien entwickelt und dabei Erfahrungen gesammelt. Mit diesem Wissen will Kawasaki der Gesellschaft etwas zur\u00fcckgeben und strebt danach, ein voll integrierter Roboterhersteller zu werden, der eine strahlende, neue Zukunft entwirft, die eine Welt verspricht, in der Menschen und Roboter Seite an Seite existieren k\u00f6nnen.<\/p>\n<\/div>\n<\/div>\n\n\n\n<hr class=\"wp-block-separator is-style-wide\" \/>\n\n\n\n<div class=\"wp-block-columns wp-embed-aspect-16-9 wp-has-aspect-ratio is-layout-flex wp-container-core-columns-is-layout-28f84493 wp-block-columns-is-layout-flex\">\n<div class=\"wp-block-column is-layout-flow wp-block-column-is-layout-flow\" style=\"flex-basis:33.33%\"><figure class=\"wp-block-image krobot-video-list__figure\">\n\t<a class=\"js-modal-btn\" data-video-id=\"mOvKevdj3U0\">\n\t\t<div class=\"krobot-video-list__thumbnail\">\n\t\t\t<img decoding=\"async\" src=\"https:\/\/img.youtube.com\/vi\/mOvKevdj3U0\/hqdefault.jpg\" alt=\"\" \/>\n\t\t<\/div>\n\t<\/a>\n<\/figure>\n<\/div>\n\n\n\n<div class=\"wp-block-column is-layout-flow wp-block-column-is-layout-flow\" style=\"flex-basis:66.66%\">\n<p><strong>Kawasaki Robotics auf der iREX2017<\/strong><\/p>\n\n\n\n<p>Kawasaki hatte seinen bisher gr\u00f6\u00dften Auftritt auf der International Robot Exhibition 2017 (iREX2017), die vom 29. November bis 2. Dezember in Tokio stattfand. Schauen Sie sich dieses Video an, um die vielen neuen Produkte und Technologien zu sehen, die wir vorstellten. &#8222;Vom industriellen zum voll integrierten Roboterhersteller&#8220; ist unsere Botschaft, mit der wir in diesem Jahr unser 50-j\u00e4hriges Jubil\u00e4um in der Robotik feiern.<\/p>\n<\/div>\n<\/div>\n\n\n\n<hr class=\"wp-block-separator wp-embed-aspect-16-9 wp-has-aspect-ratio is-style-wide\" \/>\n\n\n\n<div class=\"wp-block-columns wp-embed-aspect-16-9 wp-has-aspect-ratio is-layout-flex wp-container-core-columns-is-layout-28f84493 wp-block-columns-is-layout-flex\">\n<div class=\"wp-block-column is-layout-flow wp-block-column-is-layout-flow\" style=\"flex-basis:33.33%\"><figure class=\"wp-block-image krobot-video-list__figure\">\n\t<a class=\"js-modal-btn\" data-video-id=\"WKw8McOFvTw\">\n\t\t<div class=\"krobot-video-list__thumbnail\">\n\t\t\t<img decoding=\"async\" src=\"https:\/\/img.youtube.com\/vi\/WKw8McOFvTw\/hqdefault.jpg\" alt=\"\" \/>\n\t\t<\/div>\n\t<\/a>\n<\/figure>\n<\/div>\n\n\n\n<div class=\"wp-block-column is-layout-flow wp-block-column-is-layout-flow\" style=\"flex-basis:66.66%\">\n<p><strong>Kawasaki-Roboter zeigen Lasershow im K\u00f6lner Dom, Deutschland<\/strong><\/p>\n\n\n\n<p>Zum ersten Mal treten Roboter in einer Kirche auf! In dem Bem\u00fchen, junge Menschen zum Besuch des historischen K\u00f6lner Doms zu bewegen und w\u00e4hrend der weltgr\u00f6\u00dften Computerspielmesse GAMESCON, die im August 2016 in K\u00f6ln stattfand, \u00fcber dessen Botschaft nachzudenken, wandte sich die Kirche an die Ruhr-Universit\u00e4t Bochum, um eine Arbeitsgruppe zu gr\u00fcnden. Das Ergebnis war eine einzigartige Veranstaltung, die SilentMOD Licht- und Musikshow mit drei Kawasaki RS005L Robotern. Die Kawasaki Robotics GmbH f\u00fchlte sich geehrt, ein so sch\u00f6nes und kreatives Projekt unterst\u00fctzen zu k\u00f6nnen.<\/p>\n<\/div>\n<\/div>\n\n\n\n<hr class=\"wp-block-separator wp-embed-aspect-16-9 wp-has-aspect-ratio is-style-wide\" \/>\n\n\n\n<div class=\"wp-block-columns wp-embed-aspect-16-9 wp-has-aspect-ratio is-layout-flex wp-container-core-columns-is-layout-28f84493 wp-block-columns-is-layout-flex\">\n<div class=\"wp-block-column is-layout-flow wp-block-column-is-layout-flow\" style=\"flex-basis:33.33%\"><figure class=\"wp-block-image krobot-video-list__figure\">\n\t<a class=\"js-modal-btn\" data-video-id=\"wXhcEV4lHl8\">\n\t\t<div class=\"krobot-video-list__thumbnail\">\n\t\t\t<img decoding=\"async\" src=\"https:\/\/img.youtube.com\/vi\/wXhcEV4lHl8\/hqdefault.jpg\" alt=\"\" \/>\n\t\t<\/div>\n\t<\/a>\n<\/figure>\n<\/div>\n\n\n\n<div class=\"wp-block-column is-layout-flow wp-block-column-is-layout-flow\" style=\"flex-basis:66.66%\">\n<p><strong>Kawasaki Robotics feat. NUMBERS No:Z<\/strong><\/p>\n\n\n\n<p>Was passiert, wenn menschliche Vorstellungskraft auf Kawasaki-Technologie trifft? Eine perfekt ausgearbeitete Choreografie, die die Essenz der harmonischen Bewegung zwischen Menschen und Robotern einf\u00e4ngt, dargeboten vom weltbekannten Animationstanzduo NUMBERS No:Z und Kawasaki-Robotern.<\/p>\n\n\n\n<p><a href=\"https:\/\/global.kawasaki.com\/en\/stories\/robotics_challengeK\/?youtube&amp;_ga=2.148872375.105631617.1644803412-1173242345.1634688932\" target=\"_blank\" rel=\"noreferrer noopener\">Mehr Informationen zum Video<\/a><\/p>\n<\/div>\n<\/div>\n\n\n\n<hr class=\"wp-block-separator wp-embed-aspect-16-9 wp-has-aspect-ratio is-style-wide\" \/>\n\n\n\n<div class=\"wp-block-columns wp-embed-aspect-16-9 wp-has-aspect-ratio is-layout-flex wp-container-core-columns-is-layout-28f84493 wp-block-columns-is-layout-flex\">\n<div class=\"wp-block-column is-layout-flow wp-block-column-is-layout-flow\" style=\"flex-basis:33.33%\"><figure class=\"wp-block-image krobot-video-list__figure\">\n\t<a class=\"js-modal-btn\" data-video-id=\"3s715RRwQsM\">\n\t\t<div class=\"krobot-video-list__thumbnail\">\n\t\t\t<img decoding=\"async\" src=\"https:\/\/img.youtube.com\/vi\/3s715RRwQsM\/hqdefault.jpg\" alt=\"\" \/>\n\t\t<\/div>\n\t<\/a>\n<\/figure>\n<\/div>\n\n\n\n<div class=\"wp-block-column is-layout-flow wp-block-column-is-layout-flow\" style=\"flex-basis:66.66%\">\n<p><strong>Kawasaki: Kawasaki Robotics, Akashi \/ Nishi-Kobe Works<\/strong><\/p>\n\n\n\n<p>Mit mehr als 139.000 weltweit installierten Robotern ist Kawasaki Robotics ein f\u00fchrender Anbieter von Industrierobotern und Roboterautomationssystemen mit einem breiten Produktportfolio, das eine Vielzahl von Anwendungen in den unterschiedlichsten Branchen abdeckt. In die Entwicklung der technisch fortschrittlichsten Steuerungen und der hochwertigsten Roboter sind \u00fcber 45 Jahre Erfahrung als Marktf\u00fchrer in der Roboterindustrie eingeflossen. Wir unterst\u00fctzen unsere Kunden von der Anschaffung \u00fcber die Implementierung und Schulung bis hin zur technischen Unterst\u00fctzung und Wartung. Mit unseren kosteng\u00fcnstigen und zuverl\u00e4ssigen Automatisierungsl\u00f6sungen streben wir danach, die Produktivit\u00e4t, Sicherheit, Flexibilit\u00e4t und Produktqualit\u00e4t unserer Kunden zu maximieren.<br>Kawasaki Robotics ist Ihr flexibler Automatisierungspartner.<\/p>\n<\/div>\n<\/div>\n\n\n\n<hr class=\"wp-block-separator wp-embed-aspect-16-9 wp-has-aspect-ratio is-style-wide\" \/>\n\n\n\n<div class=\"wp-block-columns wp-embed-aspect-16-9 wp-has-aspect-ratio is-layout-flex wp-container-core-columns-is-layout-28f84493 wp-block-columns-is-layout-flex\">\n<div class=\"wp-block-column is-layout-flow wp-block-column-is-layout-flow\" style=\"flex-basis:33.33%\"><figure class=\"wp-block-image krobot-video-list__figure\">\n\t<a class=\"js-modal-btn\" data-video-id=\"c_kTwiUsyp4\">\n\t\t<div class=\"krobot-video-list__thumbnail\">\n\t\t\t<img decoding=\"async\" src=\"https:\/\/img.youtube.com\/vi\/c_kTwiUsyp4\/hqdefault.jpg\" alt=\"\" \/>\n\t\t<\/div>\n\t<\/a>\n<\/figure>\n<\/div>\n\n\n\n<div class=\"wp-block-column is-layout-flow wp-block-column-is-layout-flow\" style=\"flex-basis:66.66%\">\n<p><strong>Ninja H2R Rahmenschwei\u00dfen<\/strong><\/p>\n\n\n\n<p>Wir verf\u00fcgen \u00fcber mehr als 45 Jahre Erfahrung in der Entwicklung von Robotern, die die Produktivit\u00e4t und Qualit\u00e4t der Fertigung sowohl f\u00fcr unsere Kunden als auch f\u00fcr uns selbst verbessern &#8211; sehen Sie, wie Kawasaki-Roboter den Rahmen der neuen Kawasaki Ninja H2R schwei\u00dfen.<\/p>\n<\/div>\n<\/div>\n\n\n\n<hr class=\"wp-block-separator wp-embed-aspect-16-9 wp-has-aspect-ratio is-style-wide\" \/>\n","protected":false},"excerpt":{"rendered":"<p>Die 50-j\u00e4hrige Geschichte des Robotergesch\u00e4fts von Kawasaki Heavy Industries Kawasaki Robotics feiert sein 50-j\u00e4hriges Bestehen. Gemeinsam mit seinen Kunden hat Kawasaki Technologien entwickelt und dabei Erfahrungen gesammelt. Mit diesem Wissen will Kawasaki der Gesellschaft etwas zur\u00fcckgeben und strebt danach, ein voll integrierter Roboterhersteller zu werden, der eine strahlende, neue Zukunft entwirft, die eine Welt verspricht, in der Menschen und Roboter Seite an Seite existieren k\u00f6nnen. Kawasaki Robotics auf der iREX2017 Kawasaki hatte seinen bisher gr\u00f6\u00dften Auftritt auf der International Robot Exhibition 2017 (iREX2017), die vom 29. November bis 2. Dezember in Tokio stattfand. Schauen Sie sich dieses Video an, um die vielen neuen Produkte und Technologien zu sehen, die wir [&hellip;]<\/p>\n","protected":false},"author":26,"featured_media":926,"parent":0,"menu_order":7,"comment_status":"closed","ping_status":"closed","template":"page-templates\/custom-title-with-background.php","meta":{"ep_exclude_from_search":false,"footnotes":""},"class_list":["post-24","page","type-page","status-publish","has-post-thumbnail","hentry"],"yoast_head":"<!-- This site is optimized with the Yoast SEO plugin v25.9 - https:\/\/yoast.com\/wordpress\/plugins\/seo\/ -->\n<title>Videos | Industrieroboter von Kawasaki Robotics<\/title>\n<meta name=\"description\" content=\"Das Video \u00fcber den Kawasaki Roboter wird vorgestellt.\" \/>\n<meta name=\"robots\" content=\"index, follow, max-snippet:-1, max-image-preview:large, max-video-preview:-1\" \/>\n<link rel=\"canonical\" href=\"https:\/\/kawasakirobotics.com\/de\/featured-video\/\" \/>\n<meta property=\"og:locale\" content=\"de_DE\" \/>\n<meta property=\"og:type\" content=\"article\" \/>\n<meta property=\"og:title\" content=\"Videos | Industrieroboter von Kawasaki Robotics\" \/>\n<meta property=\"og:description\" content=\"Das Video \u00fcber den Kawasaki Roboter wird vorgestellt.\" \/>\n<meta property=\"og:url\" content=\"https:\/\/kawasakirobotics.com\/de\/featured-video\/\" \/>\n<meta property=\"og:site_name\" content=\"Kawasaki Robotics\" \/>\n<meta property=\"article:modified_time\" content=\"2022-03-23T09:20:27+00:00\" \/>\n<meta property=\"og:image\" content=\"https:\/\/kawasakirobotics.com\/content\/themes\/krobot-theme\/src\/images\/default\/ogp.jpg\" \/>\n\t<meta property=\"og:image:width\" content=\"1200\" \/>\n\t<meta property=\"og:image:height\" content=\"630\" \/>\n\t<meta property=\"og:image:type\" content=\"image\/jpeg\" \/>\n<meta name=\"twitter:card\" content=\"summary_large_image\" \/>\n<script type=\"application\/ld+json\" class=\"yoast-schema-graph\">{\"@context\":\"https:\/\/schema.org\",\"@graph\":[{\"@type\":\"WebPage\",\"@id\":\"https:\/\/kawasakirobotics.com\/de\/featured-video\/\",\"url\":\"https:\/\/kawasakirobotics.com\/de\/featured-video\/\",\"name\":\"Videos | Industrieroboter von Kawasaki Robotics\",\"isPartOf\":{\"@id\":\"https:\/\/kawasakirobotics.com\/de\/#website\"},\"primaryImageOfPage\":{\"@id\":\"https:\/\/kawasakirobotics.com\/de\/featured-video\/#primaryimage\"},\"image\":{\"@id\":\"https:\/\/kawasakirobotics.com\/de\/featured-video\/#primaryimage\"},\"thumbnailUrl\":\"https:\/\/kawasakirobotics.com\/tachyon\/sites\/2\/2022\/01\/title-background-A1760478.jpg?fit=2160%2C360\",\"datePublished\":\"2022-01-19T08:35:47+00:00\",\"dateModified\":\"2022-03-23T09:20:27+00:00\",\"description\":\"Das Video \u00fcber den Kawasaki Roboter wird vorgestellt.\",\"breadcrumb\":{\"@id\":\"https:\/\/kawasakirobotics.com\/de\/featured-video\/#breadcrumb\"},\"inLanguage\":\"de\",\"potentialAction\":[{\"@type\":\"ReadAction\",\"target\":[\"https:\/\/kawasakirobotics.com\/de\/featured-video\/\"]}]},{\"@type\":\"ImageObject\",\"inLanguage\":\"de\",\"@id\":\"https:\/\/kawasakirobotics.com\/de\/featured-video\/#primaryimage\",\"url\":\"https:\/\/kawasakirobotics.com\/tachyon\/sites\/2\/2022\/01\/title-background-A1760478.jpg?fit=2160%2C360\",\"contentUrl\":\"https:\/\/kawasakirobotics.com\/tachyon\/sites\/2\/2022\/01\/title-background-A1760478.jpg?fit=2160%2C360\",\"width\":2160,\"height\":360,\"caption\":\"Videos\"},{\"@type\":\"BreadcrumbList\",\"@id\":\"https:\/\/kawasakirobotics.com\/de\/featured-video\/#breadcrumb\",\"itemListElement\":[{\"@type\":\"ListItem\",\"position\":1,\"name\":\"Home\",\"item\":\"https:\/\/kawasakirobotics.com\/de\/\"},{\"@type\":\"ListItem\",\"position\":2,\"name\":\"Videos\"}]},{\"@type\":\"WebSite\",\"@id\":\"https:\/\/kawasakirobotics.com\/de\/#website\",\"url\":\"https:\/\/kawasakirobotics.com\/de\/\",\"name\":\"Kawasaki Robotics\",\"description\":\"\",\"publisher\":{\"@id\":\"https:\/\/kawasakirobotics.com\/de\/#organization\"},\"potentialAction\":[{\"@type\":\"SearchAction\",\"target\":{\"@type\":\"EntryPoint\",\"urlTemplate\":\"https:\/\/kawasakirobotics.com\/de\/?s={search_term_string}\"},\"query-input\":{\"@type\":\"PropertyValueSpecification\",\"valueRequired\":true,\"valueName\":\"search_term_string\"}}],\"inLanguage\":\"de\"},{\"@type\":\"Organization\",\"@id\":\"https:\/\/kawasakirobotics.com\/de\/#organization\",\"name\":\"\u5ddd\u5d0e\u91cd\u5de5\u696d\u30ed\u30dc\u30c3\u30c8\u30c7\u30a3\u30d3\u30b8\u30e7\u30f3\",\"url\":\"https:\/\/kawasakirobotics.com\/de\/\",\"logo\":{\"@type\":\"ImageObject\",\"inLanguage\":\"de\",\"@id\":\"https:\/\/kawasakirobotics.com\/de\/#\/schema\/logo\/image\/\",\"url\":\"\",\"contentUrl\":\"\",\"caption\":\"\u5ddd\u5d0e\u91cd\u5de5\u696d\u30ed\u30dc\u30c3\u30c8\u30c7\u30a3\u30d3\u30b8\u30e7\u30f3\"},\"image\":{\"@id\":\"https:\/\/kawasakirobotics.com\/de\/#\/schema\/logo\/image\/\"}}]}<\/script>\n<!-- \/ Yoast SEO plugin. -->","yoast_head_json":{"title":"Videos | Industrieroboter von Kawasaki Robotics","description":"Das Video \u00fcber den Kawasaki Roboter wird vorgestellt.","robots":{"index":"index","follow":"follow","max-snippet":"max-snippet:-1","max-image-preview":"max-image-preview:large","max-video-preview":"max-video-preview:-1"},"canonical":"https:\/\/kawasakirobotics.com\/de\/featured-video\/","og_locale":"de_DE","og_type":"article","og_title":"Videos | Industrieroboter von Kawasaki Robotics","og_description":"Das Video \u00fcber den Kawasaki Roboter wird vorgestellt.","og_url":"https:\/\/kawasakirobotics.com\/de\/featured-video\/","og_site_name":"Kawasaki Robotics","article_modified_time":"2022-03-23T09:20:27+00:00","og_image":[{"url":"https:\/\/kawasakirobotics.com\/content\/themes\/krobot-theme\/src\/images\/default\/ogp.jpg","width":"1200","height":"630","type":"image\/jpeg"}],"twitter_card":"summary_large_image","schema":{"@context":"https:\/\/schema.org","@graph":[{"@type":"WebPage","@id":"https:\/\/kawasakirobotics.com\/de\/featured-video\/","url":"https:\/\/kawasakirobotics.com\/de\/featured-video\/","name":"Videos | Industrieroboter von Kawasaki Robotics","isPartOf":{"@id":"https:\/\/kawasakirobotics.com\/de\/#website"},"primaryImageOfPage":{"@id":"https:\/\/kawasakirobotics.com\/de\/featured-video\/#primaryimage"},"image":{"@id":"https:\/\/kawasakirobotics.com\/de\/featured-video\/#primaryimage"},"thumbnailUrl":"https:\/\/kawasakirobotics.com\/tachyon\/sites\/2\/2022\/01\/title-background-A1760478.jpg?fit=2160%2C360","datePublished":"2022-01-19T08:35:47+00:00","dateModified":"2022-03-23T09:20:27+00:00","description":"Das Video \u00fcber den Kawasaki Roboter wird vorgestellt.","breadcrumb":{"@id":"https:\/\/kawasakirobotics.com\/de\/featured-video\/#breadcrumb"},"inLanguage":"de","potentialAction":[{"@type":"ReadAction","target":["https:\/\/kawasakirobotics.com\/de\/featured-video\/"]}]},{"@type":"ImageObject","inLanguage":"de","@id":"https:\/\/kawasakirobotics.com\/de\/featured-video\/#primaryimage","url":"https:\/\/kawasakirobotics.com\/tachyon\/sites\/2\/2022\/01\/title-background-A1760478.jpg?fit=2160%2C360","contentUrl":"https:\/\/kawasakirobotics.com\/tachyon\/sites\/2\/2022\/01\/title-background-A1760478.jpg?fit=2160%2C360","width":2160,"height":360,"caption":"Videos"},{"@type":"BreadcrumbList","@id":"https:\/\/kawasakirobotics.com\/de\/featured-video\/#breadcrumb","itemListElement":[{"@type":"ListItem","position":1,"name":"Home","item":"https:\/\/kawasakirobotics.com\/de\/"},{"@type":"ListItem","position":2,"name":"Videos"}]},{"@type":"WebSite","@id":"https:\/\/kawasakirobotics.com\/de\/#website","url":"https:\/\/kawasakirobotics.com\/de\/","name":"Kawasaki Robotics","description":"","publisher":{"@id":"https:\/\/kawasakirobotics.com\/de\/#organization"},"potentialAction":[{"@type":"SearchAction","target":{"@type":"EntryPoint","urlTemplate":"https:\/\/kawasakirobotics.com\/de\/?s={search_term_string}"},"query-input":{"@type":"PropertyValueSpecification","valueRequired":true,"valueName":"search_term_string"}}],"inLanguage":"de"},{"@type":"Organization","@id":"https:\/\/kawasakirobotics.com\/de\/#organization","name":"\u5ddd\u5d0e\u91cd\u5de5\u696d\u30ed\u30dc\u30c3\u30c8\u30c7\u30a3\u30d3\u30b8\u30e7\u30f3","url":"https:\/\/kawasakirobotics.com\/de\/","logo":{"@type":"ImageObject","inLanguage":"de","@id":"https:\/\/kawasakirobotics.com\/de\/#\/schema\/logo\/image\/","url":"","contentUrl":"","caption":"\u5ddd\u5d0e\u91cd\u5de5\u696d\u30ed\u30dc\u30c3\u30c8\u30c7\u30a3\u30d3\u30b8\u30e7\u30f3"},"image":{"@id":"https:\/\/kawasakirobotics.com\/de\/#\/schema\/logo\/image\/"}}]}},"_links":{"self":[{"href":"https:\/\/kawasakirobotics.com\/de\/wp-json\/wp\/v2\/pages\/24","targetHints":{"allow":["GET"]}}],"collection":[{"href":"https:\/\/kawasakirobotics.com\/de\/wp-json\/wp\/v2\/pages"}],"about":[{"href":"https:\/\/kawasakirobotics.com\/de\/wp-json\/wp\/v2\/types\/page"}],"author":[{"embeddable":true,"href":"https:\/\/kawasakirobotics.com\/de\/wp-json\/wp\/v2\/users\/26"}],"replies":[{"embeddable":true,"href":"https:\/\/kawasakirobotics.com\/de\/wp-json\/wp\/v2\/comments?post=24"}],"version-history":[{"count":5,"href":"https:\/\/kawasakirobotics.com\/de\/wp-json\/wp\/v2\/pages\/24\/revisions"}],"predecessor-version":[{"id":6584,"href":"https:\/\/kawasakirobotics.com\/de\/wp-json\/wp\/v2\/pages\/24\/revisions\/6584"}],"wp:featuredmedia":[{"embeddable":true,"href":"https:\/\/kawasakirobotics.com\/de\/wp-json\/wp\/v2\/media\/926"}],"wp:attachment":[{"href":"https:\/\/kawasakirobotics.com\/de\/wp-json\/wp\/v2\/media?parent=24"}],"curies":[{"name":"wp","href":"https:\/\/api.w.org\/{rel}","templated":true}]}}