{"id":2552,"date":"2022-01-19T17:10:19","date_gmt":"2022-01-19T16:10:19","guid":{"rendered":"urn:uuid:c8ee125c-0d45-49a2-9209-db27df02f0fa"},"modified":"2025-04-11T08:37:26","modified_gmt":"2025-04-11T07:37:26","slug":"frontpage","status":"publish","type":"page","link":"https:\/\/kawasakirobotics.com\/de\/","title":{"rendered":"HOME"},"content":{"rendered":"\n<div class=\"wp-block-cover alignfull is-light krobot-pattern-lead-cover\" style=\"min-height:460px;aspect-ratio:unset;\"><span aria-hidden=\"true\" class=\"wp-block-cover__background has-light-gray-background-color has-background-dim-0 has-background-dim\"><\/span><img loading=\"lazy\" decoding=\"async\" width=\"2160\" height=\"360\" class=\"wp-block-cover__image-background wp-image-982\" alt=\"\" src=\"https:\/\/kawasakirobotics.com\/tachyon\/sites\/2\/2022\/01\/title-background-A1760316.jpg\" style=\"object-position:28% 100%\" data-object-fit=\"cover\" data-object-position=\"28% 100%\" \/><div class=\"wp-block-cover__inner-container is-layout-flow wp-block-cover-is-layout-flow\">\n<div class=\"wp-block-columns alignwide is-layout-flex wp-container-core-columns-is-layout-28f84493 wp-block-columns-is-layout-flex\">\n<div class=\"wp-block-column is-layout-flow wp-block-column-is-layout-flow\">\n<div class=\"wp-block-group has-black-color has-white-background-color has-text-color has-background is-layout-flow wp-block-group-is-layout-flow\">\n<h1 class=\"wp-block-heading\">Warum Kawasaki Robotics?<\/h1>\n\n\n\n<p>Mit einem servicebasierten Ansatz, einer flexiblen und offenen Programmiersprache und einer herstellerorientierten Denkweise erfahren Sie, was uns zu einer anderen Art von Roboterunternehmen macht.<\/p>\n<\/div>\n\n\n\n<p class=\"krobot-pattern-lead-cover__link\"><strong><a href=\"https:\/\/kawasakirobotics.com\/de\/why-kawasaki-robotics\/\">ERFAHREN SIE MEHR<\/a><\/strong><\/p>\n<\/div>\n\n\n\n<div class=\"wp-block-column is-layout-flow wp-block-column-is-layout-flow\"><\/div>\n<\/div>\n<\/div><\/div>\n\n\n\n<div class=\"wp-block-cover alignfull is-light krobot-pattern-lead-cover\" style=\"min-height:460px;aspect-ratio:unset;\"><span aria-hidden=\"true\" class=\"wp-block-cover__background has-light-gray-background-color has-background-dim-0 has-background-dim\"><\/span><img loading=\"lazy\" width=\"2560\" height=\"853\" decoding=\"async\" class=\"wp-block-cover__image-background wp-image-4648\" alt=\"\" src=\"https:\/\/kawasakirobotics.com\/tachyon\/sites\/9\/2022\/02\/top_faq_1-scaled.jpg\" style=\"object-position:100% 47%\" data-object-fit=\"cover\" data-object-position=\"100% 47%\" srcset=\"https:\/\/kawasakirobotics.com\/tachyon\/sites\/9\/2022\/02\/top_faq_1-scaled.jpg?resize=2560%2C853&amp;zoom=1 2560w, https:\/\/kawasakirobotics.com\/tachyon\/sites\/9\/2022\/02\/top_faq_1-scaled.jpg?resize=2560%2C853&amp;zoom=0.5 1280w, https:\/\/kawasakirobotics.com\/tachyon\/sites\/9\/2022\/02\/top_faq_1-scaled.jpg?resize=2560%2C853&amp;zoom=0.25 640w\" sizes=\"auto, (max-width: 2560px) 100vw, 2560px\" \/><div class=\"wp-block-cover__inner-container is-layout-flow wp-block-cover-is-layout-flow\">\n<div class=\"wp-block-columns alignwide is-layout-flex wp-container-core-columns-is-layout-28f84493 wp-block-columns-is-layout-flex\">\n<div class=\"wp-block-column is-layout-flow wp-block-column-is-layout-flow\"><\/div>\n\n\n\n<div class=\"wp-block-column is-layout-flow wp-block-column-is-layout-flow\">\n<div class=\"wp-block-group has-black-color has-white-background-color has-text-color has-background is-layout-flow wp-block-group-is-layout-flow\">\n<h1 class=\"wp-block-heading\">H\u00e4ufig gestellte Fragen<\/h1>\n\n\n\n<p>St\u00f6bern Sie in den h\u00e4ufig gestellten Fragen zur Roboterautomatisierung und finden Sie Antworten direkt von unseren Experten. Wir engagieren uns f\u00fcr Ihren Erfolg in der Automatisierungstechnik und helfen Ihnen gerne weiter, wo wir nur k\u00f6nnen.<\/p>\n<\/div>\n\n\n\n<p class=\"krobot-pattern-lead-cover__link\"><strong><a href=\"https:\/\/kawasakirobotics.com\/de\/robot-automation-faqs\/\">ERFAHREN SIE MEHR<\/a><\/strong><\/p>\n<\/div>\n<\/div>\n<\/div><\/div>\n\n\n\n<div class=\"wp-block-columns alignfull krobot-pattern-nogap-cols is-layout-flex wp-container-core-columns-is-layout-28f84493 wp-block-columns-is-layout-flex\">\n<div class=\"wp-block-column krobot-pattern-nogap-cols is-layout-flow wp-block-column-is-layout-flow\">\n<div class=\"wp-block-cover\"><span aria-hidden=\"true\" class=\"wp-block-cover__background has-black-background-color has-background-dim-70 has-background-dim\"><\/span><img loading=\"lazy\" decoding=\"async\" width=\"2560\" height=\"1707\" class=\"wp-block-cover__image-background wp-image-4650\" alt=\"\" src=\"https:\/\/kawasakirobotics.com\/tachyon\/sites\/9\/2022\/02\/B1830324-1.jpg\" data-object-fit=\"cover\" data-recalc-dims=\"1\" \/><div class=\"wp-block-cover__inner-container is-layout-flow wp-block-cover-is-layout-flow\">\n<p class=\"has-text-align-center has-large-font-size\"><strong>PRODUKTE<\/strong><\/p>\n\n\n\n<div class=\"wp-block-buttons is-vertical is-content-justification-center is-layout-flex wp-container-core-buttons-is-layout-734eb2c2 wp-block-buttons-is-layout-flex\">\n<div class=\"wp-block-button is-style-outline is-style-outline--1\"><a class=\"wp-block-button__link wp-element-button\" href=\"https:\/\/kawasakirobotics.com\/de\/products\/\">Details anzeigen<\/a><\/div>\n<\/div>\n<\/div><\/div>\n<\/div>\n\n\n\n<div class=\"wp-block-column krobot-pattern-nogap-cols is-layout-flow wp-block-column-is-layout-flow\">\n<div class=\"wp-block-cover\"><span aria-hidden=\"true\" class=\"wp-block-cover__background has-black-background-color has-background-dim-70 has-background-dim\"><\/span><img loading=\"lazy\" decoding=\"async\" width=\"2160\" height=\"360\" class=\"wp-block-cover__image-background wp-image-3842\" alt=\"\" src=\"https:\/\/kawasakirobotics.com\/tachyon\/sites\/2\/2022\/02\/title-background-A1760115.jpg\" style=\"object-position:33% 100%\" data-object-fit=\"cover\" data-object-position=\"33% 100%\" \/><div class=\"wp-block-cover__inner-container is-layout-flow wp-block-cover-is-layout-flow\">\n<p class=\"has-text-align-center has-large-font-size\"><strong>CASE STUDIES<\/strong><\/p>\n\n\n\n<div class=\"wp-block-buttons is-vertical is-content-justification-center is-layout-flex wp-container-core-buttons-is-layout-734eb2c2 wp-block-buttons-is-layout-flex\">\n<div class=\"wp-block-button is-style-outline is-style-outline--2\"><a class=\"wp-block-button__link wp-element-button\" href=\"https:\/\/kawasakirobotics.com\/de\/case-studies\/\">Details anzeigen<\/a><\/div>\n<\/div>\n<\/div><\/div>\n<\/div>\n\n\n\n<div class=\"wp-block-column krobot-pattern-nogap-cols is-layout-flow wp-block-column-is-layout-flow\">\n<div class=\"wp-block-cover\"><span aria-hidden=\"true\" class=\"wp-block-cover__background has-black-background-color has-background-dim-70 has-background-dim\"><\/span><img loading=\"lazy\" width=\"1800\" height=\"1200\" decoding=\"async\" class=\"wp-block-cover__image-background wp-image-5376\" alt=\"\" src=\"https:\/\/kawasakirobotics.com\/tachyon\/sites\/9\/2022\/03\/quality_007_1800x1200.webp\" data-object-fit=\"cover\" srcset=\"https:\/\/kawasakirobotics.com\/tachyon\/sites\/9\/2022\/03\/quality_007_1800x1200.webp?resize=1800%2C1200&amp;zoom=1 1800w, https:\/\/kawasakirobotics.com\/tachyon\/sites\/9\/2022\/03\/quality_007_1800x1200.webp?resize=1800%2C1200&amp;zoom=0.5 900w, https:\/\/kawasakirobotics.com\/tachyon\/sites\/9\/2022\/03\/quality_007_1800x1200.webp?resize=1800%2C1200&amp;zoom=0.25 450w\" sizes=\"auto, (max-width: 1800px) 100vw, 1800px\" \/><div class=\"wp-block-cover__inner-container is-layout-flow wp-block-cover-is-layout-flow\">\n<p class=\"has-text-align-center has-large-font-size\"><strong><strong>EVENTS<\/strong><\/strong><\/p>\n\n\n\n<div class=\"wp-block-buttons is-content-justification-center is-layout-flex wp-container-core-buttons-is-layout-a89b3969 wp-block-buttons-is-layout-flex\">\n<div class=\"wp-block-button is-style-outline is-style-outline--3\"><a class=\"wp-block-button__link wp-element-button\" href=\"https:\/\/kawasakirobotics.com\/de\/event\/\">Details anzeigen<\/a><\/div>\n<\/div>\n<\/div><\/div>\n<\/div>\n<\/div>\n\n\n\n<div aria-hidden=\"true\" class=\"wp-block-fsb-flexible-spacer fsb-flexible-spacer\"><div class=\"fsb-flexible-spacer__device fsb-flexible-spacer__device--lg\" style=\"height:4px\"><\/div><div class=\"fsb-flexible-spacer__device fsb-flexible-spacer__device--md\" style=\"height:4px\"><\/div><div class=\"fsb-flexible-spacer__device fsb-flexible-spacer__device--sm\" style=\"height:4px\"><\/div><\/div>\n\n\n\n<div class=\"wp-block-columns alignfull krobot-pattern-nogap-cols no-margin is-layout-flex wp-container-core-columns-is-layout-28f84493 wp-block-columns-is-layout-flex\">\n<div class=\"wp-block-column krobot-pattern-nogap-cols is-layout-flow wp-block-column-is-layout-flow\">\n<div class=\"wp-block-cover\"><span aria-hidden=\"true\" class=\"wp-block-cover__background has-black-background-color has-background-dim-70 has-background-dim\"><\/span><img loading=\"lazy\" width=\"2560\" height=\"1762\" decoding=\"async\" class=\"wp-block-cover__image-background wp-image-5381\" alt=\"\" src=\"https:\/\/kawasakirobotics.com\/tachyon\/sites\/9\/2022\/03\/A1750965.jpg\" data-object-fit=\"cover\" srcset=\"https:\/\/kawasakirobotics.com\/tachyon\/sites\/9\/2022\/03\/A1750965.jpg?resize=2560%2C1762&amp;zoom=1 2560w, https:\/\/kawasakirobotics.com\/tachyon\/sites\/9\/2022\/03\/A1750965.jpg?resize=2560%2C1762&amp;zoom=0.5 1280w, https:\/\/kawasakirobotics.com\/tachyon\/sites\/9\/2022\/03\/A1750965.jpg?resize=2560%2C1762&amp;zoom=0.25 640w\" sizes=\"auto, (max-width: 2560px) 100vw, 2560px\" \/><div class=\"wp-block-cover__inner-container is-layout-flow wp-block-cover-is-layout-flow\">\n<p class=\"has-text-align-center has-large-font-size\"><strong><strong>KUNDENDIENST<\/strong><\/strong><\/p>\n\n\n\n<div class=\"wp-block-buttons is-vertical is-content-justification-center is-layout-flex wp-container-core-buttons-is-layout-734eb2c2 wp-block-buttons-is-layout-flex\">\n<div class=\"wp-block-button is-style-outline is-style-outline--4\"><a class=\"wp-block-button__link wp-element-button\" href=\"https:\/\/kawasakirobotics.com\/de\/customer-experience\/\/\">Details anzeigen<\/a><\/div>\n<\/div>\n<\/div><\/div>\n<\/div>\n\n\n\n<div class=\"wp-block-column krobot-pattern-nogap-cols is-layout-flow wp-block-column-is-layout-flow\">\n<div class=\"wp-block-cover\"><span aria-hidden=\"true\" class=\"wp-block-cover__background has-black-background-color has-background-dim-70 has-background-dim\"><\/span><img loading=\"lazy\" decoding=\"async\" width=\"2160\" height=\"360\" class=\"wp-block-cover__image-background wp-image-5042\" alt=\"\" src=\"https:\/\/kawasakirobotics.com\/tachyon\/sites\/2\/2022\/01\/title-background-B1830285.jpg\" style=\"object-position:44% 100%\" data-object-fit=\"cover\" data-object-position=\"44% 100%\" srcset=\"https:\/\/kawasakirobotics.com\/tachyon\/sites\/2\/2022\/01\/title-background-B1830285.jpg?resize=2160%2C360&amp;crop_strategy=smart&amp;zoom=1 2160w, https:\/\/kawasakirobotics.com\/tachyon\/sites\/2\/2022\/01\/title-background-B1830285.jpg?resize=2160%2C360&amp;crop_strategy=smart&amp;zoom=0.5 1080w, https:\/\/kawasakirobotics.com\/tachyon\/sites\/2\/2022\/01\/title-background-B1830285.jpg?resize=2160%2C360&amp;crop_strategy=smart&amp;zoom=0.25 540w\" sizes=\"auto, (max-width: 2160px) 100vw, 2160px\" \/><div class=\"wp-block-cover__inner-container is-layout-flow wp-block-cover-is-layout-flow\">\n<p class=\"has-text-align-center has-large-font-size\"><strong>NEWS<\/strong><\/p>\n\n\n\n<div class=\"wp-block-buttons is-vertical is-content-justification-center is-layout-flex wp-container-core-buttons-is-layout-734eb2c2 wp-block-buttons-is-layout-flex\">\n<div class=\"wp-block-button is-style-outline is-style-outline--5\"><a class=\"wp-block-button__link wp-element-button\" href=\"https:\/\/kawasakirobotics.com\/de\/news\/\">Details anzeigen<\/a><\/div>\n<\/div>\n<\/div><\/div>\n<\/div>\n\n\n\n<div class=\"wp-block-column krobot-pattern-nogap-cols is-layout-flow wp-block-column-is-layout-flow\">\n<div class=\"wp-block-cover\"><span aria-hidden=\"true\" class=\"wp-block-cover__background has-black-background-color has-background-dim-70 has-background-dim\"><\/span><img loading=\"lazy\" width=\"2560\" height=\"1707\" decoding=\"async\" class=\"wp-block-cover__image-background wp-image-4658\" alt=\"\" src=\"https:\/\/kawasakirobotics.com\/tachyon\/sites\/9\/2022\/02\/A1760457red-min-scaled.jpg\" data-object-fit=\"cover\" srcset=\"https:\/\/kawasakirobotics.com\/tachyon\/sites\/9\/2022\/02\/A1760457red-min-scaled.jpg?resize=2560%2C1707&amp;zoom=1 2560w, https:\/\/kawasakirobotics.com\/tachyon\/sites\/9\/2022\/02\/A1760457red-min-scaled.jpg?resize=2560%2C1707&amp;zoom=0.5 1280w, https:\/\/kawasakirobotics.com\/tachyon\/sites\/9\/2022\/02\/A1760457red-min-scaled.jpg?resize=2560%2C1707&amp;zoom=0.25 640w\" sizes=\"auto, (max-width: 2560px) 100vw, 2560px\" \/><div class=\"wp-block-cover__inner-container is-layout-flow wp-block-cover-is-layout-flow\">\n<p class=\"has-text-align-center has-large-font-size\"><strong><strong>BLOG<\/strong><\/strong><\/p>\n\n\n\n<div class=\"wp-block-buttons is-vertical is-content-justification-center is-layout-flex wp-container-core-buttons-is-layout-734eb2c2 wp-block-buttons-is-layout-flex\">\n<div class=\"wp-block-button is-style-outline is-style-outline--6\"><a class=\"wp-block-button__link wp-element-button\" href=\"https:\/\/kawasakirobotics.com\/de\/blog\/\">Details anzeigen<\/a><\/div>\n<\/div>\n<\/div><\/div>\n<\/div>\n<\/div>\n\n\n\n<div class=\"wp-block-cover alignfull is-light krobot-pattern-mono-center\"><span aria-hidden=\"true\" class=\"wp-block-cover__background has-white-background-color has-background-dim\"><\/span><img loading=\"lazy\" decoding=\"async\" width=\"960\" height=\"540\" class=\"wp-block-cover__image-background wp-image-1913\" alt=\"\" src=\"https:\/\/kawasakirobotics.com\/tachyon\/sites\/5\/2022\/02\/partner_03.jpg\" style=\"object-position:48% 82%\" data-object-fit=\"cover\" data-object-position=\"48% 82%\" srcset=\"https:\/\/kawasakirobotics.com\/tachyon\/sites\/9\/2022\/02\/partner_03.jpg?resize=960%2C540&amp;crop_strategy=smart&amp;zoom=1 960w, https:\/\/kawasakirobotics.com\/tachyon\/sites\/9\/2022\/02\/partner_03.jpg?resize=960%2C540&amp;crop_strategy=smart&amp;zoom=0.5 480w, https:\/\/kawasakirobotics.com\/tachyon\/sites\/9\/2022\/02\/partner_03.jpg?resize=960%2C540&amp;crop_strategy=smart&amp;zoom=0.25 240w\" sizes=\"auto, (max-width: 960px) 100vw, 960px\" \/><div class=\"wp-block-cover__inner-container is-layout-flow wp-block-cover-is-layout-flow\">\n<div class=\"wp-block-group has-red-background-color has-background is-layout-flow wp-block-group-is-layout-flow\">\n<p class=\"has-text-align-center has-large-font-size\">Sie wollen loslegen oder haben Fragen? Wir sind gerne f\u00fcr Sie da.<\/p>\n\n\n\n<p class=\"has-text-align-center krobot-pattern-mono-center__link has-white-color has-text-color has-extra-large-font-size\"><strong><a href=\"https:\/\/kawasaki-corporate.spiral-site.com\/ind_robot_de?_gl=1*lb1d2y*_ga*NTMwMjUzNTUwLjE2NDA2NDQ5Mzg.*_ga_GRRCX7N19P*MTY0NjE3NDY3MS4yMDcuMS4xNjQ2MTc3MDg3LjA.&amp;_ifbs-ind_robot_de=s1_Step1\">SPRECHEN SIE UNS AN<\/a><\/strong><\/p>\n<\/div>\n<\/div><\/div>\n\n\n\n<p><\/p>\n","protected":false},"excerpt":{"rendered":"","protected":false},"author":13,"featured_media":0,"parent":0,"menu_order":2,"comment_status":"closed","ping_status":"closed","template":"page-templates\/custom-no-default-header.php","meta":{"ep_exclude_from_search":false,"footnotes":""},"class_list":["post-2552","page","type-page","status-publish","hentry"],"yoast_head":"<!-- This site is optimized with the Yoast SEO plugin v25.9 - https:\/\/yoast.com\/wordpress\/plugins\/seo\/ -->\n<title>HOME | Industrieroboter von Kawasaki Robotics<\/title>\n<meta name=\"description\" content=\"Die Roboterabteilung von Kawasaki Heavy Industries hat in ihrer inzwischen mehr als 50-j\u00e4hrigen Geschichte als erster Industrieroboterhersteller in Japan f\u00fcr zahlreiche Industriezweige, darunter die Automobilindustrie und die Elektroindustrie, eine Vielzahl an qualitativ hochwertigen und leistungsstarken Kawasaki Robotern f\u00fcr das Schwei\u00dfen, die Montage und die Handhabung, das Lackieren und das Palettieren entwickelt und auf den Markt gebracht. Wir bieten unseren Kunden L\u00f6sungen an, die deren Anforderungen in Bezug auf Automatisierung und Arbeitsersparnis, Steigerung von Produktivit\u00e4t und Qualit\u00e4t, Verbesserung der Arbeitsumgebung usw. erf\u00fcllen k\u00f6nnen.\" \/>\n<meta name=\"robots\" content=\"index, follow, max-snippet:-1, max-image-preview:large, max-video-preview:-1\" \/>\n<link rel=\"canonical\" href=\"https:\/\/kawasakirobotics.com\/de\/\" \/>\n<meta property=\"og:locale\" content=\"de_DE\" \/>\n<meta property=\"og:type\" content=\"article\" \/>\n<meta property=\"og:title\" content=\"HOME | Industrieroboter von Kawasaki Robotics\" \/>\n<meta property=\"og:description\" content=\"Die Roboterabteilung von Kawasaki Heavy Industries hat in ihrer inzwischen mehr als 50-j\u00e4hrigen Geschichte als erster Industrieroboterhersteller in Japan f\u00fcr zahlreiche Industriezweige, darunter die Automobilindustrie und die Elektroindustrie, eine Vielzahl an qualitativ hochwertigen und leistungsstarken Kawasaki Robotern f\u00fcr das Schwei\u00dfen, die Montage und die Handhabung, das Lackieren und das Palettieren entwickelt und auf den Markt gebracht. Wir bieten unseren Kunden L\u00f6sungen an, die deren Anforderungen in Bezug auf Automatisierung und Arbeitsersparnis, Steigerung von Produktivit\u00e4t und Qualit\u00e4t, Verbesserung der Arbeitsumgebung usw. erf\u00fcllen k\u00f6nnen.\" \/>\n<meta property=\"og:url\" content=\"https:\/\/kawasakirobotics.com\/de\/\" \/>\n<meta property=\"og:site_name\" content=\"Kawasaki Robotics\" \/>\n<meta property=\"article:modified_time\" content=\"2025-04-11T07:37:26+00:00\" \/>\n<meta property=\"og:image\" content=\"https:\/\/kawasakirobotics.com\/content\/themes\/krobot-theme\/src\/images\/default\/ogp.jpg\" \/>\n\t<meta property=\"og:image:width\" content=\"1200\" \/>\n\t<meta property=\"og:image:height\" content=\"630\" \/>\n\t<meta property=\"og:image:type\" content=\"image\/jpeg\" \/>\n<meta name=\"twitter:card\" content=\"summary_large_image\" \/>\n<script type=\"application\/ld+json\" class=\"yoast-schema-graph\">{\"@context\":\"https:\/\/schema.org\",\"@graph\":[{\"@type\":\"WebPage\",\"@id\":\"https:\/\/kawasakirobotics.com\/de\/\",\"url\":\"https:\/\/kawasakirobotics.com\/de\/\",\"name\":\"HOME | Industrieroboter von Kawasaki Robotics\",\"isPartOf\":{\"@id\":\"https:\/\/kawasakirobotics.com\/de\/#website\"},\"primaryImageOfPage\":{\"@id\":\"https:\/\/kawasakirobotics.com\/de\/#primaryimage\"},\"image\":{\"@id\":\"https:\/\/kawasakirobotics.com\/de\/#primaryimage\"},\"thumbnailUrl\":\"https:\/\/kawasakirobotics.com\/tachyon\/sites\/2\/2022\/01\/title-background-A1760316.jpg\",\"datePublished\":\"2022-01-19T16:10:19+00:00\",\"dateModified\":\"2025-04-11T07:37:26+00:00\",\"description\":\"Die Roboterabteilung von Kawasaki Heavy Industries hat in ihrer inzwischen mehr als 50-j\u00e4hrigen Geschichte als erster Industrieroboterhersteller in Japan f\u00fcr zahlreiche Industriezweige, darunter die Automobilindustrie und die Elektroindustrie, eine Vielzahl an qualitativ hochwertigen und leistungsstarken Kawasaki Robotern f\u00fcr das Schwei\u00dfen, die Montage und die Handhabung, das Lackieren und das Palettieren entwickelt und auf den Markt gebracht. Wir bieten unseren Kunden L\u00f6sungen an, die deren Anforderungen in Bezug auf Automatisierung und Arbeitsersparnis, Steigerung von Produktivit\u00e4t und Qualit\u00e4t, Verbesserung der Arbeitsumgebung usw. erf\u00fcllen k\u00f6nnen.\",\"inLanguage\":\"de\",\"potentialAction\":[{\"@type\":\"ReadAction\",\"target\":[\"https:\/\/kawasakirobotics.com\/de\/\"]}]},{\"@type\":\"ImageObject\",\"inLanguage\":\"de\",\"@id\":\"https:\/\/kawasakirobotics.com\/de\/#primaryimage\",\"url\":\"https:\/\/kawasakirobotics.com\/tachyon\/sites\/2\/2022\/01\/title-background-A1760316.jpg\",\"contentUrl\":\"https:\/\/kawasakirobotics.com\/tachyon\/sites\/2\/2022\/01\/title-background-A1760316.jpg\"},{\"@type\":\"WebSite\",\"@id\":\"https:\/\/kawasakirobotics.com\/de\/#website\",\"url\":\"https:\/\/kawasakirobotics.com\/de\/\",\"name\":\"Kawasaki Robotics\",\"description\":\"\",\"publisher\":{\"@id\":\"https:\/\/kawasakirobotics.com\/de\/#organization\"},\"potentialAction\":[{\"@type\":\"SearchAction\",\"target\":{\"@type\":\"EntryPoint\",\"urlTemplate\":\"https:\/\/kawasakirobotics.com\/de\/?s={search_term_string}\"},\"query-input\":{\"@type\":\"PropertyValueSpecification\",\"valueRequired\":true,\"valueName\":\"search_term_string\"}}],\"inLanguage\":\"de\"},{\"@type\":\"Organization\",\"@id\":\"https:\/\/kawasakirobotics.com\/de\/#organization\",\"name\":\"\u5ddd\u5d0e\u91cd\u5de5\u696d\u30ed\u30dc\u30c3\u30c8\u30c7\u30a3\u30d3\u30b8\u30e7\u30f3\",\"url\":\"https:\/\/kawasakirobotics.com\/de\/\",\"logo\":{\"@type\":\"ImageObject\",\"inLanguage\":\"de\",\"@id\":\"https:\/\/kawasakirobotics.com\/de\/#\/schema\/logo\/image\/\",\"url\":\"\",\"contentUrl\":\"\",\"caption\":\"\u5ddd\u5d0e\u91cd\u5de5\u696d\u30ed\u30dc\u30c3\u30c8\u30c7\u30a3\u30d3\u30b8\u30e7\u30f3\"},\"image\":{\"@id\":\"https:\/\/kawasakirobotics.com\/de\/#\/schema\/logo\/image\/\"}}]}<\/script>\n<!-- \/ Yoast SEO plugin. -->","yoast_head_json":{"title":"HOME | Industrieroboter von Kawasaki Robotics","description":"Die Roboterabteilung von Kawasaki Heavy Industries hat in ihrer inzwischen mehr als 50-j\u00e4hrigen Geschichte als erster Industrieroboterhersteller in Japan f\u00fcr zahlreiche Industriezweige, darunter die Automobilindustrie und die Elektroindustrie, eine Vielzahl an qualitativ hochwertigen und leistungsstarken Kawasaki Robotern f\u00fcr das Schwei\u00dfen, die Montage und die Handhabung, das Lackieren und das Palettieren entwickelt und auf den Markt gebracht. Wir bieten unseren Kunden L\u00f6sungen an, die deren Anforderungen in Bezug auf Automatisierung und Arbeitsersparnis, Steigerung von Produktivit\u00e4t und Qualit\u00e4t, Verbesserung der Arbeitsumgebung usw. erf\u00fcllen k\u00f6nnen.","robots":{"index":"index","follow":"follow","max-snippet":"max-snippet:-1","max-image-preview":"max-image-preview:large","max-video-preview":"max-video-preview:-1"},"canonical":"https:\/\/kawasakirobotics.com\/de\/","og_locale":"de_DE","og_type":"article","og_title":"HOME | Industrieroboter von Kawasaki Robotics","og_description":"Die Roboterabteilung von Kawasaki Heavy Industries hat in ihrer inzwischen mehr als 50-j\u00e4hrigen Geschichte als erster Industrieroboterhersteller in Japan f\u00fcr zahlreiche Industriezweige, darunter die Automobilindustrie und die Elektroindustrie, eine Vielzahl an qualitativ hochwertigen und leistungsstarken Kawasaki Robotern f\u00fcr das Schwei\u00dfen, die Montage und die Handhabung, das Lackieren und das Palettieren entwickelt und auf den Markt gebracht. Wir bieten unseren Kunden L\u00f6sungen an, die deren Anforderungen in Bezug auf Automatisierung und Arbeitsersparnis, Steigerung von Produktivit\u00e4t und Qualit\u00e4t, Verbesserung der Arbeitsumgebung usw. erf\u00fcllen k\u00f6nnen.","og_url":"https:\/\/kawasakirobotics.com\/de\/","og_site_name":"Kawasaki Robotics","article_modified_time":"2025-04-11T07:37:26+00:00","og_image":[{"url":"https:\/\/kawasakirobotics.com\/content\/themes\/krobot-theme\/src\/images\/default\/ogp.jpg","width":"1200","height":"630","type":"image\/jpeg"}],"twitter_card":"summary_large_image","schema":{"@context":"https:\/\/schema.org","@graph":[{"@type":"WebPage","@id":"https:\/\/kawasakirobotics.com\/de\/","url":"https:\/\/kawasakirobotics.com\/de\/","name":"HOME | Industrieroboter von Kawasaki Robotics","isPartOf":{"@id":"https:\/\/kawasakirobotics.com\/de\/#website"},"primaryImageOfPage":{"@id":"https:\/\/kawasakirobotics.com\/de\/#primaryimage"},"image":{"@id":"https:\/\/kawasakirobotics.com\/de\/#primaryimage"},"thumbnailUrl":"https:\/\/kawasakirobotics.com\/tachyon\/sites\/2\/2022\/01\/title-background-A1760316.jpg","datePublished":"2022-01-19T16:10:19+00:00","dateModified":"2025-04-11T07:37:26+00:00","description":"Die Roboterabteilung von Kawasaki Heavy Industries hat in ihrer inzwischen mehr als 50-j\u00e4hrigen Geschichte als erster Industrieroboterhersteller in Japan f\u00fcr zahlreiche Industriezweige, darunter die Automobilindustrie und die Elektroindustrie, eine Vielzahl an qualitativ hochwertigen und leistungsstarken Kawasaki Robotern f\u00fcr das Schwei\u00dfen, die Montage und die Handhabung, das Lackieren und das Palettieren entwickelt und auf den Markt gebracht. Wir bieten unseren Kunden L\u00f6sungen an, die deren Anforderungen in Bezug auf Automatisierung und Arbeitsersparnis, Steigerung von Produktivit\u00e4t und Qualit\u00e4t, Verbesserung der Arbeitsumgebung usw. erf\u00fcllen k\u00f6nnen.","inLanguage":"de","potentialAction":[{"@type":"ReadAction","target":["https:\/\/kawasakirobotics.com\/de\/"]}]},{"@type":"ImageObject","inLanguage":"de","@id":"https:\/\/kawasakirobotics.com\/de\/#primaryimage","url":"https:\/\/kawasakirobotics.com\/tachyon\/sites\/2\/2022\/01\/title-background-A1760316.jpg","contentUrl":"https:\/\/kawasakirobotics.com\/tachyon\/sites\/2\/2022\/01\/title-background-A1760316.jpg"},{"@type":"WebSite","@id":"https:\/\/kawasakirobotics.com\/de\/#website","url":"https:\/\/kawasakirobotics.com\/de\/","name":"Kawasaki Robotics","description":"","publisher":{"@id":"https:\/\/kawasakirobotics.com\/de\/#organization"},"potentialAction":[{"@type":"SearchAction","target":{"@type":"EntryPoint","urlTemplate":"https:\/\/kawasakirobotics.com\/de\/?s={search_term_string}"},"query-input":{"@type":"PropertyValueSpecification","valueRequired":true,"valueName":"search_term_string"}}],"inLanguage":"de"},{"@type":"Organization","@id":"https:\/\/kawasakirobotics.com\/de\/#organization","name":"\u5ddd\u5d0e\u91cd\u5de5\u696d\u30ed\u30dc\u30c3\u30c8\u30c7\u30a3\u30d3\u30b8\u30e7\u30f3","url":"https:\/\/kawasakirobotics.com\/de\/","logo":{"@type":"ImageObject","inLanguage":"de","@id":"https:\/\/kawasakirobotics.com\/de\/#\/schema\/logo\/image\/","url":"","contentUrl":"","caption":"\u5ddd\u5d0e\u91cd\u5de5\u696d\u30ed\u30dc\u30c3\u30c8\u30c7\u30a3\u30d3\u30b8\u30e7\u30f3"},"image":{"@id":"https:\/\/kawasakirobotics.com\/de\/#\/schema\/logo\/image\/"}}]}},"_links":{"self":[{"href":"https:\/\/kawasakirobotics.com\/de\/wp-json\/wp\/v2\/pages\/2552","targetHints":{"allow":["GET"]}}],"collection":[{"href":"https:\/\/kawasakirobotics.com\/de\/wp-json\/wp\/v2\/pages"}],"about":[{"href":"https:\/\/kawasakirobotics.com\/de\/wp-json\/wp\/v2\/types\/page"}],"author":[{"embeddable":true,"href":"https:\/\/kawasakirobotics.com\/de\/wp-json\/wp\/v2\/users\/13"}],"replies":[{"embeddable":true,"href":"https:\/\/kawasakirobotics.com\/de\/wp-json\/wp\/v2\/comments?post=2552"}],"version-history":[{"count":21,"href":"https:\/\/kawasakirobotics.com\/de\/wp-json\/wp\/v2\/pages\/2552\/revisions"}],"predecessor-version":[{"id":6263,"href":"https:\/\/kawasakirobotics.com\/de\/wp-json\/wp\/v2\/pages\/2552\/revisions\/6263"}],"wp:attachment":[{"href":"https:\/\/kawasakirobotics.com\/de\/wp-json\/wp\/v2\/media?parent=2552"}],"curies":[{"name":"wp","href":"https:\/\/api.w.org\/{rel}","templated":true}]}}