{"id":3835,"date":"2022-02-21T06:08:26","date_gmt":"2022-02-21T06:08:26","guid":{"rendered":"urn:uuid:1da1bac8-99b3-4a23-8dbd-a21aa41c0f6c"},"modified":"2022-03-07T00:47:18","modified_gmt":"2022-03-06T23:47:18","slug":"service-support","status":"publish","type":"page","link":"https:\/\/kawasakirobotics.com\/de\/customer-experience\/service-support\/","title":{"rendered":"Service &amp; Support"},"content":{"rendered":"\n<div class=\"wp-block-columns is-layout-flex wp-container-core-columns-is-layout-28f84493 wp-block-columns-is-layout-flex\">\n<div class=\"wp-block-column is-layout-flow wp-block-column-is-layout-flow\" style=\"flex-basis:66.66%\">\n<p>Unsere Service- und Support-Teams bieten schnelle und gr\u00fcndliche Analysen, um Ausfallzeiten zu minimieren und die Systemverf\u00fcgbarkeit zu optimieren. Ganz gleich, ob Sie einen Vor-Ort-Service, eine \u00dcberholung, eine Reparatur oder Ersatzteile ben\u00f6tigen, unsere erfahrenen Techniker helfen Ihnen, Ihre Automatisierungsinvestition zu sch\u00fctzen und zu erhalten.<\/p>\n\n\n\n<figure class=\"wp-block-image size-large\"><img loading=\"lazy\" decoding=\"async\" width=\"796\" height=\"408\" src=\"https:\/\/kawasakirobotics.com\/tachyon\/2022\/03\/customer-service_001_1800x1200.jpg?fit=900%2C900\" alt=\"Kawasaki Robotics auf der Schwei\u00dfen und Schneiden\" class=\"wp-image-5414\" \/><\/figure>\n<\/div>\n\n\n\n<div class=\"wp-block-column is-layout-flow wp-block-column-is-layout-flow\" style=\"flex-basis:33.33%\">\n<h5 class=\"has-red-color has-text-color wp-block-heading\"><strong>SUPPORT HOTLINE<\/strong>\uff1a<\/h5>\n\n\n\n<p class=\"has-red-color has-text-color\"><strong>+49 (0) 2131 \u2013 3426 \u2013 1300<\/strong><\/p>\n\n\n\n<div class=\"wp-block-buttons is-layout-flex wp-block-buttons-is-layout-flex\">\n<div class=\"wp-block-button\"><a class=\"wp-block-button__link\" href=\"mailto:service@kawasakirobotics.de\">Kontakt: service@kawasakirobotics.de<\/a><\/div>\n\n\n\n<div class=\"wp-block-button\"><a class=\"wp-block-button__link\">Laden Sie unsere Service Brosch\u00fcre runter.<\/a><\/div>\n<\/div>\n\n\n\n<p class=\"has-white-color has-white-background-color has-text-color has-background has-extra-large-font-size\"><\/p>\n<\/div>\n<\/div>\n\n\n\n<div class=\"wp-block-columns is-layout-flex wp-container-core-columns-is-layout-28f84493 wp-block-columns-is-layout-flex\">\n<div class=\"wp-block-column is-layout-flow wp-block-column-is-layout-flow\">\n<h1 class=\"wp-block-heading\">Vor-Ort Service<\/h1>\n\n\n\n<p>Das Vertrauen unserer Kunden ist uns besonders wichtig. Deshalb ist das Kawasaki Vor-Ort Serviceteam transparent, was mit Ihrem Roboter los ist, und arbeitet mit Ihnen zusammen, um die einfachste L\u00f6sung zu finden. Wir versuchen, das Problem aus der Ferne zu l\u00f6sen &#8211; ein kostenloser Service f\u00fcr alle Kunden. Wenn das Problem pers\u00f6nlich gel\u00f6st werden muss, kommt ein hochqualifizierter und erfahrener Mitarbeiter des Serviceteams zu Ihnen ins Haus.<\/p>\n\n\n\n<div class=\"wp-block-buttons is-content-justification-center is-layout-flex wp-block-buttons-is-layout-flex\">\n<div class=\"wp-block-button\"><a class=\"wp-block-button__link\" href=\"https:\/\/kawasakirobotics.com\/de\/inquiry\/\">KONTAKT<\/a><\/div>\n<\/div>\n<\/div>\n\n\n\n<div class=\"wp-block-column is-layout-flow wp-block-column-is-layout-flow\">\n<h1 class=\"wp-block-heading\">PREDICTIVE MAINTENANCE<\/h1>\n\n\n\n<p>Wartungsarbeiten sind ein unvermeidlicher Bestandteil des Roboterbesitzes, aber unerwartete Wartungsarbeiten sollten es nicht sein. Deshalb haben wir unsere Software zur Ausfallvorhersage, TREND Manager, entwickelt, die Unternehmen hilft, unerwartete Ausfallzeiten zu vermeiden. TREND Manager analysiert automatisch und kontinuierlich die Zustandsdaten Ihres Roboters, um Verschlei\u00dferscheinungen zu erkennen und drohende Fehlfunktionen und den Bedarf an Inspektionen vorherzusagen.<\/p>\n\n\n\n<div class=\"wp-block-buttons is-content-justification-center is-layout-flex wp-block-buttons-is-layout-flex\">\n<div class=\"wp-block-button\"><a class=\"wp-block-button__link\" href=\"https:\/\/kawasakirobotics.com\/de\/inquiry\/\">KONTAKT<\/a><\/div>\n<\/div>\n<\/div>\n<\/div>\n\n\n\n<div class=\"wp-block-columns is-layout-flex wp-container-core-columns-is-layout-28f84493 wp-block-columns-is-layout-flex\">\n<div class=\"wp-block-column is-layout-flow wp-block-column-is-layout-flow\">\n<h1 class=\"wp-block-heading\">REPARATUREN<\/h1>\n\n\n\n<p>Reparaturen und \u00dcberholungen sind kosteneffiziente Methoden, um die Lebensdauer Ihres Roboters zu verl\u00e4ngern. Unser Team ist transparent dar\u00fcber, welche Reparaturen erforderlich sind, und bem\u00fcht sich, die einfachste L\u00f6sung zu finden. Wenn Sie sich nicht sicher sind, ob eine \u00dcberholung notwendig ist, k\u00f6nnen unsere Techniker eine Vor-Ort-Bewertung vornehmen und Empfehlungen f\u00fcr die n\u00e4chsten Schritte geben. Alle reparierten Teile erhalten die neuesten Updates zur Verbesserung der Komponenten und werden unter Last auf ihre Funktionalit\u00e4t getestet.<\/p>\n\n\n\n<div class=\"wp-block-buttons is-content-justification-center is-layout-flex wp-block-buttons-is-layout-flex\">\n<div class=\"wp-block-button\"><a class=\"wp-block-button__link\" href=\"https:\/\/kawasakirobotics.com\/de\/inquiry\/\">KONTAKT<\/a><\/div>\n<\/div>\n<\/div>\n\n\n\n<div class=\"wp-block-column is-layout-flow wp-block-column-is-layout-flow\">\n<h1 class=\"wp-block-heading\">ERSATZTEILE<\/h1>\n\n\n\n<p>Das erfahrene Ersatzteilteam von Kawasaki sorgt daf\u00fcr, dass Sie die notwendigen Komponenten f\u00fcr einen reibungslosen Betrieb Ihrer Roboter erhalten. Mit seinem umfassenden Wissen ber\u00e4t es Sie bei der Auswahl der Teile, die Sie f\u00fcr Ihren Roboter und Ihre Anwendung bestellen sollten. Sie k\u00f6nnen auch personalisierte Ersatzteilprogramme f\u00fcr Ihre Anlage erstellen und Sie bei der Verwaltung des Lagerbestands unterst\u00fctzen.<\/p>\n\n\n\n<div class=\"wp-block-buttons is-content-justification-center is-layout-flex wp-block-buttons-is-layout-flex\">\n<div class=\"wp-block-button\"><a class=\"wp-block-button__link\" href=\"https:\/\/kawasakirobotics.com\/de\/inquiry\/\">KONTAKT<\/a><\/div>\n<\/div>\n<\/div>\n<\/div>\n","protected":false},"excerpt":{"rendered":"<p>Unsere Service- und Support-Teams bieten schnelle und gr\u00fcndliche Analysen, um Ausfallzeiten zu minimieren und die Systemverf\u00fcgbarkeit zu optimieren. Ganz gleich, ob Sie einen Vor-Ort-Service, eine \u00dcberholung, eine Reparatur oder Ersatzteile ben\u00f6tigen, unsere erfahrenen Techniker helfen Ihnen, Ihre Automatisierungsinvestition zu sch\u00fctzen und zu erhalten. SUPPORT HOTLINE\uff1a +49 (0) 2131 \u2013 3426 \u2013 1300 Vor-Ort Service Das Vertrauen unserer Kunden ist uns besonders wichtig. Deshalb ist das Kawasaki Vor-Ort Serviceteam transparent, was mit Ihrem Roboter los ist, und arbeitet mit Ihnen zusammen, um die einfachste L\u00f6sung zu finden. Wir versuchen, das Problem aus der Ferne zu l\u00f6sen &#8211; ein kostenloser Service f\u00fcr alle Kunden. Wenn das Problem pers\u00f6nlich gel\u00f6st werden muss, kommt [&hellip;]<\/p>\n","protected":false},"author":9,"featured_media":930,"parent":3828,"menu_order":2,"comment_status":"closed","ping_status":"closed","template":"","meta":{"ep_exclude_from_search":false,"footnotes":""},"class_list":["post-3835","page","type-page","status-publish","has-post-thumbnail","hentry"],"yoast_head":"<!-- This site is optimized with the Yoast SEO plugin v25.9 - https:\/\/yoast.com\/wordpress\/plugins\/seo\/ -->\n<title>Service &amp; Support | Industrieroboter von Kawasaki Robotics<\/title>\n<meta name=\"description\" content=\"Kawasaki Heavy Industries | Service &amp; Support\" \/>\n<meta name=\"robots\" content=\"index, follow, max-snippet:-1, max-image-preview:large, max-video-preview:-1\" \/>\n<link rel=\"canonical\" href=\"https:\/\/kawasakirobotics.com\/de\/customer-experience\/service-support\/\" \/>\n<meta property=\"og:locale\" content=\"de_DE\" \/>\n<meta property=\"og:type\" content=\"article\" \/>\n<meta property=\"og:title\" content=\"Service &amp; Support | Industrieroboter von Kawasaki Robotics\" \/>\n<meta property=\"og:description\" content=\"Kawasaki Heavy Industries | Service &amp; Support\" \/>\n<meta property=\"og:url\" content=\"https:\/\/kawasakirobotics.com\/de\/customer-experience\/service-support\/\" \/>\n<meta property=\"og:site_name\" content=\"Kawasaki Robotics\" \/>\n<meta property=\"article:modified_time\" content=\"2022-03-06T23:47:18+00:00\" \/>\n<meta property=\"og:image\" content=\"https:\/\/kawasakirobotics.com\/content\/themes\/krobot-theme\/src\/images\/default\/ogp.jpg\" \/>\n\t<meta property=\"og:image:width\" content=\"1200\" \/>\n\t<meta property=\"og:image:height\" content=\"630\" \/>\n\t<meta property=\"og:image:type\" content=\"image\/jpeg\" \/>\n<meta name=\"twitter:card\" content=\"summary_large_image\" \/>\n<script type=\"application\/ld+json\" class=\"yoast-schema-graph\">{\"@context\":\"https:\/\/schema.org\",\"@graph\":[{\"@type\":\"WebPage\",\"@id\":\"https:\/\/kawasakirobotics.com\/de\/customer-experience\/service-support\/\",\"url\":\"https:\/\/kawasakirobotics.com\/de\/customer-experience\/service-support\/\",\"name\":\"Service &amp; Support | Industrieroboter von Kawasaki Robotics\",\"isPartOf\":{\"@id\":\"https:\/\/kawasakirobotics.com\/de\/#website\"},\"primaryImageOfPage\":{\"@id\":\"https:\/\/kawasakirobotics.com\/de\/customer-experience\/service-support\/#primaryimage\"},\"image\":{\"@id\":\"https:\/\/kawasakirobotics.com\/de\/customer-experience\/service-support\/#primaryimage\"},\"thumbnailUrl\":\"https:\/\/kawasakirobotics.com\/tachyon\/sites\/2\/2022\/01\/title-background-A1750927-2_ed.jpg?fit=2160%2C360\",\"datePublished\":\"2022-02-21T06:08:26+00:00\",\"dateModified\":\"2022-03-06T23:47:18+00:00\",\"description\":\"Kawasaki Heavy Industries | Service &amp; Support\",\"breadcrumb\":{\"@id\":\"https:\/\/kawasakirobotics.com\/de\/customer-experience\/service-support\/#breadcrumb\"},\"inLanguage\":\"de\",\"potentialAction\":[{\"@type\":\"ReadAction\",\"target\":[\"https:\/\/kawasakirobotics.com\/de\/customer-experience\/service-support\/\"]}]},{\"@type\":\"ImageObject\",\"inLanguage\":\"de\",\"@id\":\"https:\/\/kawasakirobotics.com\/de\/customer-experience\/service-support\/#primaryimage\",\"url\":\"https:\/\/kawasakirobotics.com\/tachyon\/sites\/2\/2022\/01\/title-background-A1750927-2_ed.jpg?fit=2160%2C360\",\"contentUrl\":\"https:\/\/kawasakirobotics.com\/tachyon\/sites\/2\/2022\/01\/title-background-A1750927-2_ed.jpg?fit=2160%2C360\",\"width\":2160,\"height\":360,\"caption\":\"K-AddOn Produkte f\u00fcr Kawasaki Roboter01\"},{\"@type\":\"BreadcrumbList\",\"@id\":\"https:\/\/kawasakirobotics.com\/de\/customer-experience\/service-support\/#breadcrumb\",\"itemListElement\":[{\"@type\":\"ListItem\",\"position\":1,\"name\":\"Home\",\"item\":\"https:\/\/kawasakirobotics.com\/de\/\"},{\"@type\":\"ListItem\",\"position\":2,\"name\":\"KUNDENDIENST\",\"item\":\"https:\/\/kawasakirobotics.com\/de\/customer-experience\/\"},{\"@type\":\"ListItem\",\"position\":3,\"name\":\"Service &amp; Support\"}]},{\"@type\":\"WebSite\",\"@id\":\"https:\/\/kawasakirobotics.com\/de\/#website\",\"url\":\"https:\/\/kawasakirobotics.com\/de\/\",\"name\":\"Kawasaki Robotics\",\"description\":\"\",\"publisher\":{\"@id\":\"https:\/\/kawasakirobotics.com\/de\/#organization\"},\"potentialAction\":[{\"@type\":\"SearchAction\",\"target\":{\"@type\":\"EntryPoint\",\"urlTemplate\":\"https:\/\/kawasakirobotics.com\/de\/?s={search_term_string}\"},\"query-input\":{\"@type\":\"PropertyValueSpecification\",\"valueRequired\":true,\"valueName\":\"search_term_string\"}}],\"inLanguage\":\"de\"},{\"@type\":\"Organization\",\"@id\":\"https:\/\/kawasakirobotics.com\/de\/#organization\",\"name\":\"\u5ddd\u5d0e\u91cd\u5de5\u696d\u30ed\u30dc\u30c3\u30c8\u30c7\u30a3\u30d3\u30b8\u30e7\u30f3\",\"url\":\"https:\/\/kawasakirobotics.com\/de\/\",\"logo\":{\"@type\":\"ImageObject\",\"inLanguage\":\"de\",\"@id\":\"https:\/\/kawasakirobotics.com\/de\/#\/schema\/logo\/image\/\",\"url\":\"\",\"contentUrl\":\"\",\"caption\":\"\u5ddd\u5d0e\u91cd\u5de5\u696d\u30ed\u30dc\u30c3\u30c8\u30c7\u30a3\u30d3\u30b8\u30e7\u30f3\"},\"image\":{\"@id\":\"https:\/\/kawasakirobotics.com\/de\/#\/schema\/logo\/image\/\"}}]}<\/script>\n<!-- \/ Yoast SEO plugin. -->","yoast_head_json":{"title":"Service &amp; Support | Industrieroboter von Kawasaki Robotics","description":"Kawasaki Heavy Industries | Service &amp; Support","robots":{"index":"index","follow":"follow","max-snippet":"max-snippet:-1","max-image-preview":"max-image-preview:large","max-video-preview":"max-video-preview:-1"},"canonical":"https:\/\/kawasakirobotics.com\/de\/customer-experience\/service-support\/","og_locale":"de_DE","og_type":"article","og_title":"Service &amp; Support | Industrieroboter von Kawasaki Robotics","og_description":"Kawasaki Heavy Industries | Service &amp; Support","og_url":"https:\/\/kawasakirobotics.com\/de\/customer-experience\/service-support\/","og_site_name":"Kawasaki Robotics","article_modified_time":"2022-03-06T23:47:18+00:00","og_image":[{"url":"https:\/\/kawasakirobotics.com\/content\/themes\/krobot-theme\/src\/images\/default\/ogp.jpg","width":"1200","height":"630","type":"image\/jpeg"}],"twitter_card":"summary_large_image","schema":{"@context":"https:\/\/schema.org","@graph":[{"@type":"WebPage","@id":"https:\/\/kawasakirobotics.com\/de\/customer-experience\/service-support\/","url":"https:\/\/kawasakirobotics.com\/de\/customer-experience\/service-support\/","name":"Service &amp; Support | Industrieroboter von Kawasaki Robotics","isPartOf":{"@id":"https:\/\/kawasakirobotics.com\/de\/#website"},"primaryImageOfPage":{"@id":"https:\/\/kawasakirobotics.com\/de\/customer-experience\/service-support\/#primaryimage"},"image":{"@id":"https:\/\/kawasakirobotics.com\/de\/customer-experience\/service-support\/#primaryimage"},"thumbnailUrl":"https:\/\/kawasakirobotics.com\/tachyon\/sites\/2\/2022\/01\/title-background-A1750927-2_ed.jpg?fit=2160%2C360","datePublished":"2022-02-21T06:08:26+00:00","dateModified":"2022-03-06T23:47:18+00:00","description":"Kawasaki Heavy Industries | Service &amp; Support","breadcrumb":{"@id":"https:\/\/kawasakirobotics.com\/de\/customer-experience\/service-support\/#breadcrumb"},"inLanguage":"de","potentialAction":[{"@type":"ReadAction","target":["https:\/\/kawasakirobotics.com\/de\/customer-experience\/service-support\/"]}]},{"@type":"ImageObject","inLanguage":"de","@id":"https:\/\/kawasakirobotics.com\/de\/customer-experience\/service-support\/#primaryimage","url":"https:\/\/kawasakirobotics.com\/tachyon\/sites\/2\/2022\/01\/title-background-A1750927-2_ed.jpg?fit=2160%2C360","contentUrl":"https:\/\/kawasakirobotics.com\/tachyon\/sites\/2\/2022\/01\/title-background-A1750927-2_ed.jpg?fit=2160%2C360","width":2160,"height":360,"caption":"K-AddOn Produkte f\u00fcr Kawasaki Roboter01"},{"@type":"BreadcrumbList","@id":"https:\/\/kawasakirobotics.com\/de\/customer-experience\/service-support\/#breadcrumb","itemListElement":[{"@type":"ListItem","position":1,"name":"Home","item":"https:\/\/kawasakirobotics.com\/de\/"},{"@type":"ListItem","position":2,"name":"KUNDENDIENST","item":"https:\/\/kawasakirobotics.com\/de\/customer-experience\/"},{"@type":"ListItem","position":3,"name":"Service &amp; Support"}]},{"@type":"WebSite","@id":"https:\/\/kawasakirobotics.com\/de\/#website","url":"https:\/\/kawasakirobotics.com\/de\/","name":"Kawasaki Robotics","description":"","publisher":{"@id":"https:\/\/kawasakirobotics.com\/de\/#organization"},"potentialAction":[{"@type":"SearchAction","target":{"@type":"EntryPoint","urlTemplate":"https:\/\/kawasakirobotics.com\/de\/?s={search_term_string}"},"query-input":{"@type":"PropertyValueSpecification","valueRequired":true,"valueName":"search_term_string"}}],"inLanguage":"de"},{"@type":"Organization","@id":"https:\/\/kawasakirobotics.com\/de\/#organization","name":"\u5ddd\u5d0e\u91cd\u5de5\u696d\u30ed\u30dc\u30c3\u30c8\u30c7\u30a3\u30d3\u30b8\u30e7\u30f3","url":"https:\/\/kawasakirobotics.com\/de\/","logo":{"@type":"ImageObject","inLanguage":"de","@id":"https:\/\/kawasakirobotics.com\/de\/#\/schema\/logo\/image\/","url":"","contentUrl":"","caption":"\u5ddd\u5d0e\u91cd\u5de5\u696d\u30ed\u30dc\u30c3\u30c8\u30c7\u30a3\u30d3\u30b8\u30e7\u30f3"},"image":{"@id":"https:\/\/kawasakirobotics.com\/de\/#\/schema\/logo\/image\/"}}]}},"_links":{"self":[{"href":"https:\/\/kawasakirobotics.com\/de\/wp-json\/wp\/v2\/pages\/3835","targetHints":{"allow":["GET"]}}],"collection":[{"href":"https:\/\/kawasakirobotics.com\/de\/wp-json\/wp\/v2\/pages"}],"about":[{"href":"https:\/\/kawasakirobotics.com\/de\/wp-json\/wp\/v2\/types\/page"}],"author":[{"embeddable":true,"href":"https:\/\/kawasakirobotics.com\/de\/wp-json\/wp\/v2\/users\/9"}],"replies":[{"embeddable":true,"href":"https:\/\/kawasakirobotics.com\/de\/wp-json\/wp\/v2\/comments?post=3835"}],"version-history":[{"count":6,"href":"https:\/\/kawasakirobotics.com\/de\/wp-json\/wp\/v2\/pages\/3835\/revisions"}],"predecessor-version":[{"id":5359,"href":"https:\/\/kawasakirobotics.com\/de\/wp-json\/wp\/v2\/pages\/3835\/revisions\/5359"}],"up":[{"embeddable":true,"href":"https:\/\/kawasakirobotics.com\/de\/wp-json\/wp\/v2\/pages\/3828"}],"wp:featuredmedia":[{"embeddable":true,"href":"https:\/\/kawasakirobotics.com\/de\/wp-json\/wp\/v2\/media\/930"}],"wp:attachment":[{"href":"https:\/\/kawasakirobotics.com\/de\/wp-json\/wp\/v2\/media?parent=3835"}],"curies":[{"name":"wp","href":"https:\/\/api.w.org\/{rel}","templated":true}]}}