{"id":3841,"date":"2022-02-21T07:11:52","date_gmt":"2022-02-21T06:11:52","guid":{"rendered":"urn:uuid:4c1c9d57-81b2-4bfb-b477-80c1a2e9e926"},"modified":"2026-04-02T09:42:49","modified_gmt":"2026-04-02T08:42:49","slug":"case-studies","status":"publish","type":"page","link":"https:\/\/kawasakirobotics.com\/de\/case-studies\/","title":{"rendered":"Anwenderberichte"},"content":{"rendered":"\n<p>In der Geschichte der Kawasaki Industrieroboter, die vor mehr als einem halben Jahrhundert begann, haben wir verschiedenste Produkte f\u00fcr eine Vielzahl an Branchen entwickelt und auf den Markt gebracht.<br>An dieser Stelle m\u00f6chten wir Ihnen einige Anwendungsbeispiele f\u00fcr unsere Roboter vorstellen.<\/p>\n\n\n<div class=\"krobot-product-search-form partner-search\">\n\t\t\t\t<div class=\"krobot-product-search-form__inner\">\n\t\t\t\t\t<div class=\"krobot-product-search-form__section krobot-product-search-form__section--spec\">\n\t\t\t\t\t\t<h1 class=\"krobot-product-search-form__section-title\">Fallstudien suchen<\/h1>\n\t\t\t\t\t\t<form class=\"krobot-form\">\n\t\t\t\t\t\t\t<div class=\"krobot-product-search-form__items krobot-product-search-form__items--2col\"><div class=\"krobot-product-search-form__item\">\n\t\t\t\t\t\t<label for=\"industry\">Partnerliste<\/label>\n\t\t\t\t\t\t<div class=\"krobot-form__select-wrap\">\n\t\t\t\t\t\t\t<select name=\"industry\" id=\"industry\">\n\t\t\t\t\t\t\t<option value=\"\" selected=\"\">Ausw\u00e4hlen<\/option>\n\t\t\t\t\t\t\t<option value=\"machinery-and-metal-manufacturing\">Maschinen &amp; Metallverarbeitung<\/option><option value=\"petrochemical\">Chemieerzeugnisse<\/option><option value=\"aerospace\">Luftfahrt<\/option><option value=\"foundry\">Gie\u00dferei<\/option><option value=\"food-and-beverage\">Food &amp; Beverage<\/option><option value=\"automotive\">Fahrzeuge<\/option>\n\t\t\t\t\t\t\t<\/select>\n\t\t\t\t\t\t<\/div>\n\t\t\t\t\t<\/div>\n<div class=\"krobot-product-search-form__item\">\n\t\t\t\t\t\t<label for=\"application\">Anwendungen<\/label>\n\t\t\t\t\t\t<div class=\"krobot-form__select-wrap\">\n\t\t\t\t\t\t\t<select name=\"application\" id=\"application\">\n\t\t\t\t\t\t\t<option value=\"\" selected=\"\">Ausw\u00e4hlen<\/option>\n\t\t\t\t\t\t\t<option value=\"material-handling\">Materialhandhabung<\/option><option value=\"machine-tending\">Maschinenbeschickung<\/option><option value=\"assembly\">Montage<\/option><option value=\"pick-and-place\">Pick &amp; Place<\/option><option value=\"palletizing\">Palettieren<\/option><option value=\"arc-welding\">Lichtbogenschwei\u00dfen<\/option>\n\t\t\t\t\t\t\t<\/select>\n\t\t\t\t\t\t<\/div>\n\t\t\t\t\t<\/div>\n<div class=\"krobot-product-search-form__item\">\n\t\t\t\t\t\t<label for=\"robot-series\">Serie<\/label>\n\t\t\t\t\t\t<div class=\"krobot-form__select-wrap\">\n\t\t\t\t\t\t\t<select name=\"robot-series\" id=\"robot-series\">\n\t\t\t\t\t\t\t<option value=\"\" selected=\"\">Ausw\u00e4hlen<\/option>\n\t\t\t\t\t\t\t<option value=\"astorino\">Astorino<\/option><option value=\"rs\">RS-Serie<\/option><option value=\"bxbt\">BX\/BT-Serie<\/option><option value=\"zx\">ZX-Serie<\/option><option value=\"cp\">CP-Serie<\/option><option value=\"ba\">BA-Serie<\/option><option value=\"m\">M-Serie<\/option>\n\t\t\t\t\t\t\t<\/select>\n\t\t\t\t\t\t<\/div>\n\t\t\t\t\t<\/div><\/div>\n\t\t\t\t\t\t<\/form>\n\t\t\t\t\t<\/div>\n\t\t\t\t<\/div>\n\t\t\t<\/div><div class=\"wp-block-group krobot-pattern-section-heading alignwide partner-list-header\">\n\t\t\t<h2 class=\"krobot-pattern-section-heading__title has-text-align-center\">Anwenderberichte<\/h2>\n\t\t<\/div><div class=\"wp-block-group alignwide casestudy-list\">\n\t\t<div class=\"wp-block-group__inner-container\">\n\t\t\t<div class=\"krobot-partners-list\">\n\t\t\t<div class=\"krobot-partners-list__item\" data-industry='[\"machinery-and-metal-manufacturing\", \"petrochemical\"]' data-application='[\"material-handling\", \"machine-tending\"]' data-robot-series='[\"astorino\", \"rs\", \"bxbt\", \"zx\"]'>\n\t\t\t\t\t\t<figure class=\"krobot-partners-list__image\"><img loading=\"lazy\" decoding=\"async\" width=\"2560\" height=\"1441\" src=\"https:\/\/kawasakirobotics.com\/tachyon\/sites\/9\/2026\/03\/1-skaliert.jpg?resize=900%2C507&#038;crop_strategy=smart\" class=\"attachment-19_9 size-19_9 wp-post-image\" alt=\"\" srcset=\"https:\/\/kawasakirobotics.com\/tachyon\/sites\/9\/2026\/03\/1-skaliert.jpg?resize=2560%2C1441&amp;crop_strategy=smart&amp;zoom=1 2560w, https:\/\/kawasakirobotics.com\/tachyon\/sites\/9\/2026\/03\/1-skaliert.jpg?resize=2560%2C1441&amp;crop_strategy=smart&amp;zoom=0.5 1280w, https:\/\/kawasakirobotics.com\/tachyon\/sites\/9\/2026\/03\/1-skaliert.jpg?resize=2560%2C1441&amp;crop_strategy=smart&amp;zoom=0.25 640w\" sizes=\"auto, (max-width: 2560px) 100vw, 2560px\" data-recalc-dims=\"1\" \/><\/figure><h3 class=\"krobot-partners-list__name\">Automatisierung bei AGRU: Der Kunststoffpionier bringt Langlebigkeit und Innovation zusammen<\/h3><ul class=\"krobot-partners-list__info\"><li class=\"krobot-partners-list__info-item\"><span class=\"krobot-partners-list__info-label\">Branchen<\/span><div class=\"krobot-partners-list__info-content\"><p>Maschinen &amp; Metallverarbeitung, Chemieerzeugnisse<\/p><\/div><\/li>\n<li class=\"krobot-partners-list__info-item\"><span class=\"krobot-partners-list__info-label\">Anwendungen<\/span><div class=\"krobot-partners-list__info-content\"><p>Materialhandhabung, Maschinenbeschickung<\/p><\/div><\/li>\n<li class=\"krobot-partners-list__info-item\"><span class=\"krobot-partners-list__info-label\">Serie<\/span><div class=\"krobot-partners-list__info-content\"><p>Astorino, RS-Serie, BX\/BT-Serie, ZX-Serie<\/p><\/div><\/li><\/ul>\n\t\t\t\t\t\t<div class=\"wp-block-buttons is-content-justification-center krobot-pattern-products__link\">\n\t\t\t\t\t\t\t<div class=\"wp-block-button is-style-outline\">\n\t\t\t\t\t\t\t\t<a class=\"wp-block-button__link\" href=\"https:\/\/kawasakirobotics.com\/de\/case-studies\/agru\/\">MEHR<\/a>\n\t\t\t\t\t\t\t<\/div>\n\t\t\t\t\t\t<\/div>\n\t\t\t\t\t<\/div><div class=\"krobot-partners-list__item\" data-industry='[\"aerospace\", \"foundry\"]' data-application='[\"material-handling\", \"machine-tending\"]' data-robot-series='[\"zx\"]'>\n\t\t\t\t\t\t<figure class=\"krobot-partners-list__image\"><img loading=\"lazy\" decoding=\"async\" width=\"2560\" height=\"1441\" src=\"https:\/\/kawasakirobotics.com\/tachyon\/sites\/9\/2026\/03\/20250514_144622-scaled.jpg?resize=900%2C507&#038;crop_strategy=smart\" class=\"attachment-19_9 size-19_9 wp-post-image\" alt=\"\" srcset=\"https:\/\/kawasakirobotics.com\/tachyon\/sites\/9\/2026\/03\/20250514_144622-scaled.jpg?resize=2560%2C1441&amp;crop_strategy=smart&amp;zoom=1 2560w, https:\/\/kawasakirobotics.com\/tachyon\/sites\/9\/2026\/03\/20250514_144622-scaled.jpg?resize=2560%2C1441&amp;crop_strategy=smart&amp;zoom=0.5 1280w, https:\/\/kawasakirobotics.com\/tachyon\/sites\/9\/2026\/03\/20250514_144622-scaled.jpg?resize=2560%2C1441&amp;crop_strategy=smart&amp;zoom=0.25 640w\" sizes=\"auto, (max-width: 2560px) 100vw, 2560px\" data-recalc-dims=\"1\" \/><\/figure><h3 class=\"krobot-partners-list__name\">Automatisierte Entwicklung f\u00fcr Luft- und Raumfahrt: Access e.V. schlie\u00dft die L\u00fccke zwischen Forschung und Industrie<\/h3><ul class=\"krobot-partners-list__info\"><li class=\"krobot-partners-list__info-item\"><span class=\"krobot-partners-list__info-label\">Branchen<\/span><div class=\"krobot-partners-list__info-content\"><p>Luftfahrt, Gie\u00dferei<\/p><\/div><\/li>\n<li class=\"krobot-partners-list__info-item\"><span class=\"krobot-partners-list__info-label\">Anwendungen<\/span><div class=\"krobot-partners-list__info-content\"><p>Materialhandhabung, Maschinenbeschickung<\/p><\/div><\/li>\n<li class=\"krobot-partners-list__info-item\"><span class=\"krobot-partners-list__info-label\">Serie<\/span><div class=\"krobot-partners-list__info-content\"><p>ZX-Serie<\/p><\/div><\/li><\/ul>\n\t\t\t\t\t\t<div class=\"wp-block-buttons is-content-justification-center krobot-pattern-products__link\">\n\t\t\t\t\t\t\t<div class=\"wp-block-button is-style-outline\">\n\t\t\t\t\t\t\t\t<a class=\"wp-block-button__link\" href=\"https:\/\/kawasakirobotics.com\/de\/case-studies\/access\/\">MEHR<\/a>\n\t\t\t\t\t\t\t<\/div>\n\t\t\t\t\t\t<\/div>\n\t\t\t\t\t<\/div><div class=\"krobot-partners-list__item\" data-industry='[\"machinery-and-metal-manufacturing\"]' data-application='[\"assembly\", \"machine-tending\", \"pick-and-place\"]' data-robot-series='[\"rs\"]'>\n\t\t\t\t\t\t<figure class=\"krobot-partners-list__image\"><img loading=\"lazy\" decoding=\"async\" width=\"1600\" height=\"1100\" src=\"https:\/\/kawasakirobotics.com\/tachyon\/sites\/9\/2025\/12\/Foto_Kawasaki_1.jpg?resize=900%2C619&#038;crop_strategy=smart\" class=\"attachment-19_9 size-19_9 wp-post-image\" alt=\"\" srcset=\"https:\/\/kawasakirobotics.com\/tachyon\/sites\/9\/2025\/12\/Foto_Kawasaki_1.jpg?resize=1600%2C1100&amp;zoom=1 1600w, https:\/\/kawasakirobotics.com\/tachyon\/sites\/9\/2025\/12\/Foto_Kawasaki_1.jpg?resize=1600%2C1100&amp;zoom=0.5 800w, https:\/\/kawasakirobotics.com\/tachyon\/sites\/9\/2025\/12\/Foto_Kawasaki_1.jpg?resize=1600%2C1100&amp;zoom=0.25 400w\" sizes=\"auto, (max-width: 1600px) 100vw, 1600px\" data-recalc-dims=\"1\" \/><\/figure><h3 class=\"krobot-partners-list__name\">Einfachen Zugang schaffen: So bringt Arnold IT Roboter und KI in den deutschen Mittelstand<\/h3><ul class=\"krobot-partners-list__info\"><li class=\"krobot-partners-list__info-item\"><span class=\"krobot-partners-list__info-label\">Branchen<\/span><div class=\"krobot-partners-list__info-content\"><p>Maschinen &amp; Metallverarbeitung<\/p><\/div><\/li>\n<li class=\"krobot-partners-list__info-item\"><span class=\"krobot-partners-list__info-label\">Anwendungen<\/span><div class=\"krobot-partners-list__info-content\"><p>Montage, Maschinenbeschickung, Pick &amp; Place<\/p><\/div><\/li>\n<li class=\"krobot-partners-list__info-item\"><span class=\"krobot-partners-list__info-label\">Serie<\/span><div class=\"krobot-partners-list__info-content\"><p>RS-Serie<\/p><\/div><\/li><\/ul>\n\t\t\t\t\t\t<div class=\"wp-block-buttons is-content-justification-center krobot-pattern-products__link\">\n\t\t\t\t\t\t\t<div class=\"wp-block-button is-style-outline\">\n\t\t\t\t\t\t\t\t<a class=\"wp-block-button__link\" href=\"https:\/\/kawasakirobotics.com\/de\/case-studies\/creating-easy-access-how-arnold-it-is-bringing-robots-and-ai-to-german-smes\/\">MEHR<\/a>\n\t\t\t\t\t\t\t<\/div>\n\t\t\t\t\t\t<\/div>\n\t\t\t\t\t<\/div><div class=\"krobot-partners-list__item\" data-industry='[\"food-and-beverage\"]' data-application='[\"palletizing\"]' data-robot-series='[\"cp\"]'>\n\t\t\t\t\t\t<figure class=\"krobot-partners-list__image\"><img loading=\"lazy\" decoding=\"async\" width=\"1600\" height=\"1065\" src=\"https:\/\/kawasakirobotics.com\/tachyon\/sites\/9\/2025\/07\/projekt-2.jpg?resize=900%2C599&#038;crop_strategy=smart\" class=\"attachment-19_9 size-19_9 wp-post-image\" alt=\"\" srcset=\"https:\/\/kawasakirobotics.com\/tachyon\/sites\/9\/2025\/07\/projekt-2.jpg?resize=1600%2C1065&amp;zoom=1 1600w, https:\/\/kawasakirobotics.com\/tachyon\/sites\/9\/2025\/07\/projekt-2.jpg?resize=1600%2C1065&amp;zoom=0.5 800w, https:\/\/kawasakirobotics.com\/tachyon\/sites\/9\/2025\/07\/projekt-2.jpg?resize=1600%2C1065&amp;zoom=0.25 400w\" sizes=\"auto, (max-width: 1600px) 100vw, 1600px\" data-recalc-dims=\"1\" \/><\/figure><h3 class=\"krobot-partners-list__name\">Modulare Automatisierung auf kleinem Raum: Passgenaue Roboterl\u00f6sung f\u00fcr Lebensmittelhersteller Greinwald<\/h3><ul class=\"krobot-partners-list__info\"><li class=\"krobot-partners-list__info-item\"><span class=\"krobot-partners-list__info-label\">Branchen<\/span><div class=\"krobot-partners-list__info-content\"><p>Food &amp; Beverage<\/p><\/div><\/li>\n<li class=\"krobot-partners-list__info-item\"><span class=\"krobot-partners-list__info-label\">Anwendungen<\/span><div class=\"krobot-partners-list__info-content\"><p>Palettieren<\/p><\/div><\/li>\n<li class=\"krobot-partners-list__info-item\"><span class=\"krobot-partners-list__info-label\">Serie<\/span><div class=\"krobot-partners-list__info-content\"><p>CP-Serie<\/p><\/div><\/li><\/ul>\n\t\t\t\t\t\t<div class=\"wp-block-buttons is-content-justification-center krobot-pattern-products__link\">\n\t\t\t\t\t\t\t<div class=\"wp-block-button is-style-outline\">\n\t\t\t\t\t\t\t\t<a class=\"wp-block-button__link\" href=\"https:\/\/kawasakirobotics.com\/de\/case-studies\/modular-automation-in-confined-spaces-custom-robotic-solution-for-german-food-manufacturer-greinwald\/\">MEHR<\/a>\n\t\t\t\t\t\t\t<\/div>\n\t\t\t\t\t\t<\/div>\n\t\t\t\t\t<\/div><div class=\"krobot-partners-list__item\" data-industry='[\"machinery-and-metal-manufacturing\", \"automotive\"]' data-application='[\"material-handling\", \"machine-tending\", \"pick-and-place\"]' data-robot-series='[\"rs\"]'>\n\t\t\t\t\t\t<figure class=\"krobot-partners-list__image\"><img loading=\"lazy\" decoding=\"async\" width=\"1920\" height=\"1080\" src=\"https:\/\/kawasakirobotics.com\/tachyon\/sites\/9\/2025\/05\/Theilinger-9.jpeg?resize=900%2C506&#038;crop_strategy=smart\" class=\"attachment-19_9 size-19_9 wp-post-image\" alt=\"\" srcset=\"https:\/\/kawasakirobotics.com\/tachyon\/sites\/9\/2025\/05\/Theilinger-9.jpeg?resize=1920%2C1080&amp;crop_strategy=smart&amp;zoom=1 1920w, https:\/\/kawasakirobotics.com\/tachyon\/sites\/9\/2025\/05\/Theilinger-9.jpeg?resize=1920%2C1080&amp;crop_strategy=smart&amp;zoom=0.5 960w, https:\/\/kawasakirobotics.com\/tachyon\/sites\/9\/2025\/05\/Theilinger-9.jpeg?resize=1920%2C1080&amp;crop_strategy=smart&amp;zoom=0.25 480w\" sizes=\"auto, (max-width: 1920px) 100vw, 1920px\" data-recalc-dims=\"1\" \/><\/figure><h3 class=\"krobot-partners-list__name\">Automatisierung nach Wunsch: So bringt Theilinger deutsche Automobilzulieferer auf Zukunftskurs<\/h3><ul class=\"krobot-partners-list__info\"><li class=\"krobot-partners-list__info-item\"><span class=\"krobot-partners-list__info-label\">Branchen<\/span><div class=\"krobot-partners-list__info-content\"><p>Maschinen &amp; Metallverarbeitung, Fahrzeuge<\/p><\/div><\/li>\n<li class=\"krobot-partners-list__info-item\"><span class=\"krobot-partners-list__info-label\">Anwendungen<\/span><div class=\"krobot-partners-list__info-content\"><p>Materialhandhabung, Maschinenbeschickung, Pick &amp; Place<\/p><\/div><\/li>\n<li class=\"krobot-partners-list__info-item\"><span class=\"krobot-partners-list__info-label\">Serie<\/span><div class=\"krobot-partners-list__info-content\"><p>RS-Serie<\/p><\/div><\/li><\/ul>\n\t\t\t\t\t\t<div class=\"wp-block-buttons is-content-justification-center krobot-pattern-products__link\">\n\t\t\t\t\t\t\t<div class=\"wp-block-button is-style-outline\">\n\t\t\t\t\t\t\t\t<a class=\"wp-block-button__link\" href=\"https:\/\/kawasakirobotics.com\/de\/case-studies\/theilinger-supporting-the-future-of-german-automotive-suppliers\/\">MEHR<\/a>\n\t\t\t\t\t\t\t<\/div>\n\t\t\t\t\t\t<\/div>\n\t\t\t\t\t<\/div><div class=\"krobot-partners-list__item\" data-industry='[\"machinery-and-metal-manufacturing\"]' data-application='[\"material-handling\", \"machine-tending\", \"arc-welding\"]' data-robot-series='[\"rs\", \"ba\", \"m\"]'>\n\t\t\t\t\t\t<figure class=\"krobot-partners-list__image\"><img loading=\"lazy\" decoding=\"async\" width=\"2560\" height=\"1707\" src=\"https:\/\/kawasakirobotics.com\/tachyon\/sites\/9\/2024\/02\/DSC02750-scaled.jpg?resize=900%2C600&#038;crop_strategy=smart\" class=\"attachment-19_9 size-19_9 wp-post-image\" alt=\"Traditionsunternehmen BOLL &amp; KIRCH\" srcset=\"https:\/\/kawasakirobotics.com\/tachyon\/sites\/9\/2024\/02\/DSC02750-scaled.jpg?resize=2560%2C1707&amp;zoom=1 2560w, https:\/\/kawasakirobotics.com\/tachyon\/sites\/9\/2024\/02\/DSC02750-scaled.jpg?resize=2560%2C1707&amp;zoom=0.5 1280w, https:\/\/kawasakirobotics.com\/tachyon\/sites\/9\/2024\/02\/DSC02750-scaled.jpg?resize=2560%2C1707&amp;zoom=0.25 640w\" sizes=\"auto, (max-width: 2560px) 100vw, 2560px\" data-recalc-dims=\"1\" \/><\/figure><h3 class=\"krobot-partners-list__name\">Traditionsunternehmen BOLL &amp; KIRCH: Wie Roboter das Wachstum des Hidden Champions unterst\u00fctzen<\/h3><ul class=\"krobot-partners-list__info\"><li class=\"krobot-partners-list__info-item\"><span class=\"krobot-partners-list__info-label\">Branchen<\/span><div class=\"krobot-partners-list__info-content\"><p>Maschinen &amp; Metallverarbeitung<\/p><\/div><\/li>\n<li class=\"krobot-partners-list__info-item\"><span class=\"krobot-partners-list__info-label\">Anwendungen<\/span><div class=\"krobot-partners-list__info-content\"><p>Materialhandhabung, Maschinenbeschickung, Lichtbogenschwei\u00dfen<\/p><\/div><\/li>\n<li class=\"krobot-partners-list__info-item\"><span class=\"krobot-partners-list__info-label\">Serie<\/span><div class=\"krobot-partners-list__info-content\"><p>RS-Serie, BA-Serie, M-Serie<\/p><\/div><\/li><\/ul>\n\t\t\t\t\t\t<div class=\"wp-block-buttons is-content-justification-center krobot-pattern-products__link\">\n\t\t\t\t\t\t\t<div class=\"wp-block-button is-style-outline\">\n\t\t\t\t\t\t\t\t<a class=\"wp-block-button__link\" href=\"https:\/\/kawasakirobotics.com\/de\/case-studies\/bollfilter\/\">MEHR<\/a>\n\t\t\t\t\t\t\t<\/div>\n\t\t\t\t\t\t<\/div>\n\t\t\t\t\t<\/div>\n\t\t\t<\/div>\n\t\t<\/div>\n\t<\/div>","protected":false},"excerpt":{"rendered":"<p>In der Geschichte der Kawasaki Industrieroboter, die vor mehr als einem halben Jahrhundert begann, haben wir verschiedenste Produkte f\u00fcr eine Vielzahl an Branchen entwickelt und auf den Markt gebracht.An dieser Stelle m\u00f6chten wir Ihnen einige Anwendungsbeispiele f\u00fcr unsere Roboter vorstellen.<\/p>\n","protected":false},"author":1,"featured_media":3842,"parent":0,"menu_order":27,"comment_status":"closed","ping_status":"closed","template":"page-templates\/custom-title-with-background.php","meta":{"ep_exclude_from_search":false,"footnotes":""},"class_list":["post-3841","page","type-page","status-publish","has-post-thumbnail","hentry"],"yoast_head":"<!-- This site is optimized with the Yoast SEO plugin v25.9 - https:\/\/yoast.com\/wordpress\/plugins\/seo\/ -->\n<title>Anwenderberichte | Industrieroboter von Kawasaki Robotics<\/title>\n<meta name=\"description\" content=\"Kawasaki Heavy Industries | Anwenderberichte\" \/>\n<meta name=\"robots\" content=\"index, follow, max-snippet:-1, max-image-preview:large, max-video-preview:-1\" \/>\n<link rel=\"canonical\" href=\"https:\/\/kawasakirobotics.com\/de\/case-studies\/\" \/>\n<meta property=\"og:locale\" content=\"de_DE\" \/>\n<meta property=\"og:type\" content=\"article\" \/>\n<meta property=\"og:title\" content=\"Anwenderberichte | Industrieroboter von Kawasaki Robotics\" \/>\n<meta property=\"og:description\" content=\"Kawasaki Heavy Industries | Anwenderberichte\" \/>\n<meta property=\"og:url\" content=\"https:\/\/kawasakirobotics.com\/de\/case-studies\/\" \/>\n<meta property=\"og:site_name\" content=\"Kawasaki Robotics\" \/>\n<meta property=\"article:modified_time\" content=\"2026-04-02T08:42:49+00:00\" \/>\n<meta property=\"og:image\" content=\"https:\/\/kawasakirobotics.com\/content\/themes\/krobot-theme\/src\/images\/default\/ogp.jpg\" \/>\n\t<meta property=\"og:image:width\" content=\"1200\" \/>\n\t<meta property=\"og:image:height\" content=\"630\" \/>\n\t<meta property=\"og:image:type\" content=\"image\/jpeg\" \/>\n<meta name=\"twitter:card\" content=\"summary_large_image\" \/>\n<script type=\"application\/ld+json\" class=\"yoast-schema-graph\">{\"@context\":\"https:\/\/schema.org\",\"@graph\":[{\"@type\":\"WebPage\",\"@id\":\"https:\/\/kawasakirobotics.com\/de\/case-studies\/\",\"url\":\"https:\/\/kawasakirobotics.com\/de\/case-studies\/\",\"name\":\"Anwenderberichte | Industrieroboter von Kawasaki Robotics\",\"isPartOf\":{\"@id\":\"https:\/\/kawasakirobotics.com\/de\/#website\"},\"primaryImageOfPage\":{\"@id\":\"https:\/\/kawasakirobotics.com\/de\/case-studies\/#primaryimage\"},\"image\":{\"@id\":\"https:\/\/kawasakirobotics.com\/de\/case-studies\/#primaryimage\"},\"thumbnailUrl\":\"https:\/\/kawasakirobotics.com\/tachyon\/sites\/2\/2022\/02\/title-background-A1760115.jpg?fit=2160%2C360\",\"datePublished\":\"2022-02-21T06:11:52+00:00\",\"dateModified\":\"2026-04-02T08:42:49+00:00\",\"description\":\"Kawasaki Heavy Industries | Anwenderberichte\",\"breadcrumb\":{\"@id\":\"https:\/\/kawasakirobotics.com\/de\/case-studies\/#breadcrumb\"},\"inLanguage\":\"de\",\"potentialAction\":[{\"@type\":\"ReadAction\",\"target\":[\"https:\/\/kawasakirobotics.com\/de\/case-studies\/\"]}]},{\"@type\":\"ImageObject\",\"inLanguage\":\"de\",\"@id\":\"https:\/\/kawasakirobotics.com\/de\/case-studies\/#primaryimage\",\"url\":\"https:\/\/kawasakirobotics.com\/tachyon\/sites\/2\/2022\/02\/title-background-A1760115.jpg?fit=2160%2C360\",\"contentUrl\":\"https:\/\/kawasakirobotics.com\/tachyon\/sites\/2\/2022\/02\/title-background-A1760115.jpg?fit=2160%2C360\",\"width\":2160,\"height\":360,\"caption\":\"Anwenderberichte\"},{\"@type\":\"BreadcrumbList\",\"@id\":\"https:\/\/kawasakirobotics.com\/de\/case-studies\/#breadcrumb\",\"itemListElement\":[{\"@type\":\"ListItem\",\"position\":1,\"name\":\"Home\",\"item\":\"https:\/\/kawasakirobotics.com\/de\/\"},{\"@type\":\"ListItem\",\"position\":2,\"name\":\"Anwenderberichte\"}]},{\"@type\":\"WebSite\",\"@id\":\"https:\/\/kawasakirobotics.com\/de\/#website\",\"url\":\"https:\/\/kawasakirobotics.com\/de\/\",\"name\":\"Kawasaki Robotics\",\"description\":\"\",\"publisher\":{\"@id\":\"https:\/\/kawasakirobotics.com\/de\/#organization\"},\"potentialAction\":[{\"@type\":\"SearchAction\",\"target\":{\"@type\":\"EntryPoint\",\"urlTemplate\":\"https:\/\/kawasakirobotics.com\/de\/?s={search_term_string}\"},\"query-input\":{\"@type\":\"PropertyValueSpecification\",\"valueRequired\":true,\"valueName\":\"search_term_string\"}}],\"inLanguage\":\"de\"},{\"@type\":\"Organization\",\"@id\":\"https:\/\/kawasakirobotics.com\/de\/#organization\",\"name\":\"\u5ddd\u5d0e\u91cd\u5de5\u696d\u30ed\u30dc\u30c3\u30c8\u30c7\u30a3\u30d3\u30b8\u30e7\u30f3\",\"url\":\"https:\/\/kawasakirobotics.com\/de\/\",\"logo\":{\"@type\":\"ImageObject\",\"inLanguage\":\"de\",\"@id\":\"https:\/\/kawasakirobotics.com\/de\/#\/schema\/logo\/image\/\",\"url\":\"\",\"contentUrl\":\"\",\"caption\":\"\u5ddd\u5d0e\u91cd\u5de5\u696d\u30ed\u30dc\u30c3\u30c8\u30c7\u30a3\u30d3\u30b8\u30e7\u30f3\"},\"image\":{\"@id\":\"https:\/\/kawasakirobotics.com\/de\/#\/schema\/logo\/image\/\"}}]}<\/script>\n<!-- \/ Yoast SEO plugin. -->","yoast_head_json":{"title":"Anwenderberichte | Industrieroboter von Kawasaki Robotics","description":"Kawasaki Heavy Industries | Anwenderberichte","robots":{"index":"index","follow":"follow","max-snippet":"max-snippet:-1","max-image-preview":"max-image-preview:large","max-video-preview":"max-video-preview:-1"},"canonical":"https:\/\/kawasakirobotics.com\/de\/case-studies\/","og_locale":"de_DE","og_type":"article","og_title":"Anwenderberichte | Industrieroboter von Kawasaki Robotics","og_description":"Kawasaki Heavy Industries | Anwenderberichte","og_url":"https:\/\/kawasakirobotics.com\/de\/case-studies\/","og_site_name":"Kawasaki Robotics","article_modified_time":"2026-04-02T08:42:49+00:00","og_image":[{"url":"https:\/\/kawasakirobotics.com\/content\/themes\/krobot-theme\/src\/images\/default\/ogp.jpg","width":"1200","height":"630","type":"image\/jpeg"}],"twitter_card":"summary_large_image","schema":{"@context":"https:\/\/schema.org","@graph":[{"@type":"WebPage","@id":"https:\/\/kawasakirobotics.com\/de\/case-studies\/","url":"https:\/\/kawasakirobotics.com\/de\/case-studies\/","name":"Anwenderberichte | Industrieroboter von Kawasaki Robotics","isPartOf":{"@id":"https:\/\/kawasakirobotics.com\/de\/#website"},"primaryImageOfPage":{"@id":"https:\/\/kawasakirobotics.com\/de\/case-studies\/#primaryimage"},"image":{"@id":"https:\/\/kawasakirobotics.com\/de\/case-studies\/#primaryimage"},"thumbnailUrl":"https:\/\/kawasakirobotics.com\/tachyon\/sites\/2\/2022\/02\/title-background-A1760115.jpg?fit=2160%2C360","datePublished":"2022-02-21T06:11:52+00:00","dateModified":"2026-04-02T08:42:49+00:00","description":"Kawasaki Heavy Industries | Anwenderberichte","breadcrumb":{"@id":"https:\/\/kawasakirobotics.com\/de\/case-studies\/#breadcrumb"},"inLanguage":"de","potentialAction":[{"@type":"ReadAction","target":["https:\/\/kawasakirobotics.com\/de\/case-studies\/"]}]},{"@type":"ImageObject","inLanguage":"de","@id":"https:\/\/kawasakirobotics.com\/de\/case-studies\/#primaryimage","url":"https:\/\/kawasakirobotics.com\/tachyon\/sites\/2\/2022\/02\/title-background-A1760115.jpg?fit=2160%2C360","contentUrl":"https:\/\/kawasakirobotics.com\/tachyon\/sites\/2\/2022\/02\/title-background-A1760115.jpg?fit=2160%2C360","width":2160,"height":360,"caption":"Anwenderberichte"},{"@type":"BreadcrumbList","@id":"https:\/\/kawasakirobotics.com\/de\/case-studies\/#breadcrumb","itemListElement":[{"@type":"ListItem","position":1,"name":"Home","item":"https:\/\/kawasakirobotics.com\/de\/"},{"@type":"ListItem","position":2,"name":"Anwenderberichte"}]},{"@type":"WebSite","@id":"https:\/\/kawasakirobotics.com\/de\/#website","url":"https:\/\/kawasakirobotics.com\/de\/","name":"Kawasaki Robotics","description":"","publisher":{"@id":"https:\/\/kawasakirobotics.com\/de\/#organization"},"potentialAction":[{"@type":"SearchAction","target":{"@type":"EntryPoint","urlTemplate":"https:\/\/kawasakirobotics.com\/de\/?s={search_term_string}"},"query-input":{"@type":"PropertyValueSpecification","valueRequired":true,"valueName":"search_term_string"}}],"inLanguage":"de"},{"@type":"Organization","@id":"https:\/\/kawasakirobotics.com\/de\/#organization","name":"\u5ddd\u5d0e\u91cd\u5de5\u696d\u30ed\u30dc\u30c3\u30c8\u30c7\u30a3\u30d3\u30b8\u30e7\u30f3","url":"https:\/\/kawasakirobotics.com\/de\/","logo":{"@type":"ImageObject","inLanguage":"de","@id":"https:\/\/kawasakirobotics.com\/de\/#\/schema\/logo\/image\/","url":"","contentUrl":"","caption":"\u5ddd\u5d0e\u91cd\u5de5\u696d\u30ed\u30dc\u30c3\u30c8\u30c7\u30a3\u30d3\u30b8\u30e7\u30f3"},"image":{"@id":"https:\/\/kawasakirobotics.com\/de\/#\/schema\/logo\/image\/"}}]}},"_links":{"self":[{"href":"https:\/\/kawasakirobotics.com\/de\/wp-json\/wp\/v2\/pages\/3841","targetHints":{"allow":["GET"]}}],"collection":[{"href":"https:\/\/kawasakirobotics.com\/de\/wp-json\/wp\/v2\/pages"}],"about":[{"href":"https:\/\/kawasakirobotics.com\/de\/wp-json\/wp\/v2\/types\/page"}],"author":[{"embeddable":true,"href":"https:\/\/kawasakirobotics.com\/de\/wp-json\/wp\/v2\/users\/1"}],"replies":[{"embeddable":true,"href":"https:\/\/kawasakirobotics.com\/de\/wp-json\/wp\/v2\/comments?post=3841"}],"version-history":[{"count":4,"href":"https:\/\/kawasakirobotics.com\/de\/wp-json\/wp\/v2\/pages\/3841\/revisions"}],"predecessor-version":[{"id":6621,"href":"https:\/\/kawasakirobotics.com\/de\/wp-json\/wp\/v2\/pages\/3841\/revisions\/6621"}],"wp:featuredmedia":[{"embeddable":true,"href":"https:\/\/kawasakirobotics.com\/de\/wp-json\/wp\/v2\/media\/3842"}],"wp:attachment":[{"href":"https:\/\/kawasakirobotics.com\/de\/wp-json\/wp\/v2\/media?parent=3841"}],"curies":[{"name":"wp","href":"https:\/\/api.w.org\/{rel}","templated":true}]}}