{"id":3868,"date":"2022-02-21T17:45:24","date_gmt":"2022-02-21T17:45:24","guid":{"rendered":"urn:uuid:ea5874b3-84a7-46f3-b0c8-88fc8d7b939e"},"modified":"2025-05-02T06:37:52","modified_gmt":"2025-05-02T05:37:52","slug":"why-kawasaki-robotics","status":"publish","type":"page","link":"https:\/\/kawasakirobotics.com\/de\/why-kawasaki-robotics\/","title":{"rendered":"WARUM KAWASAKI ROBOTICS?"},"content":{"rendered":"\n<p>Mit einem dienstleistungsorientierten Ansatz, einer flexiblen und offenen Programmiersprache und einer herstellerorientierten Denkweise sind wir eine andere Art von Roboterunternehmen.&nbsp;&nbsp;<\/p>\n\n\n\n<h2 class=\"wp-block-heading\">Einfacher ZUGANG<strong>.<\/strong><\/h2>\n\n\n\n<figure class=\"wp-block-image size-large\"><img loading=\"lazy\" width=\"900\" height=\"506\" decoding=\"async\" src=\"https:\/\/kawasakirobotics.com\/tachyon\/sites\/9\/2022\/03\/accessibility_004_960x540.webp\" alt=\"WARUM KAWASAKI ROBOTICS Kundenbild\" class=\"wp-image-5341\" srcset=\"https:\/\/kawasakirobotics.com\/tachyon\/sites\/9\/2022\/03\/accessibility_004_960x540.webp?resize=900%2C506&amp;zoom=1 900w, https:\/\/kawasakirobotics.com\/tachyon\/sites\/9\/2022\/03\/accessibility_004_960x540.webp?resize=900%2C506&amp;zoom=0.5 450w, https:\/\/kawasakirobotics.com\/tachyon\/sites\/9\/2022\/03\/accessibility_004_960x540.webp?resize=900%2C506&amp;zoom=0.25 225w\" sizes=\"auto, (max-width: 900px) 100vw, 900px\" \/><\/figure>\n\n\n\n<p>Transparenz ist f\u00fcr uns auf allen Ebenen unserer Organisation wichtig. Wenn Sie mit Kawasaki Robotics zusammenarbeiten, werden Sie keine versteckten Kosten f\u00fcr Software, Handb\u00fccher, Schulungen, Fernwartungseins\u00e4tze usw. finden. Unsere Open-Source-Programmierplattform bietet mehrere Arten von Programmieroptionen f\u00fcr alle Kenntnisstufen. So k\u00f6nnen Benutzer von grundlegenden Operationen bis hin zu KI-Integrationen skalieren. In Kombination mit unseren exklusiven Online-Ressourcen und -Tools k\u00f6nnen unsere Kunden und Partner das Steuer selbst in die Hand nehmen. So sind wir gerne Ihr pers\u00f6nlicher Automatisierungspartner.<\/p>\n\n\n\n<p><\/p>\n\n\n\n<div class=\"wp-block-buttons is-horizontal is-content-justification-center is-layout-flex wp-container-core-buttons-is-layout-03627597 wp-block-buttons-is-layout-flex\">\n<div class=\"wp-block-button\"><a class=\"wp-block-button__link wp-element-button\" href=\"https:\/\/kawasakirobotics.com\/de\/customer-experience\/exculsive-resources\/\">ERFAHREN SIE MEHR<\/a><\/div>\n<\/div>\n\n\n\n<h2 class=\"wp-block-heading\">Unsere QUALIT\u00c4T.<\/h2>\n\n\n\n<figure class=\"wp-block-image size-full\"><img loading=\"lazy\" width=\"899\" height=\"506\" decoding=\"async\" src=\"https:\/\/kawasakirobotics.com\/tachyon\/sites\/9\/2022\/03\/quality_001_960x540_blurredjpg-01.webp\" alt=\"WARUM KAWASAKI ROBOTICS?06\" class=\"wp-image-5342\" srcset=\"https:\/\/kawasakirobotics.com\/tachyon\/sites\/9\/2022\/03\/quality_001_960x540_blurredjpg-01.webp?resize=899%2C506&amp;zoom=1 899w, https:\/\/kawasakirobotics.com\/tachyon\/sites\/9\/2022\/03\/quality_001_960x540_blurredjpg-01.webp?resize=899%2C506&amp;zoom=0.5 450w, https:\/\/kawasakirobotics.com\/tachyon\/sites\/9\/2022\/03\/quality_001_960x540_blurredjpg-01.webp?resize=899%2C506&amp;zoom=0.25 225w\" sizes=\"auto, (max-width: 899px) 100vw, 899px\" \/><\/figure>\n\n\n\n<p>Der Name Kawasaki ist ein Synonym f\u00fcr Pr\u00e4zision und Zuverl\u00e4ssigkeit, denn das liegt in unserer DNA.&nbsp;Seit den Anf\u00e4ngen von Kawasaki steht die Qualit\u00e4t im Mittelpunkt eines jeden Produkts, von Motorr\u00e4dern bis zu Flugzeugen.&nbsp;Als Pionier baute Kawasaki Robotics seinen ersten Robotersysteme im Jahr 1969. Seitdem haben wir kontinuierlich modernste Robotertechnik entwickelt, darunter auch Roboterarme mit einem patentierten Hollow Wrist Design. Dies ist ein entscheidender Vorteil, da unsere Roboter dadurch einfach zu installieren und zu warten sind und der Verschlei\u00df mit der Zeit minimiert wird.&nbsp;Mit Roboter-Nutzlasten von 3 kg bis 1.500 kg werden Sie zweifelsohne unser Engagement f\u00fcr Qualit\u00e4t erleben.&nbsp;&nbsp;<\/p>\n\n\n\n<p><\/p>\n\n\n\n<div class=\"wp-block-buttons is-horizontal is-content-justification-center is-layout-flex wp-container-core-buttons-is-layout-03627597 wp-block-buttons-is-layout-flex\">\n<div class=\"wp-block-button\"><a class=\"wp-block-button__link wp-element-button\" href=\"https:\/\/kawasakirobotics.com\/de\/products\/\">ERFAHREN SIE MEHR<\/a><\/div>\n<\/div>\n\n\n\n<h2 class=\"wp-block-heading\">Der FAKTOR MENSCH<strong>.<\/strong><\/h2>\n\n\n\n<figure class=\"wp-block-image size-full\"><img loading=\"lazy\" width=\"900\" height=\"506\" decoding=\"async\" src=\"https:\/\/kawasakirobotics.com\/tachyon\/sites\/9\/2022\/03\/ingenuity_03_960x540.webp\" alt=\"WARUM KAWASAKI ROBOTICS?05\" class=\"wp-image-5343\" srcset=\"https:\/\/kawasakirobotics.com\/tachyon\/sites\/9\/2022\/03\/ingenuity_03_960x540.webp?resize=900%2C506&amp;zoom=1 900w, https:\/\/kawasakirobotics.com\/tachyon\/sites\/9\/2022\/03\/ingenuity_03_960x540.webp?resize=900%2C506&amp;zoom=0.5 450w, https:\/\/kawasakirobotics.com\/tachyon\/sites\/9\/2022\/03\/ingenuity_03_960x540.webp?resize=900%2C506&amp;zoom=0.25 225w\" sizes=\"auto, (max-width: 900px) 100vw, 900px\" \/><\/figure>\n\n\n\n<p>Bei der Automatisierung eines Prozesses geht es um viel mehr als nur um den Kauf eines Roboters, und deshalb m\u00f6chten wir Sie auf diesem Weg begleiten. Wir tun nicht nur so, als ob wir uns k\u00fcmmern, wir k\u00fcmmern uns wirklich. Wir nehmen den H\u00f6rer ab, wenn Sie anrufen, und wir behandeln Sie gleich, egal ob Sie ein Gro\u00dfunternehmen oder ein kleines bis mittleres Unternehmen sind. Wir sprechen Klartext und sind offen. Wir behandeln unsere Kunden und Partner immer so, wie wir selbst behandelt werden m\u00f6chten. <\/p>\n\n\n\n<div class=\"wp-block-buttons is-horizontal is-content-justification-center is-layout-flex wp-container-core-buttons-is-layout-03627597 wp-block-buttons-is-layout-flex\">\n<div class=\"wp-block-button\"><a class=\"wp-block-button__link wp-element-button\" href=\"https:\/\/kawasakirobotics.com\/de\/company\/\">ERFAHREN SIE MEHR<\/a><\/div>\n<\/div>\n\n\n\n<h2 class=\"wp-block-heading\">Unser KUNDENSUPPORT<strong>.<\/strong><\/h2>\n\n\n\n<figure class=\"wp-block-image size-full\"><img loading=\"lazy\" width=\"900\" height=\"506\" decoding=\"async\" src=\"https:\/\/kawasakirobotics.com\/tachyon\/sites\/9\/2022\/03\/cust-experience_01_960x540.webp\" alt=\"WARUM KAWASAKI ROBOTICS?04\" class=\"wp-image-5344\" srcset=\"https:\/\/kawasakirobotics.com\/tachyon\/sites\/9\/2022\/03\/cust-experience_01_960x540.webp?resize=900%2C506&amp;zoom=1 900w, https:\/\/kawasakirobotics.com\/tachyon\/sites\/9\/2022\/03\/cust-experience_01_960x540.webp?resize=900%2C506&amp;zoom=0.5 450w, https:\/\/kawasakirobotics.com\/tachyon\/sites\/9\/2022\/03\/cust-experience_01_960x540.webp?resize=900%2C506&amp;zoom=0.25 225w\" sizes=\"auto, (max-width: 900px) 100vw, 900px\" \/><\/figure>\n\n\n\n<p>Wir legen gro\u00dfen Wert auf die Erfahrungen unserer Kunden. Deshalb ist das Team von Kawasaki Robotics immer erreichbar. Unsere Service- und Support-Teams sind weltweit t\u00e4tig, und ihr Hauptaugenmerk liegt darauf, die richtige L\u00f6sung f\u00fcr Sie zu finden. Wir arbeiten mit Ihnen zusammen, um Probleme aus der Ferne zu l\u00f6sen &#8211; ein Service, der f\u00fcr alle Kunden und Partner kostenlos ist. Wir sind bestrebt, Sie zu einer Erfolgsgeschichte in der Automatisierungstechnik zu machen.&nbsp;&nbsp;<\/p>\n\n\n\n<div class=\"wp-block-buttons is-horizontal is-content-justification-center is-layout-flex wp-container-core-buttons-is-layout-03627597 wp-block-buttons-is-layout-flex\">\n<div class=\"wp-block-button\"><a class=\"wp-block-button__link wp-element-button\" href=\"https:\/\/kawasakirobotics.com\/de\/customer-experience\/\">ERFAHREN SIE MEHR<\/a><\/div>\n<\/div>\n\n\n\n<div class=\"wp-block-group alignfull site-cta is-layout-flow wp-block-group-is-layout-flow\">\n<div class=\"wp-block-group site-cta__inside is-layout-flow wp-block-group-is-layout-flow\">\n<p class=\"site-cta__text\"><strong><a href=\"https:\/\/kawasaki-corporate.spiral-site.com\/ind_robot_de?_gl=1*1ves003*_ga*MTQxNjY5NTY4NC4xNjI1NDY3NjY1*_ga_GRRCX7N19P*MTY0NjM1ODQxMi4xNzguMS4xNjQ2MzU4NDU0LjA.&amp;_ifbs-ind_robot_de=s1_Step1\" target=\"_blank\" rel=\"noreferrer noopener\">SPRECHEN SIE UNS AN.<\/a><\/strong><\/p>\n<\/div>\n<\/div>\n\n\n\n<p><\/p>\n","protected":false},"excerpt":{"rendered":"<p>Mit einem dienstleistungsorientierten Ansatz, einer flexiblen und offenen Programmiersprache und einer herstellerorientierten Denkweise sind wir eine andere Art von Roboterunternehmen.&nbsp;&nbsp; Einfacher ZUGANG. Transparenz ist f\u00fcr uns auf allen Ebenen unserer Organisation wichtig. Wenn Sie mit Kawasaki Robotics zusammenarbeiten, werden Sie keine versteckten Kosten f\u00fcr Software, Handb\u00fccher, Schulungen, Fernwartungseins\u00e4tze usw. finden. Unsere Open-Source-Programmierplattform bietet mehrere Arten von Programmieroptionen f\u00fcr alle Kenntnisstufen. So k\u00f6nnen Benutzer von grundlegenden Operationen bis hin zu KI-Integrationen skalieren. In Kombination mit unseren exklusiven Online-Ressourcen und -Tools k\u00f6nnen unsere Kunden und Partner das Steuer selbst in die Hand nehmen. So sind wir gerne Ihr pers\u00f6nlicher Automatisierungspartner. Unsere QUALIT\u00c4T. Der Name Kawasaki ist ein Synonym f\u00fcr Pr\u00e4zision und Zuverl\u00e4ssigkeit, [&hellip;]<\/p>\n","protected":false},"author":9,"featured_media":0,"parent":0,"menu_order":4,"comment_status":"closed","ping_status":"closed","template":"","meta":{"ep_exclude_from_search":false,"footnotes":""},"class_list":["post-3868","page","type-page","status-publish","hentry"],"yoast_head":"<!-- This site is optimized with the Yoast SEO plugin v25.9 - https:\/\/yoast.com\/wordpress\/plugins\/seo\/ -->\n<title>WARUM KAWASAKI ROBOTICS? | Industrieroboter von Kawasaki Robotics<\/title>\n<meta name=\"description\" content=\"Kawasaki Heavy Industries | WARUM KAWASAKI ROBOTICS?\" \/>\n<meta name=\"robots\" content=\"index, follow, max-snippet:-1, max-image-preview:large, max-video-preview:-1\" \/>\n<link rel=\"canonical\" href=\"https:\/\/kawasakirobotics.com\/de\/why-kawasaki-robotics\/\" \/>\n<meta property=\"og:locale\" content=\"de_DE\" \/>\n<meta property=\"og:type\" content=\"article\" \/>\n<meta property=\"og:title\" content=\"WARUM KAWASAKI ROBOTICS? | Industrieroboter von Kawasaki Robotics\" \/>\n<meta property=\"og:description\" content=\"Kawasaki Heavy Industries | WARUM KAWASAKI ROBOTICS?\" \/>\n<meta property=\"og:url\" content=\"https:\/\/kawasakirobotics.com\/de\/why-kawasaki-robotics\/\" \/>\n<meta property=\"og:site_name\" content=\"Kawasaki Robotics\" \/>\n<meta property=\"article:modified_time\" content=\"2025-05-02T05:37:52+00:00\" \/>\n<meta property=\"og:image\" content=\"https:\/\/kawasakirobotics.com\/content\/themes\/krobot-theme\/src\/images\/default\/ogp.jpg\" \/>\n\t<meta property=\"og:image:width\" content=\"1200\" \/>\n\t<meta property=\"og:image:height\" content=\"630\" \/>\n\t<meta property=\"og:image:type\" content=\"image\/jpeg\" \/>\n<meta name=\"twitter:card\" content=\"summary_large_image\" \/>\n<script type=\"application\/ld+json\" class=\"yoast-schema-graph\">{\"@context\":\"https:\/\/schema.org\",\"@graph\":[{\"@type\":\"WebPage\",\"@id\":\"https:\/\/kawasakirobotics.com\/de\/why-kawasaki-robotics\/\",\"url\":\"https:\/\/kawasakirobotics.com\/de\/why-kawasaki-robotics\/\",\"name\":\"WARUM KAWASAKI ROBOTICS? | Industrieroboter von Kawasaki Robotics\",\"isPartOf\":{\"@id\":\"https:\/\/kawasakirobotics.com\/de\/#website\"},\"primaryImageOfPage\":{\"@id\":\"https:\/\/kawasakirobotics.com\/de\/why-kawasaki-robotics\/#primaryimage\"},\"image\":{\"@id\":\"https:\/\/kawasakirobotics.com\/de\/why-kawasaki-robotics\/#primaryimage\"},\"thumbnailUrl\":\"https:\/\/kawasakirobotics.com\/tachyon\/sites\/9\/2022\/03\/accessibility_004_960x540.webp\",\"datePublished\":\"2022-02-21T17:45:24+00:00\",\"dateModified\":\"2025-05-02T05:37:52+00:00\",\"description\":\"Kawasaki Heavy Industries | WARUM KAWASAKI ROBOTICS?\",\"breadcrumb\":{\"@id\":\"https:\/\/kawasakirobotics.com\/de\/why-kawasaki-robotics\/#breadcrumb\"},\"inLanguage\":\"de\",\"potentialAction\":[{\"@type\":\"ReadAction\",\"target\":[\"https:\/\/kawasakirobotics.com\/de\/why-kawasaki-robotics\/\"]}]},{\"@type\":\"ImageObject\",\"inLanguage\":\"de\",\"@id\":\"https:\/\/kawasakirobotics.com\/de\/why-kawasaki-robotics\/#primaryimage\",\"url\":\"https:\/\/kawasakirobotics.com\/tachyon\/sites\/9\/2022\/03\/accessibility_004_960x540.webp\",\"contentUrl\":\"https:\/\/kawasakirobotics.com\/tachyon\/sites\/9\/2022\/03\/accessibility_004_960x540.webp\"},{\"@type\":\"BreadcrumbList\",\"@id\":\"https:\/\/kawasakirobotics.com\/de\/why-kawasaki-robotics\/#breadcrumb\",\"itemListElement\":[{\"@type\":\"ListItem\",\"position\":1,\"name\":\"Home\",\"item\":\"https:\/\/kawasakirobotics.com\/de\/\"},{\"@type\":\"ListItem\",\"position\":2,\"name\":\"WARUM KAWASAKI ROBOTICS?\"}]},{\"@type\":\"WebSite\",\"@id\":\"https:\/\/kawasakirobotics.com\/de\/#website\",\"url\":\"https:\/\/kawasakirobotics.com\/de\/\",\"name\":\"Kawasaki Robotics\",\"description\":\"\",\"publisher\":{\"@id\":\"https:\/\/kawasakirobotics.com\/de\/#organization\"},\"potentialAction\":[{\"@type\":\"SearchAction\",\"target\":{\"@type\":\"EntryPoint\",\"urlTemplate\":\"https:\/\/kawasakirobotics.com\/de\/?s={search_term_string}\"},\"query-input\":{\"@type\":\"PropertyValueSpecification\",\"valueRequired\":true,\"valueName\":\"search_term_string\"}}],\"inLanguage\":\"de\"},{\"@type\":\"Organization\",\"@id\":\"https:\/\/kawasakirobotics.com\/de\/#organization\",\"name\":\"\u5ddd\u5d0e\u91cd\u5de5\u696d\u30ed\u30dc\u30c3\u30c8\u30c7\u30a3\u30d3\u30b8\u30e7\u30f3\",\"url\":\"https:\/\/kawasakirobotics.com\/de\/\",\"logo\":{\"@type\":\"ImageObject\",\"inLanguage\":\"de\",\"@id\":\"https:\/\/kawasakirobotics.com\/de\/#\/schema\/logo\/image\/\",\"url\":\"\",\"contentUrl\":\"\",\"caption\":\"\u5ddd\u5d0e\u91cd\u5de5\u696d\u30ed\u30dc\u30c3\u30c8\u30c7\u30a3\u30d3\u30b8\u30e7\u30f3\"},\"image\":{\"@id\":\"https:\/\/kawasakirobotics.com\/de\/#\/schema\/logo\/image\/\"}}]}<\/script>\n<!-- \/ Yoast SEO plugin. -->","yoast_head_json":{"title":"WARUM KAWASAKI ROBOTICS? | Industrieroboter von Kawasaki Robotics","description":"Kawasaki Heavy Industries | WARUM KAWASAKI ROBOTICS?","robots":{"index":"index","follow":"follow","max-snippet":"max-snippet:-1","max-image-preview":"max-image-preview:large","max-video-preview":"max-video-preview:-1"},"canonical":"https:\/\/kawasakirobotics.com\/de\/why-kawasaki-robotics\/","og_locale":"de_DE","og_type":"article","og_title":"WARUM KAWASAKI ROBOTICS? | Industrieroboter von Kawasaki Robotics","og_description":"Kawasaki Heavy Industries | WARUM KAWASAKI ROBOTICS?","og_url":"https:\/\/kawasakirobotics.com\/de\/why-kawasaki-robotics\/","og_site_name":"Kawasaki Robotics","article_modified_time":"2025-05-02T05:37:52+00:00","og_image":[{"url":"https:\/\/kawasakirobotics.com\/content\/themes\/krobot-theme\/src\/images\/default\/ogp.jpg","width":"1200","height":"630","type":"image\/jpeg"}],"twitter_card":"summary_large_image","schema":{"@context":"https:\/\/schema.org","@graph":[{"@type":"WebPage","@id":"https:\/\/kawasakirobotics.com\/de\/why-kawasaki-robotics\/","url":"https:\/\/kawasakirobotics.com\/de\/why-kawasaki-robotics\/","name":"WARUM KAWASAKI ROBOTICS? | Industrieroboter von Kawasaki Robotics","isPartOf":{"@id":"https:\/\/kawasakirobotics.com\/de\/#website"},"primaryImageOfPage":{"@id":"https:\/\/kawasakirobotics.com\/de\/why-kawasaki-robotics\/#primaryimage"},"image":{"@id":"https:\/\/kawasakirobotics.com\/de\/why-kawasaki-robotics\/#primaryimage"},"thumbnailUrl":"https:\/\/kawasakirobotics.com\/tachyon\/sites\/9\/2022\/03\/accessibility_004_960x540.webp","datePublished":"2022-02-21T17:45:24+00:00","dateModified":"2025-05-02T05:37:52+00:00","description":"Kawasaki Heavy Industries | WARUM KAWASAKI ROBOTICS?","breadcrumb":{"@id":"https:\/\/kawasakirobotics.com\/de\/why-kawasaki-robotics\/#breadcrumb"},"inLanguage":"de","potentialAction":[{"@type":"ReadAction","target":["https:\/\/kawasakirobotics.com\/de\/why-kawasaki-robotics\/"]}]},{"@type":"ImageObject","inLanguage":"de","@id":"https:\/\/kawasakirobotics.com\/de\/why-kawasaki-robotics\/#primaryimage","url":"https:\/\/kawasakirobotics.com\/tachyon\/sites\/9\/2022\/03\/accessibility_004_960x540.webp","contentUrl":"https:\/\/kawasakirobotics.com\/tachyon\/sites\/9\/2022\/03\/accessibility_004_960x540.webp"},{"@type":"BreadcrumbList","@id":"https:\/\/kawasakirobotics.com\/de\/why-kawasaki-robotics\/#breadcrumb","itemListElement":[{"@type":"ListItem","position":1,"name":"Home","item":"https:\/\/kawasakirobotics.com\/de\/"},{"@type":"ListItem","position":2,"name":"WARUM KAWASAKI ROBOTICS?"}]},{"@type":"WebSite","@id":"https:\/\/kawasakirobotics.com\/de\/#website","url":"https:\/\/kawasakirobotics.com\/de\/","name":"Kawasaki Robotics","description":"","publisher":{"@id":"https:\/\/kawasakirobotics.com\/de\/#organization"},"potentialAction":[{"@type":"SearchAction","target":{"@type":"EntryPoint","urlTemplate":"https:\/\/kawasakirobotics.com\/de\/?s={search_term_string}"},"query-input":{"@type":"PropertyValueSpecification","valueRequired":true,"valueName":"search_term_string"}}],"inLanguage":"de"},{"@type":"Organization","@id":"https:\/\/kawasakirobotics.com\/de\/#organization","name":"\u5ddd\u5d0e\u91cd\u5de5\u696d\u30ed\u30dc\u30c3\u30c8\u30c7\u30a3\u30d3\u30b8\u30e7\u30f3","url":"https:\/\/kawasakirobotics.com\/de\/","logo":{"@type":"ImageObject","inLanguage":"de","@id":"https:\/\/kawasakirobotics.com\/de\/#\/schema\/logo\/image\/","url":"","contentUrl":"","caption":"\u5ddd\u5d0e\u91cd\u5de5\u696d\u30ed\u30dc\u30c3\u30c8\u30c7\u30a3\u30d3\u30b8\u30e7\u30f3"},"image":{"@id":"https:\/\/kawasakirobotics.com\/de\/#\/schema\/logo\/image\/"}}]}},"_links":{"self":[{"href":"https:\/\/kawasakirobotics.com\/de\/wp-json\/wp\/v2\/pages\/3868","targetHints":{"allow":["GET"]}}],"collection":[{"href":"https:\/\/kawasakirobotics.com\/de\/wp-json\/wp\/v2\/pages"}],"about":[{"href":"https:\/\/kawasakirobotics.com\/de\/wp-json\/wp\/v2\/types\/page"}],"author":[{"embeddable":true,"href":"https:\/\/kawasakirobotics.com\/de\/wp-json\/wp\/v2\/users\/9"}],"replies":[{"embeddable":true,"href":"https:\/\/kawasakirobotics.com\/de\/wp-json\/wp\/v2\/comments?post=3868"}],"version-history":[{"count":7,"href":"https:\/\/kawasakirobotics.com\/de\/wp-json\/wp\/v2\/pages\/3868\/revisions"}],"predecessor-version":[{"id":6271,"href":"https:\/\/kawasakirobotics.com\/de\/wp-json\/wp\/v2\/pages\/3868\/revisions\/6271"}],"wp:attachment":[{"href":"https:\/\/kawasakirobotics.com\/de\/wp-json\/wp\/v2\/media?parent=3868"}],"curies":[{"name":"wp","href":"https:\/\/api.w.org\/{rel}","templated":true}]}}