{"id":3871,"date":"2022-02-21T17:46:03","date_gmt":"2022-02-21T17:46:03","guid":{"rendered":"urn:uuid:52320cec-a814-4c62-b17b-e31c7a4f10a3"},"modified":"2025-05-02T06:40:06","modified_gmt":"2025-05-02T05:40:06","slug":"robot-automation-faqs","status":"publish","type":"page","link":"https:\/\/kawasakirobotics.com\/de\/robot-automation-faqs\/","title":{"rendered":"FAQs: Roboter und Automatisierung"},"content":{"rendered":"\n<figure class=\"wp-block-gallery has-nested-images columns-default is-cropped wp-block-gallery-1 is-layout-flex wp-block-gallery-is-layout-flex\">\n<figure class=\"wp-block-image size-large\"><img decoding=\"async\" data-id=\"5497\" src=\"https:\/\/kawasakirobotics.com\/tachyon\/2022\/03\/quality_005_1800x1200-2.jpg?fit=900%2C900\" alt=\"Robert Lambeck Lackierautomatisierung mit Kawasaki Robotics\" class=\"wp-image-5497\" \/><\/figure>\n\n\n\n<figure class=\"wp-block-image size-large\"><img decoding=\"async\" data-id=\"5624\" src=\"https:\/\/kawasakirobotics.com\/tachyon\/2022\/03\/Harbour-Tech-Cell-1-1.png\" alt=\"K-Positionierer Kawasaki Schwei\u00dfroboter PST375-I1_\" class=\"wp-image-5624\" \/><\/figure>\n\n\n\n<figure class=\"wp-block-image size-large\"><img decoding=\"async\" data-id=\"5500\" src=\"https:\/\/kawasakirobotics.com\/tachyon\/2022\/03\/robot-arm_06_1800x1200.jpg?fit=900%2C900\" alt=\"\" class=\"wp-image-5500\" \/><\/figure>\n<\/figure>\n\n\n\n<h2 class=\"wp-block-heading\"><strong>Roboter, Robotik und Automatisierung &#8211; was ist der Unterschied?&nbsp;<\/strong><\/h2>\n\n\n\n<p>Die Begriffe Roboter, Robotik und Automatisierung werden fast austauschbar verwendet, haben aber unterschiedliche Bedeutungen. Roboter sind die eigentlichen Roboterarme, die man in einer Fabrik sieht, und Robotik ist die Technologie, die sich mit der Konzeption, dem Design, der Konstruktion und dem Betrieb von Robotern in der Fertigung besch\u00e4ftigt. Automatisierung ist definiert als eine Technologie, die mechanische, elektronische und computergest\u00fctzte Systeme f\u00fcr den Betrieb und die Steuerung der Produktion einsetzt. Ein automatisiertes Robotersystem verwendet viele Komponenten, um eine Aufgabe selbstst\u00e4ndig zu erledigen.&nbsp;<\/p>\n\n\n\n<h2 class=\"wp-block-heading\"><strong>Was sind die wichtigsten Arten von Roboteranwendungen?&nbsp;<\/strong><\/h2>\n\n\n\n<p>Beim Materialtransport geht es, wie der Name schon sagt, darum, einen Gegenstand von einem Ort zum anderen zu bef\u00f6rdern.&nbsp;<\/p>\n\n\n\n<p>Bei Montageaufgaben muss ein Roboter etwas zusammensetzen. Das kann bedeuten, dass er mehrere Teile zusammensetzt, z. B. ein Getriebe oder eine Leiterplatte.&nbsp;<\/p>\n\n\n\n<p>Zu den Verarbeitungsanwendungen geh\u00f6ren Aufgaben wie Lackieren, Lichtbogenschwei\u00dfen, Punktschwei\u00dfen, Polieren und Schleifen.&nbsp;&nbsp;<\/p>\n\n\n\n<h2 class=\"wp-block-heading\"><strong>Wie w\u00e4hle ich den richtigen Roboter f\u00fcr meine Anwendung?<\/strong><\/h2>\n\n\n\n<p>Die Nutzlast ist die Menge an Gewicht, die ein Roboterarm heben kann. Vergessen Sie nicht, das Gewicht des Endeffektors und der Halterung, falls erforderlich, in die Berechnung der Nutzlast einzubeziehen.<\/p>\n\n\n\n<p>Die Reichweite gibt an, wie weit Ihr Roboterarm vertikal und horizontal reichen kann, was zur Definition des Roboterarbeitsbereichs und des Anwendungsdesigns beitr\u00e4gt.<\/p>\n\n\n\n<p>Der Typ wird durch die mechanischen Gelenke (Dreh- und\/oder Lineargelenke) definiert, die dem Roboterarm eine Bewegung verleihen. Es gibt Roboter mit einer bis sieben Achsen: Kartesische, SCARA-, Delta-, kollaborative und Knickarmroboter.<\/p>\n\n\n\n<h2 class=\"wp-block-heading\"><strong>Welche Komponenten geh\u00f6ren zu einer automatisierten Roboterzelle?&nbsp;<\/strong><\/h2>\n\n\n\n<p>Ein Roboter ben\u00f6tigt zus\u00e4tzliche Ausr\u00fcstung, um betriebsbereit zu sein und Aufgaben zu erf\u00fcllen. Hier sind ein paar Beispiele:<\/p>\n\n\n\n<p>Endeffektoren werden auch als Greifer oder End-of-Arm-Werkzeug bezeichnet. Er wird am Ende des Roboterarms montiert und ist f\u00fcr die Anwendung von zentraler Bedeutung.<\/p>\n\n\n\n<p>Die Zellensteuerung umfasst einen Controller, das alle Funktionen der Zelle steuert. Ein Programmierhandger\u00e4t erm\u00f6glicht dem Benutzer die Programmierung und Bedienung des Roboters.<\/p>\n\n\n\n<p>Peripherieger\u00e4te umfassen eine breite Palette von Produkten, wie z. B. Zuf\u00fchr- und Abf\u00fchrb\u00e4nder, Teilepositionierer, Vorrichtungen, Bildverarbeitungssysteme und vieles mehr.<\/p>\n\n\n\n<p>Sensoren geben Informationen \u00fcber das Vorhandensein oder Fehlen von Teilen an den Roboter weiter. Ein Beispiel: Wenn ein Teil eine bestimmte Position auf einem F\u00f6rderband erreicht hat, erkennt der Sensor das Teil, damit der Roboter eine Entnahmebewegung ausf\u00fchren kann.<\/p>\n\n\n\n<p>Die Sicherheit ist der wichtigste Teil jeder automatisierten Roboterzelle. Sicherheitsma\u00dfnahmen sch\u00fctzen das Personal vor den Gefahren, die von der in Betrieb befindlichen Roboterzelle ausgehen. Es gibt eine Vielzahl von Optionen f\u00fcr die Sicherheitsausr\u00fcstung, von kompletten Sicherheitsz\u00e4unen bis hin zu Sensoren, die keine eigentliche Hardware ben\u00f6tigen.<\/p>\n\n\n\n<h2 class=\"wp-block-heading\"><strong>Wie werden Roboter programmiert?<\/strong><\/h2>\n\n\n\n<p>Jeder Roboterhersteller verwendet seine eigene Programmiersprache, aber unsere ist der beste Freund des Ingenieurs. Die Programmierplattform von Kawasaki Robotics besteht aus drei leistungsstarken, intuitiven und flexiblen Programmiersprachen f\u00fcr die einfachsten bis hin zu komplexen Anwendungen &#8211; wir schr\u00e4nken Ihr Potenzial nicht ein.<\/p>\n\n\n\n<p>Kawasaki Block-Step Language ist unsere Programmiersprache f\u00fcr Einsteiger und kann f\u00fcr die meisten Anwendungen verwendet werden. Sie ist f\u00fcr den normalen Bediener gedacht und kann bei Bedarf zum Ausbessern von Punkten verwendet werden.<\/p>\n\n\n\n<p>Kawasaki AS Language richtet sich an Anwender, die bereits \u00fcber grundlegende Programmierkenntnisse verf\u00fcgen. Sie erm\u00f6glicht es ihnen, einfache oder komplexe Bewegungsabl\u00e4ufe und Steuerungslogik zu schreiben. Die offene Struktur der AS-Sprache erm\u00f6glicht es dem Anwender, selbst die fortschrittlichsten Anwendungen zu programmieren.<\/p>\n\n\n\n<p><strong>Welche Arten von Anwendungen sind ideal f\u00fcr die Automatisierung?&nbsp;<\/strong><\/p>\n\n\n\n<p>Industrieroboterarme sind ideal f\u00fcr Aufgaben, die f\u00fcr Menschen nicht ideal sind. Hier ist eine Liste von Kriterien:<\/p>\n\n\n\n<p>M\u00fchselig: Langweilige und sich wiederholende Aufgaben. <\/p>\n\n\n\n<p>Schmutzig: Anwendungen in Umgebungen mit viel Staub, Farbe oder \u00fcberm\u00e4\u00dfigen Verschmutzungen<\/p>\n\n\n\n<p>Gef\u00e4hrlich: Gef\u00e4hrliche Prozesse, bei denen f\u00fcr die Mitarbeiter ein Verletzungsrisiko besteht<\/p>\n\n\n\n<p>Hohe Pr\u00e4zision: F\u00fcr Produkte, die ein makelloses Finish oder hochpr\u00e4zise Messungen erfordern<\/p>\n\n\n\n<h2 class=\"wp-block-heading\"><strong>Was sind die Vorteile der Roboterautomatisierung?<\/strong><\/h2>\n\n\n\n<p>Bei der richtigen Anwendung bieten Robotersysteme eine F\u00fclle von Vorteilen f\u00fcr den Endanwender. Ein Roboter kann ohne Aufsicht nonstop mit einer definierten Geschwindigkeit laufen, was Ihnen die M\u00f6glichkeit gibt, das Produktionsvolumen zu erh\u00f6hen.&nbsp;&nbsp;<\/p>\n\n\n\n<p>Ein weiterer Vorteil der Roboterautomatisierung ist die Konsistenz. Roboter arbeiten mit hoher Wiederholbarkeit und Genauigkeit, was sich in einer verbesserten Teilequalit\u00e4t niederschl\u00e4gt. Und indem sie Robotern erlauben, nicht menschenfreundliche Aufgaben zu \u00fcbernehmen, k\u00f6nnen Arbeitgeber ihre Mitarbeiter f\u00fcr eine erf\u00fcllendere Arbeit in einer sichereren Umgebung umschulen, um nur einige Beispiele zu nennen.<\/p>\n\n\n\n<h2 class=\"wp-block-heading\"><strong>Welche Ma\u00dfnahmen kann ich ergreifen, um sicherzustellen, dass mein automatisiertes Robotersystem erfolgreich ist?<\/strong><\/h2>\n\n\n\n<p>Bei der Umstellung von einem manuellen auf ein automatisiertes Verfahren m\u00fcssen Sie m\u00f6glicherweise einige \u00c4nderungen an Ihrem Teiledesign, Ihren Werkzeugen und Vorrichtungen vornehmen, um sicherzustellen, dass diese f\u00fcr die Automatisierung geeignet sind. Diese Investition wird sich schnell \u00fcber die Kosteneinsparungen rechnen, die Sie sehen, sobald Ihre Zelle in Betrieb ist.<\/p>\n\n\n\n<p>Es ist wichtig, einen Systemintegrator zu w\u00e4hlen, der das Robotersystem von Anfang an liefert. Sie sollten mit erfahrenen Experten zusammenarbeiten, die \u00fcber Fachwissen bei der Konzeption, Konstruktion, dem Bau und der Inbetriebnahme des Robotersystems verf\u00fcgen. Vergessen Sie aber nicht, dass Sie der Experte f\u00fcr die Herstellung Ihres Produkts sind &#8211; erst die Kombination aus Ihrem Fachwissen und Ihrer Erfahrung f\u00fchrt zu erfolgreichen Anwendungen.<\/p>\n\n\n\n<div style=\"height:100px\" aria-hidden=\"true\" class=\"wp-block-spacer\"><\/div>\n\n\n\n<div class=\"wp-block-cover alignfull is-light full_cover_block no-margin\"><span aria-hidden=\"true\" class=\"wp-block-cover__background has-white-background-color has-background-dim-90 has-background-dim\"><\/span><img loading=\"lazy\" width=\"2560\" height=\"1714\" decoding=\"async\" class=\"wp-block-cover__image-background wp-image-5100\" alt=\"\" src=\"https:\/\/kawasakirobotics.com\/tachyon\/sites\/9\/2022\/03\/A1760478-scaled.jpg\" data-object-fit=\"cover\" srcset=\"https:\/\/kawasakirobotics.com\/tachyon\/sites\/9\/2022\/03\/A1760478-scaled.jpg?resize=2560%2C1714&amp;zoom=1 2560w, https:\/\/kawasakirobotics.com\/tachyon\/sites\/9\/2022\/03\/A1760478-scaled.jpg?resize=2560%2C1714&amp;zoom=0.5 1280w, https:\/\/kawasakirobotics.com\/tachyon\/sites\/9\/2022\/03\/A1760478-scaled.jpg?resize=2560%2C1714&amp;zoom=0.25 640w\" sizes=\"auto, (max-width: 2560px) 100vw, 2560px\" \/><div class=\"wp-block-cover__inner-container is-layout-flow wp-block-cover-is-layout-flow\">\n<h1 class=\"wp-block-heading has-text-align-center\">Sie haben Fragen?<\/h1>\n\n\n\n<p>Wir sind f\u00fcr Sie da.<\/p>\n\n\n\n<div class=\"wp-block-buttons is-vertical is-content-justification-center is-layout-flex wp-container-core-buttons-is-layout-734eb2c2 wp-block-buttons-is-layout-flex\">\n<div class=\"wp-block-button is-style-outline is-style-outline--2\"><a class=\"wp-block-button__link wp-element-button\" href=\"https:\/\/kawasakirobotics.com\/de\/inquiry\/\">KONTAKT<\/a><\/div>\n<\/div>\n<\/div><\/div>\n","protected":false},"excerpt":{"rendered":"<p>Roboter, Robotik und Automatisierung &#8211; was ist der Unterschied?&nbsp; Die Begriffe Roboter, Robotik und Automatisierung werden fast austauschbar verwendet, haben aber unterschiedliche Bedeutungen. Roboter sind die eigentlichen Roboterarme, die man in einer Fabrik sieht, und Robotik ist die Technologie, die sich mit der Konzeption, dem Design, der Konstruktion und dem Betrieb von Robotern in der Fertigung besch\u00e4ftigt. Automatisierung ist definiert als eine Technologie, die mechanische, elektronische und computergest\u00fctzte Systeme f\u00fcr den Betrieb und die Steuerung der Produktion einsetzt. Ein automatisiertes Robotersystem verwendet viele Komponenten, um eine Aufgabe selbstst\u00e4ndig zu erledigen.&nbsp; Was sind die wichtigsten Arten von Roboteranwendungen?&nbsp; Beim Materialtransport geht es, wie der Name schon sagt, darum, einen Gegenstand von [&hellip;]<\/p>\n","protected":false},"author":13,"featured_media":0,"parent":0,"menu_order":5,"comment_status":"closed","ping_status":"closed","template":"","meta":{"ep_exclude_from_search":false,"footnotes":""},"class_list":["post-3871","page","type-page","status-publish","hentry"],"yoast_head":"<!-- This site is optimized with the Yoast SEO plugin v25.9 - https:\/\/yoast.com\/wordpress\/plugins\/seo\/ -->\n<title>FAQs: Roboter und Automatisierung | Industrieroboter von Kawasaki Robotics<\/title>\n<meta name=\"description\" content=\"Kawasaki Heavy Industries | FAQs: Roboter und Automatisierung\" \/>\n<meta name=\"robots\" content=\"index, follow, max-snippet:-1, max-image-preview:large, max-video-preview:-1\" \/>\n<link rel=\"canonical\" href=\"https:\/\/kawasakirobotics.com\/de\/robot-automation-faqs\/\" \/>\n<meta property=\"og:locale\" content=\"de_DE\" \/>\n<meta property=\"og:type\" content=\"article\" \/>\n<meta property=\"og:title\" content=\"FAQs: Roboter und Automatisierung | Industrieroboter von Kawasaki Robotics\" \/>\n<meta property=\"og:description\" content=\"Kawasaki Heavy Industries | FAQs: Roboter und Automatisierung\" \/>\n<meta property=\"og:url\" content=\"https:\/\/kawasakirobotics.com\/de\/robot-automation-faqs\/\" \/>\n<meta property=\"og:site_name\" content=\"Kawasaki Robotics\" \/>\n<meta property=\"article:modified_time\" content=\"2025-05-02T05:40:06+00:00\" \/>\n<meta property=\"og:image\" content=\"https:\/\/kawasakirobotics.com\/content\/themes\/krobot-theme\/src\/images\/default\/ogp.jpg\" \/>\n\t<meta property=\"og:image:width\" content=\"1200\" \/>\n\t<meta property=\"og:image:height\" content=\"630\" \/>\n\t<meta property=\"og:image:type\" content=\"image\/jpeg\" \/>\n<meta name=\"twitter:card\" content=\"summary_large_image\" \/>\n<script type=\"application\/ld+json\" class=\"yoast-schema-graph\">{\"@context\":\"https:\/\/schema.org\",\"@graph\":[{\"@type\":\"WebPage\",\"@id\":\"https:\/\/kawasakirobotics.com\/de\/robot-automation-faqs\/\",\"url\":\"https:\/\/kawasakirobotics.com\/de\/robot-automation-faqs\/\",\"name\":\"FAQs: Roboter und Automatisierung | Industrieroboter von Kawasaki Robotics\",\"isPartOf\":{\"@id\":\"https:\/\/kawasakirobotics.com\/de\/#website\"},\"primaryImageOfPage\":{\"@id\":\"https:\/\/kawasakirobotics.com\/de\/robot-automation-faqs\/#primaryimage\"},\"image\":{\"@id\":\"https:\/\/kawasakirobotics.com\/de\/robot-automation-faqs\/#primaryimage\"},\"thumbnailUrl\":\"https:\/\/kawasakirobotics.com\/tachyon\/2022\/03\/quality_005_1800x1200-2.jpg?fit=900%2C900\",\"datePublished\":\"2022-02-21T17:46:03+00:00\",\"dateModified\":\"2025-05-02T05:40:06+00:00\",\"description\":\"Kawasaki Heavy Industries | FAQs: Roboter und Automatisierung\",\"breadcrumb\":{\"@id\":\"https:\/\/kawasakirobotics.com\/de\/robot-automation-faqs\/#breadcrumb\"},\"inLanguage\":\"de\",\"potentialAction\":[{\"@type\":\"ReadAction\",\"target\":[\"https:\/\/kawasakirobotics.com\/de\/robot-automation-faqs\/\"]}]},{\"@type\":\"ImageObject\",\"inLanguage\":\"de\",\"@id\":\"https:\/\/kawasakirobotics.com\/de\/robot-automation-faqs\/#primaryimage\",\"url\":\"https:\/\/kawasakirobotics.com\/tachyon\/2022\/03\/quality_005_1800x1200-2.jpg?fit=900%2C900\",\"contentUrl\":\"https:\/\/kawasakirobotics.com\/tachyon\/2022\/03\/quality_005_1800x1200-2.jpg?fit=900%2C900\"},{\"@type\":\"BreadcrumbList\",\"@id\":\"https:\/\/kawasakirobotics.com\/de\/robot-automation-faqs\/#breadcrumb\",\"itemListElement\":[{\"@type\":\"ListItem\",\"position\":1,\"name\":\"Home\",\"item\":\"https:\/\/kawasakirobotics.com\/de\/\"},{\"@type\":\"ListItem\",\"position\":2,\"name\":\"FAQs: Roboter und Automatisierung\"}]},{\"@type\":\"WebSite\",\"@id\":\"https:\/\/kawasakirobotics.com\/de\/#website\",\"url\":\"https:\/\/kawasakirobotics.com\/de\/\",\"name\":\"Kawasaki Robotics\",\"description\":\"\",\"publisher\":{\"@id\":\"https:\/\/kawasakirobotics.com\/de\/#organization\"},\"potentialAction\":[{\"@type\":\"SearchAction\",\"target\":{\"@type\":\"EntryPoint\",\"urlTemplate\":\"https:\/\/kawasakirobotics.com\/de\/?s={search_term_string}\"},\"query-input\":{\"@type\":\"PropertyValueSpecification\",\"valueRequired\":true,\"valueName\":\"search_term_string\"}}],\"inLanguage\":\"de\"},{\"@type\":\"Organization\",\"@id\":\"https:\/\/kawasakirobotics.com\/de\/#organization\",\"name\":\"\u5ddd\u5d0e\u91cd\u5de5\u696d\u30ed\u30dc\u30c3\u30c8\u30c7\u30a3\u30d3\u30b8\u30e7\u30f3\",\"url\":\"https:\/\/kawasakirobotics.com\/de\/\",\"logo\":{\"@type\":\"ImageObject\",\"inLanguage\":\"de\",\"@id\":\"https:\/\/kawasakirobotics.com\/de\/#\/schema\/logo\/image\/\",\"url\":\"\",\"contentUrl\":\"\",\"caption\":\"\u5ddd\u5d0e\u91cd\u5de5\u696d\u30ed\u30dc\u30c3\u30c8\u30c7\u30a3\u30d3\u30b8\u30e7\u30f3\"},\"image\":{\"@id\":\"https:\/\/kawasakirobotics.com\/de\/#\/schema\/logo\/image\/\"}}]}<\/script>\n<!-- \/ Yoast SEO plugin. -->","yoast_head_json":{"title":"FAQs: Roboter und Automatisierung | Industrieroboter von Kawasaki Robotics","description":"Kawasaki Heavy Industries | FAQs: Roboter und Automatisierung","robots":{"index":"index","follow":"follow","max-snippet":"max-snippet:-1","max-image-preview":"max-image-preview:large","max-video-preview":"max-video-preview:-1"},"canonical":"https:\/\/kawasakirobotics.com\/de\/robot-automation-faqs\/","og_locale":"de_DE","og_type":"article","og_title":"FAQs: Roboter und Automatisierung | Industrieroboter von Kawasaki Robotics","og_description":"Kawasaki Heavy Industries | FAQs: Roboter und Automatisierung","og_url":"https:\/\/kawasakirobotics.com\/de\/robot-automation-faqs\/","og_site_name":"Kawasaki Robotics","article_modified_time":"2025-05-02T05:40:06+00:00","og_image":[{"url":"https:\/\/kawasakirobotics.com\/content\/themes\/krobot-theme\/src\/images\/default\/ogp.jpg","width":"1200","height":"630","type":"image\/jpeg"}],"twitter_card":"summary_large_image","schema":{"@context":"https:\/\/schema.org","@graph":[{"@type":"WebPage","@id":"https:\/\/kawasakirobotics.com\/de\/robot-automation-faqs\/","url":"https:\/\/kawasakirobotics.com\/de\/robot-automation-faqs\/","name":"FAQs: Roboter und Automatisierung | Industrieroboter von Kawasaki Robotics","isPartOf":{"@id":"https:\/\/kawasakirobotics.com\/de\/#website"},"primaryImageOfPage":{"@id":"https:\/\/kawasakirobotics.com\/de\/robot-automation-faqs\/#primaryimage"},"image":{"@id":"https:\/\/kawasakirobotics.com\/de\/robot-automation-faqs\/#primaryimage"},"thumbnailUrl":"https:\/\/kawasakirobotics.com\/tachyon\/2022\/03\/quality_005_1800x1200-2.jpg?fit=900%2C900","datePublished":"2022-02-21T17:46:03+00:00","dateModified":"2025-05-02T05:40:06+00:00","description":"Kawasaki Heavy Industries | FAQs: Roboter und Automatisierung","breadcrumb":{"@id":"https:\/\/kawasakirobotics.com\/de\/robot-automation-faqs\/#breadcrumb"},"inLanguage":"de","potentialAction":[{"@type":"ReadAction","target":["https:\/\/kawasakirobotics.com\/de\/robot-automation-faqs\/"]}]},{"@type":"ImageObject","inLanguage":"de","@id":"https:\/\/kawasakirobotics.com\/de\/robot-automation-faqs\/#primaryimage","url":"https:\/\/kawasakirobotics.com\/tachyon\/2022\/03\/quality_005_1800x1200-2.jpg?fit=900%2C900","contentUrl":"https:\/\/kawasakirobotics.com\/tachyon\/2022\/03\/quality_005_1800x1200-2.jpg?fit=900%2C900"},{"@type":"BreadcrumbList","@id":"https:\/\/kawasakirobotics.com\/de\/robot-automation-faqs\/#breadcrumb","itemListElement":[{"@type":"ListItem","position":1,"name":"Home","item":"https:\/\/kawasakirobotics.com\/de\/"},{"@type":"ListItem","position":2,"name":"FAQs: Roboter und Automatisierung"}]},{"@type":"WebSite","@id":"https:\/\/kawasakirobotics.com\/de\/#website","url":"https:\/\/kawasakirobotics.com\/de\/","name":"Kawasaki Robotics","description":"","publisher":{"@id":"https:\/\/kawasakirobotics.com\/de\/#organization"},"potentialAction":[{"@type":"SearchAction","target":{"@type":"EntryPoint","urlTemplate":"https:\/\/kawasakirobotics.com\/de\/?s={search_term_string}"},"query-input":{"@type":"PropertyValueSpecification","valueRequired":true,"valueName":"search_term_string"}}],"inLanguage":"de"},{"@type":"Organization","@id":"https:\/\/kawasakirobotics.com\/de\/#organization","name":"\u5ddd\u5d0e\u91cd\u5de5\u696d\u30ed\u30dc\u30c3\u30c8\u30c7\u30a3\u30d3\u30b8\u30e7\u30f3","url":"https:\/\/kawasakirobotics.com\/de\/","logo":{"@type":"ImageObject","inLanguage":"de","@id":"https:\/\/kawasakirobotics.com\/de\/#\/schema\/logo\/image\/","url":"","contentUrl":"","caption":"\u5ddd\u5d0e\u91cd\u5de5\u696d\u30ed\u30dc\u30c3\u30c8\u30c7\u30a3\u30d3\u30b8\u30e7\u30f3"},"image":{"@id":"https:\/\/kawasakirobotics.com\/de\/#\/schema\/logo\/image\/"}}]}},"_links":{"self":[{"href":"https:\/\/kawasakirobotics.com\/de\/wp-json\/wp\/v2\/pages\/3871","targetHints":{"allow":["GET"]}}],"collection":[{"href":"https:\/\/kawasakirobotics.com\/de\/wp-json\/wp\/v2\/pages"}],"about":[{"href":"https:\/\/kawasakirobotics.com\/de\/wp-json\/wp\/v2\/types\/page"}],"author":[{"embeddable":true,"href":"https:\/\/kawasakirobotics.com\/de\/wp-json\/wp\/v2\/users\/13"}],"replies":[{"embeddable":true,"href":"https:\/\/kawasakirobotics.com\/de\/wp-json\/wp\/v2\/comments?post=3871"}],"version-history":[{"count":6,"href":"https:\/\/kawasakirobotics.com\/de\/wp-json\/wp\/v2\/pages\/3871\/revisions"}],"predecessor-version":[{"id":6272,"href":"https:\/\/kawasakirobotics.com\/de\/wp-json\/wp\/v2\/pages\/3871\/revisions\/6272"}],"wp:attachment":[{"href":"https:\/\/kawasakirobotics.com\/de\/wp-json\/wp\/v2\/media?parent=3871"}],"curies":[{"name":"wp","href":"https:\/\/api.w.org\/{rel}","templated":true}]}}