{"id":3875,"date":"2022-02-21T17:50:44","date_gmt":"2022-02-21T17:50:44","guid":{"rendered":"urn:uuid:b75365b2-a5f8-4a89-bb03-3fd62c86e85e"},"modified":"2025-12-16T15:13:46","modified_gmt":"2025-12-16T14:13:46","slug":"academy","status":"publish","type":"page","link":"https:\/\/kawasakirobotics.com\/de\/customer-experience\/academy\/","title":{"rendered":"ACADEMY"},"content":{"rendered":"\n<div class=\"wp-block-columns is-layout-flex wp-container-core-columns-is-layout-28f84493 wp-block-columns-is-layout-flex\">\n<div class=\"wp-block-column is-layout-flow wp-block-column-is-layout-flow\" style=\"flex-basis:66.66%\">\n<p>Unser Schulungsteam der Kawasaki Robotics Academy hat ein einfaches Ziel: Jeder Kursteilnehmer soll unsere Einrichtung als erfolgreicher, bef\u00e4higter Benutzer von Kawasaki-Robotern verlassen. Mit jahrelanger Erfahrung in diesem Bereich sind unsere Schulungsteammitglieder Experten f\u00fcr eine breite Palette von Robotersystemen und -anwendungen. Unsere Schulungskurse sind f\u00fcr Teilnehmer aller Qualifikationsstufen geeignet &#8211; unabh\u00e4ngig davon, ob sie zum ersten Mal einen Roboter bedienen oder ihre bereits vorhandenen Kenntnisse erweitern m\u00f6chten. Die Kurse sind so konzipiert, dass sie den Bed\u00fcrfnissen unserer Kursteilnehmer entsprechen, und wir bieten unseren Kunden und Integratoren verschiedene Wege an.<\/p>\n\n\n\n<p><strong>Es werden pers\u00f6nliche und virtuelle Schulungen angeboten, die je nach Standort variieren. Durchsuchen Sie den aktuellen Kurskatalog unten und finden Sie die richtige Option f\u00fcr sich. Haben Sie Fragen zu den Kursen? Unser Academy Team hilft Ihnen gerne weiter.<\/strong><\/p>\n<\/div>\n\n\n\n<div class=\"wp-block-column is-layout-flow wp-block-column-is-layout-flow\" style=\"flex-basis:33.33%\">\n<h2 class=\"wp-block-heading\">KURSANGEBOTE:<\/h2>\n\n\n\n<p>Fortgeschrittene Programmierung<br>Elektrische Wartung und Fehlersuche<br>Vorbeugende Wartung<br>K-ROSET-Simulation<br>Cubic-S Sicherheitssystem<br>Integrator Cross-Over<br>Erweiterte Integration<\/p>\n<\/div>\n<\/div>\n\n\n\n<blockquote class=\"wp-block-quote is-style-large is-layout-flow wp-block-quote-is-layout-flow\">\n<p><strong>&#8222;Wir bekamen <strong>bei anderen Roboterfirmen<\/strong> nicht das, was wir uns von den Kursen  erhofften\u2026 Aber (bei Kawasaki) gingen wir weit \u00fcber das hinaus, was wir normalerweise in einem Kurs sehen w\u00fcrden. Und diese Anpassungsf\u00e4higkeit an die Sch\u00fcler &#8211; das sieht man sonst einfach nicht.&#8220;<\/strong><\/p>\n<cite>&#8211; Jerry Bransom, Eigent\u00fcmer, Bransom Tech Services<\/cite><\/blockquote>\n\n\n\n<h2 class=\"wp-block-heading\">Seminarkatalog<\/h2>\n\n\n\n<div class=\"wp-block-buttons is-layout-flex wp-block-buttons-is-layout-flex\">\n<div class=\"wp-block-button aligncenter\"><a class=\"wp-block-button__link wp-element-button\" href=\"https:\/\/kawasakirobotics.com\/uploads\/sites\/5\/2025\/12\/Kawasaki_Robotics_Academy_Seminarkatalog_2026-1.HJ_.pdf\">Download<\/a><\/div>\n<\/div>\n\n\n\n<h2 class=\"wp-block-heading\">AGB-Seminare<\/h2>\n\n\n\n<div class=\"wp-block-buttons is-layout-flex wp-block-buttons-is-layout-flex\">\n<div class=\"wp-block-button aligncenter\"><a class=\"wp-block-button__link wp-element-button\" href=\"https:\/\/kawasakirobotics.com\/uploads\/sites\/9\/2024\/08\/Allgemeine_Seminarbedingungen_DE.pdf\">Download<\/a><\/div>\n<\/div>\n\n\n\n<p><\/p>\n\n\n\n<figure class=\"wp-block-image size-large is-style-default\"><img loading=\"lazy\" width=\"900\" height=\"600\" decoding=\"async\" src=\"https:\/\/kawasakirobotics.com\/tachyon\/sites\/9\/2023\/01\/B1830324-scaled.jpg?fit=900%2C900\" alt=\"\" class=\"wp-image-5778\" srcset=\"https:\/\/kawasakirobotics.com\/tachyon\/sites\/9\/2023\/01\/B1830324-scaled.jpg?fit=900%2C600&amp;zoom=2 1800w, https:\/\/kawasakirobotics.com\/tachyon\/sites\/9\/2023\/01\/B1830324-scaled.jpg?fit=900%2C600&amp;zoom=1.5 1350w, https:\/\/kawasakirobotics.com\/tachyon\/sites\/9\/2023\/01\/B1830324-scaled.jpg?fit=900%2C600&amp;zoom=1 900w, https:\/\/kawasakirobotics.com\/tachyon\/sites\/9\/2023\/01\/B1830324-scaled.jpg?fit=900%2C600&amp;zoom=0.5 450w, https:\/\/kawasakirobotics.com\/tachyon\/sites\/9\/2023\/01\/B1830324-scaled.jpg?fit=900%2C600&amp;zoom=0.25 225w\" sizes=\"auto, (max-width: 900px) 100vw, 900px\" \/><\/figure>\n","protected":false},"excerpt":{"rendered":"<p>Unser Schulungsteam der Kawasaki Robotics Academy hat ein einfaches Ziel: Jeder Kursteilnehmer soll unsere Einrichtung als erfolgreicher, bef\u00e4higter Benutzer von Kawasaki-Robotern verlassen. Mit jahrelanger Erfahrung in diesem Bereich sind unsere Schulungsteammitglieder Experten f\u00fcr eine breite Palette von Robotersystemen und -anwendungen. Unsere Schulungskurse sind f\u00fcr Teilnehmer aller Qualifikationsstufen geeignet &#8211; unabh\u00e4ngig davon, ob sie zum ersten Mal einen Roboter bedienen oder ihre bereits vorhandenen Kenntnisse erweitern m\u00f6chten. Die Kurse sind so konzipiert, dass sie den Bed\u00fcrfnissen unserer Kursteilnehmer entsprechen, und wir bieten unseren Kunden und Integratoren verschiedene Wege an. Es werden pers\u00f6nliche und virtuelle Schulungen angeboten, die je nach Standort variieren. Durchsuchen Sie den aktuellen Kurskatalog unten und finden Sie die [&hellip;]<\/p>\n","protected":false},"author":9,"featured_media":0,"parent":3828,"menu_order":11,"comment_status":"closed","ping_status":"closed","template":"page-templates\/custom-title-with-background.php","meta":{"ep_exclude_from_search":false,"footnotes":""},"class_list":["post-3875","page","type-page","status-publish","hentry"],"yoast_head":"<!-- This site is optimized with the Yoast SEO plugin v25.9 - https:\/\/yoast.com\/wordpress\/plugins\/seo\/ -->\n<title>ACADEMY | Industrieroboter von Kawasaki Robotics<\/title>\n<meta name=\"description\" content=\"Kawasaki Heavy Industries | ACADEMY\" \/>\n<meta name=\"robots\" content=\"index, follow, max-snippet:-1, max-image-preview:large, max-video-preview:-1\" \/>\n<link rel=\"canonical\" href=\"https:\/\/kawasakirobotics.com\/de\/customer-experience\/academy\/\" \/>\n<meta property=\"og:locale\" content=\"de_DE\" \/>\n<meta property=\"og:type\" content=\"article\" \/>\n<meta property=\"og:title\" content=\"ACADEMY | Industrieroboter von Kawasaki Robotics\" \/>\n<meta property=\"og:description\" content=\"Kawasaki Heavy Industries | ACADEMY\" \/>\n<meta property=\"og:url\" content=\"https:\/\/kawasakirobotics.com\/de\/customer-experience\/academy\/\" \/>\n<meta property=\"og:site_name\" content=\"Kawasaki Robotics\" \/>\n<meta property=\"article:modified_time\" content=\"2025-12-16T14:13:46+00:00\" \/>\n<meta property=\"og:image\" content=\"https:\/\/kawasakirobotics.com\/content\/themes\/krobot-theme\/src\/images\/default\/ogp.jpg\" \/>\n\t<meta property=\"og:image:width\" content=\"1200\" \/>\n\t<meta property=\"og:image:height\" content=\"630\" \/>\n\t<meta property=\"og:image:type\" content=\"image\/jpeg\" \/>\n<meta name=\"twitter:card\" content=\"summary_large_image\" \/>\n<script type=\"application\/ld+json\" class=\"yoast-schema-graph\">{\"@context\":\"https:\/\/schema.org\",\"@graph\":[{\"@type\":\"WebPage\",\"@id\":\"https:\/\/kawasakirobotics.com\/de\/customer-experience\/academy\/\",\"url\":\"https:\/\/kawasakirobotics.com\/de\/customer-experience\/academy\/\",\"name\":\"ACADEMY | Industrieroboter von Kawasaki Robotics\",\"isPartOf\":{\"@id\":\"https:\/\/kawasakirobotics.com\/de\/#website\"},\"primaryImageOfPage\":{\"@id\":\"https:\/\/kawasakirobotics.com\/de\/customer-experience\/academy\/#primaryimage\"},\"image\":{\"@id\":\"https:\/\/kawasakirobotics.com\/de\/customer-experience\/academy\/#primaryimage\"},\"thumbnailUrl\":\"https:\/\/kawasakirobotics.com\/tachyon\/sites\/9\/2023\/01\/B1830324-scaled.jpg?fit=900%2C900\",\"datePublished\":\"2022-02-21T17:50:44+00:00\",\"dateModified\":\"2025-12-16T14:13:46+00:00\",\"description\":\"Kawasaki Heavy Industries | ACADEMY\",\"breadcrumb\":{\"@id\":\"https:\/\/kawasakirobotics.com\/de\/customer-experience\/academy\/#breadcrumb\"},\"inLanguage\":\"de\",\"potentialAction\":[{\"@type\":\"ReadAction\",\"target\":[\"https:\/\/kawasakirobotics.com\/de\/customer-experience\/academy\/\"]}]},{\"@type\":\"ImageObject\",\"inLanguage\":\"de\",\"@id\":\"https:\/\/kawasakirobotics.com\/de\/customer-experience\/academy\/#primaryimage\",\"url\":\"https:\/\/kawasakirobotics.com\/tachyon\/sites\/9\/2023\/01\/B1830324-scaled.jpg?fit=900%2C900\",\"contentUrl\":\"https:\/\/kawasakirobotics.com\/tachyon\/sites\/9\/2023\/01\/B1830324-scaled.jpg?fit=900%2C900\"},{\"@type\":\"BreadcrumbList\",\"@id\":\"https:\/\/kawasakirobotics.com\/de\/customer-experience\/academy\/#breadcrumb\",\"itemListElement\":[{\"@type\":\"ListItem\",\"position\":1,\"name\":\"Home\",\"item\":\"https:\/\/kawasakirobotics.com\/de\/\"},{\"@type\":\"ListItem\",\"position\":2,\"name\":\"KUNDENDIENST\",\"item\":\"https:\/\/kawasakirobotics.com\/de\/customer-experience\/\"},{\"@type\":\"ListItem\",\"position\":3,\"name\":\"ACADEMY\"}]},{\"@type\":\"WebSite\",\"@id\":\"https:\/\/kawasakirobotics.com\/de\/#website\",\"url\":\"https:\/\/kawasakirobotics.com\/de\/\",\"name\":\"Kawasaki Robotics\",\"description\":\"\",\"publisher\":{\"@id\":\"https:\/\/kawasakirobotics.com\/de\/#organization\"},\"potentialAction\":[{\"@type\":\"SearchAction\",\"target\":{\"@type\":\"EntryPoint\",\"urlTemplate\":\"https:\/\/kawasakirobotics.com\/de\/?s={search_term_string}\"},\"query-input\":{\"@type\":\"PropertyValueSpecification\",\"valueRequired\":true,\"valueName\":\"search_term_string\"}}],\"inLanguage\":\"de\"},{\"@type\":\"Organization\",\"@id\":\"https:\/\/kawasakirobotics.com\/de\/#organization\",\"name\":\"\u5ddd\u5d0e\u91cd\u5de5\u696d\u30ed\u30dc\u30c3\u30c8\u30c7\u30a3\u30d3\u30b8\u30e7\u30f3\",\"url\":\"https:\/\/kawasakirobotics.com\/de\/\",\"logo\":{\"@type\":\"ImageObject\",\"inLanguage\":\"de\",\"@id\":\"https:\/\/kawasakirobotics.com\/de\/#\/schema\/logo\/image\/\",\"url\":\"\",\"contentUrl\":\"\",\"caption\":\"\u5ddd\u5d0e\u91cd\u5de5\u696d\u30ed\u30dc\u30c3\u30c8\u30c7\u30a3\u30d3\u30b8\u30e7\u30f3\"},\"image\":{\"@id\":\"https:\/\/kawasakirobotics.com\/de\/#\/schema\/logo\/image\/\"}}]}<\/script>\n<!-- \/ Yoast SEO plugin. -->","yoast_head_json":{"title":"ACADEMY | Industrieroboter von Kawasaki Robotics","description":"Kawasaki Heavy Industries | ACADEMY","robots":{"index":"index","follow":"follow","max-snippet":"max-snippet:-1","max-image-preview":"max-image-preview:large","max-video-preview":"max-video-preview:-1"},"canonical":"https:\/\/kawasakirobotics.com\/de\/customer-experience\/academy\/","og_locale":"de_DE","og_type":"article","og_title":"ACADEMY | Industrieroboter von Kawasaki Robotics","og_description":"Kawasaki Heavy Industries | ACADEMY","og_url":"https:\/\/kawasakirobotics.com\/de\/customer-experience\/academy\/","og_site_name":"Kawasaki Robotics","article_modified_time":"2025-12-16T14:13:46+00:00","og_image":[{"url":"https:\/\/kawasakirobotics.com\/content\/themes\/krobot-theme\/src\/images\/default\/ogp.jpg","width":"1200","height":"630","type":"image\/jpeg"}],"twitter_card":"summary_large_image","schema":{"@context":"https:\/\/schema.org","@graph":[{"@type":"WebPage","@id":"https:\/\/kawasakirobotics.com\/de\/customer-experience\/academy\/","url":"https:\/\/kawasakirobotics.com\/de\/customer-experience\/academy\/","name":"ACADEMY | Industrieroboter von Kawasaki Robotics","isPartOf":{"@id":"https:\/\/kawasakirobotics.com\/de\/#website"},"primaryImageOfPage":{"@id":"https:\/\/kawasakirobotics.com\/de\/customer-experience\/academy\/#primaryimage"},"image":{"@id":"https:\/\/kawasakirobotics.com\/de\/customer-experience\/academy\/#primaryimage"},"thumbnailUrl":"https:\/\/kawasakirobotics.com\/tachyon\/sites\/9\/2023\/01\/B1830324-scaled.jpg?fit=900%2C900","datePublished":"2022-02-21T17:50:44+00:00","dateModified":"2025-12-16T14:13:46+00:00","description":"Kawasaki Heavy Industries | ACADEMY","breadcrumb":{"@id":"https:\/\/kawasakirobotics.com\/de\/customer-experience\/academy\/#breadcrumb"},"inLanguage":"de","potentialAction":[{"@type":"ReadAction","target":["https:\/\/kawasakirobotics.com\/de\/customer-experience\/academy\/"]}]},{"@type":"ImageObject","inLanguage":"de","@id":"https:\/\/kawasakirobotics.com\/de\/customer-experience\/academy\/#primaryimage","url":"https:\/\/kawasakirobotics.com\/tachyon\/sites\/9\/2023\/01\/B1830324-scaled.jpg?fit=900%2C900","contentUrl":"https:\/\/kawasakirobotics.com\/tachyon\/sites\/9\/2023\/01\/B1830324-scaled.jpg?fit=900%2C900"},{"@type":"BreadcrumbList","@id":"https:\/\/kawasakirobotics.com\/de\/customer-experience\/academy\/#breadcrumb","itemListElement":[{"@type":"ListItem","position":1,"name":"Home","item":"https:\/\/kawasakirobotics.com\/de\/"},{"@type":"ListItem","position":2,"name":"KUNDENDIENST","item":"https:\/\/kawasakirobotics.com\/de\/customer-experience\/"},{"@type":"ListItem","position":3,"name":"ACADEMY"}]},{"@type":"WebSite","@id":"https:\/\/kawasakirobotics.com\/de\/#website","url":"https:\/\/kawasakirobotics.com\/de\/","name":"Kawasaki Robotics","description":"","publisher":{"@id":"https:\/\/kawasakirobotics.com\/de\/#organization"},"potentialAction":[{"@type":"SearchAction","target":{"@type":"EntryPoint","urlTemplate":"https:\/\/kawasakirobotics.com\/de\/?s={search_term_string}"},"query-input":{"@type":"PropertyValueSpecification","valueRequired":true,"valueName":"search_term_string"}}],"inLanguage":"de"},{"@type":"Organization","@id":"https:\/\/kawasakirobotics.com\/de\/#organization","name":"\u5ddd\u5d0e\u91cd\u5de5\u696d\u30ed\u30dc\u30c3\u30c8\u30c7\u30a3\u30d3\u30b8\u30e7\u30f3","url":"https:\/\/kawasakirobotics.com\/de\/","logo":{"@type":"ImageObject","inLanguage":"de","@id":"https:\/\/kawasakirobotics.com\/de\/#\/schema\/logo\/image\/","url":"","contentUrl":"","caption":"\u5ddd\u5d0e\u91cd\u5de5\u696d\u30ed\u30dc\u30c3\u30c8\u30c7\u30a3\u30d3\u30b8\u30e7\u30f3"},"image":{"@id":"https:\/\/kawasakirobotics.com\/de\/#\/schema\/logo\/image\/"}}]}},"_links":{"self":[{"href":"https:\/\/kawasakirobotics.com\/de\/wp-json\/wp\/v2\/pages\/3875","targetHints":{"allow":["GET"]}}],"collection":[{"href":"https:\/\/kawasakirobotics.com\/de\/wp-json\/wp\/v2\/pages"}],"about":[{"href":"https:\/\/kawasakirobotics.com\/de\/wp-json\/wp\/v2\/types\/page"}],"author":[{"embeddable":true,"href":"https:\/\/kawasakirobotics.com\/de\/wp-json\/wp\/v2\/users\/9"}],"replies":[{"embeddable":true,"href":"https:\/\/kawasakirobotics.com\/de\/wp-json\/wp\/v2\/comments?post=3875"}],"version-history":[{"count":17,"href":"https:\/\/kawasakirobotics.com\/de\/wp-json\/wp\/v2\/pages\/3875\/revisions"}],"predecessor-version":[{"id":6542,"href":"https:\/\/kawasakirobotics.com\/de\/wp-json\/wp\/v2\/pages\/3875\/revisions\/6542"}],"up":[{"embeddable":true,"href":"https:\/\/kawasakirobotics.com\/de\/wp-json\/wp\/v2\/pages\/3828"}],"wp:attachment":[{"href":"https:\/\/kawasakirobotics.com\/de\/wp-json\/wp\/v2\/media?parent=3875"}],"curies":[{"name":"wp","href":"https:\/\/api.w.org\/{rel}","templated":true}]}}