{"id":3877,"date":"2022-02-21T17:51:30","date_gmt":"2022-02-21T17:51:30","guid":{"rendered":"urn:uuid:4224017d-b8d9-4dac-9316-0bccd434bdbc"},"modified":"2022-03-07T01:07:52","modified_gmt":"2022-03-07T00:07:52","slug":"exculsive-resources","status":"publish","type":"page","link":"https:\/\/kawasakirobotics.com\/de\/customer-experience\/exculsive-resources\/","title":{"rendered":"Exklusiver Zugang"},"content":{"rendered":"\n<div class=\"wp-block-columns is-layout-flex wp-container-core-columns-is-layout-28f84493 wp-block-columns-is-layout-flex\">\n<div class=\"wp-block-column is-layout-flow wp-block-column-is-layout-flow\" style=\"flex-basis:66.66%\">\n<p>Wenn Sie an einem Automatisierungsprojekt arbeiten, ist das Letzte, was Sie tun m\u00f6chten, auf jemanden zu warten, der Ihnen die Informationen gibt, die Sie brauchen, um voranzukommen. Aus diesem Grund stellen wir unseren Partnern und Kunden Produktinformationen, Tutorials und Webinare online zur Verf\u00fcgung.<\/p>\n\n\n\n<p>The below resources are free of charge and available exclusively for Kawasaki customers and partners.<\/p>\n<\/div>\n\n\n\n<div class=\"wp-block-column is-vertically-aligned-center has-mid-gray-background-color has-background is-layout-flow wp-block-column-is-layout-flow\" style=\"flex-basis:33.33%\">\n<p class=\"has-red-color has-text-color\"><a href=\"https:\/\/kawasakirobotics.com\/de\/inquiry\/\"><strong>Kontaktieren Sie uns<\/strong><\/a> und erfahren Sie mehr \u00fcber unsere exklusiven Ressourcen.<\/p>\n<\/div>\n<\/div>\n\n\n\n<div class=\"wp-block-media-text alignwide is-stacked-on-mobile\"><figure class=\"wp-block-media-text__media\"><img loading=\"lazy\" width=\"620\" height=\"280\" decoding=\"async\" src=\"https:\/\/kawasakirobotics.com\/tachyon\/sites\/9\/2022\/03\/kedu-pic.webp\" alt=\"\" class=\"wp-image-5365 size-full\" srcset=\"https:\/\/kawasakirobotics.com\/tachyon\/sites\/9\/2022\/03\/kedu-pic.webp?resize=620%2C280&amp;zoom=1 620w, https:\/\/kawasakirobotics.com\/tachyon\/sites\/9\/2022\/03\/kedu-pic.webp?resize=620%2C280&amp;zoom=0.5 310w, https:\/\/kawasakirobotics.com\/tachyon\/sites\/9\/2022\/03\/kedu-pic.webp?resize=620%2C280&amp;zoom=0.25 155w\" sizes=\"auto, (max-width: 620px) 100vw, 620px\" \/><\/figure><div class=\"wp-block-media-text__content\">\n<h1 class=\"wp-block-heading\">KEDU ONLINE LERNPORTAL<\/h1>\n\n\n\n<p>K-EDU ist eine (englische) Bildungswebsite, die Tutorials und Webinare zu einer breiten Palette von Themen anbietet. Die Videoinhalte sind f\u00fcr Einsteiger und Fortgeschrittene gedacht und behandeln Themen wie Kawasaki-Softwareoptionen und Programmierung.<\/p>\n<\/div><\/div>\n\n\n\n<div class=\"wp-block-media-text alignwide has-media-on-the-right is-stacked-on-mobile\"><figure class=\"wp-block-media-text__media\"><img loading=\"lazy\" width=\"776\" height=\"377\" decoding=\"async\" src=\"https:\/\/kawasakirobotics.com\/tachyon\/sites\/9\/2022\/03\/download-center-pic.webp\" alt=\"\" class=\"wp-image-5366 size-full\" srcset=\"https:\/\/kawasakirobotics.com\/tachyon\/sites\/9\/2022\/03\/download-center-pic.webp?resize=776%2C377&amp;zoom=1 776w, https:\/\/kawasakirobotics.com\/tachyon\/sites\/9\/2022\/03\/download-center-pic.webp?resize=776%2C377&amp;zoom=0.5 388w, https:\/\/kawasakirobotics.com\/tachyon\/sites\/9\/2022\/03\/download-center-pic.webp?resize=776%2C377&amp;zoom=0.25 194w\" sizes=\"auto, (max-width: 776px) 100vw, 776px\" \/><\/figure><div class=\"wp-block-media-text__content\">\n<h1 class=\"wp-block-heading\">DAS DOWNLOAD CENTER<\/h1>\n\n\n\n<p>Das Download Center ist eine weitere M\u00f6glichkeit, einfach auf Informationen zu Kawasaki-Robotern zuzugreifen. Hier k\u00f6nnen Sie wertvolle Zusatzinformationen wie Handb\u00fccher, 3D-Daten, Software und vieles mehr herunterladen. Das Download Center wird kontinuierlich gepflegt, so dass Sie immer \u00fcber die neuesten Informationen verf\u00fcgen.<\/p>\n<\/div><\/div>\n\n\n\n<div class=\"wp-block-media-text alignwide is-stacked-on-mobile\"><figure class=\"wp-block-media-text__media\"><img loading=\"lazy\" width=\"624\" height=\"269\" decoding=\"async\" src=\"https:\/\/kawasakirobotics.com\/tachyon\/sites\/9\/2022\/03\/community-site-pic.webp\" alt=\"\" class=\"wp-image-5367 size-full\" srcset=\"https:\/\/kawasakirobotics.com\/tachyon\/sites\/9\/2022\/03\/community-site-pic.webp?resize=624%2C269&amp;zoom=1 624w, https:\/\/kawasakirobotics.com\/tachyon\/sites\/9\/2022\/03\/community-site-pic.webp?resize=624%2C269&amp;zoom=0.5 312w, https:\/\/kawasakirobotics.com\/tachyon\/sites\/9\/2022\/03\/community-site-pic.webp?resize=624%2C269&amp;zoom=0.25 156w\" sizes=\"auto, (max-width: 624px) 100vw, 624px\" \/><\/figure><div class=\"wp-block-media-text__content\">\n<h1 class=\"wp-block-heading\">DIE COMMUNITY SITE<\/h1>\n\n\n\n<p>Die Community Site erm\u00f6glicht es den Nutzern, Informationen von anderen Kawasaki-Kunden und -Partnern abzurufen. Sie k\u00f6nnen ganz einfach Informationen \u00fcber Ihr aktuelles Projekt suchen, posten und weitergeben und Sie k\u00f6nnen Fragen stellen und Antworten von Nutzern aus der ganzen Welt erhalten.<\/p>\n<\/div><\/div>\n","protected":false},"excerpt":{"rendered":"<p>Wenn Sie an einem Automatisierungsprojekt arbeiten, ist das Letzte, was Sie tun m\u00f6chten, auf jemanden zu warten, der Ihnen die Informationen gibt, die Sie brauchen, um voranzukommen. Aus diesem Grund stellen wir unseren Partnern und Kunden Produktinformationen, Tutorials und Webinare online zur Verf\u00fcgung. The below resources are free of charge and available exclusively for Kawasaki customers and partners. Kontaktieren Sie uns und erfahren Sie mehr \u00fcber unsere exklusiven Ressourcen. KEDU ONLINE LERNPORTAL K-EDU ist eine (englische) Bildungswebsite, die Tutorials und Webinare zu einer breiten Palette von Themen anbietet. Die Videoinhalte sind f\u00fcr Einsteiger und Fortgeschrittene gedacht und behandeln Themen wie Kawasaki-Softwareoptionen und Programmierung. DAS DOWNLOAD CENTER Das Download Center ist [&hellip;]<\/p>\n","protected":false},"author":13,"featured_media":0,"parent":3828,"menu_order":12,"comment_status":"closed","ping_status":"closed","template":"page-templates\/custom-title-with-background.php","meta":{"ep_exclude_from_search":false,"footnotes":""},"class_list":["post-3877","page","type-page","status-publish","hentry"],"yoast_head":"<!-- This site is optimized with the Yoast SEO plugin v25.9 - https:\/\/yoast.com\/wordpress\/plugins\/seo\/ -->\n<title>Exklusiver Zugang | Industrieroboter von Kawasaki Robotics<\/title>\n<meta name=\"description\" content=\"Kawasaki Heavy Industries | Exklusiver Zugang\" \/>\n<meta name=\"robots\" content=\"index, follow, max-snippet:-1, max-image-preview:large, max-video-preview:-1\" \/>\n<link rel=\"canonical\" href=\"https:\/\/kawasakirobotics.com\/de\/customer-experience\/exculsive-resources\/\" \/>\n<meta property=\"og:locale\" content=\"de_DE\" \/>\n<meta property=\"og:type\" content=\"article\" \/>\n<meta property=\"og:title\" content=\"Exklusiver Zugang | Industrieroboter von Kawasaki Robotics\" \/>\n<meta property=\"og:description\" content=\"Kawasaki Heavy Industries | Exklusiver Zugang\" \/>\n<meta property=\"og:url\" content=\"https:\/\/kawasakirobotics.com\/de\/customer-experience\/exculsive-resources\/\" \/>\n<meta property=\"og:site_name\" content=\"Kawasaki Robotics\" \/>\n<meta property=\"article:modified_time\" content=\"2022-03-07T00:07:52+00:00\" \/>\n<meta property=\"og:image\" content=\"https:\/\/kawasakirobotics.com\/content\/themes\/krobot-theme\/src\/images\/default\/ogp.jpg\" \/>\n\t<meta property=\"og:image:width\" content=\"1200\" \/>\n\t<meta property=\"og:image:height\" content=\"630\" \/>\n\t<meta property=\"og:image:type\" content=\"image\/jpeg\" \/>\n<meta name=\"twitter:card\" content=\"summary_large_image\" \/>\n<script type=\"application\/ld+json\" class=\"yoast-schema-graph\">{\"@context\":\"https:\/\/schema.org\",\"@graph\":[{\"@type\":\"WebPage\",\"@id\":\"https:\/\/kawasakirobotics.com\/de\/customer-experience\/exculsive-resources\/\",\"url\":\"https:\/\/kawasakirobotics.com\/de\/customer-experience\/exculsive-resources\/\",\"name\":\"Exklusiver Zugang | Industrieroboter von Kawasaki Robotics\",\"isPartOf\":{\"@id\":\"https:\/\/kawasakirobotics.com\/de\/#website\"},\"primaryImageOfPage\":{\"@id\":\"https:\/\/kawasakirobotics.com\/de\/customer-experience\/exculsive-resources\/#primaryimage\"},\"image\":{\"@id\":\"https:\/\/kawasakirobotics.com\/de\/customer-experience\/exculsive-resources\/#primaryimage\"},\"thumbnailUrl\":\"https:\/\/kawasakirobotics.com\/tachyon\/sites\/9\/2022\/03\/kedu-pic.webp\",\"datePublished\":\"2022-02-21T17:51:30+00:00\",\"dateModified\":\"2022-03-07T00:07:52+00:00\",\"description\":\"Kawasaki Heavy Industries | Exklusiver Zugang\",\"breadcrumb\":{\"@id\":\"https:\/\/kawasakirobotics.com\/de\/customer-experience\/exculsive-resources\/#breadcrumb\"},\"inLanguage\":\"de\",\"potentialAction\":[{\"@type\":\"ReadAction\",\"target\":[\"https:\/\/kawasakirobotics.com\/de\/customer-experience\/exculsive-resources\/\"]}]},{\"@type\":\"ImageObject\",\"inLanguage\":\"de\",\"@id\":\"https:\/\/kawasakirobotics.com\/de\/customer-experience\/exculsive-resources\/#primaryimage\",\"url\":\"https:\/\/kawasakirobotics.com\/tachyon\/sites\/9\/2022\/03\/kedu-pic.webp\",\"contentUrl\":\"https:\/\/kawasakirobotics.com\/tachyon\/sites\/9\/2022\/03\/kedu-pic.webp\"},{\"@type\":\"BreadcrumbList\",\"@id\":\"https:\/\/kawasakirobotics.com\/de\/customer-experience\/exculsive-resources\/#breadcrumb\",\"itemListElement\":[{\"@type\":\"ListItem\",\"position\":1,\"name\":\"Home\",\"item\":\"https:\/\/kawasakirobotics.com\/de\/\"},{\"@type\":\"ListItem\",\"position\":2,\"name\":\"KUNDENDIENST\",\"item\":\"https:\/\/kawasakirobotics.com\/de\/customer-experience\/\"},{\"@type\":\"ListItem\",\"position\":3,\"name\":\"Exklusiver Zugang\"}]},{\"@type\":\"WebSite\",\"@id\":\"https:\/\/kawasakirobotics.com\/de\/#website\",\"url\":\"https:\/\/kawasakirobotics.com\/de\/\",\"name\":\"Kawasaki Robotics\",\"description\":\"\",\"publisher\":{\"@id\":\"https:\/\/kawasakirobotics.com\/de\/#organization\"},\"potentialAction\":[{\"@type\":\"SearchAction\",\"target\":{\"@type\":\"EntryPoint\",\"urlTemplate\":\"https:\/\/kawasakirobotics.com\/de\/?s={search_term_string}\"},\"query-input\":{\"@type\":\"PropertyValueSpecification\",\"valueRequired\":true,\"valueName\":\"search_term_string\"}}],\"inLanguage\":\"de\"},{\"@type\":\"Organization\",\"@id\":\"https:\/\/kawasakirobotics.com\/de\/#organization\",\"name\":\"\u5ddd\u5d0e\u91cd\u5de5\u696d\u30ed\u30dc\u30c3\u30c8\u30c7\u30a3\u30d3\u30b8\u30e7\u30f3\",\"url\":\"https:\/\/kawasakirobotics.com\/de\/\",\"logo\":{\"@type\":\"ImageObject\",\"inLanguage\":\"de\",\"@id\":\"https:\/\/kawasakirobotics.com\/de\/#\/schema\/logo\/image\/\",\"url\":\"\",\"contentUrl\":\"\",\"caption\":\"\u5ddd\u5d0e\u91cd\u5de5\u696d\u30ed\u30dc\u30c3\u30c8\u30c7\u30a3\u30d3\u30b8\u30e7\u30f3\"},\"image\":{\"@id\":\"https:\/\/kawasakirobotics.com\/de\/#\/schema\/logo\/image\/\"}}]}<\/script>\n<!-- \/ Yoast SEO plugin. -->","yoast_head_json":{"title":"Exklusiver Zugang | Industrieroboter von Kawasaki Robotics","description":"Kawasaki Heavy Industries | Exklusiver Zugang","robots":{"index":"index","follow":"follow","max-snippet":"max-snippet:-1","max-image-preview":"max-image-preview:large","max-video-preview":"max-video-preview:-1"},"canonical":"https:\/\/kawasakirobotics.com\/de\/customer-experience\/exculsive-resources\/","og_locale":"de_DE","og_type":"article","og_title":"Exklusiver Zugang | Industrieroboter von Kawasaki Robotics","og_description":"Kawasaki Heavy Industries | Exklusiver Zugang","og_url":"https:\/\/kawasakirobotics.com\/de\/customer-experience\/exculsive-resources\/","og_site_name":"Kawasaki Robotics","article_modified_time":"2022-03-07T00:07:52+00:00","og_image":[{"url":"https:\/\/kawasakirobotics.com\/content\/themes\/krobot-theme\/src\/images\/default\/ogp.jpg","width":"1200","height":"630","type":"image\/jpeg"}],"twitter_card":"summary_large_image","schema":{"@context":"https:\/\/schema.org","@graph":[{"@type":"WebPage","@id":"https:\/\/kawasakirobotics.com\/de\/customer-experience\/exculsive-resources\/","url":"https:\/\/kawasakirobotics.com\/de\/customer-experience\/exculsive-resources\/","name":"Exklusiver Zugang | Industrieroboter von Kawasaki Robotics","isPartOf":{"@id":"https:\/\/kawasakirobotics.com\/de\/#website"},"primaryImageOfPage":{"@id":"https:\/\/kawasakirobotics.com\/de\/customer-experience\/exculsive-resources\/#primaryimage"},"image":{"@id":"https:\/\/kawasakirobotics.com\/de\/customer-experience\/exculsive-resources\/#primaryimage"},"thumbnailUrl":"https:\/\/kawasakirobotics.com\/tachyon\/sites\/9\/2022\/03\/kedu-pic.webp","datePublished":"2022-02-21T17:51:30+00:00","dateModified":"2022-03-07T00:07:52+00:00","description":"Kawasaki Heavy Industries | Exklusiver Zugang","breadcrumb":{"@id":"https:\/\/kawasakirobotics.com\/de\/customer-experience\/exculsive-resources\/#breadcrumb"},"inLanguage":"de","potentialAction":[{"@type":"ReadAction","target":["https:\/\/kawasakirobotics.com\/de\/customer-experience\/exculsive-resources\/"]}]},{"@type":"ImageObject","inLanguage":"de","@id":"https:\/\/kawasakirobotics.com\/de\/customer-experience\/exculsive-resources\/#primaryimage","url":"https:\/\/kawasakirobotics.com\/tachyon\/sites\/9\/2022\/03\/kedu-pic.webp","contentUrl":"https:\/\/kawasakirobotics.com\/tachyon\/sites\/9\/2022\/03\/kedu-pic.webp"},{"@type":"BreadcrumbList","@id":"https:\/\/kawasakirobotics.com\/de\/customer-experience\/exculsive-resources\/#breadcrumb","itemListElement":[{"@type":"ListItem","position":1,"name":"Home","item":"https:\/\/kawasakirobotics.com\/de\/"},{"@type":"ListItem","position":2,"name":"KUNDENDIENST","item":"https:\/\/kawasakirobotics.com\/de\/customer-experience\/"},{"@type":"ListItem","position":3,"name":"Exklusiver Zugang"}]},{"@type":"WebSite","@id":"https:\/\/kawasakirobotics.com\/de\/#website","url":"https:\/\/kawasakirobotics.com\/de\/","name":"Kawasaki Robotics","description":"","publisher":{"@id":"https:\/\/kawasakirobotics.com\/de\/#organization"},"potentialAction":[{"@type":"SearchAction","target":{"@type":"EntryPoint","urlTemplate":"https:\/\/kawasakirobotics.com\/de\/?s={search_term_string}"},"query-input":{"@type":"PropertyValueSpecification","valueRequired":true,"valueName":"search_term_string"}}],"inLanguage":"de"},{"@type":"Organization","@id":"https:\/\/kawasakirobotics.com\/de\/#organization","name":"\u5ddd\u5d0e\u91cd\u5de5\u696d\u30ed\u30dc\u30c3\u30c8\u30c7\u30a3\u30d3\u30b8\u30e7\u30f3","url":"https:\/\/kawasakirobotics.com\/de\/","logo":{"@type":"ImageObject","inLanguage":"de","@id":"https:\/\/kawasakirobotics.com\/de\/#\/schema\/logo\/image\/","url":"","contentUrl":"","caption":"\u5ddd\u5d0e\u91cd\u5de5\u696d\u30ed\u30dc\u30c3\u30c8\u30c7\u30a3\u30d3\u30b8\u30e7\u30f3"},"image":{"@id":"https:\/\/kawasakirobotics.com\/de\/#\/schema\/logo\/image\/"}}]}},"_links":{"self":[{"href":"https:\/\/kawasakirobotics.com\/de\/wp-json\/wp\/v2\/pages\/3877","targetHints":{"allow":["GET"]}}],"collection":[{"href":"https:\/\/kawasakirobotics.com\/de\/wp-json\/wp\/v2\/pages"}],"about":[{"href":"https:\/\/kawasakirobotics.com\/de\/wp-json\/wp\/v2\/types\/page"}],"author":[{"embeddable":true,"href":"https:\/\/kawasakirobotics.com\/de\/wp-json\/wp\/v2\/users\/13"}],"replies":[{"embeddable":true,"href":"https:\/\/kawasakirobotics.com\/de\/wp-json\/wp\/v2\/comments?post=3877"}],"version-history":[{"count":5,"href":"https:\/\/kawasakirobotics.com\/de\/wp-json\/wp\/v2\/pages\/3877\/revisions"}],"predecessor-version":[{"id":5368,"href":"https:\/\/kawasakirobotics.com\/de\/wp-json\/wp\/v2\/pages\/3877\/revisions\/5368"}],"up":[{"embeddable":true,"href":"https:\/\/kawasakirobotics.com\/de\/wp-json\/wp\/v2\/pages\/3828"}],"wp:attachment":[{"href":"https:\/\/kawasakirobotics.com\/de\/wp-json\/wp\/v2\/media?parent=3877"}],"curies":[{"name":"wp","href":"https:\/\/api.w.org\/{rel}","templated":true}]}}