{"id":3892,"date":"2022-02-21T18:22:44","date_gmt":"2022-02-21T18:22:44","guid":{"rendered":"urn:uuid:3d9739a4-784d-466c-a6d1-fdff1587f7e8"},"modified":"2026-04-06T03:41:16","modified_gmt":"2026-04-06T02:41:16","slug":"careers","status":"publish","type":"page","link":"https:\/\/kawasakirobotics.com\/de\/company\/careers\/","title":{"rendered":"Kawasaki Robotics GmbH, Karriere"},"content":{"rendered":"\n<figure class=\"wp-block-flexible-table-block-table is-scroll-on-mobile\"><table class=\"has-fixed-layout\"><tbody><tr><td>Business<\/td><td>Robotics<\/td><\/tr><tr><td>Company<\/td><td><a href=\"https:\/\/global.kawasaki.com\/en\/corp\/profile\/network\/krg.html\" target=\"_blank\" rel=\"noreferrer noopener\">Kawasaki Robotics GmbH<\/a><\/td><\/tr><tr><td>Location<\/td><td>Germany<\/td><\/tr><\/tbody><\/table><\/figure>\n\n\n\n<p>Kawasaki Robotics GmbH als die Europazentrale der Robotic Division von Kawasaki Heavy Industries, Japan und ist verantwortlich f\u00fcr Vertrieb, Service und Engineering in EMEA. Gemeinsam mit einem Netzwerk von Distributoren stellt sie zuverl\u00e4ssig und professionell, zeitnahe Hilfe f\u00fcr alle Kundenbelange sicher.<br>Kawasaki bietet seinen Mitarbeitern ein einzigartiges und abwechslungsreiches Arbeitsumfeld, das Kreativit\u00e4t und Entwicklung f\u00f6rdert, zum Wohle unserer Kunden und mit viel Wertsch\u00e4tzung gegen\u00fcber unseren Mitarbeitern.<\/p>\n\n\n\n<p>Das R\u00fcckgrat der Kawasaki Robotics GmbH sind ihre Mitarbeiter, die den entscheidenden Wettbewerbsvorteil bilden. Ihre Kreativit\u00e4t, Engagement und Einsatzwille bilden die Triebfeder, die unser Unternehmen voran treibt.<\/p>\n\n\n\n<h2 class=\"wp-block-heading\">Stellenangebote<\/h2>\n\n\n\n<p>Die Herausforderungen des Marktes sind hoch und wir sind bestrebt das Niveau unserer Mitarbeiter in technologischem Know-How permanent zu verbessern. Das kontinuierliche Wachstum ist herausfordernd und bietet gleichzeitig Raum f\u00fcr Entwicklung im urspr\u00fcnglichen Arbeitsfeld sowie M\u00f6glichkeiten f\u00fcr internen Aufstieg. Unsere aktuellen Stellenangebote finden Sie hier:<\/p>\n\n\n\n<p><\/p>\n\n\n\n<h2 class=\"wp-block-heading alignfull has-text-align-center\">\u00dcber uns<\/h2>\n\n\n\n<div class=\"wp-block-columns alignwide krobot-pattern-3cols krobot-pattern-plaincards is-layout-flex wp-container-core-columns-is-layout-28f84493 wp-block-columns-is-layout-flex\">\n<div class=\"wp-block-column krobot-pattern-3cols__item is-layout-flow wp-block-column-is-layout-flow\">\n<figure class=\"wp-block-image size-large krobot-pattern-plaincards__figure\"><img loading=\"lazy\" decoding=\"async\" width=\"950\" height=\"679\" src=\"https:\/\/kawasakirobotics.com\/tachyon\/sites\/9\/2022\/02\/company_1.jpg?fit=900%2C679\" alt=\"\u00dcber uns02\" class=\"wp-image-1559\" srcset=\"https:\/\/kawasakirobotics.com\/tachyon\/sites\/2\/2022\/02\/company_1.jpg?fit=950%2C679&amp;zoom=1 950w, https:\/\/kawasakirobotics.com\/tachyon\/sites\/2\/2022\/02\/company_1.jpg?fit=950%2C679&amp;zoom=0.5 475w, https:\/\/kawasakirobotics.com\/tachyon\/sites\/2\/2022\/02\/company_1.jpg?fit=950%2C679&amp;zoom=0.25 238w\" sizes=\"auto, (max-width: 950px) 100vw, 950px\" data-recalc-dims=\"1\" \/><\/figure>\n\n\n\n<h3 class=\"wp-block-heading has-text-align-center krobot-pattern-plaincards__title\">\u00dcber unsere Roboterabteilung<\/h3>\n\n\n\n<p class=\"krobot-pattern-plaincards__description\">Wir haben bereits zahlreiche Industriezweige, darunter die Automobilindustrie und die Elektroindustrie, mit einer Vielzahl an Kawasaki Robotern beliefert.<\/p>\n\n\n\n<div class=\"wp-block-buttons krobot-pattern-plaincards__more is-horizontal is-content-justification-center is-layout-flex wp-container-core-buttons-is-layout-03627597 wp-block-buttons-is-layout-flex\">\n<div class=\"wp-block-button is-style-outline is-style-outline--1\"><a class=\"wp-block-button__link wp-element-button\" href=\"https:\/\/kawasakirobotics.com\/de\/company\/robotics-division\/\">MORE<\/a><\/div>\n<\/div>\n<\/div>\n\n\n\n<div class=\"wp-block-column krobot-pattern-3cols__item is-layout-flow wp-block-column-is-layout-flow\">\n<figure class=\"wp-block-image size-large krobot-pattern-plaincards__figure\"><img loading=\"lazy\" decoding=\"async\" width=\"950\" height=\"679\" src=\"https:\/\/kawasakirobotics.com\/tachyon\/sites\/9\/2022\/02\/company_2.jpg?fit=900%2C679\" alt=\"\u00dcber uns03\" class=\"wp-image-1560\" srcset=\"https:\/\/kawasakirobotics.com\/tachyon\/sites\/2\/2022\/02\/company_2.jpg?fit=950%2C679&amp;zoom=1 950w, https:\/\/kawasakirobotics.com\/tachyon\/sites\/2\/2022\/02\/company_2.jpg?fit=950%2C679&amp;zoom=0.5 475w, https:\/\/kawasakirobotics.com\/tachyon\/sites\/2\/2022\/02\/company_2.jpg?fit=950%2C679&amp;zoom=0.25 238w\" sizes=\"auto, (max-width: 950px) 100vw, 950px\" data-recalc-dims=\"1\" \/><\/figure>\n\n\n\n<h3 class=\"wp-block-heading has-text-align-center krobot-pattern-plaincards__title\">Standorte<\/h3>\n\n\n\n<p class=\"krobot-pattern-plaincards__description\">Haben wir uns ein beachtliches Standort- und Support-Netzwerk aufgebaut.<\/p>\n\n\n\n<div class=\"wp-block-buttons krobot-pattern-plaincards__more is-horizontal is-content-justification-center is-layout-flex wp-container-core-buttons-is-layout-03627597 wp-block-buttons-is-layout-flex\">\n<div class=\"wp-block-button is-style-outline is-style-outline--2\"><a class=\"wp-block-button__link wp-element-button\" href=\"https:\/\/kawasakirobotics.com\/de\/company\/locations\/\">MORE<\/a><\/div>\n<\/div>\n<\/div>\n\n\n\n<div class=\"wp-block-column krobot-pattern-3cols__item is-layout-flow wp-block-column-is-layout-flow\">\n<figure class=\"wp-block-image size-large krobot-pattern-plaincards__figure\"><img loading=\"lazy\" decoding=\"async\" width=\"950\" height=\"679\" src=\"https:\/\/kawasakirobotics.com\/tachyon\/sites\/9\/2022\/02\/company_4.jpg?fit=900%2C679\" alt=\"\u00dcber uns05\" class=\"wp-image-1563\" srcset=\"https:\/\/kawasakirobotics.com\/tachyon\/sites\/2\/2022\/02\/company_4.jpg?fit=950%2C679&amp;zoom=1 950w, https:\/\/kawasakirobotics.com\/tachyon\/sites\/2\/2022\/02\/company_4.jpg?fit=950%2C679&amp;zoom=0.5 475w, https:\/\/kawasakirobotics.com\/tachyon\/sites\/2\/2022\/02\/company_4.jpg?fit=950%2C679&amp;zoom=0.25 238w\" sizes=\"auto, (max-width: 950px) 100vw, 950px\" data-recalc-dims=\"1\" \/><\/figure>\n\n\n\n<h3 class=\"wp-block-heading has-text-align-center krobot-pattern-plaincards__title\">Geschichte<\/h3>\n\n\n\n<p class=\"krobot-pattern-plaincards__description\">An dieser Stelle m\u00f6chten wir Ihnen die Geschichte der Industrieroboter unseres Unternehmens vorstellen, die sich inzwischen \u00fcber mehr als 50 Jahre erstreckt.<\/p>\n\n\n\n<div class=\"wp-block-buttons krobot-pattern-plaincards__more is-horizontal is-content-justification-center is-layout-flex wp-container-core-buttons-is-layout-03627597 wp-block-buttons-is-layout-flex\">\n<div class=\"wp-block-button is-style-outline is-style-outline--3\"><a class=\"wp-block-button__link wp-element-button\" href=\"https:\/\/kawasakirobotics.com\/de\/company\/history\/\">MORE<\/a><\/div>\n<\/div>\n<\/div>\n<\/div>\n\n\n\n<div style=\"height:30px\" aria-hidden=\"true\" class=\"wp-block-spacer\"><\/div>\n\n\n\n<div class=\"wp-block-columns alignwide krobot-pattern-3cols krobot-pattern-plaincards is-layout-flex wp-container-core-columns-is-layout-28f84493 wp-block-columns-is-layout-flex\">\n<div class=\"wp-block-column krobot-pattern-3cols__item is-layout-flow wp-block-column-is-layout-flow\">\n<figure class=\"wp-block-image size-large krobot-pattern-plaincards__figure\"><img loading=\"lazy\" decoding=\"async\" width=\"1755\" height=\"1241\" src=\"https:\/\/kawasakirobotics.com\/tachyon\/sites\/9\/2022\/02\/company_6.jpg?fit=900%2C900\" alt=\"\u00dcber uns07\" class=\"wp-image-3180\" srcset=\"https:\/\/kawasakirobotics.com\/tachyon\/sites\/2\/2022\/02\/company_6.jpg?fit=1755%2C1241&amp;zoom=1 1755w, https:\/\/kawasakirobotics.com\/tachyon\/sites\/2\/2022\/02\/company_6.jpg?fit=1755%2C1241&amp;zoom=0.5 878w, https:\/\/kawasakirobotics.com\/tachyon\/sites\/2\/2022\/02\/company_6.jpg?fit=1755%2C1241&amp;zoom=0.25 439w\" sizes=\"auto, (max-width: 1755px) 100vw, 1755px\" data-recalc-dims=\"1\" \/><\/figure>\n\n\n\n<h3 class=\"wp-block-heading has-text-align-center krobot-pattern-plaincards__title\">Kawasaki Heavy Industries ltd.<\/h3>\n\n\n\n<p class=\"krobot-pattern-plaincards__description\">Wir sind ein breit aufgestelltes Maschinenbauunternehmen mit einer mehr als 100-j\u00e4hrigen Geschichte, dessen technologisches Know-how sich auf die verschiedensten Gesch\u00e4ftsbereiche zu Land, zu Wasser und in der Luft erstreckt.<\/p>\n\n\n\n<div class=\"wp-block-buttons krobot-pattern-plaincards__more is-horizontal is-content-justification-center is-layout-flex wp-container-core-buttons-is-layout-03627597 wp-block-buttons-is-layout-flex\">\n<div class=\"wp-block-button is-style-outline is-style-outline--4\"><a class=\"wp-block-button__link wp-element-button\" href=\"https:\/\/kawasakirobotics.com\/de\/company\/about-us\/\">MORE<\/a><\/div>\n<\/div>\n<\/div>\n\n\n\n<div class=\"wp-block-column krobot-pattern-3cols__item is-layout-flow wp-block-column-is-layout-flow\">\n<figure class=\"wp-block-image size-full krobot-pattern-plaincards__figure\"><img loading=\"lazy\" width=\"900\" height=\"630\" decoding=\"async\" src=\"https:\/\/kawasakirobotics.com\/tachyon\/sites\/9\/2026\/04\/ISO.webp\" alt=\"\" class=\"wp-image-6626\" srcset=\"https:\/\/kawasakirobotics.com\/tachyon\/sites\/9\/2026\/04\/ISO.webp?resize=900%2C630&amp;zoom=1 900w, https:\/\/kawasakirobotics.com\/tachyon\/sites\/9\/2026\/04\/ISO.webp?resize=900%2C630&amp;zoom=0.5 450w, https:\/\/kawasakirobotics.com\/tachyon\/sites\/9\/2026\/04\/ISO.webp?resize=900%2C630&amp;zoom=0.25 225w\" sizes=\"auto, (max-width: 900px) 100vw, 900px\" \/><\/figure>\n\n\n\n<h3 class=\"wp-block-heading has-text-align-center krobot-pattern-plaincards__title\">ISO-Zertifizierung<\/h3>\n\n\n\n<p class=\"krobot-pattern-plaincards__description\">Gerne m\u00f6chten wir Ihnen die von uns erlangten ISO-Zertifizierungen vorstellen.<\/p>\n\n\n\n<div class=\"wp-block-buttons krobot-pattern-plaincards__more is-horizontal is-content-justification-center is-layout-flex wp-container-core-buttons-is-layout-03627597 wp-block-buttons-is-layout-flex\">\n<div class=\"wp-block-button is-style-outline is-style-outline--5\"><a class=\"wp-block-button__link wp-element-button\" href=\"https:\/\/kawasakirobotics.com\/de\/company\/iso\/\">MORE<\/a><\/div>\n<\/div>\n<\/div>\n\n\n\n<div class=\"wp-block-column krobot-pattern-3cols__item is-layout-flow wp-block-column-is-layout-flow\">\n<figure class=\"wp-block-image size-large krobot-pattern-plaincards__figure\"><a href=\"https:\/\/www.khi-saiyo.jp\/?lc=1\"><img loading=\"lazy\" decoding=\"async\" width=\"950\" height=\"679\" src=\"https:\/\/kawasakirobotics.com\/tachyon\/sites\/9\/2022\/02\/company_8.jpg?fit=900%2C679\" alt=\"\u00dcber uns09\" class=\"wp-image-1566\" srcset=\"https:\/\/kawasakirobotics.com\/tachyon\/sites\/2\/2022\/02\/company_8.jpg?fit=950%2C679&amp;zoom=1 950w, https:\/\/kawasakirobotics.com\/tachyon\/sites\/2\/2022\/02\/company_8.jpg?fit=950%2C679&amp;zoom=0.5 475w, https:\/\/kawasakirobotics.com\/tachyon\/sites\/2\/2022\/02\/company_8.jpg?fit=950%2C679&amp;zoom=0.25 238w\" sizes=\"auto, (max-width: 950px) 100vw, 950px\" data-recalc-dims=\"1\" \/><\/a><\/figure>\n\n\n\n<h3 class=\"wp-block-heading has-text-align-center krobot-pattern-plaincards__title\">Karriere<\/h3>\n\n\n\n<p class=\"has-text-align-left krobot-pattern-plaincards__description\">Erfahren Sie mehr \u00fcber Besch\u00e4ftigungsinformationen.<\/p>\n\n\n\n<div class=\"wp-block-buttons krobot-pattern-plaincards__more is-horizontal is-content-justification-center is-layout-flex wp-container-core-buttons-is-layout-03627597 wp-block-buttons-is-layout-flex\">\n<div class=\"wp-block-button is-style-outline is-style-outline--6\"><a class=\"wp-block-button__link wp-element-button\" href=\"https:\/\/kawasakirobotics.com\/de\/company\/careers\/\">MORE<\/a><\/div>\n<\/div>\n<\/div>\n<\/div>\n","protected":false},"excerpt":{"rendered":"<p>Kawasaki Robotics GmbH als die Europazentrale der Robotic Division von Kawasaki Heavy Industries, Japan und ist verantwortlich f\u00fcr Vertrieb, Service und Engineering in EMEA. Gemeinsam mit einem Netzwerk von Distributoren stellt sie zuverl\u00e4ssig und professionell, zeitnahe Hilfe f\u00fcr alle Kundenbelange sicher.Kawasaki bietet seinen Mitarbeitern ein einzigartiges und abwechslungsreiches Arbeitsumfeld, das Kreativit\u00e4t und Entwicklung f\u00f6rdert, zum Wohle unserer Kunden und mit viel Wertsch\u00e4tzung gegen\u00fcber unseren Mitarbeitern. Das R\u00fcckgrat der Kawasaki Robotics GmbH sind ihre Mitarbeiter, die den entscheidenden Wettbewerbsvorteil bilden. Ihre Kreativit\u00e4t, Engagement und Einsatzwille bilden die Triebfeder, die unser Unternehmen voran treibt. Stellenangebote Die Herausforderungen des Marktes sind hoch und wir sind bestrebt das Niveau unserer Mitarbeiter in technologischem Know-How [&hellip;]<\/p>\n","protected":false},"author":9,"featured_media":0,"parent":30,"menu_order":7,"comment_status":"closed","ping_status":"closed","template":"","meta":{"ep_exclude_from_search":false,"footnotes":""},"class_list":["post-3892","page","type-page","status-publish","hentry"],"yoast_head":"<!-- This site is optimized with the Yoast SEO plugin v25.9 - https:\/\/yoast.com\/wordpress\/plugins\/seo\/ -->\n<title>Kawasaki Robotics GmbH, Karriere | Industrieroboter von Kawasaki Robotics<\/title>\n<meta name=\"description\" content=\"Kawasaki Heavy Industries | Kawasaki Robotics GmbH, Karriere\" \/>\n<meta name=\"robots\" content=\"index, follow, max-snippet:-1, max-image-preview:large, max-video-preview:-1\" \/>\n<link rel=\"canonical\" href=\"https:\/\/kawasakirobotics.com\/de\/company\/careers\/\" \/>\n<meta property=\"og:locale\" content=\"de_DE\" \/>\n<meta property=\"og:type\" content=\"article\" \/>\n<meta property=\"og:title\" content=\"Kawasaki Robotics GmbH, Karriere | Industrieroboter von Kawasaki Robotics\" \/>\n<meta property=\"og:description\" content=\"Kawasaki Heavy Industries | Kawasaki Robotics GmbH, Karriere\" \/>\n<meta property=\"og:url\" content=\"https:\/\/kawasakirobotics.com\/de\/company\/careers\/\" \/>\n<meta property=\"og:site_name\" content=\"Kawasaki Robotics\" \/>\n<meta property=\"article:modified_time\" content=\"2026-04-06T02:41:16+00:00\" \/>\n<meta property=\"og:image\" content=\"https:\/\/kawasakirobotics.com\/content\/themes\/krobot-theme\/src\/images\/default\/ogp.jpg\" \/>\n\t<meta property=\"og:image:width\" content=\"1200\" \/>\n\t<meta property=\"og:image:height\" content=\"630\" \/>\n\t<meta property=\"og:image:type\" content=\"image\/jpeg\" \/>\n<meta name=\"twitter:card\" content=\"summary_large_image\" \/>\n<script type=\"application\/ld+json\" class=\"yoast-schema-graph\">{\"@context\":\"https:\/\/schema.org\",\"@graph\":[{\"@type\":\"WebPage\",\"@id\":\"https:\/\/kawasakirobotics.com\/de\/company\/careers\/\",\"url\":\"https:\/\/kawasakirobotics.com\/de\/company\/careers\/\",\"name\":\"Kawasaki Robotics GmbH, Karriere | Industrieroboter von Kawasaki Robotics\",\"isPartOf\":{\"@id\":\"https:\/\/kawasakirobotics.com\/de\/#website\"},\"primaryImageOfPage\":{\"@id\":\"https:\/\/kawasakirobotics.com\/de\/company\/careers\/#primaryimage\"},\"image\":{\"@id\":\"https:\/\/kawasakirobotics.com\/de\/company\/careers\/#primaryimage\"},\"thumbnailUrl\":\"https:\/\/kawasakirobotics.com\/uploads\/sites\/9\/2022\/02\/company_1.jpg?fit=900%2C679\",\"datePublished\":\"2022-02-21T18:22:44+00:00\",\"dateModified\":\"2026-04-06T02:41:16+00:00\",\"description\":\"Kawasaki Heavy Industries | Kawasaki Robotics GmbH, Karriere\",\"breadcrumb\":{\"@id\":\"https:\/\/kawasakirobotics.com\/de\/company\/careers\/#breadcrumb\"},\"inLanguage\":\"de\",\"potentialAction\":[{\"@type\":\"ReadAction\",\"target\":[\"https:\/\/kawasakirobotics.com\/de\/company\/careers\/\"]}]},{\"@type\":\"ImageObject\",\"inLanguage\":\"de\",\"@id\":\"https:\/\/kawasakirobotics.com\/de\/company\/careers\/#primaryimage\",\"url\":\"https:\/\/kawasakirobotics.com\/uploads\/sites\/9\/2022\/02\/company_1.jpg?fit=900%2C679\",\"contentUrl\":\"https:\/\/kawasakirobotics.com\/uploads\/sites\/9\/2022\/02\/company_1.jpg?fit=900%2C679\"},{\"@type\":\"BreadcrumbList\",\"@id\":\"https:\/\/kawasakirobotics.com\/de\/company\/careers\/#breadcrumb\",\"itemListElement\":[{\"@type\":\"ListItem\",\"position\":1,\"name\":\"Home\",\"item\":\"https:\/\/kawasakirobotics.com\/de\/\"},{\"@type\":\"ListItem\",\"position\":2,\"name\":\"\u00dcber uns\",\"item\":\"https:\/\/kawasakirobotics.com\/de\/company\/\"},{\"@type\":\"ListItem\",\"position\":3,\"name\":\"Kawasaki Robotics GmbH, Karriere\"}]},{\"@type\":\"WebSite\",\"@id\":\"https:\/\/kawasakirobotics.com\/de\/#website\",\"url\":\"https:\/\/kawasakirobotics.com\/de\/\",\"name\":\"Kawasaki Robotics\",\"description\":\"\",\"publisher\":{\"@id\":\"https:\/\/kawasakirobotics.com\/de\/#organization\"},\"potentialAction\":[{\"@type\":\"SearchAction\",\"target\":{\"@type\":\"EntryPoint\",\"urlTemplate\":\"https:\/\/kawasakirobotics.com\/de\/?s={search_term_string}\"},\"query-input\":{\"@type\":\"PropertyValueSpecification\",\"valueRequired\":true,\"valueName\":\"search_term_string\"}}],\"inLanguage\":\"de\"},{\"@type\":\"Organization\",\"@id\":\"https:\/\/kawasakirobotics.com\/de\/#organization\",\"name\":\"\u5ddd\u5d0e\u91cd\u5de5\u696d\u30ed\u30dc\u30c3\u30c8\u30c7\u30a3\u30d3\u30b8\u30e7\u30f3\",\"url\":\"https:\/\/kawasakirobotics.com\/de\/\",\"logo\":{\"@type\":\"ImageObject\",\"inLanguage\":\"de\",\"@id\":\"https:\/\/kawasakirobotics.com\/de\/#\/schema\/logo\/image\/\",\"url\":\"\",\"contentUrl\":\"\",\"caption\":\"\u5ddd\u5d0e\u91cd\u5de5\u696d\u30ed\u30dc\u30c3\u30c8\u30c7\u30a3\u30d3\u30b8\u30e7\u30f3\"},\"image\":{\"@id\":\"https:\/\/kawasakirobotics.com\/de\/#\/schema\/logo\/image\/\"}}]}<\/script>\n<!-- \/ Yoast SEO plugin. -->","yoast_head_json":{"title":"Kawasaki Robotics GmbH, Karriere | Industrieroboter von Kawasaki Robotics","description":"Kawasaki Heavy Industries | Kawasaki Robotics GmbH, Karriere","robots":{"index":"index","follow":"follow","max-snippet":"max-snippet:-1","max-image-preview":"max-image-preview:large","max-video-preview":"max-video-preview:-1"},"canonical":"https:\/\/kawasakirobotics.com\/de\/company\/careers\/","og_locale":"de_DE","og_type":"article","og_title":"Kawasaki Robotics GmbH, Karriere | Industrieroboter von Kawasaki Robotics","og_description":"Kawasaki Heavy Industries | Kawasaki Robotics GmbH, Karriere","og_url":"https:\/\/kawasakirobotics.com\/de\/company\/careers\/","og_site_name":"Kawasaki Robotics","article_modified_time":"2026-04-06T02:41:16+00:00","og_image":[{"url":"https:\/\/kawasakirobotics.com\/content\/themes\/krobot-theme\/src\/images\/default\/ogp.jpg","width":"1200","height":"630","type":"image\/jpeg"}],"twitter_card":"summary_large_image","schema":{"@context":"https:\/\/schema.org","@graph":[{"@type":"WebPage","@id":"https:\/\/kawasakirobotics.com\/de\/company\/careers\/","url":"https:\/\/kawasakirobotics.com\/de\/company\/careers\/","name":"Kawasaki Robotics GmbH, Karriere | Industrieroboter von Kawasaki Robotics","isPartOf":{"@id":"https:\/\/kawasakirobotics.com\/de\/#website"},"primaryImageOfPage":{"@id":"https:\/\/kawasakirobotics.com\/de\/company\/careers\/#primaryimage"},"image":{"@id":"https:\/\/kawasakirobotics.com\/de\/company\/careers\/#primaryimage"},"thumbnailUrl":"https:\/\/kawasakirobotics.com\/uploads\/sites\/9\/2022\/02\/company_1.jpg?fit=900%2C679","datePublished":"2022-02-21T18:22:44+00:00","dateModified":"2026-04-06T02:41:16+00:00","description":"Kawasaki Heavy Industries | Kawasaki Robotics GmbH, Karriere","breadcrumb":{"@id":"https:\/\/kawasakirobotics.com\/de\/company\/careers\/#breadcrumb"},"inLanguage":"de","potentialAction":[{"@type":"ReadAction","target":["https:\/\/kawasakirobotics.com\/de\/company\/careers\/"]}]},{"@type":"ImageObject","inLanguage":"de","@id":"https:\/\/kawasakirobotics.com\/de\/company\/careers\/#primaryimage","url":"https:\/\/kawasakirobotics.com\/uploads\/sites\/9\/2022\/02\/company_1.jpg?fit=900%2C679","contentUrl":"https:\/\/kawasakirobotics.com\/uploads\/sites\/9\/2022\/02\/company_1.jpg?fit=900%2C679"},{"@type":"BreadcrumbList","@id":"https:\/\/kawasakirobotics.com\/de\/company\/careers\/#breadcrumb","itemListElement":[{"@type":"ListItem","position":1,"name":"Home","item":"https:\/\/kawasakirobotics.com\/de\/"},{"@type":"ListItem","position":2,"name":"\u00dcber uns","item":"https:\/\/kawasakirobotics.com\/de\/company\/"},{"@type":"ListItem","position":3,"name":"Kawasaki Robotics GmbH, Karriere"}]},{"@type":"WebSite","@id":"https:\/\/kawasakirobotics.com\/de\/#website","url":"https:\/\/kawasakirobotics.com\/de\/","name":"Kawasaki Robotics","description":"","publisher":{"@id":"https:\/\/kawasakirobotics.com\/de\/#organization"},"potentialAction":[{"@type":"SearchAction","target":{"@type":"EntryPoint","urlTemplate":"https:\/\/kawasakirobotics.com\/de\/?s={search_term_string}"},"query-input":{"@type":"PropertyValueSpecification","valueRequired":true,"valueName":"search_term_string"}}],"inLanguage":"de"},{"@type":"Organization","@id":"https:\/\/kawasakirobotics.com\/de\/#organization","name":"\u5ddd\u5d0e\u91cd\u5de5\u696d\u30ed\u30dc\u30c3\u30c8\u30c7\u30a3\u30d3\u30b8\u30e7\u30f3","url":"https:\/\/kawasakirobotics.com\/de\/","logo":{"@type":"ImageObject","inLanguage":"de","@id":"https:\/\/kawasakirobotics.com\/de\/#\/schema\/logo\/image\/","url":"","contentUrl":"","caption":"\u5ddd\u5d0e\u91cd\u5de5\u696d\u30ed\u30dc\u30c3\u30c8\u30c7\u30a3\u30d3\u30b8\u30e7\u30f3"},"image":{"@id":"https:\/\/kawasakirobotics.com\/de\/#\/schema\/logo\/image\/"}}]}},"_links":{"self":[{"href":"https:\/\/kawasakirobotics.com\/de\/wp-json\/wp\/v2\/pages\/3892","targetHints":{"allow":["GET"]}}],"collection":[{"href":"https:\/\/kawasakirobotics.com\/de\/wp-json\/wp\/v2\/pages"}],"about":[{"href":"https:\/\/kawasakirobotics.com\/de\/wp-json\/wp\/v2\/types\/page"}],"author":[{"embeddable":true,"href":"https:\/\/kawasakirobotics.com\/de\/wp-json\/wp\/v2\/users\/9"}],"replies":[{"embeddable":true,"href":"https:\/\/kawasakirobotics.com\/de\/wp-json\/wp\/v2\/comments?post=3892"}],"version-history":[{"count":25,"href":"https:\/\/kawasakirobotics.com\/de\/wp-json\/wp\/v2\/pages\/3892\/revisions"}],"predecessor-version":[{"id":6640,"href":"https:\/\/kawasakirobotics.com\/de\/wp-json\/wp\/v2\/pages\/3892\/revisions\/6640"}],"up":[{"embeddable":true,"href":"https:\/\/kawasakirobotics.com\/de\/wp-json\/wp\/v2\/pages\/30"}],"wp:attachment":[{"href":"https:\/\/kawasakirobotics.com\/de\/wp-json\/wp\/v2\/media?parent=3892"}],"curies":[{"name":"wp","href":"https:\/\/api.w.org\/{rel}","templated":true}]}}