{"id":40,"date":"2022-01-19T17:45:38","date_gmt":"2022-01-19T08:45:38","guid":{"rendered":"urn:uuid:fd1ae96a-d90e-4366-9164-3672593c7f5e"},"modified":"2025-05-02T07:18:27","modified_gmt":"2025-05-02T06:18:27","slug":"about-us","status":"publish","type":"page","link":"https:\/\/kawasakirobotics.com\/de\/company\/about-us\/","title":{"rendered":"Kawasaki Heavy Industries ltd."},"content":{"rendered":"\n<figure class=\"wp-block-image size-large\"><img loading=\"lazy\" decoding=\"async\" width=\"1755\" height=\"1241\" src=\"https:\/\/kawasakirobotics.com\/tachyon\/sites\/9\/2022\/02\/about-us_2.jpg?fit=900%2C900\" alt=\"Kawasaki Heavy Industries Ltd. Vertrauensw\u00fcrdige L\u00f6sungen f\u00fcr die Zukunft\" class=\"wp-image-3106\" srcset=\"https:\/\/kawasakirobotics.com\/tachyon\/sites\/2\/2022\/02\/about-us_2.jpg?fit=1755%2C1241&amp;zoom=1 1755w, https:\/\/kawasakirobotics.com\/tachyon\/sites\/2\/2022\/02\/about-us_2.jpg?fit=1755%2C1241&amp;zoom=0.5 878w, https:\/\/kawasakirobotics.com\/tachyon\/sites\/2\/2022\/02\/about-us_2.jpg?fit=1755%2C1241&amp;zoom=0.25 439w\" sizes=\"auto, (max-width: 1755px) 100vw, 1755px\" data-recalc-dims=\"1\" \/><\/figure>\n\n\n\n<p>Kawasaki Heavy Industries ist ein breit aufgestelltes Maschinenbauunternehmen, dessen Gesch\u00e4ft sich auf zahlreiche Bereiche wie Schiffe, Schienenfahrzeuge, Flugzeuge, Motorr\u00e4der, Gasturbinen, Gasmotoren, Industrieanlagen, Hydraulikaggregate und Roboter erstreckt.<br><br>Zusammen mit ganzen 100 verbundenen Unternehmen bildet Kawasaki Heavy Industries die Kawasaki Heavy Industries Group, eine auf Technologie fokussierte Unternehmensgruppe. Im Laufe unserer nunmehr bereits l\u00e4nger als 100 Jahre andauernden, technologischen Geschichte haben wir basierend auf unserem Grundsatz, mit der von uns entwickelten Spitzentechnologie neue Werte zu schaffen und einen Betrag zur Gesellschaft zu leisten, verschiedenste Produkte nicht nur zu Land, zu Wasser und in die Luft, sondern auch in die Weiten des Weltraums und die Tiefe der Meere gebracht.<br><br>2020 hat die Kawasaki Heavy Industry Group au\u00dferdem die neue Zukunftsvision der Unternehmensgruppe f\u00fcr das Jahr 2030 mit dem Titel \u201eTrustworthy Solutions for the Future\u201c formuliert. Im Zuge dessen plant die Unternehmensgruppe, sich in Zukunft auf die Themengebiete \u201eSichere und vernetzte Gesellschaft\u201c, \u201eMobilit\u00e4t in der nahen Zukunft\u201c und \u201eEnergie- und Umweltl\u00f6sungen\u201c zu konzentrieren und eine Reform der Unternehmensidentit\u00e4t anzustreben, die mehr Wachstum erm\u00f6glicht. Die Kawasaki Heavy Industry Group hat diese drei Schlagw\u00f6rter nun als wichtige Elemente in den Mittelpunkt ihrer Gesch\u00e4ftst\u00e4tigkeiten gestellt und m\u00f6chte auch, dass sich alle Mitarbeitenden der Gruppe dessen bewusst sind, um die Bem\u00fchungen zum Erreichen der Unternehmensvision 2030 zu beschleunigen.<\/p>\n\n\n\n<div class=\"wp-block-columns alignwide krobot-pattern-3cols krobot-pattern-plaincards is-layout-flex wp-container-core-columns-is-layout-28f84493 wp-block-columns-is-layout-flex\">\n<div class=\"wp-block-column krobot-pattern-3cols__item is-layout-flow wp-block-column-is-layout-flow\">\n<figure class=\"wp-block-image size-full krobot-pattern-plaincards__figure\"><img loading=\"lazy\" width=\"460\" height=\"120\" decoding=\"async\" src=\"https:\/\/kawasakirobotics.com\/tachyon\/sites\/9\/2022\/03\/banner01.jpg\" alt=\"Kawasaki Robotics-Banner\" class=\"wp-image-5457\" srcset=\"https:\/\/kawasakirobotics.com\/tachyon\/sites\/9\/2022\/03\/banner01.jpg?resize=460%2C120&amp;zoom=1 460w, https:\/\/kawasakirobotics.com\/tachyon\/sites\/9\/2022\/03\/banner01.jpg?resize=460%2C120&amp;zoom=0.5 230w, https:\/\/kawasakirobotics.com\/tachyon\/sites\/9\/2022\/03\/banner01.jpg?resize=460%2C120&amp;zoom=0.25 115w\" sizes=\"auto, (max-width: 460px) 100vw, 460px\" \/><\/figure>\n\n\n\n<h3 class=\"wp-block-heading has-text-align-center krobot-pattern-plaincards__title\">Unternehmenswebseite Kawasaki Heavy Industries<\/h3>\n\n\n\n<div class=\"wp-block-buttons krobot-pattern-plaincards__more is-horizontal is-content-justification-center is-layout-flex wp-container-core-buttons-is-layout-03627597 wp-block-buttons-is-layout-flex\">\n<div class=\"wp-block-button is-style-outline is-style-outline--1\"><a class=\"wp-block-button__link wp-element-button\" href=\"https:\/\/global.kawasaki.com\/en\/\" target=\"_blank\" rel=\"noreferrer noopener\">MORE<\/a><\/div>\n<\/div>\n<\/div>\n\n\n\n<div class=\"wp-block-column krobot-pattern-3cols__item is-layout-flow wp-block-column-is-layout-flow\">\n<figure class=\"wp-block-image size-large krobot-pattern-plaincards__figure\"><img loading=\"lazy\" decoding=\"async\" width=\"460\" height=\"120\" src=\"https:\/\/kawasakirobotics.com\/tachyon\/sites\/9\/2022\/02\/about-us_6.jpg\" alt=\"Kawasaki Heavy Industries Ltd.06\" class=\"wp-image-3184\" srcset=\"https:\/\/kawasakirobotics.com\/tachyon\/sites\/2\/2022\/02\/about-us_6.jpg?fit=460%2C120&amp;zoom=1 460w, https:\/\/kawasakirobotics.com\/tachyon\/sites\/2\/2022\/02\/about-us_6.jpg?fit=460%2C120&amp;zoom=0.5 230w, https:\/\/kawasakirobotics.com\/tachyon\/sites\/2\/2022\/02\/about-us_6.jpg?fit=460%2C120&amp;zoom=0.25 115w\" sizes=\"auto, (max-width: 460px) 100vw, 460px\" data-recalc-dims=\"1\" \/><\/figure>\n\n\n\n<h3 class=\"wp-block-heading has-text-align-center krobot-pattern-plaincards__title\">\u201eGroup Vision\u201c<\/h3>\n\n\n\n<div class=\"wp-block-buttons krobot-pattern-plaincards__more is-horizontal is-content-justification-center is-layout-flex wp-container-core-buttons-is-layout-03627597 wp-block-buttons-is-layout-flex\">\n<div class=\"wp-block-button is-style-outline is-style-outline--2\"><a class=\"wp-block-button__link wp-element-button\" href=\"https:\/\/global.kawasaki.com\/en\/groupvision2030\/index.html\" target=\"_blank\" rel=\"noreferrer noopener\">MORE<\/a><\/div>\n<\/div>\n<\/div>\n\n\n\n<div class=\"wp-block-column krobot-pattern-3cols__item is-layout-flow wp-block-column-is-layout-flow\">\n<figure class=\"wp-block-image size-large krobot-pattern-plaincards__figure\"><img loading=\"lazy\" decoding=\"async\" width=\"460\" height=\"120\" src=\"https:\/\/kawasakirobotics.com\/tachyon\/sites\/9\/2022\/02\/about-us_5.jpg\" alt=\"Kawasaki Heavy Industries Ltd. Antworten-Banner\" class=\"wp-image-2293\" srcset=\"https:\/\/kawasakirobotics.com\/tachyon\/sites\/2\/2022\/02\/about-us_5.jpg?fit=460%2C120&amp;zoom=1 460w, https:\/\/kawasakirobotics.com\/tachyon\/sites\/2\/2022\/02\/about-us_5.jpg?fit=460%2C120&amp;zoom=0.5 230w, https:\/\/kawasakirobotics.com\/tachyon\/sites\/2\/2022\/02\/about-us_5.jpg?fit=460%2C120&amp;zoom=0.25 115w\" sizes=\"auto, (max-width: 460px) 100vw, 460px\" data-recalc-dims=\"1\" \/><\/figure>\n\n\n\n<h3 class=\"wp-block-heading has-text-align-center krobot-pattern-plaincards__title\">Internetportal \u201eANSWERS\u201c<\/h3>\n\n\n\n<div class=\"wp-block-buttons krobot-pattern-plaincards__more is-horizontal is-content-justification-center is-layout-flex wp-container-core-buttons-is-layout-03627597 wp-block-buttons-is-layout-flex\">\n<div class=\"wp-block-button is-style-outline is-style-outline--3\"><a class=\"wp-block-button__link wp-element-button\" href=\"https:\/\/answers.khi.co.jp\/en\/\" target=\"_blank\" rel=\"noreferrer noopener\">MORE<\/a><\/div>\n<\/div>\n<\/div>\n<\/div>\n\n\n\n<div style=\"height:120px\" aria-hidden=\"true\" class=\"wp-block-spacer\"><\/div>\n\n\n\n<h2 class=\"wp-block-heading alignfull has-text-align-center\">\u00dcber uns<\/h2>\n\n\n\n<div class=\"wp-block-columns alignwide krobot-pattern-3cols krobot-pattern-plaincards is-layout-flex wp-container-core-columns-is-layout-28f84493 wp-block-columns-is-layout-flex\">\n<div class=\"wp-block-column krobot-pattern-3cols__item is-layout-flow wp-block-column-is-layout-flow\">\n<figure class=\"wp-block-image size-large krobot-pattern-plaincards__figure\"><img loading=\"lazy\" decoding=\"async\" width=\"950\" height=\"679\" src=\"https:\/\/kawasakirobotics.com\/tachyon\/sites\/9\/2022\/02\/company_1.jpg?fit=900%2C679\" alt=\"Luftbild der Fabrik\" class=\"wp-image-1559\" srcset=\"https:\/\/kawasakirobotics.com\/tachyon\/sites\/2\/2022\/02\/company_1.jpg?fit=950%2C679&amp;zoom=1 950w, https:\/\/kawasakirobotics.com\/tachyon\/sites\/2\/2022\/02\/company_1.jpg?fit=950%2C679&amp;zoom=0.5 475w, https:\/\/kawasakirobotics.com\/tachyon\/sites\/2\/2022\/02\/company_1.jpg?fit=950%2C679&amp;zoom=0.25 238w\" sizes=\"auto, (max-width: 950px) 100vw, 950px\" data-recalc-dims=\"1\" \/><\/figure>\n\n\n\n<h3 class=\"wp-block-heading has-text-align-center krobot-pattern-plaincards__title\">\u00dcber unsere Roboterabteilung<\/h3>\n\n\n\n<div class=\"wp-block-buttons krobot-pattern-plaincards__more is-horizontal is-content-justification-center is-layout-flex wp-container-core-buttons-is-layout-03627597 wp-block-buttons-is-layout-flex\">\n<div class=\"wp-block-button is-style-outline is-style-outline--4\"><a class=\"wp-block-button__link wp-element-button\" href=\"https:\/\/kawasakirobotics.com\/de\/company\/robotics-division\/\">MORE<\/a><\/div>\n<\/div>\n<\/div>\n\n\n\n<div class=\"wp-block-column krobot-pattern-3cols__item is-layout-flow wp-block-column-is-layout-flow\">\n<figure class=\"wp-block-image size-large krobot-pattern-plaincards__figure\"><img loading=\"lazy\" decoding=\"async\" width=\"950\" height=\"679\" src=\"https:\/\/kawasakirobotics.com\/tachyon\/sites\/9\/2022\/02\/company_2.jpg?fit=900%2C679\" alt=\"Global\" class=\"wp-image-1560\" srcset=\"https:\/\/kawasakirobotics.com\/tachyon\/sites\/2\/2022\/02\/company_2.jpg?fit=950%2C679&amp;zoom=1 950w, https:\/\/kawasakirobotics.com\/tachyon\/sites\/2\/2022\/02\/company_2.jpg?fit=950%2C679&amp;zoom=0.5 475w, https:\/\/kawasakirobotics.com\/tachyon\/sites\/2\/2022\/02\/company_2.jpg?fit=950%2C679&amp;zoom=0.25 238w\" sizes=\"auto, (max-width: 950px) 100vw, 950px\" data-recalc-dims=\"1\" \/><\/figure>\n\n\n\n<h3 class=\"wp-block-heading has-text-align-center krobot-pattern-plaincards__title\">Standorte<\/h3>\n\n\n\n<div class=\"wp-block-buttons krobot-pattern-plaincards__more is-horizontal is-content-justification-center is-layout-flex wp-container-core-buttons-is-layout-03627597 wp-block-buttons-is-layout-flex\">\n<div class=\"wp-block-button is-style-outline is-style-outline--5\"><a class=\"wp-block-button__link wp-element-button\" href=\"https:\/\/kawasakirobotics.com\/de\/company\/locations\/\">MORE<\/a><\/div>\n<\/div>\n<\/div>\n\n\n\n<div class=\"wp-block-column krobot-pattern-3cols__item is-layout-flow wp-block-column-is-layout-flow\">\n<figure class=\"wp-block-image size-large krobot-pattern-plaincards__figure\"><img loading=\"lazy\" decoding=\"async\" width=\"950\" height=\"679\" src=\"https:\/\/kawasakirobotics.com\/tachyon\/sites\/9\/2022\/02\/company_4.jpg?fit=900%2C679\" alt=\"Kawasaki UNIMATE\" class=\"wp-image-1563\" srcset=\"https:\/\/kawasakirobotics.com\/tachyon\/sites\/2\/2022\/02\/company_4.jpg?fit=950%2C679&amp;zoom=1 950w, https:\/\/kawasakirobotics.com\/tachyon\/sites\/2\/2022\/02\/company_4.jpg?fit=950%2C679&amp;zoom=0.5 475w, https:\/\/kawasakirobotics.com\/tachyon\/sites\/2\/2022\/02\/company_4.jpg?fit=950%2C679&amp;zoom=0.25 238w\" sizes=\"auto, (max-width: 950px) 100vw, 950px\" data-recalc-dims=\"1\" \/><\/figure>\n\n\n\n<h3 class=\"wp-block-heading has-text-align-center krobot-pattern-plaincards__title\">Geschichte<\/h3>\n\n\n\n<div class=\"wp-block-buttons krobot-pattern-plaincards__more is-horizontal is-content-justification-center is-layout-flex wp-container-core-buttons-is-layout-03627597 wp-block-buttons-is-layout-flex\">\n<div class=\"wp-block-button is-style-outline is-style-outline--6\"><a class=\"wp-block-button__link wp-element-button\" href=\"https:\/\/kawasakirobotics.com\/de\/company\/history\/\">MORE<\/a><\/div>\n<\/div>\n<\/div>\n<\/div>\n\n\n\n<div style=\"height:3px\" aria-hidden=\"true\" class=\"wp-block-spacer\"><\/div>\n\n\n\n<div class=\"wp-block-columns alignwide krobot-pattern-3cols krobot-pattern-plaincards is-layout-flex wp-container-core-columns-is-layout-28f84493 wp-block-columns-is-layout-flex\">\n<div class=\"wp-block-column krobot-pattern-3cols__item is-layout-flow wp-block-column-is-layout-flow\">\n<figure class=\"wp-block-image size-large krobot-pattern-plaincards__figure\"><img loading=\"lazy\" decoding=\"async\" width=\"950\" height=\"679\" src=\"https:\/\/kawasakirobotics.com\/tachyon\/sites\/9\/2022\/02\/company_7.jpg?fit=900%2C679\" alt=\"ISO9001\u3000ISO14001\" class=\"wp-image-1565\" srcset=\"https:\/\/kawasakirobotics.com\/tachyon\/sites\/2\/2022\/02\/company_7.jpg?fit=950%2C679&amp;zoom=1 950w, https:\/\/kawasakirobotics.com\/tachyon\/sites\/2\/2022\/02\/company_7.jpg?fit=950%2C679&amp;zoom=0.5 475w, https:\/\/kawasakirobotics.com\/tachyon\/sites\/2\/2022\/02\/company_7.jpg?fit=950%2C679&amp;zoom=0.25 238w\" sizes=\"auto, (max-width: 950px) 100vw, 950px\" data-recalc-dims=\"1\" \/><\/figure>\n\n\n\n<h3 class=\"wp-block-heading has-text-align-center krobot-pattern-plaincards__title\">ISO-Zertifizierung<\/h3>\n\n\n\n<div class=\"wp-block-buttons krobot-pattern-plaincards__more is-horizontal is-content-justification-center is-layout-flex wp-container-core-buttons-is-layout-03627597 wp-block-buttons-is-layout-flex\">\n<div class=\"wp-block-button is-style-outline is-style-outline--7\"><a class=\"wp-block-button__link wp-element-button\" href=\"https:\/\/kawasakirobotics.com\/de\/company\/iso\/\">MORE<\/a><\/div>\n<\/div>\n<\/div>\n\n\n\n<div class=\"wp-block-column krobot-pattern-3cols__item is-layout-flow wp-block-column-is-layout-flow\">\n<figure class=\"wp-block-image size-large krobot-pattern-plaincards__figure\"><img loading=\"lazy\" decoding=\"async\" width=\"950\" height=\"679\" src=\"https:\/\/kawasakirobotics.com\/tachyon\/sites\/9\/2022\/02\/company_8.jpg?fit=900%2C679\" alt=\"wonder\" class=\"wp-image-1566\" srcset=\"https:\/\/kawasakirobotics.com\/tachyon\/sites\/2\/2022\/02\/company_8.jpg?fit=950%2C679&amp;zoom=1 950w, https:\/\/kawasakirobotics.com\/tachyon\/sites\/2\/2022\/02\/company_8.jpg?fit=950%2C679&amp;zoom=0.5 475w, https:\/\/kawasakirobotics.com\/tachyon\/sites\/2\/2022\/02\/company_8.jpg?fit=950%2C679&amp;zoom=0.25 238w\" sizes=\"auto, (max-width: 950px) 100vw, 950px\" data-recalc-dims=\"1\" \/><\/figure>\n\n\n\n<h3 class=\"wp-block-heading has-text-align-center krobot-pattern-plaincards__title\">Karriere<\/h3>\n\n\n\n<div class=\"wp-block-buttons krobot-pattern-plaincards__more is-horizontal is-content-justification-center is-layout-flex wp-container-core-buttons-is-layout-03627597 wp-block-buttons-is-layout-flex\">\n<div class=\"wp-block-button is-style-outline is-style-outline--8\"><a class=\"wp-block-button__link wp-element-button\" href=\"https:\/\/kawasakirobotics.com\/de\/company\/careers\/\">MORE<\/a><\/div>\n<\/div>\n<\/div>\n<\/div>\n","protected":false},"excerpt":{"rendered":"<p>Kawasaki Heavy Industries ist ein breit aufgestelltes Maschinenbauunternehmen, dessen Gesch\u00e4ft sich auf zahlreiche Bereiche wie Schiffe, Schienenfahrzeuge, Flugzeuge, Motorr\u00e4der, Gasturbinen, Gasmotoren, Industrieanlagen, Hydraulikaggregate und Roboter erstreckt. Zusammen mit ganzen 100 verbundenen Unternehmen bildet Kawasaki Heavy Industries die Kawasaki Heavy Industries Group, eine auf Technologie fokussierte Unternehmensgruppe. Im Laufe unserer nunmehr bereits l\u00e4nger als 100 Jahre andauernden, technologischen Geschichte haben wir basierend auf unserem Grundsatz, mit der von uns entwickelten Spitzentechnologie neue Werte zu schaffen und einen Betrag zur Gesellschaft zu leisten, verschiedenste Produkte nicht nur zu Land, zu Wasser und in die Luft, sondern auch in die Weiten des Weltraums und die Tiefe der Meere gebracht. 2020 hat die Kawasaki [&hellip;]<\/p>\n","protected":false},"author":14,"featured_media":0,"parent":30,"menu_order":5,"comment_status":"closed","ping_status":"closed","template":"","meta":{"ep_exclude_from_search":false,"footnotes":""},"class_list":["post-40","page","type-page","status-publish","hentry"],"yoast_head":"<!-- This site is optimized with the Yoast SEO plugin v25.9 - https:\/\/yoast.com\/wordpress\/plugins\/seo\/ -->\n<title>Kawasaki Heavy Industries ltd. | Industrieroboter von Kawasaki Robotics<\/title>\n<meta name=\"description\" content=\"Kawasaki Heavy Industries ltd.\" \/>\n<meta name=\"robots\" content=\"index, follow, max-snippet:-1, max-image-preview:large, max-video-preview:-1\" \/>\n<link rel=\"canonical\" href=\"https:\/\/kawasakirobotics.com\/de\/company\/about-us\/\" \/>\n<meta property=\"og:locale\" content=\"de_DE\" \/>\n<meta property=\"og:type\" content=\"article\" \/>\n<meta property=\"og:title\" content=\"Kawasaki Heavy Industries ltd. | Industrieroboter von Kawasaki Robotics\" \/>\n<meta property=\"og:description\" content=\"Kawasaki Heavy Industries ltd.\" \/>\n<meta property=\"og:url\" content=\"https:\/\/kawasakirobotics.com\/de\/company\/about-us\/\" \/>\n<meta property=\"og:site_name\" content=\"Kawasaki Robotics\" \/>\n<meta property=\"article:modified_time\" content=\"2025-05-02T06:18:27+00:00\" \/>\n<meta property=\"og:image\" content=\"https:\/\/kawasakirobotics.com\/content\/themes\/krobot-theme\/src\/images\/default\/ogp.jpg\" \/>\n\t<meta property=\"og:image:width\" content=\"1200\" \/>\n\t<meta property=\"og:image:height\" content=\"630\" \/>\n\t<meta property=\"og:image:type\" content=\"image\/jpeg\" \/>\n<meta name=\"twitter:card\" content=\"summary_large_image\" \/>\n<script type=\"application\/ld+json\" class=\"yoast-schema-graph\">{\"@context\":\"https:\/\/schema.org\",\"@graph\":[{\"@type\":\"WebPage\",\"@id\":\"https:\/\/kawasakirobotics.com\/de\/company\/about-us\/\",\"url\":\"https:\/\/kawasakirobotics.com\/de\/company\/about-us\/\",\"name\":\"Kawasaki Heavy Industries ltd. | Industrieroboter von Kawasaki Robotics\",\"isPartOf\":{\"@id\":\"https:\/\/kawasakirobotics.com\/de\/#website\"},\"primaryImageOfPage\":{\"@id\":\"https:\/\/kawasakirobotics.com\/de\/company\/about-us\/#primaryimage\"},\"image\":{\"@id\":\"https:\/\/kawasakirobotics.com\/de\/company\/about-us\/#primaryimage\"},\"thumbnailUrl\":\"https:\/\/kawasakirobotics.com\/uploads\/sites\/9\/2022\/02\/about-us_2.jpg?fit=900%2C900\",\"datePublished\":\"2022-01-19T08:45:38+00:00\",\"dateModified\":\"2025-05-02T06:18:27+00:00\",\"description\":\"Kawasaki Heavy Industries ltd.\",\"breadcrumb\":{\"@id\":\"https:\/\/kawasakirobotics.com\/de\/company\/about-us\/#breadcrumb\"},\"inLanguage\":\"de\",\"potentialAction\":[{\"@type\":\"ReadAction\",\"target\":[\"https:\/\/kawasakirobotics.com\/de\/company\/about-us\/\"]}]},{\"@type\":\"ImageObject\",\"inLanguage\":\"de\",\"@id\":\"https:\/\/kawasakirobotics.com\/de\/company\/about-us\/#primaryimage\",\"url\":\"https:\/\/kawasakirobotics.com\/uploads\/sites\/9\/2022\/02\/about-us_2.jpg?fit=900%2C900\",\"contentUrl\":\"https:\/\/kawasakirobotics.com\/uploads\/sites\/9\/2022\/02\/about-us_2.jpg?fit=900%2C900\"},{\"@type\":\"BreadcrumbList\",\"@id\":\"https:\/\/kawasakirobotics.com\/de\/company\/about-us\/#breadcrumb\",\"itemListElement\":[{\"@type\":\"ListItem\",\"position\":1,\"name\":\"Home\",\"item\":\"https:\/\/kawasakirobotics.com\/de\/\"},{\"@type\":\"ListItem\",\"position\":2,\"name\":\"\u00dcber uns\",\"item\":\"https:\/\/kawasakirobotics.com\/de\/company\/\"},{\"@type\":\"ListItem\",\"position\":3,\"name\":\"Kawasaki Heavy Industries ltd.\"}]},{\"@type\":\"WebSite\",\"@id\":\"https:\/\/kawasakirobotics.com\/de\/#website\",\"url\":\"https:\/\/kawasakirobotics.com\/de\/\",\"name\":\"Kawasaki Robotics\",\"description\":\"\",\"publisher\":{\"@id\":\"https:\/\/kawasakirobotics.com\/de\/#organization\"},\"potentialAction\":[{\"@type\":\"SearchAction\",\"target\":{\"@type\":\"EntryPoint\",\"urlTemplate\":\"https:\/\/kawasakirobotics.com\/de\/?s={search_term_string}\"},\"query-input\":{\"@type\":\"PropertyValueSpecification\",\"valueRequired\":true,\"valueName\":\"search_term_string\"}}],\"inLanguage\":\"de\"},{\"@type\":\"Organization\",\"@id\":\"https:\/\/kawasakirobotics.com\/de\/#organization\",\"name\":\"\u5ddd\u5d0e\u91cd\u5de5\u696d\u30ed\u30dc\u30c3\u30c8\u30c7\u30a3\u30d3\u30b8\u30e7\u30f3\",\"url\":\"https:\/\/kawasakirobotics.com\/de\/\",\"logo\":{\"@type\":\"ImageObject\",\"inLanguage\":\"de\",\"@id\":\"https:\/\/kawasakirobotics.com\/de\/#\/schema\/logo\/image\/\",\"url\":\"\",\"contentUrl\":\"\",\"caption\":\"\u5ddd\u5d0e\u91cd\u5de5\u696d\u30ed\u30dc\u30c3\u30c8\u30c7\u30a3\u30d3\u30b8\u30e7\u30f3\"},\"image\":{\"@id\":\"https:\/\/kawasakirobotics.com\/de\/#\/schema\/logo\/image\/\"}}]}<\/script>\n<!-- \/ Yoast SEO plugin. -->","yoast_head_json":{"title":"Kawasaki Heavy Industries ltd. | Industrieroboter von Kawasaki Robotics","description":"Kawasaki Heavy Industries ltd.","robots":{"index":"index","follow":"follow","max-snippet":"max-snippet:-1","max-image-preview":"max-image-preview:large","max-video-preview":"max-video-preview:-1"},"canonical":"https:\/\/kawasakirobotics.com\/de\/company\/about-us\/","og_locale":"de_DE","og_type":"article","og_title":"Kawasaki Heavy Industries ltd. | Industrieroboter von Kawasaki Robotics","og_description":"Kawasaki Heavy Industries ltd.","og_url":"https:\/\/kawasakirobotics.com\/de\/company\/about-us\/","og_site_name":"Kawasaki Robotics","article_modified_time":"2025-05-02T06:18:27+00:00","og_image":[{"url":"https:\/\/kawasakirobotics.com\/content\/themes\/krobot-theme\/src\/images\/default\/ogp.jpg","width":"1200","height":"630","type":"image\/jpeg"}],"twitter_card":"summary_large_image","schema":{"@context":"https:\/\/schema.org","@graph":[{"@type":"WebPage","@id":"https:\/\/kawasakirobotics.com\/de\/company\/about-us\/","url":"https:\/\/kawasakirobotics.com\/de\/company\/about-us\/","name":"Kawasaki Heavy Industries ltd. | Industrieroboter von Kawasaki Robotics","isPartOf":{"@id":"https:\/\/kawasakirobotics.com\/de\/#website"},"primaryImageOfPage":{"@id":"https:\/\/kawasakirobotics.com\/de\/company\/about-us\/#primaryimage"},"image":{"@id":"https:\/\/kawasakirobotics.com\/de\/company\/about-us\/#primaryimage"},"thumbnailUrl":"https:\/\/kawasakirobotics.com\/uploads\/sites\/9\/2022\/02\/about-us_2.jpg?fit=900%2C900","datePublished":"2022-01-19T08:45:38+00:00","dateModified":"2025-05-02T06:18:27+00:00","description":"Kawasaki Heavy Industries ltd.","breadcrumb":{"@id":"https:\/\/kawasakirobotics.com\/de\/company\/about-us\/#breadcrumb"},"inLanguage":"de","potentialAction":[{"@type":"ReadAction","target":["https:\/\/kawasakirobotics.com\/de\/company\/about-us\/"]}]},{"@type":"ImageObject","inLanguage":"de","@id":"https:\/\/kawasakirobotics.com\/de\/company\/about-us\/#primaryimage","url":"https:\/\/kawasakirobotics.com\/uploads\/sites\/9\/2022\/02\/about-us_2.jpg?fit=900%2C900","contentUrl":"https:\/\/kawasakirobotics.com\/uploads\/sites\/9\/2022\/02\/about-us_2.jpg?fit=900%2C900"},{"@type":"BreadcrumbList","@id":"https:\/\/kawasakirobotics.com\/de\/company\/about-us\/#breadcrumb","itemListElement":[{"@type":"ListItem","position":1,"name":"Home","item":"https:\/\/kawasakirobotics.com\/de\/"},{"@type":"ListItem","position":2,"name":"\u00dcber uns","item":"https:\/\/kawasakirobotics.com\/de\/company\/"},{"@type":"ListItem","position":3,"name":"Kawasaki Heavy Industries ltd."}]},{"@type":"WebSite","@id":"https:\/\/kawasakirobotics.com\/de\/#website","url":"https:\/\/kawasakirobotics.com\/de\/","name":"Kawasaki Robotics","description":"","publisher":{"@id":"https:\/\/kawasakirobotics.com\/de\/#organization"},"potentialAction":[{"@type":"SearchAction","target":{"@type":"EntryPoint","urlTemplate":"https:\/\/kawasakirobotics.com\/de\/?s={search_term_string}"},"query-input":{"@type":"PropertyValueSpecification","valueRequired":true,"valueName":"search_term_string"}}],"inLanguage":"de"},{"@type":"Organization","@id":"https:\/\/kawasakirobotics.com\/de\/#organization","name":"\u5ddd\u5d0e\u91cd\u5de5\u696d\u30ed\u30dc\u30c3\u30c8\u30c7\u30a3\u30d3\u30b8\u30e7\u30f3","url":"https:\/\/kawasakirobotics.com\/de\/","logo":{"@type":"ImageObject","inLanguage":"de","@id":"https:\/\/kawasakirobotics.com\/de\/#\/schema\/logo\/image\/","url":"","contentUrl":"","caption":"\u5ddd\u5d0e\u91cd\u5de5\u696d\u30ed\u30dc\u30c3\u30c8\u30c7\u30a3\u30d3\u30b8\u30e7\u30f3"},"image":{"@id":"https:\/\/kawasakirobotics.com\/de\/#\/schema\/logo\/image\/"}}]}},"_links":{"self":[{"href":"https:\/\/kawasakirobotics.com\/de\/wp-json\/wp\/v2\/pages\/40","targetHints":{"allow":["GET"]}}],"collection":[{"href":"https:\/\/kawasakirobotics.com\/de\/wp-json\/wp\/v2\/pages"}],"about":[{"href":"https:\/\/kawasakirobotics.com\/de\/wp-json\/wp\/v2\/types\/page"}],"author":[{"embeddable":true,"href":"https:\/\/kawasakirobotics.com\/de\/wp-json\/wp\/v2\/users\/14"}],"replies":[{"embeddable":true,"href":"https:\/\/kawasakirobotics.com\/de\/wp-json\/wp\/v2\/comments?post=40"}],"version-history":[{"count":7,"href":"https:\/\/kawasakirobotics.com\/de\/wp-json\/wp\/v2\/pages\/40\/revisions"}],"predecessor-version":[{"id":6285,"href":"https:\/\/kawasakirobotics.com\/de\/wp-json\/wp\/v2\/pages\/40\/revisions\/6285"}],"up":[{"embeddable":true,"href":"https:\/\/kawasakirobotics.com\/de\/wp-json\/wp\/v2\/pages\/30"}],"wp:attachment":[{"href":"https:\/\/kawasakirobotics.com\/de\/wp-json\/wp\/v2\/media?parent=40"}],"curies":[{"name":"wp","href":"https:\/\/api.w.org\/{rel}","templated":true}]}}