{"id":42,"date":"2022-01-19T17:46:05","date_gmt":"2022-01-19T08:46:05","guid":{"rendered":"urn:uuid:ea6275e6-44c9-4e65-a6ce-c1182e562a6d"},"modified":"2025-05-02T07:21:31","modified_gmt":"2025-05-02T06:21:31","slug":"iso","status":"publish","type":"page","link":"https:\/\/kawasakirobotics.com\/de\/company\/iso\/","title":{"rendered":"ISO-Zertifizierung"},"content":{"rendered":"\n<h2 class=\"wp-block-heading\"><strong>Qualit\u00e4tsrichtlinien<\/strong><\/h2>\n\n\n\n<figure class=\"wp-block-image aligncenter size-full\"><img loading=\"lazy\" width=\"500\" height=\"476\" decoding=\"async\" src=\"https:\/\/kawasakirobotics.com\/tachyon\/sites\/9\/2023\/01\/H1_DNV_9001_COLOR.png\" alt=\"ISO 9001 DNV-Logo\" class=\"wp-image-5754\" srcset=\"https:\/\/kawasakirobotics.com\/tachyon\/sites\/9\/2023\/01\/H1_DNV_9001_COLOR.png?resize=500%2C476&amp;zoom=1 500w, https:\/\/kawasakirobotics.com\/tachyon\/sites\/9\/2023\/01\/H1_DNV_9001_COLOR.png?resize=500%2C476&amp;zoom=0.5 250w, https:\/\/kawasakirobotics.com\/tachyon\/sites\/9\/2023\/01\/H1_DNV_9001_COLOR.png?resize=500%2C476&amp;zoom=0.25 125w\" sizes=\"auto, (max-width: 500px) 100vw, 500px\" \/><\/figure>\n\n\n\n<p>Unsere Roboterabteilung handelt stets im Sinne der folgenden, eigens festgelegten Qualit\u00e4tsrichtlinien.<\/p>\n\n\n\n<ol class=\"wp-block-list\">\n<li>Wir beachten alle durch Gesetze, Verordnungen und Bestimmungen vorgegebenen Anforderungen.<\/li>\n\n\n\n<li>Wir f\u00f6rdern TQM-Aktivit\u00e4ten, an denen sich alle Mitarbeitenden beteiligen, und streben stets danach, unser Qualit\u00e4tsmanagementsystem zu verbessern.<\/li>\n\n\n\n<li>Wir teilen Informationen mit unseren Kunden und gestalten unsere Produkte und Dienstleistungen so, dass sie die Marktbed\u00fcrfnisse und die Erwartungen unserer Kunden erf\u00fcllen.<\/li>\n<\/ol>\n\n\n\n<p>Unter Beachtung dieser Qualit\u00e4tsrichtlinien bieten wir Gesamtl\u00f6sungen an, welche die Anforderungen unserer Kunden in der Automobil- und Halbleiterherstellung, auf dem Gebiet des kollaborativen Arbeitens und im Bereich Medizin erf\u00fcllen, und f\u00f6rdern gleichzeitig die Entwicklung unseres Unternehmens von einem Industrieroboter-Hersteller zu einem Hersteller von universal einsetzbaren Robotern.<\/p>\n\n\n\n<h2 class=\"wp-block-heading\"><strong>Umweltrichtlinien<\/strong><\/h2>\n\n\n\n<figure class=\"wp-block-image aligncenter size-full\"><img loading=\"lazy\" width=\"500\" height=\"487\" decoding=\"async\" src=\"https:\/\/kawasakirobotics.com\/tachyon\/sites\/9\/2023\/01\/H2_DNV_14001_COLOR.png\" alt=\"ISO 14001-Zertifizierungslogo\" class=\"wp-image-5755\" srcset=\"https:\/\/kawasakirobotics.com\/tachyon\/sites\/9\/2023\/01\/H2_DNV_14001_COLOR.png?resize=500%2C487&amp;zoom=1 500w, https:\/\/kawasakirobotics.com\/tachyon\/sites\/9\/2023\/01\/H2_DNV_14001_COLOR.png?resize=500%2C487&amp;zoom=0.5 250w, https:\/\/kawasakirobotics.com\/tachyon\/sites\/9\/2023\/01\/H2_DNV_14001_COLOR.png?resize=500%2C487&amp;zoom=0.25 125w\" sizes=\"auto, (max-width: 500px) 100vw, 500px\" \/><\/figure>\n\n\n\n<p>Unsere Roboterabteilung handelt stets im Sinne der folgenden, eigens festgelegten Umweltrichtlinien.<\/p>\n\n\n\n<ol class=\"wp-block-list\">\n<li>Wir unternehmen Anstrengungen zur Senkung des Energieverbrauchs und des CO2-Aussto\u00dfes.<\/li>\n\n\n\n<li>Wir bem\u00fchen uns, weniger Abf\u00e4lle zu produzieren.<\/li>\n\n\n\n<li>Wir f\u00f6rdern Aktivit\u00e4ten, die den Lebenszyklus unserer Produkte ber\u00fccksichtigen.<\/li>\n\n\n\n<li>Wir legen Notfallma\u00dfnahmen fest und bem\u00fchen uns, Umweltverschmutzung zu vorzubeugen.<\/li>\n\n\n\n<li>Wir bem\u00fchen uns, unser Umwelt-Managementsystem stetig zu verbessern.<\/li>\n\n\n\n<li>Wir befolgen alle Gesetze und Verordnungen zum Thema Umwelt.<\/li>\n\n\n\n<li>Wir sorgen daf\u00fcr, dass alle Mitarbeitenden mit den Umweltrichtlinien vertraut sind.<\/li>\n<\/ol>\n\n\n\n<p>Unter Beachtung dieser Umweltrichtlinien bieten wir Gesamtl\u00f6sungen an, welche die Anforderungen unserer Kunden in der Automobil- und Halbleiterherstellung, auf dem Gebiet des kollaborativen Arbeitens und im Bereich Medizin erf\u00fcllen, und f\u00f6rdern gleichzeitig die Entwicklung unseres Unternehmens von einem Industrieroboter-Hersteller zu einem Hersteller von universal einsetzbaren Robotern.<\/p>\n\n\n\n<div style=\"height:100px\" aria-hidden=\"true\" class=\"wp-block-spacer\"><\/div>\n\n\n\n<h2 class=\"wp-block-heading alignfull has-text-align-center\">\u00dcber uns<\/h2>\n\n\n\n<div class=\"wp-block-columns alignwide krobot-pattern-3cols krobot-pattern-plaincards is-layout-flex wp-container-core-columns-is-layout-28f84493 wp-block-columns-is-layout-flex\">\n<div class=\"wp-block-column krobot-pattern-3cols__item is-layout-flow wp-block-column-is-layout-flow\">\n<figure class=\"wp-block-image size-large krobot-pattern-plaincards__figure\"><img loading=\"lazy\" decoding=\"async\" width=\"950\" height=\"679\" src=\"https:\/\/kawasakirobotics.com\/tachyon\/sites\/9\/2022\/02\/company_1.jpg?fit=900%2C679\" alt=\"Luftbild der Fabrik\" class=\"wp-image-1559\" srcset=\"https:\/\/kawasakirobotics.com\/tachyon\/sites\/2\/2022\/02\/company_1.jpg?fit=950%2C679&amp;zoom=1 950w, https:\/\/kawasakirobotics.com\/tachyon\/sites\/2\/2022\/02\/company_1.jpg?fit=950%2C679&amp;zoom=0.5 475w, https:\/\/kawasakirobotics.com\/tachyon\/sites\/2\/2022\/02\/company_1.jpg?fit=950%2C679&amp;zoom=0.25 238w\" sizes=\"auto, (max-width: 950px) 100vw, 950px\" data-recalc-dims=\"1\" \/><\/figure>\n\n\n\n<h3 class=\"wp-block-heading has-text-align-center krobot-pattern-plaincards__title\">\u00dcber unsere Roboterabteilung<\/h3>\n\n\n\n<div class=\"wp-block-buttons krobot-pattern-plaincards__more is-horizontal is-content-justification-center is-layout-flex wp-container-core-buttons-is-layout-03627597 wp-block-buttons-is-layout-flex\">\n<div class=\"wp-block-button is-style-outline is-style-outline--1\"><a class=\"wp-block-button__link wp-element-button\" href=\"https:\/\/kawasakirobotics.com\/de\/company\/robotics-division\/\">MORE<\/a><\/div>\n<\/div>\n<\/div>\n\n\n\n<div class=\"wp-block-column krobot-pattern-3cols__item is-layout-flow wp-block-column-is-layout-flow\">\n<figure class=\"wp-block-image size-large krobot-pattern-plaincards__figure\"><img loading=\"lazy\" decoding=\"async\" width=\"950\" height=\"679\" src=\"https:\/\/kawasakirobotics.com\/tachyon\/sites\/9\/2022\/02\/company_2.jpg?fit=900%2C679\" alt=\"Global\" class=\"wp-image-1560\" srcset=\"https:\/\/kawasakirobotics.com\/tachyon\/sites\/2\/2022\/02\/company_2.jpg?fit=950%2C679&amp;zoom=1 950w, https:\/\/kawasakirobotics.com\/tachyon\/sites\/2\/2022\/02\/company_2.jpg?fit=950%2C679&amp;zoom=0.5 475w, https:\/\/kawasakirobotics.com\/tachyon\/sites\/2\/2022\/02\/company_2.jpg?fit=950%2C679&amp;zoom=0.25 238w\" sizes=\"auto, (max-width: 950px) 100vw, 950px\" data-recalc-dims=\"1\" \/><\/figure>\n\n\n\n<h3 class=\"wp-block-heading has-text-align-center krobot-pattern-plaincards__title\">Standorte<\/h3>\n\n\n\n<div class=\"wp-block-buttons krobot-pattern-plaincards__more is-horizontal is-content-justification-center is-layout-flex wp-container-core-buttons-is-layout-03627597 wp-block-buttons-is-layout-flex\">\n<div class=\"wp-block-button is-style-outline is-style-outline--2\"><a class=\"wp-block-button__link wp-element-button\" href=\"https:\/\/kawasakirobotics.com\/de\/company\/locations\/\">MORE<\/a><\/div>\n<\/div>\n<\/div>\n\n\n\n<div class=\"wp-block-column krobot-pattern-3cols__item is-layout-flow wp-block-column-is-layout-flow\">\n<figure class=\"wp-block-image size-large krobot-pattern-plaincards__figure\"><img loading=\"lazy\" decoding=\"async\" width=\"950\" height=\"679\" src=\"https:\/\/kawasakirobotics.com\/tachyon\/sites\/9\/2022\/02\/company_4.jpg?fit=900%2C679\" alt=\"Kawasaki UNIMATE\" class=\"wp-image-1563\" srcset=\"https:\/\/kawasakirobotics.com\/tachyon\/sites\/2\/2022\/02\/company_4.jpg?fit=950%2C679&amp;zoom=1 950w, https:\/\/kawasakirobotics.com\/tachyon\/sites\/2\/2022\/02\/company_4.jpg?fit=950%2C679&amp;zoom=0.5 475w, https:\/\/kawasakirobotics.com\/tachyon\/sites\/2\/2022\/02\/company_4.jpg?fit=950%2C679&amp;zoom=0.25 238w\" sizes=\"auto, (max-width: 950px) 100vw, 950px\" data-recalc-dims=\"1\" \/><\/figure>\n\n\n\n<h3 class=\"wp-block-heading has-text-align-center krobot-pattern-plaincards__title\">Geschichte<\/h3>\n\n\n\n<div class=\"wp-block-buttons krobot-pattern-plaincards__more is-horizontal is-content-justification-center is-layout-flex wp-container-core-buttons-is-layout-03627597 wp-block-buttons-is-layout-flex\">\n<div class=\"wp-block-button is-style-outline is-style-outline--3\"><a class=\"wp-block-button__link wp-element-button\" href=\"https:\/\/kawasakirobotics.com\/de\/company\/history\/\">MORE<\/a><\/div>\n<\/div>\n<\/div>\n<\/div>\n\n\n\n<div style=\"height:3px\" aria-hidden=\"true\" class=\"wp-block-spacer\"><\/div>\n\n\n\n<div class=\"wp-block-columns alignwide krobot-pattern-3cols krobot-pattern-plaincards is-layout-flex wp-container-core-columns-is-layout-28f84493 wp-block-columns-is-layout-flex\">\n<div class=\"wp-block-column krobot-pattern-3cols__item is-layout-flow wp-block-column-is-layout-flow\">\n<figure class=\"wp-block-image size-large krobot-pattern-plaincards__figure\"><img loading=\"lazy\" decoding=\"async\" width=\"1755\" height=\"1241\" src=\"https:\/\/kawasakirobotics.com\/tachyon\/sites\/9\/2022\/02\/company_6.jpg?fit=900%2C900\" alt=\"Kawasaki Heavy Industries Ltd. Vertrauensw\u00fcrdige L\u00f6sungen f\u00fcr die Zukunft\" class=\"wp-image-3180\" srcset=\"https:\/\/kawasakirobotics.com\/tachyon\/sites\/2\/2022\/02\/company_6.jpg?fit=1755%2C1241&amp;zoom=1 1755w, https:\/\/kawasakirobotics.com\/tachyon\/sites\/2\/2022\/02\/company_6.jpg?fit=1755%2C1241&amp;zoom=0.5 878w, https:\/\/kawasakirobotics.com\/tachyon\/sites\/2\/2022\/02\/company_6.jpg?fit=1755%2C1241&amp;zoom=0.25 439w\" sizes=\"auto, (max-width: 1755px) 100vw, 1755px\" data-recalc-dims=\"1\" \/><\/figure>\n\n\n\n<h3 class=\"wp-block-heading has-text-align-center krobot-pattern-plaincards__title\">Kawasaki Heavy Industries ltd.<\/h3>\n\n\n\n<div class=\"wp-block-buttons krobot-pattern-plaincards__more is-horizontal is-content-justification-center is-layout-flex wp-container-core-buttons-is-layout-03627597 wp-block-buttons-is-layout-flex\">\n<div class=\"wp-block-button is-style-outline is-style-outline--4\"><a class=\"wp-block-button__link wp-element-button\" href=\"https:\/\/kawasakirobotics.com\/de\/company\/about-us\/\">MORE<\/a><\/div>\n<\/div>\n<\/div>\n\n\n\n<div class=\"wp-block-column krobot-pattern-3cols__item is-layout-flow wp-block-column-is-layout-flow\">\n<figure class=\"wp-block-image size-large krobot-pattern-plaincards__figure\"><img loading=\"lazy\" decoding=\"async\" width=\"950\" height=\"679\" src=\"https:\/\/kawasakirobotics.com\/tachyon\/sites\/9\/2022\/02\/company_8.jpg?fit=900%2C679\" alt=\"wonder\" class=\"wp-image-1566\" srcset=\"https:\/\/kawasakirobotics.com\/tachyon\/sites\/2\/2022\/02\/company_8.jpg?fit=950%2C679&amp;zoom=1 950w, https:\/\/kawasakirobotics.com\/tachyon\/sites\/2\/2022\/02\/company_8.jpg?fit=950%2C679&amp;zoom=0.5 475w, https:\/\/kawasakirobotics.com\/tachyon\/sites\/2\/2022\/02\/company_8.jpg?fit=950%2C679&amp;zoom=0.25 238w\" sizes=\"auto, (max-width: 950px) 100vw, 950px\" data-recalc-dims=\"1\" \/><\/figure>\n\n\n\n<h3 class=\"wp-block-heading has-text-align-center krobot-pattern-plaincards__title\">Karriere<\/h3>\n\n\n\n<div class=\"wp-block-buttons krobot-pattern-plaincards__more is-horizontal is-content-justification-center is-layout-flex wp-container-core-buttons-is-layout-03627597 wp-block-buttons-is-layout-flex\">\n<div class=\"wp-block-button is-style-outline is-style-outline--5\"><a class=\"wp-block-button__link wp-element-button\" href=\"https:\/\/kawasakirobotics.com\/de\/company\/careers\/\">MORE<\/a><\/div>\n<\/div>\n<\/div>\n<\/div>\n","protected":false},"excerpt":{"rendered":"<p>Qualit\u00e4tsrichtlinien Unsere Roboterabteilung handelt stets im Sinne der folgenden, eigens festgelegten Qualit\u00e4tsrichtlinien. Unter Beachtung dieser Qualit\u00e4tsrichtlinien bieten wir Gesamtl\u00f6sungen an, welche die Anforderungen unserer Kunden in der Automobil- und Halbleiterherstellung, auf dem Gebiet des kollaborativen Arbeitens und im Bereich Medizin erf\u00fcllen, und f\u00f6rdern gleichzeitig die Entwicklung unseres Unternehmens von einem Industrieroboter-Hersteller zu einem Hersteller von universal einsetzbaren Robotern. Umweltrichtlinien Unsere Roboterabteilung handelt stets im Sinne der folgenden, eigens festgelegten Umweltrichtlinien. Unter Beachtung dieser Umweltrichtlinien bieten wir Gesamtl\u00f6sungen an, welche die Anforderungen unserer Kunden in der Automobil- und Halbleiterherstellung, auf dem Gebiet des kollaborativen Arbeitens und im Bereich Medizin erf\u00fcllen, und f\u00f6rdern gleichzeitig die Entwicklung unseres Unternehmens von einem Industrieroboter-Hersteller zu [&hellip;]<\/p>\n","protected":false},"author":14,"featured_media":0,"parent":30,"menu_order":6,"comment_status":"closed","ping_status":"closed","template":"","meta":{"ep_exclude_from_search":false,"footnotes":""},"class_list":["post-42","page","type-page","status-publish","hentry"],"yoast_head":"<!-- This site is optimized with the Yoast SEO plugin v25.9 - https:\/\/yoast.com\/wordpress\/plugins\/seo\/ -->\n<title>ISO-Zertifizierung | Industrieroboter von Kawasaki Robotics<\/title>\n<meta name=\"description\" content=\"ISO-Zertifizierung von Kawasaki Heavy Industries\" \/>\n<meta name=\"robots\" content=\"index, follow, max-snippet:-1, max-image-preview:large, max-video-preview:-1\" \/>\n<link rel=\"canonical\" href=\"https:\/\/kawasakirobotics.com\/de\/company\/iso\/\" \/>\n<meta property=\"og:locale\" content=\"de_DE\" \/>\n<meta property=\"og:type\" content=\"article\" \/>\n<meta property=\"og:title\" content=\"ISO-Zertifizierung | Industrieroboter von Kawasaki Robotics\" \/>\n<meta property=\"og:description\" content=\"ISO-Zertifizierung von Kawasaki Heavy Industries\" \/>\n<meta property=\"og:url\" content=\"https:\/\/kawasakirobotics.com\/de\/company\/iso\/\" \/>\n<meta property=\"og:site_name\" content=\"Kawasaki Robotics\" \/>\n<meta property=\"article:modified_time\" content=\"2025-05-02T06:21:31+00:00\" \/>\n<meta property=\"og:image\" content=\"https:\/\/kawasakirobotics.com\/content\/themes\/krobot-theme\/src\/images\/default\/ogp.jpg\" \/>\n\t<meta property=\"og:image:width\" content=\"1200\" \/>\n\t<meta property=\"og:image:height\" content=\"630\" \/>\n\t<meta property=\"og:image:type\" content=\"image\/jpeg\" \/>\n<meta name=\"twitter:card\" content=\"summary_large_image\" \/>\n<script type=\"application\/ld+json\" class=\"yoast-schema-graph\">{\"@context\":\"https:\/\/schema.org\",\"@graph\":[{\"@type\":\"WebPage\",\"@id\":\"https:\/\/kawasakirobotics.com\/de\/company\/iso\/\",\"url\":\"https:\/\/kawasakirobotics.com\/de\/company\/iso\/\",\"name\":\"ISO-Zertifizierung | Industrieroboter von Kawasaki Robotics\",\"isPartOf\":{\"@id\":\"https:\/\/kawasakirobotics.com\/de\/#website\"},\"primaryImageOfPage\":{\"@id\":\"https:\/\/kawasakirobotics.com\/de\/company\/iso\/#primaryimage\"},\"image\":{\"@id\":\"https:\/\/kawasakirobotics.com\/de\/company\/iso\/#primaryimage\"},\"thumbnailUrl\":\"https:\/\/kawasakirobotics.com\/tachyon\/sites\/9\/2023\/01\/H1_DNV_9001_COLOR.png\",\"datePublished\":\"2022-01-19T08:46:05+00:00\",\"dateModified\":\"2025-05-02T06:21:31+00:00\",\"description\":\"ISO-Zertifizierung von Kawasaki Heavy Industries\",\"breadcrumb\":{\"@id\":\"https:\/\/kawasakirobotics.com\/de\/company\/iso\/#breadcrumb\"},\"inLanguage\":\"de\",\"potentialAction\":[{\"@type\":\"ReadAction\",\"target\":[\"https:\/\/kawasakirobotics.com\/de\/company\/iso\/\"]}]},{\"@type\":\"ImageObject\",\"inLanguage\":\"de\",\"@id\":\"https:\/\/kawasakirobotics.com\/de\/company\/iso\/#primaryimage\",\"url\":\"https:\/\/kawasakirobotics.com\/tachyon\/sites\/9\/2023\/01\/H1_DNV_9001_COLOR.png\",\"contentUrl\":\"https:\/\/kawasakirobotics.com\/tachyon\/sites\/9\/2023\/01\/H1_DNV_9001_COLOR.png\"},{\"@type\":\"BreadcrumbList\",\"@id\":\"https:\/\/kawasakirobotics.com\/de\/company\/iso\/#breadcrumb\",\"itemListElement\":[{\"@type\":\"ListItem\",\"position\":1,\"name\":\"Home\",\"item\":\"https:\/\/kawasakirobotics.com\/de\/\"},{\"@type\":\"ListItem\",\"position\":2,\"name\":\"\u00dcber uns\",\"item\":\"https:\/\/kawasakirobotics.com\/de\/company\/\"},{\"@type\":\"ListItem\",\"position\":3,\"name\":\"ISO-Zertifizierung\"}]},{\"@type\":\"WebSite\",\"@id\":\"https:\/\/kawasakirobotics.com\/de\/#website\",\"url\":\"https:\/\/kawasakirobotics.com\/de\/\",\"name\":\"Kawasaki Robotics\",\"description\":\"\",\"publisher\":{\"@id\":\"https:\/\/kawasakirobotics.com\/de\/#organization\"},\"potentialAction\":[{\"@type\":\"SearchAction\",\"target\":{\"@type\":\"EntryPoint\",\"urlTemplate\":\"https:\/\/kawasakirobotics.com\/de\/?s={search_term_string}\"},\"query-input\":{\"@type\":\"PropertyValueSpecification\",\"valueRequired\":true,\"valueName\":\"search_term_string\"}}],\"inLanguage\":\"de\"},{\"@type\":\"Organization\",\"@id\":\"https:\/\/kawasakirobotics.com\/de\/#organization\",\"name\":\"\u5ddd\u5d0e\u91cd\u5de5\u696d\u30ed\u30dc\u30c3\u30c8\u30c7\u30a3\u30d3\u30b8\u30e7\u30f3\",\"url\":\"https:\/\/kawasakirobotics.com\/de\/\",\"logo\":{\"@type\":\"ImageObject\",\"inLanguage\":\"de\",\"@id\":\"https:\/\/kawasakirobotics.com\/de\/#\/schema\/logo\/image\/\",\"url\":\"\",\"contentUrl\":\"\",\"caption\":\"\u5ddd\u5d0e\u91cd\u5de5\u696d\u30ed\u30dc\u30c3\u30c8\u30c7\u30a3\u30d3\u30b8\u30e7\u30f3\"},\"image\":{\"@id\":\"https:\/\/kawasakirobotics.com\/de\/#\/schema\/logo\/image\/\"}}]}<\/script>\n<!-- \/ Yoast SEO plugin. -->","yoast_head_json":{"title":"ISO-Zertifizierung | Industrieroboter von Kawasaki Robotics","description":"ISO-Zertifizierung von Kawasaki Heavy Industries","robots":{"index":"index","follow":"follow","max-snippet":"max-snippet:-1","max-image-preview":"max-image-preview:large","max-video-preview":"max-video-preview:-1"},"canonical":"https:\/\/kawasakirobotics.com\/de\/company\/iso\/","og_locale":"de_DE","og_type":"article","og_title":"ISO-Zertifizierung | Industrieroboter von Kawasaki Robotics","og_description":"ISO-Zertifizierung von Kawasaki Heavy Industries","og_url":"https:\/\/kawasakirobotics.com\/de\/company\/iso\/","og_site_name":"Kawasaki Robotics","article_modified_time":"2025-05-02T06:21:31+00:00","og_image":[{"url":"https:\/\/kawasakirobotics.com\/content\/themes\/krobot-theme\/src\/images\/default\/ogp.jpg","width":"1200","height":"630","type":"image\/jpeg"}],"twitter_card":"summary_large_image","schema":{"@context":"https:\/\/schema.org","@graph":[{"@type":"WebPage","@id":"https:\/\/kawasakirobotics.com\/de\/company\/iso\/","url":"https:\/\/kawasakirobotics.com\/de\/company\/iso\/","name":"ISO-Zertifizierung | Industrieroboter von Kawasaki Robotics","isPartOf":{"@id":"https:\/\/kawasakirobotics.com\/de\/#website"},"primaryImageOfPage":{"@id":"https:\/\/kawasakirobotics.com\/de\/company\/iso\/#primaryimage"},"image":{"@id":"https:\/\/kawasakirobotics.com\/de\/company\/iso\/#primaryimage"},"thumbnailUrl":"https:\/\/kawasakirobotics.com\/tachyon\/sites\/9\/2023\/01\/H1_DNV_9001_COLOR.png","datePublished":"2022-01-19T08:46:05+00:00","dateModified":"2025-05-02T06:21:31+00:00","description":"ISO-Zertifizierung von Kawasaki Heavy Industries","breadcrumb":{"@id":"https:\/\/kawasakirobotics.com\/de\/company\/iso\/#breadcrumb"},"inLanguage":"de","potentialAction":[{"@type":"ReadAction","target":["https:\/\/kawasakirobotics.com\/de\/company\/iso\/"]}]},{"@type":"ImageObject","inLanguage":"de","@id":"https:\/\/kawasakirobotics.com\/de\/company\/iso\/#primaryimage","url":"https:\/\/kawasakirobotics.com\/tachyon\/sites\/9\/2023\/01\/H1_DNV_9001_COLOR.png","contentUrl":"https:\/\/kawasakirobotics.com\/tachyon\/sites\/9\/2023\/01\/H1_DNV_9001_COLOR.png"},{"@type":"BreadcrumbList","@id":"https:\/\/kawasakirobotics.com\/de\/company\/iso\/#breadcrumb","itemListElement":[{"@type":"ListItem","position":1,"name":"Home","item":"https:\/\/kawasakirobotics.com\/de\/"},{"@type":"ListItem","position":2,"name":"\u00dcber uns","item":"https:\/\/kawasakirobotics.com\/de\/company\/"},{"@type":"ListItem","position":3,"name":"ISO-Zertifizierung"}]},{"@type":"WebSite","@id":"https:\/\/kawasakirobotics.com\/de\/#website","url":"https:\/\/kawasakirobotics.com\/de\/","name":"Kawasaki Robotics","description":"","publisher":{"@id":"https:\/\/kawasakirobotics.com\/de\/#organization"},"potentialAction":[{"@type":"SearchAction","target":{"@type":"EntryPoint","urlTemplate":"https:\/\/kawasakirobotics.com\/de\/?s={search_term_string}"},"query-input":{"@type":"PropertyValueSpecification","valueRequired":true,"valueName":"search_term_string"}}],"inLanguage":"de"},{"@type":"Organization","@id":"https:\/\/kawasakirobotics.com\/de\/#organization","name":"\u5ddd\u5d0e\u91cd\u5de5\u696d\u30ed\u30dc\u30c3\u30c8\u30c7\u30a3\u30d3\u30b8\u30e7\u30f3","url":"https:\/\/kawasakirobotics.com\/de\/","logo":{"@type":"ImageObject","inLanguage":"de","@id":"https:\/\/kawasakirobotics.com\/de\/#\/schema\/logo\/image\/","url":"","contentUrl":"","caption":"\u5ddd\u5d0e\u91cd\u5de5\u696d\u30ed\u30dc\u30c3\u30c8\u30c7\u30a3\u30d3\u30b8\u30e7\u30f3"},"image":{"@id":"https:\/\/kawasakirobotics.com\/de\/#\/schema\/logo\/image\/"}}]}},"_links":{"self":[{"href":"https:\/\/kawasakirobotics.com\/de\/wp-json\/wp\/v2\/pages\/42","targetHints":{"allow":["GET"]}}],"collection":[{"href":"https:\/\/kawasakirobotics.com\/de\/wp-json\/wp\/v2\/pages"}],"about":[{"href":"https:\/\/kawasakirobotics.com\/de\/wp-json\/wp\/v2\/types\/page"}],"author":[{"embeddable":true,"href":"https:\/\/kawasakirobotics.com\/de\/wp-json\/wp\/v2\/users\/14"}],"replies":[{"embeddable":true,"href":"https:\/\/kawasakirobotics.com\/de\/wp-json\/wp\/v2\/comments?post=42"}],"version-history":[{"count":7,"href":"https:\/\/kawasakirobotics.com\/de\/wp-json\/wp\/v2\/pages\/42\/revisions"}],"predecessor-version":[{"id":6287,"href":"https:\/\/kawasakirobotics.com\/de\/wp-json\/wp\/v2\/pages\/42\/revisions\/6287"}],"up":[{"embeddable":true,"href":"https:\/\/kawasakirobotics.com\/de\/wp-json\/wp\/v2\/pages\/30"}],"wp:attachment":[{"href":"https:\/\/kawasakirobotics.com\/de\/wp-json\/wp\/v2\/media?parent=42"}],"curies":[{"name":"wp","href":"https:\/\/api.w.org\/{rel}","templated":true}]}}