{"id":46,"date":"2022-01-19T17:51:05","date_gmt":"2022-01-19T08:51:05","guid":{"rendered":"urn:uuid:a1e684ea-0342-4e49-aac2-5eacae26a342"},"modified":"2022-04-06T08:33:18","modified_gmt":"2022-04-06T07:33:18","slug":"sitemap","status":"publish","type":"page","link":"https:\/\/kawasakirobotics.com\/de\/sitemap\/","title":{"rendered":"Site Map"},"content":{"rendered":"\n<div class=\"wp-block-columns alignwide is-layout-flex wp-container-core-columns-is-layout-28f84493 wp-block-columns-is-layout-flex\">\n<div class=\"wp-block-column is-layout-flow wp-block-column-is-layout-flow\">\n<h4 class=\"wp-block-heading\">Produkte<\/h4>\n\n\n\n<ul class=\"wp-block-list\" id=\"menu-header-hamburger-menu-product\"><li><a href=\"https:\/\/kawasakirobotics.com\/de\/products\/\">Suche nach Produkten<\/a><\/li><li><a href=\"https:\/\/kawasakirobotics.com\/de\/products-robots\/\">Robots<\/a><\/li><li><a href=\"https:\/\/kawasakirobotics.com\/de\/products-controllers\/\">Controllers<\/a><\/li><li><a href=\"https:\/\/kawasakirobotics.com\/de\/products-others\/\">Other Products<\/a><\/li><li><a href=\"https:\/\/kawasakirobotics.com\/de\/products\/k-addon\/\">K-AddOn Produkte f\u00fcr Kawasaki Roboter<\/a><\/li><\/ul>\n<\/div>\n\n\n\n<div class=\"wp-block-column is-layout-flow wp-block-column-is-layout-flow\">\n<h4 class=\"wp-block-heading\">Roboternabe<\/h4>\n\n\n\n<ul class=\"wp-block-list\" id=\"menu-header-hamburger-menu-robot-hub\"><li><a href=\"https:\/\/kawasakirobotics.com\/de\/why-kawasaki-robotics\/\"><\/a><a href=\"https:\/\/kawasakirobotics.com\/de\/why-kawasaki-robotics\/\">WARUM KAWASAKI ROBOTICS?<\/a><\/li><li><a href=\"https:\/\/kawasakirobotics.com\/de\/why-kawasaki-robotics\/\"><\/a><a href=\"https:\/\/kawasakirobotics.com\/de\/robot-automation-faqs\/\">FAQs: Roboter und Automatisierung<\/a><\/li><li><a href=\"https:\/\/kawasakirobotics.com\/de\/why-kawasaki-robotics\/\"><\/a><a href=\"https:\/\/kawasakirobotics.com\/de\/getting-started\/\">So legen Sie los<\/a><\/li><li><a href=\"https:\/\/kawasakirobotics.com\/de\/why-kawasaki-robotics\/\"><\/a><a href=\"https:\/\/kawasakirobotics.com\/de\/case-studies\/\">Anwenderberichte<\/a><\/li><li><a href=\"https:\/\/kawasakirobotics.com\/de\/why-kawasaki-robotics\/\"><\/a><a href=\"https:\/\/kawasakirobotics.com\/de\/blog\/\">Blog<\/a><\/li><li><a href=\"https:\/\/kawasakirobotics.com\/de\/why-kawasaki-robotics\/\"><\/a><a href=\"https:\/\/kawasakirobotics.com\/de\/news\/\">Nachrichten<\/a><\/li><\/ul>\n<\/div>\n\n\n\n<div class=\"wp-block-column is-layout-flow wp-block-column-is-layout-flow\">\n<h4 class=\"wp-block-heading\">Partners<\/h4>\n\n\n\n<ul class=\"wp-block-list\" id=\"menu-header-hamburger-menu-partners\"><li><a href=\"https:\/\/kawasakirobotics.com\/de\/partner\/\">Partners<\/a><\/li><li><a href=\"https:\/\/kawasakirobotics.com\/de\/k-addon-partners\/\">K-AddOn Partner<\/a><\/li><\/ul>\n<\/div>\n<\/div>\n\n\n\n<div class=\"wp-block-columns alignwide is-layout-flex wp-container-core-columns-is-layout-28f84493 wp-block-columns-is-layout-flex\">\n<div class=\"wp-block-column is-layout-flow wp-block-column-is-layout-flow\">\n<h4 class=\"wp-block-heading\">Kundenerfahrung<\/h4>\n\n\n\n<ul class=\"wp-block-list\" id=\"menu-header-hamburger-menu-customer-experience\"><li><a href=\"https:\/\/kawasakirobotics.com\/de\/customer-experience\/\"><a href=\"https:\/\/kawasakirobotics.com\/de\/customer-experience\/\">KUNDENDIENST<\/a><\/a><\/li><li><a href=\"https:\/\/kawasakirobotics.com\/de\/customer-experience\/\"><a href=\"https:\/\/kawasakirobotics.com\/de\/customer-experience\/service-support\/\">Service &amp; Support<\/a><\/a><\/li><li><a href=\"https:\/\/kawasakirobotics.com\/de\/customer-experience\/\"><a href=\"https:\/\/kawasakirobotics.com\/de\/customer-experience\/training\/\">ACADEMY<\/a><\/a><\/li><li><a href=\"https:\/\/kawasakirobotics.com\/de\/customer-experience\/\"><a href=\"https:\/\/kawasakirobotics.com\/de\/customer-experience\/exculsive-resources\/\">Exklusiver Zugang<\/a><\/a><\/li><\/ul>\n<\/div>\n\n\n\n<div class=\"wp-block-column is-layout-flow wp-block-column-is-layout-flow\">\n<h4 class=\"wp-block-heading\">Unternehmens\u00fcberblick<\/h4>\n\n\n\n<ul class=\"wp-block-list\" id=\"menu-header-hamburger-menu-about\"><li><a href=\"https:\/\/kawasakirobotics.com\/de\/company\/\"><a href=\"https:\/\/kawasakirobotics.com\/de\/company\/\">\u00dcber uns<\/a><\/a><\/li><li><a href=\"https:\/\/kawasakirobotics.com\/de\/company\/\"><a href=\"https:\/\/kawasakirobotics.com\/de\/company\/robotics-division\/\">\u00dcber unsere Roboterdivision<\/a><\/a><\/li><li><a href=\"https:\/\/kawasakirobotics.com\/de\/company\/\"><a href=\"https:\/\/kawasakirobotics.com\/de\/company\/history\/\">Historie der Roboter von Kawasaki<\/a><\/a><\/li><li><a href=\"https:\/\/kawasakirobotics.com\/de\/company\/\"><a href=\"https:\/\/kawasakirobotics.com\/de\/company\/careers\/\">Kawasaki Robotics GmbH, Karriere<\/a><\/a><\/li><li><a href=\"https:\/\/kawasakirobotics.com\/de\/company\/\"><a href=\"https:\/\/kawasakirobotics.com\/de\/company\/locations\/\">Standorte<\/a><\/a><\/li><li><a href=\"https:\/\/kawasakirobotics.com\/de\/company\/\"><a href=\"https:\/\/kawasakirobotics.com\/de\/company\/overseas-affiliates\/\">Internationale Kawasaki Niederlassungen<\/a><\/a><\/li><li><a href=\"https:\/\/kawasakirobotics.com\/de\/company\/\"><a href=\"https:\/\/kawasakirobotics.com\/de\/company\/about-us\/\">Kawasaki Heavy Industries ltd.<\/a><\/a><\/li><li><a href=\"https:\/\/kawasakirobotics.com\/de\/company\/\"><a href=\"https:\/\/kawasakirobotics.com\/de\/company\/iso\/\">ISO-Zertifizierung<\/a><\/a><\/li><\/ul>\n<\/div>\n\n\n\n<div class=\"wp-block-column is-layout-flow wp-block-column-is-layout-flow\">\n<h4 class=\"wp-block-heading\">Kontakt<\/h4>\n\n\n\n<ul class=\"wp-block-list\" id=\"menu-header-hamburger-menu-contact\"><li><a href=\"https:\/\/kawasakirobotics.com\/de\/inquiry\/\">Kontakt<\/a><\/li><li><a target=\"_blank\" rel=\"noreferrer noopener\" href=\"https:\/\/kawasaki-corporate.spiral-site.com\/ind_robot_de?_gl=1*gxep80*_ga*NTMwMjUzNTUwLjE2NDA2NDQ5Mzg.*_ga_GRRCX7N19P*MTY0NTU3OTMyMC4xNzguMS4xNjQ1NTgwNTU0LjA.&amp;_ifbs-ind_robot_de=s1_Step1\">Beratung zur Implementierung von Robotern<\/a><\/li><li><a target=\"_blank\" rel=\"noreferrer noopener\" href=\"https:\/\/kawasaki-corporate.spiral-site.com\/K_AddOn_asia?_gl=1*rxc6ev*_ga*NTMwMjUzNTUwLjE2NDA2NDQ5Mzg.*_ga_GRRCX7N19P*MTY0NTU3OTMyMC4xNzguMS4xNjQ1NTgwNTcxLjA.&amp;_ifbs-K_AddOn_EN=s1_Step1\">Fragen zu K-AddOn Produkten<\/a><\/li><\/ul>\n<\/div>\n<\/div>\n\n\n\n<p><\/p>\n","protected":false},"excerpt":{"rendered":"<p>Produkte Suche nach Produkten Robots Controllers Other Products K-AddOn Produkte f\u00fcr Kawasaki Roboter Roboternabe WARUM KAWASAKI ROBOTICS? FAQs: Roboter und Automatisierung So legen Sie los Anwenderberichte Blog Nachrichten Partners Partners K-AddOn Partner Kundenerfahrung KUNDENDIENST Service &amp; Support ACADEMY Exklusiver Zugang Unternehmens\u00fcberblick \u00dcber uns \u00dcber unsere Roboterdivision Historie der Roboter von Kawasaki Kawasaki Robotics GmbH, Karriere Standorte Internationale Kawasaki Niederlassungen Kawasaki Heavy Industries ltd. ISO-Zertifizierung Kontakt Kontakt Beratung zur Implementierung von Robotern Fragen zu K-AddOn Produkten<\/p>\n","protected":false},"author":3,"featured_media":0,"parent":0,"menu_order":12,"comment_status":"closed","ping_status":"closed","template":"","meta":{"ep_exclude_from_search":false,"footnotes":""},"class_list":["post-46","page","type-page","status-publish","hentry"],"yoast_head":"<!-- This site is optimized with the Yoast SEO plugin v25.9 - https:\/\/yoast.com\/wordpress\/plugins\/seo\/ -->\n<title>Site Map | Industrieroboter von Kawasaki Robotics<\/title>\n<meta name=\"description\" content=\"Kawasaki Heavy Industries | Site Map\" \/>\n<meta name=\"robots\" content=\"index, follow, max-snippet:-1, max-image-preview:large, max-video-preview:-1\" \/>\n<link rel=\"canonical\" href=\"https:\/\/kawasakirobotics.com\/de\/sitemap\/\" \/>\n<meta property=\"og:locale\" content=\"de_DE\" \/>\n<meta property=\"og:type\" content=\"article\" \/>\n<meta property=\"og:title\" content=\"Site Map | Industrieroboter von Kawasaki Robotics\" \/>\n<meta property=\"og:description\" content=\"Kawasaki Heavy Industries | Site Map\" \/>\n<meta property=\"og:url\" content=\"https:\/\/kawasakirobotics.com\/de\/sitemap\/\" \/>\n<meta property=\"og:site_name\" content=\"Kawasaki Robotics\" \/>\n<meta property=\"article:modified_time\" content=\"2022-04-06T07:33:18+00:00\" \/>\n<meta property=\"og:image\" content=\"https:\/\/kawasakirobotics.com\/content\/themes\/krobot-theme\/src\/images\/default\/ogp.jpg\" \/>\n\t<meta property=\"og:image:width\" content=\"1200\" \/>\n\t<meta property=\"og:image:height\" content=\"630\" \/>\n\t<meta property=\"og:image:type\" content=\"image\/jpeg\" \/>\n<meta name=\"twitter:card\" content=\"summary_large_image\" \/>\n<script type=\"application\/ld+json\" class=\"yoast-schema-graph\">{\"@context\":\"https:\/\/schema.org\",\"@graph\":[{\"@type\":\"WebPage\",\"@id\":\"https:\/\/kawasakirobotics.com\/de\/sitemap\/\",\"url\":\"https:\/\/kawasakirobotics.com\/de\/sitemap\/\",\"name\":\"Site Map | Industrieroboter von Kawasaki Robotics\",\"isPartOf\":{\"@id\":\"https:\/\/kawasakirobotics.com\/de\/#website\"},\"datePublished\":\"2022-01-19T08:51:05+00:00\",\"dateModified\":\"2022-04-06T07:33:18+00:00\",\"description\":\"Kawasaki Heavy Industries | Site Map\",\"breadcrumb\":{\"@id\":\"https:\/\/kawasakirobotics.com\/de\/sitemap\/#breadcrumb\"},\"inLanguage\":\"de\",\"potentialAction\":[{\"@type\":\"ReadAction\",\"target\":[\"https:\/\/kawasakirobotics.com\/de\/sitemap\/\"]}]},{\"@type\":\"BreadcrumbList\",\"@id\":\"https:\/\/kawasakirobotics.com\/de\/sitemap\/#breadcrumb\",\"itemListElement\":[{\"@type\":\"ListItem\",\"position\":1,\"name\":\"Home\",\"item\":\"https:\/\/kawasakirobotics.com\/de\/\"},{\"@type\":\"ListItem\",\"position\":2,\"name\":\"Site Map\"}]},{\"@type\":\"WebSite\",\"@id\":\"https:\/\/kawasakirobotics.com\/de\/#website\",\"url\":\"https:\/\/kawasakirobotics.com\/de\/\",\"name\":\"Kawasaki Robotics\",\"description\":\"\",\"publisher\":{\"@id\":\"https:\/\/kawasakirobotics.com\/de\/#organization\"},\"potentialAction\":[{\"@type\":\"SearchAction\",\"target\":{\"@type\":\"EntryPoint\",\"urlTemplate\":\"https:\/\/kawasakirobotics.com\/de\/?s={search_term_string}\"},\"query-input\":{\"@type\":\"PropertyValueSpecification\",\"valueRequired\":true,\"valueName\":\"search_term_string\"}}],\"inLanguage\":\"de\"},{\"@type\":\"Organization\",\"@id\":\"https:\/\/kawasakirobotics.com\/de\/#organization\",\"name\":\"\u5ddd\u5d0e\u91cd\u5de5\u696d\u30ed\u30dc\u30c3\u30c8\u30c7\u30a3\u30d3\u30b8\u30e7\u30f3\",\"url\":\"https:\/\/kawasakirobotics.com\/de\/\",\"logo\":{\"@type\":\"ImageObject\",\"inLanguage\":\"de\",\"@id\":\"https:\/\/kawasakirobotics.com\/de\/#\/schema\/logo\/image\/\",\"url\":\"\",\"contentUrl\":\"\",\"caption\":\"\u5ddd\u5d0e\u91cd\u5de5\u696d\u30ed\u30dc\u30c3\u30c8\u30c7\u30a3\u30d3\u30b8\u30e7\u30f3\"},\"image\":{\"@id\":\"https:\/\/kawasakirobotics.com\/de\/#\/schema\/logo\/image\/\"}}]}<\/script>\n<!-- \/ Yoast SEO plugin. -->","yoast_head_json":{"title":"Site Map | Industrieroboter von Kawasaki Robotics","description":"Kawasaki Heavy Industries | Site Map","robots":{"index":"index","follow":"follow","max-snippet":"max-snippet:-1","max-image-preview":"max-image-preview:large","max-video-preview":"max-video-preview:-1"},"canonical":"https:\/\/kawasakirobotics.com\/de\/sitemap\/","og_locale":"de_DE","og_type":"article","og_title":"Site Map | Industrieroboter von Kawasaki Robotics","og_description":"Kawasaki Heavy Industries | Site Map","og_url":"https:\/\/kawasakirobotics.com\/de\/sitemap\/","og_site_name":"Kawasaki Robotics","article_modified_time":"2022-04-06T07:33:18+00:00","og_image":[{"url":"https:\/\/kawasakirobotics.com\/content\/themes\/krobot-theme\/src\/images\/default\/ogp.jpg","width":"1200","height":"630","type":"image\/jpeg"}],"twitter_card":"summary_large_image","schema":{"@context":"https:\/\/schema.org","@graph":[{"@type":"WebPage","@id":"https:\/\/kawasakirobotics.com\/de\/sitemap\/","url":"https:\/\/kawasakirobotics.com\/de\/sitemap\/","name":"Site Map | Industrieroboter von Kawasaki Robotics","isPartOf":{"@id":"https:\/\/kawasakirobotics.com\/de\/#website"},"datePublished":"2022-01-19T08:51:05+00:00","dateModified":"2022-04-06T07:33:18+00:00","description":"Kawasaki Heavy Industries | Site Map","breadcrumb":{"@id":"https:\/\/kawasakirobotics.com\/de\/sitemap\/#breadcrumb"},"inLanguage":"de","potentialAction":[{"@type":"ReadAction","target":["https:\/\/kawasakirobotics.com\/de\/sitemap\/"]}]},{"@type":"BreadcrumbList","@id":"https:\/\/kawasakirobotics.com\/de\/sitemap\/#breadcrumb","itemListElement":[{"@type":"ListItem","position":1,"name":"Home","item":"https:\/\/kawasakirobotics.com\/de\/"},{"@type":"ListItem","position":2,"name":"Site Map"}]},{"@type":"WebSite","@id":"https:\/\/kawasakirobotics.com\/de\/#website","url":"https:\/\/kawasakirobotics.com\/de\/","name":"Kawasaki Robotics","description":"","publisher":{"@id":"https:\/\/kawasakirobotics.com\/de\/#organization"},"potentialAction":[{"@type":"SearchAction","target":{"@type":"EntryPoint","urlTemplate":"https:\/\/kawasakirobotics.com\/de\/?s={search_term_string}"},"query-input":{"@type":"PropertyValueSpecification","valueRequired":true,"valueName":"search_term_string"}}],"inLanguage":"de"},{"@type":"Organization","@id":"https:\/\/kawasakirobotics.com\/de\/#organization","name":"\u5ddd\u5d0e\u91cd\u5de5\u696d\u30ed\u30dc\u30c3\u30c8\u30c7\u30a3\u30d3\u30b8\u30e7\u30f3","url":"https:\/\/kawasakirobotics.com\/de\/","logo":{"@type":"ImageObject","inLanguage":"de","@id":"https:\/\/kawasakirobotics.com\/de\/#\/schema\/logo\/image\/","url":"","contentUrl":"","caption":"\u5ddd\u5d0e\u91cd\u5de5\u696d\u30ed\u30dc\u30c3\u30c8\u30c7\u30a3\u30d3\u30b8\u30e7\u30f3"},"image":{"@id":"https:\/\/kawasakirobotics.com\/de\/#\/schema\/logo\/image\/"}}]}},"_links":{"self":[{"href":"https:\/\/kawasakirobotics.com\/de\/wp-json\/wp\/v2\/pages\/46","targetHints":{"allow":["GET"]}}],"collection":[{"href":"https:\/\/kawasakirobotics.com\/de\/wp-json\/wp\/v2\/pages"}],"about":[{"href":"https:\/\/kawasakirobotics.com\/de\/wp-json\/wp\/v2\/types\/page"}],"author":[{"embeddable":true,"href":"https:\/\/kawasakirobotics.com\/de\/wp-json\/wp\/v2\/users\/3"}],"replies":[{"embeddable":true,"href":"https:\/\/kawasakirobotics.com\/de\/wp-json\/wp\/v2\/comments?post=46"}],"version-history":[{"count":7,"href":"https:\/\/kawasakirobotics.com\/de\/wp-json\/wp\/v2\/pages\/46\/revisions"}],"predecessor-version":[{"id":5461,"href":"https:\/\/kawasakirobotics.com\/de\/wp-json\/wp\/v2\/pages\/46\/revisions\/5461"}],"wp:attachment":[{"href":"https:\/\/kawasakirobotics.com\/de\/wp-json\/wp\/v2\/media?parent=46"}],"curies":[{"name":"wp","href":"https:\/\/api.w.org\/{rel}","templated":true}]}}