{"id":4740,"date":"2022-02-26T08:45:11","date_gmt":"2022-02-26T07:45:11","guid":{"rendered":"urn:uuid:bb33456c-06c7-4581-a271-4843116a669d"},"modified":"2023-03-16T13:26:06","modified_gmt":"2023-03-16T12:26:06","slug":"k-pall","status":"publish","type":"page","link":"https:\/\/kawasakirobotics.com\/de\/k-pall\/","title":{"rendered":"K-PALL"},"content":{"rendered":"\n<h2 class=\"wp-block-heading\">K-PALL: Die kompakte Palettierzelle von Kawasaki<\/h2>\n\n\n\n<div class=\"wp-block-media-text alignwide is-stacked-on-mobile\"><figure class=\"wp-block-media-text__media\"><img loading=\"lazy\" width=\"826\" height=\"195\" decoding=\"async\" src=\"https:\/\/kawasakirobotics.com\/tachyon\/sites\/9\/2023\/03\/Simply-unique-1.png\" alt=\"\" class=\"wp-image-5851 size-full\" srcset=\"https:\/\/kawasakirobotics.com\/tachyon\/sites\/9\/2023\/03\/Simply-unique-1.png?resize=826%2C195&amp;zoom=1 826w, https:\/\/kawasakirobotics.com\/tachyon\/sites\/9\/2023\/03\/Simply-unique-1.png?resize=826%2C195&amp;zoom=0.5 413w, https:\/\/kawasakirobotics.com\/tachyon\/sites\/9\/2023\/03\/Simply-unique-1.png?resize=826%2C195&amp;zoom=0.25 207w\" sizes=\"auto, (max-width: 826px) 100vw, 826px\" \/><\/figure><div class=\"wp-block-media-text__content\">\n<p class=\"has-large-font-size\">Erleben Sie K-PALL pers\u00f6nlich auf der<strong> Interpack 2023 in D\u00fcsseldorf<\/strong> (Halle 6, Stand A66). Mehr Informationen und Ihr <strong>kostenloses Ticket <\/strong>erhalten Sie <a href=\"https:\/\/kawasakirobotics.com\/de\/interpack2023\/\"><strong>hier<\/strong><\/a>!<\/p>\n<\/div><\/div>\n\n\n\n<figure class=\"wp-block-embed is-type-video is-provider-youtube wp-block-embed-youtube wp-embed-aspect-16-9 wp-has-aspect-ratio\"><div class=\"wp-block-embed__wrapper\">\n<iframe loading=\"lazy\" title=\"Introducing K-PALL by Kawasaki Robotics\" width=\"900\" height=\"506\" src=\"https:\/\/www.youtube.com\/embed\/vaKKaudsuFo?feature=oembed\" frameborder=\"0\" allow=\"accelerometer; autoplay; clipboard-write; encrypted-media; gyroscope; picture-in-picture; web-share\" referrerpolicy=\"strict-origin-when-cross-origin\" allowfullscreen><\/iframe>\n<\/div><\/figure>\n\n\n\n<p class=\"has-light-gray-background-color has-background\"><strong>Ab  sofort  verf\u00fcgbar!<\/strong><\/p>\n\n\n\n<h4 class=\"wp-block-heading\"><strong>Automatisieren war nie einfacher:<\/strong><\/h4>\n\n\n\n<p>Alles was Sie brauchen auf kleinstem Raum: K-PALL von Kawasaki Robotics ist mit ihrer extrem kompakten und leichten Bauweisen eine der kleinsten und gleichzeitig leistungsf\u00e4higsten Palettierzellen auf dem Markt. Moderne Technik, cleveres Design und intuitive Bedienung machen K-PALL zu Ihrem optimalen ersten Schritt in die Automatisierung Ihrer Palettieraufgaben.<\/p>\n\n\n\n<div class=\"wp-block-image\"><figure class=\"aligncenter size-full\"><img loading=\"lazy\" width=\"738\" height=\"493\" decoding=\"async\" src=\"https:\/\/kawasakirobotics.com\/tachyon\/sites\/9\/2022\/02\/K-PALL-Flyer-GER-Digital.jpeg\" alt=\"K-PALL03\" class=\"wp-image-4741\" srcset=\"https:\/\/kawasakirobotics.com\/tachyon\/sites\/9\/2022\/02\/K-PALL-Flyer-GER-Digital.jpeg?resize=738%2C493&amp;zoom=1 738w, https:\/\/kawasakirobotics.com\/tachyon\/sites\/9\/2022\/02\/K-PALL-Flyer-GER-Digital.jpeg?resize=738%2C493&amp;zoom=0.5 369w, https:\/\/kawasakirobotics.com\/tachyon\/sites\/9\/2022\/02\/K-PALL-Flyer-GER-Digital.jpeg?resize=738%2C493&amp;zoom=0.25 185w\" sizes=\"auto, (max-width: 738px) 100vw, 738px\" \/><\/figure><\/div>\n\n\n\n<ul class=\"wp-block-list\"><li><strong>Plug &amp; Play und Ready-to-use:<\/strong><br>Unsere Zelle l\u00e4sst sich leicht transportieren und in Betrieb nehmen \u2013 so profitieren Sie von maximaler Flexibilit\u00e4t!<\/li><li><strong>Leicht zu integrieren:<\/strong><br>Die Stand-alone L\u00f6sung ist kompatibel mit einer Vielzahl von Systemen und kann mit geringem Planungsaufwand problemlos auch in bestehende Produktionsanlagen eingebunden werden.<\/li><li><strong>Geschwindigkeit z\u00e4hlt:<\/strong><br>K-PALL bietet nicht nur extrem schnelle Taktzeiten und ist in k\u00fcrzester Zeit lieferbar, sondern ist mit nur geringem Zeitaufwand erlern- und bedienbar!<\/li><li><strong>Maximale Leistung dank High-End Robotik:<\/strong><br>Ein Kawasaki Palettierroboter der bew\u00e4hrten R-Serie sorgt im Kern der K-PALL Zelle f\u00fcr die n\u00f6tige Leistung, Geschwindigkeit und Pr\u00e4zision.<\/li><\/ul>\n\n\n\n<h4 class=\"wp-block-heading\"><strong>Die Features im \u00dcberblick \u2013 so einfach ist das Palettieren mit K-PALL:<\/strong><\/h4>\n\n\n\n<div class=\"wp-block-image\"><figure class=\"aligncenter size-full\"><img loading=\"lazy\" width=\"662\" height=\"415\" decoding=\"async\" src=\"https:\/\/kawasakirobotics.com\/tachyon\/sites\/9\/2022\/02\/2K-PALL-Flyer-GER-Digital.jpeg\" alt=\"K-PALL01\" class=\"wp-image-4742\" srcset=\"https:\/\/kawasakirobotics.com\/tachyon\/sites\/9\/2022\/02\/2K-PALL-Flyer-GER-Digital.jpeg?resize=662%2C415&amp;zoom=1 662w, https:\/\/kawasakirobotics.com\/tachyon\/sites\/9\/2022\/02\/2K-PALL-Flyer-GER-Digital.jpeg?resize=662%2C415&amp;zoom=0.5 331w, https:\/\/kawasakirobotics.com\/tachyon\/sites\/9\/2022\/02\/2K-PALL-Flyer-GER-Digital.jpeg?resize=662%2C415&amp;zoom=0.25 166w\" sizes=\"auto, (max-width: 662px) 100vw, 662px\" \/><\/figure><\/div>\n\n\n\n<ul class=\"wp-block-list\"><li><strong>Einfach ausw\u00e4hlen und loslegen:<\/strong><br>Unsere K-PALL Control Software mit vordefinierten Packmustern macht es m\u00f6glich.<\/li><li><strong>Volle Flexibilit\u00e4t:<\/strong><br>Mit der vorinstallierten Software Multipack k\u00f6nnen einfach neue und optimale Packmuster erstellen.<\/li><li>&nbsp;<strong>Intuitiv und \u00fcbersichtlich:<\/strong><br>Einfache Bedienung \u00fcber das gro\u00dfe Touchscreen Display<\/li><li><strong>Minimaler Aufwand:<\/strong><br>Mit der digitalen Inbetriebnahme via E-Learning ist die Einrichtung in k\u00fcrzester Zeit abgeschlossen.&nbsp;<\/li><li><strong>Schneller Support:<\/strong><br>Die systemunterst\u00fctzte Fehlerbehebung sorgt bei Problemen f\u00fcr direkte und pr\u00e4zise Hilfe.&nbsp;<\/li><li><strong>Vorausschauende Wartung:<\/strong><br>Durch die Echtzeit\u00fcberwachung des Maschinenzustandes k\u00f6nnen wir Ausfallzeiten auf ein absolutes Minimum reduzieren.<\/li><\/ul>\n\n\n\n<div class=\"wp-block-group has-light-gray-background-color has-background is-layout-flow wp-block-group-is-layout-flow\">\n<h4 class=\"has-text-align-center wp-block-heading\">Erfahren Sie mehr: K-PALL im \u00dcberblick<\/h4>\n\n\n\n<div class=\"wp-block-buttons is-horizontal is-content-justification-center is-layout-flex wp-container-core-buttons-is-layout-03627597 wp-block-buttons-is-layout-flex\">\n<div class=\"wp-block-button\"><a class=\"wp-block-button__link\" href=\"https:\/\/kawasakirobotics.com\/uploads\/sites\/9\/2022\/03\/K-PALL-Flyer-Kawasaki-Robotics-2021-GER-1.pdf\" target=\"_blank\" rel=\"noreferrer noopener\">Download Brosch\u00fcre<\/a><\/div>\n<\/div>\n<\/div>\n\n\n\n<div class=\"wp-block-media-text is-stacked-on-mobile\" style=\"grid-template-columns:25% auto\"><figure class=\"wp-block-media-text__media\"><img loading=\"lazy\" width=\"300\" height=\"300\" decoding=\"async\" src=\"https:\/\/kawasakirobotics.com\/tachyon\/sites\/9\/2022\/03\/A1180962-300x300-1.jpg\" alt=\"\" class=\"wp-image-5185 size-full\" srcset=\"https:\/\/kawasakirobotics.com\/tachyon\/sites\/9\/2022\/03\/A1180962-300x300-1.jpg?resize=300%2C300&amp;zoom=1 300w, https:\/\/kawasakirobotics.com\/tachyon\/sites\/9\/2022\/03\/A1180962-300x300-1.jpg?resize=300%2C300&amp;zoom=0.5 150w, https:\/\/kawasakirobotics.com\/tachyon\/sites\/9\/2022\/03\/A1180962-300x300-1.jpg?resize=300%2C300&amp;zoom=0.25 75w\" sizes=\"auto, (max-width: 300px) 100vw, 300px\" \/><\/figure><div class=\"wp-block-media-text__content\">\n<h4 class=\"wp-block-heading\">Sprechen Sie uns an!<\/h4>\n\n\n\n<p>Andreas Bettenbrock<br><a href=\"mailto:k-pall@kawasakirobotics.de\">K-PALL@kawasakirobotics.de<\/a><br><\/p>\n<\/div><\/div>\n","protected":false},"excerpt":{"rendered":"<p>K-PALL: Die kompakte Palettierzelle von Kawasaki Erleben Sie K-PALL pers\u00f6nlich auf der Interpack 2023 in D\u00fcsseldorf (Halle 6, Stand A66). Mehr Informationen und Ihr kostenloses Ticket erhalten Sie hier! Ab sofort verf\u00fcgbar! Automatisieren war nie einfacher: Alles was Sie brauchen auf kleinstem Raum: K-PALL von Kawasaki Robotics ist mit ihrer extrem kompakten und leichten Bauweisen eine der kleinsten und gleichzeitig leistungsf\u00e4higsten Palettierzellen auf dem Markt. Moderne Technik, cleveres Design und intuitive Bedienung machen K-PALL zu Ihrem optimalen ersten Schritt in die Automatisierung Ihrer Palettieraufgaben. Plug &amp; Play und Ready-to-use:Unsere Zelle l\u00e4sst sich leicht transportieren und in Betrieb nehmen \u2013 so profitieren Sie von maximaler Flexibilit\u00e4t! Leicht zu integrieren:Die Stand-alone L\u00f6sung [&hellip;]<\/p>\n","protected":false},"author":9,"featured_media":0,"parent":0,"menu_order":15,"comment_status":"closed","ping_status":"closed","template":"","meta":{"ep_exclude_from_search":false,"footnotes":""},"class_list":["post-4740","page","type-page","status-publish","hentry"],"yoast_head":"<!-- This site is optimized with the Yoast SEO plugin v25.9 - https:\/\/yoast.com\/wordpress\/plugins\/seo\/ -->\n<title>K-PALL | Industrieroboter von Kawasaki Robotics<\/title>\n<meta name=\"description\" content=\"Kawasaki Heavy Industries | K-PALL\" \/>\n<meta name=\"robots\" content=\"index, follow, max-snippet:-1, max-image-preview:large, max-video-preview:-1\" \/>\n<link rel=\"canonical\" href=\"https:\/\/kawasakirobotics.com\/de\/k-pall\/\" \/>\n<meta property=\"og:locale\" content=\"de_DE\" \/>\n<meta property=\"og:type\" content=\"article\" \/>\n<meta property=\"og:title\" content=\"K-PALL | Industrieroboter von Kawasaki Robotics\" \/>\n<meta property=\"og:description\" content=\"Kawasaki Heavy Industries | K-PALL\" \/>\n<meta property=\"og:url\" content=\"https:\/\/kawasakirobotics.com\/de\/k-pall\/\" \/>\n<meta property=\"og:site_name\" content=\"Kawasaki Robotics\" \/>\n<meta property=\"article:modified_time\" content=\"2023-03-16T12:26:06+00:00\" \/>\n<meta property=\"og:image\" content=\"https:\/\/kawasakirobotics.com\/content\/themes\/krobot-theme\/src\/images\/default\/ogp.jpg\" \/>\n\t<meta property=\"og:image:width\" content=\"1200\" \/>\n\t<meta property=\"og:image:height\" content=\"630\" \/>\n\t<meta property=\"og:image:type\" content=\"image\/jpeg\" \/>\n<meta name=\"twitter:card\" content=\"summary_large_image\" \/>\n<script type=\"application\/ld+json\" class=\"yoast-schema-graph\">{\"@context\":\"https:\/\/schema.org\",\"@graph\":[{\"@type\":\"WebPage\",\"@id\":\"https:\/\/kawasakirobotics.com\/de\/k-pall\/\",\"url\":\"https:\/\/kawasakirobotics.com\/de\/k-pall\/\",\"name\":\"K-PALL | Industrieroboter von Kawasaki Robotics\",\"isPartOf\":{\"@id\":\"https:\/\/kawasakirobotics.com\/de\/#website\"},\"primaryImageOfPage\":{\"@id\":\"https:\/\/kawasakirobotics.com\/de\/k-pall\/#primaryimage\"},\"image\":{\"@id\":\"https:\/\/kawasakirobotics.com\/de\/k-pall\/#primaryimage\"},\"thumbnailUrl\":\"https:\/\/kawasakirobotics.com\/tachyon\/sites\/9\/2023\/03\/Simply-unique-1.png\",\"datePublished\":\"2022-02-26T07:45:11+00:00\",\"dateModified\":\"2023-03-16T12:26:06+00:00\",\"description\":\"Kawasaki Heavy Industries | K-PALL\",\"breadcrumb\":{\"@id\":\"https:\/\/kawasakirobotics.com\/de\/k-pall\/#breadcrumb\"},\"inLanguage\":\"de\",\"potentialAction\":[{\"@type\":\"ReadAction\",\"target\":[\"https:\/\/kawasakirobotics.com\/de\/k-pall\/\"]}]},{\"@type\":\"ImageObject\",\"inLanguage\":\"de\",\"@id\":\"https:\/\/kawasakirobotics.com\/de\/k-pall\/#primaryimage\",\"url\":\"https:\/\/kawasakirobotics.com\/tachyon\/sites\/9\/2023\/03\/Simply-unique-1.png\",\"contentUrl\":\"https:\/\/kawasakirobotics.com\/tachyon\/sites\/9\/2023\/03\/Simply-unique-1.png\"},{\"@type\":\"BreadcrumbList\",\"@id\":\"https:\/\/kawasakirobotics.com\/de\/k-pall\/#breadcrumb\",\"itemListElement\":[{\"@type\":\"ListItem\",\"position\":1,\"name\":\"Home\",\"item\":\"https:\/\/kawasakirobotics.com\/de\/\"},{\"@type\":\"ListItem\",\"position\":2,\"name\":\"K-PALL\"}]},{\"@type\":\"WebSite\",\"@id\":\"https:\/\/kawasakirobotics.com\/de\/#website\",\"url\":\"https:\/\/kawasakirobotics.com\/de\/\",\"name\":\"Kawasaki Robotics\",\"description\":\"\",\"publisher\":{\"@id\":\"https:\/\/kawasakirobotics.com\/de\/#organization\"},\"potentialAction\":[{\"@type\":\"SearchAction\",\"target\":{\"@type\":\"EntryPoint\",\"urlTemplate\":\"https:\/\/kawasakirobotics.com\/de\/?s={search_term_string}\"},\"query-input\":{\"@type\":\"PropertyValueSpecification\",\"valueRequired\":true,\"valueName\":\"search_term_string\"}}],\"inLanguage\":\"de\"},{\"@type\":\"Organization\",\"@id\":\"https:\/\/kawasakirobotics.com\/de\/#organization\",\"name\":\"\u5ddd\u5d0e\u91cd\u5de5\u696d\u30ed\u30dc\u30c3\u30c8\u30c7\u30a3\u30d3\u30b8\u30e7\u30f3\",\"url\":\"https:\/\/kawasakirobotics.com\/de\/\",\"logo\":{\"@type\":\"ImageObject\",\"inLanguage\":\"de\",\"@id\":\"https:\/\/kawasakirobotics.com\/de\/#\/schema\/logo\/image\/\",\"url\":\"\",\"contentUrl\":\"\",\"caption\":\"\u5ddd\u5d0e\u91cd\u5de5\u696d\u30ed\u30dc\u30c3\u30c8\u30c7\u30a3\u30d3\u30b8\u30e7\u30f3\"},\"image\":{\"@id\":\"https:\/\/kawasakirobotics.com\/de\/#\/schema\/logo\/image\/\"}}]}<\/script>\n<!-- \/ Yoast SEO plugin. -->","yoast_head_json":{"title":"K-PALL | Industrieroboter von Kawasaki Robotics","description":"Kawasaki Heavy Industries | K-PALL","robots":{"index":"index","follow":"follow","max-snippet":"max-snippet:-1","max-image-preview":"max-image-preview:large","max-video-preview":"max-video-preview:-1"},"canonical":"https:\/\/kawasakirobotics.com\/de\/k-pall\/","og_locale":"de_DE","og_type":"article","og_title":"K-PALL | Industrieroboter von Kawasaki Robotics","og_description":"Kawasaki Heavy Industries | K-PALL","og_url":"https:\/\/kawasakirobotics.com\/de\/k-pall\/","og_site_name":"Kawasaki Robotics","article_modified_time":"2023-03-16T12:26:06+00:00","og_image":[{"url":"https:\/\/kawasakirobotics.com\/content\/themes\/krobot-theme\/src\/images\/default\/ogp.jpg","width":"1200","height":"630","type":"image\/jpeg"}],"twitter_card":"summary_large_image","schema":{"@context":"https:\/\/schema.org","@graph":[{"@type":"WebPage","@id":"https:\/\/kawasakirobotics.com\/de\/k-pall\/","url":"https:\/\/kawasakirobotics.com\/de\/k-pall\/","name":"K-PALL | Industrieroboter von Kawasaki Robotics","isPartOf":{"@id":"https:\/\/kawasakirobotics.com\/de\/#website"},"primaryImageOfPage":{"@id":"https:\/\/kawasakirobotics.com\/de\/k-pall\/#primaryimage"},"image":{"@id":"https:\/\/kawasakirobotics.com\/de\/k-pall\/#primaryimage"},"thumbnailUrl":"https:\/\/kawasakirobotics.com\/tachyon\/sites\/9\/2023\/03\/Simply-unique-1.png","datePublished":"2022-02-26T07:45:11+00:00","dateModified":"2023-03-16T12:26:06+00:00","description":"Kawasaki Heavy Industries | K-PALL","breadcrumb":{"@id":"https:\/\/kawasakirobotics.com\/de\/k-pall\/#breadcrumb"},"inLanguage":"de","potentialAction":[{"@type":"ReadAction","target":["https:\/\/kawasakirobotics.com\/de\/k-pall\/"]}]},{"@type":"ImageObject","inLanguage":"de","@id":"https:\/\/kawasakirobotics.com\/de\/k-pall\/#primaryimage","url":"https:\/\/kawasakirobotics.com\/tachyon\/sites\/9\/2023\/03\/Simply-unique-1.png","contentUrl":"https:\/\/kawasakirobotics.com\/tachyon\/sites\/9\/2023\/03\/Simply-unique-1.png"},{"@type":"BreadcrumbList","@id":"https:\/\/kawasakirobotics.com\/de\/k-pall\/#breadcrumb","itemListElement":[{"@type":"ListItem","position":1,"name":"Home","item":"https:\/\/kawasakirobotics.com\/de\/"},{"@type":"ListItem","position":2,"name":"K-PALL"}]},{"@type":"WebSite","@id":"https:\/\/kawasakirobotics.com\/de\/#website","url":"https:\/\/kawasakirobotics.com\/de\/","name":"Kawasaki Robotics","description":"","publisher":{"@id":"https:\/\/kawasakirobotics.com\/de\/#organization"},"potentialAction":[{"@type":"SearchAction","target":{"@type":"EntryPoint","urlTemplate":"https:\/\/kawasakirobotics.com\/de\/?s={search_term_string}"},"query-input":{"@type":"PropertyValueSpecification","valueRequired":true,"valueName":"search_term_string"}}],"inLanguage":"de"},{"@type":"Organization","@id":"https:\/\/kawasakirobotics.com\/de\/#organization","name":"\u5ddd\u5d0e\u91cd\u5de5\u696d\u30ed\u30dc\u30c3\u30c8\u30c7\u30a3\u30d3\u30b8\u30e7\u30f3","url":"https:\/\/kawasakirobotics.com\/de\/","logo":{"@type":"ImageObject","inLanguage":"de","@id":"https:\/\/kawasakirobotics.com\/de\/#\/schema\/logo\/image\/","url":"","contentUrl":"","caption":"\u5ddd\u5d0e\u91cd\u5de5\u696d\u30ed\u30dc\u30c3\u30c8\u30c7\u30a3\u30d3\u30b8\u30e7\u30f3"},"image":{"@id":"https:\/\/kawasakirobotics.com\/de\/#\/schema\/logo\/image\/"}}]}},"_links":{"self":[{"href":"https:\/\/kawasakirobotics.com\/de\/wp-json\/wp\/v2\/pages\/4740","targetHints":{"allow":["GET"]}}],"collection":[{"href":"https:\/\/kawasakirobotics.com\/de\/wp-json\/wp\/v2\/pages"}],"about":[{"href":"https:\/\/kawasakirobotics.com\/de\/wp-json\/wp\/v2\/types\/page"}],"author":[{"embeddable":true,"href":"https:\/\/kawasakirobotics.com\/de\/wp-json\/wp\/v2\/users\/9"}],"replies":[{"embeddable":true,"href":"https:\/\/kawasakirobotics.com\/de\/wp-json\/wp\/v2\/comments?post=4740"}],"version-history":[{"count":11,"href":"https:\/\/kawasakirobotics.com\/de\/wp-json\/wp\/v2\/pages\/4740\/revisions"}],"predecessor-version":[{"id":5852,"href":"https:\/\/kawasakirobotics.com\/de\/wp-json\/wp\/v2\/pages\/4740\/revisions\/5852"}],"wp:attachment":[{"href":"https:\/\/kawasakirobotics.com\/de\/wp-json\/wp\/v2\/media?parent=4740"}],"curies":[{"name":"wp","href":"https:\/\/api.w.org\/{rel}","templated":true}]}}