{"id":4744,"date":"2022-02-26T08:53:32","date_gmt":"2022-02-26T07:53:32","guid":{"rendered":"urn:uuid:28797751-e7e5-4204-86fc-4ad2f26fe761"},"modified":"2022-03-03T07:56:38","modified_gmt":"2022-03-03T06:56:38","slug":"k-virtual","status":"publish","type":"page","link":"https:\/\/kawasakirobotics.com\/de\/k-virtual\/","title":{"rendered":"K-Virtual"},"content":{"rendered":"\n<figure class=\"wp-block-embed aligncenter is-type-video is-provider-youtube wp-block-embed-youtube wp-embed-aspect-16-9 wp-has-aspect-ratio\"><div class=\"wp-block-embed__wrapper\">\n<iframe loading=\"lazy\" title=\"K-Virtual the 3D-Simulation Tool for Kawasaki Robots\" width=\"900\" height=\"506\" src=\"https:\/\/www.youtube.com\/embed\/hN77S2OpI-E?feature=oembed\" frameborder=\"0\" allow=\"accelerometer; autoplay; clipboard-write; encrypted-media; gyroscope; picture-in-picture\" allowfullscreen><\/iframe>\n<\/div><\/figure>\n\n\n\n<h2 class=\"wp-block-heading\"><strong>Intuitive 3D-Simulationsplattform<\/strong><\/h2>\n\n\n\n<p>Die Komplexit\u00e4t von Fertigungsprozessen und -l\u00f6sungen nimmt t\u00e4glich zu \u2013 unser Ziel ist es, sie einfacher zu gestalten und es Ihnen zu erm\u00f6glichen, sich auf Ihre Kernaufgaben zu konzentrieren. Basierend auf der bew\u00e4hrten FASTSUITE Technologie von CENIT erm\u00f6glicht K-Virtual die agile Entwicklung, Programmierung und Optimierung von komplexen Roboteranwendungen \u00fcber eine intuitive Plattform und einen digitalen Zwilling Ihres Systems.<\/p>\n\n\n\n<p><strong>Erh\u00e4ltlich in drei Editionen \u2013 perfekt f\u00fcr Ihre individuellen Bed\u00fcrfnisse. Mehr Informationen finden Sie auf der Liste.<\/strong><\/p>\n\n\n\n<div class=\"wp-block-columns has-light-gray-background-color has-background is-layout-flex wp-container-core-columns-is-layout-28f84493 wp-block-columns-is-layout-flex\">\n<div class=\"wp-block-column is-layout-flow wp-block-column-is-layout-flow\">\n<p class=\"has-text-align-center\">Editon 1: K-Virtual Basic<\/p>\n\n\n\n<div class=\"wp-block-buttons is-content-justification-center is-layout-flex wp-block-buttons-is-layout-flex\">\n<div class=\"wp-block-button\"><a class=\"wp-block-button__link\" href=\"https:\/\/youtu.be\/yWhfuBYrFDA\" target=\"_blank\" rel=\"noreferrer noopener\">Zum Video<\/a><\/div>\n<\/div>\n<\/div>\n\n\n\n<div class=\"wp-block-column is-layout-flow wp-block-column-is-layout-flow\">\n<p class=\"has-text-align-center\">Editon 2: K-Virtual OLP<\/p>\n\n\n\n<div class=\"wp-block-buttons is-content-justification-center is-layout-flex wp-block-buttons-is-layout-flex\">\n<div class=\"wp-block-button\"><a class=\"wp-block-button__link\" href=\"https:\/\/youtu.be\/ksMn1d4pGE4\" target=\"_blank\" rel=\"noreferrer noopener\">Zum Video<\/a><\/div>\n<\/div>\n<\/div>\n\n\n\n<div class=\"wp-block-column is-layout-flow wp-block-column-is-layout-flow\">\n<p class=\"has-text-align-center\">Editon 3: K-Virtual Expert<\/p>\n\n\n\n<div class=\"wp-block-buttons is-content-justification-center is-layout-flex wp-block-buttons-is-layout-flex\">\n<div class=\"wp-block-button\"><a class=\"wp-block-button__link\" href=\"https:\/\/youtu.be\/65ivUh0T160\" target=\"_blank\" rel=\"noreferrer noopener\">Zum Video<\/a><\/div>\n<\/div>\n<\/div>\n<\/div>\n\n\n\n<h2 class=\"wp-block-heading\">Ready for Industry 4.0<\/h2>\n\n\n\n<figure class=\"wp-block-image size-large\"><img loading=\"lazy\" width=\"900\" height=\"506\" decoding=\"async\" src=\"https:\/\/kawasakirobotics.com\/tachyon\/sites\/9\/2022\/02\/Scenario1-1024x576-1.jpeg?fit=900%2C576\" alt=\"K-Virtual01\" class=\"wp-image-4747\" srcset=\"https:\/\/kawasakirobotics.com\/tachyon\/sites\/9\/2022\/02\/Scenario1-1024x576-1.jpeg?fit=900%2C506&amp;zoom=1 900w, https:\/\/kawasakirobotics.com\/tachyon\/sites\/9\/2022\/02\/Scenario1-1024x576-1.jpeg?fit=900%2C506&amp;zoom=0.5 450w, https:\/\/kawasakirobotics.com\/tachyon\/sites\/9\/2022\/02\/Scenario1-1024x576-1.jpeg?fit=900%2C506&amp;zoom=0.25 225w\" sizes=\"auto, (max-width: 900px) 100vw, 900px\" \/><\/figure>\n\n\n\n<p>Industrie 4.0 erfordert neue Ans\u00e4tze und Konzepte. Virtuelle Fabriken und Anlagenmodelle m\u00fcssen die realen Produktionssysteme in jeder Hinsicht exakt abbilden. Mit K-Virtual bieten wir Ihnen das optimale Werkzeug f\u00fcr die Planung individueller Automatisierung. K-Virtual ist die neue Softwarel\u00f6sung f\u00fcr effizienten Anlagenbau, praxisnahe Robotersimulation und komfortable Offline-Programmierung von Kawasaki Robotern.<\/p>\n\n\n\n<h2 class=\"wp-block-heading\">Nutzen Sie das volle Potenzial Ihrer Kawasaki Roboter<\/h2>\n\n\n\n<figure class=\"wp-block-image size-large\"><img loading=\"lazy\" width=\"900\" height=\"506\" decoding=\"async\" src=\"https:\/\/kawasakirobotics.com\/tachyon\/sites\/9\/2022\/02\/Scenario4-1024x576-1.jpeg?fit=900%2C576\" alt=\"K-Virtual02\" class=\"wp-image-4748\" srcset=\"https:\/\/kawasakirobotics.com\/tachyon\/sites\/9\/2022\/02\/Scenario4-1024x576-1.jpeg?fit=900%2C506&amp;zoom=1 900w, https:\/\/kawasakirobotics.com\/tachyon\/sites\/9\/2022\/02\/Scenario4-1024x576-1.jpeg?fit=900%2C506&amp;zoom=0.5 450w, https:\/\/kawasakirobotics.com\/tachyon\/sites\/9\/2022\/02\/Scenario4-1024x576-1.jpeg?fit=900%2C506&amp;zoom=0.25 225w\" sizes=\"auto, (max-width: 900px) 100vw, 900px\" \/><\/figure>\n\n\n\n<p>K-Virtual ist in mehreren Editionen erh\u00e4ltlich \u2013 von Basic bis Expert \u2013 und ist f\u00fcr verschiedene Anwendungen wie Lichtbogenschwei\u00dfen optimiert. Unternehmen<br>k\u00f6nnen so die volle Leistungsf\u00e4higkeit ihrer Kawasaki Roboter innerhalb individueller Automatisierungsl\u00f6sungen voll aussch\u00f6pfen \u2013 von der Erstinstallation bis zur Neuprogrammierung und Anlagenumr\u00fcstung.<\/p>\n\n\n\n<div class=\"wp-block-group has-light-gray-background-color has-background is-layout-flow wp-block-group-is-layout-flow\">\n<h4 class=\"has-text-align-center wp-block-heading\"><strong>Erfahren Sie mehr<\/strong><\/h4>\n\n\n\n<div class=\"wp-block-columns is-layout-flex wp-container-core-columns-is-layout-28f84493 wp-block-columns-is-layout-flex\">\n<div class=\"wp-block-column is-layout-flow wp-block-column-is-layout-flow\">\n<h6 class=\"has-text-align-center wp-block-heading\">Unsere K-Virtual Brosch\u00fcre<\/h6>\n\n\n\n<div class=\"wp-block-buttons is-content-justification-center is-layout-flex wp-block-buttons-is-layout-flex\">\n<div class=\"wp-block-button\"><a class=\"wp-block-button__link\" href=\"https:\/\/kawasakirobotics.de\/wp-content\/uploads\/K-Virtual-GER-Digital.pdf\" target=\"_blank\" rel=\"noreferrer noopener\">Zum Download<\/a><\/div>\n<\/div>\n<\/div>\n\n\n\n<div class=\"wp-block-column is-layout-flow wp-block-column-is-layout-flow\">\n<h6 class=\"has-text-align-center wp-block-heading\">Talk to us<\/h6>\n\n\n\n<div class=\"wp-block-buttons is-content-justification-center is-layout-flex wp-block-buttons-is-layout-flex\">\n<div class=\"wp-block-button\"><a class=\"wp-block-button__link\" href=\"https:\/\/kawasaki-corporate.spiral-site.com\/ind_robot_de?_gl=1*c441jl*_ga*MTE0OTM2OTYzMy4xNjQ1NzAzNzcw*_ga_GRRCX7N19P*MTY0NjI3ODg4MS4yLjEuMTY0NjI3ODg5Ni4w\" target=\"_blank\" rel=\"noreferrer noopener\">Kontakt<\/a><\/div>\n<\/div>\n<\/div>\n<\/div>\n<\/div>\n","protected":false},"excerpt":{"rendered":"<p>Intuitive 3D-Simulationsplattform Die Komplexit\u00e4t von Fertigungsprozessen und -l\u00f6sungen nimmt t\u00e4glich zu \u2013 unser Ziel ist es, sie einfacher zu gestalten und es Ihnen zu erm\u00f6glichen, sich auf Ihre Kernaufgaben zu konzentrieren. Basierend auf der bew\u00e4hrten FASTSUITE Technologie von CENIT erm\u00f6glicht K-Virtual die agile Entwicklung, Programmierung und Optimierung von komplexen Roboteranwendungen \u00fcber eine intuitive Plattform und einen digitalen Zwilling Ihres Systems. Erh\u00e4ltlich in drei Editionen \u2013 perfekt f\u00fcr Ihre individuellen Bed\u00fcrfnisse. Mehr Informationen finden Sie auf der Liste. Editon 1: K-Virtual Basic Editon 2: K-Virtual OLP Editon 3: K-Virtual Expert Ready for Industry 4.0 Industrie 4.0 erfordert neue Ans\u00e4tze und Konzepte. Virtuelle Fabriken und Anlagenmodelle m\u00fcssen die realen Produktionssysteme in jeder [&hellip;]<\/p>\n","protected":false},"author":9,"featured_media":0,"parent":0,"menu_order":17,"comment_status":"closed","ping_status":"closed","template":"","meta":{"ep_exclude_from_search":false,"footnotes":""},"class_list":["post-4744","page","type-page","status-publish","hentry"],"yoast_head":"<!-- This site is optimized with the Yoast SEO plugin v25.9 - https:\/\/yoast.com\/wordpress\/plugins\/seo\/ -->\n<title>K-Virtual | Industrieroboter von Kawasaki Robotics<\/title>\n<meta name=\"description\" content=\"Kawasaki Heavy Industries | K-Virtual\" \/>\n<meta name=\"robots\" content=\"index, follow, max-snippet:-1, max-image-preview:large, max-video-preview:-1\" \/>\n<link rel=\"canonical\" href=\"https:\/\/kawasakirobotics.com\/de\/k-virtual\/\" \/>\n<meta property=\"og:locale\" content=\"de_DE\" \/>\n<meta property=\"og:type\" content=\"article\" \/>\n<meta property=\"og:title\" content=\"K-Virtual | Industrieroboter von Kawasaki Robotics\" \/>\n<meta property=\"og:description\" content=\"Kawasaki Heavy Industries | K-Virtual\" \/>\n<meta property=\"og:url\" content=\"https:\/\/kawasakirobotics.com\/de\/k-virtual\/\" \/>\n<meta property=\"og:site_name\" content=\"Kawasaki Robotics\" \/>\n<meta property=\"article:modified_time\" content=\"2022-03-03T06:56:38+00:00\" \/>\n<meta property=\"og:image\" content=\"https:\/\/kawasakirobotics.com\/content\/themes\/krobot-theme\/src\/images\/default\/ogp.jpg\" \/>\n\t<meta property=\"og:image:width\" content=\"1200\" \/>\n\t<meta property=\"og:image:height\" content=\"630\" \/>\n\t<meta property=\"og:image:type\" content=\"image\/jpeg\" \/>\n<meta name=\"twitter:card\" content=\"summary_large_image\" \/>\n<script type=\"application\/ld+json\" class=\"yoast-schema-graph\">{\"@context\":\"https:\/\/schema.org\",\"@graph\":[{\"@type\":\"WebPage\",\"@id\":\"https:\/\/kawasakirobotics.com\/de\/k-virtual\/\",\"url\":\"https:\/\/kawasakirobotics.com\/de\/k-virtual\/\",\"name\":\"K-Virtual | Industrieroboter von Kawasaki Robotics\",\"isPartOf\":{\"@id\":\"https:\/\/kawasakirobotics.com\/de\/#website\"},\"primaryImageOfPage\":{\"@id\":\"https:\/\/kawasakirobotics.com\/de\/k-virtual\/#primaryimage\"},\"image\":{\"@id\":\"https:\/\/kawasakirobotics.com\/de\/k-virtual\/#primaryimage\"},\"thumbnailUrl\":\"https:\/\/kawasakirobotics.com\/tachyon\/sites\/9\/2022\/02\/Scenario1-1024x576-1.jpeg?fit=900%2C576\",\"datePublished\":\"2022-02-26T07:53:32+00:00\",\"dateModified\":\"2022-03-03T06:56:38+00:00\",\"description\":\"Kawasaki Heavy Industries | K-Virtual\",\"breadcrumb\":{\"@id\":\"https:\/\/kawasakirobotics.com\/de\/k-virtual\/#breadcrumb\"},\"inLanguage\":\"de\",\"potentialAction\":[{\"@type\":\"ReadAction\",\"target\":[\"https:\/\/kawasakirobotics.com\/de\/k-virtual\/\"]}]},{\"@type\":\"ImageObject\",\"inLanguage\":\"de\",\"@id\":\"https:\/\/kawasakirobotics.com\/de\/k-virtual\/#primaryimage\",\"url\":\"https:\/\/kawasakirobotics.com\/tachyon\/sites\/9\/2022\/02\/Scenario1-1024x576-1.jpeg?fit=900%2C576\",\"contentUrl\":\"https:\/\/kawasakirobotics.com\/tachyon\/sites\/9\/2022\/02\/Scenario1-1024x576-1.jpeg?fit=900%2C576\"},{\"@type\":\"BreadcrumbList\",\"@id\":\"https:\/\/kawasakirobotics.com\/de\/k-virtual\/#breadcrumb\",\"itemListElement\":[{\"@type\":\"ListItem\",\"position\":1,\"name\":\"Home\",\"item\":\"https:\/\/kawasakirobotics.com\/de\/\"},{\"@type\":\"ListItem\",\"position\":2,\"name\":\"K-Virtual\"}]},{\"@type\":\"WebSite\",\"@id\":\"https:\/\/kawasakirobotics.com\/de\/#website\",\"url\":\"https:\/\/kawasakirobotics.com\/de\/\",\"name\":\"Kawasaki Robotics\",\"description\":\"\",\"publisher\":{\"@id\":\"https:\/\/kawasakirobotics.com\/de\/#organization\"},\"potentialAction\":[{\"@type\":\"SearchAction\",\"target\":{\"@type\":\"EntryPoint\",\"urlTemplate\":\"https:\/\/kawasakirobotics.com\/de\/?s={search_term_string}\"},\"query-input\":{\"@type\":\"PropertyValueSpecification\",\"valueRequired\":true,\"valueName\":\"search_term_string\"}}],\"inLanguage\":\"de\"},{\"@type\":\"Organization\",\"@id\":\"https:\/\/kawasakirobotics.com\/de\/#organization\",\"name\":\"\u5ddd\u5d0e\u91cd\u5de5\u696d\u30ed\u30dc\u30c3\u30c8\u30c7\u30a3\u30d3\u30b8\u30e7\u30f3\",\"url\":\"https:\/\/kawasakirobotics.com\/de\/\",\"logo\":{\"@type\":\"ImageObject\",\"inLanguage\":\"de\",\"@id\":\"https:\/\/kawasakirobotics.com\/de\/#\/schema\/logo\/image\/\",\"url\":\"\",\"contentUrl\":\"\",\"caption\":\"\u5ddd\u5d0e\u91cd\u5de5\u696d\u30ed\u30dc\u30c3\u30c8\u30c7\u30a3\u30d3\u30b8\u30e7\u30f3\"},\"image\":{\"@id\":\"https:\/\/kawasakirobotics.com\/de\/#\/schema\/logo\/image\/\"}}]}<\/script>\n<!-- \/ Yoast SEO plugin. -->","yoast_head_json":{"title":"K-Virtual | Industrieroboter von Kawasaki Robotics","description":"Kawasaki Heavy Industries | K-Virtual","robots":{"index":"index","follow":"follow","max-snippet":"max-snippet:-1","max-image-preview":"max-image-preview:large","max-video-preview":"max-video-preview:-1"},"canonical":"https:\/\/kawasakirobotics.com\/de\/k-virtual\/","og_locale":"de_DE","og_type":"article","og_title":"K-Virtual | Industrieroboter von Kawasaki Robotics","og_description":"Kawasaki Heavy Industries | K-Virtual","og_url":"https:\/\/kawasakirobotics.com\/de\/k-virtual\/","og_site_name":"Kawasaki Robotics","article_modified_time":"2022-03-03T06:56:38+00:00","og_image":[{"url":"https:\/\/kawasakirobotics.com\/content\/themes\/krobot-theme\/src\/images\/default\/ogp.jpg","width":"1200","height":"630","type":"image\/jpeg"}],"twitter_card":"summary_large_image","schema":{"@context":"https:\/\/schema.org","@graph":[{"@type":"WebPage","@id":"https:\/\/kawasakirobotics.com\/de\/k-virtual\/","url":"https:\/\/kawasakirobotics.com\/de\/k-virtual\/","name":"K-Virtual | Industrieroboter von Kawasaki Robotics","isPartOf":{"@id":"https:\/\/kawasakirobotics.com\/de\/#website"},"primaryImageOfPage":{"@id":"https:\/\/kawasakirobotics.com\/de\/k-virtual\/#primaryimage"},"image":{"@id":"https:\/\/kawasakirobotics.com\/de\/k-virtual\/#primaryimage"},"thumbnailUrl":"https:\/\/kawasakirobotics.com\/tachyon\/sites\/9\/2022\/02\/Scenario1-1024x576-1.jpeg?fit=900%2C576","datePublished":"2022-02-26T07:53:32+00:00","dateModified":"2022-03-03T06:56:38+00:00","description":"Kawasaki Heavy Industries | K-Virtual","breadcrumb":{"@id":"https:\/\/kawasakirobotics.com\/de\/k-virtual\/#breadcrumb"},"inLanguage":"de","potentialAction":[{"@type":"ReadAction","target":["https:\/\/kawasakirobotics.com\/de\/k-virtual\/"]}]},{"@type":"ImageObject","inLanguage":"de","@id":"https:\/\/kawasakirobotics.com\/de\/k-virtual\/#primaryimage","url":"https:\/\/kawasakirobotics.com\/tachyon\/sites\/9\/2022\/02\/Scenario1-1024x576-1.jpeg?fit=900%2C576","contentUrl":"https:\/\/kawasakirobotics.com\/tachyon\/sites\/9\/2022\/02\/Scenario1-1024x576-1.jpeg?fit=900%2C576"},{"@type":"BreadcrumbList","@id":"https:\/\/kawasakirobotics.com\/de\/k-virtual\/#breadcrumb","itemListElement":[{"@type":"ListItem","position":1,"name":"Home","item":"https:\/\/kawasakirobotics.com\/de\/"},{"@type":"ListItem","position":2,"name":"K-Virtual"}]},{"@type":"WebSite","@id":"https:\/\/kawasakirobotics.com\/de\/#website","url":"https:\/\/kawasakirobotics.com\/de\/","name":"Kawasaki Robotics","description":"","publisher":{"@id":"https:\/\/kawasakirobotics.com\/de\/#organization"},"potentialAction":[{"@type":"SearchAction","target":{"@type":"EntryPoint","urlTemplate":"https:\/\/kawasakirobotics.com\/de\/?s={search_term_string}"},"query-input":{"@type":"PropertyValueSpecification","valueRequired":true,"valueName":"search_term_string"}}],"inLanguage":"de"},{"@type":"Organization","@id":"https:\/\/kawasakirobotics.com\/de\/#organization","name":"\u5ddd\u5d0e\u91cd\u5de5\u696d\u30ed\u30dc\u30c3\u30c8\u30c7\u30a3\u30d3\u30b8\u30e7\u30f3","url":"https:\/\/kawasakirobotics.com\/de\/","logo":{"@type":"ImageObject","inLanguage":"de","@id":"https:\/\/kawasakirobotics.com\/de\/#\/schema\/logo\/image\/","url":"","contentUrl":"","caption":"\u5ddd\u5d0e\u91cd\u5de5\u696d\u30ed\u30dc\u30c3\u30c8\u30c7\u30a3\u30d3\u30b8\u30e7\u30f3"},"image":{"@id":"https:\/\/kawasakirobotics.com\/de\/#\/schema\/logo\/image\/"}}]}},"_links":{"self":[{"href":"https:\/\/kawasakirobotics.com\/de\/wp-json\/wp\/v2\/pages\/4744","targetHints":{"allow":["GET"]}}],"collection":[{"href":"https:\/\/kawasakirobotics.com\/de\/wp-json\/wp\/v2\/pages"}],"about":[{"href":"https:\/\/kawasakirobotics.com\/de\/wp-json\/wp\/v2\/types\/page"}],"author":[{"embeddable":true,"href":"https:\/\/kawasakirobotics.com\/de\/wp-json\/wp\/v2\/users\/9"}],"replies":[{"embeddable":true,"href":"https:\/\/kawasakirobotics.com\/de\/wp-json\/wp\/v2\/comments?post=4744"}],"version-history":[{"count":4,"href":"https:\/\/kawasakirobotics.com\/de\/wp-json\/wp\/v2\/pages\/4744\/revisions"}],"predecessor-version":[{"id":6309,"href":"https:\/\/kawasakirobotics.com\/de\/wp-json\/wp\/v2\/pages\/4744\/revisions\/6309"}],"wp:attachment":[{"href":"https:\/\/kawasakirobotics.com\/de\/wp-json\/wp\/v2\/media?parent=4744"}],"curies":[{"name":"wp","href":"https:\/\/api.w.org\/{rel}","templated":true}]}}