{"id":4750,"date":"2022-02-26T09:01:47","date_gmt":"2022-02-26T08:01:47","guid":{"rendered":"urn:uuid:d0a6ef94-08fc-4a55-b319-aaf42f9647a8"},"modified":"2025-05-02T07:25:58","modified_gmt":"2025-05-02T06:25:58","slug":"k-positioner","status":"publish","type":"page","link":"https:\/\/kawasakirobotics.com\/de\/k-positioner\/","title":{"rendered":"K-Positioner"},"content":{"rendered":"\n<figure class=\"wp-block-embed is-type-video is-provider-youtube wp-block-embed-youtube wp-embed-aspect-16-9 wp-has-aspect-ratio\"><div class=\"wp-block-embed__wrapper\">\n<iframe loading=\"lazy\" title=\"Kawasaki Robotics BA006L welding motorbike steel frame\" width=\"900\" height=\"506\" src=\"https:\/\/www.youtube.com\/embed\/sBDzODSBCUE?feature=oembed\" frameborder=\"0\" allow=\"accelerometer; autoplay; clipboard-write; encrypted-media; gyroscope; picture-in-picture; web-share\" referrerpolicy=\"strict-origin-when-cross-origin\" allowfullscreen><\/iframe>\n<\/div><\/figure>\n\n\n\n<h2 class=\"wp-block-heading\">High-End-Positionierer f\u00fcr Ihre individuellen Anwendungen<\/h2>\n\n\n\n<p>Kawasaki liefert ein komplettes Sortiment an High-End-Positionierern \u2013 von einachsigen Positionierern mit einer vertikalen Achse (Drehtische) oder einer horizontalen Achse (mit oder ohne zus\u00e4tzliche Unterst\u00fctzung) bis hin zu Multi-Positionierern. Die Positionierer k\u00f6nnen Produkte mit einem Gewicht von 100 kg bis zu 3.000 kg handhaben. Jeder der Positionierer kann sofort in seiner Standardkonfiguration geliefert werden oder in Spezialkonfigurationen f\u00fcr individuelle Anwendungsbed\u00fcrfnisse.<\/p>\n\n\n\n<figure class=\"wp-block-image aligncenter size-large\"><img loading=\"lazy\" width=\"900\" height=\"572\" decoding=\"async\" src=\"https:\/\/kawasakirobotics.com\/tachyon\/sites\/9\/2022\/02\/K-Positioners-no-background-shades-1024x651-1.png?fit=900%2C651\" alt=\"Kawasaki Robotics K-Positionierer\" class=\"wp-image-4751\" srcset=\"https:\/\/kawasakirobotics.com\/tachyon\/sites\/9\/2022\/02\/K-Positioners-no-background-shades-1024x651-1.png?fit=900%2C572&amp;zoom=1 900w, https:\/\/kawasakirobotics.com\/tachyon\/sites\/9\/2022\/02\/K-Positioners-no-background-shades-1024x651-1.png?fit=900%2C572&amp;zoom=0.5 450w, https:\/\/kawasakirobotics.com\/tachyon\/sites\/9\/2022\/02\/K-Positioners-no-background-shades-1024x651-1.png?fit=900%2C572&amp;zoom=0.25 225w\" sizes=\"auto, (max-width: 900px) 100vw, 900px\" \/><\/figure>\n\n\n\n<h2 class=\"wp-block-heading\">So zuverl\u00e4ssig und pr\u00e4zise wie die Kawasaki-Roboter selbst<\/h2>\n\n\n\n<p>Die K-Positionierer wurden speziell f\u00fcr die perfekte Zusammenarbeit mit Kawasaki-Robotern entwickelt. Dank der Originalteile von Kawasaki sind sie so zuverl\u00e4ssig und pr\u00e4zise wie die Roboter selbst. Die Positionierer werden von einer zus\u00e4tzlichen Kawasaki-Achse angetrieben, die von der Robotersteuerung gesteuert wird, was eine einfache und schnelle Integration erm\u00f6glicht.<\/p>\n\n\n\n<figure class=\"wp-block-image size-large\"><img loading=\"lazy\" width=\"900\" height=\"600\" decoding=\"async\" src=\"https:\/\/kawasakirobotics.com\/tachyon\/sites\/9\/2022\/02\/anipol-65-tme1.jpeg?fit=900%2C667\" alt=\"Kawasaki Robotics K-Positionierer\" class=\"wp-image-4752\" srcset=\"https:\/\/kawasakirobotics.com\/tachyon\/sites\/9\/2022\/02\/anipol-65-tme1.jpeg?fit=900%2C600&amp;zoom=1 900w, https:\/\/kawasakirobotics.com\/tachyon\/sites\/9\/2022\/02\/anipol-65-tme1.jpeg?fit=900%2C600&amp;zoom=0.5 450w, https:\/\/kawasakirobotics.com\/tachyon\/sites\/9\/2022\/02\/anipol-65-tme1.jpeg?fit=900%2C600&amp;zoom=0.25 225w\" sizes=\"auto, (max-width: 900px) 100vw, 900px\" \/><\/figure>\n\n\n\n<h2 class=\"wp-block-heading\">Modularer Aufbau bietet maximale Flexibilit\u00e4t und Leistung<\/h2>\n\n\n\n<p>Die K-Positioner basieren auf dem Konzept der modularen Bauweise, wodurch sie leicht modifiziert sind und die Anpassung an wechselnde Produktionsanforderungen einfach ist. Die robuste Konstruktion erm\u00f6glicht das Schwei\u00dfen mit gleichbleibend optimaler Leistung und Produktivit\u00e4t, wodurch eine exzellente Produktqualit\u00e4t erhalten bleibt und eine termingerechte Ausf\u00fchrung der Auftr\u00e4ge garantiert wird.<\/p>\n\n\n\n<div class=\"wp-block-group has-light-gray-background-color has-background is-layout-flow wp-block-group-is-layout-flow\">\n<h4 class=\"wp-block-heading has-text-align-center\">Erfahren Sie mehr<\/h4>\n\n\n\n<div class=\"wp-block-buttons is-horizontal is-content-justification-center is-layout-flex wp-container-core-buttons-is-layout-03627597 wp-block-buttons-is-layout-flex\">\n<div class=\"wp-block-button\"><a class=\"wp-block-button__link wp-element-button\" href=\"https:\/\/kawasaki-corporate.spiral-site.com\/ind_robot_de?_gl=1*c441jl*_ga*MTE0OTM2OTYzMy4xNjQ1NzAzNzcw*_ga_GRRCX7N19P*MTY0NjI3ODg4MS4yLjEuMTY0NjI3ODg5Ni4w\" target=\"_blank\" rel=\"noreferrer noopener\">Kontakt<\/a><\/div>\n<\/div>\n<\/div>\n","protected":false},"excerpt":{"rendered":"<p>High-End-Positionierer f\u00fcr Ihre individuellen Anwendungen Kawasaki liefert ein komplettes Sortiment an High-End-Positionierern \u2013 von einachsigen Positionierern mit einer vertikalen Achse (Drehtische) oder einer horizontalen Achse (mit oder ohne zus\u00e4tzliche Unterst\u00fctzung) bis hin zu Multi-Positionierern. Die Positionierer k\u00f6nnen Produkte mit einem Gewicht von 100 kg bis zu 3.000 kg handhaben. Jeder der Positionierer kann sofort in seiner Standardkonfiguration geliefert werden oder in Spezialkonfigurationen f\u00fcr individuelle Anwendungsbed\u00fcrfnisse. So zuverl\u00e4ssig und pr\u00e4zise wie die Kawasaki-Roboter selbst Die K-Positionierer wurden speziell f\u00fcr die perfekte Zusammenarbeit mit Kawasaki-Robotern entwickelt. Dank der Originalteile von Kawasaki sind sie so zuverl\u00e4ssig und pr\u00e4zise wie die Roboter selbst. Die Positionierer werden von einer zus\u00e4tzlichen Kawasaki-Achse angetrieben, die von der [&hellip;]<\/p>\n","protected":false},"author":9,"featured_media":0,"parent":0,"menu_order":16,"comment_status":"closed","ping_status":"closed","template":"","meta":{"ep_exclude_from_search":false,"footnotes":""},"class_list":["post-4750","page","type-page","status-publish","hentry"],"yoast_head":"<!-- This site is optimized with the Yoast SEO plugin v25.9 - https:\/\/yoast.com\/wordpress\/plugins\/seo\/ -->\n<title>K-Positioner | Industrieroboter von Kawasaki Robotics<\/title>\n<meta name=\"description\" content=\"Kawasaki Heavy Industries | K-Positioner\" \/>\n<meta name=\"robots\" content=\"index, follow, max-snippet:-1, max-image-preview:large, max-video-preview:-1\" \/>\n<link rel=\"canonical\" href=\"https:\/\/kawasakirobotics.com\/de\/k-positioner\/\" \/>\n<meta property=\"og:locale\" content=\"de_DE\" \/>\n<meta property=\"og:type\" content=\"article\" \/>\n<meta property=\"og:title\" content=\"K-Positioner | Industrieroboter von Kawasaki Robotics\" \/>\n<meta property=\"og:description\" content=\"Kawasaki Heavy Industries | K-Positioner\" \/>\n<meta property=\"og:url\" content=\"https:\/\/kawasakirobotics.com\/de\/k-positioner\/\" \/>\n<meta property=\"og:site_name\" content=\"Kawasaki Robotics\" \/>\n<meta property=\"article:modified_time\" content=\"2025-05-02T06:25:58+00:00\" \/>\n<meta property=\"og:image\" content=\"https:\/\/kawasakirobotics.com\/content\/themes\/krobot-theme\/src\/images\/default\/ogp.jpg\" \/>\n\t<meta property=\"og:image:width\" content=\"1200\" \/>\n\t<meta property=\"og:image:height\" content=\"630\" \/>\n\t<meta property=\"og:image:type\" content=\"image\/jpeg\" \/>\n<meta name=\"twitter:card\" content=\"summary_large_image\" \/>\n<script type=\"application\/ld+json\" class=\"yoast-schema-graph\">{\"@context\":\"https:\/\/schema.org\",\"@graph\":[{\"@type\":\"WebPage\",\"@id\":\"https:\/\/kawasakirobotics.com\/de\/k-positioner\/\",\"url\":\"https:\/\/kawasakirobotics.com\/de\/k-positioner\/\",\"name\":\"K-Positioner | Industrieroboter von Kawasaki Robotics\",\"isPartOf\":{\"@id\":\"https:\/\/kawasakirobotics.com\/de\/#website\"},\"primaryImageOfPage\":{\"@id\":\"https:\/\/kawasakirobotics.com\/de\/k-positioner\/#primaryimage\"},\"image\":{\"@id\":\"https:\/\/kawasakirobotics.com\/de\/k-positioner\/#primaryimage\"},\"thumbnailUrl\":\"https:\/\/kawasakirobotics.com\/tachyon\/sites\/9\/2022\/02\/K-Positioners-no-background-shades-1024x651-1.png?fit=900%2C651\",\"datePublished\":\"2022-02-26T08:01:47+00:00\",\"dateModified\":\"2025-05-02T06:25:58+00:00\",\"description\":\"Kawasaki Heavy Industries | K-Positioner\",\"breadcrumb\":{\"@id\":\"https:\/\/kawasakirobotics.com\/de\/k-positioner\/#breadcrumb\"},\"inLanguage\":\"de\",\"potentialAction\":[{\"@type\":\"ReadAction\",\"target\":[\"https:\/\/kawasakirobotics.com\/de\/k-positioner\/\"]}]},{\"@type\":\"ImageObject\",\"inLanguage\":\"de\",\"@id\":\"https:\/\/kawasakirobotics.com\/de\/k-positioner\/#primaryimage\",\"url\":\"https:\/\/kawasakirobotics.com\/tachyon\/sites\/9\/2022\/02\/K-Positioners-no-background-shades-1024x651-1.png?fit=900%2C651\",\"contentUrl\":\"https:\/\/kawasakirobotics.com\/tachyon\/sites\/9\/2022\/02\/K-Positioners-no-background-shades-1024x651-1.png?fit=900%2C651\"},{\"@type\":\"BreadcrumbList\",\"@id\":\"https:\/\/kawasakirobotics.com\/de\/k-positioner\/#breadcrumb\",\"itemListElement\":[{\"@type\":\"ListItem\",\"position\":1,\"name\":\"Home\",\"item\":\"https:\/\/kawasakirobotics.com\/de\/\"},{\"@type\":\"ListItem\",\"position\":2,\"name\":\"K-Positioner\"}]},{\"@type\":\"WebSite\",\"@id\":\"https:\/\/kawasakirobotics.com\/de\/#website\",\"url\":\"https:\/\/kawasakirobotics.com\/de\/\",\"name\":\"Kawasaki Robotics\",\"description\":\"\",\"publisher\":{\"@id\":\"https:\/\/kawasakirobotics.com\/de\/#organization\"},\"potentialAction\":[{\"@type\":\"SearchAction\",\"target\":{\"@type\":\"EntryPoint\",\"urlTemplate\":\"https:\/\/kawasakirobotics.com\/de\/?s={search_term_string}\"},\"query-input\":{\"@type\":\"PropertyValueSpecification\",\"valueRequired\":true,\"valueName\":\"search_term_string\"}}],\"inLanguage\":\"de\"},{\"@type\":\"Organization\",\"@id\":\"https:\/\/kawasakirobotics.com\/de\/#organization\",\"name\":\"\u5ddd\u5d0e\u91cd\u5de5\u696d\u30ed\u30dc\u30c3\u30c8\u30c7\u30a3\u30d3\u30b8\u30e7\u30f3\",\"url\":\"https:\/\/kawasakirobotics.com\/de\/\",\"logo\":{\"@type\":\"ImageObject\",\"inLanguage\":\"de\",\"@id\":\"https:\/\/kawasakirobotics.com\/de\/#\/schema\/logo\/image\/\",\"url\":\"\",\"contentUrl\":\"\",\"caption\":\"\u5ddd\u5d0e\u91cd\u5de5\u696d\u30ed\u30dc\u30c3\u30c8\u30c7\u30a3\u30d3\u30b8\u30e7\u30f3\"},\"image\":{\"@id\":\"https:\/\/kawasakirobotics.com\/de\/#\/schema\/logo\/image\/\"}}]}<\/script>\n<!-- \/ Yoast SEO plugin. -->","yoast_head_json":{"title":"K-Positioner | Industrieroboter von Kawasaki Robotics","description":"Kawasaki Heavy Industries | K-Positioner","robots":{"index":"index","follow":"follow","max-snippet":"max-snippet:-1","max-image-preview":"max-image-preview:large","max-video-preview":"max-video-preview:-1"},"canonical":"https:\/\/kawasakirobotics.com\/de\/k-positioner\/","og_locale":"de_DE","og_type":"article","og_title":"K-Positioner | Industrieroboter von Kawasaki Robotics","og_description":"Kawasaki Heavy Industries | K-Positioner","og_url":"https:\/\/kawasakirobotics.com\/de\/k-positioner\/","og_site_name":"Kawasaki Robotics","article_modified_time":"2025-05-02T06:25:58+00:00","og_image":[{"url":"https:\/\/kawasakirobotics.com\/content\/themes\/krobot-theme\/src\/images\/default\/ogp.jpg","width":"1200","height":"630","type":"image\/jpeg"}],"twitter_card":"summary_large_image","schema":{"@context":"https:\/\/schema.org","@graph":[{"@type":"WebPage","@id":"https:\/\/kawasakirobotics.com\/de\/k-positioner\/","url":"https:\/\/kawasakirobotics.com\/de\/k-positioner\/","name":"K-Positioner | Industrieroboter von Kawasaki Robotics","isPartOf":{"@id":"https:\/\/kawasakirobotics.com\/de\/#website"},"primaryImageOfPage":{"@id":"https:\/\/kawasakirobotics.com\/de\/k-positioner\/#primaryimage"},"image":{"@id":"https:\/\/kawasakirobotics.com\/de\/k-positioner\/#primaryimage"},"thumbnailUrl":"https:\/\/kawasakirobotics.com\/tachyon\/sites\/9\/2022\/02\/K-Positioners-no-background-shades-1024x651-1.png?fit=900%2C651","datePublished":"2022-02-26T08:01:47+00:00","dateModified":"2025-05-02T06:25:58+00:00","description":"Kawasaki Heavy Industries | K-Positioner","breadcrumb":{"@id":"https:\/\/kawasakirobotics.com\/de\/k-positioner\/#breadcrumb"},"inLanguage":"de","potentialAction":[{"@type":"ReadAction","target":["https:\/\/kawasakirobotics.com\/de\/k-positioner\/"]}]},{"@type":"ImageObject","inLanguage":"de","@id":"https:\/\/kawasakirobotics.com\/de\/k-positioner\/#primaryimage","url":"https:\/\/kawasakirobotics.com\/tachyon\/sites\/9\/2022\/02\/K-Positioners-no-background-shades-1024x651-1.png?fit=900%2C651","contentUrl":"https:\/\/kawasakirobotics.com\/tachyon\/sites\/9\/2022\/02\/K-Positioners-no-background-shades-1024x651-1.png?fit=900%2C651"},{"@type":"BreadcrumbList","@id":"https:\/\/kawasakirobotics.com\/de\/k-positioner\/#breadcrumb","itemListElement":[{"@type":"ListItem","position":1,"name":"Home","item":"https:\/\/kawasakirobotics.com\/de\/"},{"@type":"ListItem","position":2,"name":"K-Positioner"}]},{"@type":"WebSite","@id":"https:\/\/kawasakirobotics.com\/de\/#website","url":"https:\/\/kawasakirobotics.com\/de\/","name":"Kawasaki Robotics","description":"","publisher":{"@id":"https:\/\/kawasakirobotics.com\/de\/#organization"},"potentialAction":[{"@type":"SearchAction","target":{"@type":"EntryPoint","urlTemplate":"https:\/\/kawasakirobotics.com\/de\/?s={search_term_string}"},"query-input":{"@type":"PropertyValueSpecification","valueRequired":true,"valueName":"search_term_string"}}],"inLanguage":"de"},{"@type":"Organization","@id":"https:\/\/kawasakirobotics.com\/de\/#organization","name":"\u5ddd\u5d0e\u91cd\u5de5\u696d\u30ed\u30dc\u30c3\u30c8\u30c7\u30a3\u30d3\u30b8\u30e7\u30f3","url":"https:\/\/kawasakirobotics.com\/de\/","logo":{"@type":"ImageObject","inLanguage":"de","@id":"https:\/\/kawasakirobotics.com\/de\/#\/schema\/logo\/image\/","url":"","contentUrl":"","caption":"\u5ddd\u5d0e\u91cd\u5de5\u696d\u30ed\u30dc\u30c3\u30c8\u30c7\u30a3\u30d3\u30b8\u30e7\u30f3"},"image":{"@id":"https:\/\/kawasakirobotics.com\/de\/#\/schema\/logo\/image\/"}}]}},"_links":{"self":[{"href":"https:\/\/kawasakirobotics.com\/de\/wp-json\/wp\/v2\/pages\/4750","targetHints":{"allow":["GET"]}}],"collection":[{"href":"https:\/\/kawasakirobotics.com\/de\/wp-json\/wp\/v2\/pages"}],"about":[{"href":"https:\/\/kawasakirobotics.com\/de\/wp-json\/wp\/v2\/types\/page"}],"author":[{"embeddable":true,"href":"https:\/\/kawasakirobotics.com\/de\/wp-json\/wp\/v2\/users\/9"}],"replies":[{"embeddable":true,"href":"https:\/\/kawasakirobotics.com\/de\/wp-json\/wp\/v2\/comments?post=4750"}],"version-history":[{"count":4,"href":"https:\/\/kawasakirobotics.com\/de\/wp-json\/wp\/v2\/pages\/4750\/revisions"}],"predecessor-version":[{"id":6290,"href":"https:\/\/kawasakirobotics.com\/de\/wp-json\/wp\/v2\/pages\/4750\/revisions\/6290"}],"wp:attachment":[{"href":"https:\/\/kawasakirobotics.com\/de\/wp-json\/wp\/v2\/media?parent=4750"}],"curies":[{"name":"wp","href":"https:\/\/api.w.org\/{rel}","templated":true}]}}