{"id":4754,"date":"2022-02-26T09:05:19","date_gmt":"2022-02-26T08:05:19","guid":{"rendered":"urn:uuid:44506811-4f5b-414c-ab83-b15136255afe"},"modified":"2022-03-03T07:48:32","modified_gmt":"2022-03-03T06:48:32","slug":"k-track","status":"publish","type":"page","link":"https:\/\/kawasakirobotics.com\/de\/k-track\/","title":{"rendered":"K-Track"},"content":{"rendered":"\n<h2 class=\"wp-block-heading\"><strong>K-Track Linearachsen von Kawasaki Robotics: So flexibel, robust und pr\u00e4zise wie unsere Roboter<\/strong><\/h2>\n\n\n\n<p>Mit Original-Verfahrachsen von Kawasaki Robotics k\u00f6nnen Sie Ihren Roboter um eine weitere Achse erg\u00e4nzen und seine Arbeitsbereiche deutlich erweitern. Die Achsen sind f\u00fcr zahlreiche Robotermodelle ausgelegt, verf\u00fcgbar und kompatibel.<\/p>\n\n\n\n<div class=\"wp-block-image\"><figure class=\"aligncenter size-full\"><img loading=\"lazy\" width=\"793\" height=\"660\" decoding=\"async\" src=\"https:\/\/kawasakirobotics.com\/tachyon\/sites\/9\/2022\/02\/Kawasaki-ARC-Welding-Portfolio-2020.jpeg\" alt=\"K-Track\" class=\"wp-image-4755\" srcset=\"https:\/\/kawasakirobotics.com\/tachyon\/sites\/9\/2022\/02\/Kawasaki-ARC-Welding-Portfolio-2020.jpeg?resize=793%2C660&amp;zoom=1 793w, https:\/\/kawasakirobotics.com\/tachyon\/sites\/9\/2022\/02\/Kawasaki-ARC-Welding-Portfolio-2020.jpeg?resize=793%2C660&amp;zoom=0.5 397w, https:\/\/kawasakirobotics.com\/tachyon\/sites\/9\/2022\/02\/Kawasaki-ARC-Welding-Portfolio-2020.jpeg?resize=793%2C660&amp;zoom=0.25 198w\" sizes=\"auto, (max-width: 793px) 100vw, 793px\" \/><\/figure><\/div>\n\n\n\n<h4 class=\"wp-block-heading\"><strong>Eine zus\u00e4tzliche Ausr\u00fcstung ist nicht erforderlich<\/strong><\/h4>\n\n\n\n<p>Die Ansteuerung der Linearachsen erfolgt direkt \u00fcber die Robotersteuerung angesteuert. Ein einziger Roboter kann daher mehrere Stationen und Werkst\u00fccke Werkst\u00fccke gleichzeitig bearbeiten \u2013 die Anzahl der ben\u00f6tigten Roboter innerhalb Ihrer Anlage wird deutlich reduziert.<\/p>\n\n\n\n<div class=\"wp-block-group has-light-gray-background-color has-background is-layout-flow wp-block-group-is-layout-flow\">\n<h4 class=\"has-text-align-center wp-block-heading\">Erfahren Sie mehr<\/h4>\n\n\n\n<div class=\"wp-block-buttons is-content-justification-center is-layout-flex wp-block-buttons-is-layout-flex\">\n<div class=\"wp-block-button\"><a class=\"wp-block-button__link\" href=\"https:\/\/kawasaki-corporate.spiral-site.com\/ind_robot_de?_gl=1*c441jl*_ga*MTE0OTM2OTYzMy4xNjQ1NzAzNzcw*_ga_GRRCX7N19P*MTY0NjI3ODg4MS4yLjEuMTY0NjI3ODg5Ni4w\" target=\"_blank\" rel=\"noreferrer noopener\">Kontakt<\/a><\/div>\n<\/div>\n<\/div>\n","protected":false},"excerpt":{"rendered":"<p>K-Track Linearachsen von Kawasaki Robotics: So flexibel, robust und pr\u00e4zise wie unsere Roboter Mit Original-Verfahrachsen von Kawasaki Robotics k\u00f6nnen Sie Ihren Roboter um eine weitere Achse erg\u00e4nzen und seine Arbeitsbereiche deutlich erweitern. Die Achsen sind f\u00fcr zahlreiche Robotermodelle ausgelegt, verf\u00fcgbar und kompatibel. Eine zus\u00e4tzliche Ausr\u00fcstung ist nicht erforderlich Die Ansteuerung der Linearachsen erfolgt direkt \u00fcber die Robotersteuerung angesteuert. Ein einziger Roboter kann daher mehrere Stationen und Werkst\u00fccke Werkst\u00fccke gleichzeitig bearbeiten \u2013 die Anzahl der ben\u00f6tigten Roboter innerhalb Ihrer Anlage wird deutlich reduziert. Erfahren Sie mehr<\/p>\n","protected":false},"author":9,"featured_media":0,"parent":0,"menu_order":18,"comment_status":"closed","ping_status":"closed","template":"","meta":{"ep_exclude_from_search":false,"footnotes":""},"class_list":["post-4754","page","type-page","status-publish","hentry"],"yoast_head":"<!-- This site is optimized with the Yoast SEO plugin v25.9 - https:\/\/yoast.com\/wordpress\/plugins\/seo\/ -->\n<title>K-Track | Industrieroboter von Kawasaki Robotics<\/title>\n<meta name=\"description\" content=\"Kawasaki Heavy Industries | K-Track\" \/>\n<meta name=\"robots\" content=\"index, follow, max-snippet:-1, max-image-preview:large, max-video-preview:-1\" \/>\n<link rel=\"canonical\" href=\"https:\/\/kawasakirobotics.com\/de\/k-track\/\" \/>\n<meta property=\"og:locale\" content=\"de_DE\" \/>\n<meta property=\"og:type\" content=\"article\" \/>\n<meta property=\"og:title\" content=\"K-Track | Industrieroboter von Kawasaki Robotics\" \/>\n<meta property=\"og:description\" content=\"Kawasaki Heavy Industries | K-Track\" \/>\n<meta property=\"og:url\" content=\"https:\/\/kawasakirobotics.com\/de\/k-track\/\" \/>\n<meta property=\"og:site_name\" content=\"Kawasaki Robotics\" \/>\n<meta property=\"article:modified_time\" content=\"2022-03-03T06:48:32+00:00\" \/>\n<meta property=\"og:image\" content=\"https:\/\/kawasakirobotics.com\/content\/themes\/krobot-theme\/src\/images\/default\/ogp.jpg\" \/>\n\t<meta property=\"og:image:width\" content=\"1200\" \/>\n\t<meta property=\"og:image:height\" content=\"630\" \/>\n\t<meta property=\"og:image:type\" content=\"image\/jpeg\" \/>\n<meta name=\"twitter:card\" content=\"summary_large_image\" \/>\n<script type=\"application\/ld+json\" class=\"yoast-schema-graph\">{\"@context\":\"https:\/\/schema.org\",\"@graph\":[{\"@type\":\"WebPage\",\"@id\":\"https:\/\/kawasakirobotics.com\/de\/k-track\/\",\"url\":\"https:\/\/kawasakirobotics.com\/de\/k-track\/\",\"name\":\"K-Track | Industrieroboter von Kawasaki Robotics\",\"isPartOf\":{\"@id\":\"https:\/\/kawasakirobotics.com\/de\/#website\"},\"primaryImageOfPage\":{\"@id\":\"https:\/\/kawasakirobotics.com\/de\/k-track\/#primaryimage\"},\"image\":{\"@id\":\"https:\/\/kawasakirobotics.com\/de\/k-track\/#primaryimage\"},\"thumbnailUrl\":\"https:\/\/kawasakirobotics.com\/tachyon\/sites\/9\/2022\/02\/Kawasaki-ARC-Welding-Portfolio-2020.jpeg\",\"datePublished\":\"2022-02-26T08:05:19+00:00\",\"dateModified\":\"2022-03-03T06:48:32+00:00\",\"description\":\"Kawasaki Heavy Industries | K-Track\",\"breadcrumb\":{\"@id\":\"https:\/\/kawasakirobotics.com\/de\/k-track\/#breadcrumb\"},\"inLanguage\":\"de\",\"potentialAction\":[{\"@type\":\"ReadAction\",\"target\":[\"https:\/\/kawasakirobotics.com\/de\/k-track\/\"]}]},{\"@type\":\"ImageObject\",\"inLanguage\":\"de\",\"@id\":\"https:\/\/kawasakirobotics.com\/de\/k-track\/#primaryimage\",\"url\":\"https:\/\/kawasakirobotics.com\/tachyon\/sites\/9\/2022\/02\/Kawasaki-ARC-Welding-Portfolio-2020.jpeg\",\"contentUrl\":\"https:\/\/kawasakirobotics.com\/tachyon\/sites\/9\/2022\/02\/Kawasaki-ARC-Welding-Portfolio-2020.jpeg\"},{\"@type\":\"BreadcrumbList\",\"@id\":\"https:\/\/kawasakirobotics.com\/de\/k-track\/#breadcrumb\",\"itemListElement\":[{\"@type\":\"ListItem\",\"position\":1,\"name\":\"Home\",\"item\":\"https:\/\/kawasakirobotics.com\/de\/\"},{\"@type\":\"ListItem\",\"position\":2,\"name\":\"K-Track\"}]},{\"@type\":\"WebSite\",\"@id\":\"https:\/\/kawasakirobotics.com\/de\/#website\",\"url\":\"https:\/\/kawasakirobotics.com\/de\/\",\"name\":\"Kawasaki Robotics\",\"description\":\"\",\"publisher\":{\"@id\":\"https:\/\/kawasakirobotics.com\/de\/#organization\"},\"potentialAction\":[{\"@type\":\"SearchAction\",\"target\":{\"@type\":\"EntryPoint\",\"urlTemplate\":\"https:\/\/kawasakirobotics.com\/de\/?s={search_term_string}\"},\"query-input\":{\"@type\":\"PropertyValueSpecification\",\"valueRequired\":true,\"valueName\":\"search_term_string\"}}],\"inLanguage\":\"de\"},{\"@type\":\"Organization\",\"@id\":\"https:\/\/kawasakirobotics.com\/de\/#organization\",\"name\":\"\u5ddd\u5d0e\u91cd\u5de5\u696d\u30ed\u30dc\u30c3\u30c8\u30c7\u30a3\u30d3\u30b8\u30e7\u30f3\",\"url\":\"https:\/\/kawasakirobotics.com\/de\/\",\"logo\":{\"@type\":\"ImageObject\",\"inLanguage\":\"de\",\"@id\":\"https:\/\/kawasakirobotics.com\/de\/#\/schema\/logo\/image\/\",\"url\":\"\",\"contentUrl\":\"\",\"caption\":\"\u5ddd\u5d0e\u91cd\u5de5\u696d\u30ed\u30dc\u30c3\u30c8\u30c7\u30a3\u30d3\u30b8\u30e7\u30f3\"},\"image\":{\"@id\":\"https:\/\/kawasakirobotics.com\/de\/#\/schema\/logo\/image\/\"}}]}<\/script>\n<!-- \/ Yoast SEO plugin. -->","yoast_head_json":{"title":"K-Track | Industrieroboter von Kawasaki Robotics","description":"Kawasaki Heavy Industries | K-Track","robots":{"index":"index","follow":"follow","max-snippet":"max-snippet:-1","max-image-preview":"max-image-preview:large","max-video-preview":"max-video-preview:-1"},"canonical":"https:\/\/kawasakirobotics.com\/de\/k-track\/","og_locale":"de_DE","og_type":"article","og_title":"K-Track | Industrieroboter von Kawasaki Robotics","og_description":"Kawasaki Heavy Industries | K-Track","og_url":"https:\/\/kawasakirobotics.com\/de\/k-track\/","og_site_name":"Kawasaki Robotics","article_modified_time":"2022-03-03T06:48:32+00:00","og_image":[{"url":"https:\/\/kawasakirobotics.com\/content\/themes\/krobot-theme\/src\/images\/default\/ogp.jpg","width":"1200","height":"630","type":"image\/jpeg"}],"twitter_card":"summary_large_image","schema":{"@context":"https:\/\/schema.org","@graph":[{"@type":"WebPage","@id":"https:\/\/kawasakirobotics.com\/de\/k-track\/","url":"https:\/\/kawasakirobotics.com\/de\/k-track\/","name":"K-Track | Industrieroboter von Kawasaki Robotics","isPartOf":{"@id":"https:\/\/kawasakirobotics.com\/de\/#website"},"primaryImageOfPage":{"@id":"https:\/\/kawasakirobotics.com\/de\/k-track\/#primaryimage"},"image":{"@id":"https:\/\/kawasakirobotics.com\/de\/k-track\/#primaryimage"},"thumbnailUrl":"https:\/\/kawasakirobotics.com\/tachyon\/sites\/9\/2022\/02\/Kawasaki-ARC-Welding-Portfolio-2020.jpeg","datePublished":"2022-02-26T08:05:19+00:00","dateModified":"2022-03-03T06:48:32+00:00","description":"Kawasaki Heavy Industries | K-Track","breadcrumb":{"@id":"https:\/\/kawasakirobotics.com\/de\/k-track\/#breadcrumb"},"inLanguage":"de","potentialAction":[{"@type":"ReadAction","target":["https:\/\/kawasakirobotics.com\/de\/k-track\/"]}]},{"@type":"ImageObject","inLanguage":"de","@id":"https:\/\/kawasakirobotics.com\/de\/k-track\/#primaryimage","url":"https:\/\/kawasakirobotics.com\/tachyon\/sites\/9\/2022\/02\/Kawasaki-ARC-Welding-Portfolio-2020.jpeg","contentUrl":"https:\/\/kawasakirobotics.com\/tachyon\/sites\/9\/2022\/02\/Kawasaki-ARC-Welding-Portfolio-2020.jpeg"},{"@type":"BreadcrumbList","@id":"https:\/\/kawasakirobotics.com\/de\/k-track\/#breadcrumb","itemListElement":[{"@type":"ListItem","position":1,"name":"Home","item":"https:\/\/kawasakirobotics.com\/de\/"},{"@type":"ListItem","position":2,"name":"K-Track"}]},{"@type":"WebSite","@id":"https:\/\/kawasakirobotics.com\/de\/#website","url":"https:\/\/kawasakirobotics.com\/de\/","name":"Kawasaki Robotics","description":"","publisher":{"@id":"https:\/\/kawasakirobotics.com\/de\/#organization"},"potentialAction":[{"@type":"SearchAction","target":{"@type":"EntryPoint","urlTemplate":"https:\/\/kawasakirobotics.com\/de\/?s={search_term_string}"},"query-input":{"@type":"PropertyValueSpecification","valueRequired":true,"valueName":"search_term_string"}}],"inLanguage":"de"},{"@type":"Organization","@id":"https:\/\/kawasakirobotics.com\/de\/#organization","name":"\u5ddd\u5d0e\u91cd\u5de5\u696d\u30ed\u30dc\u30c3\u30c8\u30c7\u30a3\u30d3\u30b8\u30e7\u30f3","url":"https:\/\/kawasakirobotics.com\/de\/","logo":{"@type":"ImageObject","inLanguage":"de","@id":"https:\/\/kawasakirobotics.com\/de\/#\/schema\/logo\/image\/","url":"","contentUrl":"","caption":"\u5ddd\u5d0e\u91cd\u5de5\u696d\u30ed\u30dc\u30c3\u30c8\u30c7\u30a3\u30d3\u30b8\u30e7\u30f3"},"image":{"@id":"https:\/\/kawasakirobotics.com\/de\/#\/schema\/logo\/image\/"}}]}},"_links":{"self":[{"href":"https:\/\/kawasakirobotics.com\/de\/wp-json\/wp\/v2\/pages\/4754","targetHints":{"allow":["GET"]}}],"collection":[{"href":"https:\/\/kawasakirobotics.com\/de\/wp-json\/wp\/v2\/pages"}],"about":[{"href":"https:\/\/kawasakirobotics.com\/de\/wp-json\/wp\/v2\/types\/page"}],"author":[{"embeddable":true,"href":"https:\/\/kawasakirobotics.com\/de\/wp-json\/wp\/v2\/users\/9"}],"replies":[{"embeddable":true,"href":"https:\/\/kawasakirobotics.com\/de\/wp-json\/wp\/v2\/comments?post=4754"}],"version-history":[{"count":3,"href":"https:\/\/kawasakirobotics.com\/de\/wp-json\/wp\/v2\/pages\/4754\/revisions"}],"predecessor-version":[{"id":6308,"href":"https:\/\/kawasakirobotics.com\/de\/wp-json\/wp\/v2\/pages\/4754\/revisions\/6308"}],"wp:attachment":[{"href":"https:\/\/kawasakirobotics.com\/de\/wp-json\/wp\/v2\/media?parent=4754"}],"curies":[{"name":"wp","href":"https:\/\/api.w.org\/{rel}","templated":true}]}}