{"id":4757,"date":"2022-02-26T09:10:27","date_gmt":"2022-02-26T08:10:27","guid":{"rendered":"urn:uuid:0b9aee12-68b1-4acf-983e-82c177545a88"},"modified":"2023-01-26T11:38:43","modified_gmt":"2023-01-26T10:38:43","slug":"k-arc","status":"publish","type":"page","link":"https:\/\/kawasakirobotics.com\/de\/k-arc\/","title":{"rendered":"K-ARC"},"content":{"rendered":"\n<h2 class=\"wp-block-heading\">Lichtbogenschwei\u00dfen: Unsere L\u00f6sungen<\/h2>\n\n\n\n<figure class=\"wp-block-image size-large\"><img loading=\"lazy\" width=\"900\" height=\"600\" decoding=\"async\" src=\"https:\/\/kawasakirobotics.com\/tachyon\/sites\/9\/2022\/02\/B1830324-1024x683-1.jpeg?fit=900%2C683\" alt=\"K-ARC\" class=\"wp-image-4758\" srcset=\"https:\/\/kawasakirobotics.com\/tachyon\/sites\/9\/2022\/02\/B1830324-1024x683-1.jpeg?fit=900%2C600&amp;zoom=1 900w, https:\/\/kawasakirobotics.com\/tachyon\/sites\/9\/2022\/02\/B1830324-1024x683-1.jpeg?fit=900%2C600&amp;zoom=0.5 450w, https:\/\/kawasakirobotics.com\/tachyon\/sites\/9\/2022\/02\/B1830324-1024x683-1.jpeg?fit=900%2C600&amp;zoom=0.25 225w\" sizes=\"auto, (max-width: 900px) 100vw, 900px\" \/><\/figure>\n\n\n\n<h4 class=\"wp-block-heading\">A<strong>utomatisieren Sie Ihre Schwei\u00dfprozesse:<\/strong><\/h4>\n\n\n\n<p>Von state-of-the-art Schwei\u00dfrobotern \u00fcber Linearachsen bis zum Positionierer: Kawasaki Robotics bietet ein umfassendes Portfolio im Bereich Lichtbogenschwei\u00dfen \u2013 speziell entwickelt f\u00fcr den europ\u00e4ischen Markt.<\/p>\n\n\n\n<div class=\"wp-block-group has-light-gray-background-color has-background is-layout-flow wp-block-group-is-layout-flow\">\n<h4 class=\"has-text-align-center wp-block-heading\"><strong>Erfahren Sie mehr<\/strong><\/h4>\n\n\n\n<ul class=\"wp-block-list\"><li><strong><a href=\"https:\/\/kawasakirobotics.com\/de\/robots-category\/arc-welding\/\">Kawasaki Robotics Lichtbogenschwei\u00dfroboter<\/a><\/strong><br>Unser Schwei\u00dfroboterportfolio&nbsp;<\/li><li><strong><a href=\"https:\/\/kawasakirobotics.com\/de\/k-positioner\/\">Kawasaki Robotics K-Positioner<\/a><\/strong><br>High-End-Positionierer f\u00fcr Ihre individuellen Anwendungen<\/li><li>&nbsp;<strong><a href=\"https:\/\/kawasakirobotics.com\/de\/k-track\/\">Kawasaki Robotics K-Track<\/a><\/strong><br>Original Linearachsen von Kawasaki Robotics&nbsp;<\/li><li><strong><a href=\"https:\/\/kawasakirobotics.com\/de\/k-virtual\/\">Kawasaki Robotics K-Virtual<\/a><\/strong><br>Intuitive Offline Programmierung f\u00fcr Schwei\u00dfen und mehr<\/li><li>&nbsp;<strong><a href=\"https:\/\/kawasakirobotics.de\/de\/produkte\/schweissen\/k-arc\/\">Kawasaki Robotics K-ARC Basic<\/a><\/strong><br>Unsere kompakte und schl\u00fcsselfertige Schwei\u00dfzelle&nbsp;<\/li><\/ul>\n<\/div>\n\n\n\n<h2 class=\"wp-block-heading\"><strong>Ebenso bei Kawasaki Robotics erh\u00e4ltlich<\/strong><\/h2>\n\n\n\n<p>Schwei\u00dfequipment von f\u00fchrenden Herstellern wie Kemppi, Binzel, Fronius und OTC sowie viele weitere Optionen. Sprechen Sie uns an!<\/p>\n\n\n\n<figure class=\"wp-block-embed is-type-video is-provider-youtube wp-block-embed-youtube wp-embed-aspect-16-9 wp-has-aspect-ratio\"><div class=\"wp-block-embed__wrapper\">\n<iframe loading=\"lazy\" title=\"BA006L with K Track and K Positioner\" width=\"900\" height=\"506\" src=\"https:\/\/www.youtube.com\/embed\/gDs_6IfSPBw?feature=oembed\" frameborder=\"0\" allow=\"accelerometer; autoplay; clipboard-write; encrypted-media; gyroscope; picture-in-picture\" allowfullscreen><\/iframe>\n<\/div><\/figure>\n\n\n\n<div class=\"wp-block-group has-light-gray-background-color has-background is-layout-flow wp-block-group-is-layout-flow\">\n<h4 class=\"has-text-align-center wp-block-heading\">Sprechen Sie uns an!<\/h4>\n\n\n\n<div class=\"wp-block-buttons is-horizontal is-content-justification-center is-layout-flex wp-container-core-buttons-is-layout-03627597 wp-block-buttons-is-layout-flex\">\n<div class=\"wp-block-button\"><a class=\"wp-block-button__link\" href=\"https:\/\/kawasaki-corporate.spiral-site.com\/ind_robot_de?_gl=1*c441jl*_ga*MTE0OTM2OTYzMy4xNjQ1NzAzNzcw*_ga_GRRCX7N19P*MTY0NjI3ODg4MS4yLjEuMTY0NjI3ODg5Ni4w\" target=\"_blank\" rel=\"noreferrer noopener\">Kontakt<\/a><\/div>\n<\/div>\n<\/div>\n","protected":false},"excerpt":{"rendered":"<p>Lichtbogenschwei\u00dfen: Unsere L\u00f6sungen Automatisieren Sie Ihre Schwei\u00dfprozesse: Von state-of-the-art Schwei\u00dfrobotern \u00fcber Linearachsen bis zum Positionierer: Kawasaki Robotics bietet ein umfassendes Portfolio im Bereich Lichtbogenschwei\u00dfen \u2013 speziell entwickelt f\u00fcr den europ\u00e4ischen Markt. Erfahren Sie mehr Kawasaki Robotics Lichtbogenschwei\u00dfroboterUnser Schwei\u00dfroboterportfolio&nbsp; Kawasaki Robotics K-PositionerHigh-End-Positionierer f\u00fcr Ihre individuellen Anwendungen &nbsp;Kawasaki Robotics K-TrackOriginal Linearachsen von Kawasaki Robotics&nbsp; Kawasaki Robotics K-VirtualIntuitive Offline Programmierung f\u00fcr Schwei\u00dfen und mehr &nbsp;Kawasaki Robotics K-ARC BasicUnsere kompakte und schl\u00fcsselfertige Schwei\u00dfzelle&nbsp; Ebenso bei Kawasaki Robotics erh\u00e4ltlich Schwei\u00dfequipment von f\u00fchrenden Herstellern wie Kemppi, Binzel, Fronius und OTC sowie viele weitere Optionen. Sprechen Sie uns an! Sprechen Sie uns an!<\/p>\n","protected":false},"author":9,"featured_media":0,"parent":0,"menu_order":19,"comment_status":"closed","ping_status":"closed","template":"","meta":{"ep_exclude_from_search":false,"footnotes":""},"class_list":["post-4757","page","type-page","status-publish","hentry"],"yoast_head":"<!-- This site is optimized with the Yoast SEO plugin v25.9 - https:\/\/yoast.com\/wordpress\/plugins\/seo\/ -->\n<title>K-ARC | Industrieroboter von Kawasaki Robotics<\/title>\n<meta name=\"description\" content=\"Kawasaki Heavy Industries | K-ARC\" \/>\n<meta name=\"robots\" content=\"index, follow, max-snippet:-1, max-image-preview:large, max-video-preview:-1\" \/>\n<link rel=\"canonical\" href=\"https:\/\/kawasakirobotics.com\/de\/k-arc\/\" \/>\n<meta property=\"og:locale\" content=\"de_DE\" \/>\n<meta property=\"og:type\" content=\"article\" \/>\n<meta property=\"og:title\" content=\"K-ARC | Industrieroboter von Kawasaki Robotics\" \/>\n<meta property=\"og:description\" content=\"Kawasaki Heavy Industries | K-ARC\" \/>\n<meta property=\"og:url\" content=\"https:\/\/kawasakirobotics.com\/de\/k-arc\/\" \/>\n<meta property=\"og:site_name\" content=\"Kawasaki Robotics\" \/>\n<meta property=\"article:modified_time\" content=\"2023-01-26T10:38:43+00:00\" \/>\n<meta property=\"og:image\" content=\"https:\/\/kawasakirobotics.com\/content\/themes\/krobot-theme\/src\/images\/default\/ogp.jpg\" \/>\n\t<meta property=\"og:image:width\" content=\"1200\" \/>\n\t<meta property=\"og:image:height\" content=\"630\" \/>\n\t<meta property=\"og:image:type\" content=\"image\/jpeg\" \/>\n<meta name=\"twitter:card\" content=\"summary_large_image\" \/>\n<script type=\"application\/ld+json\" class=\"yoast-schema-graph\">{\"@context\":\"https:\/\/schema.org\",\"@graph\":[{\"@type\":\"WebPage\",\"@id\":\"https:\/\/kawasakirobotics.com\/de\/k-arc\/\",\"url\":\"https:\/\/kawasakirobotics.com\/de\/k-arc\/\",\"name\":\"K-ARC | Industrieroboter von Kawasaki Robotics\",\"isPartOf\":{\"@id\":\"https:\/\/kawasakirobotics.com\/de\/#website\"},\"primaryImageOfPage\":{\"@id\":\"https:\/\/kawasakirobotics.com\/de\/k-arc\/#primaryimage\"},\"image\":{\"@id\":\"https:\/\/kawasakirobotics.com\/de\/k-arc\/#primaryimage\"},\"thumbnailUrl\":\"https:\/\/kawasakirobotics.com\/tachyon\/sites\/9\/2022\/02\/B1830324-1024x683-1.jpeg?fit=900%2C683\",\"datePublished\":\"2022-02-26T08:10:27+00:00\",\"dateModified\":\"2023-01-26T10:38:43+00:00\",\"description\":\"Kawasaki Heavy Industries | K-ARC\",\"breadcrumb\":{\"@id\":\"https:\/\/kawasakirobotics.com\/de\/k-arc\/#breadcrumb\"},\"inLanguage\":\"de\",\"potentialAction\":[{\"@type\":\"ReadAction\",\"target\":[\"https:\/\/kawasakirobotics.com\/de\/k-arc\/\"]}]},{\"@type\":\"ImageObject\",\"inLanguage\":\"de\",\"@id\":\"https:\/\/kawasakirobotics.com\/de\/k-arc\/#primaryimage\",\"url\":\"https:\/\/kawasakirobotics.com\/tachyon\/sites\/9\/2022\/02\/B1830324-1024x683-1.jpeg?fit=900%2C683\",\"contentUrl\":\"https:\/\/kawasakirobotics.com\/tachyon\/sites\/9\/2022\/02\/B1830324-1024x683-1.jpeg?fit=900%2C683\"},{\"@type\":\"BreadcrumbList\",\"@id\":\"https:\/\/kawasakirobotics.com\/de\/k-arc\/#breadcrumb\",\"itemListElement\":[{\"@type\":\"ListItem\",\"position\":1,\"name\":\"Home\",\"item\":\"https:\/\/kawasakirobotics.com\/de\/\"},{\"@type\":\"ListItem\",\"position\":2,\"name\":\"K-ARC\"}]},{\"@type\":\"WebSite\",\"@id\":\"https:\/\/kawasakirobotics.com\/de\/#website\",\"url\":\"https:\/\/kawasakirobotics.com\/de\/\",\"name\":\"Kawasaki Robotics\",\"description\":\"\",\"publisher\":{\"@id\":\"https:\/\/kawasakirobotics.com\/de\/#organization\"},\"potentialAction\":[{\"@type\":\"SearchAction\",\"target\":{\"@type\":\"EntryPoint\",\"urlTemplate\":\"https:\/\/kawasakirobotics.com\/de\/?s={search_term_string}\"},\"query-input\":{\"@type\":\"PropertyValueSpecification\",\"valueRequired\":true,\"valueName\":\"search_term_string\"}}],\"inLanguage\":\"de\"},{\"@type\":\"Organization\",\"@id\":\"https:\/\/kawasakirobotics.com\/de\/#organization\",\"name\":\"\u5ddd\u5d0e\u91cd\u5de5\u696d\u30ed\u30dc\u30c3\u30c8\u30c7\u30a3\u30d3\u30b8\u30e7\u30f3\",\"url\":\"https:\/\/kawasakirobotics.com\/de\/\",\"logo\":{\"@type\":\"ImageObject\",\"inLanguage\":\"de\",\"@id\":\"https:\/\/kawasakirobotics.com\/de\/#\/schema\/logo\/image\/\",\"url\":\"\",\"contentUrl\":\"\",\"caption\":\"\u5ddd\u5d0e\u91cd\u5de5\u696d\u30ed\u30dc\u30c3\u30c8\u30c7\u30a3\u30d3\u30b8\u30e7\u30f3\"},\"image\":{\"@id\":\"https:\/\/kawasakirobotics.com\/de\/#\/schema\/logo\/image\/\"}}]}<\/script>\n<!-- \/ Yoast SEO plugin. -->","yoast_head_json":{"title":"K-ARC | Industrieroboter von Kawasaki Robotics","description":"Kawasaki Heavy Industries | K-ARC","robots":{"index":"index","follow":"follow","max-snippet":"max-snippet:-1","max-image-preview":"max-image-preview:large","max-video-preview":"max-video-preview:-1"},"canonical":"https:\/\/kawasakirobotics.com\/de\/k-arc\/","og_locale":"de_DE","og_type":"article","og_title":"K-ARC | Industrieroboter von Kawasaki Robotics","og_description":"Kawasaki Heavy Industries | K-ARC","og_url":"https:\/\/kawasakirobotics.com\/de\/k-arc\/","og_site_name":"Kawasaki Robotics","article_modified_time":"2023-01-26T10:38:43+00:00","og_image":[{"url":"https:\/\/kawasakirobotics.com\/content\/themes\/krobot-theme\/src\/images\/default\/ogp.jpg","width":"1200","height":"630","type":"image\/jpeg"}],"twitter_card":"summary_large_image","schema":{"@context":"https:\/\/schema.org","@graph":[{"@type":"WebPage","@id":"https:\/\/kawasakirobotics.com\/de\/k-arc\/","url":"https:\/\/kawasakirobotics.com\/de\/k-arc\/","name":"K-ARC | Industrieroboter von Kawasaki Robotics","isPartOf":{"@id":"https:\/\/kawasakirobotics.com\/de\/#website"},"primaryImageOfPage":{"@id":"https:\/\/kawasakirobotics.com\/de\/k-arc\/#primaryimage"},"image":{"@id":"https:\/\/kawasakirobotics.com\/de\/k-arc\/#primaryimage"},"thumbnailUrl":"https:\/\/kawasakirobotics.com\/tachyon\/sites\/9\/2022\/02\/B1830324-1024x683-1.jpeg?fit=900%2C683","datePublished":"2022-02-26T08:10:27+00:00","dateModified":"2023-01-26T10:38:43+00:00","description":"Kawasaki Heavy Industries | K-ARC","breadcrumb":{"@id":"https:\/\/kawasakirobotics.com\/de\/k-arc\/#breadcrumb"},"inLanguage":"de","potentialAction":[{"@type":"ReadAction","target":["https:\/\/kawasakirobotics.com\/de\/k-arc\/"]}]},{"@type":"ImageObject","inLanguage":"de","@id":"https:\/\/kawasakirobotics.com\/de\/k-arc\/#primaryimage","url":"https:\/\/kawasakirobotics.com\/tachyon\/sites\/9\/2022\/02\/B1830324-1024x683-1.jpeg?fit=900%2C683","contentUrl":"https:\/\/kawasakirobotics.com\/tachyon\/sites\/9\/2022\/02\/B1830324-1024x683-1.jpeg?fit=900%2C683"},{"@type":"BreadcrumbList","@id":"https:\/\/kawasakirobotics.com\/de\/k-arc\/#breadcrumb","itemListElement":[{"@type":"ListItem","position":1,"name":"Home","item":"https:\/\/kawasakirobotics.com\/de\/"},{"@type":"ListItem","position":2,"name":"K-ARC"}]},{"@type":"WebSite","@id":"https:\/\/kawasakirobotics.com\/de\/#website","url":"https:\/\/kawasakirobotics.com\/de\/","name":"Kawasaki Robotics","description":"","publisher":{"@id":"https:\/\/kawasakirobotics.com\/de\/#organization"},"potentialAction":[{"@type":"SearchAction","target":{"@type":"EntryPoint","urlTemplate":"https:\/\/kawasakirobotics.com\/de\/?s={search_term_string}"},"query-input":{"@type":"PropertyValueSpecification","valueRequired":true,"valueName":"search_term_string"}}],"inLanguage":"de"},{"@type":"Organization","@id":"https:\/\/kawasakirobotics.com\/de\/#organization","name":"\u5ddd\u5d0e\u91cd\u5de5\u696d\u30ed\u30dc\u30c3\u30c8\u30c7\u30a3\u30d3\u30b8\u30e7\u30f3","url":"https:\/\/kawasakirobotics.com\/de\/","logo":{"@type":"ImageObject","inLanguage":"de","@id":"https:\/\/kawasakirobotics.com\/de\/#\/schema\/logo\/image\/","url":"","contentUrl":"","caption":"\u5ddd\u5d0e\u91cd\u5de5\u696d\u30ed\u30dc\u30c3\u30c8\u30c7\u30a3\u30d3\u30b8\u30e7\u30f3"},"image":{"@id":"https:\/\/kawasakirobotics.com\/de\/#\/schema\/logo\/image\/"}}]}},"_links":{"self":[{"href":"https:\/\/kawasakirobotics.com\/de\/wp-json\/wp\/v2\/pages\/4757","targetHints":{"allow":["GET"]}}],"collection":[{"href":"https:\/\/kawasakirobotics.com\/de\/wp-json\/wp\/v2\/pages"}],"about":[{"href":"https:\/\/kawasakirobotics.com\/de\/wp-json\/wp\/v2\/types\/page"}],"author":[{"embeddable":true,"href":"https:\/\/kawasakirobotics.com\/de\/wp-json\/wp\/v2\/users\/9"}],"replies":[{"embeddable":true,"href":"https:\/\/kawasakirobotics.com\/de\/wp-json\/wp\/v2\/comments?post=4757"}],"version-history":[{"count":8,"href":"https:\/\/kawasakirobotics.com\/de\/wp-json\/wp\/v2\/pages\/4757\/revisions"}],"predecessor-version":[{"id":5762,"href":"https:\/\/kawasakirobotics.com\/de\/wp-json\/wp\/v2\/pages\/4757\/revisions\/5762"}],"wp:attachment":[{"href":"https:\/\/kawasakirobotics.com\/de\/wp-json\/wp\/v2\/media?parent=4757"}],"curies":[{"name":"wp","href":"https:\/\/api.w.org\/{rel}","templated":true}]}}