{"id":52,"date":"2022-01-19T17:55:28","date_gmt":"2022-01-19T08:55:28","guid":{"rendered":"urn:uuid:fd19f245-d6ee-4174-90d2-c5d578caf63a"},"modified":"2025-07-22T07:58:22","modified_gmt":"2025-07-22T06:58:22","slug":"k-addon","status":"publish","type":"page","link":"https:\/\/kawasakirobotics.com\/de\/products\/k-addon\/","title":{"rendered":"K-AddOn Produkte f\u00fcr Kawasaki Roboter"},"content":{"rendered":"\n<div class=\"wp-block-group krobot-pattern-section-heading is-layout-flow wp-block-group-is-layout-flow\">\n<h2 class=\"wp-block-heading has-text-align-center krobot-pattern-section-heading__title\">Was ist K-AddOn?<\/h2>\n<\/div>\n\n\n\n<div class=\"wp-block-columns are-vertically-aligned-top is-layout-flex wp-container-core-columns-is-layout-28f84493 wp-block-columns-is-layout-flex\">\n<div class=\"wp-block-column is-vertically-aligned-top is-layout-flow wp-block-column-is-layout-flow\" style=\"flex-basis:250px\">\n<h3 class=\"wp-block-heading\">Verst\u00e4rkte Verkaufsf\u00f6rderung<\/h3>\n<\/div>\n\n\n\n<div class=\"wp-block-column is-vertically-aligned-top is-layout-flow wp-block-column-is-layout-flow\">\n<ul class=\"wp-block-list\">\n<li>Einf\u00fchrung von Ausr\u00fcstung und Robotern auf beiden Websites<\/li>\n\n\n\n<li>Zeigen von Anwendungsbeispielen in Kombination mit Kawasaki-Robotern<\/li>\n\n\n\n<li>Durchf\u00fchrung von externen Pr\u00e4sentationen<\/li>\n<\/ul>\n<\/div>\n<\/div>\n\n\n\n<div class=\"wp-block-columns are-vertically-aligned-top is-layout-flex wp-container-core-columns-is-layout-28f84493 wp-block-columns-is-layout-flex\">\n<div class=\"wp-block-column is-vertically-aligned-top is-layout-flow wp-block-column-is-layout-flow\" style=\"flex-basis:250px\">\n<h3 class=\"wp-block-heading\">Erweiterter Vertriebskanal<\/h3>\n<\/div>\n\n\n\n<div class=\"wp-block-column is-vertically-aligned-top is-layout-flow wp-block-column-is-layout-flow\">\n<ul class=\"wp-block-list\">\n<li>Austausch von Vertriebskontakten<\/li>\n\n\n\n<li>Gemeinsame Zusammenarbeit bei Vertriebsaktivit\u00e4tenSie erm\u00f6glicht die Erweiterung der Funktionen von Kawasaki-Robotern<\/li>\n<\/ul>\n<\/div>\n<\/div>\n\n\n\n<div class=\"wp-block-columns are-vertically-aligned-top is-layout-flex wp-container-core-columns-is-layout-28f84493 wp-block-columns-is-layout-flex\">\n<div class=\"wp-block-column is-vertically-aligned-top is-layout-flow wp-block-column-is-layout-flow\" style=\"flex-basis:250px\">\n<h3 class=\"wp-block-heading\">Unterst\u00fctzung der Produktentwicklung<\/h3>\n<\/div>\n\n\n\n<div class=\"wp-block-column is-vertically-aligned-top is-layout-flow wp-block-column-is-layout-flow\">\n<ul class=\"wp-block-list\">\n<li>Weitergabe von Roboter-I\/F-Informationen<\/li>\n\n\n\n<li>Antwort auf Anfragen<\/li>\n<\/ul>\n<\/div>\n<\/div>\n\n\n\n<p>*Kawasaki unterst\u00fctzt Ger\u00e4tehersteller.<br>Es gibt keine Beschr\u00e4nkungen f\u00fcr den Verkauf und Vertrieb von Produkten.<\/p>\n\n\n\n<div class=\"wp-block-group krobot-pattern-section-heading is-layout-flow wp-block-group-is-layout-flow\"><\/div>\n\n\n\n<div class=\"wp-block-buttons is-horizontal is-content-justification-center is-layout-flex wp-container-core-buttons-is-layout-03627597 wp-block-buttons-is-layout-flex\">\n<div class=\"wp-block-button has-custom-width wp-block-button__width-50\"><a class=\"wp-block-button__link wp-element-button\" href=\"https:\/\/kawasakirobotics.com\/de\/products-kaddon\/\">Alle K-AddOn Produkte ansehen<\/a><\/div>\n<\/div>\n\n\n\n<div class=\"wp-block-buttons is-horizontal is-content-justification-center is-layout-flex wp-container-core-buttons-is-layout-03627597 wp-block-buttons-is-layout-flex\">\n<div class=\"wp-block-button has-custom-width wp-block-button__width-50\"><a class=\"wp-block-button__link wp-element-button\" href=\"https:\/\/kawasaki-corporate.spiral-site.com\/K_AddOn_asia?_gl=1*1dvyb1e*_ga*NTMwMjUzNTUwLjE2NDA2NDQ5Mzg.*_ga_GRRCX7N19P*MTY0NTU3OTMyMC4xNzguMS4xNjQ1NTc5NjcxLjA.&amp;_ifbs-K_AddOn_EN=s1_Step1\" target=\"_blank\" rel=\"noreferrer noopener\">Fragen zum Thema K-AddOn<\/a><\/div>\n<\/div>\n\n\n\n<div style=\"height:30px\" aria-hidden=\"true\" class=\"wp-block-spacer\"><\/div>\n\n\n\n<div class=\"wp-block-group krobot-pattern-section-heading is-layout-flow wp-block-group-is-layout-flow\">\n<h2 class=\"wp-block-heading has-text-align-center krobot-pattern-section-heading__title\">An K-AddOn f\u00fcr Kawasaki Roboter teilnehmen<\/h2>\n<\/div>\n\n\n\n<p class=\"has-text-align-left\">Bei K-AddOn registrierte Produkte werden auf unserer Website als mit Kawasaki Robotern kompatible K-AddOn Produkte vorgestellt. Dar\u00fcber hinaus tragen wir zur Ausweitung der Vertriebskan\u00e4le der Produkte bei und bieten unsere Unterst\u00fctzung f\u00fcr die Entwicklung von Produkten an, die f\u00fcr unsere Roboter vorgesehen sind.<\/p>\n\n\n\n<div class=\"wp-block-group has-light-gray-background-color has-background is-layout-flow wp-block-group-is-layout-flow\">\n<p class=\"has-text-align-left\">Wenn Sie sich f\u00fcr die Teilnahme an K-AddOn bewerben m\u00f6chten, geben Sie bei Ihrer Anfrage bitte die folgenden Informationen an:<\/p>\n\n\n\n<ul class=\"wp-block-list\">\n<li>Name und Verwendungszweck des Produkts, das bei K-AddOn aufgenommen werden soll<\/li>\n\n\n\n<li>Kawasaki-Robotermodell, f\u00fcr das das Produkt geeignet ist<\/li>\n\n\n\n<li>Ob eine Vertriebskooperation erw\u00fcnscht ist<\/li>\n\n\n\n<li>Sonstiges, besondere W\u00fcnsche, zu kl\u00e4rende Punkte<\/li>\n<\/ul>\n\n\n\n<p><\/p>\n<\/div>\n\n\n\n<div class=\"wp-block-buttons is-horizontal is-content-justification-center is-layout-flex wp-container-core-buttons-is-layout-03627597 wp-block-buttons-is-layout-flex\">\n<div class=\"wp-block-button has-custom-width wp-block-button__width-50\"><a class=\"wp-block-button__link wp-element-button\" href=\"https:\/\/kawasakirobotics.com\/de\/k-addon-join\/\">Teilnahme bei K-AddOn<\/a><\/div>\n<\/div>\n\n\n\n<div class=\"wp-block-buttons is-horizontal is-content-justification-center is-layout-flex wp-container-core-buttons-is-layout-03627597 wp-block-buttons-is-layout-flex\"><\/div>\n\n\n\n<div class=\"wp-block-group alignfull site-cta is-layout-flow wp-block-group-is-layout-flow\">\n<div class=\"wp-block-group site-cta__inside is-layout-flow wp-block-group-is-layout-flow\">\n<p class=\"site-cta__text\"><strong><a href=\"https:\/\/kawasaki-corporate.spiral-site.com\/K_AddOn_asia\">Sind Sie daran interessiert, K-AddOn-Produkte vorzustellen?<\/a><\/strong><\/p>\n<\/div>\n<\/div>\n","protected":false},"excerpt":{"rendered":"<p>Was ist K-AddOn? Verst\u00e4rkte Verkaufsf\u00f6rderung Erweiterter Vertriebskanal Unterst\u00fctzung der Produktentwicklung *Kawasaki unterst\u00fctzt Ger\u00e4tehersteller.Es gibt keine Beschr\u00e4nkungen f\u00fcr den Verkauf und Vertrieb von Produkten. An K-AddOn f\u00fcr Kawasaki Roboter teilnehmen Bei K-AddOn registrierte Produkte werden auf unserer Website als mit Kawasaki Robotern kompatible K-AddOn Produkte vorgestellt. Dar\u00fcber hinaus tragen wir zur Ausweitung der Vertriebskan\u00e4le der Produkte bei und bieten unsere Unterst\u00fctzung f\u00fcr die Entwicklung von Produkten an, die f\u00fcr unsere Roboter vorgesehen sind. Wenn Sie sich f\u00fcr die Teilnahme an K-AddOn bewerben m\u00f6chten, geben Sie bei Ihrer Anfrage bitte die folgenden Informationen an: Sind Sie daran interessiert, K-AddOn-Produkte vorzustellen?<\/p>\n","protected":false},"author":14,"featured_media":930,"parent":50,"menu_order":1,"comment_status":"closed","ping_status":"closed","template":"page-templates\/custom-title-with-background.php","meta":{"ep_exclude_from_search":false,"footnotes":""},"class_list":["post-52","page","type-page","status-publish","has-post-thumbnail","hentry"],"yoast_head":"<!-- This site is optimized with the Yoast SEO plugin v25.9 - https:\/\/yoast.com\/wordpress\/plugins\/seo\/ -->\n<title>K-AddOn Produkte f\u00fcr Kawasaki Roboter | Industrieroboter von Kawasaki Robotics<\/title>\n<meta name=\"description\" content=\"K-AddOn ist eine Plattform f\u00fcr Integratoren von Robotersystem und Nutzer von Robotern, die die zur \u00dcberpr\u00fcfung der Kompatibilit\u00e4t von Peripherieger\u00e4ten mit Kawasaki Robotern ben\u00f6tigte Zeit bei der Implementierung von Robotern verk\u00fcrzen soll, indem die Kompatibilit\u00e4t vorab verifiziert wird. Auf diese Weise finden Sie stets das richtige Werkzeug, um Ihre gew\u00fcnschte Anwendung zu realisieren.\" \/>\n<meta name=\"robots\" content=\"index, follow, max-snippet:-1, max-image-preview:large, max-video-preview:-1\" \/>\n<link rel=\"canonical\" href=\"https:\/\/kawasakirobotics.com\/de\/products\/k-addon\/\" \/>\n<meta property=\"og:locale\" content=\"de_DE\" \/>\n<meta property=\"og:type\" content=\"article\" \/>\n<meta property=\"og:title\" content=\"K-AddOn Produkte f\u00fcr Kawasaki Roboter | Industrieroboter von Kawasaki Robotics\" \/>\n<meta property=\"og:description\" content=\"K-AddOn ist eine Plattform f\u00fcr Integratoren von Robotersystem und Nutzer von Robotern, die die zur \u00dcberpr\u00fcfung der Kompatibilit\u00e4t von Peripherieger\u00e4ten mit Kawasaki Robotern ben\u00f6tigte Zeit bei der Implementierung von Robotern verk\u00fcrzen soll, indem die Kompatibilit\u00e4t vorab verifiziert wird. Auf diese Weise finden Sie stets das richtige Werkzeug, um Ihre gew\u00fcnschte Anwendung zu realisieren.\" \/>\n<meta property=\"og:url\" content=\"https:\/\/kawasakirobotics.com\/de\/products\/k-addon\/\" \/>\n<meta property=\"og:site_name\" content=\"Kawasaki Robotics\" \/>\n<meta property=\"article:modified_time\" content=\"2025-07-22T06:58:22+00:00\" \/>\n<meta property=\"og:image\" content=\"https:\/\/kawasakirobotics.com\/content\/themes\/krobot-theme\/src\/images\/default\/ogp.jpg\" \/>\n\t<meta property=\"og:image:width\" content=\"1200\" \/>\n\t<meta property=\"og:image:height\" content=\"630\" \/>\n\t<meta property=\"og:image:type\" content=\"image\/jpeg\" \/>\n<meta name=\"twitter:card\" content=\"summary_large_image\" \/>\n<script type=\"application\/ld+json\" class=\"yoast-schema-graph\">{\"@context\":\"https:\/\/schema.org\",\"@graph\":[{\"@type\":\"WebPage\",\"@id\":\"https:\/\/kawasakirobotics.com\/de\/products\/k-addon\/\",\"url\":\"https:\/\/kawasakirobotics.com\/de\/products\/k-addon\/\",\"name\":\"K-AddOn Produkte f\u00fcr Kawasaki Roboter | Industrieroboter von Kawasaki Robotics\",\"isPartOf\":{\"@id\":\"https:\/\/kawasakirobotics.com\/de\/#website\"},\"primaryImageOfPage\":{\"@id\":\"https:\/\/kawasakirobotics.com\/de\/products\/k-addon\/#primaryimage\"},\"image\":{\"@id\":\"https:\/\/kawasakirobotics.com\/de\/products\/k-addon\/#primaryimage\"},\"thumbnailUrl\":\"https:\/\/kawasakirobotics.com\/tachyon\/sites\/2\/2022\/01\/title-background-A1750927-2_ed.jpg?fit=2160%2C360\",\"datePublished\":\"2022-01-19T08:55:28+00:00\",\"dateModified\":\"2025-07-22T06:58:22+00:00\",\"description\":\"K-AddOn ist eine Plattform f\u00fcr Integratoren von Robotersystem und Nutzer von Robotern, die die zur \u00dcberpr\u00fcfung der Kompatibilit\u00e4t von Peripherieger\u00e4ten mit Kawasaki Robotern ben\u00f6tigte Zeit bei der Implementierung von Robotern verk\u00fcrzen soll, indem die Kompatibilit\u00e4t vorab verifiziert wird. Auf diese Weise finden Sie stets das richtige Werkzeug, um Ihre gew\u00fcnschte Anwendung zu realisieren.\",\"breadcrumb\":{\"@id\":\"https:\/\/kawasakirobotics.com\/de\/products\/k-addon\/#breadcrumb\"},\"inLanguage\":\"de\",\"potentialAction\":[{\"@type\":\"ReadAction\",\"target\":[\"https:\/\/kawasakirobotics.com\/de\/products\/k-addon\/\"]}]},{\"@type\":\"ImageObject\",\"inLanguage\":\"de\",\"@id\":\"https:\/\/kawasakirobotics.com\/de\/products\/k-addon\/#primaryimage\",\"url\":\"https:\/\/kawasakirobotics.com\/tachyon\/sites\/2\/2022\/01\/title-background-A1750927-2_ed.jpg?fit=2160%2C360\",\"contentUrl\":\"https:\/\/kawasakirobotics.com\/tachyon\/sites\/2\/2022\/01\/title-background-A1750927-2_ed.jpg?fit=2160%2C360\",\"width\":2160,\"height\":360,\"caption\":\"K-AddOn Produkte f\u00fcr Kawasaki Roboter01\"},{\"@type\":\"BreadcrumbList\",\"@id\":\"https:\/\/kawasakirobotics.com\/de\/products\/k-addon\/#breadcrumb\",\"itemListElement\":[{\"@type\":\"ListItem\",\"position\":1,\"name\":\"Home\",\"item\":\"https:\/\/kawasakirobotics.com\/de\/\"},{\"@type\":\"ListItem\",\"position\":2,\"name\":\"Suche nach Produkten\",\"item\":\"https:\/\/kawasakirobotics.com\/de\/products\/\"},{\"@type\":\"ListItem\",\"position\":3,\"name\":\"K-AddOn Produkte f\u00fcr Kawasaki Roboter\"}]},{\"@type\":\"WebSite\",\"@id\":\"https:\/\/kawasakirobotics.com\/de\/#website\",\"url\":\"https:\/\/kawasakirobotics.com\/de\/\",\"name\":\"Kawasaki Robotics\",\"description\":\"\",\"publisher\":{\"@id\":\"https:\/\/kawasakirobotics.com\/de\/#organization\"},\"potentialAction\":[{\"@type\":\"SearchAction\",\"target\":{\"@type\":\"EntryPoint\",\"urlTemplate\":\"https:\/\/kawasakirobotics.com\/de\/?s={search_term_string}\"},\"query-input\":{\"@type\":\"PropertyValueSpecification\",\"valueRequired\":true,\"valueName\":\"search_term_string\"}}],\"inLanguage\":\"de\"},{\"@type\":\"Organization\",\"@id\":\"https:\/\/kawasakirobotics.com\/de\/#organization\",\"name\":\"\u5ddd\u5d0e\u91cd\u5de5\u696d\u30ed\u30dc\u30c3\u30c8\u30c7\u30a3\u30d3\u30b8\u30e7\u30f3\",\"url\":\"https:\/\/kawasakirobotics.com\/de\/\",\"logo\":{\"@type\":\"ImageObject\",\"inLanguage\":\"de\",\"@id\":\"https:\/\/kawasakirobotics.com\/de\/#\/schema\/logo\/image\/\",\"url\":\"\",\"contentUrl\":\"\",\"caption\":\"\u5ddd\u5d0e\u91cd\u5de5\u696d\u30ed\u30dc\u30c3\u30c8\u30c7\u30a3\u30d3\u30b8\u30e7\u30f3\"},\"image\":{\"@id\":\"https:\/\/kawasakirobotics.com\/de\/#\/schema\/logo\/image\/\"}}]}<\/script>\n<!-- \/ Yoast SEO plugin. -->","yoast_head_json":{"title":"K-AddOn Produkte f\u00fcr Kawasaki Roboter | Industrieroboter von Kawasaki Robotics","description":"K-AddOn ist eine Plattform f\u00fcr Integratoren von Robotersystem und Nutzer von Robotern, die die zur \u00dcberpr\u00fcfung der Kompatibilit\u00e4t von Peripherieger\u00e4ten mit Kawasaki Robotern ben\u00f6tigte Zeit bei der Implementierung von Robotern verk\u00fcrzen soll, indem die Kompatibilit\u00e4t vorab verifiziert wird. Auf diese Weise finden Sie stets das richtige Werkzeug, um Ihre gew\u00fcnschte Anwendung zu realisieren.","robots":{"index":"index","follow":"follow","max-snippet":"max-snippet:-1","max-image-preview":"max-image-preview:large","max-video-preview":"max-video-preview:-1"},"canonical":"https:\/\/kawasakirobotics.com\/de\/products\/k-addon\/","og_locale":"de_DE","og_type":"article","og_title":"K-AddOn Produkte f\u00fcr Kawasaki Roboter | Industrieroboter von Kawasaki Robotics","og_description":"K-AddOn ist eine Plattform f\u00fcr Integratoren von Robotersystem und Nutzer von Robotern, die die zur \u00dcberpr\u00fcfung der Kompatibilit\u00e4t von Peripherieger\u00e4ten mit Kawasaki Robotern ben\u00f6tigte Zeit bei der Implementierung von Robotern verk\u00fcrzen soll, indem die Kompatibilit\u00e4t vorab verifiziert wird. Auf diese Weise finden Sie stets das richtige Werkzeug, um Ihre gew\u00fcnschte Anwendung zu realisieren.","og_url":"https:\/\/kawasakirobotics.com\/de\/products\/k-addon\/","og_site_name":"Kawasaki Robotics","article_modified_time":"2025-07-22T06:58:22+00:00","og_image":[{"url":"https:\/\/kawasakirobotics.com\/content\/themes\/krobot-theme\/src\/images\/default\/ogp.jpg","width":"1200","height":"630","type":"image\/jpeg"}],"twitter_card":"summary_large_image","schema":{"@context":"https:\/\/schema.org","@graph":[{"@type":"WebPage","@id":"https:\/\/kawasakirobotics.com\/de\/products\/k-addon\/","url":"https:\/\/kawasakirobotics.com\/de\/products\/k-addon\/","name":"K-AddOn Produkte f\u00fcr Kawasaki Roboter | Industrieroboter von Kawasaki Robotics","isPartOf":{"@id":"https:\/\/kawasakirobotics.com\/de\/#website"},"primaryImageOfPage":{"@id":"https:\/\/kawasakirobotics.com\/de\/products\/k-addon\/#primaryimage"},"image":{"@id":"https:\/\/kawasakirobotics.com\/de\/products\/k-addon\/#primaryimage"},"thumbnailUrl":"https:\/\/kawasakirobotics.com\/tachyon\/sites\/2\/2022\/01\/title-background-A1750927-2_ed.jpg?fit=2160%2C360","datePublished":"2022-01-19T08:55:28+00:00","dateModified":"2025-07-22T06:58:22+00:00","description":"K-AddOn ist eine Plattform f\u00fcr Integratoren von Robotersystem und Nutzer von Robotern, die die zur \u00dcberpr\u00fcfung der Kompatibilit\u00e4t von Peripherieger\u00e4ten mit Kawasaki Robotern ben\u00f6tigte Zeit bei der Implementierung von Robotern verk\u00fcrzen soll, indem die Kompatibilit\u00e4t vorab verifiziert wird. Auf diese Weise finden Sie stets das richtige Werkzeug, um Ihre gew\u00fcnschte Anwendung zu realisieren.","breadcrumb":{"@id":"https:\/\/kawasakirobotics.com\/de\/products\/k-addon\/#breadcrumb"},"inLanguage":"de","potentialAction":[{"@type":"ReadAction","target":["https:\/\/kawasakirobotics.com\/de\/products\/k-addon\/"]}]},{"@type":"ImageObject","inLanguage":"de","@id":"https:\/\/kawasakirobotics.com\/de\/products\/k-addon\/#primaryimage","url":"https:\/\/kawasakirobotics.com\/tachyon\/sites\/2\/2022\/01\/title-background-A1750927-2_ed.jpg?fit=2160%2C360","contentUrl":"https:\/\/kawasakirobotics.com\/tachyon\/sites\/2\/2022\/01\/title-background-A1750927-2_ed.jpg?fit=2160%2C360","width":2160,"height":360,"caption":"K-AddOn Produkte f\u00fcr Kawasaki Roboter01"},{"@type":"BreadcrumbList","@id":"https:\/\/kawasakirobotics.com\/de\/products\/k-addon\/#breadcrumb","itemListElement":[{"@type":"ListItem","position":1,"name":"Home","item":"https:\/\/kawasakirobotics.com\/de\/"},{"@type":"ListItem","position":2,"name":"Suche nach Produkten","item":"https:\/\/kawasakirobotics.com\/de\/products\/"},{"@type":"ListItem","position":3,"name":"K-AddOn Produkte f\u00fcr Kawasaki Roboter"}]},{"@type":"WebSite","@id":"https:\/\/kawasakirobotics.com\/de\/#website","url":"https:\/\/kawasakirobotics.com\/de\/","name":"Kawasaki Robotics","description":"","publisher":{"@id":"https:\/\/kawasakirobotics.com\/de\/#organization"},"potentialAction":[{"@type":"SearchAction","target":{"@type":"EntryPoint","urlTemplate":"https:\/\/kawasakirobotics.com\/de\/?s={search_term_string}"},"query-input":{"@type":"PropertyValueSpecification","valueRequired":true,"valueName":"search_term_string"}}],"inLanguage":"de"},{"@type":"Organization","@id":"https:\/\/kawasakirobotics.com\/de\/#organization","name":"\u5ddd\u5d0e\u91cd\u5de5\u696d\u30ed\u30dc\u30c3\u30c8\u30c7\u30a3\u30d3\u30b8\u30e7\u30f3","url":"https:\/\/kawasakirobotics.com\/de\/","logo":{"@type":"ImageObject","inLanguage":"de","@id":"https:\/\/kawasakirobotics.com\/de\/#\/schema\/logo\/image\/","url":"","contentUrl":"","caption":"\u5ddd\u5d0e\u91cd\u5de5\u696d\u30ed\u30dc\u30c3\u30c8\u30c7\u30a3\u30d3\u30b8\u30e7\u30f3"},"image":{"@id":"https:\/\/kawasakirobotics.com\/de\/#\/schema\/logo\/image\/"}}]}},"_links":{"self":[{"href":"https:\/\/kawasakirobotics.com\/de\/wp-json\/wp\/v2\/pages\/52","targetHints":{"allow":["GET"]}}],"collection":[{"href":"https:\/\/kawasakirobotics.com\/de\/wp-json\/wp\/v2\/pages"}],"about":[{"href":"https:\/\/kawasakirobotics.com\/de\/wp-json\/wp\/v2\/types\/page"}],"author":[{"embeddable":true,"href":"https:\/\/kawasakirobotics.com\/de\/wp-json\/wp\/v2\/users\/14"}],"replies":[{"embeddable":true,"href":"https:\/\/kawasakirobotics.com\/de\/wp-json\/wp\/v2\/comments?post=52"}],"version-history":[{"count":14,"href":"https:\/\/kawasakirobotics.com\/de\/wp-json\/wp\/v2\/pages\/52\/revisions"}],"predecessor-version":[{"id":6379,"href":"https:\/\/kawasakirobotics.com\/de\/wp-json\/wp\/v2\/pages\/52\/revisions\/6379"}],"up":[{"embeddable":true,"href":"https:\/\/kawasakirobotics.com\/de\/wp-json\/wp\/v2\/pages\/50"}],"wp:featuredmedia":[{"embeddable":true,"href":"https:\/\/kawasakirobotics.com\/de\/wp-json\/wp\/v2\/media\/930"}],"wp:attachment":[{"href":"https:\/\/kawasakirobotics.com\/de\/wp-json\/wp\/v2\/media?parent=52"}],"curies":[{"name":"wp","href":"https:\/\/api.w.org\/{rel}","templated":true}]}}