{"id":5558,"date":"2022-07-27T03:25:56","date_gmt":"2022-07-27T02:25:56","guid":{"rendered":"urn:uuid:193b5455-fdc8-4541-a914-e3761217085e"},"modified":"2025-07-22T07:54:17","modified_gmt":"2025-07-22T06:54:17","slug":"k-addon-partners_etid","status":"publish","type":"page","link":"https:\/\/kawasakirobotics.com\/de\/k-addon-partners_etid\/","title":{"rendered":"K-AddOn Partner"},"content":{"rendered":"\n<p>Bei K-AddOn Partnern handelt es sich um Ger\u00e4tehersteller, die im Rahmen unseres K-AddOn Programms Roboter-Peripherieger\u00e4te vertreiben, die sich problemlos an unsere Roboter anschlie\u00dfen lassen.<\/p>\n\n\n","protected":false},"excerpt":{"rendered":"<p>Bei K-AddOn Partnern handelt es sich um Ger\u00e4tehersteller, die im Rahmen unseres K-AddOn Programms Roboter-Peripherieger\u00e4te vertreiben, die sich problemlos an unsere Roboter anschlie\u00dfen lassen.<\/p>\n","protected":false},"author":20,"featured_media":930,"parent":0,"menu_order":3,"comment_status":"closed","ping_status":"closed","template":"page-templates\/custom-partner-index.php","meta":{"ep_exclude_from_search":false,"footnotes":""},"class_list":["post-5558","page","type-page","status-publish","has-post-thumbnail","hentry"],"yoast_head":"<!-- This site is optimized with the Yoast SEO plugin v25.9 - https:\/\/yoast.com\/wordpress\/plugins\/seo\/ -->\n<title>K-AddOn Partner | Industrieroboter von Kawasaki Robotics<\/title>\n<meta name=\"description\" content=\"K-AddOn Partner bieten Peripherieger\u00e4te an, welche einfach mit unseren Robotern genutzt werden k\u00f6nnen.\" \/>\n<meta name=\"robots\" content=\"index, follow, max-snippet:-1, max-image-preview:large, max-video-preview:-1\" \/>\n<link rel=\"canonical\" href=\"https:\/\/kawasakirobotics.com\/de\/k-addon-partners_etid\/\" \/>\n<meta property=\"og:locale\" content=\"de_DE\" \/>\n<meta property=\"og:type\" content=\"article\" \/>\n<meta property=\"og:title\" content=\"K-AddOn Partner | Industrieroboter von Kawasaki Robotics\" \/>\n<meta property=\"og:description\" content=\"K-AddOn Partner bieten Peripherieger\u00e4te an, welche einfach mit unseren Robotern genutzt werden k\u00f6nnen.\" \/>\n<meta property=\"og:url\" content=\"https:\/\/kawasakirobotics.com\/de\/k-addon-partners_etid\/\" \/>\n<meta property=\"og:site_name\" content=\"Kawasaki Robotics\" \/>\n<meta property=\"article:modified_time\" content=\"2025-07-22T06:54:17+00:00\" \/>\n<meta property=\"og:image\" content=\"https:\/\/kawasakirobotics.com\/content\/themes\/krobot-theme\/src\/images\/default\/ogp.jpg\" \/>\n\t<meta property=\"og:image:width\" content=\"1200\" \/>\n\t<meta property=\"og:image:height\" content=\"630\" \/>\n\t<meta property=\"og:image:type\" content=\"image\/jpeg\" \/>\n<meta name=\"twitter:card\" content=\"summary_large_image\" \/>\n<script type=\"application\/ld+json\" class=\"yoast-schema-graph\">{\"@context\":\"https:\/\/schema.org\",\"@graph\":[{\"@type\":\"WebPage\",\"@id\":\"https:\/\/kawasakirobotics.com\/de\/k-addon-partners_etid\/\",\"url\":\"https:\/\/kawasakirobotics.com\/de\/k-addon-partners_etid\/\",\"name\":\"K-AddOn Partner | Industrieroboter von Kawasaki Robotics\",\"isPartOf\":{\"@id\":\"https:\/\/kawasakirobotics.com\/de\/#website\"},\"primaryImageOfPage\":{\"@id\":\"https:\/\/kawasakirobotics.com\/de\/k-addon-partners_etid\/#primaryimage\"},\"image\":{\"@id\":\"https:\/\/kawasakirobotics.com\/de\/k-addon-partners_etid\/#primaryimage\"},\"thumbnailUrl\":\"https:\/\/kawasakirobotics.com\/tachyon\/sites\/2\/2022\/01\/title-background-A1750927-2_ed.jpg?fit=2160%2C360\",\"datePublished\":\"2022-07-27T02:25:56+00:00\",\"dateModified\":\"2025-07-22T06:54:17+00:00\",\"description\":\"K-AddOn Partner bieten Peripherieger\u00e4te an, welche einfach mit unseren Robotern genutzt werden k\u00f6nnen.\",\"breadcrumb\":{\"@id\":\"https:\/\/kawasakirobotics.com\/de\/k-addon-partners_etid\/#breadcrumb\"},\"inLanguage\":\"de\",\"potentialAction\":[{\"@type\":\"ReadAction\",\"target\":[\"https:\/\/kawasakirobotics.com\/de\/k-addon-partners_etid\/\"]}]},{\"@type\":\"ImageObject\",\"inLanguage\":\"de\",\"@id\":\"https:\/\/kawasakirobotics.com\/de\/k-addon-partners_etid\/#primaryimage\",\"url\":\"https:\/\/kawasakirobotics.com\/tachyon\/sites\/2\/2022\/01\/title-background-A1750927-2_ed.jpg?fit=2160%2C360\",\"contentUrl\":\"https:\/\/kawasakirobotics.com\/tachyon\/sites\/2\/2022\/01\/title-background-A1750927-2_ed.jpg?fit=2160%2C360\",\"width\":2160,\"height\":360,\"caption\":\"K-AddOn Produkte f\u00fcr Kawasaki Roboter01\"},{\"@type\":\"BreadcrumbList\",\"@id\":\"https:\/\/kawasakirobotics.com\/de\/k-addon-partners_etid\/#breadcrumb\",\"itemListElement\":[{\"@type\":\"ListItem\",\"position\":1,\"name\":\"Home\",\"item\":\"https:\/\/kawasakirobotics.com\/de\/\"},{\"@type\":\"ListItem\",\"position\":2,\"name\":\"K-AddOn Partner\"}]},{\"@type\":\"WebSite\",\"@id\":\"https:\/\/kawasakirobotics.com\/de\/#website\",\"url\":\"https:\/\/kawasakirobotics.com\/de\/\",\"name\":\"Kawasaki Robotics\",\"description\":\"\",\"publisher\":{\"@id\":\"https:\/\/kawasakirobotics.com\/de\/#organization\"},\"potentialAction\":[{\"@type\":\"SearchAction\",\"target\":{\"@type\":\"EntryPoint\",\"urlTemplate\":\"https:\/\/kawasakirobotics.com\/de\/?s={search_term_string}\"},\"query-input\":{\"@type\":\"PropertyValueSpecification\",\"valueRequired\":true,\"valueName\":\"search_term_string\"}}],\"inLanguage\":\"de\"},{\"@type\":\"Organization\",\"@id\":\"https:\/\/kawasakirobotics.com\/de\/#organization\",\"name\":\"\u5ddd\u5d0e\u91cd\u5de5\u696d\u30ed\u30dc\u30c3\u30c8\u30c7\u30a3\u30d3\u30b8\u30e7\u30f3\",\"url\":\"https:\/\/kawasakirobotics.com\/de\/\",\"logo\":{\"@type\":\"ImageObject\",\"inLanguage\":\"de\",\"@id\":\"https:\/\/kawasakirobotics.com\/de\/#\/schema\/logo\/image\/\",\"url\":\"\",\"contentUrl\":\"\",\"caption\":\"\u5ddd\u5d0e\u91cd\u5de5\u696d\u30ed\u30dc\u30c3\u30c8\u30c7\u30a3\u30d3\u30b8\u30e7\u30f3\"},\"image\":{\"@id\":\"https:\/\/kawasakirobotics.com\/de\/#\/schema\/logo\/image\/\"}}]}<\/script>\n<!-- \/ Yoast SEO plugin. -->","yoast_head_json":{"title":"K-AddOn Partner | Industrieroboter von Kawasaki Robotics","description":"K-AddOn Partner bieten Peripherieger\u00e4te an, welche einfach mit unseren Robotern genutzt werden k\u00f6nnen.","robots":{"index":"index","follow":"follow","max-snippet":"max-snippet:-1","max-image-preview":"max-image-preview:large","max-video-preview":"max-video-preview:-1"},"canonical":"https:\/\/kawasakirobotics.com\/de\/k-addon-partners_etid\/","og_locale":"de_DE","og_type":"article","og_title":"K-AddOn Partner | Industrieroboter von Kawasaki Robotics","og_description":"K-AddOn Partner bieten Peripherieger\u00e4te an, welche einfach mit unseren Robotern genutzt werden k\u00f6nnen.","og_url":"https:\/\/kawasakirobotics.com\/de\/k-addon-partners_etid\/","og_site_name":"Kawasaki Robotics","article_modified_time":"2025-07-22T06:54:17+00:00","og_image":[{"url":"https:\/\/kawasakirobotics.com\/content\/themes\/krobot-theme\/src\/images\/default\/ogp.jpg","width":"1200","height":"630","type":"image\/jpeg"}],"twitter_card":"summary_large_image","schema":{"@context":"https:\/\/schema.org","@graph":[{"@type":"WebPage","@id":"https:\/\/kawasakirobotics.com\/de\/k-addon-partners_etid\/","url":"https:\/\/kawasakirobotics.com\/de\/k-addon-partners_etid\/","name":"K-AddOn Partner | Industrieroboter von Kawasaki Robotics","isPartOf":{"@id":"https:\/\/kawasakirobotics.com\/de\/#website"},"primaryImageOfPage":{"@id":"https:\/\/kawasakirobotics.com\/de\/k-addon-partners_etid\/#primaryimage"},"image":{"@id":"https:\/\/kawasakirobotics.com\/de\/k-addon-partners_etid\/#primaryimage"},"thumbnailUrl":"https:\/\/kawasakirobotics.com\/tachyon\/sites\/2\/2022\/01\/title-background-A1750927-2_ed.jpg?fit=2160%2C360","datePublished":"2022-07-27T02:25:56+00:00","dateModified":"2025-07-22T06:54:17+00:00","description":"K-AddOn Partner bieten Peripherieger\u00e4te an, welche einfach mit unseren Robotern genutzt werden k\u00f6nnen.","breadcrumb":{"@id":"https:\/\/kawasakirobotics.com\/de\/k-addon-partners_etid\/#breadcrumb"},"inLanguage":"de","potentialAction":[{"@type":"ReadAction","target":["https:\/\/kawasakirobotics.com\/de\/k-addon-partners_etid\/"]}]},{"@type":"ImageObject","inLanguage":"de","@id":"https:\/\/kawasakirobotics.com\/de\/k-addon-partners_etid\/#primaryimage","url":"https:\/\/kawasakirobotics.com\/tachyon\/sites\/2\/2022\/01\/title-background-A1750927-2_ed.jpg?fit=2160%2C360","contentUrl":"https:\/\/kawasakirobotics.com\/tachyon\/sites\/2\/2022\/01\/title-background-A1750927-2_ed.jpg?fit=2160%2C360","width":2160,"height":360,"caption":"K-AddOn Produkte f\u00fcr Kawasaki Roboter01"},{"@type":"BreadcrumbList","@id":"https:\/\/kawasakirobotics.com\/de\/k-addon-partners_etid\/#breadcrumb","itemListElement":[{"@type":"ListItem","position":1,"name":"Home","item":"https:\/\/kawasakirobotics.com\/de\/"},{"@type":"ListItem","position":2,"name":"K-AddOn Partner"}]},{"@type":"WebSite","@id":"https:\/\/kawasakirobotics.com\/de\/#website","url":"https:\/\/kawasakirobotics.com\/de\/","name":"Kawasaki Robotics","description":"","publisher":{"@id":"https:\/\/kawasakirobotics.com\/de\/#organization"},"potentialAction":[{"@type":"SearchAction","target":{"@type":"EntryPoint","urlTemplate":"https:\/\/kawasakirobotics.com\/de\/?s={search_term_string}"},"query-input":{"@type":"PropertyValueSpecification","valueRequired":true,"valueName":"search_term_string"}}],"inLanguage":"de"},{"@type":"Organization","@id":"https:\/\/kawasakirobotics.com\/de\/#organization","name":"\u5ddd\u5d0e\u91cd\u5de5\u696d\u30ed\u30dc\u30c3\u30c8\u30c7\u30a3\u30d3\u30b8\u30e7\u30f3","url":"https:\/\/kawasakirobotics.com\/de\/","logo":{"@type":"ImageObject","inLanguage":"de","@id":"https:\/\/kawasakirobotics.com\/de\/#\/schema\/logo\/image\/","url":"","contentUrl":"","caption":"\u5ddd\u5d0e\u91cd\u5de5\u696d\u30ed\u30dc\u30c3\u30c8\u30c7\u30a3\u30d3\u30b8\u30e7\u30f3"},"image":{"@id":"https:\/\/kawasakirobotics.com\/de\/#\/schema\/logo\/image\/"}}]}},"_links":{"self":[{"href":"https:\/\/kawasakirobotics.com\/de\/wp-json\/wp\/v2\/pages\/5558","targetHints":{"allow":["GET"]}}],"collection":[{"href":"https:\/\/kawasakirobotics.com\/de\/wp-json\/wp\/v2\/pages"}],"about":[{"href":"https:\/\/kawasakirobotics.com\/de\/wp-json\/wp\/v2\/types\/page"}],"author":[{"embeddable":true,"href":"https:\/\/kawasakirobotics.com\/de\/wp-json\/wp\/v2\/users\/20"}],"replies":[{"embeddable":true,"href":"https:\/\/kawasakirobotics.com\/de\/wp-json\/wp\/v2\/comments?post=5558"}],"version-history":[{"count":6,"href":"https:\/\/kawasakirobotics.com\/de\/wp-json\/wp\/v2\/pages\/5558\/revisions"}],"predecessor-version":[{"id":6377,"href":"https:\/\/kawasakirobotics.com\/de\/wp-json\/wp\/v2\/pages\/5558\/revisions\/6377"}],"wp:featuredmedia":[{"embeddable":true,"href":"https:\/\/kawasakirobotics.com\/de\/wp-json\/wp\/v2\/media\/930"}],"wp:attachment":[{"href":"https:\/\/kawasakirobotics.com\/de\/wp-json\/wp\/v2\/media?parent=5558"}],"curies":[{"name":"wp","href":"https:\/\/api.w.org\/{rel}","templated":true}]}}