{"id":56,"date":"2022-01-19T17:56:24","date_gmt":"2022-01-19T08:56:24","guid":{"rendered":"urn:uuid:f979949d-bcb6-4ad2-81d2-99435ce77cf1"},"modified":"2022-02-28T12:15:25","modified_gmt":"2022-02-28T11:15:25","slug":"cad-disclaimer","status":"publish","type":"page","link":"https:\/\/kawasakirobotics.com\/de\/products\/cad-disclaimer\/","title":{"rendered":"Hinweise zur CAD-Datennutzung"},"content":{"rendered":"\n<p>Zur Verwendung der CAD-Daten auf dieser Website, bitte best\u00e4tigen Sie die folgenden Hinweise. Vielen Dank im Voraus f\u00fcr Ihre Anerkennung<\/p>\n\n\n\n<h2 class=\"wp-block-heading\"><strong>1. Zweck der Datenverwendung<\/strong><\/h2>\n\n\n\n<p>CAD-Daten auf dieser Website, in Layout-Design mit CAD, als Zweck bieten wir Ihnen zur einfachen Pr\u00fcfung auf Interferenz und Form usw. des Roboters an.<\/p>\n\n\n\n<h2 class=\"wp-block-heading\"><strong>2. Daten Eigenschaften<\/strong><\/h2>\n\n\n\n<p>Die CAD-Daten k\u00f6nnen, aufgrund von Toleranz, Oberfl\u00e4chenrauheit, L\u00f6cher usw., von der tats\u00e4chlichen Produktform abweichen. Dar\u00fcber hinaus, um die Kapazit\u00e4t von CAD-Daten zu reduzieren und eine stabile Datenbereitstellen aufrechtzuerhalten, gibt es die M\u00f6glichkeit, dass Forme von einige Produkte ihre Daten abgek\u00fcrzt werden. Vielen Dank im Voraus f\u00fcr Ihre Anerkennung.<\/p>\n\n\n\n<h2 class=\"wp-block-heading\"><strong>3. Disclaimer<\/strong><\/h2>\n\n\n\n<p>Though Kawasaki creates the CAD data meticulously, the accuracy of the CAD data cannot be guaranteed due to the data characteristics mentioned above. Also, the CAD data on this website is subject to change, addition and\/or deletion without prior notice. Kawasaki shall bear no liability for any damage suffered by the use, change and deletion of the CAD data for any reason<\/p>\n\n\n\n<h2 class=\"wp-block-heading\"><strong>4. Zuordnung von Rechten an geistigem Eigentum<\/strong><\/h2>\n\n\n\n<p>Enthaltene Rechte des geistigen Eigentums und alle anderen Rechte in den CAD-Daten geh\u00f6ren zu unserer Firma. Die Verwendung von Duplizierung, \u00f6ffentliche \u00dcbertragung, \u00c4nderung, Umleitung, Verkauf usw. von CAD-Daten au\u00dferhalb der oben genannten Zwecke ist ohne Genehmigung im Voraus von unserer Firma nicht erlaubt. Wenn der Verwendungszweck und die Nutzung von CAD-Daten gegen Gesetze und Verordnungen versto\u00dfen, wird unsere Firma die Verwendung von CAD-Daten untersagen, und es gibt die M\u00f6glichkeit, dass rechtliche Ma\u00dfnahmen ergriffen werden.<\/p>\n","protected":false},"excerpt":{"rendered":"<p>Zur Verwendung der CAD-Daten auf dieser Website, bitte best\u00e4tigen Sie die folgenden Hinweise. Vielen Dank im Voraus f\u00fcr Ihre Anerkennung 1. Zweck der Datenverwendung CAD-Daten auf dieser Website, in Layout-Design mit CAD, als Zweck bieten wir Ihnen zur einfachen Pr\u00fcfung auf Interferenz und Form usw. des Roboters an. 2. Daten Eigenschaften Die CAD-Daten k\u00f6nnen, aufgrund von Toleranz, Oberfl\u00e4chenrauheit, L\u00f6cher usw., von der tats\u00e4chlichen Produktform abweichen. Dar\u00fcber hinaus, um die Kapazit\u00e4t von CAD-Daten zu reduzieren und eine stabile Datenbereitstellen aufrechtzuerhalten, gibt es die M\u00f6glichkeit, dass Forme von einige Produkte ihre Daten abgek\u00fcrzt werden. Vielen Dank im Voraus f\u00fcr Ihre Anerkennung. 3. Disclaimer Though Kawasaki creates the CAD data meticulously, the accuracy [&hellip;]<\/p>\n","protected":false},"author":9,"featured_media":4739,"parent":50,"menu_order":3,"comment_status":"closed","ping_status":"closed","template":"page-templates\/custom-title-with-background.php","meta":{"ep_exclude_from_search":false,"footnotes":""},"class_list":["post-56","page","type-page","status-publish","has-post-thumbnail","hentry"],"yoast_head":"<!-- This site is optimized with the Yoast SEO plugin v25.9 - https:\/\/yoast.com\/wordpress\/plugins\/seo\/ -->\n<title>Hinweise zur CAD-Datennutzung | Industrieroboter von Kawasaki Robotics<\/title>\n<meta name=\"description\" content=\"Kawasaki Heavy Industries | Hinweise zur CAD-Datennutzung\" \/>\n<meta name=\"robots\" content=\"index, follow, max-snippet:-1, max-image-preview:large, max-video-preview:-1\" \/>\n<link rel=\"canonical\" href=\"https:\/\/kawasakirobotics.com\/de\/products\/cad-disclaimer\/\" \/>\n<meta property=\"og:locale\" content=\"de_DE\" \/>\n<meta property=\"og:type\" content=\"article\" \/>\n<meta property=\"og:title\" content=\"Hinweise zur CAD-Datennutzung | Industrieroboter von Kawasaki Robotics\" \/>\n<meta property=\"og:description\" content=\"Kawasaki Heavy Industries | Hinweise zur CAD-Datennutzung\" \/>\n<meta property=\"og:url\" content=\"https:\/\/kawasakirobotics.com\/de\/products\/cad-disclaimer\/\" \/>\n<meta property=\"og:site_name\" content=\"Kawasaki Robotics\" \/>\n<meta property=\"article:modified_time\" content=\"2022-02-28T11:15:25+00:00\" \/>\n<meta property=\"og:image\" content=\"https:\/\/kawasakirobotics.com\/content\/themes\/krobot-theme\/src\/images\/default\/ogp.jpg\" \/>\n\t<meta property=\"og:image:width\" content=\"1200\" \/>\n\t<meta property=\"og:image:height\" content=\"630\" \/>\n\t<meta property=\"og:image:type\" content=\"image\/jpeg\" \/>\n<meta name=\"twitter:card\" content=\"summary_large_image\" \/>\n<script type=\"application\/ld+json\" class=\"yoast-schema-graph\">{\"@context\":\"https:\/\/schema.org\",\"@graph\":[{\"@type\":\"WebPage\",\"@id\":\"https:\/\/kawasakirobotics.com\/de\/products\/cad-disclaimer\/\",\"url\":\"https:\/\/kawasakirobotics.com\/de\/products\/cad-disclaimer\/\",\"name\":\"Hinweise zur CAD-Datennutzung | Industrieroboter von Kawasaki Robotics\",\"isPartOf\":{\"@id\":\"https:\/\/kawasakirobotics.com\/de\/#website\"},\"primaryImageOfPage\":{\"@id\":\"https:\/\/kawasakirobotics.com\/de\/products\/cad-disclaimer\/#primaryimage\"},\"image\":{\"@id\":\"https:\/\/kawasakirobotics.com\/de\/products\/cad-disclaimer\/#primaryimage\"},\"thumbnailUrl\":\"https:\/\/kawasakirobotics.com\/tachyon\/sites\/2\/2022\/01\/title-background-B1830324.jpg?fit=2160%2C360\",\"datePublished\":\"2022-01-19T08:56:24+00:00\",\"dateModified\":\"2022-02-28T11:15:25+00:00\",\"description\":\"Kawasaki Heavy Industries | Hinweise zur CAD-Datennutzung\",\"breadcrumb\":{\"@id\":\"https:\/\/kawasakirobotics.com\/de\/products\/cad-disclaimer\/#breadcrumb\"},\"inLanguage\":\"de\",\"potentialAction\":[{\"@type\":\"ReadAction\",\"target\":[\"https:\/\/kawasakirobotics.com\/de\/products\/cad-disclaimer\/\"]}]},{\"@type\":\"ImageObject\",\"inLanguage\":\"de\",\"@id\":\"https:\/\/kawasakirobotics.com\/de\/products\/cad-disclaimer\/#primaryimage\",\"url\":\"https:\/\/kawasakirobotics.com\/tachyon\/sites\/2\/2022\/01\/title-background-B1830324.jpg?fit=2160%2C360\",\"contentUrl\":\"https:\/\/kawasakirobotics.com\/tachyon\/sites\/2\/2022\/01\/title-background-B1830324.jpg?fit=2160%2C360\",\"width\":2160,\"height\":360,\"caption\":\"Hinweise zur CAD-Datennutzung\"},{\"@type\":\"BreadcrumbList\",\"@id\":\"https:\/\/kawasakirobotics.com\/de\/products\/cad-disclaimer\/#breadcrumb\",\"itemListElement\":[{\"@type\":\"ListItem\",\"position\":1,\"name\":\"Home\",\"item\":\"https:\/\/kawasakirobotics.com\/de\/\"},{\"@type\":\"ListItem\",\"position\":2,\"name\":\"Suche nach Produkten\",\"item\":\"https:\/\/kawasakirobotics.com\/de\/products\/\"},{\"@type\":\"ListItem\",\"position\":3,\"name\":\"Hinweise zur CAD-Datennutzung\"}]},{\"@type\":\"WebSite\",\"@id\":\"https:\/\/kawasakirobotics.com\/de\/#website\",\"url\":\"https:\/\/kawasakirobotics.com\/de\/\",\"name\":\"Kawasaki Robotics\",\"description\":\"\",\"publisher\":{\"@id\":\"https:\/\/kawasakirobotics.com\/de\/#organization\"},\"potentialAction\":[{\"@type\":\"SearchAction\",\"target\":{\"@type\":\"EntryPoint\",\"urlTemplate\":\"https:\/\/kawasakirobotics.com\/de\/?s={search_term_string}\"},\"query-input\":{\"@type\":\"PropertyValueSpecification\",\"valueRequired\":true,\"valueName\":\"search_term_string\"}}],\"inLanguage\":\"de\"},{\"@type\":\"Organization\",\"@id\":\"https:\/\/kawasakirobotics.com\/de\/#organization\",\"name\":\"\u5ddd\u5d0e\u91cd\u5de5\u696d\u30ed\u30dc\u30c3\u30c8\u30c7\u30a3\u30d3\u30b8\u30e7\u30f3\",\"url\":\"https:\/\/kawasakirobotics.com\/de\/\",\"logo\":{\"@type\":\"ImageObject\",\"inLanguage\":\"de\",\"@id\":\"https:\/\/kawasakirobotics.com\/de\/#\/schema\/logo\/image\/\",\"url\":\"\",\"contentUrl\":\"\",\"caption\":\"\u5ddd\u5d0e\u91cd\u5de5\u696d\u30ed\u30dc\u30c3\u30c8\u30c7\u30a3\u30d3\u30b8\u30e7\u30f3\"},\"image\":{\"@id\":\"https:\/\/kawasakirobotics.com\/de\/#\/schema\/logo\/image\/\"}}]}<\/script>\n<!-- \/ Yoast SEO plugin. -->","yoast_head_json":{"title":"Hinweise zur CAD-Datennutzung | Industrieroboter von Kawasaki Robotics","description":"Kawasaki Heavy Industries | Hinweise zur CAD-Datennutzung","robots":{"index":"index","follow":"follow","max-snippet":"max-snippet:-1","max-image-preview":"max-image-preview:large","max-video-preview":"max-video-preview:-1"},"canonical":"https:\/\/kawasakirobotics.com\/de\/products\/cad-disclaimer\/","og_locale":"de_DE","og_type":"article","og_title":"Hinweise zur CAD-Datennutzung | Industrieroboter von Kawasaki Robotics","og_description":"Kawasaki Heavy Industries | Hinweise zur CAD-Datennutzung","og_url":"https:\/\/kawasakirobotics.com\/de\/products\/cad-disclaimer\/","og_site_name":"Kawasaki Robotics","article_modified_time":"2022-02-28T11:15:25+00:00","og_image":[{"url":"https:\/\/kawasakirobotics.com\/content\/themes\/krobot-theme\/src\/images\/default\/ogp.jpg","width":"1200","height":"630","type":"image\/jpeg"}],"twitter_card":"summary_large_image","schema":{"@context":"https:\/\/schema.org","@graph":[{"@type":"WebPage","@id":"https:\/\/kawasakirobotics.com\/de\/products\/cad-disclaimer\/","url":"https:\/\/kawasakirobotics.com\/de\/products\/cad-disclaimer\/","name":"Hinweise zur CAD-Datennutzung | Industrieroboter von Kawasaki Robotics","isPartOf":{"@id":"https:\/\/kawasakirobotics.com\/de\/#website"},"primaryImageOfPage":{"@id":"https:\/\/kawasakirobotics.com\/de\/products\/cad-disclaimer\/#primaryimage"},"image":{"@id":"https:\/\/kawasakirobotics.com\/de\/products\/cad-disclaimer\/#primaryimage"},"thumbnailUrl":"https:\/\/kawasakirobotics.com\/tachyon\/sites\/2\/2022\/01\/title-background-B1830324.jpg?fit=2160%2C360","datePublished":"2022-01-19T08:56:24+00:00","dateModified":"2022-02-28T11:15:25+00:00","description":"Kawasaki Heavy Industries | Hinweise zur CAD-Datennutzung","breadcrumb":{"@id":"https:\/\/kawasakirobotics.com\/de\/products\/cad-disclaimer\/#breadcrumb"},"inLanguage":"de","potentialAction":[{"@type":"ReadAction","target":["https:\/\/kawasakirobotics.com\/de\/products\/cad-disclaimer\/"]}]},{"@type":"ImageObject","inLanguage":"de","@id":"https:\/\/kawasakirobotics.com\/de\/products\/cad-disclaimer\/#primaryimage","url":"https:\/\/kawasakirobotics.com\/tachyon\/sites\/2\/2022\/01\/title-background-B1830324.jpg?fit=2160%2C360","contentUrl":"https:\/\/kawasakirobotics.com\/tachyon\/sites\/2\/2022\/01\/title-background-B1830324.jpg?fit=2160%2C360","width":2160,"height":360,"caption":"Hinweise zur CAD-Datennutzung"},{"@type":"BreadcrumbList","@id":"https:\/\/kawasakirobotics.com\/de\/products\/cad-disclaimer\/#breadcrumb","itemListElement":[{"@type":"ListItem","position":1,"name":"Home","item":"https:\/\/kawasakirobotics.com\/de\/"},{"@type":"ListItem","position":2,"name":"Suche nach Produkten","item":"https:\/\/kawasakirobotics.com\/de\/products\/"},{"@type":"ListItem","position":3,"name":"Hinweise zur CAD-Datennutzung"}]},{"@type":"WebSite","@id":"https:\/\/kawasakirobotics.com\/de\/#website","url":"https:\/\/kawasakirobotics.com\/de\/","name":"Kawasaki Robotics","description":"","publisher":{"@id":"https:\/\/kawasakirobotics.com\/de\/#organization"},"potentialAction":[{"@type":"SearchAction","target":{"@type":"EntryPoint","urlTemplate":"https:\/\/kawasakirobotics.com\/de\/?s={search_term_string}"},"query-input":{"@type":"PropertyValueSpecification","valueRequired":true,"valueName":"search_term_string"}}],"inLanguage":"de"},{"@type":"Organization","@id":"https:\/\/kawasakirobotics.com\/de\/#organization","name":"\u5ddd\u5d0e\u91cd\u5de5\u696d\u30ed\u30dc\u30c3\u30c8\u30c7\u30a3\u30d3\u30b8\u30e7\u30f3","url":"https:\/\/kawasakirobotics.com\/de\/","logo":{"@type":"ImageObject","inLanguage":"de","@id":"https:\/\/kawasakirobotics.com\/de\/#\/schema\/logo\/image\/","url":"","contentUrl":"","caption":"\u5ddd\u5d0e\u91cd\u5de5\u696d\u30ed\u30dc\u30c3\u30c8\u30c7\u30a3\u30d3\u30b8\u30e7\u30f3"},"image":{"@id":"https:\/\/kawasakirobotics.com\/de\/#\/schema\/logo\/image\/"}}]}},"_links":{"self":[{"href":"https:\/\/kawasakirobotics.com\/de\/wp-json\/wp\/v2\/pages\/56","targetHints":{"allow":["GET"]}}],"collection":[{"href":"https:\/\/kawasakirobotics.com\/de\/wp-json\/wp\/v2\/pages"}],"about":[{"href":"https:\/\/kawasakirobotics.com\/de\/wp-json\/wp\/v2\/types\/page"}],"author":[{"embeddable":true,"href":"https:\/\/kawasakirobotics.com\/de\/wp-json\/wp\/v2\/users\/9"}],"replies":[{"embeddable":true,"href":"https:\/\/kawasakirobotics.com\/de\/wp-json\/wp\/v2\/comments?post=56"}],"version-history":[{"count":3,"href":"https:\/\/kawasakirobotics.com\/de\/wp-json\/wp\/v2\/pages\/56\/revisions"}],"predecessor-version":[{"id":5091,"href":"https:\/\/kawasakirobotics.com\/de\/wp-json\/wp\/v2\/pages\/56\/revisions\/5091"}],"up":[{"embeddable":true,"href":"https:\/\/kawasakirobotics.com\/de\/wp-json\/wp\/v2\/pages\/50"}],"wp:featuredmedia":[{"embeddable":true,"href":"https:\/\/kawasakirobotics.com\/de\/wp-json\/wp\/v2\/media\/4739"}],"wp:attachment":[{"href":"https:\/\/kawasakirobotics.com\/de\/wp-json\/wp\/v2\/media?parent=56"}],"curies":[{"name":"wp","href":"https:\/\/api.w.org\/{rel}","templated":true}]}}