{"id":5748,"date":"2023-01-11T11:53:21","date_gmt":"2023-01-11T10:53:21","guid":{"rendered":"urn:uuid:d7b78d88-c6ff-439a-bd9b-7085be5d9e24"},"modified":"2025-10-23T08:50:43","modified_gmt":"2025-10-23T07:50:43","slug":"impressum","status":"publish","type":"page","link":"https:\/\/kawasakirobotics.com\/de\/impressum\/","title":{"rendered":"Impressum"},"content":{"rendered":"\n<p class=\"has-red-color has-text-color\"><mark class=\"has-inline-color has-black-color\">Last Updated: 03\/10\/2025<\/mark><\/p>\n\n\n\n<p>Lesen Sie unsere<a href=\"https:\/\/kawasakirobotics.com\/uploads\/sites\/5\/2024\/04\/AGBKawasakiRoboticsDE.pdf\"> <strong>Allgemeinen Gesch\u00e4ftsbedingungen<\/strong><\/a> und unseren <a href=\"https:\/\/kawasakirobotics.com\/uploads\/sites\/5\/2024\/04\/Kawasaki-Code-of-Conduct.pdf\"><strong>Code of Conduct<\/strong><\/a>.<\/p>\n\n\n\n<p><strong>Verantwortlich f\u00fcr den<\/strong><br><strong>Inhalt i.S.d. DDG und f\u00fcr den<\/strong><br><strong>Datenschutz i.S.d. DSGVO:<\/strong><\/p>\n\n\n\n<p><strong>Kawasaki Robotics GmbH<\/strong><br>Im Taubental 32<br>41468 Neuss<br>Tel.:+49 (0) 2131 34260<br>E-Mail:&nbsp;<a href=\"mailto:info@kawasakirobotics.de\" target=\"_blank\" rel=\"noreferrer noopener\">info@kawasakirobotics.de<\/a><\/p>\n\n\n\n<p><strong>Gesch\u00e4ftsf\u00fchrer:<\/strong><br>Shuhei Kuraoka, Makoto Tanami<\/p>\n\n\n\n<p><strong>Registergericht:<\/strong><br>Amtsgericht Neuss HRB 8188<br>USt-ID-Nr: DE 811916177<\/p>\n\n\n\n<p><strong>Gestaltung und Programmierung:<\/strong><br>Kawasaki Heavy Industries, Ltd.<\/p>\n\n\n\n<p><strong>Rechtshinweis und Haftungsausschluss<\/strong><\/p>\n\n\n\n<p>Form und Inhalt dieser Website sind urheberrechtlich gesch\u00fctzt. \u00a9 2020 by Kawasaki Robotics GmbH<\/p>\n\n\n\n<p>Das Kopieren und Nutzen von Inhalten, insbesondere die Verwendung von Bildern, Texten oder Textteilen bedarf der vorherigen schriftlichen Zustimmung durch Kawasaki Robotics GmbH.<\/p>\n\n\n\n<p>Die Kawasaki Robotics GmbH \u00fcbernimmt keinerlei Gew\u00e4hr f\u00fcr die Korrektheit, Vollst\u00e4ndigkeit, Aktualit\u00e4t oder Qualit\u00e4t der bereitgestellten Informationen.<\/p>\n\n\n\n<p>Haftungsanspr\u00fcche jeglicher Art gegen die Kawasaki Robotics GmbH, die durch die Nutzung dieser Website oder deren Inhalte verursacht wurden, sind grunds\u00e4tzlich ausgeschlossen.<\/p>\n\n\n\n<p>Die Kawasaki Robotics GmbH beh\u00e4lt sich das Recht vor, jederzeit \u00c4nderungen oder Erg\u00e4nzungen dieser Website vorzunehmen.<\/p>\n\n\n\n<p>Alle Angebote auf dieser Website sind freibleibend und unverbindlich.<\/p>\n\n\n\n<p>Bitte informieren Sie sich vor der Kontaktaufnahme \u00fcber unsere Ma\u00dfnahmen zum Datenschutz. Sie finden diese Informationen in unserer&nbsp;<a href=\"https:\/\/kawasakirobotics.com\/de\/datenschutz\/\">Datenschutzerkl\u00e4rung<\/a>.<\/p>\n\n\n\n<p><strong>Informationen zur Datenerhebung gem\u00e4\u00df Artikel 13 DSGVO<\/strong><\/p>\n\n\n\n<p>Die<br>Kawasaki Robotics GmbH<br>Im Taubental 32<br>41468 Neuss<br>Tel.:+49 (0) 2131 34260<br>E-Mail:&nbsp;<a href=\"mailto:info@kawasakirobotics.de\" target=\"_blank\" rel=\"noreferrer noopener\">info@kawasakirobotics.de<\/a><\/p>\n\n\n\n<p>erhebt Ihre Daten zum Zweck der Vertragsdurchf\u00fchrung, zur Erf\u00fcllung ihrer vertraglichen und vorvertraglichen Pflichten sowie zur Direktwerbung.<\/p>\n\n\n\n<p>Die Datenerhebung und Datenverarbeitung ist f\u00fcr die Durchf\u00fchrung des Vertrags erforderlich und beruht auf Artikel 6 Abs. 1 b) DSGVO.<br>Eine Weitergabe der Daten an Dritte findet nicht statt.<br>Die Daten werden gel\u00f6scht, sobald sie f\u00fcr den Zweck ihrer Verarbeitung nicht mehr erforderlich sind und sofern der L\u00f6schung keine gesetzlichen Bestimmungen entgegenstehen, z.B. Aufbewahrungspflichten.<\/p>\n\n\n\n<p>Sie haben das Recht, der Verwendung Ihrer Daten zum Zweck der Direktwerbung jederzeit zu widersprechen.<\/p>\n\n\n\n<p>Zudem sind Sie berechtigt, Auskunft der bei uns \u00fcber Sie gespeicherten Daten zu beantragen sowie bei Unrichtigkeit der Daten die Berichtigung oder bei unzul\u00e4ssiger Datenspeicherung die L\u00f6schung der Daten zu fordern.<\/p>\n\n\n\n<p>Sie k\u00f6nnen unseren Verantwortlichen f\u00fcr den Datenschutz, Herrn Kuraoka, unter den oben angegebenen Kontaktdaten oder per Post an unsere Anschrift erreichen.<\/p>\n\n\n\n<p>Ihnen steht des Weiteren ein Beschwerderecht bei der Aufsichtsbeh\u00f6rde zu.<br>Diese ist:<\/p>\n\n\n\n<p>Landesbeauftragte f\u00fcr Datenschutz und Informationsfreiheit NRW<br>Kavalleriestra\u00dfe 2-4<br>40213 D\u00fcsseldorf<br>Telefon: +49 (0) 211 38424-0<br>Telefax: +49 (0) 211 38424-10<br>E-Mail: poststelle@ldi.nrw.de<br>Internet: www.ldi.nrw.de<\/p>\n\n\n\n<p>oder Postanschrift:<\/p>\n\n\n\n<p>Landesbeauftragte f\u00fcr Datenschutz und Informationsfreiheit NRW<br>Postfach 20 04 44<br>40102 D\u00fcsseldorf<\/p>\n","protected":false},"excerpt":{"rendered":"<p>Last Updated: 03\/10\/2025 Lesen Sie unsere Allgemeinen Gesch\u00e4ftsbedingungen und unseren Code of Conduct. Verantwortlich f\u00fcr denInhalt i.S.d. DDG und f\u00fcr denDatenschutz i.S.d. DSGVO: Kawasaki Robotics GmbHIm Taubental 3241468 NeussTel.:+49 (0) 2131 34260E-Mail:&nbsp;info@kawasakirobotics.de Gesch\u00e4ftsf\u00fchrer:Shuhei Kuraoka, Makoto Tanami Registergericht:Amtsgericht Neuss HRB 8188USt-ID-Nr: DE 811916177 Gestaltung und Programmierung:Kawasaki Heavy Industries, Ltd. Rechtshinweis und Haftungsausschluss Form und Inhalt dieser Website sind urheberrechtlich gesch\u00fctzt. \u00a9 2020 by Kawasaki Robotics GmbH Das Kopieren und Nutzen von Inhalten, insbesondere die Verwendung von Bildern, Texten oder Textteilen bedarf der vorherigen schriftlichen Zustimmung durch Kawasaki Robotics GmbH. Die Kawasaki Robotics GmbH \u00fcbernimmt keinerlei Gew\u00e4hr f\u00fcr die Korrektheit, Vollst\u00e4ndigkeit, Aktualit\u00e4t oder Qualit\u00e4t der bereitgestellten Informationen. Haftungsanspr\u00fcche jeglicher Art gegen die [&hellip;]<\/p>\n","protected":false},"author":26,"featured_media":0,"parent":0,"menu_order":11,"comment_status":"closed","ping_status":"closed","template":"","meta":{"ep_exclude_from_search":false,"footnotes":""},"class_list":["post-5748","page","type-page","status-publish","hentry"],"yoast_head":"<!-- This site is optimized with the Yoast SEO plugin v25.9 - https:\/\/yoast.com\/wordpress\/plugins\/seo\/ -->\n<title>Impressum | Industrieroboter von Kawasaki Robotics<\/title>\n<meta name=\"description\" content=\"Kawasaki Heavy Industries | Impressum\" \/>\n<meta name=\"robots\" content=\"index, follow, max-snippet:-1, max-image-preview:large, max-video-preview:-1\" \/>\n<link rel=\"canonical\" href=\"https:\/\/kawasakirobotics.com\/de\/impressum\/\" \/>\n<meta property=\"og:locale\" content=\"de_DE\" \/>\n<meta property=\"og:type\" content=\"article\" \/>\n<meta property=\"og:title\" content=\"Impressum | Industrieroboter von Kawasaki Robotics\" \/>\n<meta property=\"og:description\" content=\"Kawasaki Heavy Industries | Impressum\" \/>\n<meta property=\"og:url\" content=\"https:\/\/kawasakirobotics.com\/de\/impressum\/\" \/>\n<meta property=\"og:site_name\" content=\"Kawasaki Robotics\" \/>\n<meta property=\"article:modified_time\" content=\"2025-10-23T07:50:43+00:00\" \/>\n<meta property=\"og:image\" content=\"https:\/\/kawasakirobotics.com\/content\/themes\/krobot-theme\/src\/images\/default\/ogp.jpg\" \/>\n\t<meta property=\"og:image:width\" content=\"1200\" \/>\n\t<meta property=\"og:image:height\" content=\"630\" \/>\n\t<meta property=\"og:image:type\" content=\"image\/jpeg\" \/>\n<meta name=\"twitter:card\" content=\"summary_large_image\" \/>\n<script type=\"application\/ld+json\" class=\"yoast-schema-graph\">{\"@context\":\"https:\/\/schema.org\",\"@graph\":[{\"@type\":\"WebPage\",\"@id\":\"https:\/\/kawasakirobotics.com\/de\/impressum\/\",\"url\":\"https:\/\/kawasakirobotics.com\/de\/impressum\/\",\"name\":\"Impressum | Industrieroboter von Kawasaki Robotics\",\"isPartOf\":{\"@id\":\"https:\/\/kawasakirobotics.com\/de\/#website\"},\"datePublished\":\"2023-01-11T10:53:21+00:00\",\"dateModified\":\"2025-10-23T07:50:43+00:00\",\"description\":\"Kawasaki Heavy Industries | Impressum\",\"breadcrumb\":{\"@id\":\"https:\/\/kawasakirobotics.com\/de\/impressum\/#breadcrumb\"},\"inLanguage\":\"de\",\"potentialAction\":[{\"@type\":\"ReadAction\",\"target\":[\"https:\/\/kawasakirobotics.com\/de\/impressum\/\"]}]},{\"@type\":\"BreadcrumbList\",\"@id\":\"https:\/\/kawasakirobotics.com\/de\/impressum\/#breadcrumb\",\"itemListElement\":[{\"@type\":\"ListItem\",\"position\":1,\"name\":\"Home\",\"item\":\"https:\/\/kawasakirobotics.com\/de\/\"},{\"@type\":\"ListItem\",\"position\":2,\"name\":\"Impressum\"}]},{\"@type\":\"WebSite\",\"@id\":\"https:\/\/kawasakirobotics.com\/de\/#website\",\"url\":\"https:\/\/kawasakirobotics.com\/de\/\",\"name\":\"Kawasaki Robotics\",\"description\":\"\",\"publisher\":{\"@id\":\"https:\/\/kawasakirobotics.com\/de\/#organization\"},\"potentialAction\":[{\"@type\":\"SearchAction\",\"target\":{\"@type\":\"EntryPoint\",\"urlTemplate\":\"https:\/\/kawasakirobotics.com\/de\/?s={search_term_string}\"},\"query-input\":{\"@type\":\"PropertyValueSpecification\",\"valueRequired\":true,\"valueName\":\"search_term_string\"}}],\"inLanguage\":\"de\"},{\"@type\":\"Organization\",\"@id\":\"https:\/\/kawasakirobotics.com\/de\/#organization\",\"name\":\"\u5ddd\u5d0e\u91cd\u5de5\u696d\u30ed\u30dc\u30c3\u30c8\u30c7\u30a3\u30d3\u30b8\u30e7\u30f3\",\"url\":\"https:\/\/kawasakirobotics.com\/de\/\",\"logo\":{\"@type\":\"ImageObject\",\"inLanguage\":\"de\",\"@id\":\"https:\/\/kawasakirobotics.com\/de\/#\/schema\/logo\/image\/\",\"url\":\"\",\"contentUrl\":\"\",\"caption\":\"\u5ddd\u5d0e\u91cd\u5de5\u696d\u30ed\u30dc\u30c3\u30c8\u30c7\u30a3\u30d3\u30b8\u30e7\u30f3\"},\"image\":{\"@id\":\"https:\/\/kawasakirobotics.com\/de\/#\/schema\/logo\/image\/\"}}]}<\/script>\n<!-- \/ Yoast SEO plugin. -->","yoast_head_json":{"title":"Impressum | Industrieroboter von Kawasaki Robotics","description":"Kawasaki Heavy Industries | Impressum","robots":{"index":"index","follow":"follow","max-snippet":"max-snippet:-1","max-image-preview":"max-image-preview:large","max-video-preview":"max-video-preview:-1"},"canonical":"https:\/\/kawasakirobotics.com\/de\/impressum\/","og_locale":"de_DE","og_type":"article","og_title":"Impressum | Industrieroboter von Kawasaki Robotics","og_description":"Kawasaki Heavy Industries | Impressum","og_url":"https:\/\/kawasakirobotics.com\/de\/impressum\/","og_site_name":"Kawasaki Robotics","article_modified_time":"2025-10-23T07:50:43+00:00","og_image":[{"url":"https:\/\/kawasakirobotics.com\/content\/themes\/krobot-theme\/src\/images\/default\/ogp.jpg","width":"1200","height":"630","type":"image\/jpeg"}],"twitter_card":"summary_large_image","schema":{"@context":"https:\/\/schema.org","@graph":[{"@type":"WebPage","@id":"https:\/\/kawasakirobotics.com\/de\/impressum\/","url":"https:\/\/kawasakirobotics.com\/de\/impressum\/","name":"Impressum | Industrieroboter von Kawasaki Robotics","isPartOf":{"@id":"https:\/\/kawasakirobotics.com\/de\/#website"},"datePublished":"2023-01-11T10:53:21+00:00","dateModified":"2025-10-23T07:50:43+00:00","description":"Kawasaki Heavy Industries | Impressum","breadcrumb":{"@id":"https:\/\/kawasakirobotics.com\/de\/impressum\/#breadcrumb"},"inLanguage":"de","potentialAction":[{"@type":"ReadAction","target":["https:\/\/kawasakirobotics.com\/de\/impressum\/"]}]},{"@type":"BreadcrumbList","@id":"https:\/\/kawasakirobotics.com\/de\/impressum\/#breadcrumb","itemListElement":[{"@type":"ListItem","position":1,"name":"Home","item":"https:\/\/kawasakirobotics.com\/de\/"},{"@type":"ListItem","position":2,"name":"Impressum"}]},{"@type":"WebSite","@id":"https:\/\/kawasakirobotics.com\/de\/#website","url":"https:\/\/kawasakirobotics.com\/de\/","name":"Kawasaki Robotics","description":"","publisher":{"@id":"https:\/\/kawasakirobotics.com\/de\/#organization"},"potentialAction":[{"@type":"SearchAction","target":{"@type":"EntryPoint","urlTemplate":"https:\/\/kawasakirobotics.com\/de\/?s={search_term_string}"},"query-input":{"@type":"PropertyValueSpecification","valueRequired":true,"valueName":"search_term_string"}}],"inLanguage":"de"},{"@type":"Organization","@id":"https:\/\/kawasakirobotics.com\/de\/#organization","name":"\u5ddd\u5d0e\u91cd\u5de5\u696d\u30ed\u30dc\u30c3\u30c8\u30c7\u30a3\u30d3\u30b8\u30e7\u30f3","url":"https:\/\/kawasakirobotics.com\/de\/","logo":{"@type":"ImageObject","inLanguage":"de","@id":"https:\/\/kawasakirobotics.com\/de\/#\/schema\/logo\/image\/","url":"","contentUrl":"","caption":"\u5ddd\u5d0e\u91cd\u5de5\u696d\u30ed\u30dc\u30c3\u30c8\u30c7\u30a3\u30d3\u30b8\u30e7\u30f3"},"image":{"@id":"https:\/\/kawasakirobotics.com\/de\/#\/schema\/logo\/image\/"}}]}},"_links":{"self":[{"href":"https:\/\/kawasakirobotics.com\/de\/wp-json\/wp\/v2\/pages\/5748","targetHints":{"allow":["GET"]}}],"collection":[{"href":"https:\/\/kawasakirobotics.com\/de\/wp-json\/wp\/v2\/pages"}],"about":[{"href":"https:\/\/kawasakirobotics.com\/de\/wp-json\/wp\/v2\/types\/page"}],"author":[{"embeddable":true,"href":"https:\/\/kawasakirobotics.com\/de\/wp-json\/wp\/v2\/users\/26"}],"replies":[{"embeddable":true,"href":"https:\/\/kawasakirobotics.com\/de\/wp-json\/wp\/v2\/comments?post=5748"}],"version-history":[{"count":5,"href":"https:\/\/kawasakirobotics.com\/de\/wp-json\/wp\/v2\/pages\/5748\/revisions"}],"predecessor-version":[{"id":6524,"href":"https:\/\/kawasakirobotics.com\/de\/wp-json\/wp\/v2\/pages\/5748\/revisions\/6524"}],"wp:attachment":[{"href":"https:\/\/kawasakirobotics.com\/de\/wp-json\/wp\/v2\/media?parent=5748"}],"curies":[{"name":"wp","href":"https:\/\/api.w.org\/{rel}","templated":true}]}}