{"id":5794,"date":"2023-02-28T15:18:14","date_gmt":"2023-02-28T14:18:14","guid":{"rendered":"urn:uuid:0abf68ac-f96d-4b76-bcb4-b05c9328e406"},"modified":"2025-05-02T07:29:56","modified_gmt":"2025-05-02T06:29:56","slug":"interpack2023","status":"publish","type":"page","link":"https:\/\/kawasakirobotics.com\/de\/interpack2023\/","title":{"rendered":"Besuchen Sie Kawasaki Robotics EMEA auf der Interpack 2023 in D\u00fcsseldorf"},"content":{"rendered":"\n<figure class=\"wp-block-image size-full is-resized\"><img decoding=\"async\" src=\"https:\/\/kawasakirobotics.com\/tachyon\/sites\/5\/2023\/02\/Simply-unique.png\" alt=\"Einfach einzigartiges Logo der interpack 2023\" class=\"wp-image-5322\" style=\"width:620px;height:146px\" \/><\/figure>\n\n\n\n<div class=\"wp-block-media-text is-stacked-on-mobile\" style=\"grid-template-columns:18% auto\"><figure class=\"wp-block-media-text__media\"><img loading=\"lazy\" width=\"300\" height=\"300\" decoding=\"async\" src=\"https:\/\/kawasakirobotics.com\/tachyon\/sites\/9\/2022\/03\/A1180962-300x300-1.jpg\" alt=\"\" class=\"wp-image-5185 size-full\" srcset=\"https:\/\/kawasakirobotics.com\/tachyon\/sites\/9\/2022\/03\/A1180962-300x300-1.jpg?resize=300%2C300&amp;zoom=1 300w, https:\/\/kawasakirobotics.com\/tachyon\/sites\/9\/2022\/03\/A1180962-300x300-1.jpg?resize=300%2C300&amp;zoom=0.5 150w, https:\/\/kawasakirobotics.com\/tachyon\/sites\/9\/2022\/03\/A1180962-300x300-1.jpg?resize=300%2C300&amp;zoom=0.25 75w\" sizes=\"auto, (max-width: 300px) 100vw, 300px\" \/><\/figure><div class=\"wp-block-media-text__content\">\n<p><strong>Vereinbaren Sie noch heute einen pers\u00f6nlichen Termin mit unseren Experten und sichern Sie sich Ihr kostenloses Ticket: <\/strong><\/p>\n\n\n\n<div class=\"wp-block-buttons is-layout-flex wp-block-buttons-is-layout-flex\">\n<div class=\"wp-block-button\"><a class=\"wp-block-button__link wp-element-button\" href=\"mailto:k-pall@kawasakirobotics.de\">E-Mail <\/a><\/div>\n<\/div>\n\n\n\n<div class=\"wp-block-buttons is-layout-flex wp-block-buttons-is-layout-flex\"><\/div>\n<\/div><\/div>\n\n\n\n<h4 class=\"wp-block-heading\"><strong><strong><strong>Kawasaki Robotics EMEA Interpack 2023: Packing Line<\/strong><\/strong><\/strong><\/h4>\n\n\n\n<p>Kawasaki Robotics EMEA stellt auf der Interpack 2023 in D\u00fcsseldorf gemeinsam mit seinen Partnern ECOMA Maschinen GmbH und CSB-System SE im Rahmen einer kompletten Produktionslinie zwei intuitive, integrierte und effektive Automatisierungsl\u00f6sungen f\u00fcr Pack- und Palettieraufgaben vor:<\/p>\n\n\n\n<p>Mit <strong>K-PALL<\/strong> bietet Kawasaki Robotics eine kompakte und leistungsf\u00e4hige Roboterl\u00f6sung f\u00fcr das vollautomatische Palettieren an: Einfach in Betrieb zu nehmen, platzsparend und flexibel. K-PALL ist genau auf die Anspr\u00fcche von KMUs zugeschnitten und gestaltet den ersten Schritt in die Automatisierung von Palettieraufgaben so einfach, intuitiv und effektiv wie m\u00f6glich.<\/p>\n\n\n\n<p><strong>Plug &amp; Play:<\/strong> Die kompakte Zelle l\u00e4sst sich leicht transportieren, anschlie\u00dfen und starten. Lange und kostspielige Ausfallzeiten der Produktion durch Umbauarbeiten entfallen. Mit der digitalen Inbetriebnahme via E-Learning ist die Einrichtung in k\u00fcrzester Zeit abgeschlossen.<\/p>\n\n\n\n<figure class=\"wp-block-image aligncenter size-full is-resized\"><img decoding=\"async\" src=\"https:\/\/kawasakirobotics.com\/tachyon\/sites\/5\/2022\/03\/K-PALL-Flyer-GER-Digital.jpeg\" alt=\"Kawasaki Robotics K-PALL\" class=\"wp-image-4732\" style=\"width:369px;height:247px\" \/><\/figure>\n\n\n\n<p><strong>Einfach und intuitiv: <\/strong>K-PALL ist \u00fcber den gro\u00dfen Touchscreen direkt an der Anlage bedienbar: \u00dcber die vorinstallierte Software K-PALL Control lassen sich vordefinierte Packmuster einfach ausw\u00e4hlen und das Palettieren sofort starten. Besonders praktisch f\u00fcr kleinere Betriebe: Der Einsatz von K-PALL steigert nicht nur in k\u00fcrzester Zeit Effizienz und Output der Produktion, sondern schont auch die Gesundheit der Mitarbeiter.<\/p>\n\n\n\n<p><strong>Integriert:<\/strong> die Projektpartner CSB-System und ECOMA sorgen f\u00fcr die n\u00f6tige \u201eIntegration\u201c von K-PALL, so dass alle produktionsabh\u00e4ngigen Informationen mit dem ERP-System von CSB ausgetauscht und verwaltet werden k\u00f6nnen. Dazu geh\u00f6ren beispielsweise Packmuster, Produktionsauftr\u00e4ge, Fehlerzust\u00e4nde oder Auftragswechsel. Das Ergebnis ist eine l\u00fcckenlose R\u00fcckverfolgung bei voller Prozesskontrolle \u2013 vom Karton bis zur fertigen Palette. <\/p>\n\n\n\n<p><\/p>\n\n\n\n<figure class=\"wp-block-image size-large is-resized is-style-default\"><img decoding=\"async\" src=\"https:\/\/kawasakirobotics.com\/tachyon\/sites\/5\/2023\/02\/Tray-Packer_01.png?fit=900%2C762\" alt=\"Kawasaki Robotics Traypacker\" class=\"wp-image-5325\" style=\"width:431px;height:347px\" \/><\/figure>\n\n\n\n<p>Neben K-PALL werden Kawasaki Robotics, ECOMA und CSB die neueste Version ihrer in der Lebensmittelindustrie erfolgreichen <strong>Tray Packer-L\u00f6sung<\/strong> im Rahmen einer vollst\u00e4ndigen Produktionslinie pr\u00e4sentieren: Preisausgezeichnete und kundenabh\u00e4ngig etikettierte Schalen werden von einem Kamerasystem erfasst und von einem Kawasaki Robotics RS007L Hochleistungsroboter mit 30 Takten pro Minute aufgenommen, gruppiert und in die daf\u00fcr vorgesehenen Steige verpackt. Jede volle Steige wird dann per F\u00f6rderband der K-PALL zugef\u00fchrt, wo die Steige automatisch palettiert und f\u00fcr den Abtransport vorbereitet werden. Mit einem durchdachten Design, intuitiver Bedienung via Touchscreen und robuster Konstruktion ist der Traypacker wie K-PALL ein idealer Schritt in die Automatisierung.<\/p>\n\n\n\n<figure class=\"wp-block-embed is-type-video is-provider-youtube wp-block-embed-youtube wp-embed-aspect-16-9 wp-has-aspect-ratio\"><div class=\"wp-block-embed__wrapper\">\n<iframe loading=\"lazy\" title=\"Introducing K-PALL by Kawasaki Robotics\" width=\"900\" height=\"506\" src=\"https:\/\/www.youtube.com\/embed\/vaKKaudsuFo?feature=oembed\" frameborder=\"0\" allow=\"accelerometer; autoplay; clipboard-write; encrypted-media; gyroscope; picture-in-picture; web-share\" referrerpolicy=\"strict-origin-when-cross-origin\" allowfullscreen><\/iframe>\n<\/div><\/figure>\n\n\n\n<figure class=\"wp-block-image aligncenter size-full is-resized\"><img loading=\"lazy\" width=\"662\" height=\"415\" decoding=\"async\" src=\"https:\/\/kawasakirobotics.com\/tachyon\/sites\/9\/2022\/02\/2K-PALL-Flyer-GER-Digital.jpeg\" alt=\"K-PALL01\" class=\"wp-image-4742\" style=\"width:497px;height:311px\" srcset=\"https:\/\/kawasakirobotics.com\/tachyon\/sites\/9\/2022\/02\/2K-PALL-Flyer-GER-Digital.jpeg?resize=662%2C415&amp;zoom=1 662w, https:\/\/kawasakirobotics.com\/tachyon\/sites\/9\/2022\/02\/2K-PALL-Flyer-GER-Digital.jpeg?resize=662%2C415&amp;zoom=0.5 331w, https:\/\/kawasakirobotics.com\/tachyon\/sites\/9\/2022\/02\/2K-PALL-Flyer-GER-Digital.jpeg?resize=662%2C415&amp;zoom=0.25 166w\" sizes=\"auto, (max-width: 662px) 100vw, 662px\" \/><\/figure>\n\n\n\n<div class=\"wp-block-group is-layout-flow wp-block-group-is-layout-flow\"><\/div>\n\n\n\n<div class=\"wp-block-media-text is-stacked-on-mobile\" style=\"grid-template-columns:18% auto\"><figure class=\"wp-block-media-text__media\"><img loading=\"lazy\" width=\"300\" height=\"300\" decoding=\"async\" src=\"https:\/\/kawasakirobotics.com\/tachyon\/sites\/9\/2022\/03\/A1180962-300x300-1.jpg\" alt=\"\" class=\"wp-image-5185 size-full\" srcset=\"https:\/\/kawasakirobotics.com\/tachyon\/sites\/9\/2022\/03\/A1180962-300x300-1.jpg?resize=300%2C300&amp;zoom=1 300w, https:\/\/kawasakirobotics.com\/tachyon\/sites\/9\/2022\/03\/A1180962-300x300-1.jpg?resize=300%2C300&amp;zoom=0.5 150w, https:\/\/kawasakirobotics.com\/tachyon\/sites\/9\/2022\/03\/A1180962-300x300-1.jpg?resize=300%2C300&amp;zoom=0.25 75w\" sizes=\"auto, (max-width: 300px) 100vw, 300px\" \/><\/figure><div class=\"wp-block-media-text__content\">\n<p><strong>Vereinbaren Sie noch heute einen pers\u00f6nlichen Termin mit unseren Experten und sichern Sie sich Ihr kostenloses Ticket: <\/strong><\/p>\n\n\n\n<div class=\"wp-block-buttons is-layout-flex wp-block-buttons-is-layout-flex\">\n<div class=\"wp-block-button\"><a class=\"wp-block-button__link wp-element-button\" href=\"mailto:k-pall@kawasakirobotics.de\">E-Mail <\/a><\/div>\n<\/div>\n<\/div><\/div>\n\n\n\n<p><\/p>\n","protected":false},"excerpt":{"rendered":"<p>Kawasaki Robotics EMEA Interpack 2023: Packing Line Kawasaki Robotics EMEA stellt auf der Interpack 2023 in D\u00fcsseldorf gemeinsam mit seinen Partnern ECOMA Maschinen GmbH und CSB-System SE im Rahmen einer kompletten Produktionslinie zwei intuitive, integrierte und effektive Automatisierungsl\u00f6sungen f\u00fcr Pack- und Palettieraufgaben vor: Mit K-PALL bietet Kawasaki Robotics eine kompakte und leistungsf\u00e4hige Roboterl\u00f6sung f\u00fcr das vollautomatische Palettieren an: Einfach in Betrieb zu nehmen, platzsparend und flexibel. K-PALL ist genau auf die Anspr\u00fcche von KMUs zugeschnitten und gestaltet den ersten Schritt in die Automatisierung von Palettieraufgaben so einfach, intuitiv und effektiv wie m\u00f6glich. Plug &amp; Play: Die kompakte Zelle l\u00e4sst sich leicht transportieren, anschlie\u00dfen und starten. Lange und kostspielige Ausfallzeiten der [&hellip;]<\/p>\n","protected":false},"author":26,"featured_media":0,"parent":0,"menu_order":0,"comment_status":"closed","ping_status":"closed","template":"","meta":{"ep_exclude_from_search":false,"footnotes":""},"class_list":["post-5794","page","type-page","status-publish","hentry"],"yoast_head":"<!-- This site is optimized with the Yoast SEO plugin v25.9 - https:\/\/yoast.com\/wordpress\/plugins\/seo\/ -->\n<title>Besuchen Sie Kawasaki Robotics EMEA auf der Interpack 2023 in D\u00fcsseldorf | Industrieroboter von Kawasaki Robotics<\/title>\n<meta name=\"description\" content=\"Kawasaki Heavy Industries | Besuchen Sie Kawasaki Robotics EMEA auf der Interpack 2023 in D\u00fcsseldorf\" \/>\n<meta name=\"robots\" content=\"index, follow, max-snippet:-1, max-image-preview:large, max-video-preview:-1\" \/>\n<link rel=\"canonical\" href=\"https:\/\/kawasakirobotics.com\/de\/interpack2023\/\" \/>\n<meta property=\"og:locale\" content=\"de_DE\" \/>\n<meta property=\"og:type\" content=\"article\" \/>\n<meta property=\"og:title\" content=\"Besuchen Sie Kawasaki Robotics EMEA auf der Interpack 2023 in D\u00fcsseldorf | Industrieroboter von Kawasaki Robotics\" \/>\n<meta property=\"og:description\" content=\"Kawasaki Heavy Industries | Besuchen Sie Kawasaki Robotics EMEA auf der Interpack 2023 in D\u00fcsseldorf\" \/>\n<meta property=\"og:url\" content=\"https:\/\/kawasakirobotics.com\/de\/interpack2023\/\" \/>\n<meta property=\"og:site_name\" content=\"Kawasaki Robotics\" \/>\n<meta property=\"article:modified_time\" content=\"2025-05-02T06:29:56+00:00\" \/>\n<meta property=\"og:image\" content=\"https:\/\/kawasakirobotics.com\/content\/themes\/krobot-theme\/src\/images\/default\/ogp.jpg\" \/>\n\t<meta property=\"og:image:width\" content=\"1200\" \/>\n\t<meta property=\"og:image:height\" content=\"630\" \/>\n\t<meta property=\"og:image:type\" content=\"image\/jpeg\" \/>\n<meta name=\"twitter:card\" content=\"summary_large_image\" \/>\n<script type=\"application\/ld+json\" class=\"yoast-schema-graph\">{\"@context\":\"https:\/\/schema.org\",\"@graph\":[{\"@type\":\"WebPage\",\"@id\":\"https:\/\/kawasakirobotics.com\/de\/interpack2023\/\",\"url\":\"https:\/\/kawasakirobotics.com\/de\/interpack2023\/\",\"name\":\"Besuchen Sie Kawasaki Robotics EMEA auf der Interpack 2023 in D\u00fcsseldorf | Industrieroboter von Kawasaki Robotics\",\"isPartOf\":{\"@id\":\"https:\/\/kawasakirobotics.com\/de\/#website\"},\"primaryImageOfPage\":{\"@id\":\"https:\/\/kawasakirobotics.com\/de\/interpack2023\/#primaryimage\"},\"image\":{\"@id\":\"https:\/\/kawasakirobotics.com\/de\/interpack2023\/#primaryimage\"},\"thumbnailUrl\":\"https:\/\/kawasakirobotics.com\/tachyon\/sites\/5\/2023\/02\/Simply-unique.png\",\"datePublished\":\"2023-02-28T14:18:14+00:00\",\"dateModified\":\"2025-05-02T06:29:56+00:00\",\"description\":\"Kawasaki Heavy Industries | Besuchen Sie Kawasaki Robotics EMEA auf der Interpack 2023 in D\u00fcsseldorf\",\"breadcrumb\":{\"@id\":\"https:\/\/kawasakirobotics.com\/de\/interpack2023\/#breadcrumb\"},\"inLanguage\":\"de\",\"potentialAction\":[{\"@type\":\"ReadAction\",\"target\":[\"https:\/\/kawasakirobotics.com\/de\/interpack2023\/\"]}]},{\"@type\":\"ImageObject\",\"inLanguage\":\"de\",\"@id\":\"https:\/\/kawasakirobotics.com\/de\/interpack2023\/#primaryimage\",\"url\":\"https:\/\/kawasakirobotics.com\/tachyon\/sites\/5\/2023\/02\/Simply-unique.png\",\"contentUrl\":\"https:\/\/kawasakirobotics.com\/tachyon\/sites\/5\/2023\/02\/Simply-unique.png\"},{\"@type\":\"BreadcrumbList\",\"@id\":\"https:\/\/kawasakirobotics.com\/de\/interpack2023\/#breadcrumb\",\"itemListElement\":[{\"@type\":\"ListItem\",\"position\":1,\"name\":\"Home\",\"item\":\"https:\/\/kawasakirobotics.com\/de\/\"},{\"@type\":\"ListItem\",\"position\":2,\"name\":\"Besuchen Sie Kawasaki Robotics EMEA auf der Interpack 2023 in D\u00fcsseldorf\"}]},{\"@type\":\"WebSite\",\"@id\":\"https:\/\/kawasakirobotics.com\/de\/#website\",\"url\":\"https:\/\/kawasakirobotics.com\/de\/\",\"name\":\"Kawasaki Robotics\",\"description\":\"\",\"publisher\":{\"@id\":\"https:\/\/kawasakirobotics.com\/de\/#organization\"},\"potentialAction\":[{\"@type\":\"SearchAction\",\"target\":{\"@type\":\"EntryPoint\",\"urlTemplate\":\"https:\/\/kawasakirobotics.com\/de\/?s={search_term_string}\"},\"query-input\":{\"@type\":\"PropertyValueSpecification\",\"valueRequired\":true,\"valueName\":\"search_term_string\"}}],\"inLanguage\":\"de\"},{\"@type\":\"Organization\",\"@id\":\"https:\/\/kawasakirobotics.com\/de\/#organization\",\"name\":\"\u5ddd\u5d0e\u91cd\u5de5\u696d\u30ed\u30dc\u30c3\u30c8\u30c7\u30a3\u30d3\u30b8\u30e7\u30f3\",\"url\":\"https:\/\/kawasakirobotics.com\/de\/\",\"logo\":{\"@type\":\"ImageObject\",\"inLanguage\":\"de\",\"@id\":\"https:\/\/kawasakirobotics.com\/de\/#\/schema\/logo\/image\/\",\"url\":\"\",\"contentUrl\":\"\",\"caption\":\"\u5ddd\u5d0e\u91cd\u5de5\u696d\u30ed\u30dc\u30c3\u30c8\u30c7\u30a3\u30d3\u30b8\u30e7\u30f3\"},\"image\":{\"@id\":\"https:\/\/kawasakirobotics.com\/de\/#\/schema\/logo\/image\/\"}}]}<\/script>\n<!-- \/ Yoast SEO plugin. -->","yoast_head_json":{"title":"Besuchen Sie Kawasaki Robotics EMEA auf der Interpack 2023 in D\u00fcsseldorf | Industrieroboter von Kawasaki Robotics","description":"Kawasaki Heavy Industries | Besuchen Sie Kawasaki Robotics EMEA auf der Interpack 2023 in D\u00fcsseldorf","robots":{"index":"index","follow":"follow","max-snippet":"max-snippet:-1","max-image-preview":"max-image-preview:large","max-video-preview":"max-video-preview:-1"},"canonical":"https:\/\/kawasakirobotics.com\/de\/interpack2023\/","og_locale":"de_DE","og_type":"article","og_title":"Besuchen Sie Kawasaki Robotics EMEA auf der Interpack 2023 in D\u00fcsseldorf | Industrieroboter von Kawasaki Robotics","og_description":"Kawasaki Heavy Industries | Besuchen Sie Kawasaki Robotics EMEA auf der Interpack 2023 in D\u00fcsseldorf","og_url":"https:\/\/kawasakirobotics.com\/de\/interpack2023\/","og_site_name":"Kawasaki Robotics","article_modified_time":"2025-05-02T06:29:56+00:00","og_image":[{"url":"https:\/\/kawasakirobotics.com\/content\/themes\/krobot-theme\/src\/images\/default\/ogp.jpg","width":"1200","height":"630","type":"image\/jpeg"}],"twitter_card":"summary_large_image","schema":{"@context":"https:\/\/schema.org","@graph":[{"@type":"WebPage","@id":"https:\/\/kawasakirobotics.com\/de\/interpack2023\/","url":"https:\/\/kawasakirobotics.com\/de\/interpack2023\/","name":"Besuchen Sie Kawasaki Robotics EMEA auf der Interpack 2023 in D\u00fcsseldorf | Industrieroboter von Kawasaki Robotics","isPartOf":{"@id":"https:\/\/kawasakirobotics.com\/de\/#website"},"primaryImageOfPage":{"@id":"https:\/\/kawasakirobotics.com\/de\/interpack2023\/#primaryimage"},"image":{"@id":"https:\/\/kawasakirobotics.com\/de\/interpack2023\/#primaryimage"},"thumbnailUrl":"https:\/\/kawasakirobotics.com\/tachyon\/sites\/5\/2023\/02\/Simply-unique.png","datePublished":"2023-02-28T14:18:14+00:00","dateModified":"2025-05-02T06:29:56+00:00","description":"Kawasaki Heavy Industries | Besuchen Sie Kawasaki Robotics EMEA auf der Interpack 2023 in D\u00fcsseldorf","breadcrumb":{"@id":"https:\/\/kawasakirobotics.com\/de\/interpack2023\/#breadcrumb"},"inLanguage":"de","potentialAction":[{"@type":"ReadAction","target":["https:\/\/kawasakirobotics.com\/de\/interpack2023\/"]}]},{"@type":"ImageObject","inLanguage":"de","@id":"https:\/\/kawasakirobotics.com\/de\/interpack2023\/#primaryimage","url":"https:\/\/kawasakirobotics.com\/tachyon\/sites\/5\/2023\/02\/Simply-unique.png","contentUrl":"https:\/\/kawasakirobotics.com\/tachyon\/sites\/5\/2023\/02\/Simply-unique.png"},{"@type":"BreadcrumbList","@id":"https:\/\/kawasakirobotics.com\/de\/interpack2023\/#breadcrumb","itemListElement":[{"@type":"ListItem","position":1,"name":"Home","item":"https:\/\/kawasakirobotics.com\/de\/"},{"@type":"ListItem","position":2,"name":"Besuchen Sie Kawasaki Robotics EMEA auf der Interpack 2023 in D\u00fcsseldorf"}]},{"@type":"WebSite","@id":"https:\/\/kawasakirobotics.com\/de\/#website","url":"https:\/\/kawasakirobotics.com\/de\/","name":"Kawasaki Robotics","description":"","publisher":{"@id":"https:\/\/kawasakirobotics.com\/de\/#organization"},"potentialAction":[{"@type":"SearchAction","target":{"@type":"EntryPoint","urlTemplate":"https:\/\/kawasakirobotics.com\/de\/?s={search_term_string}"},"query-input":{"@type":"PropertyValueSpecification","valueRequired":true,"valueName":"search_term_string"}}],"inLanguage":"de"},{"@type":"Organization","@id":"https:\/\/kawasakirobotics.com\/de\/#organization","name":"\u5ddd\u5d0e\u91cd\u5de5\u696d\u30ed\u30dc\u30c3\u30c8\u30c7\u30a3\u30d3\u30b8\u30e7\u30f3","url":"https:\/\/kawasakirobotics.com\/de\/","logo":{"@type":"ImageObject","inLanguage":"de","@id":"https:\/\/kawasakirobotics.com\/de\/#\/schema\/logo\/image\/","url":"","contentUrl":"","caption":"\u5ddd\u5d0e\u91cd\u5de5\u696d\u30ed\u30dc\u30c3\u30c8\u30c7\u30a3\u30d3\u30b8\u30e7\u30f3"},"image":{"@id":"https:\/\/kawasakirobotics.com\/de\/#\/schema\/logo\/image\/"}}]}},"_links":{"self":[{"href":"https:\/\/kawasakirobotics.com\/de\/wp-json\/wp\/v2\/pages\/5794","targetHints":{"allow":["GET"]}}],"collection":[{"href":"https:\/\/kawasakirobotics.com\/de\/wp-json\/wp\/v2\/pages"}],"about":[{"href":"https:\/\/kawasakirobotics.com\/de\/wp-json\/wp\/v2\/types\/page"}],"author":[{"embeddable":true,"href":"https:\/\/kawasakirobotics.com\/de\/wp-json\/wp\/v2\/users\/26"}],"replies":[{"embeddable":true,"href":"https:\/\/kawasakirobotics.com\/de\/wp-json\/wp\/v2\/comments?post=5794"}],"version-history":[{"count":7,"href":"https:\/\/kawasakirobotics.com\/de\/wp-json\/wp\/v2\/pages\/5794\/revisions"}],"predecessor-version":[{"id":6291,"href":"https:\/\/kawasakirobotics.com\/de\/wp-json\/wp\/v2\/pages\/5794\/revisions\/6291"}],"wp:attachment":[{"href":"https:\/\/kawasakirobotics.com\/de\/wp-json\/wp\/v2\/media?parent=5794"}],"curies":[{"name":"wp","href":"https:\/\/api.w.org\/{rel}","templated":true}]}}