{"id":5855,"date":"2023-04-02T13:13:18","date_gmt":"2023-04-02T12:13:18","guid":{"rendered":"urn:uuid:2f34fd0f-1acf-4994-bad3-429f68a68299"},"modified":"2023-06-23T08:18:50","modified_gmt":"2023-06-23T07:18:50","slug":"cobots","status":"publish","type":"page","link":"https:\/\/kawasakirobotics.com\/de\/cobots\/","title":{"rendered":"CL Serie Cobots"},"content":{"rendered":"\n<h2 class=\"wp-block-heading\"><strong>Jetzt verf\u00fcgbar in EMEA: Eine neue \u00c4ra kollaborativer Roboter<\/strong><\/h2>\n\n\n\n<p><\/p>\n\n\n\n<figure class=\"wp-block-image size-large is-resized\"><img loading=\"lazy\" decoding=\"async\" src=\"https:\/\/kawasakirobotics.com\/tachyon\/sites\/5\/2023\/03\/lineup-web-scaled.jpg?fit=900%2C900\" alt=\"WARUM KAWASAKI ROBOTICS?05\" class=\"wp-image-5343\" width=\"620\" height=\"244\" \/><\/figure>\n\n\n\n<p><strong><strong>Cobots neu denken:<\/strong> <\/strong>50 Jahre Robotik-Know-how und Spitzentechnologie made in Japan treffen auf Automatisierungsinnovation made in Germany. Mit der neuen CL Serie und einer breiten Auswahl von Traglasten und Reichweiten bietet Kawasaki Robotics einen v\u00f6llig neuen und agilen Ansatz f\u00fcr die kollaborative Robotik &#8211; unterst\u00fctzt durch die Partnerschaft mit Neura Robotics.<\/p>\n\n\n\n<figure class=\"wp-block-embed is-type-video is-provider-youtube wp-block-embed-youtube wp-embed-aspect-16-9 wp-has-aspect-ratio\"><div class=\"wp-block-embed__wrapper\">\n<iframe loading=\"lazy\" title=\"Introducing: The Kawasaki Robotics CL Series Cobots (available in EMEA)\" width=\"900\" height=\"506\" src=\"https:\/\/www.youtube.com\/embed\/RIRBt2Ed_S8?feature=oembed\" frameborder=\"0\" allow=\"accelerometer; autoplay; clipboard-write; encrypted-media; gyroscope; picture-in-picture; web-share\" referrerpolicy=\"strict-origin-when-cross-origin\" allowfullscreen><\/iframe>\n<\/div><\/figure>\n\n\n\n<p><strong><strong>Keine Kompromisse:<\/strong> <\/strong>Die CL Serie bietet das Beste aus beiden Welten: Industrielle Leistung und Geschwindigkeit gepaart mit maximaler Sicherheit und allen Vorteilen kollaborativer Roboter. In Kombination mit einer intuitiven Benutzeroberfl\u00e4che macht die CL Serie die Automatisierung Ihrer Produktion so einfach wie nie zuvor.<\/p>\n\n\n\n<p><strong><strong>Flexibles Produktportfolio: <\/strong><\/strong>Mit Nutzlasten und Reichweiten von 3kg\/590mm, 5kg\/800mm, 8kg\/1300mm und 10kg\/1000mm bieten die vier Modelle der CL Serie die perfekte L\u00f6sung f\u00fcr jedes Szenario. Frei w\u00e4hlbare Montageausrichtungen, extrem geringer Platzbedarf und IP66-Klassifizierung bieten zus\u00e4tzliche Flexibilit\u00e4t &#8211; f\u00fcr alle Modelle.<\/p>\n\n\n\n<p><\/p>\n\n\n\n<figure class=\"wp-block-image size-large is-resized\"><img loading=\"lazy\" decoding=\"async\" src=\"https:\/\/kawasakirobotics.com\/tachyon\/sites\/5\/2023\/03\/Unbenannt-2lolweeb.jpg?fit=900%2C900\" alt=\"\" class=\"wp-image-5350\" width=\"294\" height=\"273\" \/><\/figure>\n\n\n\n<p><strong><strong>F\u00fcr jedes Szenario und jede Umgebung gemacht: <\/strong><\/strong>Die CL Serie bietet eine branchenf\u00fchrende Geschwindigkeit von 200\u00b0\/s und eine Wiederholgenauigkeit von \u00b1 0,02 mm f\u00fcr alle Modelle. Unsere kollaborative Roboterserie ist die perfekte Wahl f\u00fcr die Automatisierung einfacher und sich wiederholender Aufgaben &#8211; sie spart effektiv Kosten und maximiert den Umsatz.<\/p>\n\n\n\n<p><strong><strong>Modernste Technologie: <\/strong><\/strong>Die in Deutschland entwickelte und gefertigte CL Serie \u00fcberzeugt durch hochwertige Komponenten, wie z.B. die integrierten 24-Bit-Encoder, die zu den h\u00f6chstaufl\u00f6senden auf dem Markt geh\u00f6ren, und eine extrem leichte und dennoch zuverl\u00e4ssige Konstruktion.<\/p>\n\n\n\n<p><strong>Maximale Sicherheit: <\/strong>Die propriet\u00e4re Sicherheitsarchitektur und zahlreiche Funktionen f\u00fcr Sicherheitspositionen, Geschwindigkeit, Drehmoment, Zonen, Grenzwerte und Kollisionserkennung erm\u00f6glichen es den Robotern der CL Serie, unmittelbar mit menschlichen Mitarbeitern zu arbeiten.<\/p>\n\n\n\n<p><strong>H\u00f6chste Pr\u00e4zision: <\/strong>Die CL Serie kann selbst schwierigste Werkst\u00fccke sicher handhaben und Objekte mit gleichm\u00e4\u00dfiger Kraft montieren, wodurch die Effizienz erh\u00f6ht und kostspielige Kollisionen verhindert werden.<\/p>\n\n\n\n<p><\/p>\n\n\n\n<figure class=\"wp-block-image size-large is-resized\"><img loading=\"lazy\" decoding=\"async\" src=\"https:\/\/kawasakirobotics.com\/tachyon\/sites\/5\/2023\/03\/lineup-web2.jpg?fit=900%2C900\" alt=\"\u00dcber uns01\" class=\"wp-image-5348\" width=\"214\" height=\"294\" \/><\/figure>\n\n\n\n<p><strong><strong>Gut gesch\u00fctzt: <\/strong><\/strong>Dank ihrer kompakten und robusten Bauweise und der Schutzart IP66 kann die CL Serie in allen Arten von rauen Umgebungen eingesetzt werden, die f\u00fcr andere kollaborierende Roboter m\u00f6glicherweise nicht geeignet sind. \u00c4hnlich wie bei Kawasaki-Industrierobotern werden alle Daten- und Stromkabel sicher durch den Roboterarm gef\u00fchrt. Dar\u00fcber hinaus kann Schmutz leicht abgewaschen werden.<\/p>\n\n\n\n<p><strong><strong>Volle Konnektivit\u00e4t: <\/strong><\/strong>Die CL Serie deckt g\u00e4ngigen Schnittstellen wie Digital I\/O, Safety I\/O and Ethernet\/IP ab. Der TCP-Anschlussflansch bietet digitale E\/A-Anschl\u00fcsse (in\/out), analoge Eing\u00e4nge und eine 24 V 600 mA-Stromversorgung.<\/p>\n\n\n\n<div class=\"wp-block-group has-light-gray-background-color has-background is-layout-flow wp-block-group-is-layout-flow\">\n<h4 class=\"has-text-align-center wp-block-heading\"><strong>Erfahren Sie mehr \u00fcber unsere CL Serie Cobots<\/strong><\/h4>\n\n\n\n<div class=\"wp-block-buttons is-horizontal is-content-justification-center is-layout-flex wp-container-core-buttons-is-layout-03627597 wp-block-buttons-is-layout-flex\">\n<div class=\"wp-block-button\"><a class=\"wp-block-button__link\" href=\"https:\/\/kawasakirobotics.com\/uploads\/sites\/5\/2023\/04\/Kawasaki-Robotics-CL-Series-Flyer-German.pdf\">Brosch\u00fcre CL Serie<\/a><\/div>\n<\/div>\n<\/div>\n\n\n\n<div class=\"wp-block-media-text is-stacked-on-mobile\" style=\"grid-template-columns:25% auto\"><figure class=\"wp-block-media-text__media\"><img decoding=\"async\" src=\"https:\/\/kawasakirobotics.com\/tachyon\/sites\/5\/2023\/02\/A1190171-scaled.jpg?fit=900%2C900\" alt=\"\" class=\"wp-image-5275 size-full\" \/><\/figure><div class=\"wp-block-media-text__content\">\n<h4 class=\"wp-block-heading\"><strong>Wie k\u00f6nnen wir Sie unterst\u00fctzen? Sprechen Sie uns an!<\/strong><\/h4>\n\n\n\n<p>Marc Kluge<br><a href=\"mailto:marketing@kawasakirobotics.de\">marketing@kawasakirobotics.de<\/a><br><\/p>\n<\/div><\/div>\n","protected":false},"excerpt":{"rendered":"<p>Jetzt verf\u00fcgbar in EMEA: Eine neue \u00c4ra kollaborativer Roboter Cobots neu denken: 50 Jahre Robotik-Know-how und Spitzentechnologie made in Japan treffen auf Automatisierungsinnovation made in Germany. Mit der neuen CL Serie und einer breiten Auswahl von Traglasten und Reichweiten bietet Kawasaki Robotics einen v\u00f6llig neuen und agilen Ansatz f\u00fcr die kollaborative Robotik &#8211; unterst\u00fctzt durch die Partnerschaft mit Neura Robotics. Keine Kompromisse: Die CL Serie bietet das Beste aus beiden Welten: Industrielle Leistung und Geschwindigkeit gepaart mit maximaler Sicherheit und allen Vorteilen kollaborativer Roboter. In Kombination mit einer intuitiven Benutzeroberfl\u00e4che macht die CL Serie die Automatisierung Ihrer Produktion so einfach wie nie zuvor. Flexibles Produktportfolio: Mit Nutzlasten und Reichweiten von [&hellip;]<\/p>\n","protected":false},"author":26,"featured_media":0,"parent":0,"menu_order":0,"comment_status":"closed","ping_status":"closed","template":"","meta":{"ep_exclude_from_search":false,"footnotes":""},"class_list":["post-5855","page","type-page","status-publish","hentry"],"yoast_head":"<!-- This site is optimized with the Yoast SEO plugin v25.9 - https:\/\/yoast.com\/wordpress\/plugins\/seo\/ -->\n<title>CL Serie Cobots | Industrieroboter von Kawasaki Robotics<\/title>\n<meta name=\"description\" content=\"Kawasaki Heavy Industries | CL Serie Cobots\" \/>\n<meta name=\"robots\" content=\"index, follow, max-snippet:-1, max-image-preview:large, max-video-preview:-1\" \/>\n<link rel=\"canonical\" href=\"https:\/\/kawasakirobotics.com\/de\/cobots\/\" \/>\n<meta property=\"og:locale\" content=\"de_DE\" \/>\n<meta property=\"og:type\" content=\"article\" \/>\n<meta property=\"og:title\" content=\"CL Serie Cobots | Industrieroboter von Kawasaki Robotics\" \/>\n<meta property=\"og:description\" content=\"Kawasaki Heavy Industries | CL Serie Cobots\" \/>\n<meta property=\"og:url\" content=\"https:\/\/kawasakirobotics.com\/de\/cobots\/\" \/>\n<meta property=\"og:site_name\" content=\"Kawasaki Robotics\" \/>\n<meta property=\"article:modified_time\" content=\"2023-06-23T07:18:50+00:00\" \/>\n<meta property=\"og:image\" content=\"https:\/\/kawasakirobotics.com\/content\/themes\/krobot-theme\/src\/images\/default\/ogp.jpg\" \/>\n\t<meta property=\"og:image:width\" content=\"1200\" \/>\n\t<meta property=\"og:image:height\" content=\"630\" \/>\n\t<meta property=\"og:image:type\" content=\"image\/jpeg\" \/>\n<meta name=\"twitter:card\" content=\"summary_large_image\" \/>\n<script type=\"application\/ld+json\" class=\"yoast-schema-graph\">{\"@context\":\"https:\/\/schema.org\",\"@graph\":[{\"@type\":\"WebPage\",\"@id\":\"https:\/\/kawasakirobotics.com\/de\/cobots\/\",\"url\":\"https:\/\/kawasakirobotics.com\/de\/cobots\/\",\"name\":\"CL Serie Cobots | Industrieroboter von Kawasaki Robotics\",\"isPartOf\":{\"@id\":\"https:\/\/kawasakirobotics.com\/de\/#website\"},\"primaryImageOfPage\":{\"@id\":\"https:\/\/kawasakirobotics.com\/de\/cobots\/#primaryimage\"},\"image\":{\"@id\":\"https:\/\/kawasakirobotics.com\/de\/cobots\/#primaryimage\"},\"thumbnailUrl\":\"https:\/\/kawasakirobotics.com\/tachyon\/sites\/5\/2023\/03\/lineup-web-scaled.jpg?fit=900%2C900\",\"datePublished\":\"2023-04-02T12:13:18+00:00\",\"dateModified\":\"2023-06-23T07:18:50+00:00\",\"description\":\"Kawasaki Heavy Industries | CL Serie Cobots\",\"breadcrumb\":{\"@id\":\"https:\/\/kawasakirobotics.com\/de\/cobots\/#breadcrumb\"},\"inLanguage\":\"de\",\"potentialAction\":[{\"@type\":\"ReadAction\",\"target\":[\"https:\/\/kawasakirobotics.com\/de\/cobots\/\"]}]},{\"@type\":\"ImageObject\",\"inLanguage\":\"de\",\"@id\":\"https:\/\/kawasakirobotics.com\/de\/cobots\/#primaryimage\",\"url\":\"https:\/\/kawasakirobotics.com\/tachyon\/sites\/5\/2023\/03\/lineup-web-scaled.jpg?fit=900%2C900\",\"contentUrl\":\"https:\/\/kawasakirobotics.com\/tachyon\/sites\/5\/2023\/03\/lineup-web-scaled.jpg?fit=900%2C900\"},{\"@type\":\"BreadcrumbList\",\"@id\":\"https:\/\/kawasakirobotics.com\/de\/cobots\/#breadcrumb\",\"itemListElement\":[{\"@type\":\"ListItem\",\"position\":1,\"name\":\"Home\",\"item\":\"https:\/\/kawasakirobotics.com\/de\/\"},{\"@type\":\"ListItem\",\"position\":2,\"name\":\"CL Serie Cobots\"}]},{\"@type\":\"WebSite\",\"@id\":\"https:\/\/kawasakirobotics.com\/de\/#website\",\"url\":\"https:\/\/kawasakirobotics.com\/de\/\",\"name\":\"Kawasaki Robotics\",\"description\":\"\",\"publisher\":{\"@id\":\"https:\/\/kawasakirobotics.com\/de\/#organization\"},\"potentialAction\":[{\"@type\":\"SearchAction\",\"target\":{\"@type\":\"EntryPoint\",\"urlTemplate\":\"https:\/\/kawasakirobotics.com\/de\/?s={search_term_string}\"},\"query-input\":{\"@type\":\"PropertyValueSpecification\",\"valueRequired\":true,\"valueName\":\"search_term_string\"}}],\"inLanguage\":\"de\"},{\"@type\":\"Organization\",\"@id\":\"https:\/\/kawasakirobotics.com\/de\/#organization\",\"name\":\"\u5ddd\u5d0e\u91cd\u5de5\u696d\u30ed\u30dc\u30c3\u30c8\u30c7\u30a3\u30d3\u30b8\u30e7\u30f3\",\"url\":\"https:\/\/kawasakirobotics.com\/de\/\",\"logo\":{\"@type\":\"ImageObject\",\"inLanguage\":\"de\",\"@id\":\"https:\/\/kawasakirobotics.com\/de\/#\/schema\/logo\/image\/\",\"url\":\"\",\"contentUrl\":\"\",\"caption\":\"\u5ddd\u5d0e\u91cd\u5de5\u696d\u30ed\u30dc\u30c3\u30c8\u30c7\u30a3\u30d3\u30b8\u30e7\u30f3\"},\"image\":{\"@id\":\"https:\/\/kawasakirobotics.com\/de\/#\/schema\/logo\/image\/\"}}]}<\/script>\n<!-- \/ Yoast SEO plugin. -->","yoast_head_json":{"title":"CL Serie Cobots | Industrieroboter von Kawasaki Robotics","description":"Kawasaki Heavy Industries | CL Serie Cobots","robots":{"index":"index","follow":"follow","max-snippet":"max-snippet:-1","max-image-preview":"max-image-preview:large","max-video-preview":"max-video-preview:-1"},"canonical":"https:\/\/kawasakirobotics.com\/de\/cobots\/","og_locale":"de_DE","og_type":"article","og_title":"CL Serie Cobots | Industrieroboter von Kawasaki Robotics","og_description":"Kawasaki Heavy Industries | CL Serie Cobots","og_url":"https:\/\/kawasakirobotics.com\/de\/cobots\/","og_site_name":"Kawasaki Robotics","article_modified_time":"2023-06-23T07:18:50+00:00","og_image":[{"url":"https:\/\/kawasakirobotics.com\/content\/themes\/krobot-theme\/src\/images\/default\/ogp.jpg","width":"1200","height":"630","type":"image\/jpeg"}],"twitter_card":"summary_large_image","schema":{"@context":"https:\/\/schema.org","@graph":[{"@type":"WebPage","@id":"https:\/\/kawasakirobotics.com\/de\/cobots\/","url":"https:\/\/kawasakirobotics.com\/de\/cobots\/","name":"CL Serie Cobots | Industrieroboter von Kawasaki Robotics","isPartOf":{"@id":"https:\/\/kawasakirobotics.com\/de\/#website"},"primaryImageOfPage":{"@id":"https:\/\/kawasakirobotics.com\/de\/cobots\/#primaryimage"},"image":{"@id":"https:\/\/kawasakirobotics.com\/de\/cobots\/#primaryimage"},"thumbnailUrl":"https:\/\/kawasakirobotics.com\/tachyon\/sites\/5\/2023\/03\/lineup-web-scaled.jpg?fit=900%2C900","datePublished":"2023-04-02T12:13:18+00:00","dateModified":"2023-06-23T07:18:50+00:00","description":"Kawasaki Heavy Industries | CL Serie Cobots","breadcrumb":{"@id":"https:\/\/kawasakirobotics.com\/de\/cobots\/#breadcrumb"},"inLanguage":"de","potentialAction":[{"@type":"ReadAction","target":["https:\/\/kawasakirobotics.com\/de\/cobots\/"]}]},{"@type":"ImageObject","inLanguage":"de","@id":"https:\/\/kawasakirobotics.com\/de\/cobots\/#primaryimage","url":"https:\/\/kawasakirobotics.com\/tachyon\/sites\/5\/2023\/03\/lineup-web-scaled.jpg?fit=900%2C900","contentUrl":"https:\/\/kawasakirobotics.com\/tachyon\/sites\/5\/2023\/03\/lineup-web-scaled.jpg?fit=900%2C900"},{"@type":"BreadcrumbList","@id":"https:\/\/kawasakirobotics.com\/de\/cobots\/#breadcrumb","itemListElement":[{"@type":"ListItem","position":1,"name":"Home","item":"https:\/\/kawasakirobotics.com\/de\/"},{"@type":"ListItem","position":2,"name":"CL Serie Cobots"}]},{"@type":"WebSite","@id":"https:\/\/kawasakirobotics.com\/de\/#website","url":"https:\/\/kawasakirobotics.com\/de\/","name":"Kawasaki Robotics","description":"","publisher":{"@id":"https:\/\/kawasakirobotics.com\/de\/#organization"},"potentialAction":[{"@type":"SearchAction","target":{"@type":"EntryPoint","urlTemplate":"https:\/\/kawasakirobotics.com\/de\/?s={search_term_string}"},"query-input":{"@type":"PropertyValueSpecification","valueRequired":true,"valueName":"search_term_string"}}],"inLanguage":"de"},{"@type":"Organization","@id":"https:\/\/kawasakirobotics.com\/de\/#organization","name":"\u5ddd\u5d0e\u91cd\u5de5\u696d\u30ed\u30dc\u30c3\u30c8\u30c7\u30a3\u30d3\u30b8\u30e7\u30f3","url":"https:\/\/kawasakirobotics.com\/de\/","logo":{"@type":"ImageObject","inLanguage":"de","@id":"https:\/\/kawasakirobotics.com\/de\/#\/schema\/logo\/image\/","url":"","contentUrl":"","caption":"\u5ddd\u5d0e\u91cd\u5de5\u696d\u30ed\u30dc\u30c3\u30c8\u30c7\u30a3\u30d3\u30b8\u30e7\u30f3"},"image":{"@id":"https:\/\/kawasakirobotics.com\/de\/#\/schema\/logo\/image\/"}}]}},"_links":{"self":[{"href":"https:\/\/kawasakirobotics.com\/de\/wp-json\/wp\/v2\/pages\/5855","targetHints":{"allow":["GET"]}}],"collection":[{"href":"https:\/\/kawasakirobotics.com\/de\/wp-json\/wp\/v2\/pages"}],"about":[{"href":"https:\/\/kawasakirobotics.com\/de\/wp-json\/wp\/v2\/types\/page"}],"author":[{"embeddable":true,"href":"https:\/\/kawasakirobotics.com\/de\/wp-json\/wp\/v2\/users\/26"}],"replies":[{"embeddable":true,"href":"https:\/\/kawasakirobotics.com\/de\/wp-json\/wp\/v2\/comments?post=5855"}],"version-history":[{"count":8,"href":"https:\/\/kawasakirobotics.com\/de\/wp-json\/wp\/v2\/pages\/5855\/revisions"}],"predecessor-version":[{"id":5893,"href":"https:\/\/kawasakirobotics.com\/de\/wp-json\/wp\/v2\/pages\/5855\/revisions\/5893"}],"wp:attachment":[{"href":"https:\/\/kawasakirobotics.com\/de\/wp-json\/wp\/v2\/media?parent=5855"}],"curies":[{"name":"wp","href":"https:\/\/api.w.org\/{rel}","templated":true}]}}