{"id":5883,"date":"2023-05-22T08:15:44","date_gmt":"2023-05-22T07:15:44","guid":{"rendered":"urn:uuid:3dd4b74e-e2b5-4692-8e03-c9c97bc1a120"},"modified":"2023-05-22T08:17:41","modified_gmt":"2023-05-22T07:17:41","slug":"automatica","status":"publish","type":"page","link":"https:\/\/kawasakirobotics.com\/de\/automatica\/","title":{"rendered":"Besuchen Sie Kawasaki Robotics EMEA auf der automatica 2023 in M\u00fcnchen"},"content":{"rendered":"\n<figure class=\"wp-block-image size-full is-resized\"><img loading=\"lazy\" decoding=\"async\" src=\"https:\/\/kawasakirobotics.com\/tachyon\/sites\/5\/2023\/05\/automatica_logolettsublineDatumOrt_D_rgb.jpg\" alt=\"\" class=\"wp-image-5441\" width=\"289\" height=\"148\" \/><\/figure>\n\n\n\n<p><\/p>\n\n\n\n<div class=\"wp-block-media-text is-stacked-on-mobile\" style=\"grid-template-columns:18% auto\"><figure class=\"wp-block-media-text__media\"><img decoding=\"async\" src=\"https:\/\/kawasakirobotics.com\/tachyon\/sites\/5\/2023\/02\/A1190171-scaled.jpg?fit=900%2C900\" alt=\"\" class=\"wp-image-5275 size-full\" \/><\/figure><div class=\"wp-block-media-text__content\">\n<h4 class=\"has-normal-font-size wp-block-heading\"><strong>Vereinbaren Sie noch heute Ihren pers\u00f6nlichen Termin f\u00fcr die automatica und sichern Sie sich Ihr kostenloses Ticket:<\/strong><\/h4>\n\n\n\n<p>Marc Kluge<br><a href=\"mailto:marketing@kawasakirobotics.de\">marketing@kawasakirobotics.de<\/a><br><\/p>\n<\/div><\/div>\n\n\n\n<h4 class=\"wp-block-heading\"><strong><strong><strong>Smart, Safe and Sustainable Automation<\/strong><\/strong><\/strong><\/h4>\n\n\n\n<p class=\"wp-embed-aspect-16-9 wp-has-aspect-ratio\">Besuchen Sie Kawasaki Robotics EMEA auf der automatica (Halle 5, Stand 320) vom 27. bis 30. Juni 2023 in M\u00fcnchen und erleben Sie die neuesten Innovationen im Bereich der intelligenten, sicheren und nachhaltigen Automatisierung. In unseren beiden Areas zeigen wir Ihnen clevere und praktische L\u00f6sungen f\u00fcr aktuelle und zuk\u00fcnftige Herausforderungen.<\/p>\n\n\n\n<p><strong>Green Robotics Area<\/strong><\/p>\n\n\n\n<figure class=\"wp-block-image size-full is-resized\"><img loading=\"lazy\" decoding=\"async\" src=\"https:\/\/kawasakirobotics.com\/tachyon\/sites\/5\/2023\/05\/gr.jpg\" alt=\"\" class=\"wp-image-5443\" width=\"420\" height=\"194\" \/><\/figure>\n\n\n\n<p class=\"wp-embed-aspect-16-9 wp-has-aspect-ratio\">In unserer <strong>Green Robotics Area<\/strong> zeigen wir, wie wir branchenf\u00fchrende Leistung mit h\u00f6chstm\u00f6glicher Energieeffizienz verbinden &#8211; ganz ohne Kompromisse: Unser neuester BXP210L wird den Prototyp der kommenden elektrischen Kawasaki Motors Z EV bewegen, betrieben von einem Controller der n\u00e4chsten F0X Generation. Die innovative Technologie macht es m\u00f6glich, auch diesen leistungsstarken Mehrzweck-Industrieroboter mit beeindruckender Energieeffizienz zu betreiben. 100 Prozent Leistung bei 20 Prozent weniger Energieverbrauch &#8211; verglichen mit dem Besten, was der aktuelle Robotikmarkt zu bieten hat. Die Flex Feed Zelle unseres Partners Bahm\u00fcller wird unsere f\u00fchrende Energieeffizienz mit unseren Robotern der RS Serie zus\u00e4tzlich demonstrieren.<\/p>\n\n\n\n<p><strong>Cobot Area<\/strong><\/p>\n\n\n\n<figure class=\"wp-block-image size-large is-resized\"><img loading=\"lazy\" decoding=\"async\" src=\"https:\/\/kawasakirobotics.com\/tachyon\/sites\/5\/2023\/05\/lineup-web-scaled.jpg?fit=900%2C900\" alt=\"\" class=\"wp-image-5444\" width=\"440\" height=\"174\" \/><\/figure>\n\n\n\n<p>In der <strong>Cobot Area<\/strong> findet die offizielle Weltpremiere der Kawasaki Robotics CL Serie statt: 50 Jahre Robotik-Know-how und f\u00fchrende Technologie made in Japan trifft auf Automatisierungsinnovation made in Germany. Die CL-Serie bietet Leistung und Geschwindigkeit auf industriellem Level, Schutzklasse IP66, volle Konnektivit\u00e4t und h\u00f6chste Pr\u00e4zision, gepaart mit allen Vorteilen der kollaborativen Robotik. Anhand von drei Demo-Applikationen k\u00f6nnen unsere Besucher pers\u00f6nlich erleben und ausprobieren, was unsere neuen Cobots k\u00f6nnen &#8211; Handling, Palettieren, Lichtbogenschwei\u00dfen und sogar ein interaktiver Minigolfplatz.<\/p>\n\n\n\n<p>Wir freuen uns darauf, Ihnen diese innovativen L\u00f6sungen und mehr auf der automatica 2023 in M\u00fcnchen zu zeigen!<\/p>\n\n\n\n<div class=\"wp-block-media-text is-stacked-on-mobile\" style=\"grid-template-columns:18% auto\"><figure class=\"wp-block-media-text__media\"><img decoding=\"async\" src=\"https:\/\/kawasakirobotics.com\/tachyon\/sites\/5\/2023\/02\/A1190171-scaled.jpg?fit=900%2C900\" alt=\"\" class=\"wp-image-5275 size-full\" \/><\/figure><div class=\"wp-block-media-text__content\">\n<h4 class=\"has-normal-font-size wp-block-heading\"><strong><strong>Vereinbaren Sie noch heute Ihren pers\u00f6nlichen Termin f\u00fcr die automatica und sichern Sie sich Ihr kostenloses Ticket:<\/strong><\/strong><\/h4>\n\n\n\n<p>Marc Kluge<br><a href=\"mailto:marketing@kawasakirobotics.de\">marketing@kawasakirobotics.de<\/a><br><\/p>\n<\/div><\/div>\n\n\n\n<p><\/p>\n","protected":false},"excerpt":{"rendered":"<p>Vereinbaren Sie noch heute Ihren pers\u00f6nlichen Termin f\u00fcr die automatica und sichern Sie sich Ihr kostenloses Ticket: Marc Klugemarketing@kawasakirobotics.de Smart, Safe and Sustainable Automation Besuchen Sie Kawasaki Robotics EMEA auf der automatica (Halle 5, Stand 320) vom 27. bis 30. Juni 2023 in M\u00fcnchen und erleben Sie die neuesten Innovationen im Bereich der intelligenten, sicheren und nachhaltigen Automatisierung. In unseren beiden Areas zeigen wir Ihnen clevere und praktische L\u00f6sungen f\u00fcr aktuelle und zuk\u00fcnftige Herausforderungen. Green Robotics Area In unserer Green Robotics Area zeigen wir, wie wir branchenf\u00fchrende Leistung mit h\u00f6chstm\u00f6glicher Energieeffizienz verbinden &#8211; ganz ohne Kompromisse: Unser neuester BXP210L wird den Prototyp der kommenden elektrischen Kawasaki Motors Z EV bewegen, [&hellip;]<\/p>\n","protected":false},"author":26,"featured_media":0,"parent":0,"menu_order":0,"comment_status":"closed","ping_status":"closed","template":"","meta":{"ep_exclude_from_search":false,"footnotes":""},"class_list":["post-5883","page","type-page","status-publish","hentry"],"yoast_head":"<!-- This site is optimized with the Yoast SEO plugin v25.9 - https:\/\/yoast.com\/wordpress\/plugins\/seo\/ -->\n<title>Besuchen Sie Kawasaki Robotics EMEA auf der automatica 2023 in M\u00fcnchen | Industrieroboter von Kawasaki Robotics<\/title>\n<meta name=\"description\" content=\"Kawasaki Heavy Industries | Besuchen Sie Kawasaki Robotics EMEA auf der automatica 2023 in M\u00fcnchen\" \/>\n<meta name=\"robots\" content=\"index, follow, max-snippet:-1, max-image-preview:large, max-video-preview:-1\" \/>\n<link rel=\"canonical\" href=\"https:\/\/kawasakirobotics.com\/de\/automatica\/\" \/>\n<meta property=\"og:locale\" content=\"de_DE\" \/>\n<meta property=\"og:type\" content=\"article\" \/>\n<meta property=\"og:title\" content=\"Besuchen Sie Kawasaki Robotics EMEA auf der automatica 2023 in M\u00fcnchen | Industrieroboter von Kawasaki Robotics\" \/>\n<meta property=\"og:description\" content=\"Kawasaki Heavy Industries | Besuchen Sie Kawasaki Robotics EMEA auf der automatica 2023 in M\u00fcnchen\" \/>\n<meta property=\"og:url\" content=\"https:\/\/kawasakirobotics.com\/de\/automatica\/\" \/>\n<meta property=\"og:site_name\" content=\"Kawasaki Robotics\" \/>\n<meta property=\"article:modified_time\" content=\"2023-05-22T07:17:41+00:00\" \/>\n<meta property=\"og:image\" content=\"https:\/\/kawasakirobotics.com\/content\/themes\/krobot-theme\/src\/images\/default\/ogp.jpg\" \/>\n\t<meta property=\"og:image:width\" content=\"1200\" \/>\n\t<meta property=\"og:image:height\" content=\"630\" \/>\n\t<meta property=\"og:image:type\" content=\"image\/jpeg\" \/>\n<meta name=\"twitter:card\" content=\"summary_large_image\" \/>\n<script type=\"application\/ld+json\" class=\"yoast-schema-graph\">{\"@context\":\"https:\/\/schema.org\",\"@graph\":[{\"@type\":\"WebPage\",\"@id\":\"https:\/\/kawasakirobotics.com\/de\/automatica\/\",\"url\":\"https:\/\/kawasakirobotics.com\/de\/automatica\/\",\"name\":\"Besuchen Sie Kawasaki Robotics EMEA auf der automatica 2023 in M\u00fcnchen | Industrieroboter von Kawasaki Robotics\",\"isPartOf\":{\"@id\":\"https:\/\/kawasakirobotics.com\/de\/#website\"},\"primaryImageOfPage\":{\"@id\":\"https:\/\/kawasakirobotics.com\/de\/automatica\/#primaryimage\"},\"image\":{\"@id\":\"https:\/\/kawasakirobotics.com\/de\/automatica\/#primaryimage\"},\"thumbnailUrl\":\"https:\/\/kawasakirobotics.com\/tachyon\/sites\/5\/2023\/05\/automatica_logolettsublineDatumOrt_D_rgb.jpg\",\"datePublished\":\"2023-05-22T07:15:44+00:00\",\"dateModified\":\"2023-05-22T07:17:41+00:00\",\"description\":\"Kawasaki Heavy Industries | Besuchen Sie Kawasaki Robotics EMEA auf der automatica 2023 in M\u00fcnchen\",\"breadcrumb\":{\"@id\":\"https:\/\/kawasakirobotics.com\/de\/automatica\/#breadcrumb\"},\"inLanguage\":\"de\",\"potentialAction\":[{\"@type\":\"ReadAction\",\"target\":[\"https:\/\/kawasakirobotics.com\/de\/automatica\/\"]}]},{\"@type\":\"ImageObject\",\"inLanguage\":\"de\",\"@id\":\"https:\/\/kawasakirobotics.com\/de\/automatica\/#primaryimage\",\"url\":\"https:\/\/kawasakirobotics.com\/tachyon\/sites\/5\/2023\/05\/automatica_logolettsublineDatumOrt_D_rgb.jpg\",\"contentUrl\":\"https:\/\/kawasakirobotics.com\/tachyon\/sites\/5\/2023\/05\/automatica_logolettsublineDatumOrt_D_rgb.jpg\"},{\"@type\":\"BreadcrumbList\",\"@id\":\"https:\/\/kawasakirobotics.com\/de\/automatica\/#breadcrumb\",\"itemListElement\":[{\"@type\":\"ListItem\",\"position\":1,\"name\":\"Home\",\"item\":\"https:\/\/kawasakirobotics.com\/de\/\"},{\"@type\":\"ListItem\",\"position\":2,\"name\":\"Besuchen Sie Kawasaki Robotics EMEA auf der automatica 2023 in M\u00fcnchen\"}]},{\"@type\":\"WebSite\",\"@id\":\"https:\/\/kawasakirobotics.com\/de\/#website\",\"url\":\"https:\/\/kawasakirobotics.com\/de\/\",\"name\":\"Kawasaki Robotics\",\"description\":\"\",\"publisher\":{\"@id\":\"https:\/\/kawasakirobotics.com\/de\/#organization\"},\"potentialAction\":[{\"@type\":\"SearchAction\",\"target\":{\"@type\":\"EntryPoint\",\"urlTemplate\":\"https:\/\/kawasakirobotics.com\/de\/?s={search_term_string}\"},\"query-input\":{\"@type\":\"PropertyValueSpecification\",\"valueRequired\":true,\"valueName\":\"search_term_string\"}}],\"inLanguage\":\"de\"},{\"@type\":\"Organization\",\"@id\":\"https:\/\/kawasakirobotics.com\/de\/#organization\",\"name\":\"\u5ddd\u5d0e\u91cd\u5de5\u696d\u30ed\u30dc\u30c3\u30c8\u30c7\u30a3\u30d3\u30b8\u30e7\u30f3\",\"url\":\"https:\/\/kawasakirobotics.com\/de\/\",\"logo\":{\"@type\":\"ImageObject\",\"inLanguage\":\"de\",\"@id\":\"https:\/\/kawasakirobotics.com\/de\/#\/schema\/logo\/image\/\",\"url\":\"\",\"contentUrl\":\"\",\"caption\":\"\u5ddd\u5d0e\u91cd\u5de5\u696d\u30ed\u30dc\u30c3\u30c8\u30c7\u30a3\u30d3\u30b8\u30e7\u30f3\"},\"image\":{\"@id\":\"https:\/\/kawasakirobotics.com\/de\/#\/schema\/logo\/image\/\"}}]}<\/script>\n<!-- \/ Yoast SEO plugin. -->","yoast_head_json":{"title":"Besuchen Sie Kawasaki Robotics EMEA auf der automatica 2023 in M\u00fcnchen | Industrieroboter von Kawasaki Robotics","description":"Kawasaki Heavy Industries | Besuchen Sie Kawasaki Robotics EMEA auf der automatica 2023 in M\u00fcnchen","robots":{"index":"index","follow":"follow","max-snippet":"max-snippet:-1","max-image-preview":"max-image-preview:large","max-video-preview":"max-video-preview:-1"},"canonical":"https:\/\/kawasakirobotics.com\/de\/automatica\/","og_locale":"de_DE","og_type":"article","og_title":"Besuchen Sie Kawasaki Robotics EMEA auf der automatica 2023 in M\u00fcnchen | Industrieroboter von Kawasaki Robotics","og_description":"Kawasaki Heavy Industries | Besuchen Sie Kawasaki Robotics EMEA auf der automatica 2023 in M\u00fcnchen","og_url":"https:\/\/kawasakirobotics.com\/de\/automatica\/","og_site_name":"Kawasaki Robotics","article_modified_time":"2023-05-22T07:17:41+00:00","og_image":[{"url":"https:\/\/kawasakirobotics.com\/content\/themes\/krobot-theme\/src\/images\/default\/ogp.jpg","width":"1200","height":"630","type":"image\/jpeg"}],"twitter_card":"summary_large_image","schema":{"@context":"https:\/\/schema.org","@graph":[{"@type":"WebPage","@id":"https:\/\/kawasakirobotics.com\/de\/automatica\/","url":"https:\/\/kawasakirobotics.com\/de\/automatica\/","name":"Besuchen Sie Kawasaki Robotics EMEA auf der automatica 2023 in M\u00fcnchen | Industrieroboter von Kawasaki Robotics","isPartOf":{"@id":"https:\/\/kawasakirobotics.com\/de\/#website"},"primaryImageOfPage":{"@id":"https:\/\/kawasakirobotics.com\/de\/automatica\/#primaryimage"},"image":{"@id":"https:\/\/kawasakirobotics.com\/de\/automatica\/#primaryimage"},"thumbnailUrl":"https:\/\/kawasakirobotics.com\/tachyon\/sites\/5\/2023\/05\/automatica_logolettsublineDatumOrt_D_rgb.jpg","datePublished":"2023-05-22T07:15:44+00:00","dateModified":"2023-05-22T07:17:41+00:00","description":"Kawasaki Heavy Industries | Besuchen Sie Kawasaki Robotics EMEA auf der automatica 2023 in M\u00fcnchen","breadcrumb":{"@id":"https:\/\/kawasakirobotics.com\/de\/automatica\/#breadcrumb"},"inLanguage":"de","potentialAction":[{"@type":"ReadAction","target":["https:\/\/kawasakirobotics.com\/de\/automatica\/"]}]},{"@type":"ImageObject","inLanguage":"de","@id":"https:\/\/kawasakirobotics.com\/de\/automatica\/#primaryimage","url":"https:\/\/kawasakirobotics.com\/tachyon\/sites\/5\/2023\/05\/automatica_logolettsublineDatumOrt_D_rgb.jpg","contentUrl":"https:\/\/kawasakirobotics.com\/tachyon\/sites\/5\/2023\/05\/automatica_logolettsublineDatumOrt_D_rgb.jpg"},{"@type":"BreadcrumbList","@id":"https:\/\/kawasakirobotics.com\/de\/automatica\/#breadcrumb","itemListElement":[{"@type":"ListItem","position":1,"name":"Home","item":"https:\/\/kawasakirobotics.com\/de\/"},{"@type":"ListItem","position":2,"name":"Besuchen Sie Kawasaki Robotics EMEA auf der automatica 2023 in M\u00fcnchen"}]},{"@type":"WebSite","@id":"https:\/\/kawasakirobotics.com\/de\/#website","url":"https:\/\/kawasakirobotics.com\/de\/","name":"Kawasaki Robotics","description":"","publisher":{"@id":"https:\/\/kawasakirobotics.com\/de\/#organization"},"potentialAction":[{"@type":"SearchAction","target":{"@type":"EntryPoint","urlTemplate":"https:\/\/kawasakirobotics.com\/de\/?s={search_term_string}"},"query-input":{"@type":"PropertyValueSpecification","valueRequired":true,"valueName":"search_term_string"}}],"inLanguage":"de"},{"@type":"Organization","@id":"https:\/\/kawasakirobotics.com\/de\/#organization","name":"\u5ddd\u5d0e\u91cd\u5de5\u696d\u30ed\u30dc\u30c3\u30c8\u30c7\u30a3\u30d3\u30b8\u30e7\u30f3","url":"https:\/\/kawasakirobotics.com\/de\/","logo":{"@type":"ImageObject","inLanguage":"de","@id":"https:\/\/kawasakirobotics.com\/de\/#\/schema\/logo\/image\/","url":"","contentUrl":"","caption":"\u5ddd\u5d0e\u91cd\u5de5\u696d\u30ed\u30dc\u30c3\u30c8\u30c7\u30a3\u30d3\u30b8\u30e7\u30f3"},"image":{"@id":"https:\/\/kawasakirobotics.com\/de\/#\/schema\/logo\/image\/"}}]}},"_links":{"self":[{"href":"https:\/\/kawasakirobotics.com\/de\/wp-json\/wp\/v2\/pages\/5883","targetHints":{"allow":["GET"]}}],"collection":[{"href":"https:\/\/kawasakirobotics.com\/de\/wp-json\/wp\/v2\/pages"}],"about":[{"href":"https:\/\/kawasakirobotics.com\/de\/wp-json\/wp\/v2\/types\/page"}],"author":[{"embeddable":true,"href":"https:\/\/kawasakirobotics.com\/de\/wp-json\/wp\/v2\/users\/26"}],"replies":[{"embeddable":true,"href":"https:\/\/kawasakirobotics.com\/de\/wp-json\/wp\/v2\/comments?post=5883"}],"version-history":[{"count":3,"href":"https:\/\/kawasakirobotics.com\/de\/wp-json\/wp\/v2\/pages\/5883\/revisions"}],"predecessor-version":[{"id":5886,"href":"https:\/\/kawasakirobotics.com\/de\/wp-json\/wp\/v2\/pages\/5883\/revisions\/5886"}],"wp:attachment":[{"href":"https:\/\/kawasakirobotics.com\/de\/wp-json\/wp\/v2\/media?parent=5883"}],"curies":[{"name":"wp","href":"https:\/\/api.w.org\/{rel}","templated":true}]}}