{"id":5937,"date":"2023-08-08T08:35:12","date_gmt":"2023-08-08T07:35:12","guid":{"rendered":"urn:uuid:c6527c6a-08ee-464a-bfd6-9bab528c1a61"},"modified":"2023-08-08T08:47:10","modified_gmt":"2023-08-08T07:47:10","slug":"schweissen2023","status":"publish","type":"page","link":"https:\/\/kawasakirobotics.com\/de\/schweissen2023\/","title":{"rendered":"Besuchen Sie Kawasaki Robotics EMEA auf der Schwei\u00dfen &amp; Schneiden 2023 in Essen (Halle 6 Stand 6H13)"},"content":{"rendered":"\n<figure class=\"wp-block-image size-full\"><img decoding=\"async\" src=\"https:\/\/kawasakirobotics.com\/tachyon\/sites\/5\/2023\/08\/s-s_4c_deutsch-rgb.jpg\" alt=\"\" class=\"wp-image-5483\" \/><\/figure>\n\n\n\n<div class=\"wp-block-media-text is-stacked-on-mobile\" style=\"grid-template-columns:18% auto\"><figure class=\"wp-block-media-text__media\"><img decoding=\"async\" src=\"https:\/\/kawasakirobotics.com\/tachyon\/sites\/5\/2023\/02\/A1190171-scaled.jpg?fit=900%2C900\" alt=\"\" class=\"wp-image-5275 size-full\" \/><\/figure><div class=\"wp-block-media-text__content\">\n<h4 class=\"has-normal-font-size wp-block-heading\"><strong>Vereinbaren Sie Ihren pers\u00f6nlichen Termin und erhalten Sie Ihr kostenloses Ticket:<\/strong><\/h4>\n\n\n\n<p>Marc Kluge<br><a href=\"mailto:marketing@kawasakirobotics.de\">marketing@kawasakirobotics.de<\/a><br><\/p>\n<\/div><\/div>\n\n\n\n<h4 class=\"wp-block-heading\"><strong><strong><strong>Smart, Safe and Sustainable Arc-welding Automation<\/strong><\/strong><\/strong><\/h4>\n\n\n\n<p class=\"wp-embed-aspect-16-9 wp-has-aspect-ratio\">Besuchen Sie Kawasaki Robotics EMEA auf der Schwei\u00dfen &amp; Schneiden (Halle 6, Stand 6H13) vom 11. bis 15. September 2023 in Essen und erleben Sie die neuesten Innovationen im Bereich der intelligenten, sicheren und nachhaltigen Lichtbogenschwei\u00dfautomation.<\/p>\n\n\n\n<p>Auf einer Fl\u00e4che von 115 m\u00b2 pr\u00e4sentieren wir Ihnen in Halle 6 unser komplettes Portfolio sowie unser Know-how und Partnernetzwerk f\u00fcr eine Vielzahl von Kunden und Branchen. Lassen Sie sich von uns viele praktische Beispiele f\u00fcr Industrierobotik, kollaborative Robotik und hybride L\u00f6sungen f\u00fcr das Lichtbogenschwei\u00dfen zeigen.<\/p>\n\n\n\n<p>Mit innovativen und pr\u00e4zisen L\u00f6sungen f\u00fcr die Automatisierung des Lichtbogenschwei\u00dfens ist Kawasaki Robotics der ideale Automatisierungspartner f\u00fcr alle Anforderungen und Szenarien &#8211; basierend auf exzellenter Technologie und Know-how. Zu den Highlights auf dem Kawasaki Robotics EMEA Stand geh\u00f6ren:<\/p>\n\n\n\n<p><strong> <\/strong><\/p>\n\n\n\n<figure class=\"wp-block-image size-medium is-resized\"><img loading=\"lazy\" decoding=\"async\" src=\"https:\/\/kawasakirobotics.com\/tachyon\/sites\/5\/2023\/08\/CL-Series-Cobot-3.jpg?fit=450%2C450\" alt=\"\" class=\"wp-image-5485\" width=\"274\" height=\"206\" \/><\/figure>\n\n\n\n<p>Zwei Cobots aus unserer k\u00fcrzlich vorgestellten CL Serie &#8211; bereit zum Schwei\u00dfen und ausgestattet mit der neuesten Version unserer neuen Cobot-Software zum Lichtbogenschwei\u00dfen. Erfahren Sie, wie Sie Ihre Schwei\u00dfprozesse in nur wenigen Minuten automatisieren k\u00f6nnen.<\/p>\n\n\n\n<p><\/p>\n\n\n\n<figure class=\"wp-block-image size-large is-resized\"><img loading=\"lazy\" decoding=\"async\" src=\"https:\/\/kawasakirobotics.com\/tachyon\/sites\/5\/2023\/08\/Arc-Welding-K-Positioner-IMG_1801.jpg?fit=900%2C900\" alt=\"\" class=\"wp-image-5486\" width=\"278\" height=\"209\" \/><\/figure>\n\n\n\n<p>Eine hochmoderne L\u00f6sung f\u00fcr das Lichtbogenschwei\u00dfen mit vielen Beispielen aus unserem umfangreichen Portfolio an Robotern, Komponenten und Optionen &#8211; darunter der BA006L-Roboter, unsere K-Track-Linearschiene, der K-Positioner sowie die Roboter RA10L und RS025N in unterst\u00fctzenden Funktionen.<\/p>\n\n\n\n<p><\/p>\n\n\n\n<figure class=\"wp-block-image size-large is-resized\"><img loading=\"lazy\" decoding=\"async\" src=\"https:\/\/kawasakirobotics.com\/tachyon\/sites\/5\/2023\/08\/Robocon_INperfektion-Container-II.png?fit=900%2C900\" alt=\"\" class=\"wp-image-5487\" width=\"285\" height=\"159\" \/><\/figure>\n\n\n\n<p>Die beeindruckende Robocon-L\u00f6sung &#8211; eine komplette, mobile Lichtbogenschwei\u00dfanlage, die in einem gew\u00f6hnlichen Schiffscontainer untergebracht ist. Entwickelt mit unserem Partner INperfektion sowie Kemppi, Siegmund und Nederman, wird Robocon auch unser intuitives K-DIY-Handlernsystem enthalten.<\/p>\n\n\n\n<p>Voll funktionsf\u00e4hige und interaktive digitale Zwillinge der gesamten Schwei\u00dfapplikationen und der Robocon mit unserem Tool K-Virtual &#8211; unterst\u00fctzt durch unsere Partner von CENIT an unserem Stand.<\/p>\n\n\n\n<p>Wir freuen uns darauf, Ihnen diese innovativen L\u00f6sungen und mehr auf der Schwei\u00dfen &amp; Schneiden 2023 in Essen zu zeigen!<\/p>\n\n\n\n<div class=\"wp-block-media-text is-stacked-on-mobile\" style=\"grid-template-columns:18% auto\"><figure class=\"wp-block-media-text__media\"><img decoding=\"async\" src=\"https:\/\/kawasakirobotics.com\/tachyon\/sites\/5\/2023\/02\/A1190171-scaled.jpg?fit=900%2C900\" alt=\"\" class=\"wp-image-5275 size-full\" \/><\/figure><div class=\"wp-block-media-text__content\">\n<h4 class=\"has-normal-font-size wp-block-heading\"><strong><strong>Vereinbaren Sie Ihren pers\u00f6nlichen Termin und erhalten Sie Ihr kostenloses Ticket:<\/strong><\/strong><\/h4>\n\n\n\n<p>Marc Kluge<br><a href=\"mailto:marketing@kawasakirobotics.de\">marketing@kawasakirobotics.de<\/a><br><\/p>\n<\/div><\/div>\n\n\n\n<p><\/p>\n","protected":false},"excerpt":{"rendered":"<p>Vereinbaren Sie Ihren pers\u00f6nlichen Termin und erhalten Sie Ihr kostenloses Ticket: Marc Klugemarketing@kawasakirobotics.de Smart, Safe and Sustainable Arc-welding Automation Besuchen Sie Kawasaki Robotics EMEA auf der Schwei\u00dfen &amp; Schneiden (Halle 6, Stand 6H13) vom 11. bis 15. September 2023 in Essen und erleben Sie die neuesten Innovationen im Bereich der intelligenten, sicheren und nachhaltigen Lichtbogenschwei\u00dfautomation. Auf einer Fl\u00e4che von 115 m\u00b2 pr\u00e4sentieren wir Ihnen in Halle 6 unser komplettes Portfolio sowie unser Know-how und Partnernetzwerk f\u00fcr eine Vielzahl von Kunden und Branchen. Lassen Sie sich von uns viele praktische Beispiele f\u00fcr Industrierobotik, kollaborative Robotik und hybride L\u00f6sungen f\u00fcr das Lichtbogenschwei\u00dfen zeigen. Mit innovativen und pr\u00e4zisen L\u00f6sungen f\u00fcr die Automatisierung des [&hellip;]<\/p>\n","protected":false},"author":26,"featured_media":0,"parent":0,"menu_order":0,"comment_status":"closed","ping_status":"closed","template":"","meta":{"ep_exclude_from_search":false,"footnotes":""},"class_list":["post-5937","page","type-page","status-publish","hentry"],"yoast_head":"<!-- This site is optimized with the Yoast SEO plugin v25.9 - https:\/\/yoast.com\/wordpress\/plugins\/seo\/ -->\n<title>Besuchen Sie Kawasaki Robotics EMEA auf der Schwei\u00dfen &amp; Schneiden 2023 in Essen (Halle 6 Stand 6H13) | Industrieroboter von Kawasaki Robotics<\/title>\n<meta name=\"description\" content=\"Kawasaki Heavy Industries | Besuchen Sie Kawasaki Robotics EMEA auf der Schwei\u00dfen &amp; Schneiden 2023 in Essen (Halle 6 Stand 6H13)\" \/>\n<meta name=\"robots\" content=\"index, follow, max-snippet:-1, max-image-preview:large, max-video-preview:-1\" \/>\n<link rel=\"canonical\" href=\"https:\/\/kawasakirobotics.com\/de\/schweissen2023\/\" \/>\n<meta property=\"og:locale\" content=\"de_DE\" \/>\n<meta property=\"og:type\" content=\"article\" \/>\n<meta property=\"og:title\" content=\"Besuchen Sie Kawasaki Robotics EMEA auf der Schwei\u00dfen &amp; Schneiden 2023 in Essen (Halle 6 Stand 6H13) | Industrieroboter von Kawasaki Robotics\" \/>\n<meta property=\"og:description\" content=\"Kawasaki Heavy Industries | Besuchen Sie Kawasaki Robotics EMEA auf der Schwei\u00dfen &amp; Schneiden 2023 in Essen (Halle 6 Stand 6H13)\" \/>\n<meta property=\"og:url\" content=\"https:\/\/kawasakirobotics.com\/de\/schweissen2023\/\" \/>\n<meta property=\"og:site_name\" content=\"Kawasaki Robotics\" \/>\n<meta property=\"article:modified_time\" content=\"2023-08-08T07:47:10+00:00\" \/>\n<meta property=\"og:image\" content=\"https:\/\/kawasakirobotics.com\/content\/themes\/krobot-theme\/src\/images\/default\/ogp.jpg\" \/>\n\t<meta property=\"og:image:width\" content=\"1200\" \/>\n\t<meta property=\"og:image:height\" content=\"630\" \/>\n\t<meta property=\"og:image:type\" content=\"image\/jpeg\" \/>\n<meta name=\"twitter:card\" content=\"summary_large_image\" \/>\n<script type=\"application\/ld+json\" class=\"yoast-schema-graph\">{\"@context\":\"https:\/\/schema.org\",\"@graph\":[{\"@type\":\"WebPage\",\"@id\":\"https:\/\/kawasakirobotics.com\/de\/schweissen2023\/\",\"url\":\"https:\/\/kawasakirobotics.com\/de\/schweissen2023\/\",\"name\":\"Besuchen Sie Kawasaki Robotics EMEA auf der Schwei\u00dfen &amp; Schneiden 2023 in Essen (Halle 6 Stand 6H13) | Industrieroboter von Kawasaki Robotics\",\"isPartOf\":{\"@id\":\"https:\/\/kawasakirobotics.com\/de\/#website\"},\"primaryImageOfPage\":{\"@id\":\"https:\/\/kawasakirobotics.com\/de\/schweissen2023\/#primaryimage\"},\"image\":{\"@id\":\"https:\/\/kawasakirobotics.com\/de\/schweissen2023\/#primaryimage\"},\"thumbnailUrl\":\"https:\/\/kawasakirobotics.com\/tachyon\/sites\/5\/2023\/08\/s-s_4c_deutsch-rgb.jpg\",\"datePublished\":\"2023-08-08T07:35:12+00:00\",\"dateModified\":\"2023-08-08T07:47:10+00:00\",\"description\":\"Kawasaki Heavy Industries | Besuchen Sie Kawasaki Robotics EMEA auf der Schwei\u00dfen &amp; Schneiden 2023 in Essen (Halle 6 Stand 6H13)\",\"breadcrumb\":{\"@id\":\"https:\/\/kawasakirobotics.com\/de\/schweissen2023\/#breadcrumb\"},\"inLanguage\":\"de\",\"potentialAction\":[{\"@type\":\"ReadAction\",\"target\":[\"https:\/\/kawasakirobotics.com\/de\/schweissen2023\/\"]}]},{\"@type\":\"ImageObject\",\"inLanguage\":\"de\",\"@id\":\"https:\/\/kawasakirobotics.com\/de\/schweissen2023\/#primaryimage\",\"url\":\"https:\/\/kawasakirobotics.com\/tachyon\/sites\/5\/2023\/08\/s-s_4c_deutsch-rgb.jpg\",\"contentUrl\":\"https:\/\/kawasakirobotics.com\/tachyon\/sites\/5\/2023\/08\/s-s_4c_deutsch-rgb.jpg\"},{\"@type\":\"BreadcrumbList\",\"@id\":\"https:\/\/kawasakirobotics.com\/de\/schweissen2023\/#breadcrumb\",\"itemListElement\":[{\"@type\":\"ListItem\",\"position\":1,\"name\":\"Home\",\"item\":\"https:\/\/kawasakirobotics.com\/de\/\"},{\"@type\":\"ListItem\",\"position\":2,\"name\":\"Besuchen Sie Kawasaki Robotics EMEA auf der Schwei\u00dfen &amp; Schneiden 2023 in Essen (Halle 6 Stand 6H13)\"}]},{\"@type\":\"WebSite\",\"@id\":\"https:\/\/kawasakirobotics.com\/de\/#website\",\"url\":\"https:\/\/kawasakirobotics.com\/de\/\",\"name\":\"Kawasaki Robotics\",\"description\":\"\",\"publisher\":{\"@id\":\"https:\/\/kawasakirobotics.com\/de\/#organization\"},\"potentialAction\":[{\"@type\":\"SearchAction\",\"target\":{\"@type\":\"EntryPoint\",\"urlTemplate\":\"https:\/\/kawasakirobotics.com\/de\/?s={search_term_string}\"},\"query-input\":{\"@type\":\"PropertyValueSpecification\",\"valueRequired\":true,\"valueName\":\"search_term_string\"}}],\"inLanguage\":\"de\"},{\"@type\":\"Organization\",\"@id\":\"https:\/\/kawasakirobotics.com\/de\/#organization\",\"name\":\"\u5ddd\u5d0e\u91cd\u5de5\u696d\u30ed\u30dc\u30c3\u30c8\u30c7\u30a3\u30d3\u30b8\u30e7\u30f3\",\"url\":\"https:\/\/kawasakirobotics.com\/de\/\",\"logo\":{\"@type\":\"ImageObject\",\"inLanguage\":\"de\",\"@id\":\"https:\/\/kawasakirobotics.com\/de\/#\/schema\/logo\/image\/\",\"url\":\"\",\"contentUrl\":\"\",\"caption\":\"\u5ddd\u5d0e\u91cd\u5de5\u696d\u30ed\u30dc\u30c3\u30c8\u30c7\u30a3\u30d3\u30b8\u30e7\u30f3\"},\"image\":{\"@id\":\"https:\/\/kawasakirobotics.com\/de\/#\/schema\/logo\/image\/\"}}]}<\/script>\n<!-- \/ Yoast SEO plugin. -->","yoast_head_json":{"title":"Besuchen Sie Kawasaki Robotics EMEA auf der Schwei\u00dfen &amp; Schneiden 2023 in Essen (Halle 6 Stand 6H13) | Industrieroboter von Kawasaki Robotics","description":"Kawasaki Heavy Industries | Besuchen Sie Kawasaki Robotics EMEA auf der Schwei\u00dfen &amp; Schneiden 2023 in Essen (Halle 6 Stand 6H13)","robots":{"index":"index","follow":"follow","max-snippet":"max-snippet:-1","max-image-preview":"max-image-preview:large","max-video-preview":"max-video-preview:-1"},"canonical":"https:\/\/kawasakirobotics.com\/de\/schweissen2023\/","og_locale":"de_DE","og_type":"article","og_title":"Besuchen Sie Kawasaki Robotics EMEA auf der Schwei\u00dfen &amp; Schneiden 2023 in Essen (Halle 6 Stand 6H13) | Industrieroboter von Kawasaki Robotics","og_description":"Kawasaki Heavy Industries | Besuchen Sie Kawasaki Robotics EMEA auf der Schwei\u00dfen &amp; Schneiden 2023 in Essen (Halle 6 Stand 6H13)","og_url":"https:\/\/kawasakirobotics.com\/de\/schweissen2023\/","og_site_name":"Kawasaki Robotics","article_modified_time":"2023-08-08T07:47:10+00:00","og_image":[{"url":"https:\/\/kawasakirobotics.com\/content\/themes\/krobot-theme\/src\/images\/default\/ogp.jpg","width":"1200","height":"630","type":"image\/jpeg"}],"twitter_card":"summary_large_image","schema":{"@context":"https:\/\/schema.org","@graph":[{"@type":"WebPage","@id":"https:\/\/kawasakirobotics.com\/de\/schweissen2023\/","url":"https:\/\/kawasakirobotics.com\/de\/schweissen2023\/","name":"Besuchen Sie Kawasaki Robotics EMEA auf der Schwei\u00dfen &amp; Schneiden 2023 in Essen (Halle 6 Stand 6H13) | Industrieroboter von Kawasaki Robotics","isPartOf":{"@id":"https:\/\/kawasakirobotics.com\/de\/#website"},"primaryImageOfPage":{"@id":"https:\/\/kawasakirobotics.com\/de\/schweissen2023\/#primaryimage"},"image":{"@id":"https:\/\/kawasakirobotics.com\/de\/schweissen2023\/#primaryimage"},"thumbnailUrl":"https:\/\/kawasakirobotics.com\/tachyon\/sites\/5\/2023\/08\/s-s_4c_deutsch-rgb.jpg","datePublished":"2023-08-08T07:35:12+00:00","dateModified":"2023-08-08T07:47:10+00:00","description":"Kawasaki Heavy Industries | Besuchen Sie Kawasaki Robotics EMEA auf der Schwei\u00dfen &amp; Schneiden 2023 in Essen (Halle 6 Stand 6H13)","breadcrumb":{"@id":"https:\/\/kawasakirobotics.com\/de\/schweissen2023\/#breadcrumb"},"inLanguage":"de","potentialAction":[{"@type":"ReadAction","target":["https:\/\/kawasakirobotics.com\/de\/schweissen2023\/"]}]},{"@type":"ImageObject","inLanguage":"de","@id":"https:\/\/kawasakirobotics.com\/de\/schweissen2023\/#primaryimage","url":"https:\/\/kawasakirobotics.com\/tachyon\/sites\/5\/2023\/08\/s-s_4c_deutsch-rgb.jpg","contentUrl":"https:\/\/kawasakirobotics.com\/tachyon\/sites\/5\/2023\/08\/s-s_4c_deutsch-rgb.jpg"},{"@type":"BreadcrumbList","@id":"https:\/\/kawasakirobotics.com\/de\/schweissen2023\/#breadcrumb","itemListElement":[{"@type":"ListItem","position":1,"name":"Home","item":"https:\/\/kawasakirobotics.com\/de\/"},{"@type":"ListItem","position":2,"name":"Besuchen Sie Kawasaki Robotics EMEA auf der Schwei\u00dfen &amp; Schneiden 2023 in Essen (Halle 6 Stand 6H13)"}]},{"@type":"WebSite","@id":"https:\/\/kawasakirobotics.com\/de\/#website","url":"https:\/\/kawasakirobotics.com\/de\/","name":"Kawasaki Robotics","description":"","publisher":{"@id":"https:\/\/kawasakirobotics.com\/de\/#organization"},"potentialAction":[{"@type":"SearchAction","target":{"@type":"EntryPoint","urlTemplate":"https:\/\/kawasakirobotics.com\/de\/?s={search_term_string}"},"query-input":{"@type":"PropertyValueSpecification","valueRequired":true,"valueName":"search_term_string"}}],"inLanguage":"de"},{"@type":"Organization","@id":"https:\/\/kawasakirobotics.com\/de\/#organization","name":"\u5ddd\u5d0e\u91cd\u5de5\u696d\u30ed\u30dc\u30c3\u30c8\u30c7\u30a3\u30d3\u30b8\u30e7\u30f3","url":"https:\/\/kawasakirobotics.com\/de\/","logo":{"@type":"ImageObject","inLanguage":"de","@id":"https:\/\/kawasakirobotics.com\/de\/#\/schema\/logo\/image\/","url":"","contentUrl":"","caption":"\u5ddd\u5d0e\u91cd\u5de5\u696d\u30ed\u30dc\u30c3\u30c8\u30c7\u30a3\u30d3\u30b8\u30e7\u30f3"},"image":{"@id":"https:\/\/kawasakirobotics.com\/de\/#\/schema\/logo\/image\/"}}]}},"_links":{"self":[{"href":"https:\/\/kawasakirobotics.com\/de\/wp-json\/wp\/v2\/pages\/5937","targetHints":{"allow":["GET"]}}],"collection":[{"href":"https:\/\/kawasakirobotics.com\/de\/wp-json\/wp\/v2\/pages"}],"about":[{"href":"https:\/\/kawasakirobotics.com\/de\/wp-json\/wp\/v2\/types\/page"}],"author":[{"embeddable":true,"href":"https:\/\/kawasakirobotics.com\/de\/wp-json\/wp\/v2\/users\/26"}],"replies":[{"embeddable":true,"href":"https:\/\/kawasakirobotics.com\/de\/wp-json\/wp\/v2\/comments?post=5937"}],"version-history":[{"count":2,"href":"https:\/\/kawasakirobotics.com\/de\/wp-json\/wp\/v2\/pages\/5937\/revisions"}],"predecessor-version":[{"id":5939,"href":"https:\/\/kawasakirobotics.com\/de\/wp-json\/wp\/v2\/pages\/5937\/revisions\/5939"}],"wp:attachment":[{"href":"https:\/\/kawasakirobotics.com\/de\/wp-json\/wp\/v2\/media?parent=5937"}],"curies":[{"name":"wp","href":"https:\/\/api.w.org\/{rel}","templated":true}]}}