{"id":6504,"date":"2025-08-15T10:17:08","date_gmt":"2025-08-15T09:17:08","guid":{"rendered":"urn:uuid:1e1008cc-e226-4755-b22b-958102164152"},"modified":"2025-08-15T10:19:01","modified_gmt":"2025-08-15T09:19:01","slug":"schweissenundschneiden2025","status":"publish","type":"page","link":"https:\/\/kawasakirobotics.com\/de\/schweissenundschneiden2025\/","title":{"rendered":"Schwei\u00dfen &amp; Schneiden 2025"},"content":{"rendered":"\n<div class=\"wp-block-cover alignfull is-light\" style=\"padding-top:4.13rem;padding-bottom:2.75rem\"><span aria-hidden=\"true\" class=\"wp-block-cover__background has-background-dim-0 has-background-dim\" style=\"background-color:#8d8c8d\"><\/span><img decoding=\"async\" class=\"wp-block-cover__image-background wp-image-8802\" alt=\"\" src=\"https:\/\/kawasakirobotics.com\/tachyon\/2025\/03\/ApplicationPage-Header-Palletizing.jpg\" data-object-fit=\"cover\" \/><div class=\"wp-block-cover__inner-container is-layout-constrained wp-block-cover-is-layout-constrained\">\n<div class=\"wp-block-group alignwide is-layout-constrained wp-container-core-group-is-layout-e0082cf6 wp-block-group-is-layout-constrained\">\n<div class=\"wp-block-group is-layout-constrained wp-block-group-is-layout-constrained\">\n<h1 class=\"wp-block-heading has-text-align-left is-style-no-decoration has-sand-color has-text-color has-link-color has-knockout-font-family has-5-xl-font-size wp-elements-93b315954259cc113835a7a211773af0\" style=\"margin-top:0;margin-bottom:0;font-style:normal;font-weight:300;line-height:1;text-transform:uppercase\">Schwei\u00dfen &amp; schneiden 2025<\/h1>\n<\/div>\n\n\n\n<p class=\"has-sand-color has-text-color has-link-color has-trade-gothic-next-lt-pro-font-family has-s-font-size wp-elements-76a88f7a4128f6ee1b341c9344b16b22\" style=\"margin-top:var(--wp--preset--spacing--40);margin-bottom:0;font-style:normal;font-weight:400\">Erleben Sie un\u00fcbertroffene Verl\u00e4sslichkeit: Essen, 15. bis 19. September 2025 <\/p>\n\n\n\n<p class=\"has-sand-color has-text-color has-link-color has-trade-gothic-next-lt-pro-font-family has-s-font-size wp-elements-8868574689613f717e44cdffc02bfb28\" style=\"margin-top:var(--wp--preset--spacing--40);margin-bottom:0;font-style:normal;font-weight:400\">Halle 5 Stand C09<\/p>\n\n\n\n<div style=\"height:1rem\" aria-hidden=\"true\" class=\"wp-block-spacer\"><\/div>\n\n\n\n<div class=\"wp-block-buttons is-nowrap is-layout-flex wp-container-core-buttons-is-layout-6c531013 wp-block-buttons-is-layout-flex\">\n<div class=\"wp-block-button is-style-pillar-fill\"><a class=\"wp-block-button__link has-red-background-color has-background wp-element-button\" href=\"mailto:marketing@kawasakirobotics.de\" target=\"_blank\" rel=\"noreferrer noopener\">Holen Sie sich Ihr Ticket<\/a><\/div>\n\n\n\n<div class=\"wp-block-button is-style-pillar-fill\"><a class=\"wp-block-button__link has-red-background-color has-background wp-element-button\" href=\"mailto:marketing@kawasakirobotics.de\">Buchen Sie einen Termin<\/a><\/div>\n<\/div>\n<\/div>\n<\/div><\/div>\n\n\n\n<section class=\"wp-block-group krobot-pillar-offset-grid is-layout-flow wp-container-core-group-is-layout-3e8e1870 wp-block-group-is-layout-flow\" style=\"padding-right:0;padding-left:0\">\n<div class=\"wp-block-group image2 is-layout-flow wp-container-core-group-is-layout-e603688c wp-block-group-is-layout-flow\" style=\"margin-top:0;margin-bottom:0;padding-top:0;padding-right:0;padding-bottom:0;padding-left:0\">\n<div aria-hidden=\"true\" class=\"wp-block-fsb-flexible-spacer fsb-flexible-spacer\"><div class=\"fsb-flexible-spacer__device fsb-flexible-spacer__device--lg\" style=\"height:0rem\"><\/div><div class=\"fsb-flexible-spacer__device fsb-flexible-spacer__device--md\" style=\"height:2.8rem\"><\/div><div class=\"fsb-flexible-spacer__device fsb-flexible-spacer__device--sm\" style=\"height:2.8rem\"><\/div><\/div>\n\n\n\n<figure class=\"wp-block-image aligncenter size-large is-resized\"><img decoding=\"async\" src=\"https:\/\/kawasakirobotics.com\/tachyon\/sites\/5\/2025\/05\/BA013N-Right_20250415.png?fit=900%2C900\" alt=\"\" class=\"wp-image-6176\" style=\"object-fit:cover;width:284px;height:auto\" \/><\/figure>\n<\/div>\n\n\n\n<div class=\"wp-block-group bg has-light-gray-background-color has-background wp-container-content-b7aa651c is-layout-flow wp-container-core-group-is-layout-e603688c wp-block-group-is-layout-flow\" style=\"margin-top:0;margin-bottom:0;padding-top:0;padding-right:0;padding-bottom:0;padding-left:0\"><\/div>\n\n\n\n<div class=\"wp-block-group text2 is-layout-flow wp-container-core-group-is-layout-e603688c wp-block-group-is-layout-flow\" style=\"margin-top:0;margin-bottom:0;padding-top:0;padding-right:0;padding-bottom:0;padding-left:0\">\n<div aria-hidden=\"true\" class=\"wp-block-fsb-flexible-spacer fsb-flexible-spacer\"><div class=\"fsb-flexible-spacer__device fsb-flexible-spacer__device--lg\" style=\"height:51px\"><\/div><div class=\"fsb-flexible-spacer__device fsb-flexible-spacer__device--md\" style=\"height:0rem\"><\/div><div class=\"fsb-flexible-spacer__device fsb-flexible-spacer__device--sm\" style=\"height:37px\"><\/div><\/div>\n\n\n\n<div class=\"wp-block-group is-layout-constrained wp-block-group-is-layout-constrained\">\n<div class=\"wp-block-group is-layout-constrained wp-block-group-is-layout-constrained\">\n<h2 class=\"wp-block-heading is-style-no-decoration has-black-color has-text-color has-link-color has-knockout-font-family wp-elements-f5ff4c59c5052787a0c459d02bf40519\" style=\"margin-top:0;margin-right:0;margin-bottom:0;margin-left:0;padding-top:0;padding-bottom:0;font-size:clamp(1.948rem, 1.948rem + ((1vw - 0.2rem) * 2.808), 3.44rem);font-style:normal;font-weight:300;line-height:1.3;text-transform:uppercase\">Die n\u00e4chste Stufe der Schwei\u00dfautomation<\/h2>\n\n\n\n<p>Vom 15. bis 19. September 2025 pr\u00e4sentiert Kawasaki Robotics auf der Schwei\u00dfen &amp; Schneiden in Essen (Halle 5, Stand C09) gemeinsam mit unseren Partnern <a href=\"https:\/\/benthor.de\/\">BenThor<\/a> und <a href=\"http:\/\/www.bisbraun.de\/\">BIS Braun<\/a> eine Vielzahl neuer Produkte und L\u00f6sungen. Wir werden nicht nur neue Robotermodelle vorstellen, sondern auch praktische Anwendungen f\u00fcr zahlreiche Branchen.<\/p>\n\n\n\n<p>Mit den Modellen BA013N und BA013L pr\u00e4sentiert Kawasaki Robotics eine Weiterentwicklung der beliebten BA-Serie zum Lichtbogenschwei\u00dfen. Die erh\u00f6hte Stabilit\u00e4t und Vibrationsreduzierung sorgen f\u00fcr optimale Schwei\u00dfergebnisse. In Bezug auf Tragf\u00e4higkeit, Arbeitsbereich und Geschwindigkeit geh\u00f6ren die beiden Modelle zu den Besten auf dem Markt. Die interne Kabelf\u00fchrung bietet nun auch mehr Platz f\u00fcr die gesamte Schwei\u00dfausr\u00fcstung.<\/p>\n<\/div>\n<\/div>\n\n\n\n<p><\/p>\n<\/div>\n<\/section>\n\n\n\n<div class=\"wp-block-group is-vertical is-layout-flex wp-container-core-group-is-layout-fe9cc265 wp-block-group-is-layout-flex\">\n<h2 class=\"wp-block-heading has-text-align-left is-style-no-decoration has-black-color has-text-color has-link-color has-knockout-font-family wp-elements-a71a23cacdb237530069c39cf8fe2625\" style=\"margin-top:0;margin-right:0;margin-bottom:0;margin-left:0;padding-top:0;padding-bottom:0;font-size:clamp(1.948rem, 1.948rem + ((1vw - 0.2rem) * 2.808), 3.44rem);font-style:normal;font-weight:300;line-height:1.3;text-transform:uppercase\">eine neue Generation von Cobots und mehr<\/h2>\n\n\n\n<p>Die Messebesucher k\u00f6nnen sich auch von den Weiterentwicklungen der Cobots der CL-Serie und ihren umfangreichen M\u00f6glichkeiten beim Lichtbogenschwei\u00dfen \u00fcberzeugen &#8211; inklusive manuellem und intuitivem Teachen sowie der vielseitigen Schwei\u00dfsoftware. BenThor und BIS Braun zeigen ihre Roboter als Teil kompakter Automatisierungsl\u00f6sungen, einschlie\u00dflich AR-Funktionalit\u00e4ten, die die Produktionsplanung einfacher denn je machen.<\/p>\n<\/div>\n\n\n\n<figure class=\"wp-block-image size-medium\"><img decoding=\"async\" src=\"https:\/\/kawasakirobotics.com\/tachyon\/sites\/5\/2025\/07\/weld.jpg?fit=450%2C450\" alt=\"\" class=\"wp-image-6264\" \/><\/figure>\n\n\n\n<p><br>Neben den neuen Robotern wird Kawasaki Robotics auch die neueste Generation von Steuerungen vorstellen, die F0X B-Type: Die kleinste und leichteste Steuerung f\u00fcr mittelgro\u00dfe Roboter ist nicht nur kompakt, vielseitig und intuitiv bedienbar, sondern besticht auch durch h\u00f6chste Energieeffizienz dank eines innovativen R\u00fcckspeisesystems. <\/p>\n\n\n\n<div class=\"wp-block-group is-nowrap is-layout-flex wp-container-core-group-is-layout-6c531013 wp-block-group-is-layout-flex\"><\/div>\n\n\n\n<p><\/p>\n","protected":false},"excerpt":{"rendered":"<p>die n\u00e4chste Stufe der Schwei\u00dfautomation Vom 15. bis 19. September 2025 wird Kawasaki Robotics auf der Schwei\u00dfen &amp; Schneiden in Essen (Halle 5, Stand C09) zusammen mit unseren Partnern BenThor und BIS Braun eine Vielzahl neuer Produkte und L\u00f6sungen vorstellen. Wir werden nicht nur neue Robotermodelle vorstellen, sondern auch praktische Anwendungen f\u00fcr zahlreiche Branchen. Mit den Modellen BA013N und BA013L pr\u00e4sentiert Kawasaki Robotics eine Weiterentwicklung der beliebten BA-Serie zum Lichtbogenschwei\u00dfen. Die erh\u00f6hte Stabilit\u00e4t und Vibrationsreduzierung sorgen f\u00fcr optimale Schwei\u00dfergebnisse. In Bezug auf Tragf\u00e4higkeit, Arbeitsbereich und Geschwindigkeit sind die beiden Modelle [&hellip;]<\/p>\n","protected":false},"author":26,"featured_media":0,"parent":0,"menu_order":0,"comment_status":"closed","ping_status":"closed","template":"","meta":{"ep_exclude_from_search":false,"footnotes":""},"class_list":["post-6504","page","type-page","status-publish","hentry"],"yoast_head":"<!-- This site is optimized with the Yoast SEO plugin v25.9 - https:\/\/yoast.com\/wordpress\/plugins\/seo\/ -->\n<title>Schwei\u00dfen &amp; Schneiden 2025 | Industrieroboter von Kawasaki Robotics<\/title>\n<meta name=\"description\" content=\"Kawasaki Heavy Industries | Schwei\u00dfen &amp; Schneiden 2025\" \/>\n<meta name=\"robots\" content=\"index, follow, max-snippet:-1, max-image-preview:large, max-video-preview:-1\" \/>\n<link rel=\"canonical\" href=\"https:\/\/kawasakirobotics.com\/de\/schweissenundschneiden2025\/\" \/>\n<meta property=\"og:locale\" content=\"de_DE\" \/>\n<meta property=\"og:type\" content=\"article\" \/>\n<meta property=\"og:title\" content=\"Schwei\u00dfen &amp; Schneiden 2025 | Industrieroboter von Kawasaki Robotics\" \/>\n<meta property=\"og:description\" content=\"Kawasaki Heavy Industries | Schwei\u00dfen &amp; Schneiden 2025\" \/>\n<meta property=\"og:url\" content=\"https:\/\/kawasakirobotics.com\/de\/schweissenundschneiden2025\/\" \/>\n<meta property=\"og:site_name\" content=\"Kawasaki Robotics\" \/>\n<meta property=\"article:modified_time\" content=\"2025-08-15T09:19:01+00:00\" \/>\n<meta property=\"og:image\" content=\"https:\/\/kawasakirobotics.com\/content\/themes\/krobot-theme\/src\/images\/default\/ogp.jpg\" \/>\n\t<meta property=\"og:image:width\" content=\"1200\" \/>\n\t<meta property=\"og:image:height\" content=\"630\" \/>\n\t<meta property=\"og:image:type\" content=\"image\/jpeg\" \/>\n<meta name=\"twitter:card\" content=\"summary_large_image\" \/>\n<script type=\"application\/ld+json\" class=\"yoast-schema-graph\">{\"@context\":\"https:\/\/schema.org\",\"@graph\":[{\"@type\":\"WebPage\",\"@id\":\"https:\/\/kawasakirobotics.com\/de\/schweissenundschneiden2025\/\",\"url\":\"https:\/\/kawasakirobotics.com\/de\/schweissenundschneiden2025\/\",\"name\":\"Schwei\u00dfen &amp; Schneiden 2025 | Industrieroboter von Kawasaki Robotics\",\"isPartOf\":{\"@id\":\"https:\/\/kawasakirobotics.com\/de\/#website\"},\"primaryImageOfPage\":{\"@id\":\"https:\/\/kawasakirobotics.com\/de\/schweissenundschneiden2025\/#primaryimage\"},\"image\":{\"@id\":\"https:\/\/kawasakirobotics.com\/de\/schweissenundschneiden2025\/#primaryimage\"},\"thumbnailUrl\":\"https:\/\/kawasakirobotics.com\/tachyon\/2025\/03\/ApplicationPage-Header-Palletizing.jpg\",\"datePublished\":\"2025-08-15T09:17:08+00:00\",\"dateModified\":\"2025-08-15T09:19:01+00:00\",\"description\":\"Kawasaki Heavy Industries | Schwei\u00dfen &amp; Schneiden 2025\",\"breadcrumb\":{\"@id\":\"https:\/\/kawasakirobotics.com\/de\/schweissenundschneiden2025\/#breadcrumb\"},\"inLanguage\":\"de\",\"potentialAction\":[{\"@type\":\"ReadAction\",\"target\":[\"https:\/\/kawasakirobotics.com\/de\/schweissenundschneiden2025\/\"]}]},{\"@type\":\"ImageObject\",\"inLanguage\":\"de\",\"@id\":\"https:\/\/kawasakirobotics.com\/de\/schweissenundschneiden2025\/#primaryimage\",\"url\":\"https:\/\/kawasakirobotics.com\/tachyon\/2025\/03\/ApplicationPage-Header-Palletizing.jpg\",\"contentUrl\":\"https:\/\/kawasakirobotics.com\/tachyon\/2025\/03\/ApplicationPage-Header-Palletizing.jpg\"},{\"@type\":\"BreadcrumbList\",\"@id\":\"https:\/\/kawasakirobotics.com\/de\/schweissenundschneiden2025\/#breadcrumb\",\"itemListElement\":[{\"@type\":\"ListItem\",\"position\":1,\"name\":\"Home\",\"item\":\"https:\/\/kawasakirobotics.com\/de\/\"},{\"@type\":\"ListItem\",\"position\":2,\"name\":\"Schwei\u00dfen &amp; Schneiden 2025\"}]},{\"@type\":\"WebSite\",\"@id\":\"https:\/\/kawasakirobotics.com\/de\/#website\",\"url\":\"https:\/\/kawasakirobotics.com\/de\/\",\"name\":\"Kawasaki Robotics\",\"description\":\"\",\"publisher\":{\"@id\":\"https:\/\/kawasakirobotics.com\/de\/#organization\"},\"potentialAction\":[{\"@type\":\"SearchAction\",\"target\":{\"@type\":\"EntryPoint\",\"urlTemplate\":\"https:\/\/kawasakirobotics.com\/de\/?s={search_term_string}\"},\"query-input\":{\"@type\":\"PropertyValueSpecification\",\"valueRequired\":true,\"valueName\":\"search_term_string\"}}],\"inLanguage\":\"de\"},{\"@type\":\"Organization\",\"@id\":\"https:\/\/kawasakirobotics.com\/de\/#organization\",\"name\":\"\u5ddd\u5d0e\u91cd\u5de5\u696d\u30ed\u30dc\u30c3\u30c8\u30c7\u30a3\u30d3\u30b8\u30e7\u30f3\",\"url\":\"https:\/\/kawasakirobotics.com\/de\/\",\"logo\":{\"@type\":\"ImageObject\",\"inLanguage\":\"de\",\"@id\":\"https:\/\/kawasakirobotics.com\/de\/#\/schema\/logo\/image\/\",\"url\":\"\",\"contentUrl\":\"\",\"caption\":\"\u5ddd\u5d0e\u91cd\u5de5\u696d\u30ed\u30dc\u30c3\u30c8\u30c7\u30a3\u30d3\u30b8\u30e7\u30f3\"},\"image\":{\"@id\":\"https:\/\/kawasakirobotics.com\/de\/#\/schema\/logo\/image\/\"}}]}<\/script>\n<!-- \/ Yoast SEO plugin. -->","yoast_head_json":{"title":"Schwei\u00dfen &amp; Schneiden 2025 | Industrieroboter von Kawasaki Robotics","description":"Kawasaki Heavy Industries | Schwei\u00dfen &amp; Schneiden 2025","robots":{"index":"index","follow":"follow","max-snippet":"max-snippet:-1","max-image-preview":"max-image-preview:large","max-video-preview":"max-video-preview:-1"},"canonical":"https:\/\/kawasakirobotics.com\/de\/schweissenundschneiden2025\/","og_locale":"de_DE","og_type":"article","og_title":"Schwei\u00dfen &amp; Schneiden 2025 | Industrieroboter von Kawasaki Robotics","og_description":"Kawasaki Heavy Industries | Schwei\u00dfen &amp; Schneiden 2025","og_url":"https:\/\/kawasakirobotics.com\/de\/schweissenundschneiden2025\/","og_site_name":"Kawasaki Robotics","article_modified_time":"2025-08-15T09:19:01+00:00","og_image":[{"url":"https:\/\/kawasakirobotics.com\/content\/themes\/krobot-theme\/src\/images\/default\/ogp.jpg","width":"1200","height":"630","type":"image\/jpeg"}],"twitter_card":"summary_large_image","schema":{"@context":"https:\/\/schema.org","@graph":[{"@type":"WebPage","@id":"https:\/\/kawasakirobotics.com\/de\/schweissenundschneiden2025\/","url":"https:\/\/kawasakirobotics.com\/de\/schweissenundschneiden2025\/","name":"Schwei\u00dfen &amp; Schneiden 2025 | Industrieroboter von Kawasaki Robotics","isPartOf":{"@id":"https:\/\/kawasakirobotics.com\/de\/#website"},"primaryImageOfPage":{"@id":"https:\/\/kawasakirobotics.com\/de\/schweissenundschneiden2025\/#primaryimage"},"image":{"@id":"https:\/\/kawasakirobotics.com\/de\/schweissenundschneiden2025\/#primaryimage"},"thumbnailUrl":"https:\/\/kawasakirobotics.com\/tachyon\/2025\/03\/ApplicationPage-Header-Palletizing.jpg","datePublished":"2025-08-15T09:17:08+00:00","dateModified":"2025-08-15T09:19:01+00:00","description":"Kawasaki Heavy Industries | Schwei\u00dfen &amp; Schneiden 2025","breadcrumb":{"@id":"https:\/\/kawasakirobotics.com\/de\/schweissenundschneiden2025\/#breadcrumb"},"inLanguage":"de","potentialAction":[{"@type":"ReadAction","target":["https:\/\/kawasakirobotics.com\/de\/schweissenundschneiden2025\/"]}]},{"@type":"ImageObject","inLanguage":"de","@id":"https:\/\/kawasakirobotics.com\/de\/schweissenundschneiden2025\/#primaryimage","url":"https:\/\/kawasakirobotics.com\/tachyon\/2025\/03\/ApplicationPage-Header-Palletizing.jpg","contentUrl":"https:\/\/kawasakirobotics.com\/tachyon\/2025\/03\/ApplicationPage-Header-Palletizing.jpg"},{"@type":"BreadcrumbList","@id":"https:\/\/kawasakirobotics.com\/de\/schweissenundschneiden2025\/#breadcrumb","itemListElement":[{"@type":"ListItem","position":1,"name":"Home","item":"https:\/\/kawasakirobotics.com\/de\/"},{"@type":"ListItem","position":2,"name":"Schwei\u00dfen &amp; Schneiden 2025"}]},{"@type":"WebSite","@id":"https:\/\/kawasakirobotics.com\/de\/#website","url":"https:\/\/kawasakirobotics.com\/de\/","name":"Kawasaki Robotics","description":"","publisher":{"@id":"https:\/\/kawasakirobotics.com\/de\/#organization"},"potentialAction":[{"@type":"SearchAction","target":{"@type":"EntryPoint","urlTemplate":"https:\/\/kawasakirobotics.com\/de\/?s={search_term_string}"},"query-input":{"@type":"PropertyValueSpecification","valueRequired":true,"valueName":"search_term_string"}}],"inLanguage":"de"},{"@type":"Organization","@id":"https:\/\/kawasakirobotics.com\/de\/#organization","name":"\u5ddd\u5d0e\u91cd\u5de5\u696d\u30ed\u30dc\u30c3\u30c8\u30c7\u30a3\u30d3\u30b8\u30e7\u30f3","url":"https:\/\/kawasakirobotics.com\/de\/","logo":{"@type":"ImageObject","inLanguage":"de","@id":"https:\/\/kawasakirobotics.com\/de\/#\/schema\/logo\/image\/","url":"","contentUrl":"","caption":"\u5ddd\u5d0e\u91cd\u5de5\u696d\u30ed\u30dc\u30c3\u30c8\u30c7\u30a3\u30d3\u30b8\u30e7\u30f3"},"image":{"@id":"https:\/\/kawasakirobotics.com\/de\/#\/schema\/logo\/image\/"}}]}},"_links":{"self":[{"href":"https:\/\/kawasakirobotics.com\/de\/wp-json\/wp\/v2\/pages\/6504","targetHints":{"allow":["GET"]}}],"collection":[{"href":"https:\/\/kawasakirobotics.com\/de\/wp-json\/wp\/v2\/pages"}],"about":[{"href":"https:\/\/kawasakirobotics.com\/de\/wp-json\/wp\/v2\/types\/page"}],"author":[{"embeddable":true,"href":"https:\/\/kawasakirobotics.com\/de\/wp-json\/wp\/v2\/users\/26"}],"replies":[{"embeddable":true,"href":"https:\/\/kawasakirobotics.com\/de\/wp-json\/wp\/v2\/comments?post=6504"}],"version-history":[{"count":2,"href":"https:\/\/kawasakirobotics.com\/de\/wp-json\/wp\/v2\/pages\/6504\/revisions"}],"predecessor-version":[{"id":6506,"href":"https:\/\/kawasakirobotics.com\/de\/wp-json\/wp\/v2\/pages\/6504\/revisions\/6506"}],"wp:attachment":[{"href":"https:\/\/kawasakirobotics.com\/de\/wp-json\/wp\/v2\/media?parent=6504"}],"curies":[{"name":"wp","href":"https:\/\/api.w.org\/{rel}","templated":true}]}}