{"id":6573,"date":"2026-02-06T14:51:34","date_gmt":"2026-02-06T13:51:34","guid":{"rendered":"urn:uuid:d971550c-d094-444b-803d-9d6a04f210d4"},"modified":"2026-02-10T09:38:16","modified_gmt":"2026-02-10T08:38:16","slug":"corecubics","status":"publish","type":"page","link":"https:\/\/kawasakirobotics.com\/de\/corecubics\/","title":{"rendered":"Wichtige Kundeninformationen: Core Cubic-S Lite"},"content":{"rendered":"\n<figure class=\"wp-block-image size-full is-resized\"><img loading=\"lazy\" decoding=\"async\" width=\"4096\" height=\"2304\" src=\"https:\/\/kawasakirobotics.com\/tachyon\/sites\/5\/2026\/02\/controller-new.jpg\" alt=\"\" class=\"wp-image-6450\" style=\"width:304px;height:auto\" \/><\/figure>\n\n\n\n<p>Bitte beachten Sie, dass alle F0x- und F60B Controller von Kawasaki Robotics standardm\u00e4\u00dfig mit unserem neuen Sicherheitssystem Core Cubic-S Lite ausgestattet sind, so dass Sie es sofort in Ihren Automatisierungsprojekten einsetzen k\u00f6nnen.<\/p>\n\n\n\n<h2 class=\"wp-block-heading\">Was m\u00fcssen Sie wissen?<\/h2>\n\n\n\n<div class=\"wp-block-group is-vertical is-layout-flex wp-container-core-group-is-layout-fe9cc265 wp-block-group-is-layout-flex\">\n<ul class=\"wp-block-list\">\n<li><span style=\"font-size: revert\">Die vollst\u00e4ndige Bedienungsanleitung f\u00fcr Core Cubic-S finden Sie in unserem offiziellen <\/span><a style=\"font-size: revert\" href=\"https:\/\/dl.robotics.khi.co.jp\/login\">Download-Center<\/a><span style=\"font-size: revert\"> nach der Registrierung<\/span><\/li>\n\n\n\n<li><span style=\"font-size: revert\">Schulungen f\u00fcr den Core Cubic-S sind ab sofort verf\u00fcgbar bei unserer <\/span><a style=\"font-size: revert\" href=\"https:\/\/kawasakirobotics.com\/eu-africa\/customer-experience\/academy\/\">Kawasaki Robotics Akademie <\/a><\/li>\n\n\n\n<li>Bitte kontaktieren Sie unsere <a href=\"mailto:academy@kawasakirobotics.de\">Academy<\/a> direkt f\u00fcr einen Core Cubic-S Quick Guide<\/li>\n<\/ul>\n\n\n\n<p><\/p>\n\n\n\n<h2 class=\"wp-block-heading\">F0X und F60B Controller: Viele neue Features<\/h2>\n<\/div>\n\n\n\n<p>Neben dem vielseitigen neuen Core Cubic-S verf\u00fcgt unsere neueste Controllergeneration \u00fcber ein integriertes Visionsystem, das neue Teach Pendant der 2. Generation und erf\u00fcllt bereits die neue Norm ISO 10218. Der F0X Controller verbraucht deutlich weniger Energie und ist sowohl im Volumen als auch im Gewicht um mehr als 30 Prozent reduziert.<\/p>\n\n\n\n<div class=\"wp-block-buttons is-layout-flex wp-block-buttons-is-layout-flex\">\n<div class=\"wp-block-button\"><a class=\"wp-block-button__link wp-element-button\" href=\"mailto:marketing@kawasakirobotics.de\">Kontaktieren Sie uns bei Fragen<\/a><\/div>\n<\/div>\n\n\n\n<p><\/p>\n","protected":false},"excerpt":{"rendered":"<p>Bitte beachten Sie, dass alle F0x- und F60B-Steuerungen von Kawasaki Robotics standardm\u00e4\u00dfig mit unserem neuen Sicherheitssystem Core Cubic-S Lite ausgestattet sind, so dass Sie es sofort in Ihren Automatisierungsprojekten einsetzen k\u00f6nnen. Was m\u00fcssen Sie wissen? F0X- und F60B-Steuerungen: Viele neue Features Neben dem vielseitigen neuen Core Cubic-S verf\u00fcgt unsere j\u00fcngste Steuerungsgeneration \u00fcber ein integriertes Visionssystem und das neue Teach Pendant der 2. Generation, das bereits die neue Norm ISO 10218 erf\u00fcllt, deutlich weniger Energie verbraucht und in Volumen und Gewicht um mehr als 30 Prozent reduziert ist.<\/p>\n","protected":false},"author":26,"featured_media":0,"parent":0,"menu_order":0,"comment_status":"closed","ping_status":"closed","template":"","meta":{"ep_exclude_from_search":false,"footnotes":""},"class_list":["post-6573","page","type-page","status-publish","hentry"],"yoast_head":"<!-- This site is optimized with the Yoast SEO plugin v25.9 - https:\/\/yoast.com\/wordpress\/plugins\/seo\/ -->\n<title>Wichtige Kundeninformationen: Core Cubic-S Lite | Industrieroboter von Kawasaki Robotics<\/title>\n<meta name=\"description\" content=\"Kawasaki Heavy Industries | Wichtige Kundeninformationen: Core Cubic-S Lite\" \/>\n<meta name=\"robots\" content=\"index, follow, max-snippet:-1, max-image-preview:large, max-video-preview:-1\" \/>\n<link rel=\"canonical\" href=\"https:\/\/kawasakirobotics.com\/de\/corecubics\/\" \/>\n<meta property=\"og:locale\" content=\"de_DE\" \/>\n<meta property=\"og:type\" content=\"article\" \/>\n<meta property=\"og:title\" content=\"Wichtige Kundeninformationen: Core Cubic-S Lite | Industrieroboter von Kawasaki Robotics\" \/>\n<meta property=\"og:description\" content=\"Kawasaki Heavy Industries | Wichtige Kundeninformationen: Core Cubic-S Lite\" \/>\n<meta property=\"og:url\" content=\"https:\/\/kawasakirobotics.com\/de\/corecubics\/\" \/>\n<meta property=\"og:site_name\" content=\"Kawasaki Robotics\" \/>\n<meta property=\"article:modified_time\" content=\"2026-02-10T08:38:16+00:00\" \/>\n<meta property=\"og:image\" content=\"https:\/\/kawasakirobotics.com\/content\/themes\/krobot-theme\/src\/images\/default\/ogp.jpg\" \/>\n\t<meta property=\"og:image:width\" content=\"1200\" \/>\n\t<meta property=\"og:image:height\" content=\"630\" \/>\n\t<meta property=\"og:image:type\" content=\"image\/jpeg\" \/>\n<meta name=\"twitter:card\" content=\"summary_large_image\" \/>\n<script type=\"application\/ld+json\" class=\"yoast-schema-graph\">{\"@context\":\"https:\/\/schema.org\",\"@graph\":[{\"@type\":\"WebPage\",\"@id\":\"https:\/\/kawasakirobotics.com\/de\/corecubics\/\",\"url\":\"https:\/\/kawasakirobotics.com\/de\/corecubics\/\",\"name\":\"Wichtige Kundeninformationen: Core Cubic-S Lite | Industrieroboter von Kawasaki Robotics\",\"isPartOf\":{\"@id\":\"https:\/\/kawasakirobotics.com\/de\/#website\"},\"primaryImageOfPage\":{\"@id\":\"https:\/\/kawasakirobotics.com\/de\/corecubics\/#primaryimage\"},\"image\":{\"@id\":\"https:\/\/kawasakirobotics.com\/de\/corecubics\/#primaryimage\"},\"thumbnailUrl\":\"https:\/\/kawasakirobotics.com\/tachyon\/sites\/5\/2026\/02\/controller-new.jpg\",\"datePublished\":\"2026-02-06T13:51:34+00:00\",\"dateModified\":\"2026-02-10T08:38:16+00:00\",\"description\":\"Kawasaki Heavy Industries | Wichtige Kundeninformationen: Core Cubic-S Lite\",\"breadcrumb\":{\"@id\":\"https:\/\/kawasakirobotics.com\/de\/corecubics\/#breadcrumb\"},\"inLanguage\":\"de\",\"potentialAction\":[{\"@type\":\"ReadAction\",\"target\":[\"https:\/\/kawasakirobotics.com\/de\/corecubics\/\"]}]},{\"@type\":\"ImageObject\",\"inLanguage\":\"de\",\"@id\":\"https:\/\/kawasakirobotics.com\/de\/corecubics\/#primaryimage\",\"url\":\"https:\/\/kawasakirobotics.com\/tachyon\/sites\/5\/2026\/02\/controller-new.jpg\",\"contentUrl\":\"https:\/\/kawasakirobotics.com\/tachyon\/sites\/5\/2026\/02\/controller-new.jpg\"},{\"@type\":\"BreadcrumbList\",\"@id\":\"https:\/\/kawasakirobotics.com\/de\/corecubics\/#breadcrumb\",\"itemListElement\":[{\"@type\":\"ListItem\",\"position\":1,\"name\":\"Home\",\"item\":\"https:\/\/kawasakirobotics.com\/de\/\"},{\"@type\":\"ListItem\",\"position\":2,\"name\":\"Wichtige Kundeninformationen: Core Cubic-S Lite\"}]},{\"@type\":\"WebSite\",\"@id\":\"https:\/\/kawasakirobotics.com\/de\/#website\",\"url\":\"https:\/\/kawasakirobotics.com\/de\/\",\"name\":\"Kawasaki Robotics\",\"description\":\"\",\"publisher\":{\"@id\":\"https:\/\/kawasakirobotics.com\/de\/#organization\"},\"potentialAction\":[{\"@type\":\"SearchAction\",\"target\":{\"@type\":\"EntryPoint\",\"urlTemplate\":\"https:\/\/kawasakirobotics.com\/de\/?s={search_term_string}\"},\"query-input\":{\"@type\":\"PropertyValueSpecification\",\"valueRequired\":true,\"valueName\":\"search_term_string\"}}],\"inLanguage\":\"de\"},{\"@type\":\"Organization\",\"@id\":\"https:\/\/kawasakirobotics.com\/de\/#organization\",\"name\":\"\u5ddd\u5d0e\u91cd\u5de5\u696d\u30ed\u30dc\u30c3\u30c8\u30c7\u30a3\u30d3\u30b8\u30e7\u30f3\",\"url\":\"https:\/\/kawasakirobotics.com\/de\/\",\"logo\":{\"@type\":\"ImageObject\",\"inLanguage\":\"de\",\"@id\":\"https:\/\/kawasakirobotics.com\/de\/#\/schema\/logo\/image\/\",\"url\":\"\",\"contentUrl\":\"\",\"caption\":\"\u5ddd\u5d0e\u91cd\u5de5\u696d\u30ed\u30dc\u30c3\u30c8\u30c7\u30a3\u30d3\u30b8\u30e7\u30f3\"},\"image\":{\"@id\":\"https:\/\/kawasakirobotics.com\/de\/#\/schema\/logo\/image\/\"}}]}<\/script>\n<!-- \/ Yoast SEO plugin. -->","yoast_head_json":{"title":"Wichtige Kundeninformationen: Core Cubic-S Lite | Industrieroboter von Kawasaki Robotics","description":"Kawasaki Heavy Industries | Wichtige Kundeninformationen: Core Cubic-S Lite","robots":{"index":"index","follow":"follow","max-snippet":"max-snippet:-1","max-image-preview":"max-image-preview:large","max-video-preview":"max-video-preview:-1"},"canonical":"https:\/\/kawasakirobotics.com\/de\/corecubics\/","og_locale":"de_DE","og_type":"article","og_title":"Wichtige Kundeninformationen: Core Cubic-S Lite | Industrieroboter von Kawasaki Robotics","og_description":"Kawasaki Heavy Industries | Wichtige Kundeninformationen: Core Cubic-S Lite","og_url":"https:\/\/kawasakirobotics.com\/de\/corecubics\/","og_site_name":"Kawasaki Robotics","article_modified_time":"2026-02-10T08:38:16+00:00","og_image":[{"url":"https:\/\/kawasakirobotics.com\/content\/themes\/krobot-theme\/src\/images\/default\/ogp.jpg","width":"1200","height":"630","type":"image\/jpeg"}],"twitter_card":"summary_large_image","schema":{"@context":"https:\/\/schema.org","@graph":[{"@type":"WebPage","@id":"https:\/\/kawasakirobotics.com\/de\/corecubics\/","url":"https:\/\/kawasakirobotics.com\/de\/corecubics\/","name":"Wichtige Kundeninformationen: Core Cubic-S Lite | Industrieroboter von Kawasaki Robotics","isPartOf":{"@id":"https:\/\/kawasakirobotics.com\/de\/#website"},"primaryImageOfPage":{"@id":"https:\/\/kawasakirobotics.com\/de\/corecubics\/#primaryimage"},"image":{"@id":"https:\/\/kawasakirobotics.com\/de\/corecubics\/#primaryimage"},"thumbnailUrl":"https:\/\/kawasakirobotics.com\/tachyon\/sites\/5\/2026\/02\/controller-new.jpg","datePublished":"2026-02-06T13:51:34+00:00","dateModified":"2026-02-10T08:38:16+00:00","description":"Kawasaki Heavy Industries | Wichtige Kundeninformationen: Core Cubic-S Lite","breadcrumb":{"@id":"https:\/\/kawasakirobotics.com\/de\/corecubics\/#breadcrumb"},"inLanguage":"de","potentialAction":[{"@type":"ReadAction","target":["https:\/\/kawasakirobotics.com\/de\/corecubics\/"]}]},{"@type":"ImageObject","inLanguage":"de","@id":"https:\/\/kawasakirobotics.com\/de\/corecubics\/#primaryimage","url":"https:\/\/kawasakirobotics.com\/tachyon\/sites\/5\/2026\/02\/controller-new.jpg","contentUrl":"https:\/\/kawasakirobotics.com\/tachyon\/sites\/5\/2026\/02\/controller-new.jpg"},{"@type":"BreadcrumbList","@id":"https:\/\/kawasakirobotics.com\/de\/corecubics\/#breadcrumb","itemListElement":[{"@type":"ListItem","position":1,"name":"Home","item":"https:\/\/kawasakirobotics.com\/de\/"},{"@type":"ListItem","position":2,"name":"Wichtige Kundeninformationen: Core Cubic-S Lite"}]},{"@type":"WebSite","@id":"https:\/\/kawasakirobotics.com\/de\/#website","url":"https:\/\/kawasakirobotics.com\/de\/","name":"Kawasaki Robotics","description":"","publisher":{"@id":"https:\/\/kawasakirobotics.com\/de\/#organization"},"potentialAction":[{"@type":"SearchAction","target":{"@type":"EntryPoint","urlTemplate":"https:\/\/kawasakirobotics.com\/de\/?s={search_term_string}"},"query-input":{"@type":"PropertyValueSpecification","valueRequired":true,"valueName":"search_term_string"}}],"inLanguage":"de"},{"@type":"Organization","@id":"https:\/\/kawasakirobotics.com\/de\/#organization","name":"\u5ddd\u5d0e\u91cd\u5de5\u696d\u30ed\u30dc\u30c3\u30c8\u30c7\u30a3\u30d3\u30b8\u30e7\u30f3","url":"https:\/\/kawasakirobotics.com\/de\/","logo":{"@type":"ImageObject","inLanguage":"de","@id":"https:\/\/kawasakirobotics.com\/de\/#\/schema\/logo\/image\/","url":"","contentUrl":"","caption":"\u5ddd\u5d0e\u91cd\u5de5\u696d\u30ed\u30dc\u30c3\u30c8\u30c7\u30a3\u30d3\u30b8\u30e7\u30f3"},"image":{"@id":"https:\/\/kawasakirobotics.com\/de\/#\/schema\/logo\/image\/"}}]}},"_links":{"self":[{"href":"https:\/\/kawasakirobotics.com\/de\/wp-json\/wp\/v2\/pages\/6573","targetHints":{"allow":["GET"]}}],"collection":[{"href":"https:\/\/kawasakirobotics.com\/de\/wp-json\/wp\/v2\/pages"}],"about":[{"href":"https:\/\/kawasakirobotics.com\/de\/wp-json\/wp\/v2\/types\/page"}],"author":[{"embeddable":true,"href":"https:\/\/kawasakirobotics.com\/de\/wp-json\/wp\/v2\/users\/26"}],"replies":[{"embeddable":true,"href":"https:\/\/kawasakirobotics.com\/de\/wp-json\/wp\/v2\/comments?post=6573"}],"version-history":[{"count":3,"href":"https:\/\/kawasakirobotics.com\/de\/wp-json\/wp\/v2\/pages\/6573\/revisions"}],"predecessor-version":[{"id":6577,"href":"https:\/\/kawasakirobotics.com\/de\/wp-json\/wp\/v2\/pages\/6573\/revisions\/6577"}],"wp:attachment":[{"href":"https:\/\/kawasakirobotics.com\/de\/wp-json\/wp\/v2\/media?parent=6573"}],"curies":[{"name":"wp","href":"https:\/\/api.w.org\/{rel}","templated":true}]}}