{"id":66,"date":"2022-01-19T18:03:38","date_gmt":"2022-01-19T17:03:38","guid":{"rendered":"urn:uuid:b3ba1a24-3436-4a59-ba2e-102be34c8555"},"modified":"2025-07-03T14:04:21","modified_gmt":"2025-07-03T13:04:21","slug":"k-addon-join","status":"publish","type":"page","link":"https:\/\/kawasakirobotics.com\/de\/k-addon-join\/","title":{"rendered":"K-AddOn beitreten"},"content":{"rendered":"\n<h2 class=\"wp-block-heading\">Was ist K-AddOn?<\/h2>\n\n\n\n<p class=\"has-text-align-left\">K-AddOn dient als Plattform f\u00fcr Hersteller von Peripherieger\u00e4ten, um ihren Vertriebskanal zu erweitern, die Produktpr\u00e4senz zu erh\u00f6hen und Produkte mit Kawasaki Robotics zu entwickeln. So werden validierte Peripheriel\u00f6sungen f\u00fcr Roboterintegratoren und Endanwender auf Knopfdruck verf\u00fcgbar.<\/p>\n\n\n\n<figure class=\"wp-block-image aligncenter size-large\"><img decoding=\"async\" src=\"https:\/\/kawasakirobotics.com\/tachyon\/2022\/03\/K-AddOn_merit_en.png\" alt=\"\" class=\"wp-image-4829\" \/><\/figure>\n\n\n\n<h2 class=\"wp-block-heading\">Vorteile einer Partnerschaft mit Kawasaki Robotics K-AddOn<\/h2>\n\n\n\n<div class=\"wp-block-columns are-vertically-aligned-top is-layout-flex wp-container-core-columns-is-layout-28f84493 wp-block-columns-is-layout-flex\">\n<div class=\"wp-block-column is-vertically-aligned-top is-layout-flow wp-block-column-is-layout-flow\">\n<h3 class=\"wp-block-heading\">Erh\u00f6hen Sie die Sichtbarkeit von Unternehmen und Produkten<\/h3>\n<\/div>\n\n\n\n<div class=\"wp-block-column is-vertically-aligned-top is-layout-flow wp-block-column-is-layout-flow\">\n<ul class=\"wp-block-list\">\n<li>Pr\u00e4sentation gemeinsamer Produkt-\/Anwendungsl\u00f6sungen<\/li>\n\n\n\n<li>F\u00f6rderung der K-AddOn-Zertifizierung, -L\u00f6sungen und -Partnerschaft<\/li>\n<\/ul>\n<\/div>\n<\/div>\n\n\n\n<div class=\"wp-block-columns are-vertically-aligned-top is-layout-flex wp-container-core-columns-is-layout-28f84493 wp-block-columns-is-layout-flex\">\n<div class=\"wp-block-column is-vertically-aligned-top is-layout-flow wp-block-column-is-layout-flow\">\n<h3 class=\"wp-block-heading\">Erweitern Sie Ihre Vertriebskan\u00e4le<\/h3>\n<\/div>\n\n\n\n<div class=\"wp-block-column is-vertically-aligned-top is-layout-flow wp-block-column-is-layout-flow\">\n<ul class=\"wp-block-list\">\n<li>Generierung von Kontakten<\/li>\n\n\n\n<li>Vertriebsaktivit\u00e4ten abstimmen<\/li>\n<\/ul>\n<\/div>\n<\/div>\n\n\n\n<div class=\"wp-block-columns are-vertically-aligned-top is-layout-flex wp-container-core-columns-is-layout-28f84493 wp-block-columns-is-layout-flex\">\n<div class=\"wp-block-column is-vertically-aligned-top is-layout-flow wp-block-column-is-layout-flow\">\n<h3 class=\"wp-block-heading\">Unterst\u00fctzung bei der Produktentwicklung<\/h3>\n<\/div>\n\n\n\n<div class=\"wp-block-column is-vertically-aligned-top is-layout-flow wp-block-column-is-layout-flow\">\n<ul class=\"wp-block-list\">\n<li>Verbreiten Sie Informationen \u00fcber die Roboterschnittstelle<\/li>\n\n\n\n<li>Beantwortung von Anfragen<\/li>\n<\/ul>\n<\/div>\n<\/div>\n\n\n\n<p>* Wir bieten individuelle Unterst\u00fctzung in den oben genannten Bereichen entsprechend den Bed\u00fcrfnissen jedes Ger\u00e4teherstellers.<br>Es gibt keine Einschr\u00e4nkungen f\u00fcr den Verkauf und Vertrieb von Produkten.<\/p>\n\n\n\n<div style=\"height:50px\" aria-hidden=\"true\" class=\"wp-block-spacer\"><\/div>\n\n\n\n<h2 class=\"wp-block-heading\">Schritte zur Registrierung als K-AddOn-Produkt<\/h2>\n\n\n\n<h5 class=\"wp-block-heading\"> Schritt 1\uff1a<\/h5>\n\n\n\n<p>\u00dcberpr\u00fcfen Sie die ver\u00f6ffentlichten Schnittstelleninformationen der Kawasaki-Roboter auf Kompatibilit\u00e4t mit den Ger\u00e4ten.<\/p>\n\n\n\n<h5 class=\"wp-block-heading\">Schritt 2\uff1a<\/h5>\n\n\n\n<p>Melden Sie sich an, indem Sie auf die Schaltfl\u00e4che &#8222;Join K-AddOn&#8220; klicken. Ein Kawasaki-Mitarbeiter wird sich dann mit Ihnen in Verbindung setzen.<\/p>\n\n\n\n<h5 class=\"wp-block-heading\">Schritt 3\uff1a<\/h5>\n\n\n\n<p>Detaillierte Informationen \u00fcber die Anmeldung und das K-AddOn-Programm erhalten Sie w\u00e4hrend eines Webmeetings.<\/p>\n\n\n\n<h5 class=\"wp-block-heading\">Schritt4\uff1a<\/h5>\n\n\n\n<p>Bewerten Sie die Konnektivit\u00e4t und Kompatibilit\u00e4t Ihres Produkts anhand der von Kawasaki bereitgestellten Schnittstellendaten.<\/p>\n\n\n\n<h5 class=\"wp-block-heading\">Schritt5\uff1a<\/h5>\n\n\n\n<p>Nach &lt;Schritt4&gt; pr\u00fcfen beide Seiten die Kompatibilit\u00e4t, gefolgt von Verbindungstests beim Produkt-\/Ger\u00e4tehersteller.<\/p>\n\n\n\n<h5 class=\"wp-block-heading\">Schritt6\uff1a<\/h5>\n\n\n\n<p>Kawasaki f\u00fchrt eine Bewertung durch, um die Kompatibilit\u00e4t zu bescheinigen.<\/p>\n\n\n\n<h5 class=\"wp-block-heading\">Schritt 7\uff1a<\/h5>\n\n\n\n<p>Werden Sie ein K-AddON zertifizierter Partner<\/p>\n\n\n\n<h5 class=\"wp-block-heading\">Schritt8\uff1a<\/h5>\n\n\n\n<p>Ihr Produkt wird auf unserer Website gelistet.<\/p>\n\n\n\n<div style=\"height:50px\" aria-hidden=\"true\" class=\"wp-block-spacer\"><\/div>\n\n\n\n<h2 class=\"wp-block-heading\">Informationen zu Kawasaki-Roboterschnittstellen<\/h2>\n\n\n\n<p>Wir bieten Details zu Kawasaki-Roboterschnittstellen.<br>Bitte klicken Sie auf den untenstehenden Link, um die gew\u00fcnschten Informationen zu finden.<\/p>\n\n\n\n<div class=\"wp-block-columns is-layout-flex wp-container-core-columns-is-layout-28f84493 wp-block-columns-is-layout-flex\">\n<div class=\"wp-block-column is-vertically-aligned-bottom is-layout-flow wp-block-column-is-layout-flow\">\n<figure class=\"wp-block-image size-full\"><a href=\"https:\/\/kawasakirobotics.com\/br\/robots-category\/small-medium-payloads\/\" target=\"_blank\" rel=\"noopener\"><img loading=\"lazy\" decoding=\"async\" width=\"200\" height=\"120\" src=\"https:\/\/kawasakirobotics.com\/tachyon\/sites\/3\/2022\/02\/k-addon_2.png\" alt=\"K-AddOn03\" class=\"wp-image-1825\" \/><\/a><figcaption class=\"wp-element-caption\">RS-Reihe<\/figcaption><\/figure>\n\n\n\n<figure class=\"wp-block-image size-large\"><a href=\"https:\/\/kawasakirobotics.com\/robots-category\/small-medium-payloads\/\" target=\"_blank\" rel=\"noopener\"><img decoding=\"async\" src=\"https:\/\/kawasakirobotics.com\/tachyon\/sites\/4\/2022\/02\/K-AddOn_IFbanner_en.png\" alt=\"\" class=\"wp-image-3406\" \/><\/a><\/figure>\n<\/div>\n\n\n\n<div class=\"wp-block-column is-vertically-aligned-bottom is-layout-flow wp-block-column-is-layout-flow\">\n<figure class=\"wp-block-image size-full\"><a href=\"https:\/\/kawasakirobotics.com\/br\/controllers-category\/e-controllers\/\" target=\"_blank\" rel=\"noopener\"><img loading=\"lazy\" decoding=\"async\" width=\"200\" height=\"104\" src=\"https:\/\/kawasakirobotics.com\/tachyon\/sites\/3\/2022\/02\/k-addon_3.png\" alt=\"K-AddOn04\" class=\"wp-image-1826\" \/><\/a><figcaption class=\"wp-element-caption\">E-Steuerungen<\/figcaption><\/figure>\n\n\n\n<figure class=\"wp-block-image size-large\"><a href=\"https:\/\/kawasakirobotics.com\/controllers-category\/e-controllers\/\" target=\"_blank\" rel=\"noopener\"><img decoding=\"async\" src=\"https:\/\/kawasakirobotics.com\/tachyon\/sites\/4\/2022\/02\/K-AddOn_IFbanner_en.png\" alt=\"\" class=\"wp-image-3406\" \/><\/a><\/figure>\n<\/div>\n\n\n\n<div class=\"wp-block-column is-vertically-aligned-bottom is-layout-flow wp-block-column-is-layout-flow\">\n<figure class=\"wp-block-image size-full\"><a href=\"https:\/\/kawasakirobotics.com\/br\/products-controllers\/f60\/\" target=\"_blank\" rel=\"noopener\"><img loading=\"lazy\" decoding=\"async\" width=\"200\" height=\"104\" src=\"https:\/\/kawasakirobotics.com\/tachyon\/sites\/3\/2022\/02\/k-addon_4.png\" alt=\"K-AddOn05\" class=\"wp-image-1827\" \/><\/a><figcaption class=\"wp-element-caption\">F60-Steuerung<\/figcaption><\/figure>\n\n\n\n<figure class=\"wp-block-image size-large\"><a href=\"https:\/\/kawasakirobotics.com\/products-controllers\/f60\/\" target=\"_blank\" rel=\"noopener\"><img decoding=\"async\" src=\"https:\/\/kawasakirobotics.com\/tachyon\/sites\/4\/2022\/02\/K-AddOn_IFbanner_en.png\" alt=\"\" class=\"wp-image-3406\" \/><\/a><\/figure>\n<\/div>\n\n\n\n<div class=\"wp-block-column is-vertically-aligned-bottom is-layout-flow wp-block-column-is-layout-flow\">\n<figure class=\"wp-block-image size-full\"><a href=\"https:\/\/kawasakirobotics.com\/br\/robots-category\/dual-arm-scara\/\" target=\"_blank\" rel=\"noopener\"><img loading=\"lazy\" decoding=\"async\" width=\"200\" height=\"124\" src=\"https:\/\/kawasakirobotics.com\/tachyon\/sites\/3\/2022\/02\/k-addon_5.png\" alt=\"K-AddOn06\" class=\"wp-image-1828\" \/><\/a><figcaption class=\"wp-element-caption\">duAro1\/2<br>(F61-Steuerung)<\/figcaption><\/figure>\n\n\n\n<figure class=\"wp-block-image size-large\"><a href=\"https:\/\/kawasakirobotics.com\/robots-category\/dual-arm-scara\/\" target=\"_blank\" rel=\"noopener\"><img decoding=\"async\" src=\"https:\/\/kawasakirobotics.com\/tachyon\/sites\/4\/2022\/02\/K-AddOn_IFbanner_en.png\" alt=\"\" class=\"wp-image-3406\" \/><\/a><\/figure>\n<\/div>\n<\/div>\n\n\n\n<div style=\"height:50px\" aria-hidden=\"true\" class=\"wp-block-spacer\"><\/div>\n\n\n\n<div class=\"wp-block-group alignwide krobot-pattern-partner-link is-layout-flow wp-block-group-is-layout-flow\">\n<div class=\"wp-block-columns krobot-pattern-partner-link__inner is-layout-flex wp-container-core-columns-is-layout-28f84493 wp-block-columns-is-layout-flex\">\n<div class=\"wp-block-column is-layout-flow wp-block-column-is-layout-flow\">\n<h1 class=\"wp-block-heading\">Werden Sie Mitglied im K-AddOn Partnernetzwerk<\/h1>\n\n\n\n<p>Starten Sie noch heute den Bewerbungsprozess und werden Sie K-AddOn Partner<\/p>\n<\/div>\n\n\n\n<div class=\"wp-block-column is-layout-flow wp-block-column-is-layout-flow\">\n<div class=\"wp-block-buttons krobot-pattern-partner-link__link is-layout-flex wp-block-buttons-is-layout-flex\">\n<div class=\"wp-block-button\"><a class=\"wp-block-button__link wp-element-button\" href=\"https:\/\/kawasaki-corporate.spiral-site.com\/K_AddOn_asia\">K-AddOn beitreten<\/a><\/div>\n<\/div>\n<\/div>\n<\/div>\n<\/div>\n","protected":false},"excerpt":{"rendered":"<p>Was ist K-AddOn? K-AddOn dient als Plattform f\u00fcr Hersteller von Peripherieger\u00e4ten, um ihre Vertriebskan\u00e4le zu erweitern, die Produktpr\u00e4senz zu erh\u00f6hen und gemeinsam mit Kawasaki Robotics Produkte zu entwickeln. So werden validierte Peripheriel\u00f6sungen auf Knopfdruck f\u00fcr Roboterintegratoren und Endanwender verf\u00fcgbar. Vorteile, wenn Sie Kawasaki Robotics K-AddOn Partner werden Erh\u00f6hen Sie die Sichtbarkeit Ihres Unternehmens und Ihrer Produkte Pr\u00e4sentieren Sie gemeinsame Produkt-\/Anwendungsl\u00f6sungen F\u00f6rdern Sie die K-AddOn-Zertifizierung, -L\u00f6sungen und -Partnerschaft Erweitern Sie Ihre Vertriebskan\u00e4le Lead-Generierung Richten Sie Ihre Vertriebsaktivit\u00e4ten aus Erhalten Sie Unterst\u00fctzung bei der Produktentwicklung Verbreiten Sie Informationen \u00fcber Roboterschnittstellen Reagieren Sie auf Umfragen * Wir bieten personalisierte Unterst\u00fctzung in den oben genannten Bereichen je nach Ger\u00e4t [&hellip;].<\/p>\n","protected":false},"author":9,"featured_media":0,"parent":0,"menu_order":0,"comment_status":"closed","ping_status":"closed","template":"page-templates\/custom-title-with-background.php","meta":{"ep_exclude_from_search":false,"footnotes":""},"class_list":["post-66","page","type-page","status-publish","hentry"],"yoast_head":"<!-- This site is optimized with the Yoast SEO plugin v25.9 - https:\/\/yoast.com\/wordpress\/plugins\/seo\/ -->\n<title>K-AddOn beitreten | Industrieroboter von Kawasaki Robotics<\/title>\n<meta name=\"description\" content=\"Erh\u00f6hen Sie die Sichtbarkeit Ihrer Produkte mit K-AddOn! Werden Sie Partner und bieten Sie Robotik-Integratoren und Endanwendern benutzerfreundliche Ausr\u00fcstungsl\u00f6sungen an.\" \/>\n<meta name=\"robots\" content=\"index, follow, max-snippet:-1, max-image-preview:large, max-video-preview:-1\" \/>\n<link rel=\"canonical\" href=\"https:\/\/kawasakirobotics.com\/de\/k-addon-join\/\" \/>\n<meta property=\"og:locale\" content=\"de_DE\" \/>\n<meta property=\"og:type\" content=\"article\" \/>\n<meta property=\"og:title\" content=\"K-AddOn beitreten | Industrieroboter von Kawasaki Robotics\" \/>\n<meta property=\"og:description\" content=\"Erh\u00f6hen Sie die Sichtbarkeit Ihrer Produkte mit K-AddOn! Werden Sie Partner und bieten Sie Robotik-Integratoren und Endanwendern benutzerfreundliche Ausr\u00fcstungsl\u00f6sungen an.\" \/>\n<meta property=\"og:url\" content=\"https:\/\/kawasakirobotics.com\/de\/k-addon-join\/\" \/>\n<meta property=\"og:site_name\" content=\"Kawasaki Robotics\" \/>\n<meta property=\"article:modified_time\" content=\"2025-07-03T13:04:21+00:00\" \/>\n<meta property=\"og:image\" content=\"https:\/\/kawasakirobotics.com\/content\/themes\/krobot-theme\/src\/images\/default\/ogp.jpg\" \/>\n\t<meta property=\"og:image:width\" content=\"1200\" \/>\n\t<meta property=\"og:image:height\" content=\"630\" \/>\n\t<meta property=\"og:image:type\" content=\"image\/jpeg\" \/>\n<meta name=\"twitter:card\" content=\"summary_large_image\" \/>\n<script type=\"application\/ld+json\" class=\"yoast-schema-graph\">{\"@context\":\"https:\/\/schema.org\",\"@graph\":[{\"@type\":\"WebPage\",\"@id\":\"https:\/\/kawasakirobotics.com\/de\/k-addon-join\/\",\"url\":\"https:\/\/kawasakirobotics.com\/de\/k-addon-join\/\",\"name\":\"K-AddOn beitreten | Industrieroboter von Kawasaki Robotics\",\"isPartOf\":{\"@id\":\"https:\/\/kawasakirobotics.com\/de\/#website\"},\"primaryImageOfPage\":{\"@id\":\"https:\/\/kawasakirobotics.com\/de\/k-addon-join\/#primaryimage\"},\"image\":{\"@id\":\"https:\/\/kawasakirobotics.com\/de\/k-addon-join\/#primaryimage\"},\"thumbnailUrl\":\"https:\/\/kawasakirobotics.com\/tachyon\/2022\/03\/K-AddOn_merit_en.png\",\"datePublished\":\"2022-01-19T17:03:38+00:00\",\"dateModified\":\"2025-07-03T13:04:21+00:00\",\"description\":\"Erh\u00f6hen Sie die Sichtbarkeit Ihrer Produkte mit K-AddOn! Werden Sie Partner und bieten Sie Robotik-Integratoren und Endanwendern benutzerfreundliche Ausr\u00fcstungsl\u00f6sungen an.\",\"breadcrumb\":{\"@id\":\"https:\/\/kawasakirobotics.com\/de\/k-addon-join\/#breadcrumb\"},\"inLanguage\":\"de\",\"potentialAction\":[{\"@type\":\"ReadAction\",\"target\":[\"https:\/\/kawasakirobotics.com\/de\/k-addon-join\/\"]}]},{\"@type\":\"ImageObject\",\"inLanguage\":\"de\",\"@id\":\"https:\/\/kawasakirobotics.com\/de\/k-addon-join\/#primaryimage\",\"url\":\"https:\/\/kawasakirobotics.com\/tachyon\/2022\/03\/K-AddOn_merit_en.png\",\"contentUrl\":\"https:\/\/kawasakirobotics.com\/tachyon\/2022\/03\/K-AddOn_merit_en.png\"},{\"@type\":\"BreadcrumbList\",\"@id\":\"https:\/\/kawasakirobotics.com\/de\/k-addon-join\/#breadcrumb\",\"itemListElement\":[{\"@type\":\"ListItem\",\"position\":1,\"name\":\"Home\",\"item\":\"https:\/\/kawasakirobotics.com\/de\/\"},{\"@type\":\"ListItem\",\"position\":2,\"name\":\"K-AddOn beitreten\"}]},{\"@type\":\"WebSite\",\"@id\":\"https:\/\/kawasakirobotics.com\/de\/#website\",\"url\":\"https:\/\/kawasakirobotics.com\/de\/\",\"name\":\"Kawasaki Robotics\",\"description\":\"\",\"publisher\":{\"@id\":\"https:\/\/kawasakirobotics.com\/de\/#organization\"},\"potentialAction\":[{\"@type\":\"SearchAction\",\"target\":{\"@type\":\"EntryPoint\",\"urlTemplate\":\"https:\/\/kawasakirobotics.com\/de\/?s={search_term_string}\"},\"query-input\":{\"@type\":\"PropertyValueSpecification\",\"valueRequired\":true,\"valueName\":\"search_term_string\"}}],\"inLanguage\":\"de\"},{\"@type\":\"Organization\",\"@id\":\"https:\/\/kawasakirobotics.com\/de\/#organization\",\"name\":\"\u5ddd\u5d0e\u91cd\u5de5\u696d\u30ed\u30dc\u30c3\u30c8\u30c7\u30a3\u30d3\u30b8\u30e7\u30f3\",\"url\":\"https:\/\/kawasakirobotics.com\/de\/\",\"logo\":{\"@type\":\"ImageObject\",\"inLanguage\":\"de\",\"@id\":\"https:\/\/kawasakirobotics.com\/de\/#\/schema\/logo\/image\/\",\"url\":\"\",\"contentUrl\":\"\",\"caption\":\"\u5ddd\u5d0e\u91cd\u5de5\u696d\u30ed\u30dc\u30c3\u30c8\u30c7\u30a3\u30d3\u30b8\u30e7\u30f3\"},\"image\":{\"@id\":\"https:\/\/kawasakirobotics.com\/de\/#\/schema\/logo\/image\/\"}}]}<\/script>\n<!-- \/ Yoast SEO plugin. -->","yoast_head_json":{"title":"K-AddOn beitreten | Industrieroboter von Kawasaki Robotics","description":"Erh\u00f6hen Sie die Sichtbarkeit Ihrer Produkte mit K-AddOn! Werden Sie Partner und bieten Sie Robotik-Integratoren und Endanwendern benutzerfreundliche Ausr\u00fcstungsl\u00f6sungen an.","robots":{"index":"index","follow":"follow","max-snippet":"max-snippet:-1","max-image-preview":"max-image-preview:large","max-video-preview":"max-video-preview:-1"},"canonical":"https:\/\/kawasakirobotics.com\/de\/k-addon-join\/","og_locale":"de_DE","og_type":"article","og_title":"K-AddOn beitreten | Industrieroboter von Kawasaki Robotics","og_description":"Erh\u00f6hen Sie die Sichtbarkeit Ihrer Produkte mit K-AddOn! Werden Sie Partner und bieten Sie Robotik-Integratoren und Endanwendern benutzerfreundliche Ausr\u00fcstungsl\u00f6sungen an.","og_url":"https:\/\/kawasakirobotics.com\/de\/k-addon-join\/","og_site_name":"Kawasaki Robotics","article_modified_time":"2025-07-03T13:04:21+00:00","og_image":[{"url":"https:\/\/kawasakirobotics.com\/content\/themes\/krobot-theme\/src\/images\/default\/ogp.jpg","width":"1200","height":"630","type":"image\/jpeg"}],"twitter_card":"summary_large_image","schema":{"@context":"https:\/\/schema.org","@graph":[{"@type":"WebPage","@id":"https:\/\/kawasakirobotics.com\/de\/k-addon-join\/","url":"https:\/\/kawasakirobotics.com\/de\/k-addon-join\/","name":"K-AddOn beitreten | Industrieroboter von Kawasaki Robotics","isPartOf":{"@id":"https:\/\/kawasakirobotics.com\/de\/#website"},"primaryImageOfPage":{"@id":"https:\/\/kawasakirobotics.com\/de\/k-addon-join\/#primaryimage"},"image":{"@id":"https:\/\/kawasakirobotics.com\/de\/k-addon-join\/#primaryimage"},"thumbnailUrl":"https:\/\/kawasakirobotics.com\/tachyon\/2022\/03\/K-AddOn_merit_en.png","datePublished":"2022-01-19T17:03:38+00:00","dateModified":"2025-07-03T13:04:21+00:00","description":"Erh\u00f6hen Sie die Sichtbarkeit Ihrer Produkte mit K-AddOn! Werden Sie Partner und bieten Sie Robotik-Integratoren und Endanwendern benutzerfreundliche Ausr\u00fcstungsl\u00f6sungen an.","breadcrumb":{"@id":"https:\/\/kawasakirobotics.com\/de\/k-addon-join\/#breadcrumb"},"inLanguage":"de","potentialAction":[{"@type":"ReadAction","target":["https:\/\/kawasakirobotics.com\/de\/k-addon-join\/"]}]},{"@type":"ImageObject","inLanguage":"de","@id":"https:\/\/kawasakirobotics.com\/de\/k-addon-join\/#primaryimage","url":"https:\/\/kawasakirobotics.com\/tachyon\/2022\/03\/K-AddOn_merit_en.png","contentUrl":"https:\/\/kawasakirobotics.com\/tachyon\/2022\/03\/K-AddOn_merit_en.png"},{"@type":"BreadcrumbList","@id":"https:\/\/kawasakirobotics.com\/de\/k-addon-join\/#breadcrumb","itemListElement":[{"@type":"ListItem","position":1,"name":"Home","item":"https:\/\/kawasakirobotics.com\/de\/"},{"@type":"ListItem","position":2,"name":"K-AddOn beitreten"}]},{"@type":"WebSite","@id":"https:\/\/kawasakirobotics.com\/de\/#website","url":"https:\/\/kawasakirobotics.com\/de\/","name":"Kawasaki Robotics","description":"","publisher":{"@id":"https:\/\/kawasakirobotics.com\/de\/#organization"},"potentialAction":[{"@type":"SearchAction","target":{"@type":"EntryPoint","urlTemplate":"https:\/\/kawasakirobotics.com\/de\/?s={search_term_string}"},"query-input":{"@type":"PropertyValueSpecification","valueRequired":true,"valueName":"search_term_string"}}],"inLanguage":"de"},{"@type":"Organization","@id":"https:\/\/kawasakirobotics.com\/de\/#organization","name":"\u5ddd\u5d0e\u91cd\u5de5\u696d\u30ed\u30dc\u30c3\u30c8\u30c7\u30a3\u30d3\u30b8\u30e7\u30f3","url":"https:\/\/kawasakirobotics.com\/de\/","logo":{"@type":"ImageObject","inLanguage":"de","@id":"https:\/\/kawasakirobotics.com\/de\/#\/schema\/logo\/image\/","url":"","contentUrl":"","caption":"\u5ddd\u5d0e\u91cd\u5de5\u696d\u30ed\u30dc\u30c3\u30c8\u30c7\u30a3\u30d3\u30b8\u30e7\u30f3"},"image":{"@id":"https:\/\/kawasakirobotics.com\/de\/#\/schema\/logo\/image\/"}}]}},"_links":{"self":[{"href":"https:\/\/kawasakirobotics.com\/de\/wp-json\/wp\/v2\/pages\/66","targetHints":{"allow":["GET"]}}],"collection":[{"href":"https:\/\/kawasakirobotics.com\/de\/wp-json\/wp\/v2\/pages"}],"about":[{"href":"https:\/\/kawasakirobotics.com\/de\/wp-json\/wp\/v2\/types\/page"}],"author":[{"embeddable":true,"href":"https:\/\/kawasakirobotics.com\/de\/wp-json\/wp\/v2\/users\/9"}],"replies":[{"embeddable":true,"href":"https:\/\/kawasakirobotics.com\/de\/wp-json\/wp\/v2\/comments?post=66"}],"version-history":[{"count":8,"href":"https:\/\/kawasakirobotics.com\/de\/wp-json\/wp\/v2\/pages\/66\/revisions"}],"predecessor-version":[{"id":6292,"href":"https:\/\/kawasakirobotics.com\/de\/wp-json\/wp\/v2\/pages\/66\/revisions\/6292"}],"wp:attachment":[{"href":"https:\/\/kawasakirobotics.com\/de\/wp-json\/wp\/v2\/media?parent=66"}],"curies":[{"name":"wp","href":"https:\/\/api.w.org\/{rel}","templated":true}]}}